{"id":19369,"date":"2024-03-19T12:22:07","date_gmt":"2024-03-19T12:22:07","guid":{"rendered":"https:\/\/protectglobal.com\/product\/protect-multicard\/"},"modified":"2026-02-24T10:40:06","modified_gmt":"2026-02-24T10:40:06","slug":"protect-multicard","status":"publish","type":"product","link":"https:\/\/protectglobal.com\/it\/product\/protect-multicard\/","title":{"rendered":"PROTECT MultiCard\u2122"},"content":{"rendered":"\n\n<section class=\"content-toggle-block custom-block black py-5\" style=\"\">\n    <section class=\"py-xxl-5 py-5\">\n                <div class=\"switchable-content\">\n            <!-- Content option 1 -->\n                                                                <div class=\"content-option option-1 container\" aria-hidden=\"false\">\n                        <section class=\"row gap-lg-5\">\n                                                            <section class=\"column-1 col-12 col-lg mb-5 mb-lg-0\">\n                                    <blockquote class=\"mb-4 h2 font-white\"><h2>Aggiungi <span style=\"color: #3f75ff;\">diverse funzionalit\u00e0<\/span> al cannone nebbiogeno<\/h2>\n<\/blockquote>\n                                    <blockquote class=\"mb-5 fs-6 body-text font-white\"><p>PROTECT MultiCard\u2122 semplifica notevolmente la procedura di installazione per gli installatori di allarmi, con un notevole risparmio di tempo e di costi. Semplificando l&#8217;impostazione e la configurazione dei sistemi di sicurezza, riduce la complessit\u00e0 e migliora l&#8217;efficienza del cannone nebbiogeno combinando pi\u00f9 funzionalit\u00e0 in un&#8217;unica scheda. <\/p>\n<\/blockquote>\n                                    \n                                                                    <\/section>\n                                                                                            <section class=\"col-lg col-12 column-2 \">\n                                    <section class=\"accordion\">\n                                                                                    <div class=\"acc-item d-flex flex-column gap-3 pb-3 \">\n                                                <button class=\"acc-button w-100 text-start p-0 d-flex justify-content-between \">\n                                                    <h4 class=\"mb-0 fs-5\">Installazione semplice e veloce<\/h4>\n                                                    <svg class=\"acc-icon\" width=\"20\" height=\"20\" viewBox=\"0 0 20 20\" fill=\"none\" xmlns=\"http:\/\/www.w3.org\/2000\/svg\">\n                                                        <g clip-path=\"url(#clip0_2099_15870)\">\n                                                            <rect x=\"24.1421\" y=\"-2.28516\" width=\"5\" height=\"25\" transform=\"rotate(45 24.1421 -2.28516)\" fill=\"#DCDCDC\"\/>\n                                                            <rect x=\"-7.67773\" y=\"1.25\" width=\"5\" height=\"17.5\" transform=\"rotate(-45 -7.67773 1.25)\" fill=\"#DCDCDC\"\/>\n                                                        <\/g>\n                                                        <defs>\n                                                            <clipPath id=\"clip0_2099_15870\">\n                                                                <rect width=\"20\" height=\"20\" fill=\"white\" transform=\"translate(20) rotate(90)\"\/>\n                                                            <\/clipPath>\n                                                        <\/defs>\n                                                    <\/svg>\n                                                <\/button>\n                                                <div class=\"acc-content \" aria-hidden=\"true\">\n                                                    <blockquote class=\"body-text font-white\"><p>L&#8217;installazione del MultiCard\u2122 \u00e8 molto semplice, richiede poca conoscenza tecnica e si effettua in pochi minuti.<\/p>\n<p>&nbsp;<\/p>\n<p>Con la MulitCard\u2122 puoi aggiungere diverse funzionalit\u00e0 importanti al cannone nebbiogeno. Ad esempio, 9 segnali di uscita extra per un&#8217;identificazione precisa e separata dei segnali di uscita. E un input aggiuntivo affidabile e semplice con i pulsanti antipanico.<\/p>\n<\/blockquote>\n                                                <\/div>\n                                            <\/div>\n                                                                                    <div class=\"acc-item d-flex flex-column gap-3 pb-3 \">\n                                                <button class=\"acc-button w-100 text-start p-0 d-flex justify-content-between \">\n                                                    <h4 class=\"mb-0 fs-5\">Efficienza dei costi<\/h4>\n                                                    <svg class=\"acc-icon\" width=\"20\" height=\"20\" viewBox=\"0 0 20 20\" fill=\"none\" xmlns=\"http:\/\/www.w3.org\/2000\/svg\">\n                                                        <g clip-path=\"url(#clip0_2099_15870)\">\n                                                            <rect x=\"24.1421\" y=\"-2.28516\" width=\"5\" height=\"25\" transform=\"rotate(45 24.1421 -2.28516)\" fill=\"#DCDCDC\"\/>\n                                                            <rect x=\"-7.67773\" y=\"1.25\" width=\"5\" height=\"17.5\" transform=\"rotate(-45 -7.67773 1.25)\" fill=\"#DCDCDC\"\/>\n                                                        <\/g>\n                                                        <defs>\n                                                            <clipPath id=\"clip0_2099_15870\">\n                                                                <rect width=\"20\" height=\"20\" fill=\"white\" transform=\"translate(20) rotate(90)\"\/>\n                                                            <\/clipPath>\n                                                        <\/defs>\n                                                    <\/svg>\n                                                <\/button>\n                                                <div class=\"acc-content \" aria-hidden=\"true\">\n                                                    <blockquote class=\"body-text font-white\"><p>Il MultiCard\u2122 riduce significativamente il tempo necessario per la configurazione, con conseguente riduzione dei costi di manodopera per gli installatori. Ci\u00f2 significa riduzione delle interruzioni operative e dei costi di servizio per gli utenti finali, oltre che minori disagi e un&#8217;implementazione pi\u00f9 rapida dei loro sistemi di sicurezza.<\/p>\n<\/blockquote>\n                                                <\/div>\n                                            <\/div>\n                                                                            <\/section>\n                                <\/section>\n                                                    <\/section>\n                    <\/div>\n                                        <!-- Content option 2 -->\n                    <\/div>\n    <\/section>\n<\/section>\n\n\n\n\n\n\n\n    <div class=\"two-column-list-block white-bg custom-block p-3 py-5 p-3\" style=\"\">\n        <section class=\"list-columns-wrapper container \" data-aos=\"fade-in\">\n\n\t\t\t\t\t\t\t<div class=\"font-dark mb-4\"><h2>Informazioni importanti su <span style=\"color: #3f75ff;\">PROTECT MultiCard\u2122<\/span>:<\/h2>\n<\/div>\n\t\t\t\n\t\t\t<blockquote class=\"d-lg-flex flex-row-reverse justify-content-between\">\n\n                <div class=\"list-col-1\">\n                                                <ul class=\"m-0 p-0\">\n                                \n                                    <li class=\"font-dark check custom-list\"><p>Interruttore remoto per le situazioni di manutenzione. Elimina il rischio di un&#8217;erogazione involontaria di nebbia<\/p>\n<\/li>\n\n                                \n                                    <li class=\"font-dark check custom-list\"><p>Connettore USB nel caso in cui sia necessaria una modifica del software<\/p>\n<\/li>\n\n                                \n                                    <li class=\"font-dark check custom-list\"><p>La MultiCard\u2122 pu\u00f2 essere utilizzata in pochi secondi su tutti i modelli PROTECT\u2122 tranne Xtratus\u00ae<\/p>\n<\/li>\n\n                                                            <\/ul>\n                        \n\n                                    <\/div>\n                <div class=\"list-col-2\">\n                                                <ul class=\"m-0 p-0\">\n                                \n                                    <li class=\"font-dark check custom-list\"><p>Soluzione antifurto semplice, facile e affidabile (input del &#8220;pulsante antipanico&#8221;)<\/p>\n<\/li>\n\n                                \n                                    <li class=\"font-dark check custom-list\"><p>Definizione precisa delle varie condizioni di guasto e dei messaggi di servizio: Riesce a distinguere le varie segnalazioni di guasto. Permette al centro di controllo di risparmiare tempo e denaro nell&#8217;identificazione del guasto esatto<\/p>\n<\/li>\n\n                                \n                                    <li class=\"font-dark check custom-list\"><p>Pulsante specifico per il test ed il caricamento della pompa<\/p>\n<\/li>\n\n                                \n                                    <li class=\"font-dark check custom-list\"><p>Pulsante specifico per eliminare facilmente la nebbia prima della manutenzione (&#8220;modalit\u00e0 di blocco&#8221;)<\/p>\n<\/li>\n\n                                                            <\/ul>\n                        \n\n                                    <\/div>\n\n\n            <\/blockquote>\n\n        <\/section>\n    <\/div>\n\n\n","protected":false},"featured_media":8208,"template":"","meta":{"_acf_changed":true,"inline_featured_image":false},"product-category":[154],"class_list":["post-19369","product","type-product","status-publish","has-post-thumbnail","hentry","product-category-schede-di-espansione"],"acf":[],"yoast_head":"<!-- This site is optimized with the Yoast SEO Premium plugin v27.3 (Yoast SEO v27.3) - https:\/\/yoast.com\/product\/yoast-seo-premium-wordpress\/ -->\n<title>PROTECT MultiCard\u2122 - Funzionalit\u00e0 ampliate per Nebbiogeni<\/title>\n<meta name=\"description\" content=\"PROTECT MultiCard\u2122 riduce i tempi e i costi di installazione, migliorando l\u2019efficienza per utenti e installatori.\" \/>\n<meta name=\"robots\" content=\"index, follow, max-snippet:-1, max-image-preview:large, max-video-preview:-1\" \/>\n<link rel=\"canonical\" href=\"https:\/\/protectglobal.com\/it\/product\/protect-multicard\/\" \/>\n<meta property=\"og:locale\" content=\"it_IT\" \/>\n<meta property=\"og:type\" content=\"article\" \/>\n<meta property=\"og:title\" content=\"PROTECT MultiCard\u2122\" \/>\n<meta property=\"og:description\" content=\"PROTECT MultiCard\u2122 riduce i tempi e i costi di installazione, migliorando l\u2019efficienza per utenti e installatori.\" \/>\n<meta property=\"og:url\" content=\"https:\/\/protectglobal.com\/it\/product\/protect-multicard\/\" \/>\n<meta property=\"og:site_name\" content=\"Cannoni di nebbia PROTECT\u2122\" \/>\n<meta property=\"article:publisher\" content=\"https:\/\/www.facebook.com\/PROTECTFogCannon\/\" \/>\n<meta property=\"article:modified_time\" content=\"2026-02-24T10:40:06+00:00\" \/>\n<meta property=\"og:image\" content=\"https:\/\/protectglobal.com\/wp-content\/uploads\/2024\/03\/multicard.png\" \/>\n\t<meta property=\"og:image:width\" content=\"326\" \/>\n\t<meta property=\"og:image:height\" content=\"408\" \/>\n\t<meta property=\"og:image:type\" content=\"image\/png\" \/>\n<meta name=\"twitter:card\" content=\"summary_large_image\" \/>\n<meta name=\"twitter:site\" content=\"@PROTECTFOG\" \/>\n<meta name=\"twitter:label1\" content=\"Tempo di lettura stimato\" \/>\n\t<meta name=\"twitter:data1\" content=\"1 minuto\" \/>\n<script type=\"application\/ld+json\" class=\"yoast-schema-graph\">{\"@context\":\"https:\\\/\\\/schema.org\",\"@graph\":[{\"@type\":\"WebPage\",\"@id\":\"https:\\\/\\\/protectglobal.com\\\/it\\\/product\\\/protect-multicard\\\/\",\"url\":\"https:\\\/\\\/protectglobal.com\\\/it\\\/product\\\/protect-multicard\\\/\",\"name\":\"PROTECT MultiCard\u2122 - Funzionalit\u00e0 ampliate per Nebbiogeni\",\"isPartOf\":{\"@id\":\"https:\\\/\\\/protectglobal.com\\\/it\\\/#website\"},\"primaryImageOfPage\":{\"@id\":\"https:\\\/\\\/protectglobal.com\\\/it\\\/product\\\/protect-multicard\\\/#primaryimage\"},\"image\":{\"@id\":\"https:\\\/\\\/protectglobal.com\\\/it\\\/product\\\/protect-multicard\\\/#primaryimage\"},\"thumbnailUrl\":\"https:\\\/\\\/protectglobal.com\\\/wp-content\\\/uploads\\\/2024\\\/03\\\/multicard.png\",\"datePublished\":\"2024-03-19T12:22:07+00:00\",\"dateModified\":\"2026-02-24T10:40:06+00:00\",\"description\":\"PROTECT MultiCard\u2122 riduce i tempi e i costi di installazione, migliorando l\u2019efficienza per utenti e installatori.\",\"breadcrumb\":{\"@id\":\"https:\\\/\\\/protectglobal.com\\\/it\\\/product\\\/protect-multicard\\\/#breadcrumb\"},\"inLanguage\":\"it-IT\",\"potentialAction\":[{\"@type\":\"ReadAction\",\"target\":[\"https:\\\/\\\/protectglobal.com\\\/it\\\/product\\\/protect-multicard\\\/\"]}]},{\"@type\":\"ImageObject\",\"inLanguage\":\"it-IT\",\"@id\":\"https:\\\/\\\/protectglobal.com\\\/it\\\/product\\\/protect-multicard\\\/#primaryimage\",\"url\":\"https:\\\/\\\/protectglobal.com\\\/wp-content\\\/uploads\\\/2024\\\/03\\\/multicard.png\",\"contentUrl\":\"https:\\\/\\\/protectglobal.com\\\/wp-content\\\/uploads\\\/2024\\\/03\\\/multicard.png\",\"width\":326,\"height\":408,\"caption\":\"MultiCard\"},{\"@type\":\"BreadcrumbList\",\"@id\":\"https:\\\/\\\/protectglobal.com\\\/it\\\/product\\\/protect-multicard\\\/#breadcrumb\",\"itemListElement\":[{\"@type\":\"ListItem\",\"position\":1,\"name\":\"Hjem\",\"item\":\"https:\\\/\\\/protectglobal.com\\\/it\\\/\"},{\"@type\":\"ListItem\",\"position\":2,\"name\":\"PROTECT MultiCard\u2122\"}]},{\"@type\":\"WebSite\",\"@id\":\"https:\\\/\\\/protectglobal.com\\\/it\\\/#website\",\"url\":\"https:\\\/\\\/protectglobal.com\\\/it\\\/\",\"name\":\"PROTECT Fog Cannons\u2122\",\"description\":\"\",\"publisher\":{\"@id\":\"https:\\\/\\\/protectglobal.com\\\/it\\\/#organization\"},\"potentialAction\":[{\"@type\":\"SearchAction\",\"target\":{\"@type\":\"EntryPoint\",\"urlTemplate\":\"https:\\\/\\\/protectglobal.com\\\/it\\\/?s={search_term_string}\"},\"query-input\":{\"@type\":\"PropertyValueSpecification\",\"valueRequired\":true,\"valueName\":\"search_term_string\"}}],\"inLanguage\":\"it-IT\"},{\"@type\":\"Organization\",\"@id\":\"https:\\\/\\\/protectglobal.com\\\/it\\\/#organization\",\"name\":\"PROTECT Fog Cannons\u2122\",\"url\":\"https:\\\/\\\/protectglobal.com\\\/it\\\/\",\"logo\":{\"@type\":\"ImageObject\",\"inLanguage\":\"it-IT\",\"@id\":\"https:\\\/\\\/protectglobal.com\\\/it\\\/#\\\/schema\\\/logo\\\/image\\\/\",\"url\":\"https:\\\/\\\/protectglobal.com\\\/wp-content\\\/uploads\\\/2023\\\/10\\\/logo.svg\",\"contentUrl\":\"https:\\\/\\\/protectglobal.com\\\/wp-content\\\/uploads\\\/2023\\\/10\\\/logo.svg\",\"width\":90,\"height\":40,\"caption\":\"PROTECT Fog Cannons\u2122\"},\"image\":{\"@id\":\"https:\\\/\\\/protectglobal.com\\\/it\\\/#\\\/schema\\\/logo\\\/image\\\/\"},\"sameAs\":[\"https:\\\/\\\/www.facebook.com\\\/PROTECTFogCannon\\\/\",\"https:\\\/\\\/x.com\\\/PROTECTFOG\",\"https:\\\/\\\/www.linkedin.com\\\/company\\\/protect-a-s\\\/\",\"https:\\\/\\\/www.youtube.com\\\/user\\\/PROTECTFogCannon\"],\"description\":\"PROTECT\u2122 specializes in security fog solutions, protecting valuables in retail, banks, warehouses any many other industries across more than 50 countries. With over 175,000 fog cannons installed, our systems fill rooms with dense fog in seconds, deterring burglars and preventing theft. We focus on providing reliable, durable, and easy-to-install solutions for enhanced security and peace of mind.\",\"email\":\"info@protectglobal.com\",\"telephone\":\"+45 8672 1881\",\"legalName\":\"PROTECT A\\\/S\",\"foundingDate\":\"2000-09-28\",\"vatID\":\"25687272\",\"numberOfEmployees\":{\"@type\":\"QuantitativeValue\",\"minValue\":\"11\",\"maxValue\":\"50\"}}]}<\/script>\n<!-- \/ Yoast SEO Premium plugin. -->","yoast_head_json":{"title":"PROTECT MultiCard\u2122 - Funzionalit\u00e0 ampliate per Nebbiogeni","description":"PROTECT MultiCard\u2122 riduce i tempi e i costi di installazione, migliorando l\u2019efficienza per utenti e installatori.","robots":{"index":"index","follow":"follow","max-snippet":"max-snippet:-1","max-image-preview":"max-image-preview:large","max-video-preview":"max-video-preview:-1"},"canonical":"https:\/\/protectglobal.com\/it\/product\/protect-multicard\/","og_locale":"it_IT","og_type":"article","og_title":"PROTECT MultiCard\u2122","og_description":"PROTECT MultiCard\u2122 riduce i tempi e i costi di installazione, migliorando l\u2019efficienza per utenti e installatori.","og_url":"https:\/\/protectglobal.com\/it\/product\/protect-multicard\/","og_site_name":"Cannoni di nebbia PROTECT\u2122","article_publisher":"https:\/\/www.facebook.com\/PROTECTFogCannon\/","article_modified_time":"2026-02-24T10:40:06+00:00","og_image":[{"width":326,"height":408,"url":"https:\/\/protectglobal.com\/wp-content\/uploads\/2024\/03\/multicard.png","type":"image\/png"}],"twitter_card":"summary_large_image","twitter_site":"@PROTECTFOG","twitter_misc":{"Tempo di lettura stimato":"1 minuto"},"schema":{"@context":"https:\/\/schema.org","@graph":[{"@type":"WebPage","@id":"https:\/\/protectglobal.com\/it\/product\/protect-multicard\/","url":"https:\/\/protectglobal.com\/it\/product\/protect-multicard\/","name":"PROTECT MultiCard\u2122 - Funzionalit\u00e0 ampliate per Nebbiogeni","isPartOf":{"@id":"https:\/\/protectglobal.com\/it\/#website"},"primaryImageOfPage":{"@id":"https:\/\/protectglobal.com\/it\/product\/protect-multicard\/#primaryimage"},"image":{"@id":"https:\/\/protectglobal.com\/it\/product\/protect-multicard\/#primaryimage"},"thumbnailUrl":"https:\/\/protectglobal.com\/wp-content\/uploads\/2024\/03\/multicard.png","datePublished":"2024-03-19T12:22:07+00:00","dateModified":"2026-02-24T10:40:06+00:00","description":"PROTECT MultiCard\u2122 riduce i tempi e i costi di installazione, migliorando l\u2019efficienza per utenti e installatori.","breadcrumb":{"@id":"https:\/\/protectglobal.com\/it\/product\/protect-multicard\/#breadcrumb"},"inLanguage":"it-IT","potentialAction":[{"@type":"ReadAction","target":["https:\/\/protectglobal.com\/it\/product\/protect-multicard\/"]}]},{"@type":"ImageObject","inLanguage":"it-IT","@id":"https:\/\/protectglobal.com\/it\/product\/protect-multicard\/#primaryimage","url":"https:\/\/protectglobal.com\/wp-content\/uploads\/2024\/03\/multicard.png","contentUrl":"https:\/\/protectglobal.com\/wp-content\/uploads\/2024\/03\/multicard.png","width":326,"height":408,"caption":"MultiCard"},{"@type":"BreadcrumbList","@id":"https:\/\/protectglobal.com\/it\/product\/protect-multicard\/#breadcrumb","itemListElement":[{"@type":"ListItem","position":1,"name":"Hjem","item":"https:\/\/protectglobal.com\/it\/"},{"@type":"ListItem","position":2,"name":"PROTECT MultiCard\u2122"}]},{"@type":"WebSite","@id":"https:\/\/protectglobal.com\/it\/#website","url":"https:\/\/protectglobal.com\/it\/","name":"PROTECT Fog Cannons\u2122","description":"","publisher":{"@id":"https:\/\/protectglobal.com\/it\/#organization"},"potentialAction":[{"@type":"SearchAction","target":{"@type":"EntryPoint","urlTemplate":"https:\/\/protectglobal.com\/it\/?s={search_term_string}"},"query-input":{"@type":"PropertyValueSpecification","valueRequired":true,"valueName":"search_term_string"}}],"inLanguage":"it-IT"},{"@type":"Organization","@id":"https:\/\/protectglobal.com\/it\/#organization","name":"PROTECT Fog Cannons\u2122","url":"https:\/\/protectglobal.com\/it\/","logo":{"@type":"ImageObject","inLanguage":"it-IT","@id":"https:\/\/protectglobal.com\/it\/#\/schema\/logo\/image\/","url":"https:\/\/protectglobal.com\/wp-content\/uploads\/2023\/10\/logo.svg","contentUrl":"https:\/\/protectglobal.com\/wp-content\/uploads\/2023\/10\/logo.svg","width":90,"height":40,"caption":"PROTECT Fog Cannons\u2122"},"image":{"@id":"https:\/\/protectglobal.com\/it\/#\/schema\/logo\/image\/"},"sameAs":["https:\/\/www.facebook.com\/PROTECTFogCannon\/","https:\/\/x.com\/PROTECTFOG","https:\/\/www.linkedin.com\/company\/protect-a-s\/","https:\/\/www.youtube.com\/user\/PROTECTFogCannon"],"description":"PROTECT\u2122 specializes in security fog solutions, protecting valuables in retail, banks, warehouses any many other industries across more than 50 countries. With over 175,000 fog cannons installed, our systems fill rooms with dense fog in seconds, deterring burglars and preventing theft. We focus on providing reliable, durable, and easy-to-install solutions for enhanced security and peace of mind.","email":"info@protectglobal.com","telephone":"+45 8672 1881","legalName":"PROTECT A\/S","foundingDate":"2000-09-28","vatID":"25687272","numberOfEmployees":{"@type":"QuantitativeValue","minValue":"11","maxValue":"50"}}]}},"_links":{"self":[{"href":"https:\/\/protectglobal.com\/it\/wp-json\/wp\/v2\/product\/19369","targetHints":{"allow":["GET"]}}],"collection":[{"href":"https:\/\/protectglobal.com\/it\/wp-json\/wp\/v2\/product"}],"about":[{"href":"https:\/\/protectglobal.com\/it\/wp-json\/wp\/v2\/types\/product"}],"wp:featuredmedia":[{"embeddable":true,"href":"https:\/\/protectglobal.com\/it\/wp-json\/wp\/v2\/media\/8208"}],"wp:attachment":[{"href":"https:\/\/protectglobal.com\/it\/wp-json\/wp\/v2\/media?parent=19369"}],"wp:term":[{"taxonomy":"product-category","embeddable":true,"href":"https:\/\/protectglobal.com\/it\/wp-json\/wp\/v2\/product-category?post=19369"}],"curies":[{"name":"wp","href":"https:\/\/api.w.org\/{rel}","templated":true}]}}