{"id":19334,"date":"2024-03-19T10:56:32","date_gmt":"2024-03-19T10:56:32","guid":{"rendered":"https:\/\/protectglobal.com\/product\/protect-qumulus-fluid-bag\/"},"modified":"2025-02-25T10:49:27","modified_gmt":"2025-02-25T10:49:27","slug":"fluido-protect-qumulus","status":"publish","type":"product","link":"https:\/\/protectglobal.com\/it\/product\/fluido-protect-qumulus\/","title":{"rendered":"Fluido PROTECT QUMULUS\u00ae"},"content":{"rendered":"\n\n<section class=\"content-toggle-block custom-block black py-5\" style=\"\">\n    <section class=\"py-xxl-5 py-5\">\n                <div class=\"switchable-content\">\n            <!-- Content option 1 -->\n                                                                <div class=\"content-option option-1 container\" aria-hidden=\"false\">\n                        <section class=\"row gap-lg-5\">\n                                                            <section class=\"column-1 col-12 col-lg mb-5 mb-lg-0\">\n                                    <blockquote class=\"mb-4 h2 font-white\"><h2><span style=\"color: #3f75ff;\">PROTECT QUMULUS\u00ae<\/span> Fluido<\/h2>\n<p>&nbsp;<\/p>\n<\/blockquote>\n                                    <blockquote class=\"mb-5 fs-6 body-text font-white\"><p>Il Fluido PROTECT QUMULUS\u00ae produce una nebbia densa, secca e bianca che assomiglia molto al fumo ma \u00e8 del tutto innocua, fornendo un potente deterrente contro gli intrusi e garantendo la sicurezza di persone e oggetti di valore.<\/p>\n<\/blockquote>\n                                    \n                                                                    <\/section>\n                                                                                            <section class=\"col-lg col-12 column-2 \">\n                                    <section class=\"accordion\">\n                                                                                    <div class=\"acc-item d-flex flex-column gap-3 pb-3 \">\n                                                <button class=\"acc-button w-100 text-start p-0 d-flex justify-content-between \">\n                                                    <h4 class=\"mb-0 fs-5\">Oscuramento effettivo della visibilit\u00e0<\/h4>\n                                                    <svg class=\"acc-icon\" width=\"20\" height=\"20\" viewBox=\"0 0 20 20\" fill=\"none\" xmlns=\"http:\/\/www.w3.org\/2000\/svg\">\n                                                        <g clip-path=\"url(#clip0_2099_15870)\">\n                                                            <rect x=\"24.1421\" y=\"-2.28516\" width=\"5\" height=\"25\" transform=\"rotate(45 24.1421 -2.28516)\" fill=\"#DCDCDC\"\/>\n                                                            <rect x=\"-7.67773\" y=\"1.25\" width=\"5\" height=\"17.5\" transform=\"rotate(-45 -7.67773 1.25)\" fill=\"#DCDCDC\"\/>\n                                                        <\/g>\n                                                        <defs>\n                                                            <clipPath id=\"clip0_2099_15870\">\n                                                                <rect width=\"20\" height=\"20\" fill=\"white\" transform=\"translate(20) rotate(90)\"\/>\n                                                            <\/clipPath>\n                                                        <\/defs>\n                                                    <\/svg>\n                                                <\/button>\n                                                <div class=\"acc-content \" aria-hidden=\"true\">\n                                                    <blockquote class=\"body-text font-white\"><p>Questo fluido nebbiogeno tecnologicamente avanzato rimane in sospensione nell&#8217;ambiente fino a un&#8217;ora, oscurando la visibilit\u00e0 e ostacolando efficacemente le attivit\u00e0 criminali. Dopo l&#8217;attivazione della nebbia, si consiglia di ventilare l&#8217;area per almeno 20 minuti per garantire una qualit\u00e0 dell&#8217;aria ottimale e il ripristino della visibilit\u00e0.<\/p>\n<\/blockquote>\n                                                <\/div>\n                                            <\/div>\n                                                                                    <div class=\"acc-item d-flex flex-column gap-3 pb-3 \">\n                                                <button class=\"acc-button w-100 text-start p-0 d-flex justify-content-between \">\n                                                    <h4 class=\"mb-0 fs-5\">Sostituzione semplice<\/h4>\n                                                    <svg class=\"acc-icon\" width=\"20\" height=\"20\" viewBox=\"0 0 20 20\" fill=\"none\" xmlns=\"http:\/\/www.w3.org\/2000\/svg\">\n                                                        <g clip-path=\"url(#clip0_2099_15870)\">\n                                                            <rect x=\"24.1421\" y=\"-2.28516\" width=\"5\" height=\"25\" transform=\"rotate(45 24.1421 -2.28516)\" fill=\"#DCDCDC\"\/>\n                                                            <rect x=\"-7.67773\" y=\"1.25\" width=\"5\" height=\"17.5\" transform=\"rotate(-45 -7.67773 1.25)\" fill=\"#DCDCDC\"\/>\n                                                        <\/g>\n                                                        <defs>\n                                                            <clipPath id=\"clip0_2099_15870\">\n                                                                <rect width=\"20\" height=\"20\" fill=\"white\" transform=\"translate(20) rotate(90)\"\/>\n                                                            <\/clipPath>\n                                                        <\/defs>\n                                                    <\/svg>\n                                                <\/button>\n                                                <div class=\"acc-content \" aria-hidden=\"true\">\n                                                    <blockquote class=\"body-text font-white\"><p>La sostituzione del sacchetto di fluido QUMULUS\u00ae \u00e8 stata progettata per essere facile da effettuare, consentendo agli utenti finali di effettuare le sostituzioni senza dover ricorrere a strumenti speciali o rischiare fuoriuscite. Questa funzione di facile utilizzo enfatizza la convenienza e garantisce la prontezza costante del cannone nebbiogeno migliorando cos\u00ec le misure di sicurezza.<\/p>\n<\/blockquote>\n                                                <\/div>\n                                            <\/div>\n                                                                            <\/section>\n                                <\/section>\n                                                    <\/section>\n                    <\/div>\n                                        <!-- Content option 2 -->\n                    <\/div>\n    <\/section>\n<\/section>\n\n\n\n\n\n\n\n    <div class=\"two-column-list-block white-bg custom-block p-3 py-5 p-3\" style=\"\">\n        <section class=\"list-columns-wrapper container \" data-aos=\"fade-in\">\n\n\t\t\t\t\t\t\t<div class=\"font-dark mb-4\"><h2>Informazioni importanti sul <span style=\"color: #3f75ff;\">Fluido PROTECT QUMULUS\u00ae<\/span>:<\/h2>\n<\/div>\n\t\t\t\n\t\t\t<blockquote class=\"d-lg-flex flex-row-reverse justify-content-between\">\n\n                <div class=\"list-col-1\">\n                                                <ul class=\"m-0 p-0\">\n                                \n                                    <li class=\"font-dark check custom-list\"><p>Approvato da laboratori e istituti di analisi di tutto il mondo<\/p>\n<\/li>\n\n                                \n                                    <li class=\"font-dark check custom-list\"><p>Il sacchetto non contiene propellenti o sostanze chimiche pericolose. E&#8217; classificato come rifiuto residuo<\/p>\n<\/li>\n\n                                \n                                    <li class=\"font-dark exclaim custom-list\"><p>*\u00c8 sempre necessario eseguire una prova di accensione e di valutazione dell&#8217;impianto in rapporto al calcolo dei metri cubi<\/p>\n<\/li>\n\n                                                            <\/ul>\n                        \n\n                                    <\/div>\n                <div class=\"list-col-2\">\n                                                <ul class=\"m-0 p-0\">\n                                \n                                    <li class=\"font-dark check custom-list\"><p>\u00c8 facile e veloce sostituire la sacca del fluido senza versare nemmeno una goccia<\/p>\n<\/li>\n\n                                \n                                    <li class=\"font-dark check custom-list\"><p>Contiene 400 ml di liquido nebulizzante, sufficiente per 4 scariche<\/p>\n<\/li>\n\n                                \n                                    <li class=\"font-dark check custom-list\"><p>L&#8217;installatore dell&#8217;allarme ti informer\u00e0 quando il livello del fluido \u00e8 basso, oppure il cannone nebbiogeno emetter\u00e0 un segnale acustico e lampegger\u00e0 (o entrambi)<\/p>\n<\/li>\n\n                                \n                                    <li class=\"font-dark check custom-list\"><p>Il fluido PROTECT QUMULUS\u00ae contiene acqua e glicole. \u00c8 innocuo per l&#8217;uomo e per gli animali e non danneggia i componenti elettronici e le apparecchiature<\/p>\n<\/li>\n\n                                                            <\/ul>\n                        \n\n                                    <\/div>\n\n\n            <\/blockquote>\n\n        <\/section>\n    <\/div>\n\n\n\n\n    <section class=\"product-image-slider-block overflow-hidden custom-block py-5 grey\" style=\"\">\n\t\t<div class=\"container py-xxl-5\" data-aos=\"fade-in\">\n\t\t\t<p class=\"section-label\">GALLERIA DEL PRODOTTO<\/p>\n\t\t\t<div class=\"d-md-flex justify-content-between mb-4\">\n\t\t\t\t<blockquote class=\"heading-wrapper w-100\">\n\t\t\t\t\t<h2 class=\"h2\"><h2>Fluido PROTECT QUMULUS\u00ae<\/h2>\n<\/h2>\n\t\t\t\t<\/blockquote>\n\t\t\t\t<blockquote class=\"w-100\">\n\t\t\t\t\t<div class=\"body-text\"><p>Il sacchetto di Fluido PROTECT QUMULUS\u00ae \u00e8 facile e veloce da sostituire e garantisce una facile manipolazione.<\/p>\n<\/div>\n\t\t\t\t<\/blockquote>\n\t\t\t<\/div>\n\t\t\t\t\t\t\t<div class=\"image-slider color-option\">\n\t\t\t\t\t\t\t\t\t\t\t<figure class=\"me-3\">\n\t\t\t\t\t\t\t<img decoding=\"async\" class=\"prod-img\" src=\"https:\/\/protectglobal.com\/wp-content\/uploads\/2024\/03\/fluidchange3-1-1024x681.jpg\" alt=\"qumulus fluid change\">\n\t\t\t\t\t\t\t<img decoding=\"async\" class=\"prod-img hidden\" src=\"\" alt=\"\">\n\t\t\t\t\t\t<\/figure>\n\t\t\t\t\t\t\t\t\t\t\t<figure class=\"me-3\">\n\t\t\t\t\t\t\t<img decoding=\"async\" class=\"prod-img\" src=\"https:\/\/protectglobal.com\/wp-content\/uploads\/2024\/03\/fluidchange6-1-1024x682.jpg\" alt=\"qumulus fluid bag\">\n\t\t\t\t\t\t\t<img decoding=\"async\" class=\"prod-img hidden\" src=\"\" alt=\"\">\n\t\t\t\t\t\t<\/figure>\n\t\t\t\t\t\t\t\t\t\t\t<figure class=\"me-3\">\n\t\t\t\t\t\t\t<img decoding=\"async\" class=\"prod-img\" src=\"https:\/\/protectglobal.com\/wp-content\/uploads\/2024\/03\/fluidchange13-1-1024x682.jpg\" alt=\"qumulus fluid bag\">\n\t\t\t\t\t\t\t<img decoding=\"async\" class=\"prod-img hidden\" src=\"\" alt=\"\">\n\t\t\t\t\t\t<\/figure>\n\t\t\t\t\t\t\t\t\t<\/div>\n\t\t\t\n\t\t\t<div class=\"navigation-dots-image gap-3 d-lg-none justify-content-center d-flex\"><\/div>\n\t\t\t<div class=\"d-flex justify-content-between align-items-center mt-4\">\n\t\t\t\t<div class=\"toggle-container mb-5 d-none\">\n\t\t\t\t\t<input type=\"checkbox\" id=\"toggle-color\" class=\"checkbox-color\" \/>\n\t\t\t\t\t<label for=\"toggle-color\" class=\"switch-color\" data-on=\"on\" data-off=\"off\"><\/label>\n\t\t\t\t\t\t\t\t\t\t\t\t\t<span class=\"a-text color-mode\">White<\/span>\n\t\t\t\t\t\t\t<span class=\"b-text color-mode\">Black<\/span>\n\t\t\t\t\t\t\n\t\t\t\t<\/div>\n\t\t\t\t<div class=\"navigation-arrows-image gap-3 d-none d-md-flex w-100 justify-content-end\"><\/div>\n\t\t\t<\/div>\n        <\/div>\n    <\/section>\n\n\n\n\n\n\n    <div class=\"text-media-block custom-block white py-5\" style=\"\">\n        <div data-aos=\"fade-in\" class=\"container py-xxl-5\">           \n            <blockquote class=\"content row space-between mb-4\">\t\n\n                \n                <div class=\"d-lg-flex justify-content-between media-text-content\">\n                                            <blockqoute class=\"heading h2 mb-4\"><h2>Guarda la nebbia del <span style=\"color: #3f75ff;\">Fluido PROTECT QUMULUS\u00ae<\/span> in una abitazione privata<\/h2>\n<\/blockqoute>\n                                                                <div class=\"col-sm body-text\"><p>La nebbia del fluido PROTECT QUMULUS\u00ae si diffonde efficacemente in tutto il soggiorno, rendendo impossibile orientarsi nella stanza.<\/p>\n<\/div>\n                                    <\/div>              \n            <\/blockquote>\n        <div>\n                                        \n                        <div class=\"video\">\n                            \n                            <video class=\"video-player d-block rounder w-100 object-fit-cover\" controls poster=\"\">\n                                <source class=\"media-img\" src=\"https:\/\/protectglobal.com\/wp-content\/uploads\/2023\/11\/domestic_qumulus_demo_harlev_secured-in-seconds.mov\" type=\"video\/mp4\">\n                            <\/video>\n                            <button aria-label=\"Play video\" class=\"d-none d-sm-block play-video p-2 d-flex justify-content-center align-items-center\">\n                                <svg width=\"24\" height=\"24\" viewBox=\"0 0 16 16\" fill=\"none\" xmlns=\"http:\/\/www.w3.org\/2000\/svg\">\n                                    <g clip-path=\"url(#clip0_985_29265)\">\n                                        <rect x=\"1.44727\" y=\"0.457031\" width=\"2.66667\" height=\"13.3333\" transform=\"rotate(-45 1.44727 0.457031)\" fill=\"white\"\/>\n                                        <rect x=\"3.33203\" y=\"17.4277\" width=\"2.66667\" height=\"9.33333\" transform=\"rotate(-135 3.33203 17.4277)\" fill=\"white\"\/>\n                                    <\/g>\n                                    <defs>\n                                            <clipPath id=\"clip0_985_29265\">\n                                            <rect width=\"10.6667\" height=\"10.6667\" fill=\"white\" transform=\"translate(2.66602 2.66602)\"\/>\n                                            <\/clipPath>\n                                    <\/defs>\n                                <\/svg>\n                            <\/button>\n                        <\/div>\n                                       \n                <\/div>\n                \n            \n        <\/div>\n    <\/div>\n\n","protected":false},"featured_media":26963,"template":"","meta":{"_acf_changed":true,"inline_featured_image":false},"product-category":[157],"class_list":["post-19334","product","type-product","status-publish","has-post-thumbnail","hentry","product-category-contenitori-di-fluido"],"acf":[],"yoast_head":"<!-- This site is optimized with the Yoast SEO Premium plugin v27.2 (Yoast SEO v27.2) - https:\/\/yoast.com\/product\/yoast-seo-premium-wordpress\/ -->\n<title>Fluido PROTECT QUMULUS\u00ae - XTRA+ Fluido Nebbiogeno<\/title>\n<meta name=\"description\" content=\"Il fluido QUMULUS\u00ae si trasforma in una nebbia secca, densa e bianca. \u00c8 completamente innocuo e molto efficace contro i criminali.\" \/>\n<meta name=\"robots\" content=\"index, follow, max-snippet:-1, max-image-preview:large, max-video-preview:-1\" \/>\n<link rel=\"canonical\" href=\"https:\/\/protectglobal.com\/it\/product\/fluido-protect-qumulus\/\" \/>\n<meta property=\"og:locale\" content=\"it_IT\" \/>\n<meta property=\"og:type\" content=\"article\" \/>\n<meta property=\"og:title\" content=\"Fluido PROTECT QUMULUS\u00ae\" \/>\n<meta property=\"og:description\" content=\"Il fluido QUMULUS\u00ae si trasforma in una nebbia secca, densa e bianca. \u00c8 completamente innocuo e molto efficace contro i criminali.\" \/>\n<meta property=\"og:url\" content=\"https:\/\/protectglobal.com\/it\/product\/fluido-protect-qumulus\/\" \/>\n<meta property=\"og:site_name\" content=\"Cannoni di nebbia PROTECT\u2122\" \/>\n<meta property=\"article:publisher\" content=\"https:\/\/www.facebook.com\/PROTECTFogCannon\/\" \/>\n<meta property=\"article:modified_time\" content=\"2025-02-25T10:49:27+00:00\" \/>\n<meta property=\"og:image\" content=\"https:\/\/protectglobal.com\/wp-content\/uploads\/2024\/03\/qumulus-fluid.png\" \/>\n\t<meta property=\"og:image:width\" content=\"326\" \/>\n\t<meta property=\"og:image:height\" content=\"408\" \/>\n\t<meta property=\"og:image:type\" content=\"image\/png\" \/>\n<meta name=\"twitter:card\" content=\"summary_large_image\" \/>\n<meta name=\"twitter:site\" content=\"@PROTECTFOG\" \/>\n<meta name=\"twitter:label1\" content=\"Tempo di lettura stimato\" \/>\n\t<meta name=\"twitter:data1\" content=\"1 minuto\" \/>\n<script type=\"application\/ld+json\" class=\"yoast-schema-graph\">{\"@context\":\"https:\/\/schema.org\",\"@graph\":[{\"@type\":\"WebPage\",\"@id\":\"https:\/\/protectglobal.com\/it\/product\/fluido-protect-qumulus\/\",\"url\":\"https:\/\/protectglobal.com\/it\/product\/fluido-protect-qumulus\/\",\"name\":\"Fluido PROTECT QUMULUS\u00ae - XTRA+ Fluido Nebbiogeno\",\"isPartOf\":{\"@id\":\"https:\/\/protectglobal.com\/it\/#website\"},\"primaryImageOfPage\":{\"@id\":\"https:\/\/protectglobal.com\/it\/product\/fluido-protect-qumulus\/#primaryimage\"},\"image\":{\"@id\":\"https:\/\/protectglobal.com\/it\/product\/fluido-protect-qumulus\/#primaryimage\"},\"thumbnailUrl\":\"https:\/\/protectglobal.com\/wp-content\/uploads\/2024\/03\/qumulus-fluid-1.png\",\"datePublished\":\"2024-03-19T10:56:32+00:00\",\"dateModified\":\"2025-02-25T10:49:27+00:00\",\"description\":\"Il fluido QUMULUS\u00ae si trasforma in una nebbia secca, densa e bianca. \u00c8 completamente innocuo e molto efficace contro i criminali.\",\"breadcrumb\":{\"@id\":\"https:\/\/protectglobal.com\/it\/product\/fluido-protect-qumulus\/#breadcrumb\"},\"inLanguage\":\"it-IT\",\"potentialAction\":[{\"@type\":\"ReadAction\",\"target\":[\"https:\/\/protectglobal.com\/it\/product\/fluido-protect-qumulus\/\"]}]},{\"@type\":\"ImageObject\",\"inLanguage\":\"it-IT\",\"@id\":\"https:\/\/protectglobal.com\/it\/product\/fluido-protect-qumulus\/#primaryimage\",\"url\":\"https:\/\/protectglobal.com\/wp-content\/uploads\/2024\/03\/qumulus-fluid-1.png\",\"contentUrl\":\"https:\/\/protectglobal.com\/wp-content\/uploads\/2024\/03\/qumulus-fluid-1.png\",\"width\":326,\"height\":408},{\"@type\":\"BreadcrumbList\",\"@id\":\"https:\/\/protectglobal.com\/it\/product\/fluido-protect-qumulus\/#breadcrumb\",\"itemListElement\":[{\"@type\":\"ListItem\",\"position\":1,\"name\":\"Hjem\",\"item\":\"https:\/\/protectglobal.com\/it\/\"},{\"@type\":\"ListItem\",\"position\":2,\"name\":\"Fluido PROTECT QUMULUS\u00ae\"}]},{\"@type\":\"WebSite\",\"@id\":\"https:\/\/protectglobal.com\/it\/#website\",\"url\":\"https:\/\/protectglobal.com\/it\/\",\"name\":\"PROTECT Fog Cannons\u2122\",\"description\":\"\",\"publisher\":{\"@id\":\"https:\/\/protectglobal.com\/it\/#organization\"},\"potentialAction\":[{\"@type\":\"SearchAction\",\"target\":{\"@type\":\"EntryPoint\",\"urlTemplate\":\"https:\/\/protectglobal.com\/it\/?s={search_term_string}\"},\"query-input\":{\"@type\":\"PropertyValueSpecification\",\"valueRequired\":true,\"valueName\":\"search_term_string\"}}],\"inLanguage\":\"it-IT\"},{\"@type\":\"Organization\",\"@id\":\"https:\/\/protectglobal.com\/it\/#organization\",\"name\":\"PROTECT Fog Cannons\u2122\",\"url\":\"https:\/\/protectglobal.com\/it\/\",\"logo\":{\"@type\":\"ImageObject\",\"inLanguage\":\"it-IT\",\"@id\":\"https:\/\/protectglobal.com\/it\/#\/schema\/logo\/image\/\",\"url\":\"https:\/\/protectglobal.com\/wp-content\/uploads\/2023\/10\/logo.svg\",\"contentUrl\":\"https:\/\/protectglobal.com\/wp-content\/uploads\/2023\/10\/logo.svg\",\"width\":90,\"height\":40,\"caption\":\"PROTECT Fog Cannons\u2122\"},\"image\":{\"@id\":\"https:\/\/protectglobal.com\/it\/#\/schema\/logo\/image\/\"},\"sameAs\":[\"https:\/\/www.facebook.com\/PROTECTFogCannon\/\",\"https:\/\/x.com\/PROTECTFOG\",\"https:\/\/www.linkedin.com\/company\/protect-a-s\/\",\"https:\/\/www.youtube.com\/user\/PROTECTFogCannon\"],\"description\":\"PROTECT\u2122 specializes in security fog solutions, protecting valuables in retail, banks, warehouses any many other industries across more than 50 countries. With over 175,000 fog cannons installed, our systems fill rooms with dense fog in seconds, deterring burglars and preventing theft. We focus on providing reliable, durable, and easy-to-install solutions for enhanced security and peace of mind.\",\"email\":\"info@protectglobal.com\",\"telephone\":\"+45 8672 1881\",\"legalName\":\"PROTECT A\/S\",\"foundingDate\":\"2000-09-28\",\"vatID\":\"25687272\",\"numberOfEmployees\":{\"@type\":\"QuantitativeValue\",\"minValue\":\"11\",\"maxValue\":\"50\"}}]}<\/script>\n<!-- \/ Yoast SEO Premium plugin. -->","yoast_head_json":{"title":"Fluido PROTECT QUMULUS\u00ae - XTRA+ Fluido Nebbiogeno","description":"Il fluido QUMULUS\u00ae si trasforma in una nebbia secca, densa e bianca. \u00c8 completamente innocuo e molto efficace contro i criminali.","robots":{"index":"index","follow":"follow","max-snippet":"max-snippet:-1","max-image-preview":"max-image-preview:large","max-video-preview":"max-video-preview:-1"},"canonical":"https:\/\/protectglobal.com\/it\/product\/fluido-protect-qumulus\/","og_locale":"it_IT","og_type":"article","og_title":"Fluido PROTECT QUMULUS\u00ae","og_description":"Il fluido QUMULUS\u00ae si trasforma in una nebbia secca, densa e bianca. \u00c8 completamente innocuo e molto efficace contro i criminali.","og_url":"https:\/\/protectglobal.com\/it\/product\/fluido-protect-qumulus\/","og_site_name":"Cannoni di nebbia PROTECT\u2122","article_publisher":"https:\/\/www.facebook.com\/PROTECTFogCannon\/","article_modified_time":"2025-02-25T10:49:27+00:00","og_image":[{"width":326,"height":408,"url":"https:\/\/protectglobal.com\/wp-content\/uploads\/2024\/03\/qumulus-fluid.png","type":"image\/png"}],"twitter_card":"summary_large_image","twitter_site":"@PROTECTFOG","twitter_misc":{"Tempo di lettura stimato":"1 minuto"},"schema":{"@context":"https:\/\/schema.org","@graph":[{"@type":"WebPage","@id":"https:\/\/protectglobal.com\/it\/product\/fluido-protect-qumulus\/","url":"https:\/\/protectglobal.com\/it\/product\/fluido-protect-qumulus\/","name":"Fluido PROTECT QUMULUS\u00ae - XTRA+ Fluido Nebbiogeno","isPartOf":{"@id":"https:\/\/protectglobal.com\/it\/#website"},"primaryImageOfPage":{"@id":"https:\/\/protectglobal.com\/it\/product\/fluido-protect-qumulus\/#primaryimage"},"image":{"@id":"https:\/\/protectglobal.com\/it\/product\/fluido-protect-qumulus\/#primaryimage"},"thumbnailUrl":"https:\/\/protectglobal.com\/wp-content\/uploads\/2024\/03\/qumulus-fluid-1.png","datePublished":"2024-03-19T10:56:32+00:00","dateModified":"2025-02-25T10:49:27+00:00","description":"Il fluido QUMULUS\u00ae si trasforma in una nebbia secca, densa e bianca. \u00c8 completamente innocuo e molto efficace contro i criminali.","breadcrumb":{"@id":"https:\/\/protectglobal.com\/it\/product\/fluido-protect-qumulus\/#breadcrumb"},"inLanguage":"it-IT","potentialAction":[{"@type":"ReadAction","target":["https:\/\/protectglobal.com\/it\/product\/fluido-protect-qumulus\/"]}]},{"@type":"ImageObject","inLanguage":"it-IT","@id":"https:\/\/protectglobal.com\/it\/product\/fluido-protect-qumulus\/#primaryimage","url":"https:\/\/protectglobal.com\/wp-content\/uploads\/2024\/03\/qumulus-fluid-1.png","contentUrl":"https:\/\/protectglobal.com\/wp-content\/uploads\/2024\/03\/qumulus-fluid-1.png","width":326,"height":408},{"@type":"BreadcrumbList","@id":"https:\/\/protectglobal.com\/it\/product\/fluido-protect-qumulus\/#breadcrumb","itemListElement":[{"@type":"ListItem","position":1,"name":"Hjem","item":"https:\/\/protectglobal.com\/it\/"},{"@type":"ListItem","position":2,"name":"Fluido PROTECT QUMULUS\u00ae"}]},{"@type":"WebSite","@id":"https:\/\/protectglobal.com\/it\/#website","url":"https:\/\/protectglobal.com\/it\/","name":"PROTECT Fog Cannons\u2122","description":"","publisher":{"@id":"https:\/\/protectglobal.com\/it\/#organization"},"potentialAction":[{"@type":"SearchAction","target":{"@type":"EntryPoint","urlTemplate":"https:\/\/protectglobal.com\/it\/?s={search_term_string}"},"query-input":{"@type":"PropertyValueSpecification","valueRequired":true,"valueName":"search_term_string"}}],"inLanguage":"it-IT"},{"@type":"Organization","@id":"https:\/\/protectglobal.com\/it\/#organization","name":"PROTECT Fog Cannons\u2122","url":"https:\/\/protectglobal.com\/it\/","logo":{"@type":"ImageObject","inLanguage":"it-IT","@id":"https:\/\/protectglobal.com\/it\/#\/schema\/logo\/image\/","url":"https:\/\/protectglobal.com\/wp-content\/uploads\/2023\/10\/logo.svg","contentUrl":"https:\/\/protectglobal.com\/wp-content\/uploads\/2023\/10\/logo.svg","width":90,"height":40,"caption":"PROTECT Fog Cannons\u2122"},"image":{"@id":"https:\/\/protectglobal.com\/it\/#\/schema\/logo\/image\/"},"sameAs":["https:\/\/www.facebook.com\/PROTECTFogCannon\/","https:\/\/x.com\/PROTECTFOG","https:\/\/www.linkedin.com\/company\/protect-a-s\/","https:\/\/www.youtube.com\/user\/PROTECTFogCannon"],"description":"PROTECT\u2122 specializes in security fog solutions, protecting valuables in retail, banks, warehouses any many other industries across more than 50 countries. With over 175,000 fog cannons installed, our systems fill rooms with dense fog in seconds, deterring burglars and preventing theft. We focus on providing reliable, durable, and easy-to-install solutions for enhanced security and peace of mind.","email":"info@protectglobal.com","telephone":"+45 8672 1881","legalName":"PROTECT A\/S","foundingDate":"2000-09-28","vatID":"25687272","numberOfEmployees":{"@type":"QuantitativeValue","minValue":"11","maxValue":"50"}}]}},"_links":{"self":[{"href":"https:\/\/protectglobal.com\/it\/wp-json\/wp\/v2\/product\/19334","targetHints":{"allow":["GET"]}}],"collection":[{"href":"https:\/\/protectglobal.com\/it\/wp-json\/wp\/v2\/product"}],"about":[{"href":"https:\/\/protectglobal.com\/it\/wp-json\/wp\/v2\/types\/product"}],"wp:featuredmedia":[{"embeddable":true,"href":"https:\/\/protectglobal.com\/it\/wp-json\/wp\/v2\/media\/26963"}],"wp:attachment":[{"href":"https:\/\/protectglobal.com\/it\/wp-json\/wp\/v2\/media?parent=19334"}],"wp:term":[{"taxonomy":"product-category","embeddable":true,"href":"https:\/\/protectglobal.com\/it\/wp-json\/wp\/v2\/product-category?post=19334"}],"curies":[{"name":"wp","href":"https:\/\/api.w.org\/{rel}","templated":true}]}}