{"id":19332,"date":"2023-05-19T11:32:00","date_gmt":"2023-05-19T11:32:00","guid":{"rendered":"https:\/\/protectglobal.com\/product\/protect-2200i-fluid-container\/"},"modified":"2025-02-25T10:49:11","modified_gmt":"2025-02-25T10:49:11","slug":"fluido-nebbiogeno-xtra-3l","status":"publish","type":"product","link":"https:\/\/protectglobal.com\/it\/product\/fluido-nebbiogeno-xtra-3l\/","title":{"rendered":"Fluido nebbiogeno XTRA+ 3L"},"content":{"rendered":"\n\n<section class=\"content-toggle-block custom-block black py-5\" style=\"\">\n    <section class=\"py-xxl-5 py-5\">\n                <div class=\"switchable-content\">\n            <!-- Content option 1 -->\n                                                                <div class=\"content-option option-1 container\" aria-hidden=\"false\">\n                        <section class=\"row gap-lg-5\">\n                                                            <section class=\"column-1 col-12 col-lg mb-5 mb-lg-0\">\n                                    <blockquote class=\"mb-4 h2 font-white\"><h2><span style=\"color: #3f75ff;\">XTRA+ Fluido nebbiogeno<\/span> in robusti contenitori ricaricabili* per cannoni nebbiogeni 2200i\u2122<\/h2>\n<\/blockquote>\n                                    <blockquote class=\"mb-5 fs-6 body-text font-white\"><p>Il fluido nebbiogeno PROTECT\u2122 XTRA+ si trasforma in una nebbia densa, asciutta e bianca che assomiglia al fumo ma \u00e8 completamente atossica e altamente efficace per scoraggiare le attivit\u00e0 criminali. Il marchio XTRA+, per il suo tempo di sospensione prolungato fino a un&#8217;ora, garantisce una copertura di sicurezza prolungata negli spazi chiusi.<\/p>\n<\/blockquote>\n                                    \n                                                                    <\/section>\n                                                                                            <section class=\"col-lg col-12 column-2 \">\n                                    <section class=\"accordion\">\n                                                                                    <div class=\"acc-item d-flex flex-column gap-3 pb-3 \">\n                                                <button class=\"acc-button w-100 text-start p-0 d-flex justify-content-between \">\n                                                    <h4 class=\"mb-0 fs-5\">Ventilazione post-nebbia<\/h4>\n                                                    <svg class=\"acc-icon\" width=\"20\" height=\"20\" viewBox=\"0 0 20 20\" fill=\"none\" xmlns=\"http:\/\/www.w3.org\/2000\/svg\">\n                                                        <g clip-path=\"url(#clip0_2099_15870)\">\n                                                            <rect x=\"24.1421\" y=\"-2.28516\" width=\"5\" height=\"25\" transform=\"rotate(45 24.1421 -2.28516)\" fill=\"#DCDCDC\"\/>\n                                                            <rect x=\"-7.67773\" y=\"1.25\" width=\"5\" height=\"17.5\" transform=\"rotate(-45 -7.67773 1.25)\" fill=\"#DCDCDC\"\/>\n                                                        <\/g>\n                                                        <defs>\n                                                            <clipPath id=\"clip0_2099_15870\">\n                                                                <rect width=\"20\" height=\"20\" fill=\"white\" transform=\"translate(20) rotate(90)\"\/>\n                                                            <\/clipPath>\n                                                        <\/defs>\n                                                    <\/svg>\n                                                <\/button>\n                                                <div class=\"acc-content \" aria-hidden=\"true\">\n                                                    <blockquote class=\"body-text font-white\"><p>Dopo il rilascio della nebbia, si raccomanda di ventilare l&#8217;area per almeno 20 minuti entro la prima ora per ripristinare la qualit\u00e0 dell&#8217;aria e la visibilit\u00e0. Questa precauzione supporta le pratiche di sicurezza dopo l&#8217;attivazione della nebbia.<\/p>\n<\/blockquote>\n                                                <\/div>\n                                            <\/div>\n                                                                                    <div class=\"acc-item d-flex flex-column gap-3 pb-3 \">\n                                                <button class=\"acc-button w-100 text-start p-0 d-flex justify-content-between \">\n                                                    <h4 class=\"mb-0 fs-5\">Integrazione perfetta<\/h4>\n                                                    <svg class=\"acc-icon\" width=\"20\" height=\"20\" viewBox=\"0 0 20 20\" fill=\"none\" xmlns=\"http:\/\/www.w3.org\/2000\/svg\">\n                                                        <g clip-path=\"url(#clip0_2099_15870)\">\n                                                            <rect x=\"24.1421\" y=\"-2.28516\" width=\"5\" height=\"25\" transform=\"rotate(45 24.1421 -2.28516)\" fill=\"#DCDCDC\"\/>\n                                                            <rect x=\"-7.67773\" y=\"1.25\" width=\"5\" height=\"17.5\" transform=\"rotate(-45 -7.67773 1.25)\" fill=\"#DCDCDC\"\/>\n                                                        <\/g>\n                                                        <defs>\n                                                            <clipPath id=\"clip0_2099_15870\">\n                                                                <rect width=\"20\" height=\"20\" fill=\"white\" transform=\"translate(20) rotate(90)\"\/>\n                                                            <\/clipPath>\n                                                        <\/defs>\n                                                    <\/svg>\n                                                <\/button>\n                                                <div class=\"acc-content \" aria-hidden=\"true\">\n                                                    <blockquote class=\"body-text font-white\"><p>Progettato appositamente per essere utilizzato con il cannone nebbiogeno 2200i\u2122, questo robusto contenitore di fluidi garantisce un&#8217;integrazione perfetta e prestazioni affidabili, rafforzando il suo ruolo nelle soluzioni di sicurezza complete.<\/p>\n<\/blockquote>\n                                                <\/div>\n                                            <\/div>\n                                                                            <\/section>\n                                <\/section>\n                                                    <\/section>\n                    <\/div>\n                                        <!-- Content option 2 -->\n                    <\/div>\n    <\/section>\n<\/section>\n\n\n\n\n\n\n\n    <div class=\"two-column-list-block white-bg custom-block p-3 py-5 p-3\" style=\"\">\n        <section class=\"list-columns-wrapper container \" data-aos=\"fade-in\">\n\n\t\t\t\t\t\t\t<div class=\"font-dark mb-4\"><h2>Informazioni importanti sul <span style=\"color: #3f75ff;\">contenitore di fluido nebbiogeno PROTECT 2200i\u2122<\/span>:<\/h2>\n<\/div>\n\t\t\t\n\t\t\t<blockquote class=\"d-lg-flex flex-row-reverse justify-content-between\">\n\n                <div class=\"list-col-1\">\n                                                <ul class=\"m-0 p-0\">\n                                \n                                    <li class=\"font-dark check custom-list\"><p>L&#8217;installatore dell&#8217;allarme ti informer\u00e0 quando il livello del liquido \u00e8 basso, oppure il tuo cannone nebbiogeno emetter\u00e0 un segnale acustico e lampeggiante (o entrambi)<\/p>\n<\/li>\n\n                                \n                                    <li class=\"font-dark check custom-list\"><p>Approvato da laboratori e istituti di analisi di tutto il mondo<\/p>\n<\/li>\n\n                                \n                                    <li class=\"font-dark exclaim custom-list\"><p>*I contenitori di fluido per i cannoni nebbiogeni 600i\u2122, 1100i\u2122 e 2200i\u2122 sono riutilizzabili. In alcuni mercati sono disponibili contenitori ricaricati a prezzo ridotto. Contatta il tuo fornitore locale per maggiori informazioni<\/p>\n<\/li>\n\n                                                            <\/ul>\n                        \n\n                                    <\/div>\n                <div class=\"list-col-2\">\n                                                <ul class=\"m-0 p-0\">\n                                \n                                    <li class=\"font-dark check custom-list\"><p>Contiene 3 litri di fluido nebbiogeno. Fluido sufficiente per 5 scariche<\/p>\n<\/li>\n\n                                \n                                    <li class=\"font-dark check custom-list\"><p>XTRA+ contiene acqua e glicole. \u00c8 innocuo per l&#8217;uomo e per gli animali e non danneggia i componenti elettronici e le apparecchiature<\/p>\n<\/li>\n\n                                \n                                    <li class=\"font-dark check custom-list\"><p>Un installatore di allarmi autorizzato deve sostituire questo contenitore di liquido. \u00c8 facile e veloce da sostituire senza versare nemmeno una goccia<\/p>\n<\/li>\n\n                                                            <\/ul>\n                        \n\n                                    <\/div>\n\n\n            <\/blockquote>\n\n        <\/section>\n    <\/div>\n\n\n\n\n\n\n\n\n    <div class=\"text-media-block custom-block white py-5\" style=\"\">\n        <div data-aos=\"fade-in\" class=\"container py-xxl-5\">           \n            <blockquote class=\"content row space-between mb-4\">\t\n\n                \n                <div class=\"d-lg-flex justify-content-between media-text-content\">\n                                            <blockqoute class=\"heading h2 mb-4\"><h2>Guarda l&#8217;efficacia del <span style=\"color: #3f75ff;\">fluido PROTECT 2200i\u2122 <\/span><\/h2>\n<\/blockqoute>\n                                                                <div class=\"col-sm body-text\"><p>Guarda l&#8217;efficacia del fluido nebbiogeno PROTECT 2200i\u2122 e come oscura la visibilit\u00e0 in pochi secondi in un grande magazzino.<\/p>\n<\/div>\n                                    <\/div>              \n            <\/blockquote>\n        <div>\n                                        \n                        <div class=\"video\">\n                            \n                            <video class=\"video-player d-block rounder w-100 object-fit-cover\" controls poster=\"https:\/\/protectglobal.com\/wp-content\/uploads\/2024\/05\/tobacco-warehouse-1024x576.jpg\">\n                                <source class=\"media-img\" src=\"https:\/\/protectglobal.com\/wp-content\/uploads\/2024\/05\/cigarette_warehouse.mov\" type=\"video\/mp4\">\n                            <\/video>\n                            <button aria-label=\"Play video\" class=\"d-none d-sm-block play-video p-2 d-flex justify-content-center align-items-center\">\n                                <svg width=\"24\" height=\"24\" viewBox=\"0 0 16 16\" fill=\"none\" xmlns=\"http:\/\/www.w3.org\/2000\/svg\">\n                                    <g clip-path=\"url(#clip0_985_29265)\">\n                                        <rect x=\"1.44727\" y=\"0.457031\" width=\"2.66667\" height=\"13.3333\" transform=\"rotate(-45 1.44727 0.457031)\" fill=\"white\"\/>\n                                        <rect x=\"3.33203\" y=\"17.4277\" width=\"2.66667\" height=\"9.33333\" transform=\"rotate(-135 3.33203 17.4277)\" fill=\"white\"\/>\n                                    <\/g>\n                                    <defs>\n                                            <clipPath id=\"clip0_985_29265\">\n                                            <rect width=\"10.6667\" height=\"10.6667\" fill=\"white\" transform=\"translate(2.66602 2.66602)\"\/>\n                                            <\/clipPath>\n                                    <\/defs>\n                                <\/svg>\n                            <\/button>\n                        <\/div>\n                                       \n                <\/div>\n                \n            \n        <\/div>\n    <\/div>\n\n","protected":false},"featured_media":8110,"template":"","meta":{"_acf_changed":true,"inline_featured_image":false},"product-category":[157],"class_list":["post-19332","product","type-product","status-publish","has-post-thumbnail","hentry","product-category-contenitori-di-fluido"],"acf":[],"yoast_head":"<!-- This site is optimized with the Yoast SEO Premium plugin v27.3 (Yoast SEO v27.3) - https:\/\/yoast.com\/product\/yoast-seo-premium-wordpress\/ -->\n<title>PROTECT 2200i\u2122 contenitore fluido<\/title>\n<meta name=\"description\" content=\"Il fluido 2200i\u2122 si trasforma in una nebbia secca, densa e bianca. \u00c8 completamente innocuo e molto efficace contro i criminali.\" \/>\n<meta name=\"robots\" content=\"index, follow, max-snippet:-1, max-image-preview:large, max-video-preview:-1\" \/>\n<link rel=\"canonical\" href=\"https:\/\/protectglobal.com\/it\/product\/fluido-nebbiogeno-xtra-3l\/\" \/>\n<meta property=\"og:locale\" content=\"it_IT\" \/>\n<meta property=\"og:type\" content=\"article\" \/>\n<meta property=\"og:title\" content=\"Fluido nebbiogeno XTRA+ 3L\" \/>\n<meta property=\"og:description\" content=\"Il fluido 2200i\u2122 si trasforma in una nebbia secca, densa e bianca. \u00c8 completamente innocuo e molto efficace contro i criminali.\" \/>\n<meta property=\"og:url\" content=\"https:\/\/protectglobal.com\/it\/product\/fluido-nebbiogeno-xtra-3l\/\" \/>\n<meta property=\"og:site_name\" content=\"Cannoni di nebbia PROTECT\u2122\" \/>\n<meta property=\"article:publisher\" content=\"https:\/\/www.facebook.com\/PROTECTFogCannon\/\" \/>\n<meta property=\"article:modified_time\" content=\"2025-02-25T10:49:11+00:00\" \/>\n<meta property=\"og:image\" content=\"https:\/\/protectglobal.com\/wp-content\/uploads\/2024\/03\/2200i-fluid.png\" \/>\n\t<meta property=\"og:image:width\" content=\"326\" \/>\n\t<meta property=\"og:image:height\" content=\"408\" \/>\n\t<meta property=\"og:image:type\" content=\"image\/png\" \/>\n<meta name=\"twitter:card\" content=\"summary_large_image\" \/>\n<meta name=\"twitter:site\" content=\"@PROTECTFOG\" \/>\n<meta name=\"twitter:label1\" content=\"Tempo di lettura stimato\" \/>\n\t<meta name=\"twitter:data1\" content=\"1 minuto\" \/>\n<script type=\"application\/ld+json\" class=\"yoast-schema-graph\">{\"@context\":\"https:\\\/\\\/schema.org\",\"@graph\":[{\"@type\":\"WebPage\",\"@id\":\"https:\\\/\\\/protectglobal.com\\\/it\\\/product\\\/fluido-nebbiogeno-xtra-3l\\\/\",\"url\":\"https:\\\/\\\/protectglobal.com\\\/it\\\/product\\\/fluido-nebbiogeno-xtra-3l\\\/\",\"name\":\"PROTECT 2200i\u2122 contenitore fluido\",\"isPartOf\":{\"@id\":\"https:\\\/\\\/protectglobal.com\\\/it\\\/#website\"},\"primaryImageOfPage\":{\"@id\":\"https:\\\/\\\/protectglobal.com\\\/it\\\/product\\\/fluido-nebbiogeno-xtra-3l\\\/#primaryimage\"},\"image\":{\"@id\":\"https:\\\/\\\/protectglobal.com\\\/it\\\/product\\\/fluido-nebbiogeno-xtra-3l\\\/#primaryimage\"},\"thumbnailUrl\":\"https:\\\/\\\/protectglobal.com\\\/wp-content\\\/uploads\\\/2024\\\/03\\\/2200i-fluid.png\",\"datePublished\":\"2023-05-19T11:32:00+00:00\",\"dateModified\":\"2025-02-25T10:49:11+00:00\",\"description\":\"Il fluido 2200i\u2122 si trasforma in una nebbia secca, densa e bianca. \u00c8 completamente innocuo e molto efficace contro i criminali.\",\"breadcrumb\":{\"@id\":\"https:\\\/\\\/protectglobal.com\\\/it\\\/product\\\/fluido-nebbiogeno-xtra-3l\\\/#breadcrumb\"},\"inLanguage\":\"it-IT\",\"potentialAction\":[{\"@type\":\"ReadAction\",\"target\":[\"https:\\\/\\\/protectglobal.com\\\/it\\\/product\\\/fluido-nebbiogeno-xtra-3l\\\/\"]}]},{\"@type\":\"ImageObject\",\"inLanguage\":\"it-IT\",\"@id\":\"https:\\\/\\\/protectglobal.com\\\/it\\\/product\\\/fluido-nebbiogeno-xtra-3l\\\/#primaryimage\",\"url\":\"https:\\\/\\\/protectglobal.com\\\/wp-content\\\/uploads\\\/2024\\\/03\\\/2200i-fluid.png\",\"contentUrl\":\"https:\\\/\\\/protectglobal.com\\\/wp-content\\\/uploads\\\/2024\\\/03\\\/2200i-fluid.png\",\"width\":326,\"height\":408,\"caption\":\"2200i fluid\"},{\"@type\":\"BreadcrumbList\",\"@id\":\"https:\\\/\\\/protectglobal.com\\\/it\\\/product\\\/fluido-nebbiogeno-xtra-3l\\\/#breadcrumb\",\"itemListElement\":[{\"@type\":\"ListItem\",\"position\":1,\"name\":\"Hjem\",\"item\":\"https:\\\/\\\/protectglobal.com\\\/it\\\/\"},{\"@type\":\"ListItem\",\"position\":2,\"name\":\"Fluido nebbiogeno XTRA+ 3L\"}]},{\"@type\":\"WebSite\",\"@id\":\"https:\\\/\\\/protectglobal.com\\\/it\\\/#website\",\"url\":\"https:\\\/\\\/protectglobal.com\\\/it\\\/\",\"name\":\"PROTECT Fog Cannons\u2122\",\"description\":\"\",\"publisher\":{\"@id\":\"https:\\\/\\\/protectglobal.com\\\/it\\\/#organization\"},\"potentialAction\":[{\"@type\":\"SearchAction\",\"target\":{\"@type\":\"EntryPoint\",\"urlTemplate\":\"https:\\\/\\\/protectglobal.com\\\/it\\\/?s={search_term_string}\"},\"query-input\":{\"@type\":\"PropertyValueSpecification\",\"valueRequired\":true,\"valueName\":\"search_term_string\"}}],\"inLanguage\":\"it-IT\"},{\"@type\":\"Organization\",\"@id\":\"https:\\\/\\\/protectglobal.com\\\/it\\\/#organization\",\"name\":\"PROTECT Fog Cannons\u2122\",\"url\":\"https:\\\/\\\/protectglobal.com\\\/it\\\/\",\"logo\":{\"@type\":\"ImageObject\",\"inLanguage\":\"it-IT\",\"@id\":\"https:\\\/\\\/protectglobal.com\\\/it\\\/#\\\/schema\\\/logo\\\/image\\\/\",\"url\":\"https:\\\/\\\/protectglobal.com\\\/wp-content\\\/uploads\\\/2023\\\/10\\\/logo.svg\",\"contentUrl\":\"https:\\\/\\\/protectglobal.com\\\/wp-content\\\/uploads\\\/2023\\\/10\\\/logo.svg\",\"width\":90,\"height\":40,\"caption\":\"PROTECT Fog Cannons\u2122\"},\"image\":{\"@id\":\"https:\\\/\\\/protectglobal.com\\\/it\\\/#\\\/schema\\\/logo\\\/image\\\/\"},\"sameAs\":[\"https:\\\/\\\/www.facebook.com\\\/PROTECTFogCannon\\\/\",\"https:\\\/\\\/x.com\\\/PROTECTFOG\",\"https:\\\/\\\/www.linkedin.com\\\/company\\\/protect-a-s\\\/\",\"https:\\\/\\\/www.youtube.com\\\/user\\\/PROTECTFogCannon\"],\"description\":\"PROTECT\u2122 specializes in security fog solutions, protecting valuables in retail, banks, warehouses any many other industries across more than 50 countries. With over 175,000 fog cannons installed, our systems fill rooms with dense fog in seconds, deterring burglars and preventing theft. We focus on providing reliable, durable, and easy-to-install solutions for enhanced security and peace of mind.\",\"email\":\"info@protectglobal.com\",\"telephone\":\"+45 8672 1881\",\"legalName\":\"PROTECT A\\\/S\",\"foundingDate\":\"2000-09-28\",\"vatID\":\"25687272\",\"numberOfEmployees\":{\"@type\":\"QuantitativeValue\",\"minValue\":\"11\",\"maxValue\":\"50\"}}]}<\/script>\n<!-- \/ Yoast SEO Premium plugin. -->","yoast_head_json":{"title":"PROTECT 2200i\u2122 contenitore fluido","description":"Il fluido 2200i\u2122 si trasforma in una nebbia secca, densa e bianca. \u00c8 completamente innocuo e molto efficace contro i criminali.","robots":{"index":"index","follow":"follow","max-snippet":"max-snippet:-1","max-image-preview":"max-image-preview:large","max-video-preview":"max-video-preview:-1"},"canonical":"https:\/\/protectglobal.com\/it\/product\/fluido-nebbiogeno-xtra-3l\/","og_locale":"it_IT","og_type":"article","og_title":"Fluido nebbiogeno XTRA+ 3L","og_description":"Il fluido 2200i\u2122 si trasforma in una nebbia secca, densa e bianca. \u00c8 completamente innocuo e molto efficace contro i criminali.","og_url":"https:\/\/protectglobal.com\/it\/product\/fluido-nebbiogeno-xtra-3l\/","og_site_name":"Cannoni di nebbia PROTECT\u2122","article_publisher":"https:\/\/www.facebook.com\/PROTECTFogCannon\/","article_modified_time":"2025-02-25T10:49:11+00:00","og_image":[{"width":326,"height":408,"url":"https:\/\/protectglobal.com\/wp-content\/uploads\/2024\/03\/2200i-fluid.png","type":"image\/png"}],"twitter_card":"summary_large_image","twitter_site":"@PROTECTFOG","twitter_misc":{"Tempo di lettura stimato":"1 minuto"},"schema":{"@context":"https:\/\/schema.org","@graph":[{"@type":"WebPage","@id":"https:\/\/protectglobal.com\/it\/product\/fluido-nebbiogeno-xtra-3l\/","url":"https:\/\/protectglobal.com\/it\/product\/fluido-nebbiogeno-xtra-3l\/","name":"PROTECT 2200i\u2122 contenitore fluido","isPartOf":{"@id":"https:\/\/protectglobal.com\/it\/#website"},"primaryImageOfPage":{"@id":"https:\/\/protectglobal.com\/it\/product\/fluido-nebbiogeno-xtra-3l\/#primaryimage"},"image":{"@id":"https:\/\/protectglobal.com\/it\/product\/fluido-nebbiogeno-xtra-3l\/#primaryimage"},"thumbnailUrl":"https:\/\/protectglobal.com\/wp-content\/uploads\/2024\/03\/2200i-fluid.png","datePublished":"2023-05-19T11:32:00+00:00","dateModified":"2025-02-25T10:49:11+00:00","description":"Il fluido 2200i\u2122 si trasforma in una nebbia secca, densa e bianca. \u00c8 completamente innocuo e molto efficace contro i criminali.","breadcrumb":{"@id":"https:\/\/protectglobal.com\/it\/product\/fluido-nebbiogeno-xtra-3l\/#breadcrumb"},"inLanguage":"it-IT","potentialAction":[{"@type":"ReadAction","target":["https:\/\/protectglobal.com\/it\/product\/fluido-nebbiogeno-xtra-3l\/"]}]},{"@type":"ImageObject","inLanguage":"it-IT","@id":"https:\/\/protectglobal.com\/it\/product\/fluido-nebbiogeno-xtra-3l\/#primaryimage","url":"https:\/\/protectglobal.com\/wp-content\/uploads\/2024\/03\/2200i-fluid.png","contentUrl":"https:\/\/protectglobal.com\/wp-content\/uploads\/2024\/03\/2200i-fluid.png","width":326,"height":408,"caption":"2200i fluid"},{"@type":"BreadcrumbList","@id":"https:\/\/protectglobal.com\/it\/product\/fluido-nebbiogeno-xtra-3l\/#breadcrumb","itemListElement":[{"@type":"ListItem","position":1,"name":"Hjem","item":"https:\/\/protectglobal.com\/it\/"},{"@type":"ListItem","position":2,"name":"Fluido nebbiogeno XTRA+ 3L"}]},{"@type":"WebSite","@id":"https:\/\/protectglobal.com\/it\/#website","url":"https:\/\/protectglobal.com\/it\/","name":"PROTECT Fog Cannons\u2122","description":"","publisher":{"@id":"https:\/\/protectglobal.com\/it\/#organization"},"potentialAction":[{"@type":"SearchAction","target":{"@type":"EntryPoint","urlTemplate":"https:\/\/protectglobal.com\/it\/?s={search_term_string}"},"query-input":{"@type":"PropertyValueSpecification","valueRequired":true,"valueName":"search_term_string"}}],"inLanguage":"it-IT"},{"@type":"Organization","@id":"https:\/\/protectglobal.com\/it\/#organization","name":"PROTECT Fog Cannons\u2122","url":"https:\/\/protectglobal.com\/it\/","logo":{"@type":"ImageObject","inLanguage":"it-IT","@id":"https:\/\/protectglobal.com\/it\/#\/schema\/logo\/image\/","url":"https:\/\/protectglobal.com\/wp-content\/uploads\/2023\/10\/logo.svg","contentUrl":"https:\/\/protectglobal.com\/wp-content\/uploads\/2023\/10\/logo.svg","width":90,"height":40,"caption":"PROTECT Fog Cannons\u2122"},"image":{"@id":"https:\/\/protectglobal.com\/it\/#\/schema\/logo\/image\/"},"sameAs":["https:\/\/www.facebook.com\/PROTECTFogCannon\/","https:\/\/x.com\/PROTECTFOG","https:\/\/www.linkedin.com\/company\/protect-a-s\/","https:\/\/www.youtube.com\/user\/PROTECTFogCannon"],"description":"PROTECT\u2122 specializes in security fog solutions, protecting valuables in retail, banks, warehouses any many other industries across more than 50 countries. With over 175,000 fog cannons installed, our systems fill rooms with dense fog in seconds, deterring burglars and preventing theft. We focus on providing reliable, durable, and easy-to-install solutions for enhanced security and peace of mind.","email":"info@protectglobal.com","telephone":"+45 8672 1881","legalName":"PROTECT A\/S","foundingDate":"2000-09-28","vatID":"25687272","numberOfEmployees":{"@type":"QuantitativeValue","minValue":"11","maxValue":"50"}}]}},"_links":{"self":[{"href":"https:\/\/protectglobal.com\/it\/wp-json\/wp\/v2\/product\/19332","targetHints":{"allow":["GET"]}}],"collection":[{"href":"https:\/\/protectglobal.com\/it\/wp-json\/wp\/v2\/product"}],"about":[{"href":"https:\/\/protectglobal.com\/it\/wp-json\/wp\/v2\/types\/product"}],"wp:featuredmedia":[{"embeddable":true,"href":"https:\/\/protectglobal.com\/it\/wp-json\/wp\/v2\/media\/8110"}],"wp:attachment":[{"href":"https:\/\/protectglobal.com\/it\/wp-json\/wp\/v2\/media?parent=19332"}],"wp:term":[{"taxonomy":"product-category","embeddable":true,"href":"https:\/\/protectglobal.com\/it\/wp-json\/wp\/v2\/product-category?post=19332"}],"curies":[{"name":"wp","href":"https:\/\/api.w.org\/{rel}","templated":true}]}}