{"id":19288,"date":"2024-03-19T10:39:06","date_gmt":"2024-03-19T10:39:06","guid":{"rendered":"https:\/\/protectglobal.com\/product\/protect-ajax-ready\/"},"modified":"2025-02-25T10:48:55","modified_gmt":"2025-02-25T10:48:55","slug":"protect-ajax-ready","status":"publish","type":"product","link":"https:\/\/protectglobal.com\/it\/product\/protect-ajax-ready\/","title":{"rendered":"PROTECT Ajax Ready"},"content":{"rendered":"\n\n<section class=\"content-toggle-block custom-block black py-5\" style=\"\">\n    <section class=\"py-xxl-5 py-5\">\n                <div class=\"switchable-content\">\n            <!-- Content option 1 -->\n                                                                <div class=\"content-option option-1 container\" aria-hidden=\"false\">\n                        <section class=\"row gap-lg-5\">\n                                                            <section class=\"column-1 col-12 col-lg mb-5 mb-lg-0\">\n                                    <blockquote class=\"mb-4 h2 font-white\"><h2>Ti presentiamo i <span style=\"color: #3f75ff;\">Cannoni Nebbiogeni PROTECT Ajax Ready<\/span><\/h2>\n<\/blockquote>\n                                    <blockquote class=\"mb-5 fs-6 body-text font-white\"><p>I cannoni nebbiogeni PROTECT Ajax Ready sono dotati della tecnologia di ultima generazione in materia di sicurezza all&#8217;avanguardia e offrono una semplice integrazione con il sistema di sicurezza Ajax. Grazie alle funzionalit\u00e0 wireless, questa soluzione innovativa consente agli utenti e agli installatori di gestire tutti i controlli di sicurezza da un unico dispositivo. Immagina di poter controllare il tuo cannone nebbiogeno PROTECT direttamente dall&#8217;App Ajax, oltre a gestire altre soluzioni di sicurezza Ajax, direttamente dal tuo smartphone.<\/p>\n<\/blockquote>\n                                    \n                                                                    <\/section>\n                                                                                            <section class=\"col-lg col-12 column-2 \">\n                                    <section class=\"accordion\">\n                                                                                    <div class=\"acc-item d-flex flex-column gap-3 pb-3 \">\n                                                <button class=\"acc-button w-100 text-start p-0 d-flex justify-content-between \">\n                                                    <h4 class=\"mb-0 fs-5\">Configurazione semplice<\/h4>\n                                                    <svg class=\"acc-icon\" width=\"20\" height=\"20\" viewBox=\"0 0 20 20\" fill=\"none\" xmlns=\"http:\/\/www.w3.org\/2000\/svg\">\n                                                        <g clip-path=\"url(#clip0_2099_15870)\">\n                                                            <rect x=\"24.1421\" y=\"-2.28516\" width=\"5\" height=\"25\" transform=\"rotate(45 24.1421 -2.28516)\" fill=\"#DCDCDC\"\/>\n                                                            <rect x=\"-7.67773\" y=\"1.25\" width=\"5\" height=\"17.5\" transform=\"rotate(-45 -7.67773 1.25)\" fill=\"#DCDCDC\"\/>\n                                                        <\/g>\n                                                        <defs>\n                                                            <clipPath id=\"clip0_2099_15870\">\n                                                                <rect width=\"20\" height=\"20\" fill=\"white\" transform=\"translate(20) rotate(90)\"\/>\n                                                            <\/clipPath>\n                                                        <\/defs>\n                                                    <\/svg>\n                                                <\/button>\n                                                <div class=\"acc-content \" aria-hidden=\"true\">\n                                                    <blockquote class=\"body-text font-white\"><p>Configurare il tuo cannone nebbiogeno PROTECT\u2122 non \u00e8 mai stato cos\u00ec semplice: in soli due minuti puoi selezionare e personalizzare le impostazioni che preferisci, assicurandoti che il tuo sistema di sicurezza funzioni esattamente secondo le tue specifiche. Ajax Ready offre una tecnologia avanzata racchiusa in un&#8217;interfaccia facile da usare, progettata per soddisfare le tue specifiche esigenze di sicurezza senza alcun problema.<\/p>\n<\/blockquote>\n                                                <\/div>\n                                            <\/div>\n                                                                                    <div class=\"acc-item d-flex flex-column gap-3 pb-3 \">\n                                                <button class=\"acc-button w-100 text-start p-0 d-flex justify-content-between \">\n                                                    <h4 class=\"mb-0 fs-5\">Kit di installazione completo<\/h4>\n                                                    <svg class=\"acc-icon\" width=\"20\" height=\"20\" viewBox=\"0 0 20 20\" fill=\"none\" xmlns=\"http:\/\/www.w3.org\/2000\/svg\">\n                                                        <g clip-path=\"url(#clip0_2099_15870)\">\n                                                            <rect x=\"24.1421\" y=\"-2.28516\" width=\"5\" height=\"25\" transform=\"rotate(45 24.1421 -2.28516)\" fill=\"#DCDCDC\"\/>\n                                                            <rect x=\"-7.67773\" y=\"1.25\" width=\"5\" height=\"17.5\" transform=\"rotate(-45 -7.67773 1.25)\" fill=\"#DCDCDC\"\/>\n                                                        <\/g>\n                                                        <defs>\n                                                            <clipPath id=\"clip0_2099_15870\">\n                                                                <rect width=\"20\" height=\"20\" fill=\"white\" transform=\"translate(20) rotate(90)\"\/>\n                                                            <\/clipPath>\n                                                        <\/defs>\n                                                    <\/svg>\n                                                <\/button>\n                                                <div class=\"acc-content \" aria-hidden=\"true\">\n                                                    <blockquote class=\"body-text font-white\"><p>Il kit PROTECT Ajax Ready \u00e8 un pacchetto completo che contiene tutti i componenti necessari per l&#8217;installazione all&#8217;interno del tuo cannone nebbiogeno. Il kit comprende due rel\u00e8 Ajax, una guida DIN, un supporto DIN e i cavi Ajax, per garantire un&#8217;installazione semplice. Per una maggiore comodit\u00e0, PROTECT\u2122 offre l&#8217;opzione dove il kit Ajax Ready \u00e8 gi\u00e0 preinstallato nei cannoni nebbiogeni, rendendo il processo di installazione ancora pi\u00f9 semplice.<\/p>\n<p>&nbsp;<\/p>\n<p>Grazie a queste caratteristiche, i cannoni nebbiogeni PROTECT Ajax Ready\u2122 non solo aumentano la sicurezza, ma semplificano anche il modo in cui controlli e configuri le misure di protezione, fornendo una soluzione robusta e integrata per le moderne esigenze di sicurezza.<\/p>\n<\/blockquote>\n                                                <\/div>\n                                            <\/div>\n                                                                            <\/section>\n                                <\/section>\n                                                    <\/section>\n                    <\/div>\n                                        <!-- Content option 2 -->\n                    <\/div>\n    <\/section>\n<\/section>\n\n\n\n\n\n\n\n    <div class=\"two-column-list-block white-bg custom-block p-3 py-5 p-3\" style=\"\">\n        <section class=\"list-columns-wrapper container \" data-aos=\"fade-in\">\n\n\t\t\t\t\t\t\t<div class=\"font-dark mb-4\"><h2><span style=\"color: #3f75ff;\">Attiva con modalit\u00e0 wireless<\/span> il tuo cannone nebbiogeno Ajax Ready utilizzando uno dei quattro metodi disponibili*<\/h2>\n<\/div>\n\t\t\t\n\t\t\t<blockquote class=\"d-lg-flex flex-row-reverse justify-content-between\">\n\n                <div class=\"list-col-1\">\n                                                <ul class=\"m-0 p-0\">\n                                \n                                    <li class=\"font-dark check custom-list\"><p>Pulsanti antipanico: Attiva la nebbia e metti in sicurezza il tuo spazio in pochi secondi con un semplice clic. Progettati per evitare attivazioni accidentali, questi pulsanti forniscono una risposta facile e veloce quando ti senti in pericolo<\/p>\n<\/li>\n\n                                \n                                    <li class=\"font-dark check custom-list\"><p>App Ajax: Attiva il tuo cannone nebbiogeno PROTECT senza problemi dall&#8217;App Ajax. Con un semplice tocco sul telefono, puoi mettere in sicurezza l&#8217;ambiente circostante in un istante<\/p>\n<\/li>\n\n                                \n                                    <li class=\"font-dark exclaim custom-list\"><p>*Richiede un allarme centrale per l&#8217;integrazione del sistema di rilevamento delle intrusioni Ajax<\/p>\n<\/li>\n\n                                                            <\/ul>\n                        \n\n                                    <\/div>\n                <div class=\"list-col-2\">\n                                                <ul class=\"m-0 p-0\">\n                                \n                                    <li class=\"font-dark check custom-list\"><p>Rivelatori di apertura: Proteggono la tua propriet\u00e0 quando porte o finestre vengono aperte da ospiti indesiderati o lasciate aperte per la ventilazione. Il rilevatore rileva quando porte e finestre sono fuori posizione<\/p>\n<\/li>\n\n                                \n                                    <li class=\"font-dark check custom-list\"><p>Rilevatori di rottura vetri: Proteggi il tuo spazio con un sistema wireless che rileva il suono della rottura di un vetro fino a 9 metri di distanza senza causare falsi allarmi<\/p>\n<\/li>\n\n                                \n                                    <li class=\"font-dark check custom-list\"><p>Rilevatori di movimento: Scegli tra i rilevatori di movimento Ajax da interno e da esterno, con o senza telecamera, per rilevare gli intrusi e attivare il rilascio della nebbia. Le opzioni della telecamera consentono di verificare rapidamente i falsi allarmi<\/p>\n<\/li>\n\n                                                            <\/ul>\n                        \n\n                                    <\/div>\n\n\n            <\/blockquote>\n\n        <\/section>\n    <\/div>\n\n\n","protected":false},"featured_media":22885,"template":"","meta":{"_acf_changed":true,"inline_featured_image":false},"product-category":[93],"class_list":["post-19288","product","type-product","status-publish","has-post-thumbnail","hentry","product-category-nebbiogeni"],"acf":[],"yoast_head":"<!-- This site is optimized with the Yoast SEO Premium plugin v27.3 (Yoast SEO v27.3) - https:\/\/yoast.com\/product\/yoast-seo-premium-wordpress\/ -->\n<title>PROTECT Ajax Ready - Integrazione wireless con Nebbiogeni<\/title>\n<meta name=\"description\" content=\"Integra e controlla il tuo Nebbiogeno\u2122 con il sistema Ajax, tramite l&#039;App Ajax, con installazione semplice e un kit completo.\" \/>\n<meta name=\"robots\" content=\"index, follow, max-snippet:-1, max-image-preview:large, max-video-preview:-1\" \/>\n<link rel=\"canonical\" href=\"https:\/\/protectglobal.com\/it\/product\/protect-ajax-ready\/\" \/>\n<meta property=\"og:locale\" content=\"it_IT\" \/>\n<meta property=\"og:type\" content=\"article\" \/>\n<meta property=\"og:title\" content=\"PROTECT Ajax Ready\" \/>\n<meta property=\"og:description\" content=\"Integra e controlla il tuo Nebbiogeno\u2122 con il sistema Ajax, tramite l&#039;App Ajax, con installazione semplice e un kit completo.\" \/>\n<meta property=\"og:url\" content=\"https:\/\/protectglobal.com\/it\/product\/protect-ajax-ready\/\" \/>\n<meta property=\"og:site_name\" content=\"Cannoni di nebbia PROTECT\u2122\" \/>\n<meta property=\"article:publisher\" content=\"https:\/\/www.facebook.com\/PROTECTFogCannon\/\" \/>\n<meta property=\"article:modified_time\" content=\"2025-02-25T10:48:55+00:00\" \/>\n<meta property=\"og:image\" content=\"https:\/\/protectglobal.com\/wp-content\/uploads\/2024\/03\/ajax-ready.jpg\" \/>\n\t<meta property=\"og:image:width\" content=\"326\" \/>\n\t<meta property=\"og:image:height\" content=\"408\" \/>\n\t<meta property=\"og:image:type\" content=\"image\/jpeg\" \/>\n<meta name=\"twitter:card\" content=\"summary_large_image\" \/>\n<meta name=\"twitter:site\" content=\"@PROTECTFOG\" \/>\n<meta name=\"twitter:label1\" content=\"Tempo di lettura stimato\" \/>\n\t<meta name=\"twitter:data1\" content=\"1 minuto\" \/>\n<script type=\"application\/ld+json\" class=\"yoast-schema-graph\">{\"@context\":\"https:\\\/\\\/schema.org\",\"@graph\":[{\"@type\":\"WebPage\",\"@id\":\"https:\\\/\\\/protectglobal.com\\\/it\\\/product\\\/protect-ajax-ready\\\/\",\"url\":\"https:\\\/\\\/protectglobal.com\\\/it\\\/product\\\/protect-ajax-ready\\\/\",\"name\":\"PROTECT Ajax Ready - Integrazione wireless con Nebbiogeni\",\"isPartOf\":{\"@id\":\"https:\\\/\\\/protectglobal.com\\\/it\\\/#website\"},\"primaryImageOfPage\":{\"@id\":\"https:\\\/\\\/protectglobal.com\\\/it\\\/product\\\/protect-ajax-ready\\\/#primaryimage\"},\"image\":{\"@id\":\"https:\\\/\\\/protectglobal.com\\\/it\\\/product\\\/protect-ajax-ready\\\/#primaryimage\"},\"thumbnailUrl\":\"https:\\\/\\\/protectglobal.com\\\/wp-content\\\/uploads\\\/2024\\\/03\\\/ajax-ready.jpg\",\"datePublished\":\"2024-03-19T10:39:06+00:00\",\"dateModified\":\"2025-02-25T10:48:55+00:00\",\"description\":\"Integra e controlla il tuo Nebbiogeno\u2122 con il sistema Ajax, tramite l'App Ajax, con installazione semplice e un kit completo.\",\"breadcrumb\":{\"@id\":\"https:\\\/\\\/protectglobal.com\\\/it\\\/product\\\/protect-ajax-ready\\\/#breadcrumb\"},\"inLanguage\":\"it-IT\",\"potentialAction\":[{\"@type\":\"ReadAction\",\"target\":[\"https:\\\/\\\/protectglobal.com\\\/it\\\/product\\\/protect-ajax-ready\\\/\"]}]},{\"@type\":\"ImageObject\",\"inLanguage\":\"it-IT\",\"@id\":\"https:\\\/\\\/protectglobal.com\\\/it\\\/product\\\/protect-ajax-ready\\\/#primaryimage\",\"url\":\"https:\\\/\\\/protectglobal.com\\\/wp-content\\\/uploads\\\/2024\\\/03\\\/ajax-ready.jpg\",\"contentUrl\":\"https:\\\/\\\/protectglobal.com\\\/wp-content\\\/uploads\\\/2024\\\/03\\\/ajax-ready.jpg\",\"width\":326,\"height\":408},{\"@type\":\"BreadcrumbList\",\"@id\":\"https:\\\/\\\/protectglobal.com\\\/it\\\/product\\\/protect-ajax-ready\\\/#breadcrumb\",\"itemListElement\":[{\"@type\":\"ListItem\",\"position\":1,\"name\":\"Hjem\",\"item\":\"https:\\\/\\\/protectglobal.com\\\/it\\\/\"},{\"@type\":\"ListItem\",\"position\":2,\"name\":\"PROTECT Ajax Ready\"}]},{\"@type\":\"WebSite\",\"@id\":\"https:\\\/\\\/protectglobal.com\\\/it\\\/#website\",\"url\":\"https:\\\/\\\/protectglobal.com\\\/it\\\/\",\"name\":\"PROTECT Fog Cannons\u2122\",\"description\":\"\",\"publisher\":{\"@id\":\"https:\\\/\\\/protectglobal.com\\\/it\\\/#organization\"},\"potentialAction\":[{\"@type\":\"SearchAction\",\"target\":{\"@type\":\"EntryPoint\",\"urlTemplate\":\"https:\\\/\\\/protectglobal.com\\\/it\\\/?s={search_term_string}\"},\"query-input\":{\"@type\":\"PropertyValueSpecification\",\"valueRequired\":true,\"valueName\":\"search_term_string\"}}],\"inLanguage\":\"it-IT\"},{\"@type\":\"Organization\",\"@id\":\"https:\\\/\\\/protectglobal.com\\\/it\\\/#organization\",\"name\":\"PROTECT Fog Cannons\u2122\",\"url\":\"https:\\\/\\\/protectglobal.com\\\/it\\\/\",\"logo\":{\"@type\":\"ImageObject\",\"inLanguage\":\"it-IT\",\"@id\":\"https:\\\/\\\/protectglobal.com\\\/it\\\/#\\\/schema\\\/logo\\\/image\\\/\",\"url\":\"https:\\\/\\\/protectglobal.com\\\/wp-content\\\/uploads\\\/2023\\\/10\\\/logo.svg\",\"contentUrl\":\"https:\\\/\\\/protectglobal.com\\\/wp-content\\\/uploads\\\/2023\\\/10\\\/logo.svg\",\"width\":90,\"height\":40,\"caption\":\"PROTECT Fog Cannons\u2122\"},\"image\":{\"@id\":\"https:\\\/\\\/protectglobal.com\\\/it\\\/#\\\/schema\\\/logo\\\/image\\\/\"},\"sameAs\":[\"https:\\\/\\\/www.facebook.com\\\/PROTECTFogCannon\\\/\",\"https:\\\/\\\/x.com\\\/PROTECTFOG\",\"https:\\\/\\\/www.linkedin.com\\\/company\\\/protect-a-s\\\/\",\"https:\\\/\\\/www.youtube.com\\\/user\\\/PROTECTFogCannon\"],\"description\":\"PROTECT\u2122 specializes in security fog solutions, protecting valuables in retail, banks, warehouses any many other industries across more than 50 countries. With over 175,000 fog cannons installed, our systems fill rooms with dense fog in seconds, deterring burglars and preventing theft. We focus on providing reliable, durable, and easy-to-install solutions for enhanced security and peace of mind.\",\"email\":\"info@protectglobal.com\",\"telephone\":\"+45 8672 1881\",\"legalName\":\"PROTECT A\\\/S\",\"foundingDate\":\"2000-09-28\",\"vatID\":\"25687272\",\"numberOfEmployees\":{\"@type\":\"QuantitativeValue\",\"minValue\":\"11\",\"maxValue\":\"50\"}}]}<\/script>\n<!-- \/ Yoast SEO Premium plugin. -->","yoast_head_json":{"title":"PROTECT Ajax Ready - Integrazione wireless con Nebbiogeni","description":"Integra e controlla il tuo Nebbiogeno\u2122 con il sistema Ajax, tramite l'App Ajax, con installazione semplice e un kit completo.","robots":{"index":"index","follow":"follow","max-snippet":"max-snippet:-1","max-image-preview":"max-image-preview:large","max-video-preview":"max-video-preview:-1"},"canonical":"https:\/\/protectglobal.com\/it\/product\/protect-ajax-ready\/","og_locale":"it_IT","og_type":"article","og_title":"PROTECT Ajax Ready","og_description":"Integra e controlla il tuo Nebbiogeno\u2122 con il sistema Ajax, tramite l'App Ajax, con installazione semplice e un kit completo.","og_url":"https:\/\/protectglobal.com\/it\/product\/protect-ajax-ready\/","og_site_name":"Cannoni di nebbia PROTECT\u2122","article_publisher":"https:\/\/www.facebook.com\/PROTECTFogCannon\/","article_modified_time":"2025-02-25T10:48:55+00:00","og_image":[{"width":326,"height":408,"url":"https:\/\/protectglobal.com\/wp-content\/uploads\/2024\/03\/ajax-ready.jpg","type":"image\/jpeg"}],"twitter_card":"summary_large_image","twitter_site":"@PROTECTFOG","twitter_misc":{"Tempo di lettura stimato":"1 minuto"},"schema":{"@context":"https:\/\/schema.org","@graph":[{"@type":"WebPage","@id":"https:\/\/protectglobal.com\/it\/product\/protect-ajax-ready\/","url":"https:\/\/protectglobal.com\/it\/product\/protect-ajax-ready\/","name":"PROTECT Ajax Ready - Integrazione wireless con Nebbiogeni","isPartOf":{"@id":"https:\/\/protectglobal.com\/it\/#website"},"primaryImageOfPage":{"@id":"https:\/\/protectglobal.com\/it\/product\/protect-ajax-ready\/#primaryimage"},"image":{"@id":"https:\/\/protectglobal.com\/it\/product\/protect-ajax-ready\/#primaryimage"},"thumbnailUrl":"https:\/\/protectglobal.com\/wp-content\/uploads\/2024\/03\/ajax-ready.jpg","datePublished":"2024-03-19T10:39:06+00:00","dateModified":"2025-02-25T10:48:55+00:00","description":"Integra e controlla il tuo Nebbiogeno\u2122 con il sistema Ajax, tramite l'App Ajax, con installazione semplice e un kit completo.","breadcrumb":{"@id":"https:\/\/protectglobal.com\/it\/product\/protect-ajax-ready\/#breadcrumb"},"inLanguage":"it-IT","potentialAction":[{"@type":"ReadAction","target":["https:\/\/protectglobal.com\/it\/product\/protect-ajax-ready\/"]}]},{"@type":"ImageObject","inLanguage":"it-IT","@id":"https:\/\/protectglobal.com\/it\/product\/protect-ajax-ready\/#primaryimage","url":"https:\/\/protectglobal.com\/wp-content\/uploads\/2024\/03\/ajax-ready.jpg","contentUrl":"https:\/\/protectglobal.com\/wp-content\/uploads\/2024\/03\/ajax-ready.jpg","width":326,"height":408},{"@type":"BreadcrumbList","@id":"https:\/\/protectglobal.com\/it\/product\/protect-ajax-ready\/#breadcrumb","itemListElement":[{"@type":"ListItem","position":1,"name":"Hjem","item":"https:\/\/protectglobal.com\/it\/"},{"@type":"ListItem","position":2,"name":"PROTECT Ajax Ready"}]},{"@type":"WebSite","@id":"https:\/\/protectglobal.com\/it\/#website","url":"https:\/\/protectglobal.com\/it\/","name":"PROTECT Fog Cannons\u2122","description":"","publisher":{"@id":"https:\/\/protectglobal.com\/it\/#organization"},"potentialAction":[{"@type":"SearchAction","target":{"@type":"EntryPoint","urlTemplate":"https:\/\/protectglobal.com\/it\/?s={search_term_string}"},"query-input":{"@type":"PropertyValueSpecification","valueRequired":true,"valueName":"search_term_string"}}],"inLanguage":"it-IT"},{"@type":"Organization","@id":"https:\/\/protectglobal.com\/it\/#organization","name":"PROTECT Fog Cannons\u2122","url":"https:\/\/protectglobal.com\/it\/","logo":{"@type":"ImageObject","inLanguage":"it-IT","@id":"https:\/\/protectglobal.com\/it\/#\/schema\/logo\/image\/","url":"https:\/\/protectglobal.com\/wp-content\/uploads\/2023\/10\/logo.svg","contentUrl":"https:\/\/protectglobal.com\/wp-content\/uploads\/2023\/10\/logo.svg","width":90,"height":40,"caption":"PROTECT Fog Cannons\u2122"},"image":{"@id":"https:\/\/protectglobal.com\/it\/#\/schema\/logo\/image\/"},"sameAs":["https:\/\/www.facebook.com\/PROTECTFogCannon\/","https:\/\/x.com\/PROTECTFOG","https:\/\/www.linkedin.com\/company\/protect-a-s\/","https:\/\/www.youtube.com\/user\/PROTECTFogCannon"],"description":"PROTECT\u2122 specializes in security fog solutions, protecting valuables in retail, banks, warehouses any many other industries across more than 50 countries. With over 175,000 fog cannons installed, our systems fill rooms with dense fog in seconds, deterring burglars and preventing theft. We focus on providing reliable, durable, and easy-to-install solutions for enhanced security and peace of mind.","email":"info@protectglobal.com","telephone":"+45 8672 1881","legalName":"PROTECT A\/S","foundingDate":"2000-09-28","vatID":"25687272","numberOfEmployees":{"@type":"QuantitativeValue","minValue":"11","maxValue":"50"}}]}},"_links":{"self":[{"href":"https:\/\/protectglobal.com\/it\/wp-json\/wp\/v2\/product\/19288","targetHints":{"allow":["GET"]}}],"collection":[{"href":"https:\/\/protectglobal.com\/it\/wp-json\/wp\/v2\/product"}],"about":[{"href":"https:\/\/protectglobal.com\/it\/wp-json\/wp\/v2\/types\/product"}],"wp:featuredmedia":[{"embeddable":true,"href":"https:\/\/protectglobal.com\/it\/wp-json\/wp\/v2\/media\/22885"}],"wp:attachment":[{"href":"https:\/\/protectglobal.com\/it\/wp-json\/wp\/v2\/media?parent=19288"}],"wp:term":[{"taxonomy":"product-category","embeddable":true,"href":"https:\/\/protectglobal.com\/it\/wp-json\/wp\/v2\/product-category?post=19288"}],"curies":[{"name":"wp","href":"https:\/\/api.w.org\/{rel}","templated":true}]}}