{"id":26528,"date":"2024-11-21T09:33:39","date_gmt":"2024-11-21T09:33:39","guid":{"rendered":"https:\/\/protectglobal.com\/protect-e-learning\/"},"modified":"2025-02-12T12:08:26","modified_gmt":"2025-02-12T12:08:26","slug":"protect-e-learning","status":"publish","type":"page","link":"https:\/\/protectglobal.com\/it\/protect-e-learning\/","title":{"rendered":"PROTECT E-learning"},"content":{"rendered":"\n    \n    <section id=\"contact-form\" class=\"py-5 contact-form-block\">\n        <div class=\"container mt-5\" data-aos=\"fade-in\">\n            <div class=\"row d-flex justify-content-center overflow-section \">\n                <div class=\"col-12 col-lg-11 col-xl-11 col-xl-9\">\n                    <div class=\"row\">\n                        <div class=\"col-lg-12 col-sm-12 col-sm-7 col-xxl-12 mb-5\">\n                            <div class=\"background box-shadow-form dark-grey h-100 p-4 p-xl-5 position-relative rounded-4 text-white\">\n                                <div class=\"action-icon\"><\/div>\n                                <h1>Iscrizione <span style=\"color: #3f75ff;\">all\u2019E-learning<\/span><\/h1>\n<p>PROTECT\u2122 offre un programma di formazione professionale gratuito, rivolto a tutti gli installatori di allarme registrati dei nostri cannoni nebbiogeni presenti nel mondo.<\/p>\n<p>&nbsp;<\/p>\n<p>La nostra piattaforma di e-learning combina video tutorial coinvolgenti senza narrazione parlata e domande interattive a scelta multipla. Ulteriori risorse didattiche, come manuali e guide alle misure, sono facilmente accessibili all&#8217;interno della piattaforma per supportare il vostro percorso di apprendimento.<\/p>\n<p>&nbsp;<\/p>\n<p>Attualmente sono disponibili tre corsi distinti, ciascuno dei quali si conclude con un test a risposta multipla:<\/p>\n<p>&nbsp;<\/p>\n<ul>\n<li>Corso 1: Installazione semplice<\/li>\n<li>Corso 2: Prodotti Intelli<\/li>\n<li>Corso 3: PROTECT\u2122 API &amp; PROTECT IntelliCloud\u2122<\/li>\n<\/ul>\n<p>&nbsp;<\/p>\n<div class=\"ctbEditorText\">\n<h2>Perch\u00e9 scegliere l\u2019e-learning?<\/h2>\n<p>L&#8217;e-learning offre una straordinaria flessibilit\u00e0: apprendere al proprio ritmo, in qualsiasi momento e ovunque ci si trovi. Non ci sono limiti di tempo per il completamento del corso, consentendoti di progredire in base ai tuoi impegni.<\/p>\n<p>&nbsp;<\/p>\n<p>Completando questi corsi, si acquisir\u00e0 maggiore competenza nell&#8217;installazione e nell&#8217;uso dei nostri cannoni nebbiogeni, garantendo cos\u00ec maggiore sicurezza, qualit\u00e0 e credibilit\u00e0 nei confronti dei vostri clienti.<\/p>\n<p>&nbsp;<\/p>\n<p>Al termine dei corsi PROTECT\u2122 E-learning, sarete perfettamente in grado di installare qualsiasi modello della nostra gamma di cannoni nebbiogeni. Questa formazione \u00e8 conforme agli standard internazionali Cenelec, secondo cui gli installatori di allarmi devono ricevere una formazione e superare un test prima di poter installare i dispositivi nebbiogeni.<\/p>\n<p>&nbsp;<\/p>\n<h2>Informazioni Pratiche<\/h2>\n<p><span class=\"TextRun SCXW252189242 BCX0\" lang=\"EN-US\" xml:lang=\"EN-US\" data-contrast=\"auto\"><span class=\"NormalTextRun SCXW252189242 BCX0\">Ogni partecipante ai corsi deve registrarsi compilando il modulo in questa pagina. In seguito invieremo a ciascuno un accesso univoco e un link ai corsi. <\/span><\/span><span class=\"TextRun SCXW252189242 BCX0\" lang=\"EN-US\" xml:lang=\"EN-US\" data-contrast=\"auto\"><span class=\"NormalTextRun SCXW252189242 BCX0\">In seguito invieremo a ciascuno un accesso univoco e un link ai corsi.<\/span><\/span><\/p>\n<p>&nbsp;<\/p>\n<\/div>\n<div class=\"ctbWhiteSpace\"><\/div>\n<div class=\"ctbEditorText\">\n<div id=\"nf-form-13-cont\" class=\"nf-form-cont\" role=\"form\" aria-live=\"polite\" aria-labelledby=\"nf-form-title-13\" aria-describedby=\"nf-form-errors-13\">\n<div class=\"nf-form-wrap ninja-forms-form-wrap\">\n<div class=\"nf-before-form\"><em>I campi contrassegnati da un <span class=\"ninja-forms-req-symbol\">*<\/span> sono obbligatori<\/em><\/div>\n<div><\/div>\n<\/div>\n<\/div>\n<\/div>\n\n<div class=\"wpcf7 no-js\" id=\"wpcf7-f26527-o1\" lang=\"it-IT\" dir=\"ltr\" data-wpcf7-id=\"26527\">\n<div class=\"screen-reader-response\"><p role=\"status\" aria-live=\"polite\" aria-atomic=\"true\"><\/p> <ul><\/ul><\/div>\n<form action=\"\/it\/wp-json\/wp\/v2\/pages\/26528#wpcf7-f26527-o1\" method=\"post\" class=\"wpcf7-form init\" aria-label=\"Modulo di contatto\" novalidate=\"novalidate\" data-status=\"init\">\n<fieldset class=\"hidden-fields-container\"><input type=\"hidden\" name=\"_wpcf7\" value=\"26527\" \/><input type=\"hidden\" name=\"_wpcf7_version\" value=\"6.1.5\" \/><input type=\"hidden\" name=\"_wpcf7_locale\" value=\"it_IT\" \/><input type=\"hidden\" name=\"_wpcf7_unit_tag\" value=\"wpcf7-f26527-o1\" \/><input type=\"hidden\" name=\"_wpcf7_container_post\" value=\"0\" \/><input type=\"hidden\" name=\"_wpcf7_posted_data_hash\" value=\"\" \/><input type=\"hidden\" name=\"ac-tag\" value=\"\" \/><input type=\"hidden\" name=\"_wpcf7_recaptcha_response\" value=\"\" \/>\n<\/fieldset>\n<p><label> Nome*:<br \/>\n<span class=\"wpcf7-form-control-wrap\" data-name=\"first-name\"><input size=\"40\" maxlength=\"400\" class=\"wpcf7-form-control wpcf7-text wpcf7-validates-as-required\" autocomplete=\"name\" aria-required=\"true\" aria-invalid=\"false\" value=\"\" type=\"text\" name=\"first-name\" \/><\/span> <\/label>\n<\/p>\n<p><label> Cognome*:<br \/>\n<span class=\"wpcf7-form-control-wrap\" data-name=\"last-name\"><input size=\"40\" maxlength=\"400\" class=\"wpcf7-form-control wpcf7-text wpcf7-validates-as-required\" autocomplete=\"name\" aria-required=\"true\" aria-invalid=\"false\" value=\"\" type=\"text\" name=\"last-name\" \/><\/span> <\/label>\n<\/p>\n<p><label> Azienda*:<br \/>\n<span class=\"wpcf7-form-control-wrap\" data-name=\"company-name\"><input size=\"40\" maxlength=\"400\" class=\"wpcf7-form-control wpcf7-text wpcf7-validates-as-required\" autocomplete=\"name\" aria-required=\"true\" aria-invalid=\"false\" value=\"\" type=\"text\" name=\"company-name\" \/><\/span> <\/label>\n<\/p>\n<p><label> E-mail*:<br \/>\n<span class=\"wpcf7-form-control-wrap\" data-name=\"your-email\"><input size=\"40\" maxlength=\"400\" class=\"wpcf7-form-control wpcf7-email wpcf7-validates-as-required wpcf7-text wpcf7-validates-as-email\" autocomplete=\"email\" aria-required=\"true\" aria-invalid=\"false\" value=\"\" type=\"email\" name=\"your-email\" \/><\/span> <\/label>\n<\/p>\n<p><label> Numero di telefono*:<br \/>\n<span class=\"wpcf7-form-control-wrap\" data-name=\"phone\"><input size=\"40\" maxlength=\"400\" class=\"wpcf7-form-control wpcf7-tel wpcf7-validates-as-required wpcf7-text wpcf7-validates-as-tel\" autocomplete=\"yourtelephone\" aria-required=\"true\" aria-invalid=\"false\" value=\"\" type=\"tel\" name=\"phone\" \/><\/span> <\/label>\n<\/p>\n<p><label> Seleziona il paese*:<br \/>\n<span class=\"wpcf7-form-control-wrap\" data-name=\"country\"><select class=\"wpcf7-form-control wpcf7-select\" id=\"countries_select\" aria-invalid=\"false\" name=\"country\"><option value=\"\">&#8212;Seleziona un&#039;opzione&#8212;<\/option><\/select><\/span> <\/label>\n<\/p>\n<p><button class=\"button primary\" type=\"submit\">Invia il modulo<\/button>\n<\/p><div class=\"wpcf7-response-output\" aria-hidden=\"true\"><\/div>\n<\/form>\n<\/div>\n\n                            <\/div>\n                        <\/div>\n                                            <\/div>\n                <\/div>\n            <\/div>\n        <\/div>\n    <\/section>\n","protected":false},"excerpt":{"rendered":"","protected":false},"author":11,"featured_media":0,"parent":0,"menu_order":0,"comment_status":"closed","ping_status":"closed","template":"","meta":{"_acf_changed":false,"inline_featured_image":false,"footnotes":""},"class_list":["post-26528","page","type-page","status-publish","hentry"],"acf":[],"yoast_head":"<!-- This site is optimized with the Yoast SEO Premium plugin v27.3 (Yoast SEO v27.3) - https:\/\/yoast.com\/product\/yoast-seo-premium-wordpress\/ -->\n<title>PROTECT E-learning - Iscriviti ai corsi tecnici qui<\/title>\n<meta name=\"description\" content=\"Impara l&#039;installazione dei cannoni nebbiogeni, i prodotti PROTECT Intelli e l&#039;integrazione delle API PROTECT con la nostra piattaforma di E-learning.\" \/>\n<meta name=\"robots\" content=\"index, follow, max-snippet:-1, max-image-preview:large, max-video-preview:-1\" \/>\n<link rel=\"canonical\" href=\"https:\/\/protectglobal.com\/it\/protect-e-learning\/\" \/>\n<meta property=\"og:locale\" content=\"it_IT\" \/>\n<meta property=\"og:type\" content=\"article\" \/>\n<meta property=\"og:title\" content=\"PROTECT E-learning\" \/>\n<meta property=\"og:description\" content=\"Impara l&#039;installazione dei cannoni nebbiogeni, i prodotti PROTECT Intelli e l&#039;integrazione delle API PROTECT con la nostra piattaforma di E-learning.\" \/>\n<meta property=\"og:url\" content=\"https:\/\/protectglobal.com\/it\/protect-e-learning\/\" \/>\n<meta property=\"og:site_name\" content=\"Cannoni di nebbia PROTECT\u2122\" \/>\n<meta property=\"article:publisher\" content=\"https:\/\/www.facebook.com\/PROTECTFogCannon\/\" \/>\n<meta property=\"article:modified_time\" content=\"2025-02-12T12:08:26+00:00\" \/>\n<meta property=\"og:image\" content=\"https:\/\/protectglobal.com\/wp-content\/uploads\/2024\/11\/untitled-09038-scaled.jpg\" \/>\n\t<meta property=\"og:image:width\" content=\"2560\" \/>\n\t<meta property=\"og:image:height\" content=\"1440\" \/>\n\t<meta property=\"og:image:type\" content=\"image\/jpeg\" \/>\n<meta name=\"twitter:card\" content=\"summary_large_image\" \/>\n<meta name=\"twitter:site\" content=\"@PROTECTFOG\" \/>\n<script type=\"application\/ld+json\" class=\"yoast-schema-graph\">{\"@context\":\"https:\\\/\\\/schema.org\",\"@graph\":[{\"@type\":\"WebPage\",\"@id\":\"https:\\\/\\\/protectglobal.com\\\/it\\\/protect-e-learning\\\/\",\"url\":\"https:\\\/\\\/protectglobal.com\\\/it\\\/protect-e-learning\\\/\",\"name\":\"PROTECT E-learning - Iscriviti ai corsi tecnici qui\",\"isPartOf\":{\"@id\":\"https:\\\/\\\/protectglobal.com\\\/it\\\/#website\"},\"datePublished\":\"2024-11-21T09:33:39+00:00\",\"dateModified\":\"2025-02-12T12:08:26+00:00\",\"description\":\"Impara l'installazione dei cannoni nebbiogeni, i prodotti PROTECT Intelli e l'integrazione delle API PROTECT con la nostra piattaforma di E-learning.\",\"breadcrumb\":{\"@id\":\"https:\\\/\\\/protectglobal.com\\\/it\\\/protect-e-learning\\\/#breadcrumb\"},\"inLanguage\":\"it-IT\",\"potentialAction\":[{\"@type\":\"ReadAction\",\"target\":[\"https:\\\/\\\/protectglobal.com\\\/it\\\/protect-e-learning\\\/\"]}]},{\"@type\":\"BreadcrumbList\",\"@id\":\"https:\\\/\\\/protectglobal.com\\\/it\\\/protect-e-learning\\\/#breadcrumb\",\"itemListElement\":[{\"@type\":\"ListItem\",\"position\":1,\"name\":\"Hjem\",\"item\":\"https:\\\/\\\/protectglobal.com\\\/it\\\/\"},{\"@type\":\"ListItem\",\"position\":2,\"name\":\"PROTECT E-learning\"}]},{\"@type\":\"WebSite\",\"@id\":\"https:\\\/\\\/protectglobal.com\\\/it\\\/#website\",\"url\":\"https:\\\/\\\/protectglobal.com\\\/it\\\/\",\"name\":\"PROTECT Fog Cannons\u2122\",\"description\":\"\",\"publisher\":{\"@id\":\"https:\\\/\\\/protectglobal.com\\\/it\\\/#organization\"},\"potentialAction\":[{\"@type\":\"SearchAction\",\"target\":{\"@type\":\"EntryPoint\",\"urlTemplate\":\"https:\\\/\\\/protectglobal.com\\\/it\\\/?s={search_term_string}\"},\"query-input\":{\"@type\":\"PropertyValueSpecification\",\"valueRequired\":true,\"valueName\":\"search_term_string\"}}],\"inLanguage\":\"it-IT\"},{\"@type\":\"Organization\",\"@id\":\"https:\\\/\\\/protectglobal.com\\\/it\\\/#organization\",\"name\":\"PROTECT Fog Cannons\u2122\",\"url\":\"https:\\\/\\\/protectglobal.com\\\/it\\\/\",\"logo\":{\"@type\":\"ImageObject\",\"inLanguage\":\"it-IT\",\"@id\":\"https:\\\/\\\/protectglobal.com\\\/it\\\/#\\\/schema\\\/logo\\\/image\\\/\",\"url\":\"https:\\\/\\\/protectglobal.com\\\/wp-content\\\/uploads\\\/2023\\\/10\\\/logo.svg\",\"contentUrl\":\"https:\\\/\\\/protectglobal.com\\\/wp-content\\\/uploads\\\/2023\\\/10\\\/logo.svg\",\"width\":90,\"height\":40,\"caption\":\"PROTECT Fog Cannons\u2122\"},\"image\":{\"@id\":\"https:\\\/\\\/protectglobal.com\\\/it\\\/#\\\/schema\\\/logo\\\/image\\\/\"},\"sameAs\":[\"https:\\\/\\\/www.facebook.com\\\/PROTECTFogCannon\\\/\",\"https:\\\/\\\/x.com\\\/PROTECTFOG\",\"https:\\\/\\\/www.linkedin.com\\\/company\\\/protect-a-s\\\/\",\"https:\\\/\\\/www.youtube.com\\\/user\\\/PROTECTFogCannon\"],\"description\":\"PROTECT\u2122 specializes in security fog solutions, protecting valuables in retail, banks, warehouses any many other industries across more than 50 countries. With over 175,000 fog cannons installed, our systems fill rooms with dense fog in seconds, deterring burglars and preventing theft. We focus on providing reliable, durable, and easy-to-install solutions for enhanced security and peace of mind.\",\"email\":\"info@protectglobal.com\",\"telephone\":\"+45 8672 1881\",\"legalName\":\"PROTECT A\\\/S\",\"foundingDate\":\"2000-09-28\",\"vatID\":\"25687272\",\"numberOfEmployees\":{\"@type\":\"QuantitativeValue\",\"minValue\":\"11\",\"maxValue\":\"50\"}}]}<\/script>\n<!-- \/ Yoast SEO Premium plugin. -->","yoast_head_json":{"title":"PROTECT E-learning - Iscriviti ai corsi tecnici qui","description":"Impara l'installazione dei cannoni nebbiogeni, i prodotti PROTECT Intelli e l'integrazione delle API PROTECT con la nostra piattaforma di E-learning.","robots":{"index":"index","follow":"follow","max-snippet":"max-snippet:-1","max-image-preview":"max-image-preview:large","max-video-preview":"max-video-preview:-1"},"canonical":"https:\/\/protectglobal.com\/it\/protect-e-learning\/","og_locale":"it_IT","og_type":"article","og_title":"PROTECT E-learning","og_description":"Impara l'installazione dei cannoni nebbiogeni, i prodotti PROTECT Intelli e l'integrazione delle API PROTECT con la nostra piattaforma di E-learning.","og_url":"https:\/\/protectglobal.com\/it\/protect-e-learning\/","og_site_name":"Cannoni di nebbia PROTECT\u2122","article_publisher":"https:\/\/www.facebook.com\/PROTECTFogCannon\/","article_modified_time":"2025-02-12T12:08:26+00:00","og_image":[{"width":2560,"height":1440,"url":"https:\/\/protectglobal.com\/wp-content\/uploads\/2024\/11\/untitled-09038-scaled.jpg","type":"image\/jpeg"}],"twitter_card":"summary_large_image","twitter_site":"@PROTECTFOG","schema":{"@context":"https:\/\/schema.org","@graph":[{"@type":"WebPage","@id":"https:\/\/protectglobal.com\/it\/protect-e-learning\/","url":"https:\/\/protectglobal.com\/it\/protect-e-learning\/","name":"PROTECT E-learning - Iscriviti ai corsi tecnici qui","isPartOf":{"@id":"https:\/\/protectglobal.com\/it\/#website"},"datePublished":"2024-11-21T09:33:39+00:00","dateModified":"2025-02-12T12:08:26+00:00","description":"Impara l'installazione dei cannoni nebbiogeni, i prodotti PROTECT Intelli e l'integrazione delle API PROTECT con la nostra piattaforma di E-learning.","breadcrumb":{"@id":"https:\/\/protectglobal.com\/it\/protect-e-learning\/#breadcrumb"},"inLanguage":"it-IT","potentialAction":[{"@type":"ReadAction","target":["https:\/\/protectglobal.com\/it\/protect-e-learning\/"]}]},{"@type":"BreadcrumbList","@id":"https:\/\/protectglobal.com\/it\/protect-e-learning\/#breadcrumb","itemListElement":[{"@type":"ListItem","position":1,"name":"Hjem","item":"https:\/\/protectglobal.com\/it\/"},{"@type":"ListItem","position":2,"name":"PROTECT E-learning"}]},{"@type":"WebSite","@id":"https:\/\/protectglobal.com\/it\/#website","url":"https:\/\/protectglobal.com\/it\/","name":"PROTECT Fog Cannons\u2122","description":"","publisher":{"@id":"https:\/\/protectglobal.com\/it\/#organization"},"potentialAction":[{"@type":"SearchAction","target":{"@type":"EntryPoint","urlTemplate":"https:\/\/protectglobal.com\/it\/?s={search_term_string}"},"query-input":{"@type":"PropertyValueSpecification","valueRequired":true,"valueName":"search_term_string"}}],"inLanguage":"it-IT"},{"@type":"Organization","@id":"https:\/\/protectglobal.com\/it\/#organization","name":"PROTECT Fog Cannons\u2122","url":"https:\/\/protectglobal.com\/it\/","logo":{"@type":"ImageObject","inLanguage":"it-IT","@id":"https:\/\/protectglobal.com\/it\/#\/schema\/logo\/image\/","url":"https:\/\/protectglobal.com\/wp-content\/uploads\/2023\/10\/logo.svg","contentUrl":"https:\/\/protectglobal.com\/wp-content\/uploads\/2023\/10\/logo.svg","width":90,"height":40,"caption":"PROTECT Fog Cannons\u2122"},"image":{"@id":"https:\/\/protectglobal.com\/it\/#\/schema\/logo\/image\/"},"sameAs":["https:\/\/www.facebook.com\/PROTECTFogCannon\/","https:\/\/x.com\/PROTECTFOG","https:\/\/www.linkedin.com\/company\/protect-a-s\/","https:\/\/www.youtube.com\/user\/PROTECTFogCannon"],"description":"PROTECT\u2122 specializes in security fog solutions, protecting valuables in retail, banks, warehouses any many other industries across more than 50 countries. With over 175,000 fog cannons installed, our systems fill rooms with dense fog in seconds, deterring burglars and preventing theft. We focus on providing reliable, durable, and easy-to-install solutions for enhanced security and peace of mind.","email":"info@protectglobal.com","telephone":"+45 8672 1881","legalName":"PROTECT A\/S","foundingDate":"2000-09-28","vatID":"25687272","numberOfEmployees":{"@type":"QuantitativeValue","minValue":"11","maxValue":"50"}}]}},"_links":{"self":[{"href":"https:\/\/protectglobal.com\/it\/wp-json\/wp\/v2\/pages\/26528","targetHints":{"allow":["GET"]}}],"collection":[{"href":"https:\/\/protectglobal.com\/it\/wp-json\/wp\/v2\/pages"}],"about":[{"href":"https:\/\/protectglobal.com\/it\/wp-json\/wp\/v2\/types\/page"}],"author":[{"embeddable":true,"href":"https:\/\/protectglobal.com\/it\/wp-json\/wp\/v2\/users\/11"}],"replies":[{"embeddable":true,"href":"https:\/\/protectglobal.com\/it\/wp-json\/wp\/v2\/comments?post=26528"}],"version-history":[{"count":2,"href":"https:\/\/protectglobal.com\/it\/wp-json\/wp\/v2\/pages\/26528\/revisions"}],"predecessor-version":[{"id":26530,"href":"https:\/\/protectglobal.com\/it\/wp-json\/wp\/v2\/pages\/26528\/revisions\/26530"}],"wp:attachment":[{"href":"https:\/\/protectglobal.com\/it\/wp-json\/wp\/v2\/media?parent=26528"}],"curies":[{"name":"wp","href":"https:\/\/api.w.org\/{rel}","templated":true}]}}