{"id":16375,"date":"2024-06-11T08:12:37","date_gmt":"2024-06-11T08:12:37","guid":{"rendered":"https:\/\/protectglobal.com\/service\/"},"modified":"2025-01-22T09:30:37","modified_gmt":"2025-01-22T09:30:37","slug":"servizio","status":"publish","type":"page","link":"https:\/\/protectglobal.com\/it\/servizio\/","title":{"rendered":"Servizio"},"content":{"rendered":"\n\n\n\n    <div class=\"two-col-layout-block custom-block white py-5\" style=\"\">\n        <div class=\"container py-xxl-5\" data-aos=\"fade-in\">\n            <div class=\"row gap-4 m-auto py-xxl-5 \">\n                <blockquote class=\"col-sm p-0 m-0 content white\">\n                    <div class=\"heading-section\"> \n                                                                            <blockquote class=\"heading h2 mb-4\"><h2>Manutenzione Annuale<\/h2>\n<\/blockquote>\n                                            <\/div>\n                                            <div class=\"col-md mobile-image d-lg-none my-4\">\n                            <img decoding=\"async\" class=\"rounder lazyload\" data-src=\"https:\/\/protectglobal.com\/wp-content\/uploads\/2024\/04\/montering-af-maskine-frame-at-0m7s-1024x576.jpg\" alt=\"fog cannon installation\" src=\"data:image\/svg+xml;base64,PHN2ZyB3aWR0aD0iMSIgaGVpZ2h0PSIxIiB4bWxucz0iaHR0cDovL3d3dy53My5vcmcvMjAwMC9zdmciPjwvc3ZnPg==\" style=\"--smush-placeholder-width: 1024px; --smush-placeholder-aspect-ratio: 1024\/576;\">       \n                        <\/div>\n                           \n                                            <div class=\"body-text\"><p>L&#8217;affidabilit\u00e0 \u00e8 fondamentale per l&#8217;efficacia del tuo sistema di sicurezza, per la tua sensazione di sicurezza e per le conseguenze economiche in caso di furto. Per questo motivo, \u00e8 importante stipulare un accordo di manutenzione e assistenza per l&#8217;installazione del nebbiogeno con un installatore di allarmi autorizzato.<\/p>\n<p>&nbsp;<\/p>\n<p>Se all&#8217;improvviso si verifica un guasto o se il contenitore del fluido deve essere sostituito, devi contattare un installatore di allarme autorizzato (generalmente dove hai acquistato il cannone nebbiogeno).<\/p>\n<p>&nbsp;<\/p>\n<p>PROTECT\u2122 raccomanda una ispezione tecnica del cannone nebbiogeno una volta all&#8217;anno.<\/p>\n<\/div>\n                    \n                                            <div class=\"button-group container-sm d-sm-flex gap-3 h-auto my-4 p-0\">  \n                            <a href=\"https:\/\/protectglobal.com\/it\/download\/service-checklist\/\" class=\"d-flex gap-3 justify-content-center justify-content-md-start button align-items-center primary\" target=\"_blank\">\n       Leggi la checklist del servizio       <i class=\"icon-chevron\"><\/i>\n    <\/a>\n                        <\/div>\n                                                        <\/blockquote>\n                                    <div  class=\"col-lg-7 d-none d-lg-block desktop-image p-0 m-0 \">\n                        <img decoding=\"async\" class=\"rounder lazyload\" data-src=\"https:\/\/protectglobal.com\/wp-content\/uploads\/2024\/04\/montering-af-maskine-frame-at-0m7s-1024x576.jpg\" alt=\"fog cannon installation\" src=\"data:image\/svg+xml;base64,PHN2ZyB3aWR0aD0iMSIgaGVpZ2h0PSIxIiB4bWxucz0iaHR0cDovL3d3dy53My5vcmcvMjAwMC9zdmciPjwvc3ZnPg==\" style=\"--smush-placeholder-width: 1024px; --smush-placeholder-aspect-ratio: 1024\/576;\">\n                        <i class=\"image-graphic d-none white\"><\/i>       \n                    <\/div>\n                       \n            <\/div>\n        <\/div>\n    <\/div>\n\n\n\n\n\n\n\n    <div class=\"two-column-list-block black-bg custom-block p-3 py-5 p-3\" style=\"\">\n        <section class=\"list-columns-wrapper container \" data-aos=\"fade-in\">\n\n\t\t\t\t\t\t\t<div class=\"font-white mb-4\"><h4>Un&#8217;ispezione tecnica consiste tipicamente in<\/h4>\n<\/div>\n\t\t\t\n\t\t\t<blockquote class=\"d-lg-flex flex-row-reverse justify-content-between\">\n\n                <div class=\"list-col-1\">\n                                                <ul class=\"m-0 p-0\">\n                                \n                                    <li class=\"font-white check custom-list\"><p>Un&#8217;ispezione in scala reale, in cui viene testata l&#8217;interazione con tutti i sistemi (anche un eventuale sistema di allarme antincendio)<\/p>\n<\/li>\n\n                                \n                                    <li class=\"font-white check custom-list\"><p>Ispezione visiva dell&#8217;ugello (\u00e8 intatto e privo di corpi estranei?)<\/p>\n<\/li>\n\n                                \n                                    <li class=\"font-white check custom-list\"><p>Controllare gli interruttori antimanomissione<\/p>\n<\/li>\n\n                                                            <\/ul>\n                        \n\n                                    <\/div>\n                <div class=\"list-col-2\">\n                                                <ul class=\"m-0 p-0\">\n                                \n                                    <li class=\"font-white check custom-list\"><p>Verifica della capacit\u00e0 di carico e dell&#8217;et\u00e0 della batteria (le batterie di 2 anni o pi\u00f9 dovrebbero essere sempre sostituite)<\/p>\n<\/li>\n\n                                \n                                    <li class=\"font-white check custom-list\"><p>Controllo di eventuali messaggi di guasto sul cannone nebbiogeno<\/p>\n<\/li>\n\n                                \n                                    <li class=\"font-white check custom-list\"><p>Controllo del sensore di verifica<\/p>\n<\/li>\n\n                                \n                                    <li class=\"font-white check custom-list\"><p>Esame visivo del fluido nebbiogeno. Se scolorito, il fluido nebbiogeno va sostituito<\/p>\n<\/li>\n\n                                                            <\/ul>\n                        \n\n                                    <\/div>\n\n\n            <\/blockquote>\n\n        <\/section>\n    <\/div>\n\n\n\n\n\n                <section class=\"pb-5 two-column-cards\">\n            <div class=\"container py-xxl-5 py-5\" data-aos=\"fade-in\">\n                <div class=\"row pt-5 row-cols-1\">\n                    <h2>Assistenza e manutenzione semplice<\/h2>\n                <\/div>\n                <div class=\"row row-cols-1 row-cols-md-2 row-gap-4\">\n                                        <div class=\"\" data-aos=\"fade-in\">\n                        <a class=\"card d-flex flex-column justify-content-end p-4 position-relative lazyload\" target=\"_blank\" href=\"https:\/\/protectglobal.com\/it\/supporto-tecnico-per-gli-installatori\/\" style=\"border: none; background:inherit;\" data-bg=\"linear-gradient(180deg, rgba(0, 0, 0, 0.00) 0%, #000 100%), url(https:\/\/protectglobal.com\/wp-content\/uploads\/2024\/03\/montering-af-maskine-frame-at-0m17s-1024x576.jpg), lightgray 50% \/ cover no-repeat\">\n                            <blockquote>\n                                <div class=\"article-description\">\n                                    <div class=\"title\">\n                                        <h3 class=\"fs-5 font-white\">Assistenza tecnica per gli installatori<\/h3>\n                                    <\/div>\n                                    <p class=\"fs-6 font-white\">L&#8217;affidabilit\u00e0 \u00e8 fondamentale per l&#8217;efficacia del tuo sistema di sicurezza, per la tua sensazione di sicurezza e per le conseguenze economiche in caso di furto.<\/p>\n                                    \n                                    <div class=\"button-group font-white d-flex container-sm mt-3 h-auto p-0 gap-3 d-flex justify-content-between align-items-center justify-content-md-start button tertiary\">\n                                        Assistenza tecnica per gli installatori \n                                        <div class=\"button tertiary\">\n                                            <i class=\"icon-chevron\"><\/i>\n                                        <\/div>\n                                    <\/div>\n                                <\/div>\n                            <\/blockquote>\n                        <\/a>\n                    <\/div>\n                                        <div class=\"\" data-aos=\"fade-in\">\n                        <a class=\"card d-flex flex-column justify-content-end p-4 position-relative lazyload\" target=\"_blank\" href=\"https:\/\/protectglobal.com\/it\/product\/protect-intellicloud\/\" style=\"border: none; background:inherit;\" data-bg=\"linear-gradient(180deg, rgba(0, 0, 0, 0.00) 0%, #000 100%), url(https:\/\/protectglobal.com\/wp-content\/uploads\/2024\/03\/intellicloud.png), lightgray 50% \/ cover no-repeat\">\n                            <blockquote>\n                                <div class=\"article-description\">\n                                    <div class=\"title\">\n                                        <h3 class=\"fs-5 font-white\">Un nuovo strumento di reporting<\/h3>\n                                    <\/div>\n                                    <p class=\"fs-6 font-white\">Con IntelliCloud\u2122, puoi monitorare in remoto i tuoi cannoni nebbiogeni da qualsiasi dispositivo, ovunque.<\/p>\n                                    \n                                    <div class=\"button-group font-white d-flex container-sm mt-3 h-auto p-0 gap-3 d-flex justify-content-between align-items-center justify-content-md-start button tertiary\">\n                                        PROTECT IntelliCloud\u2122 \n                                        <div class=\"button tertiary\">\n                                            <i class=\"icon-chevron\"><\/i>\n                                        <\/div>\n                                    <\/div>\n                                <\/div>\n                            <\/blockquote>\n                        <\/a>\n                    <\/div>\n                                        <div class=\"\" data-aos=\"fade-in\">\n                        <a class=\"card d-flex flex-column justify-content-end p-4 position-relative lazyload\" target=\"_blank\" href=\"https:\/\/protectglobal.com\/it\/manutenzione\/\" style=\"border: none; background:inherit;\" data-bg=\"linear-gradient(180deg, rgba(0, 0, 0, 0.00) 0%, #000 100%), url(https:\/\/protectglobal.com\/wp-content\/uploads\/2024\/07\/montering-af-maskine-frame-at-0m39s-1024x576.jpg), lightgray 50% \/ cover no-repeat\">\n                            <blockquote>\n                                <div class=\"article-description\">\n                                    <div class=\"title\">\n                                        <h3 class=\"fs-5 font-white\">Manutenzione<\/h3>\n                                    <\/div>\n                                    <p class=\"fs-6 font-white\">Un cannone nebbiogeno PROTECT\u2122 richiede una manutenzione minima.<\/p>\n                                    \n                                    <div class=\"button-group font-white d-flex container-sm mt-3 h-auto p-0 gap-3 d-flex justify-content-between align-items-center justify-content-md-start button tertiary\">\n                                        Manutenzione \n                                        <div class=\"button tertiary\">\n                                            <i class=\"icon-chevron\"><\/i>\n                                        <\/div>\n                                    <\/div>\n                                <\/div>\n                            <\/blockquote>\n                        <\/a>\n                    <\/div>\n                                        <div class=\"\" data-aos=\"fade-in\">\n                        <a class=\"card d-flex flex-column justify-content-end p-4 position-relative lazyload\" target=\"_blank\" href=\"https:\/\/protectglobal.com\/it\/garanzia\/\" style=\"border: none; background:inherit;\" data-bg=\"linear-gradient(180deg, rgba(0, 0, 0, 0.00) 0%, #000 100%), url(https:\/\/protectglobal.com\/wp-content\/uploads\/2023\/10\/c4c5e388a3bfe162c2eab822bc3abf81.png), lightgray 50% \/ cover no-repeat\">\n                            <blockquote>\n                                <div class=\"article-description\">\n                                    <div class=\"title\">\n                                        <h3 class=\"fs-5 font-white\">Garanzia<\/h3>\n                                    <\/div>\n                                    <p class=\"fs-6 font-white\">Estensione della garanzia del produttore grazie ai cannoni nebbiogeni di alta qualit\u00e0, immuni da reclami.<\/p>\n                                    \n                                    <div class=\"button-group font-white d-flex container-sm mt-3 h-auto p-0 gap-3 d-flex justify-content-between align-items-center justify-content-md-start button tertiary\">\n                                        Garanzia di cinque anni senza costi aggiuntivi! \n                                        <div class=\"button tertiary\">\n                                            <i class=\"icon-chevron\"><\/i>\n                                        <\/div>\n                                    <\/div>\n                                <\/div>\n                            <\/blockquote>\n                        <\/a>\n                    <\/div>\n                                    <\/div>\n            <\/div>\n        <\/section>\n    ","protected":false},"excerpt":{"rendered":"","protected":false},"author":11,"featured_media":20400,"parent":0,"menu_order":0,"comment_status":"closed","ping_status":"closed","template":"","meta":{"_acf_changed":false,"inline_featured_image":false,"footnotes":""},"class_list":["post-16375","page","type-page","status-publish","has-post-thumbnail","hentry"],"acf":[],"yoast_head":"<!-- This site is optimized with the Yoast SEO Premium plugin v27.3 (Yoast SEO v27.3) - https:\/\/yoast.com\/product\/yoast-seo-premium-wordpress\/ -->\n<title>Servizio - Nebbiogeni ben mantenuti per la massima tranquillit\u00e0<\/title>\n<meta name=\"description\" content=\"Mantieni affidabile il tuo nebbiogeno PROTECT con controlli annuali. Contatta installatori autorizzati e approfitta della garanzia di 5 anni.\" \/>\n<meta name=\"robots\" content=\"index, follow, max-snippet:-1, max-image-preview:large, max-video-preview:-1\" \/>\n<link rel=\"canonical\" href=\"https:\/\/protectglobal.com\/it\/servizio\/\" \/>\n<meta property=\"og:locale\" content=\"it_IT\" \/>\n<meta property=\"og:type\" content=\"article\" \/>\n<meta property=\"og:title\" content=\"Servizio\" \/>\n<meta property=\"og:description\" content=\"Mantieni affidabile il tuo nebbiogeno PROTECT con controlli annuali. Contatta installatori autorizzati e approfitta della garanzia di 5 anni.\" \/>\n<meta property=\"og:url\" content=\"https:\/\/protectglobal.com\/it\/servizio\/\" \/>\n<meta property=\"og:site_name\" content=\"Cannoni di nebbia PROTECT\u2122\" \/>\n<meta property=\"article:publisher\" content=\"https:\/\/www.facebook.com\/PROTECTFogCannon\/\" \/>\n<meta property=\"article:modified_time\" content=\"2025-01-22T09:30:37+00:00\" \/>\n<meta property=\"og:image\" content=\"https:\/\/protectglobal.com\/wp-content\/uploads\/2024\/09\/a4a4805_2_-1024x683.jpg\" \/>\n\t<meta property=\"og:image:width\" content=\"1024\" \/>\n\t<meta property=\"og:image:height\" content=\"683\" \/>\n\t<meta property=\"og:image:type\" content=\"image\/jpeg\" \/>\n<meta name=\"twitter:card\" content=\"summary_large_image\" \/>\n<meta name=\"twitter:site\" content=\"@PROTECTFOG\" \/>\n<meta name=\"twitter:label1\" content=\"Tempo di lettura stimato\" \/>\n\t<meta name=\"twitter:data1\" content=\"1 minuto\" \/>\n<script type=\"application\/ld+json\" class=\"yoast-schema-graph\">{\"@context\":\"https:\\\/\\\/schema.org\",\"@graph\":[{\"@type\":\"WebPage\",\"@id\":\"https:\\\/\\\/protectglobal.com\\\/it\\\/servizio\\\/\",\"url\":\"https:\\\/\\\/protectglobal.com\\\/it\\\/servizio\\\/\",\"name\":\"Servizio - Nebbiogeni ben mantenuti per la massima tranquillit\u00e0\",\"isPartOf\":{\"@id\":\"https:\\\/\\\/protectglobal.com\\\/it\\\/#website\"},\"primaryImageOfPage\":{\"@id\":\"https:\\\/\\\/protectglobal.com\\\/it\\\/servizio\\\/#primaryimage\"},\"image\":{\"@id\":\"https:\\\/\\\/protectglobal.com\\\/it\\\/servizio\\\/#primaryimage\"},\"thumbnailUrl\":\"https:\\\/\\\/protectglobal.com\\\/wp-content\\\/uploads\\\/2024\\\/09\\\/a4a4805_2_-scaled.jpg\",\"datePublished\":\"2024-06-11T08:12:37+00:00\",\"dateModified\":\"2025-01-22T09:30:37+00:00\",\"description\":\"Mantieni affidabile il tuo nebbiogeno PROTECT con controlli annuali. Contatta installatori autorizzati e approfitta della garanzia di 5 anni.\",\"breadcrumb\":{\"@id\":\"https:\\\/\\\/protectglobal.com\\\/it\\\/servizio\\\/#breadcrumb\"},\"inLanguage\":\"it-IT\",\"potentialAction\":[{\"@type\":\"ReadAction\",\"target\":[\"https:\\\/\\\/protectglobal.com\\\/it\\\/servizio\\\/\"]}]},{\"@type\":\"ImageObject\",\"inLanguage\":\"it-IT\",\"@id\":\"https:\\\/\\\/protectglobal.com\\\/it\\\/servizio\\\/#primaryimage\",\"url\":\"https:\\\/\\\/protectglobal.com\\\/wp-content\\\/uploads\\\/2024\\\/09\\\/a4a4805_2_-scaled.jpg\",\"contentUrl\":\"https:\\\/\\\/protectglobal.com\\\/wp-content\\\/uploads\\\/2024\\\/09\\\/a4a4805_2_-scaled.jpg\",\"width\":5472,\"height\":3648,\"caption\":\"fog cannon service\"},{\"@type\":\"BreadcrumbList\",\"@id\":\"https:\\\/\\\/protectglobal.com\\\/it\\\/servizio\\\/#breadcrumb\",\"itemListElement\":[{\"@type\":\"ListItem\",\"position\":1,\"name\":\"Hjem\",\"item\":\"https:\\\/\\\/protectglobal.com\\\/it\\\/\"},{\"@type\":\"ListItem\",\"position\":2,\"name\":\"Servizio\"}]},{\"@type\":\"WebSite\",\"@id\":\"https:\\\/\\\/protectglobal.com\\\/it\\\/#website\",\"url\":\"https:\\\/\\\/protectglobal.com\\\/it\\\/\",\"name\":\"PROTECT Fog Cannons\u2122\",\"description\":\"\",\"publisher\":{\"@id\":\"https:\\\/\\\/protectglobal.com\\\/it\\\/#organization\"},\"potentialAction\":[{\"@type\":\"SearchAction\",\"target\":{\"@type\":\"EntryPoint\",\"urlTemplate\":\"https:\\\/\\\/protectglobal.com\\\/it\\\/?s={search_term_string}\"},\"query-input\":{\"@type\":\"PropertyValueSpecification\",\"valueRequired\":true,\"valueName\":\"search_term_string\"}}],\"inLanguage\":\"it-IT\"},{\"@type\":\"Organization\",\"@id\":\"https:\\\/\\\/protectglobal.com\\\/it\\\/#organization\",\"name\":\"PROTECT Fog Cannons\u2122\",\"url\":\"https:\\\/\\\/protectglobal.com\\\/it\\\/\",\"logo\":{\"@type\":\"ImageObject\",\"inLanguage\":\"it-IT\",\"@id\":\"https:\\\/\\\/protectglobal.com\\\/it\\\/#\\\/schema\\\/logo\\\/image\\\/\",\"url\":\"https:\\\/\\\/protectglobal.com\\\/wp-content\\\/uploads\\\/2023\\\/10\\\/logo.svg\",\"contentUrl\":\"https:\\\/\\\/protectglobal.com\\\/wp-content\\\/uploads\\\/2023\\\/10\\\/logo.svg\",\"width\":90,\"height\":40,\"caption\":\"PROTECT Fog Cannons\u2122\"},\"image\":{\"@id\":\"https:\\\/\\\/protectglobal.com\\\/it\\\/#\\\/schema\\\/logo\\\/image\\\/\"},\"sameAs\":[\"https:\\\/\\\/www.facebook.com\\\/PROTECTFogCannon\\\/\",\"https:\\\/\\\/x.com\\\/PROTECTFOG\",\"https:\\\/\\\/www.linkedin.com\\\/company\\\/protect-a-s\\\/\",\"https:\\\/\\\/www.youtube.com\\\/user\\\/PROTECTFogCannon\"],\"description\":\"PROTECT\u2122 specializes in security fog solutions, protecting valuables in retail, banks, warehouses any many other industries across more than 50 countries. With over 175,000 fog cannons installed, our systems fill rooms with dense fog in seconds, deterring burglars and preventing theft. We focus on providing reliable, durable, and easy-to-install solutions for enhanced security and peace of mind.\",\"email\":\"info@protectglobal.com\",\"telephone\":\"+45 8672 1881\",\"legalName\":\"PROTECT A\\\/S\",\"foundingDate\":\"2000-09-28\",\"vatID\":\"25687272\",\"numberOfEmployees\":{\"@type\":\"QuantitativeValue\",\"minValue\":\"11\",\"maxValue\":\"50\"}}]}<\/script>\n<!-- \/ Yoast SEO Premium plugin. -->","yoast_head_json":{"title":"Servizio - Nebbiogeni ben mantenuti per la massima tranquillit\u00e0","description":"Mantieni affidabile il tuo nebbiogeno PROTECT con controlli annuali. Contatta installatori autorizzati e approfitta della garanzia di 5 anni.","robots":{"index":"index","follow":"follow","max-snippet":"max-snippet:-1","max-image-preview":"max-image-preview:large","max-video-preview":"max-video-preview:-1"},"canonical":"https:\/\/protectglobal.com\/it\/servizio\/","og_locale":"it_IT","og_type":"article","og_title":"Servizio","og_description":"Mantieni affidabile il tuo nebbiogeno PROTECT con controlli annuali. Contatta installatori autorizzati e approfitta della garanzia di 5 anni.","og_url":"https:\/\/protectglobal.com\/it\/servizio\/","og_site_name":"Cannoni di nebbia PROTECT\u2122","article_publisher":"https:\/\/www.facebook.com\/PROTECTFogCannon\/","article_modified_time":"2025-01-22T09:30:37+00:00","og_image":[{"width":1024,"height":683,"url":"https:\/\/protectglobal.com\/wp-content\/uploads\/2024\/09\/a4a4805_2_-1024x683.jpg","type":"image\/jpeg"}],"twitter_card":"summary_large_image","twitter_site":"@PROTECTFOG","twitter_misc":{"Tempo di lettura stimato":"1 minuto"},"schema":{"@context":"https:\/\/schema.org","@graph":[{"@type":"WebPage","@id":"https:\/\/protectglobal.com\/it\/servizio\/","url":"https:\/\/protectglobal.com\/it\/servizio\/","name":"Servizio - Nebbiogeni ben mantenuti per la massima tranquillit\u00e0","isPartOf":{"@id":"https:\/\/protectglobal.com\/it\/#website"},"primaryImageOfPage":{"@id":"https:\/\/protectglobal.com\/it\/servizio\/#primaryimage"},"image":{"@id":"https:\/\/protectglobal.com\/it\/servizio\/#primaryimage"},"thumbnailUrl":"https:\/\/protectglobal.com\/wp-content\/uploads\/2024\/09\/a4a4805_2_-scaled.jpg","datePublished":"2024-06-11T08:12:37+00:00","dateModified":"2025-01-22T09:30:37+00:00","description":"Mantieni affidabile il tuo nebbiogeno PROTECT con controlli annuali. Contatta installatori autorizzati e approfitta della garanzia di 5 anni.","breadcrumb":{"@id":"https:\/\/protectglobal.com\/it\/servizio\/#breadcrumb"},"inLanguage":"it-IT","potentialAction":[{"@type":"ReadAction","target":["https:\/\/protectglobal.com\/it\/servizio\/"]}]},{"@type":"ImageObject","inLanguage":"it-IT","@id":"https:\/\/protectglobal.com\/it\/servizio\/#primaryimage","url":"https:\/\/protectglobal.com\/wp-content\/uploads\/2024\/09\/a4a4805_2_-scaled.jpg","contentUrl":"https:\/\/protectglobal.com\/wp-content\/uploads\/2024\/09\/a4a4805_2_-scaled.jpg","width":5472,"height":3648,"caption":"fog cannon service"},{"@type":"BreadcrumbList","@id":"https:\/\/protectglobal.com\/it\/servizio\/#breadcrumb","itemListElement":[{"@type":"ListItem","position":1,"name":"Hjem","item":"https:\/\/protectglobal.com\/it\/"},{"@type":"ListItem","position":2,"name":"Servizio"}]},{"@type":"WebSite","@id":"https:\/\/protectglobal.com\/it\/#website","url":"https:\/\/protectglobal.com\/it\/","name":"PROTECT Fog Cannons\u2122","description":"","publisher":{"@id":"https:\/\/protectglobal.com\/it\/#organization"},"potentialAction":[{"@type":"SearchAction","target":{"@type":"EntryPoint","urlTemplate":"https:\/\/protectglobal.com\/it\/?s={search_term_string}"},"query-input":{"@type":"PropertyValueSpecification","valueRequired":true,"valueName":"search_term_string"}}],"inLanguage":"it-IT"},{"@type":"Organization","@id":"https:\/\/protectglobal.com\/it\/#organization","name":"PROTECT Fog Cannons\u2122","url":"https:\/\/protectglobal.com\/it\/","logo":{"@type":"ImageObject","inLanguage":"it-IT","@id":"https:\/\/protectglobal.com\/it\/#\/schema\/logo\/image\/","url":"https:\/\/protectglobal.com\/wp-content\/uploads\/2023\/10\/logo.svg","contentUrl":"https:\/\/protectglobal.com\/wp-content\/uploads\/2023\/10\/logo.svg","width":90,"height":40,"caption":"PROTECT Fog Cannons\u2122"},"image":{"@id":"https:\/\/protectglobal.com\/it\/#\/schema\/logo\/image\/"},"sameAs":["https:\/\/www.facebook.com\/PROTECTFogCannon\/","https:\/\/x.com\/PROTECTFOG","https:\/\/www.linkedin.com\/company\/protect-a-s\/","https:\/\/www.youtube.com\/user\/PROTECTFogCannon"],"description":"PROTECT\u2122 specializes in security fog solutions, protecting valuables in retail, banks, warehouses any many other industries across more than 50 countries. With over 175,000 fog cannons installed, our systems fill rooms with dense fog in seconds, deterring burglars and preventing theft. We focus on providing reliable, durable, and easy-to-install solutions for enhanced security and peace of mind.","email":"info@protectglobal.com","telephone":"+45 8672 1881","legalName":"PROTECT A\/S","foundingDate":"2000-09-28","vatID":"25687272","numberOfEmployees":{"@type":"QuantitativeValue","minValue":"11","maxValue":"50"}}]}},"_links":{"self":[{"href":"https:\/\/protectglobal.com\/it\/wp-json\/wp\/v2\/pages\/16375","targetHints":{"allow":["GET"]}}],"collection":[{"href":"https:\/\/protectglobal.com\/it\/wp-json\/wp\/v2\/pages"}],"about":[{"href":"https:\/\/protectglobal.com\/it\/wp-json\/wp\/v2\/types\/page"}],"author":[{"embeddable":true,"href":"https:\/\/protectglobal.com\/it\/wp-json\/wp\/v2\/users\/11"}],"replies":[{"embeddable":true,"href":"https:\/\/protectglobal.com\/it\/wp-json\/wp\/v2\/comments?post=16375"}],"version-history":[{"count":5,"href":"https:\/\/protectglobal.com\/it\/wp-json\/wp\/v2\/pages\/16375\/revisions"}],"predecessor-version":[{"id":25729,"href":"https:\/\/protectglobal.com\/it\/wp-json\/wp\/v2\/pages\/16375\/revisions\/25729"}],"wp:featuredmedia":[{"embeddable":true,"href":"https:\/\/protectglobal.com\/it\/wp-json\/wp\/v2\/media\/20400"}],"wp:attachment":[{"href":"https:\/\/protectglobal.com\/it\/wp-json\/wp\/v2\/media?parent=16375"}],"curies":[{"name":"wp","href":"https:\/\/api.w.org\/{rel}","templated":true}]}}