{"id":5307,"date":"2024-03-19T12:27:09","date_gmt":"2024-03-19T12:27:09","guid":{"rendered":"https:\/\/protectglobal.com\/?post_type=product&#038;p=5307"},"modified":"2025-02-25T10:22:14","modified_gmt":"2025-02-25T10:22:14","slug":"protect-unibuscard","status":"publish","type":"product","link":"https:\/\/protectglobal.com\/fr\/product\/protect-unibuscard\/","title":{"rendered":"PROTECT UniBusCard\u2122"},"content":{"rendered":"\n\n<section class=\"content-toggle-block custom-block black py-5\" style=\"\">\n    <section class=\"py-xxl-5 py-5\">\n                <div class=\"switchable-content\">\n            <!-- Content option 1 -->\n                                                                <div class=\"content-option option-1 container\" aria-hidden=\"false\">\n                        <section class=\"row gap-lg-5\">\n                                                            <section class=\"column-1 col-12 col-lg mb-5 mb-lg-0\">\n                                    <blockquote class=\"mb-4 h2 font-white\"><h2>L\u2019installation et la configuration du g\u00e9n\u00e9rateur de brouillard sont faciles <span style=\"color: #3f75ff;\">comme un clic<\/span><\/h2>\n<\/blockquote>\n                                    <blockquote class=\"mb-5 fs-6 body-text font-white\"><p>L\u2019UniBusCard\u2122 int\u00e8gre de mani\u00e8re transparente les fonctionnalit\u00e9s \u00e9tendues de l\u2019IntelliBox\u2122 et de l\u2019IntelliSuite\u2122 dans l\u2019infrastructure du syst\u00e8me d\u2019alarme du b\u00e2timent en combinant leurs avantages pour une gestion am\u00e9lior\u00e9e de la s\u00e9curit\u00e9.<\/p>\n<p>&nbsp;<\/p>\n<p>Les fonctionnalit\u00e9s du g\u00e9n\u00e9rateur de brouillard peuvent \u00eatre facilement int\u00e9gr\u00e9es dans les menus de configuration de l\u2019IntelliBox\u2122, ce qui permet de simplifier le suivi op\u00e9rationnel du g\u00e9n\u00e9rateur de brouillard. Cette int\u00e9gration optimise les performances de l\u2019ensemble du dispositif de s\u00e9curit\u00e9 en assurant une gestion efficace et centralis\u00e9e de l\u2019ensemble du dispositif de s\u00e9curit\u00e9.<\/p>\n<\/blockquote>\n                                    \n                                                                    <\/section>\n                                                                                            <section class=\"col-lg col-12 column-2 \">\n                                    <section class=\"accordion\">\n                                                                                    <div class=\"acc-item d-flex flex-column gap-3 pb-3 \">\n                                                <button class=\"acc-button w-100 text-start p-0 d-flex justify-content-between \">\n                                                    <h4 class=\"mb-0 fs-5\">Installation rapide et facile<\/h4>\n                                                    <svg class=\"acc-icon\" width=\"20\" height=\"20\" viewBox=\"0 0 20 20\" fill=\"none\" xmlns=\"http:\/\/www.w3.org\/2000\/svg\">\n                                                        <g clip-path=\"url(#clip0_2099_15870)\">\n                                                            <rect x=\"24.1421\" y=\"-2.28516\" width=\"5\" height=\"25\" transform=\"rotate(45 24.1421 -2.28516)\" fill=\"#DCDCDC\"\/>\n                                                            <rect x=\"-7.67773\" y=\"1.25\" width=\"5\" height=\"17.5\" transform=\"rotate(-45 -7.67773 1.25)\" fill=\"#DCDCDC\"\/>\n                                                        <\/g>\n                                                        <defs>\n                                                            <clipPath id=\"clip0_2099_15870\">\n                                                                <rect width=\"20\" height=\"20\" fill=\"white\" transform=\"translate(20) rotate(90)\"\/>\n                                                            <\/clipPath>\n                                                        <\/defs>\n                                                    <\/svg>\n                                                <\/button>\n                                                <div class=\"acc-content \" aria-hidden=\"true\">\n                                                    <blockquote class=\"body-text font-white\"><p>L\u2019installation de l\u2019UniBusCard\u2122 ne prend que quelques minutes et elle est si facile qu\u2019elle ne n\u00e9cessite qu\u2019une expertise technique minimale.<\/p>\n<\/blockquote>\n                                                <\/div>\n                                            <\/div>\n                                                                                    <div class=\"acc-item d-flex flex-column gap-3 pb-3 \">\n                                                <button class=\"acc-button w-100 text-start p-0 d-flex justify-content-between \">\n                                                    <h4 class=\"mb-0 fs-5\">R\u00e9duction des co\u00fbts<\/h4>\n                                                    <svg class=\"acc-icon\" width=\"20\" height=\"20\" viewBox=\"0 0 20 20\" fill=\"none\" xmlns=\"http:\/\/www.w3.org\/2000\/svg\">\n                                                        <g clip-path=\"url(#clip0_2099_15870)\">\n                                                            <rect x=\"24.1421\" y=\"-2.28516\" width=\"5\" height=\"25\" transform=\"rotate(45 24.1421 -2.28516)\" fill=\"#DCDCDC\"\/>\n                                                            <rect x=\"-7.67773\" y=\"1.25\" width=\"5\" height=\"17.5\" transform=\"rotate(-45 -7.67773 1.25)\" fill=\"#DCDCDC\"\/>\n                                                        <\/g>\n                                                        <defs>\n                                                            <clipPath id=\"clip0_2099_15870\">\n                                                                <rect width=\"20\" height=\"20\" fill=\"white\" transform=\"translate(20) rotate(90)\"\/>\n                                                            <\/clipPath>\n                                                        <\/defs>\n                                                    <\/svg>\n                                                <\/button>\n                                                <div class=\"acc-content \" aria-hidden=\"true\">\n                                                    <blockquote class=\"body-text font-white\"><p>L\u2019UniBusCard\u2122 r\u00e9duit consid\u00e9rablement le temps n\u00e9cessaire \u00e0 la mise en place en rationalisant le processus d\u2019installation, ce qui se traduit par une r\u00e9duction des co\u00fbts de main-d\u2019\u0153uvre pour les installateurs.<\/p>\n<p>&nbsp;<\/p>\n<p>Pour les utilisateurs finaux, cela signifie moins de perturbations et une mise en \u0153uvre plus rapide de leurs syst\u00e8mes de s\u00e9curit\u00e9, ce qui r\u00e9duit les temps d\u2019arr\u00eat op\u00e9rationnels et les frais de maintenance.<\/p>\n<\/blockquote>\n                                                <\/div>\n                                            <\/div>\n                                                                            <\/section>\n                                <\/section>\n                                                    <\/section>\n                    <\/div>\n                                        <!-- Content option 2 -->\n                    <\/div>\n    <\/section>\n<\/section>\n\n\n\n\n\n\n\n    <div class=\"two-column-list-block white-bg custom-block p-3 py-5 p-3\" style=\"\">\n        <section class=\"list-columns-wrapper container \" data-aos=\"fade-in\">\n\n\t\t\t\t\t\t\t<div class=\"font-dark mb-4\"><h2>Caract\u00e9ristiques de la <span style=\"color: #3f75ff;\">PROTECT UniBusCard\u2122 :<\/span><\/h2>\n<\/div>\n\t\t\t\n\t\t\t<blockquote class=\"d-lg-flex flex-row-reverse justify-content-between\">\n\n                <div class=\"list-col-1\">\n                                                <ul class=\"m-0 p-0\">\n                                \n                                    <li class=\"font-dark check custom-list\"><p>De 1 \u00e0 16 g\u00e9n\u00e9rateurs de brouillard peuvent \u00eatre connect\u00e9s \u00e0 l\u2019IntelliBox\u2122<\/p>\n<\/li>\n\n                                \n                                    <li class=\"font-dark check custom-list\"><p>Importantes \u00e9conomies de temps et de c\u00e2blage pour la connexion d\u2019un ou plusieurs g\u00e9n\u00e9rateurs de brouillard<\/p>\n<\/li>\n\n                                \n                                    <li class=\"font-dark check custom-list\"><p>Peut \u00eatre install\u00e9e dans tous les mod\u00e8les PROTECT\u2122 en quelques secondes (sauf Xtratus\u00ae)<\/p>\n<\/li>\n\n                                                            <\/ul>\n                        \n\n                                    <\/div>\n                <div class=\"list-col-2\">\n                                                <ul class=\"m-0 p-0\">\n                                \n                                    <li class=\"font-dark check custom-list\"><p>Carte contr\u00f4l\u00e9e par bus de donn\u00e9es (RS485)<\/p>\n<\/li>\n\n                                \n                                    <li class=\"font-dark check custom-list\"><p>Signaux via le bus de donn\u00e9es vers et depuis l\u2019IntelliBox\u2122<\/p>\n<\/li>\n\n                                \n                                    <li class=\"font-dark check custom-list\"><p>Toutes les fonctions de service connues de l\u2019IntelliSuite\u2122 et de l\u2019IntelliBox\u2122 sont disponibles via le bus de donn\u00e9es.<\/p>\n<\/li>\n\n                                                            <\/ul>\n                        \n\n                                    <\/div>\n\n\n            <\/blockquote>\n\n        <\/section>\n    <\/div>\n\n\n","protected":false},"featured_media":8248,"template":"","meta":{"_acf_changed":true,"inline_featured_image":false},"product-category":[152],"class_list":["post-5307","product","type-product","status-publish","has-post-thumbnail","hentry","product-category-les-cartes-dextension"],"acf":[],"yoast_head":"<!-- This site is optimized with the Yoast SEO Premium plugin v27.3 (Yoast SEO v27.3) - https:\/\/yoast.com\/product\/yoast-seo-premium-wordpress\/ -->\n<title>PROTECT UniBusCard\u2122 - Installation intuitive et rapide<\/title>\n<meta name=\"description\" content=\"La PROTECT UniBusCard\u2122 r\u00e9unit tous les avantages de l\u2019IntelliBox\u2122 et de l\u2019IntelliSuite\u2122 dans le syst\u00e8me d\u2019alarme du b\u00e2timent.\" \/>\n<meta name=\"robots\" content=\"index, follow, max-snippet:-1, max-image-preview:large, max-video-preview:-1\" \/>\n<link rel=\"canonical\" href=\"https:\/\/protectglobal.com\/fr\/product\/protect-unibuscard\/\" \/>\n<meta property=\"og:locale\" content=\"fr_FR\" \/>\n<meta property=\"og:type\" content=\"article\" \/>\n<meta property=\"og:title\" content=\"PROTECT UniBusCard\u2122\" \/>\n<meta property=\"og:description\" content=\"La PROTECT UniBusCard\u2122 r\u00e9unit tous les avantages de l\u2019IntelliBox\u2122 et de l\u2019IntelliSuite\u2122 dans le syst\u00e8me d\u2019alarme du b\u00e2timent.\" \/>\n<meta property=\"og:url\" content=\"https:\/\/protectglobal.com\/fr\/product\/protect-unibuscard\/\" \/>\n<meta property=\"og:site_name\" content=\"Canons \u00e0 brouillard PROTECT\u2122\" \/>\n<meta property=\"article:publisher\" content=\"https:\/\/www.facebook.com\/PROTECTFogCannon\/\" \/>\n<meta property=\"article:modified_time\" content=\"2025-02-25T10:22:14+00:00\" \/>\n<meta property=\"og:image\" content=\"https:\/\/protectglobal.com\/wp-content\/uploads\/2024\/03\/unibuscard-1.png\" \/>\n\t<meta property=\"og:image:width\" content=\"326\" \/>\n\t<meta property=\"og:image:height\" content=\"408\" \/>\n\t<meta property=\"og:image:type\" content=\"image\/png\" \/>\n<meta name=\"twitter:card\" content=\"summary_large_image\" \/>\n<meta name=\"twitter:site\" content=\"@PROTECTFOG\" \/>\n<meta name=\"twitter:label1\" content=\"Dur\u00e9e de lecture estim\u00e9e\" \/>\n\t<meta name=\"twitter:data1\" content=\"1 minute\" \/>\n<script type=\"application\/ld+json\" class=\"yoast-schema-graph\">{\"@context\":\"https:\\\/\\\/schema.org\",\"@graph\":[{\"@type\":\"WebPage\",\"@id\":\"https:\\\/\\\/protectglobal.com\\\/fr\\\/product\\\/protect-unibuscard\\\/\",\"url\":\"https:\\\/\\\/protectglobal.com\\\/fr\\\/product\\\/protect-unibuscard\\\/\",\"name\":\"PROTECT UniBusCard\u2122 - Installation intuitive et rapide\",\"isPartOf\":{\"@id\":\"https:\\\/\\\/protectglobal.com\\\/fr\\\/#website\"},\"primaryImageOfPage\":{\"@id\":\"https:\\\/\\\/protectglobal.com\\\/fr\\\/product\\\/protect-unibuscard\\\/#primaryimage\"},\"image\":{\"@id\":\"https:\\\/\\\/protectglobal.com\\\/fr\\\/product\\\/protect-unibuscard\\\/#primaryimage\"},\"thumbnailUrl\":\"https:\\\/\\\/protectglobal.com\\\/wp-content\\\/uploads\\\/2024\\\/03\\\/unibuscard-1.png\",\"datePublished\":\"2024-03-19T12:27:09+00:00\",\"dateModified\":\"2025-02-25T10:22:14+00:00\",\"description\":\"La PROTECT UniBusCard\u2122 r\u00e9unit tous les avantages de l\u2019IntelliBox\u2122 et de l\u2019IntelliSuite\u2122 dans le syst\u00e8me d\u2019alarme du b\u00e2timent.\",\"breadcrumb\":{\"@id\":\"https:\\\/\\\/protectglobal.com\\\/fr\\\/product\\\/protect-unibuscard\\\/#breadcrumb\"},\"inLanguage\":\"fr-FR\",\"potentialAction\":[{\"@type\":\"ReadAction\",\"target\":[\"https:\\\/\\\/protectglobal.com\\\/fr\\\/product\\\/protect-unibuscard\\\/\"]}]},{\"@type\":\"ImageObject\",\"inLanguage\":\"fr-FR\",\"@id\":\"https:\\\/\\\/protectglobal.com\\\/fr\\\/product\\\/protect-unibuscard\\\/#primaryimage\",\"url\":\"https:\\\/\\\/protectglobal.com\\\/wp-content\\\/uploads\\\/2024\\\/03\\\/unibuscard-1.png\",\"contentUrl\":\"https:\\\/\\\/protectglobal.com\\\/wp-content\\\/uploads\\\/2024\\\/03\\\/unibuscard-1.png\",\"width\":326,\"height\":408,\"caption\":\"UniBusCard\"},{\"@type\":\"BreadcrumbList\",\"@id\":\"https:\\\/\\\/protectglobal.com\\\/fr\\\/product\\\/protect-unibuscard\\\/#breadcrumb\",\"itemListElement\":[{\"@type\":\"ListItem\",\"position\":1,\"name\":\"Hjem\",\"item\":\"https:\\\/\\\/protectglobal.com\\\/fr\\\/\"},{\"@type\":\"ListItem\",\"position\":2,\"name\":\"PROTECT UniBusCard\u2122\"}]},{\"@type\":\"WebSite\",\"@id\":\"https:\\\/\\\/protectglobal.com\\\/fr\\\/#website\",\"url\":\"https:\\\/\\\/protectglobal.com\\\/fr\\\/\",\"name\":\"PROTECT Fog Cannons\u2122\",\"description\":\"\",\"publisher\":{\"@id\":\"https:\\\/\\\/protectglobal.com\\\/fr\\\/#organization\"},\"potentialAction\":[{\"@type\":\"SearchAction\",\"target\":{\"@type\":\"EntryPoint\",\"urlTemplate\":\"https:\\\/\\\/protectglobal.com\\\/fr\\\/?s={search_term_string}\"},\"query-input\":{\"@type\":\"PropertyValueSpecification\",\"valueRequired\":true,\"valueName\":\"search_term_string\"}}],\"inLanguage\":\"fr-FR\"},{\"@type\":\"Organization\",\"@id\":\"https:\\\/\\\/protectglobal.com\\\/fr\\\/#organization\",\"name\":\"PROTECT Fog Cannons\u2122\",\"url\":\"https:\\\/\\\/protectglobal.com\\\/fr\\\/\",\"logo\":{\"@type\":\"ImageObject\",\"inLanguage\":\"fr-FR\",\"@id\":\"https:\\\/\\\/protectglobal.com\\\/fr\\\/#\\\/schema\\\/logo\\\/image\\\/\",\"url\":\"https:\\\/\\\/protectglobal.com\\\/wp-content\\\/uploads\\\/2023\\\/10\\\/logo.svg\",\"contentUrl\":\"https:\\\/\\\/protectglobal.com\\\/wp-content\\\/uploads\\\/2023\\\/10\\\/logo.svg\",\"width\":90,\"height\":40,\"caption\":\"PROTECT Fog Cannons\u2122\"},\"image\":{\"@id\":\"https:\\\/\\\/protectglobal.com\\\/fr\\\/#\\\/schema\\\/logo\\\/image\\\/\"},\"sameAs\":[\"https:\\\/\\\/www.facebook.com\\\/PROTECTFogCannon\\\/\",\"https:\\\/\\\/x.com\\\/PROTECTFOG\",\"https:\\\/\\\/www.linkedin.com\\\/company\\\/protect-a-s\\\/\",\"https:\\\/\\\/www.youtube.com\\\/user\\\/PROTECTFogCannon\"],\"description\":\"PROTECT\u2122 specializes in security fog solutions, protecting valuables in retail, banks, warehouses any many other industries across more than 50 countries. With over 175,000 fog cannons installed, our systems fill rooms with dense fog in seconds, deterring burglars and preventing theft. We focus on providing reliable, durable, and easy-to-install solutions for enhanced security and peace of mind.\",\"email\":\"info@protectglobal.com\",\"telephone\":\"+45 8672 1881\",\"legalName\":\"PROTECT A\\\/S\",\"foundingDate\":\"2000-09-28\",\"vatID\":\"25687272\",\"numberOfEmployees\":{\"@type\":\"QuantitativeValue\",\"minValue\":\"11\",\"maxValue\":\"50\"}}]}<\/script>\n<!-- \/ Yoast SEO Premium plugin. -->","yoast_head_json":{"title":"PROTECT UniBusCard\u2122 - Installation intuitive et rapide","description":"La PROTECT UniBusCard\u2122 r\u00e9unit tous les avantages de l\u2019IntelliBox\u2122 et de l\u2019IntelliSuite\u2122 dans le syst\u00e8me d\u2019alarme du b\u00e2timent.","robots":{"index":"index","follow":"follow","max-snippet":"max-snippet:-1","max-image-preview":"max-image-preview:large","max-video-preview":"max-video-preview:-1"},"canonical":"https:\/\/protectglobal.com\/fr\/product\/protect-unibuscard\/","og_locale":"fr_FR","og_type":"article","og_title":"PROTECT UniBusCard\u2122","og_description":"La PROTECT UniBusCard\u2122 r\u00e9unit tous les avantages de l\u2019IntelliBox\u2122 et de l\u2019IntelliSuite\u2122 dans le syst\u00e8me d\u2019alarme du b\u00e2timent.","og_url":"https:\/\/protectglobal.com\/fr\/product\/protect-unibuscard\/","og_site_name":"Canons \u00e0 brouillard PROTECT\u2122","article_publisher":"https:\/\/www.facebook.com\/PROTECTFogCannon\/","article_modified_time":"2025-02-25T10:22:14+00:00","og_image":[{"width":326,"height":408,"url":"https:\/\/protectglobal.com\/wp-content\/uploads\/2024\/03\/unibuscard-1.png","type":"image\/png"}],"twitter_card":"summary_large_image","twitter_site":"@PROTECTFOG","twitter_misc":{"Dur\u00e9e de lecture estim\u00e9e":"1 minute"},"schema":{"@context":"https:\/\/schema.org","@graph":[{"@type":"WebPage","@id":"https:\/\/protectglobal.com\/fr\/product\/protect-unibuscard\/","url":"https:\/\/protectglobal.com\/fr\/product\/protect-unibuscard\/","name":"PROTECT UniBusCard\u2122 - Installation intuitive et rapide","isPartOf":{"@id":"https:\/\/protectglobal.com\/fr\/#website"},"primaryImageOfPage":{"@id":"https:\/\/protectglobal.com\/fr\/product\/protect-unibuscard\/#primaryimage"},"image":{"@id":"https:\/\/protectglobal.com\/fr\/product\/protect-unibuscard\/#primaryimage"},"thumbnailUrl":"https:\/\/protectglobal.com\/wp-content\/uploads\/2024\/03\/unibuscard-1.png","datePublished":"2024-03-19T12:27:09+00:00","dateModified":"2025-02-25T10:22:14+00:00","description":"La PROTECT UniBusCard\u2122 r\u00e9unit tous les avantages de l\u2019IntelliBox\u2122 et de l\u2019IntelliSuite\u2122 dans le syst\u00e8me d\u2019alarme du b\u00e2timent.","breadcrumb":{"@id":"https:\/\/protectglobal.com\/fr\/product\/protect-unibuscard\/#breadcrumb"},"inLanguage":"fr-FR","potentialAction":[{"@type":"ReadAction","target":["https:\/\/protectglobal.com\/fr\/product\/protect-unibuscard\/"]}]},{"@type":"ImageObject","inLanguage":"fr-FR","@id":"https:\/\/protectglobal.com\/fr\/product\/protect-unibuscard\/#primaryimage","url":"https:\/\/protectglobal.com\/wp-content\/uploads\/2024\/03\/unibuscard-1.png","contentUrl":"https:\/\/protectglobal.com\/wp-content\/uploads\/2024\/03\/unibuscard-1.png","width":326,"height":408,"caption":"UniBusCard"},{"@type":"BreadcrumbList","@id":"https:\/\/protectglobal.com\/fr\/product\/protect-unibuscard\/#breadcrumb","itemListElement":[{"@type":"ListItem","position":1,"name":"Hjem","item":"https:\/\/protectglobal.com\/fr\/"},{"@type":"ListItem","position":2,"name":"PROTECT UniBusCard\u2122"}]},{"@type":"WebSite","@id":"https:\/\/protectglobal.com\/fr\/#website","url":"https:\/\/protectglobal.com\/fr\/","name":"PROTECT Fog Cannons\u2122","description":"","publisher":{"@id":"https:\/\/protectglobal.com\/fr\/#organization"},"potentialAction":[{"@type":"SearchAction","target":{"@type":"EntryPoint","urlTemplate":"https:\/\/protectglobal.com\/fr\/?s={search_term_string}"},"query-input":{"@type":"PropertyValueSpecification","valueRequired":true,"valueName":"search_term_string"}}],"inLanguage":"fr-FR"},{"@type":"Organization","@id":"https:\/\/protectglobal.com\/fr\/#organization","name":"PROTECT Fog Cannons\u2122","url":"https:\/\/protectglobal.com\/fr\/","logo":{"@type":"ImageObject","inLanguage":"fr-FR","@id":"https:\/\/protectglobal.com\/fr\/#\/schema\/logo\/image\/","url":"https:\/\/protectglobal.com\/wp-content\/uploads\/2023\/10\/logo.svg","contentUrl":"https:\/\/protectglobal.com\/wp-content\/uploads\/2023\/10\/logo.svg","width":90,"height":40,"caption":"PROTECT Fog Cannons\u2122"},"image":{"@id":"https:\/\/protectglobal.com\/fr\/#\/schema\/logo\/image\/"},"sameAs":["https:\/\/www.facebook.com\/PROTECTFogCannon\/","https:\/\/x.com\/PROTECTFOG","https:\/\/www.linkedin.com\/company\/protect-a-s\/","https:\/\/www.youtube.com\/user\/PROTECTFogCannon"],"description":"PROTECT\u2122 specializes in security fog solutions, protecting valuables in retail, banks, warehouses any many other industries across more than 50 countries. With over 175,000 fog cannons installed, our systems fill rooms with dense fog in seconds, deterring burglars and preventing theft. We focus on providing reliable, durable, and easy-to-install solutions for enhanced security and peace of mind.","email":"info@protectglobal.com","telephone":"+45 8672 1881","legalName":"PROTECT A\/S","foundingDate":"2000-09-28","vatID":"25687272","numberOfEmployees":{"@type":"QuantitativeValue","minValue":"11","maxValue":"50"}}]}},"_links":{"self":[{"href":"https:\/\/protectglobal.com\/fr\/wp-json\/wp\/v2\/product\/5307","targetHints":{"allow":["GET"]}}],"collection":[{"href":"https:\/\/protectglobal.com\/fr\/wp-json\/wp\/v2\/product"}],"about":[{"href":"https:\/\/protectglobal.com\/fr\/wp-json\/wp\/v2\/types\/product"}],"wp:featuredmedia":[{"embeddable":true,"href":"https:\/\/protectglobal.com\/fr\/wp-json\/wp\/v2\/media\/8248"}],"wp:attachment":[{"href":"https:\/\/protectglobal.com\/fr\/wp-json\/wp\/v2\/media?parent=5307"}],"wp:term":[{"taxonomy":"product-category","embeddable":true,"href":"https:\/\/protectglobal.com\/fr\/wp-json\/wp\/v2\/product-category?post=5307"}],"curies":[{"name":"wp","href":"https:\/\/api.w.org\/{rel}","templated":true}]}}