{"id":5304,"date":"2024-03-19T12:08:35","date_gmt":"2024-03-19T12:08:35","guid":{"rendered":"https:\/\/protectglobal.com\/?post_type=product&#038;p=5304"},"modified":"2025-02-25T10:21:19","modified_gmt":"2025-02-25T10:21:19","slug":"protect-intellicloud","status":"publish","type":"product","link":"https:\/\/protectglobal.com\/fr\/product\/protect-intellicloud\/","title":{"rendered":"PROTECT IntelliCloud\u2122"},"content":{"rendered":"\n\n<section class=\"content-toggle-block custom-block black py-5\" style=\"\">\n    <section class=\"py-xxl-5 py-5\">\n                <div class=\"switchable-content\">\n            <!-- Content option 1 -->\n                                                                <div class=\"content-option option-1 container\" aria-hidden=\"false\">\n                        <section class=\"row gap-lg-5\">\n                                                            <section class=\"column-1 col-12 col-lg mb-5 mb-lg-0\">\n                                    <blockquote class=\"mb-4 h2 font-white\"><h2>PROTECT IntelliCloud\u2122 &#8211; <span style=\"color: #3f75ff;\">syst\u00e8me intelligent de rapports de service<\/span><\/h2>\n<\/blockquote>\n                                    <blockquote class=\"mb-5 fs-6 body-text font-white\"><p>Avec IntelliCloud\u2122, vous pouvez surveiller \u00e0 distance vos g\u00e9n\u00e9rateurs de brouillard depuis tout type d\u2019appareil et en tout lieu. Le syst\u00e8me vous alerte par e-mail lorsqu\u2019une maintenance est n\u00e9cessaire, ce qui vous permet de rester inform\u00e9 24h\/24 et 7j\/7. IntelliCloud\u2122 se connecte en toute s\u00e9curit\u00e9 par IP\/internet, gr\u00e2ce \u00e0 la carte d\u2019extension IPCard\u2122 install\u00e9e dans chaque g\u00e9n\u00e9rateur de brouillard. Le meilleur pour la fin : il est enti\u00e8rement gratuit !   <\/p>\n<\/blockquote>\n                                    \n                                                                    <\/section>\n                                                                                            <section class=\"col-lg col-12 column-2 \">\n                                    <section class=\"accordion\">\n                                                                                    <div class=\"acc-item d-flex flex-column gap-3 pb-3 \">\n                                                <button class=\"acc-button w-100 text-start p-0 d-flex justify-content-between \">\n                                                    <h4 class=\"mb-0 fs-5\">Gestion centralis\u00e9e<\/h4>\n                                                    <svg class=\"acc-icon\" width=\"20\" height=\"20\" viewBox=\"0 0 20 20\" fill=\"none\" xmlns=\"http:\/\/www.w3.org\/2000\/svg\">\n                                                        <g clip-path=\"url(#clip0_2099_15870)\">\n                                                            <rect x=\"24.1421\" y=\"-2.28516\" width=\"5\" height=\"25\" transform=\"rotate(45 24.1421 -2.28516)\" fill=\"#DCDCDC\"\/>\n                                                            <rect x=\"-7.67773\" y=\"1.25\" width=\"5\" height=\"17.5\" transform=\"rotate(-45 -7.67773 1.25)\" fill=\"#DCDCDC\"\/>\n                                                        <\/g>\n                                                        <defs>\n                                                            <clipPath id=\"clip0_2099_15870\">\n                                                                <rect width=\"20\" height=\"20\" fill=\"white\" transform=\"translate(20) rotate(90)\"\/>\n                                                            <\/clipPath>\n                                                        <\/defs>\n                                                    <\/svg>\n                                                <\/button>\n                                                <div class=\"acc-content \" aria-hidden=\"true\">\n                                                    <blockquote class=\"body-text font-white\"><p>IntelliCloud\u2122 est particuli\u00e8rement utile pour les clients poss\u00e9dant plusieurs g\u00e9n\u00e9rateurs de brouillard r\u00e9partis sur diff\u00e9rents sites.<\/p>\n<p>&nbsp;<\/p>\n<p>Le tableau de bord convivial vous permet de visualiser toutes les machines sur une carte interactive ou une liste, ce qui facilite la gestion de l\u2019ensemble de votre r\u00e9seau avec un seul outil.<\/p>\n<\/blockquote>\n                                                <\/div>\n                                            <\/div>\n                                                                                    <div class=\"acc-item d-flex flex-column gap-3 pb-3 \">\n                                                <button class=\"acc-button w-100 text-start p-0 d-flex justify-content-between \">\n                                                    <h4 class=\"mb-0 fs-5\">Efficacit\u00e9 en termes de co\u00fbts et de temps<\/h4>\n                                                    <svg class=\"acc-icon\" width=\"20\" height=\"20\" viewBox=\"0 0 20 20\" fill=\"none\" xmlns=\"http:\/\/www.w3.org\/2000\/svg\">\n                                                        <g clip-path=\"url(#clip0_2099_15870)\">\n                                                            <rect x=\"24.1421\" y=\"-2.28516\" width=\"5\" height=\"25\" transform=\"rotate(45 24.1421 -2.28516)\" fill=\"#DCDCDC\"\/>\n                                                            <rect x=\"-7.67773\" y=\"1.25\" width=\"5\" height=\"17.5\" transform=\"rotate(-45 -7.67773 1.25)\" fill=\"#DCDCDC\"\/>\n                                                        <\/g>\n                                                        <defs>\n                                                            <clipPath id=\"clip0_2099_15870\">\n                                                                <rect width=\"20\" height=\"20\" fill=\"white\" transform=\"translate(20) rotate(90)\"\/>\n                                                            <\/clipPath>\n                                                        <\/defs>\n                                                    <\/svg>\n                                                <\/button>\n                                                <div class=\"acc-content \" aria-hidden=\"true\">\n                                                    <blockquote class=\"body-text font-white\"><p>Avec l\u2019IntelliCloud\u2122, vous pouvez \u00e9conomiser du temps et de l\u2019argent sur la maintenance et les r\u00e9parations. En fournissant un aper\u00e7u d\u00e9taill\u00e9 de tous les probl\u00e8mes, le syst\u00e8me de rapports de service aide les installateurs \u00e0 r\u00e9soudre rapidement et efficacement les probl\u00e8mes.<\/p>\n<p>&nbsp;<\/p>\n<p>Cela signifie que vous n\u2019avez \u00e0 effectuer l\u2019op\u00e9ration de maintenance de votre g\u00e9n\u00e9rateur de brouillard qu\u2019une seule fois, ce qui maximise le temps de fonctionnement et les performances.<\/p>\n<\/blockquote>\n                                                <\/div>\n                                            <\/div>\n                                                                            <\/section>\n                                <\/section>\n                                                    <\/section>\n                    <\/div>\n                                        <!-- Content option 2 -->\n                    <\/div>\n    <\/section>\n<\/section>\n\n\n\n\n\n\n\n    <div class=\"two-column-list-block white-bg custom-block p-3 py-5 p-3\" style=\"\">\n        <section class=\"list-columns-wrapper container \" data-aos=\"fade-in\">\n\n\t\t\t\t\t\t\t<div class=\"font-dark mb-4\"><h2>Caract\u00e9ristiques du <span style=\"color: #3f75ff;\">PROTECT IntelliCloud\u2122 :<\/span><\/h2>\n<\/div>\n\t\t\t\n\t\t\t<blockquote class=\"d-lg-flex flex-row-reverse justify-content-between\">\n\n                <div class=\"list-col-1\">\n                                                <ul class=\"m-0 p-0\">\n                                \n                                    <li class=\"font-dark check custom-list\"><p>Enti\u00e8rement gratuit<\/p>\n<\/li>\n\n                                                            <\/ul>\n                        \n\n                                    <\/div>\n                <div class=\"list-col-2\">\n                                                <ul class=\"m-0 p-0\">\n                                \n                                    <li class=\"font-dark check custom-list\"><p>Accessible avec tous les appareils, des ordinateurs de bureau aux smartphones, 24h\/24 et 7j\/7<\/p>\n<\/li>\n\n                                \n                                    <li class=\"font-dark check custom-list\"><p>N\u00e9cessite une <a title=\"\" href=\"https:\/\/protectglobal.com\/products\/expansion-boards\/protect-ipcard\/\" target=\"_blank\" rel=\"noopener\">IPCard\u2122<\/a>\u00a0dans le <a title=\"\" href=\"https:\/\/protectglobal.com\/products\/fog-cannon-machines\/\" target=\"_blank\" rel=\"noopener\">g\u00e9n\u00e9rateur de brouillard<\/a> pour le suivi<\/p>\n<\/li>\n\n                                                            <\/ul>\n                        \n\n                                    <\/div>\n\n\n            <\/blockquote>\n\n        <\/section>\n    <\/div>\n\n\n\n\n    <section class=\"product-image-slider-block overflow-hidden custom-block py-5 grey\" style=\"\">\n\t\t<div class=\"container py-xxl-5\" data-aos=\"fade-in\">\n\t\t\t<p class=\"section-label\">GALERIE DE PRODUITS<\/p>\n\t\t\t<div class=\"d-md-flex justify-content-between mb-4\">\n\t\t\t\t<blockquote class=\"heading-wrapper w-100\">\n\t\t\t\t\t<h2 class=\"h2\"><h2>PROTECT IntelliCloud\u2122<\/h2>\n<\/h2>\n\t\t\t\t<\/blockquote>\n\t\t\t\t<blockquote class=\"w-100\">\n\t\t\t\t\t<div class=\"body-text\"><p>Le PROTECT IntelliCloud\u2122 est un logiciel de suivi gratuit pour vos installations de g\u00e9n\u00e9rateurs de brouillard PROTECT. Il ne n\u00e9cessite qu\u2019une IPCard\u2122 install\u00e9e dans le g\u00e9n\u00e9rateur de brouillard.<\/p>\n<\/div>\n\t\t\t\t<\/blockquote>\n\t\t\t<\/div>\n\t\t\t\t\t\t\t<div class=\"image-slider color-option\">\n\t\t\t\t\t\t\t\t\t\t\t<figure class=\"me-3\">\n\t\t\t\t\t\t\t<img decoding=\"async\" class=\"prod-img\" src=\"https:\/\/protectglobal.com\/wp-content\/uploads\/2024\/03\/intellicloud-_3_.png\" alt=\"IntelliCloud\">\n\t\t\t\t\t\t\t<img decoding=\"async\" class=\"prod-img hidden\" src=\"\" alt=\"\">\n\t\t\t\t\t\t<\/figure>\n\t\t\t\t\t\t\t\t\t\t\t<figure class=\"me-3\">\n\t\t\t\t\t\t\t<img decoding=\"async\" class=\"prod-img\" src=\"https:\/\/protectglobal.com\/wp-content\/uploads\/2024\/03\/intellicloud-2.png\" alt=\"IntelliCloud on pc\">\n\t\t\t\t\t\t\t<img decoding=\"async\" class=\"prod-img hidden\" src=\"\" alt=\"\">\n\t\t\t\t\t\t<\/figure>\n\t\t\t\t\t\t\t\t\t\t\t<figure class=\"me-3\">\n\t\t\t\t\t\t\t<img decoding=\"async\" class=\"prod-img\" src=\"https:\/\/protectglobal.com\/wp-content\/uploads\/2024\/03\/intellicloud-_2_.png\" alt=\"IntelliCloud on phone\">\n\t\t\t\t\t\t\t<img decoding=\"async\" class=\"prod-img hidden\" src=\"\" alt=\"\">\n\t\t\t\t\t\t<\/figure>\n\t\t\t\t\t\t\t\t\t<\/div>\n\t\t\t\n\t\t\t<div class=\"navigation-dots-image gap-3 d-lg-none justify-content-center d-flex\"><\/div>\n\t\t\t<div class=\"d-flex justify-content-between align-items-center mt-4\">\n\t\t\t\t<div class=\"toggle-container mb-5 d-none\">\n\t\t\t\t\t<input type=\"checkbox\" id=\"toggle-color\" class=\"checkbox-color\" \/>\n\t\t\t\t\t<label for=\"toggle-color\" class=\"switch-color\" data-on=\"on\" data-off=\"off\"><\/label>\n\t\t\t\t\t\t\t\t\t\t\t\t\t<span class=\"a-text color-mode\">White<\/span>\n\t\t\t\t\t\t\t<span class=\"b-text color-mode\">Black<\/span>\n\t\t\t\t\t\t\n\t\t\t\t<\/div>\n\t\t\t\t<div class=\"navigation-arrows-image gap-3 d-none d-md-flex w-100 justify-content-end\"><\/div>\n\t\t\t<\/div>\n        <\/div>\n    <\/section>\n\n\n\n\n\n\n    <div class=\"text-media-block custom-block white py-5\" style=\"\">\n        <div data-aos=\"fade-in\" class=\"container py-xxl-5\">           \n            <blockquote class=\"content row space-between mb-4\">\t\n\n                \n                <div class=\"d-lg-flex justify-content-between media-text-content\">\n                                            <blockqoute class=\"heading h2 mb-4\"><h2>Comprendre le syst\u00e8me de rapports de service <span style=\"color: #3f75ff;\">PROTECT IntelliCloud\u2122<\/span><\/h2>\n<\/blockqoute>\n                                                                <div class=\"col-sm body-text\"><p>D\u00e9couvrez IntelliCloud et ses fonctions dans cette vid\u00e9o.<\/p>\n<\/div>\n                                    <\/div>              \n            <\/blockquote>\n        <div>\n                                        \n                        <div class=\"video\">\n                            \n                            <video class=\"video-player d-block rounder w-100 object-fit-cover\" controls poster=\"https:\/\/protectglobal.com\/wp-content\/uploads\/2024\/03\/protect-intellicloud_animation-film_ramme-1024x576.jpg\">\n                                <source class=\"media-img\" src=\"https:\/\/protectglobal.com\/wp-content\/uploads\/2024\/03\/protect-intellicloud_animation-film_end-user_en.mp4\" type=\"video\/mp4\">\n                            <\/video>\n                            <button aria-label=\"Play video\" class=\"d-none d-sm-block play-video p-2 d-flex justify-content-center align-items-center\">\n                                <svg width=\"24\" height=\"24\" viewBox=\"0 0 16 16\" fill=\"none\" xmlns=\"http:\/\/www.w3.org\/2000\/svg\">\n                                    <g clip-path=\"url(#clip0_985_29265)\">\n                                        <rect x=\"1.44727\" y=\"0.457031\" width=\"2.66667\" height=\"13.3333\" transform=\"rotate(-45 1.44727 0.457031)\" fill=\"white\"\/>\n                                        <rect x=\"3.33203\" y=\"17.4277\" width=\"2.66667\" height=\"9.33333\" transform=\"rotate(-135 3.33203 17.4277)\" fill=\"white\"\/>\n                                    <\/g>\n                                    <defs>\n                                            <clipPath id=\"clip0_985_29265\">\n                                            <rect width=\"10.6667\" height=\"10.6667\" fill=\"white\" transform=\"translate(2.66602 2.66602)\"\/>\n                                            <\/clipPath>\n                                    <\/defs>\n                                <\/svg>\n                            <\/button>\n                        <\/div>\n                                       \n                <\/div>\n                \n            \n        <\/div>\n    <\/div>\n\n","protected":false},"featured_media":8164,"template":"","meta":{"_acf_changed":true,"inline_featured_image":false},"product-category":[162],"class_list":["post-5304","product","type-product","status-publish","has-post-thumbnail","hentry","product-category-outils-de-surveillance-et-de-maintenance"],"acf":[],"yoast_head":"<!-- This site is optimized with the Yoast SEO Premium plugin v27.3 (Yoast SEO v27.3) - https:\/\/yoast.com\/product\/yoast-seo-premium-wordpress\/ -->\n<title>PROTECT IntelliCloud\u2122 - Syst\u00e8me intelligent de rapports de service<\/title>\n<meta name=\"description\" content=\"Le syst\u00e8me de rapports de service PROTECT IntelliCloud\u2122 permet une surveillance des g\u00e9n\u00e9rateurs de brouillard 24h\/24 et 7j\/7 via IP\/internet, avec un ordinateur portable ou un smartphone.\" \/>\n<meta name=\"robots\" content=\"index, follow, max-snippet:-1, max-image-preview:large, max-video-preview:-1\" \/>\n<link rel=\"canonical\" href=\"https:\/\/protectglobal.com\/fr\/product\/protect-intellicloud\/\" \/>\n<meta property=\"og:locale\" content=\"fr_FR\" \/>\n<meta property=\"og:type\" content=\"article\" \/>\n<meta property=\"og:title\" content=\"PROTECT IntelliCloud\u2122\" \/>\n<meta property=\"og:description\" content=\"Le syst\u00e8me de rapports de service PROTECT IntelliCloud\u2122 permet une surveillance des g\u00e9n\u00e9rateurs de brouillard 24h\/24 et 7j\/7 via IP\/internet, avec un ordinateur portable ou un smartphone.\" \/>\n<meta property=\"og:url\" content=\"https:\/\/protectglobal.com\/fr\/product\/protect-intellicloud\/\" \/>\n<meta property=\"og:site_name\" content=\"Canons \u00e0 brouillard PROTECT\u2122\" \/>\n<meta property=\"article:publisher\" content=\"https:\/\/www.facebook.com\/PROTECTFogCannon\/\" \/>\n<meta property=\"article:modified_time\" content=\"2025-02-25T10:21:19+00:00\" \/>\n<meta property=\"og:image\" content=\"https:\/\/protectglobal.com\/wp-content\/uploads\/2024\/03\/intellicloud-1.png\" \/>\n\t<meta property=\"og:image:width\" content=\"326\" \/>\n\t<meta property=\"og:image:height\" content=\"408\" \/>\n\t<meta property=\"og:image:type\" content=\"image\/png\" \/>\n<meta name=\"twitter:card\" content=\"summary_large_image\" \/>\n<meta name=\"twitter:site\" content=\"@PROTECTFOG\" \/>\n<meta name=\"twitter:label1\" content=\"Dur\u00e9e de lecture estim\u00e9e\" \/>\n\t<meta name=\"twitter:data1\" content=\"1 minute\" \/>\n<script type=\"application\/ld+json\" class=\"yoast-schema-graph\">{\"@context\":\"https:\\\/\\\/schema.org\",\"@graph\":[{\"@type\":\"WebPage\",\"@id\":\"https:\\\/\\\/protectglobal.com\\\/fr\\\/product\\\/protect-intellicloud\\\/\",\"url\":\"https:\\\/\\\/protectglobal.com\\\/fr\\\/product\\\/protect-intellicloud\\\/\",\"name\":\"PROTECT IntelliCloud\u2122 - Syst\u00e8me intelligent de rapports de service\",\"isPartOf\":{\"@id\":\"https:\\\/\\\/protectglobal.com\\\/fr\\\/#website\"},\"primaryImageOfPage\":{\"@id\":\"https:\\\/\\\/protectglobal.com\\\/fr\\\/product\\\/protect-intellicloud\\\/#primaryimage\"},\"image\":{\"@id\":\"https:\\\/\\\/protectglobal.com\\\/fr\\\/product\\\/protect-intellicloud\\\/#primaryimage\"},\"thumbnailUrl\":\"https:\\\/\\\/protectglobal.com\\\/wp-content\\\/uploads\\\/2024\\\/03\\\/intellicloud-1.png\",\"datePublished\":\"2024-03-19T12:08:35+00:00\",\"dateModified\":\"2025-02-25T10:21:19+00:00\",\"description\":\"Le syst\u00e8me de rapports de service PROTECT IntelliCloud\u2122 permet une surveillance des g\u00e9n\u00e9rateurs de brouillard 24h\\\/24 et 7j\\\/7 via IP\\\/internet, avec un ordinateur portable ou un smartphone.\",\"breadcrumb\":{\"@id\":\"https:\\\/\\\/protectglobal.com\\\/fr\\\/product\\\/protect-intellicloud\\\/#breadcrumb\"},\"inLanguage\":\"fr-FR\",\"potentialAction\":[{\"@type\":\"ReadAction\",\"target\":[\"https:\\\/\\\/protectglobal.com\\\/fr\\\/product\\\/protect-intellicloud\\\/\"]}]},{\"@type\":\"ImageObject\",\"inLanguage\":\"fr-FR\",\"@id\":\"https:\\\/\\\/protectglobal.com\\\/fr\\\/product\\\/protect-intellicloud\\\/#primaryimage\",\"url\":\"https:\\\/\\\/protectglobal.com\\\/wp-content\\\/uploads\\\/2024\\\/03\\\/intellicloud-1.png\",\"contentUrl\":\"https:\\\/\\\/protectglobal.com\\\/wp-content\\\/uploads\\\/2024\\\/03\\\/intellicloud-1.png\",\"width\":326,\"height\":408,\"caption\":\"IntelliCloud\"},{\"@type\":\"BreadcrumbList\",\"@id\":\"https:\\\/\\\/protectglobal.com\\\/fr\\\/product\\\/protect-intellicloud\\\/#breadcrumb\",\"itemListElement\":[{\"@type\":\"ListItem\",\"position\":1,\"name\":\"Hjem\",\"item\":\"https:\\\/\\\/protectglobal.com\\\/fr\\\/\"},{\"@type\":\"ListItem\",\"position\":2,\"name\":\"PROTECT IntelliCloud\u2122\"}]},{\"@type\":\"WebSite\",\"@id\":\"https:\\\/\\\/protectglobal.com\\\/fr\\\/#website\",\"url\":\"https:\\\/\\\/protectglobal.com\\\/fr\\\/\",\"name\":\"PROTECT Fog Cannons\u2122\",\"description\":\"\",\"publisher\":{\"@id\":\"https:\\\/\\\/protectglobal.com\\\/fr\\\/#organization\"},\"potentialAction\":[{\"@type\":\"SearchAction\",\"target\":{\"@type\":\"EntryPoint\",\"urlTemplate\":\"https:\\\/\\\/protectglobal.com\\\/fr\\\/?s={search_term_string}\"},\"query-input\":{\"@type\":\"PropertyValueSpecification\",\"valueRequired\":true,\"valueName\":\"search_term_string\"}}],\"inLanguage\":\"fr-FR\"},{\"@type\":\"Organization\",\"@id\":\"https:\\\/\\\/protectglobal.com\\\/fr\\\/#organization\",\"name\":\"PROTECT Fog Cannons\u2122\",\"url\":\"https:\\\/\\\/protectglobal.com\\\/fr\\\/\",\"logo\":{\"@type\":\"ImageObject\",\"inLanguage\":\"fr-FR\",\"@id\":\"https:\\\/\\\/protectglobal.com\\\/fr\\\/#\\\/schema\\\/logo\\\/image\\\/\",\"url\":\"https:\\\/\\\/protectglobal.com\\\/wp-content\\\/uploads\\\/2023\\\/10\\\/logo.svg\",\"contentUrl\":\"https:\\\/\\\/protectglobal.com\\\/wp-content\\\/uploads\\\/2023\\\/10\\\/logo.svg\",\"width\":90,\"height\":40,\"caption\":\"PROTECT Fog Cannons\u2122\"},\"image\":{\"@id\":\"https:\\\/\\\/protectglobal.com\\\/fr\\\/#\\\/schema\\\/logo\\\/image\\\/\"},\"sameAs\":[\"https:\\\/\\\/www.facebook.com\\\/PROTECTFogCannon\\\/\",\"https:\\\/\\\/x.com\\\/PROTECTFOG\",\"https:\\\/\\\/www.linkedin.com\\\/company\\\/protect-a-s\\\/\",\"https:\\\/\\\/www.youtube.com\\\/user\\\/PROTECTFogCannon\"],\"description\":\"PROTECT\u2122 specializes in security fog solutions, protecting valuables in retail, banks, warehouses any many other industries across more than 50 countries. With over 175,000 fog cannons installed, our systems fill rooms with dense fog in seconds, deterring burglars and preventing theft. We focus on providing reliable, durable, and easy-to-install solutions for enhanced security and peace of mind.\",\"email\":\"info@protectglobal.com\",\"telephone\":\"+45 8672 1881\",\"legalName\":\"PROTECT A\\\/S\",\"foundingDate\":\"2000-09-28\",\"vatID\":\"25687272\",\"numberOfEmployees\":{\"@type\":\"QuantitativeValue\",\"minValue\":\"11\",\"maxValue\":\"50\"}}]}<\/script>\n<!-- \/ Yoast SEO Premium plugin. -->","yoast_head_json":{"title":"PROTECT IntelliCloud\u2122 - Syst\u00e8me intelligent de rapports de service","description":"Le syst\u00e8me de rapports de service PROTECT IntelliCloud\u2122 permet une surveillance des g\u00e9n\u00e9rateurs de brouillard 24h\/24 et 7j\/7 via IP\/internet, avec un ordinateur portable ou un smartphone.","robots":{"index":"index","follow":"follow","max-snippet":"max-snippet:-1","max-image-preview":"max-image-preview:large","max-video-preview":"max-video-preview:-1"},"canonical":"https:\/\/protectglobal.com\/fr\/product\/protect-intellicloud\/","og_locale":"fr_FR","og_type":"article","og_title":"PROTECT IntelliCloud\u2122","og_description":"Le syst\u00e8me de rapports de service PROTECT IntelliCloud\u2122 permet une surveillance des g\u00e9n\u00e9rateurs de brouillard 24h\/24 et 7j\/7 via IP\/internet, avec un ordinateur portable ou un smartphone.","og_url":"https:\/\/protectglobal.com\/fr\/product\/protect-intellicloud\/","og_site_name":"Canons \u00e0 brouillard PROTECT\u2122","article_publisher":"https:\/\/www.facebook.com\/PROTECTFogCannon\/","article_modified_time":"2025-02-25T10:21:19+00:00","og_image":[{"width":326,"height":408,"url":"https:\/\/protectglobal.com\/wp-content\/uploads\/2024\/03\/intellicloud-1.png","type":"image\/png"}],"twitter_card":"summary_large_image","twitter_site":"@PROTECTFOG","twitter_misc":{"Dur\u00e9e de lecture estim\u00e9e":"1 minute"},"schema":{"@context":"https:\/\/schema.org","@graph":[{"@type":"WebPage","@id":"https:\/\/protectglobal.com\/fr\/product\/protect-intellicloud\/","url":"https:\/\/protectglobal.com\/fr\/product\/protect-intellicloud\/","name":"PROTECT IntelliCloud\u2122 - Syst\u00e8me intelligent de rapports de service","isPartOf":{"@id":"https:\/\/protectglobal.com\/fr\/#website"},"primaryImageOfPage":{"@id":"https:\/\/protectglobal.com\/fr\/product\/protect-intellicloud\/#primaryimage"},"image":{"@id":"https:\/\/protectglobal.com\/fr\/product\/protect-intellicloud\/#primaryimage"},"thumbnailUrl":"https:\/\/protectglobal.com\/wp-content\/uploads\/2024\/03\/intellicloud-1.png","datePublished":"2024-03-19T12:08:35+00:00","dateModified":"2025-02-25T10:21:19+00:00","description":"Le syst\u00e8me de rapports de service PROTECT IntelliCloud\u2122 permet une surveillance des g\u00e9n\u00e9rateurs de brouillard 24h\/24 et 7j\/7 via IP\/internet, avec un ordinateur portable ou un smartphone.","breadcrumb":{"@id":"https:\/\/protectglobal.com\/fr\/product\/protect-intellicloud\/#breadcrumb"},"inLanguage":"fr-FR","potentialAction":[{"@type":"ReadAction","target":["https:\/\/protectglobal.com\/fr\/product\/protect-intellicloud\/"]}]},{"@type":"ImageObject","inLanguage":"fr-FR","@id":"https:\/\/protectglobal.com\/fr\/product\/protect-intellicloud\/#primaryimage","url":"https:\/\/protectglobal.com\/wp-content\/uploads\/2024\/03\/intellicloud-1.png","contentUrl":"https:\/\/protectglobal.com\/wp-content\/uploads\/2024\/03\/intellicloud-1.png","width":326,"height":408,"caption":"IntelliCloud"},{"@type":"BreadcrumbList","@id":"https:\/\/protectglobal.com\/fr\/product\/protect-intellicloud\/#breadcrumb","itemListElement":[{"@type":"ListItem","position":1,"name":"Hjem","item":"https:\/\/protectglobal.com\/fr\/"},{"@type":"ListItem","position":2,"name":"PROTECT IntelliCloud\u2122"}]},{"@type":"WebSite","@id":"https:\/\/protectglobal.com\/fr\/#website","url":"https:\/\/protectglobal.com\/fr\/","name":"PROTECT Fog Cannons\u2122","description":"","publisher":{"@id":"https:\/\/protectglobal.com\/fr\/#organization"},"potentialAction":[{"@type":"SearchAction","target":{"@type":"EntryPoint","urlTemplate":"https:\/\/protectglobal.com\/fr\/?s={search_term_string}"},"query-input":{"@type":"PropertyValueSpecification","valueRequired":true,"valueName":"search_term_string"}}],"inLanguage":"fr-FR"},{"@type":"Organization","@id":"https:\/\/protectglobal.com\/fr\/#organization","name":"PROTECT Fog Cannons\u2122","url":"https:\/\/protectglobal.com\/fr\/","logo":{"@type":"ImageObject","inLanguage":"fr-FR","@id":"https:\/\/protectglobal.com\/fr\/#\/schema\/logo\/image\/","url":"https:\/\/protectglobal.com\/wp-content\/uploads\/2023\/10\/logo.svg","contentUrl":"https:\/\/protectglobal.com\/wp-content\/uploads\/2023\/10\/logo.svg","width":90,"height":40,"caption":"PROTECT Fog Cannons\u2122"},"image":{"@id":"https:\/\/protectglobal.com\/fr\/#\/schema\/logo\/image\/"},"sameAs":["https:\/\/www.facebook.com\/PROTECTFogCannon\/","https:\/\/x.com\/PROTECTFOG","https:\/\/www.linkedin.com\/company\/protect-a-s\/","https:\/\/www.youtube.com\/user\/PROTECTFogCannon"],"description":"PROTECT\u2122 specializes in security fog solutions, protecting valuables in retail, banks, warehouses any many other industries across more than 50 countries. With over 175,000 fog cannons installed, our systems fill rooms with dense fog in seconds, deterring burglars and preventing theft. We focus on providing reliable, durable, and easy-to-install solutions for enhanced security and peace of mind.","email":"info@protectglobal.com","telephone":"+45 8672 1881","legalName":"PROTECT A\/S","foundingDate":"2000-09-28","vatID":"25687272","numberOfEmployees":{"@type":"QuantitativeValue","minValue":"11","maxValue":"50"}}]}},"_links":{"self":[{"href":"https:\/\/protectglobal.com\/fr\/wp-json\/wp\/v2\/product\/5304","targetHints":{"allow":["GET"]}}],"collection":[{"href":"https:\/\/protectglobal.com\/fr\/wp-json\/wp\/v2\/product"}],"about":[{"href":"https:\/\/protectglobal.com\/fr\/wp-json\/wp\/v2\/types\/product"}],"wp:featuredmedia":[{"embeddable":true,"href":"https:\/\/protectglobal.com\/fr\/wp-json\/wp\/v2\/media\/8164"}],"wp:attachment":[{"href":"https:\/\/protectglobal.com\/fr\/wp-json\/wp\/v2\/media?parent=5304"}],"wp:term":[{"taxonomy":"product-category","embeddable":true,"href":"https:\/\/protectglobal.com\/fr\/wp-json\/wp\/v2\/product-category?post=5304"}],"curies":[{"name":"wp","href":"https:\/\/api.w.org\/{rel}","templated":true}]}}