{"id":5273,"date":"2024-03-19T10:39:06","date_gmt":"2024-03-19T10:39:06","guid":{"rendered":"https:\/\/protectglobal.com\/?post_type=product&#038;p=5273"},"modified":"2025-02-25T10:19:00","modified_gmt":"2025-02-25T10:19:00","slug":"protect-ajax-ready","status":"publish","type":"product","link":"https:\/\/protectglobal.com\/fr\/product\/protect-ajax-ready\/","title":{"rendered":"PROTECT Ajax ready"},"content":{"rendered":"\n\n<section class=\"content-toggle-block custom-block black py-5\" style=\"\">\n    <section class=\"py-xxl-5 py-5\">\n                <div class=\"switchable-content\">\n            <!-- Content option 1 -->\n                                                                <div class=\"content-option option-1 container\" aria-hidden=\"false\">\n                        <section class=\"row gap-lg-5\">\n                                                            <section class=\"column-1 col-12 col-lg mb-5 mb-lg-0\">\n                                    <blockquote class=\"mb-4 h2 font-white\"><h2>Pr\u00e9sentation des g\u00e9n\u00e9rateurs de brouillard <span style=\"color: #3f75ff;\">PROTECT Ajax ready<\/span><\/h2>\n<\/blockquote>\n                                    <blockquote class=\"mb-5 fs-6 body-text font-white\"><p>Les g\u00e9n\u00e9rateurs de brouillard PROTECT Ajax ready repr\u00e9sente la plus r\u00e9cente technologie de s\u00e9curit\u00e9, offrant une int\u00e9gration simple avec le syst\u00e8me de s\u00e9curit\u00e9 Ajax. Avec des capacit\u00e9s sans fil int\u00e9gr\u00e9es, cette solution innovante permet aux utilisateurs et aux installateurs de g\u00e9rer toutes les commandes de s\u00e9curit\u00e9 \u00e0 partir d\u2019un seul appareil. Imaginez contr\u00f4ler votre g\u00e9n\u00e9rateur de brouillard PROTECT avec l\u2019application Ajax, parall\u00e8lement \u00e0 la gestion des autres solutions de s\u00e9curit\u00e9 Ajax, directement depuis votre smartphone.  <\/p>\n<\/blockquote>\n                                    \n                                                                    <\/section>\n                                                                                            <section class=\"col-lg col-12 column-2 \">\n                                    <section class=\"accordion\">\n                                                                                    <div class=\"acc-item d-flex flex-column gap-3 pb-3 \">\n                                                <button class=\"acc-button w-100 text-start p-0 d-flex justify-content-between \">\n                                                    <h4 class=\"mb-0 fs-5\">Une configuration sans difficult\u00e9<\/h4>\n                                                    <svg class=\"acc-icon\" width=\"20\" height=\"20\" viewBox=\"0 0 20 20\" fill=\"none\" xmlns=\"http:\/\/www.w3.org\/2000\/svg\">\n                                                        <g clip-path=\"url(#clip0_2099_15870)\">\n                                                            <rect x=\"24.1421\" y=\"-2.28516\" width=\"5\" height=\"25\" transform=\"rotate(45 24.1421 -2.28516)\" fill=\"#DCDCDC\"\/>\n                                                            <rect x=\"-7.67773\" y=\"1.25\" width=\"5\" height=\"17.5\" transform=\"rotate(-45 -7.67773 1.25)\" fill=\"#DCDCDC\"\/>\n                                                        <\/g>\n                                                        <defs>\n                                                            <clipPath id=\"clip0_2099_15870\">\n                                                                <rect width=\"20\" height=\"20\" fill=\"white\" transform=\"translate(20) rotate(90)\"\/>\n                                                            <\/clipPath>\n                                                        <\/defs>\n                                                    <\/svg>\n                                                <\/button>\n                                                <div class=\"acc-content \" aria-hidden=\"true\">\n                                                    <blockquote class=\"body-text font-white\"><p>La configuration de votre g\u00e9n\u00e9rateur de brouillard PROTECT n\u2019a jamais \u00e9t\u00e9 aussi simple. En seulement 2 minutes, vous pouvez s\u00e9lectionner et personnaliser vos param\u00e8tres pr\u00e9f\u00e9r\u00e9s afin de vous assurer que votre syst\u00e8me de s\u00e9curit\u00e9 fonctionne pr\u00e9cis\u00e9ment selon vos sp\u00e9cifications.<\/p>\n<p>&nbsp;<\/p>\n<p>La fonction Ajax ready apporte une technologie avanc\u00e9e int\u00e9gr\u00e9e dans une interface conviviale, con\u00e7ue pour r\u00e9pondre \u00e0 vos besoins de s\u00e9curit\u00e9 sp\u00e9cifiques sans aucune difficult\u00e9.<\/p>\n<\/blockquote>\n                                                <\/div>\n                                            <\/div>\n                                                                                    <div class=\"acc-item d-flex flex-column gap-3 pb-3 \">\n                                                <button class=\"acc-button w-100 text-start p-0 d-flex justify-content-between \">\n                                                    <h4 class=\"mb-0 fs-5\">Kit d\u2019installation complet<\/h4>\n                                                    <svg class=\"acc-icon\" width=\"20\" height=\"20\" viewBox=\"0 0 20 20\" fill=\"none\" xmlns=\"http:\/\/www.w3.org\/2000\/svg\">\n                                                        <g clip-path=\"url(#clip0_2099_15870)\">\n                                                            <rect x=\"24.1421\" y=\"-2.28516\" width=\"5\" height=\"25\" transform=\"rotate(45 24.1421 -2.28516)\" fill=\"#DCDCDC\"\/>\n                                                            <rect x=\"-7.67773\" y=\"1.25\" width=\"5\" height=\"17.5\" transform=\"rotate(-45 -7.67773 1.25)\" fill=\"#DCDCDC\"\/>\n                                                        <\/g>\n                                                        <defs>\n                                                            <clipPath id=\"clip0_2099_15870\">\n                                                                <rect width=\"20\" height=\"20\" fill=\"white\" transform=\"translate(20) rotate(90)\"\/>\n                                                            <\/clipPath>\n                                                        <\/defs>\n                                                    <\/svg>\n                                                <\/button>\n                                                <div class=\"acc-content \" aria-hidden=\"true\">\n                                                    <blockquote class=\"body-text font-white\"><p>Le kit PROTECT Ajax ready est un ensemble complet, contenant tous les composants n\u00e9cessaires \u00e0 l\u2019installation de votre g\u00e9n\u00e9rateur de brouillard. Le kit comprend deux relais Ajax, un rail DIN, un support DIN et des c\u00e2bles Ajax, pour vous garantir une installation simple. Pour plus de commodit\u00e9, PROTECT\u2122 propose en option l\u2019installation du kit Ajax ready dans les g\u00e9n\u00e9rateurs de brouillard pour une proc\u00e9dure d\u2019installation encore plus rationalis\u00e9e.<\/p>\n<p>&nbsp;<\/p>\n<p>Gr\u00e2ce \u00e0 ces caract\u00e9ristiques, les g\u00e9n\u00e9rateurs de brouillard PROTECT Ajax ready renforcent non seulement la s\u00e9curit\u00e9, mais simplifient \u00e9galement la mani\u00e8re dont vous contr\u00f4lez et configurez vos mesures de protection, offrant ainsi une solution int\u00e9gr\u00e9e et robuste pour les besoins de s\u00e9curit\u00e9 modernes.<\/p>\n<\/blockquote>\n                                                <\/div>\n                                            <\/div>\n                                                                            <\/section>\n                                <\/section>\n                                                    <\/section>\n                    <\/div>\n                                        <!-- Content option 2 -->\n                    <\/div>\n    <\/section>\n<\/section>\n\n\n\n\n\n\n\n    <div class=\"two-column-list-block white-bg custom-block p-3 py-5 p-3\" style=\"\">\n        <section class=\"list-columns-wrapper container \" data-aos=\"fade-in\">\n\n\t\t\t\t\t\t\t<div class=\"font-dark mb-4\"><h2><span style=\"color: #3f75ff;\">Activez sans fil<\/span> votre g\u00e9n\u00e9rateur de brouillard Ajax ready avec l\u2019une des 4 m\u00e9thodes suivantes*<\/h2>\n<\/div>\n\t\t\t\n\t\t\t<blockquote class=\"d-lg-flex flex-row-reverse justify-content-between\">\n\n                <div class=\"list-col-1\">\n                                                <ul class=\"m-0 p-0\">\n                                \n                                    <li class=\"font-dark check custom-list\"><p>Boutons de panique : Activez le brouillard et s\u00e9curisez votre espace en quelques secondes d\u2019un simple clic. Con\u00e7us pour \u00e9viter toute activation accidentelle, ces boutons permettent de r\u00e9agir facilement et rapidement lorsque vous vous sentez en danger. <\/p>\n<\/li>\n\n                                \n                                    <li class=\"font-dark check custom-list\"><p>Application Ajax : Activez votre g\u00e9n\u00e9rateur de brouillard PROTECT sans effort depuis l\u2019application Ajax. D\u2019un simple tapotage sur l\u2019\u00e9cran de votre smartphone, vous pouvez s\u00e9curiser votre environnement en un instant. <\/p>\n<\/li>\n\n                                \n                                    <li class=\"font-dark exclaim custom-list\"><p>*Alarme centralis\u00e9e n\u00e9cessaire pour l\u2019int\u00e9gration avec la d\u00e9tection d\u2019intrusion Ajax<\/p>\n<\/li>\n\n                                                            <\/ul>\n                        \n\n                                    <\/div>\n                <div class=\"list-col-2\">\n                                                <ul class=\"m-0 p-0\">\n                                \n                                    <li class=\"font-dark check custom-list\"><p>D\u00e9tecteurs d\u2019ouverture : Prot\u00e9gez votre propri\u00e9t\u00e9 lorsque des portes ou des fen\u00eatres sont ouvertes par des invit\u00e9s ind\u00e9sirables ou lorsqu\u2019elles sont laiss\u00e9es ouvertes par inadvertance. Le syst\u00e8me d\u00e9tecte si un capteur est d\u00e9plac\u00e9. <\/p>\n<\/li>\n\n                                \n                                    <li class=\"font-dark check custom-list\"><p>D\u00e9tecteurs de bris de verre : S\u00e9curisez votre espace gr\u00e2ce \u00e0 un syst\u00e8me sans fil qui d\u00e9tecte le bruit d\u2019un bris de verre jusqu\u2019\u00e0 9 m\u00e8tres de distance sans provoquer de fausses alertes.<\/p>\n<\/li>\n\n                                \n                                    <li class=\"font-dark check custom-list\"><p>D\u00e9tecteurs de mouvement : Choisissez parmi les d\u00e9tecteurs de mouvement Ajax int\u00e9rieurs et ext\u00e9rieurs, avec ou sans cam\u00e9ra, pour d\u00e9tecter les intrus et d\u00e9clencher le syst\u00e8me de brouillard. Les options de cam\u00e9ra permettent de v\u00e9rifier rapidement les fausses alertes. <\/p>\n<\/li>\n\n                                                            <\/ul>\n                        \n\n                                    <\/div>\n\n\n            <\/blockquote>\n\n        <\/section>\n    <\/div>\n\n\n","protected":false},"featured_media":22883,"template":"","meta":{"_acf_changed":true,"inline_featured_image":false},"product-category":[91],"class_list":["post-5273","product","type-product","status-publish","has-post-thumbnail","hentry","product-category-generateurs-de-brouillard"],"acf":[],"yoast_head":"<!-- This site is optimized with the Yoast SEO Premium plugin v27.3 (Yoast SEO v27.3) - https:\/\/yoast.com\/product\/yoast-seo-premium-wordpress\/ -->\n<title>PROTECT Ajax Ready - Int\u00e9gration sans fil des canons \u00e0 brouillard<\/title>\n<meta name=\"description\" content=\"Int\u00e9grez vos canons \u00e0 brouillard au syst\u00e8me Ajax via l&#039;appli, avec une configuration simple et un kit complet.\" \/>\n<meta name=\"robots\" content=\"index, follow, max-snippet:-1, max-image-preview:large, max-video-preview:-1\" \/>\n<link rel=\"canonical\" href=\"https:\/\/protectglobal.com\/fr\/product\/protect-ajax-ready\/\" \/>\n<meta property=\"og:locale\" content=\"fr_FR\" \/>\n<meta property=\"og:type\" content=\"article\" \/>\n<meta property=\"og:title\" content=\"PROTECT Ajax ready\" \/>\n<meta property=\"og:description\" content=\"Int\u00e9grez vos canons \u00e0 brouillard au syst\u00e8me Ajax via l&#039;appli, avec une configuration simple et un kit complet.\" \/>\n<meta property=\"og:url\" content=\"https:\/\/protectglobal.com\/fr\/product\/protect-ajax-ready\/\" \/>\n<meta property=\"og:site_name\" content=\"Canons \u00e0 brouillard PROTECT\u2122\" \/>\n<meta property=\"article:publisher\" content=\"https:\/\/www.facebook.com\/PROTECTFogCannon\/\" \/>\n<meta property=\"article:modified_time\" content=\"2025-02-25T10:19:00+00:00\" \/>\n<meta property=\"og:image\" content=\"https:\/\/protectglobal.com\/wp-content\/uploads\/2024\/03\/ajax-ready.jpg\" \/>\n\t<meta property=\"og:image:width\" content=\"326\" \/>\n\t<meta property=\"og:image:height\" content=\"408\" \/>\n\t<meta property=\"og:image:type\" content=\"image\/jpeg\" \/>\n<meta name=\"twitter:card\" content=\"summary_large_image\" \/>\n<meta name=\"twitter:site\" content=\"@PROTECTFOG\" \/>\n<meta name=\"twitter:label1\" content=\"Dur\u00e9e de lecture estim\u00e9e\" \/>\n\t<meta name=\"twitter:data1\" content=\"1 minute\" \/>\n<script type=\"application\/ld+json\" class=\"yoast-schema-graph\">{\"@context\":\"https:\\\/\\\/schema.org\",\"@graph\":[{\"@type\":\"WebPage\",\"@id\":\"https:\\\/\\\/protectglobal.com\\\/fr\\\/product\\\/protect-ajax-ready\\\/\",\"url\":\"https:\\\/\\\/protectglobal.com\\\/fr\\\/product\\\/protect-ajax-ready\\\/\",\"name\":\"PROTECT Ajax Ready - Int\u00e9gration sans fil des canons \u00e0 brouillard\",\"isPartOf\":{\"@id\":\"https:\\\/\\\/protectglobal.com\\\/fr\\\/#website\"},\"primaryImageOfPage\":{\"@id\":\"https:\\\/\\\/protectglobal.com\\\/fr\\\/product\\\/protect-ajax-ready\\\/#primaryimage\"},\"image\":{\"@id\":\"https:\\\/\\\/protectglobal.com\\\/fr\\\/product\\\/protect-ajax-ready\\\/#primaryimage\"},\"thumbnailUrl\":\"https:\\\/\\\/protectglobal.com\\\/wp-content\\\/uploads\\\/2024\\\/03\\\/ajax-ready.jpg\",\"datePublished\":\"2024-03-19T10:39:06+00:00\",\"dateModified\":\"2025-02-25T10:19:00+00:00\",\"description\":\"Int\u00e9grez vos canons \u00e0 brouillard au syst\u00e8me Ajax via l'appli, avec une configuration simple et un kit complet.\",\"breadcrumb\":{\"@id\":\"https:\\\/\\\/protectglobal.com\\\/fr\\\/product\\\/protect-ajax-ready\\\/#breadcrumb\"},\"inLanguage\":\"fr-FR\",\"potentialAction\":[{\"@type\":\"ReadAction\",\"target\":[\"https:\\\/\\\/protectglobal.com\\\/fr\\\/product\\\/protect-ajax-ready\\\/\"]}]},{\"@type\":\"ImageObject\",\"inLanguage\":\"fr-FR\",\"@id\":\"https:\\\/\\\/protectglobal.com\\\/fr\\\/product\\\/protect-ajax-ready\\\/#primaryimage\",\"url\":\"https:\\\/\\\/protectglobal.com\\\/wp-content\\\/uploads\\\/2024\\\/03\\\/ajax-ready.jpg\",\"contentUrl\":\"https:\\\/\\\/protectglobal.com\\\/wp-content\\\/uploads\\\/2024\\\/03\\\/ajax-ready.jpg\",\"width\":326,\"height\":408},{\"@type\":\"BreadcrumbList\",\"@id\":\"https:\\\/\\\/protectglobal.com\\\/fr\\\/product\\\/protect-ajax-ready\\\/#breadcrumb\",\"itemListElement\":[{\"@type\":\"ListItem\",\"position\":1,\"name\":\"Hjem\",\"item\":\"https:\\\/\\\/protectglobal.com\\\/fr\\\/\"},{\"@type\":\"ListItem\",\"position\":2,\"name\":\"PROTECT Ajax ready\"}]},{\"@type\":\"WebSite\",\"@id\":\"https:\\\/\\\/protectglobal.com\\\/fr\\\/#website\",\"url\":\"https:\\\/\\\/protectglobal.com\\\/fr\\\/\",\"name\":\"PROTECT Fog Cannons\u2122\",\"description\":\"\",\"publisher\":{\"@id\":\"https:\\\/\\\/protectglobal.com\\\/fr\\\/#organization\"},\"potentialAction\":[{\"@type\":\"SearchAction\",\"target\":{\"@type\":\"EntryPoint\",\"urlTemplate\":\"https:\\\/\\\/protectglobal.com\\\/fr\\\/?s={search_term_string}\"},\"query-input\":{\"@type\":\"PropertyValueSpecification\",\"valueRequired\":true,\"valueName\":\"search_term_string\"}}],\"inLanguage\":\"fr-FR\"},{\"@type\":\"Organization\",\"@id\":\"https:\\\/\\\/protectglobal.com\\\/fr\\\/#organization\",\"name\":\"PROTECT Fog Cannons\u2122\",\"url\":\"https:\\\/\\\/protectglobal.com\\\/fr\\\/\",\"logo\":{\"@type\":\"ImageObject\",\"inLanguage\":\"fr-FR\",\"@id\":\"https:\\\/\\\/protectglobal.com\\\/fr\\\/#\\\/schema\\\/logo\\\/image\\\/\",\"url\":\"https:\\\/\\\/protectglobal.com\\\/wp-content\\\/uploads\\\/2023\\\/10\\\/logo.svg\",\"contentUrl\":\"https:\\\/\\\/protectglobal.com\\\/wp-content\\\/uploads\\\/2023\\\/10\\\/logo.svg\",\"width\":90,\"height\":40,\"caption\":\"PROTECT Fog Cannons\u2122\"},\"image\":{\"@id\":\"https:\\\/\\\/protectglobal.com\\\/fr\\\/#\\\/schema\\\/logo\\\/image\\\/\"},\"sameAs\":[\"https:\\\/\\\/www.facebook.com\\\/PROTECTFogCannon\\\/\",\"https:\\\/\\\/x.com\\\/PROTECTFOG\",\"https:\\\/\\\/www.linkedin.com\\\/company\\\/protect-a-s\\\/\",\"https:\\\/\\\/www.youtube.com\\\/user\\\/PROTECTFogCannon\"],\"description\":\"PROTECT\u2122 specializes in security fog solutions, protecting valuables in retail, banks, warehouses any many other industries across more than 50 countries. With over 175,000 fog cannons installed, our systems fill rooms with dense fog in seconds, deterring burglars and preventing theft. We focus on providing reliable, durable, and easy-to-install solutions for enhanced security and peace of mind.\",\"email\":\"info@protectglobal.com\",\"telephone\":\"+45 8672 1881\",\"legalName\":\"PROTECT A\\\/S\",\"foundingDate\":\"2000-09-28\",\"vatID\":\"25687272\",\"numberOfEmployees\":{\"@type\":\"QuantitativeValue\",\"minValue\":\"11\",\"maxValue\":\"50\"}}]}<\/script>\n<!-- \/ Yoast SEO Premium plugin. -->","yoast_head_json":{"title":"PROTECT Ajax Ready - Int\u00e9gration sans fil des canons \u00e0 brouillard","description":"Int\u00e9grez vos canons \u00e0 brouillard au syst\u00e8me Ajax via l'appli, avec une configuration simple et un kit complet.","robots":{"index":"index","follow":"follow","max-snippet":"max-snippet:-1","max-image-preview":"max-image-preview:large","max-video-preview":"max-video-preview:-1"},"canonical":"https:\/\/protectglobal.com\/fr\/product\/protect-ajax-ready\/","og_locale":"fr_FR","og_type":"article","og_title":"PROTECT Ajax ready","og_description":"Int\u00e9grez vos canons \u00e0 brouillard au syst\u00e8me Ajax via l'appli, avec une configuration simple et un kit complet.","og_url":"https:\/\/protectglobal.com\/fr\/product\/protect-ajax-ready\/","og_site_name":"Canons \u00e0 brouillard PROTECT\u2122","article_publisher":"https:\/\/www.facebook.com\/PROTECTFogCannon\/","article_modified_time":"2025-02-25T10:19:00+00:00","og_image":[{"width":326,"height":408,"url":"https:\/\/protectglobal.com\/wp-content\/uploads\/2024\/03\/ajax-ready.jpg","type":"image\/jpeg"}],"twitter_card":"summary_large_image","twitter_site":"@PROTECTFOG","twitter_misc":{"Dur\u00e9e de lecture estim\u00e9e":"1 minute"},"schema":{"@context":"https:\/\/schema.org","@graph":[{"@type":"WebPage","@id":"https:\/\/protectglobal.com\/fr\/product\/protect-ajax-ready\/","url":"https:\/\/protectglobal.com\/fr\/product\/protect-ajax-ready\/","name":"PROTECT Ajax Ready - Int\u00e9gration sans fil des canons \u00e0 brouillard","isPartOf":{"@id":"https:\/\/protectglobal.com\/fr\/#website"},"primaryImageOfPage":{"@id":"https:\/\/protectglobal.com\/fr\/product\/protect-ajax-ready\/#primaryimage"},"image":{"@id":"https:\/\/protectglobal.com\/fr\/product\/protect-ajax-ready\/#primaryimage"},"thumbnailUrl":"https:\/\/protectglobal.com\/wp-content\/uploads\/2024\/03\/ajax-ready.jpg","datePublished":"2024-03-19T10:39:06+00:00","dateModified":"2025-02-25T10:19:00+00:00","description":"Int\u00e9grez vos canons \u00e0 brouillard au syst\u00e8me Ajax via l'appli, avec une configuration simple et un kit complet.","breadcrumb":{"@id":"https:\/\/protectglobal.com\/fr\/product\/protect-ajax-ready\/#breadcrumb"},"inLanguage":"fr-FR","potentialAction":[{"@type":"ReadAction","target":["https:\/\/protectglobal.com\/fr\/product\/protect-ajax-ready\/"]}]},{"@type":"ImageObject","inLanguage":"fr-FR","@id":"https:\/\/protectglobal.com\/fr\/product\/protect-ajax-ready\/#primaryimage","url":"https:\/\/protectglobal.com\/wp-content\/uploads\/2024\/03\/ajax-ready.jpg","contentUrl":"https:\/\/protectglobal.com\/wp-content\/uploads\/2024\/03\/ajax-ready.jpg","width":326,"height":408},{"@type":"BreadcrumbList","@id":"https:\/\/protectglobal.com\/fr\/product\/protect-ajax-ready\/#breadcrumb","itemListElement":[{"@type":"ListItem","position":1,"name":"Hjem","item":"https:\/\/protectglobal.com\/fr\/"},{"@type":"ListItem","position":2,"name":"PROTECT Ajax ready"}]},{"@type":"WebSite","@id":"https:\/\/protectglobal.com\/fr\/#website","url":"https:\/\/protectglobal.com\/fr\/","name":"PROTECT Fog Cannons\u2122","description":"","publisher":{"@id":"https:\/\/protectglobal.com\/fr\/#organization"},"potentialAction":[{"@type":"SearchAction","target":{"@type":"EntryPoint","urlTemplate":"https:\/\/protectglobal.com\/fr\/?s={search_term_string}"},"query-input":{"@type":"PropertyValueSpecification","valueRequired":true,"valueName":"search_term_string"}}],"inLanguage":"fr-FR"},{"@type":"Organization","@id":"https:\/\/protectglobal.com\/fr\/#organization","name":"PROTECT Fog Cannons\u2122","url":"https:\/\/protectglobal.com\/fr\/","logo":{"@type":"ImageObject","inLanguage":"fr-FR","@id":"https:\/\/protectglobal.com\/fr\/#\/schema\/logo\/image\/","url":"https:\/\/protectglobal.com\/wp-content\/uploads\/2023\/10\/logo.svg","contentUrl":"https:\/\/protectglobal.com\/wp-content\/uploads\/2023\/10\/logo.svg","width":90,"height":40,"caption":"PROTECT Fog Cannons\u2122"},"image":{"@id":"https:\/\/protectglobal.com\/fr\/#\/schema\/logo\/image\/"},"sameAs":["https:\/\/www.facebook.com\/PROTECTFogCannon\/","https:\/\/x.com\/PROTECTFOG","https:\/\/www.linkedin.com\/company\/protect-a-s\/","https:\/\/www.youtube.com\/user\/PROTECTFogCannon"],"description":"PROTECT\u2122 specializes in security fog solutions, protecting valuables in retail, banks, warehouses any many other industries across more than 50 countries. With over 175,000 fog cannons installed, our systems fill rooms with dense fog in seconds, deterring burglars and preventing theft. We focus on providing reliable, durable, and easy-to-install solutions for enhanced security and peace of mind.","email":"info@protectglobal.com","telephone":"+45 8672 1881","legalName":"PROTECT A\/S","foundingDate":"2000-09-28","vatID":"25687272","numberOfEmployees":{"@type":"QuantitativeValue","minValue":"11","maxValue":"50"}}]}},"_links":{"self":[{"href":"https:\/\/protectglobal.com\/fr\/wp-json\/wp\/v2\/product\/5273","targetHints":{"allow":["GET"]}}],"collection":[{"href":"https:\/\/protectglobal.com\/fr\/wp-json\/wp\/v2\/product"}],"about":[{"href":"https:\/\/protectglobal.com\/fr\/wp-json\/wp\/v2\/types\/product"}],"wp:featuredmedia":[{"embeddable":true,"href":"https:\/\/protectglobal.com\/fr\/wp-json\/wp\/v2\/media\/22883"}],"wp:attachment":[{"href":"https:\/\/protectglobal.com\/fr\/wp-json\/wp\/v2\/media?parent=5273"}],"wp:term":[{"taxonomy":"product-category","embeddable":true,"href":"https:\/\/protectglobal.com\/fr\/wp-json\/wp\/v2\/product-category?post=5273"}],"curies":[{"name":"wp","href":"https:\/\/api.w.org\/{rel}","templated":true}]}}