{"id":26866,"date":"2025-02-24T13:33:21","date_gmt":"2025-02-24T13:33:21","guid":{"rendered":"https:\/\/protectglobal.com\/?post_type=product&#038;p=26866"},"modified":"2025-11-25T09:13:39","modified_gmt":"2025-11-25T09:13:39","slug":"protect-first-alert-ready","status":"publish","type":"product","link":"https:\/\/protectglobal.com\/fr\/product\/protect-first-alert-ready\/","title":{"rendered":"PROTECT First Alert Ready"},"content":{"rendered":"\n\n<section class=\"content-toggle-block custom-block black py-5\" style=\"\">\n    <section class=\"py-xxl-5 py-5\">\n                <div class=\"switchable-content\">\n            <!-- Content option 1 -->\n                                                                <div class=\"content-option option-1 container\" aria-hidden=\"false\">\n                        <section class=\"row gap-lg-5\">\n                                                            <section class=\"column-1 col-12 col-lg mb-5 mb-lg-0\">\n                                    <blockquote class=\"mb-4 h2 font-white\"><h2>Pr\u00e9sentation des g\u00e9n\u00e9rateurs de brouillard <span style=\"color: #3f75ff;\">PROTECT First Alert Ready<\/span><\/h2>\n<\/blockquote>\n                                    <blockquote class=\"mb-5 fs-6 body-text font-white\"><p>Le syst\u00e8me PROTECT First Alert Ready\u2122 est la solution de s\u00e9curit\u00e9 intelligente ultime, alliant la technologie de canons \u00e0 brouillard de pointe \u00e0 une int\u00e9gration avanc\u00e9e avec les syst\u00e8mes de s\u00e9curit\u00e9 ProSeries. Con\u00e7u pour les maisons et les entreprises, il offre une d\u00e9fense compl\u00e8te contre les intrusions et les vols, r\u00e9agissant instantan\u00e9ment quand chaque seconde compte. <\/p>\n<\/blockquote>\n                                    \n                                                                    <\/section>\n                                                                                            <section class=\"col-lg col-12 column-2 \">\n                                    <section class=\"accordion\">\n                                                                                    <div class=\"acc-item d-flex flex-column gap-3 pb-3 \">\n                                                <button class=\"acc-button w-100 text-start p-0 d-flex justify-content-between \">\n                                                    <h4 class=\"mb-0 fs-5\">Installation rapide et simple<\/h4>\n                                                    <svg class=\"acc-icon\" width=\"20\" height=\"20\" viewBox=\"0 0 20 20\" fill=\"none\" xmlns=\"http:\/\/www.w3.org\/2000\/svg\">\n                                                        <g clip-path=\"url(#clip0_2099_15870)\">\n                                                            <rect x=\"24.1421\" y=\"-2.28516\" width=\"5\" height=\"25\" transform=\"rotate(45 24.1421 -2.28516)\" fill=\"#DCDCDC\"\/>\n                                                            <rect x=\"-7.67773\" y=\"1.25\" width=\"5\" height=\"17.5\" transform=\"rotate(-45 -7.67773 1.25)\" fill=\"#DCDCDC\"\/>\n                                                        <\/g>\n                                                        <defs>\n                                                            <clipPath id=\"clip0_2099_15870\">\n                                                                <rect width=\"20\" height=\"20\" fill=\"white\" transform=\"translate(20) rotate(90)\"\/>\n                                                            <\/clipPath>\n                                                        <\/defs>\n                                                    <\/svg>\n                                                <\/button>\n                                                <div class=\"acc-content \" aria-hidden=\"true\">\n                                                    <blockquote class=\"body-text font-white\"><p>Gr\u00e2ce aux modules Z-wave pr\u00e9install\u00e9s, oubliez les c\u00e2blages \u00e9tendus et les installations complexes. Ce syst\u00e8me est con\u00e7u pour une configuration sans effort, minimisant les temps d&rsquo;arr\u00eat et vous prot\u00e9geant en un rien de temps. <\/p>\n<\/blockquote>\n                                                <\/div>\n                                            <\/div>\n                                                                                    <div class=\"acc-item d-flex flex-column gap-3 pb-3 \">\n                                                <button class=\"acc-button w-100 text-start p-0 d-flex justify-content-between \">\n                                                    <h4 class=\"mb-0 fs-5\">R\u00e9action rapide en double mode<\/h4>\n                                                    <svg class=\"acc-icon\" width=\"20\" height=\"20\" viewBox=\"0 0 20 20\" fill=\"none\" xmlns=\"http:\/\/www.w3.org\/2000\/svg\">\n                                                        <g clip-path=\"url(#clip0_2099_15870)\">\n                                                            <rect x=\"24.1421\" y=\"-2.28516\" width=\"5\" height=\"25\" transform=\"rotate(45 24.1421 -2.28516)\" fill=\"#DCDCDC\"\/>\n                                                            <rect x=\"-7.67773\" y=\"1.25\" width=\"5\" height=\"17.5\" transform=\"rotate(-45 -7.67773 1.25)\" fill=\"#DCDCDC\"\/>\n                                                        <\/g>\n                                                        <defs>\n                                                            <clipPath id=\"clip0_2099_15870\">\n                                                                <rect width=\"20\" height=\"20\" fill=\"white\" transform=\"translate(20) rotate(90)\"\/>\n                                                            <\/clipPath>\n                                                        <\/defs>\n                                                    <\/svg>\n                                                <\/button>\n                                                <div class=\"acc-content \" aria-hidden=\"true\">\n                                                    <blockquote class=\"body-text font-white\"><p>B\u00e9n\u00e9ficiez d&rsquo;une protection imm\u00e9diate gr\u00e2ce \u00e0 un syst\u00e8me int\u00e9gr\u00e9 de brouillard et d&rsquo;alarme. Qu&rsquo;il soit d\u00e9clench\u00e9 automatiquement par une menace d\u00e9tect\u00e9e ou manuellement via un bouton panique externe, le syst\u00e8me lib\u00e8re un brouillard dense et non toxique qui d\u00e9soriente les intrus, tandis qu&rsquo;une alarme audible les dissuade de toute action suppl\u00e9mentaire. <\/p>\n<p>&nbsp;<\/p>\n<p>Gr\u00e2ce \u00e0 ces fonctionnalit\u00e9s, les canons \u00e0 brouillard PROTECT Ajax Ready\u2122 am\u00e9liorent non seulement la s\u00e9curit\u00e9, mais simplifient \u00e9galement la mani\u00e8re dont vous contr\u00f4lez et configurez vos mesures de protection, offrant ainsi une solution robuste et int\u00e9gr\u00e9e pour r\u00e9pondre aux besoins de s\u00e9curit\u00e9 modernes.<\/p>\n<\/blockquote>\n                                                <\/div>\n                                            <\/div>\n                                                                            <\/section>\n                                <\/section>\n                                                    <\/section>\n                    <\/div>\n                                        <!-- Content option 2 -->\n                    <\/div>\n    <\/section>\n<\/section>\n\n\n\n\n\n    <div class=\"two-column-list-block white-bg custom-block p-3 py-5 p-3\" style=\"\">\n        <section class=\"list-columns-wrapper container \" data-aos=\"fade-in\">\n\n\t\t\t\t\t\t\t<div class=\"font-dark mb-4\"><h2><span style=\"color: #3f75ff;\">Caract\u00e9ristiques cl\u00e9s<\/span> du PROTECT First Alert Ready<\/h2>\n<\/div>\n\t\t\t\n\t\t\t<blockquote class=\"d-lg-flex flex-row-reverse justify-content-between\">\n\n                <div class=\"list-col-1\">\n                                                <ul class=\"m-0 p-0\">\n                                \n                                    <li class=\"font-dark check custom-list\"><p>Temporisation : Fournit des secondes suppl\u00e9mentaires critiques pour une r\u00e9ponse de s\u00e9curit\u00e9<\/p>\n<\/li>\n\n                                \n                                    <li class=\"font-dark check custom-list\"><p>Non toxique : S\u00fbr pour les humains et les animaux, assurant une protection sans compromis<\/p>\n<\/li>\n\n                                \n                                    <li class=\"font-dark check custom-list\"><p>Protection jour et nuit : Une performance fiable dans toutes les conditions d&rsquo;\u00e9clairage<\/p>\n<\/li>\n\n                                \n                                    <li class=\"font-dark check custom-list\"><p>Options de d\u00e9clenchement dual : Activation flexible via les alarmes du syst\u00e8me ou un bouton panique d\u00e9di\u00e9<\/p>\n<\/li>\n\n                                                            <\/ul>\n                        \n\n                                    <\/div>\n                <div class=\"list-col-2\">\n                                                <ul class=\"m-0 p-0\">\n                                \n                                    <li class=\"font-dark check custom-list\"><p>D\u00e9tection : L&rsquo;int\u00e9gration parfaite avec les syst\u00e8mes de s\u00e9curit\u00e9 ProSeries garantit une identification instantan\u00e9e des menaces<\/p>\n<\/li>\n\n                                \n                                    <li class=\"font-dark check custom-list\"><p>Activation : D\u00e9clenchez le canon \u00e0 brouillard PROTECT automatiquement ou manuellement d\u00e8s la d\u00e9tection d&rsquo;une intrusion<\/p>\n<\/li>\n\n                                \n                                    <li class=\"font-dark check custom-list\"><p>Lib\u00e9ration du brouillard : Diffuse instantan\u00e9ment un brouillard dense et non toxique pour r\u00e9duire la visibilit\u00e9 et retarder les actions des intrus<\/p>\n<\/li>\n\n                                \n                                    <li class=\"font-dark check custom-list\"><p>Syst\u00e8me d&rsquo;alarme : L&rsquo;activation simultan\u00e9e d&rsquo;une alarme sonore constitue un puissant moyen de dissuasion<\/p>\n<\/li>\n\n                                                            <\/ul>\n                        \n\n                                    <\/div>\n\n\n            <\/blockquote>\n\n        <\/section>\n    <\/div>\n\n\n","protected":false},"featured_media":26857,"template":"","meta":{"_acf_changed":true,"inline_featured_image":false},"product-category":[91],"class_list":["post-26866","product","type-product","status-publish","has-post-thumbnail","hentry","product-category-generateurs-de-brouillard"],"acf":[],"yoast_head":"<!-- This site is optimized with the Yoast SEO Premium plugin v27.3 (Yoast SEO v27.3) - https:\/\/yoast.com\/product\/yoast-seo-premium-wordpress\/ -->\n<title>PROTECT First Alert Ready - Canons \u00e0 brouillard PROTECT\u2122<\/title>\n<meta name=\"description\" content=\"D\u00e9couvrez comment le syst\u00e8me PROTECT First Alert Ready\u2122 peut transformer votre s\u00e9curit\u00e9. Contactez-nous d\u00e8s aujourd&#039;hui.\" \/>\n<meta name=\"robots\" content=\"index, follow, max-snippet:-1, max-image-preview:large, max-video-preview:-1\" \/>\n<link rel=\"canonical\" href=\"https:\/\/protectglobal.com\/fr\/product\/protect-first-alert-ready\/\" \/>\n<meta property=\"og:locale\" content=\"fr_FR\" \/>\n<meta property=\"og:type\" content=\"article\" \/>\n<meta property=\"og:title\" content=\"PROTECT First Alert Ready\" \/>\n<meta property=\"og:description\" content=\"D\u00e9couvrez comment le syst\u00e8me PROTECT First Alert Ready\u2122 peut transformer votre s\u00e9curit\u00e9. Contactez-nous d\u00e8s aujourd&#039;hui.\" \/>\n<meta property=\"og:url\" content=\"https:\/\/protectglobal.com\/fr\/product\/protect-first-alert-ready\/\" \/>\n<meta property=\"og:site_name\" content=\"Canons \u00e0 brouillard PROTECT\u2122\" \/>\n<meta property=\"article:publisher\" content=\"https:\/\/www.facebook.com\/PROTECTFogCannon\/\" \/>\n<meta property=\"article:modified_time\" content=\"2025-11-25T09:13:39+00:00\" \/>\n<meta property=\"og:image\" content=\"https:\/\/protectglobal.com\/wp-content\/uploads\/2025\/02\/far_thmbn.png\" \/>\n\t<meta property=\"og:image:width\" content=\"1494\" \/>\n\t<meta property=\"og:image:height\" content=\"1870\" \/>\n\t<meta property=\"og:image:type\" content=\"image\/png\" \/>\n<meta name=\"twitter:card\" content=\"summary_large_image\" \/>\n<meta name=\"twitter:site\" content=\"@PROTECTFOG\" \/>\n<meta name=\"twitter:label1\" content=\"Dur\u00e9e de lecture estim\u00e9e\" \/>\n\t<meta name=\"twitter:data1\" content=\"1 minute\" \/>\n<script type=\"application\/ld+json\" class=\"yoast-schema-graph\">{\"@context\":\"https:\\\/\\\/schema.org\",\"@graph\":[{\"@type\":\"WebPage\",\"@id\":\"https:\\\/\\\/protectglobal.com\\\/fr\\\/product\\\/protect-first-alert-ready\\\/\",\"url\":\"https:\\\/\\\/protectglobal.com\\\/fr\\\/product\\\/protect-first-alert-ready\\\/\",\"name\":\"PROTECT First Alert Ready - Canons \u00e0 brouillard PROTECT\u2122\",\"isPartOf\":{\"@id\":\"https:\\\/\\\/protectglobal.com\\\/fr\\\/#website\"},\"primaryImageOfPage\":{\"@id\":\"https:\\\/\\\/protectglobal.com\\\/fr\\\/product\\\/protect-first-alert-ready\\\/#primaryimage\"},\"image\":{\"@id\":\"https:\\\/\\\/protectglobal.com\\\/fr\\\/product\\\/protect-first-alert-ready\\\/#primaryimage\"},\"thumbnailUrl\":\"https:\\\/\\\/protectglobal.com\\\/wp-content\\\/uploads\\\/2025\\\/02\\\/far_thmbn.png\",\"datePublished\":\"2025-02-24T13:33:21+00:00\",\"dateModified\":\"2025-11-25T09:13:39+00:00\",\"description\":\"D\u00e9couvrez comment le syst\u00e8me PROTECT First Alert Ready\u2122 peut transformer votre s\u00e9curit\u00e9. Contactez-nous d\u00e8s aujourd'hui.\",\"breadcrumb\":{\"@id\":\"https:\\\/\\\/protectglobal.com\\\/fr\\\/product\\\/protect-first-alert-ready\\\/#breadcrumb\"},\"inLanguage\":\"fr-FR\",\"potentialAction\":[{\"@type\":\"ReadAction\",\"target\":[\"https:\\\/\\\/protectglobal.com\\\/fr\\\/product\\\/protect-first-alert-ready\\\/\"]}]},{\"@type\":\"ImageObject\",\"inLanguage\":\"fr-FR\",\"@id\":\"https:\\\/\\\/protectglobal.com\\\/fr\\\/product\\\/protect-first-alert-ready\\\/#primaryimage\",\"url\":\"https:\\\/\\\/protectglobal.com\\\/wp-content\\\/uploads\\\/2025\\\/02\\\/far_thmbn.png\",\"contentUrl\":\"https:\\\/\\\/protectglobal.com\\\/wp-content\\\/uploads\\\/2025\\\/02\\\/far_thmbn.png\",\"width\":1494,\"height\":1870},{\"@type\":\"BreadcrumbList\",\"@id\":\"https:\\\/\\\/protectglobal.com\\\/fr\\\/product\\\/protect-first-alert-ready\\\/#breadcrumb\",\"itemListElement\":[{\"@type\":\"ListItem\",\"position\":1,\"name\":\"Hjem\",\"item\":\"https:\\\/\\\/protectglobal.com\\\/fr\\\/\"},{\"@type\":\"ListItem\",\"position\":2,\"name\":\"PROTECT First Alert Ready\"}]},{\"@type\":\"WebSite\",\"@id\":\"https:\\\/\\\/protectglobal.com\\\/fr\\\/#website\",\"url\":\"https:\\\/\\\/protectglobal.com\\\/fr\\\/\",\"name\":\"PROTECT Fog Cannons\u2122\",\"description\":\"\",\"publisher\":{\"@id\":\"https:\\\/\\\/protectglobal.com\\\/fr\\\/#organization\"},\"potentialAction\":[{\"@type\":\"SearchAction\",\"target\":{\"@type\":\"EntryPoint\",\"urlTemplate\":\"https:\\\/\\\/protectglobal.com\\\/fr\\\/?s={search_term_string}\"},\"query-input\":{\"@type\":\"PropertyValueSpecification\",\"valueRequired\":true,\"valueName\":\"search_term_string\"}}],\"inLanguage\":\"fr-FR\"},{\"@type\":\"Organization\",\"@id\":\"https:\\\/\\\/protectglobal.com\\\/fr\\\/#organization\",\"name\":\"PROTECT Fog Cannons\u2122\",\"url\":\"https:\\\/\\\/protectglobal.com\\\/fr\\\/\",\"logo\":{\"@type\":\"ImageObject\",\"inLanguage\":\"fr-FR\",\"@id\":\"https:\\\/\\\/protectglobal.com\\\/fr\\\/#\\\/schema\\\/logo\\\/image\\\/\",\"url\":\"https:\\\/\\\/protectglobal.com\\\/wp-content\\\/uploads\\\/2023\\\/10\\\/logo.svg\",\"contentUrl\":\"https:\\\/\\\/protectglobal.com\\\/wp-content\\\/uploads\\\/2023\\\/10\\\/logo.svg\",\"width\":90,\"height\":40,\"caption\":\"PROTECT Fog Cannons\u2122\"},\"image\":{\"@id\":\"https:\\\/\\\/protectglobal.com\\\/fr\\\/#\\\/schema\\\/logo\\\/image\\\/\"},\"sameAs\":[\"https:\\\/\\\/www.facebook.com\\\/PROTECTFogCannon\\\/\",\"https:\\\/\\\/x.com\\\/PROTECTFOG\",\"https:\\\/\\\/www.linkedin.com\\\/company\\\/protect-a-s\\\/\",\"https:\\\/\\\/www.youtube.com\\\/user\\\/PROTECTFogCannon\"],\"description\":\"PROTECT\u2122 specializes in security fog solutions, protecting valuables in retail, banks, warehouses any many other industries across more than 50 countries. With over 175,000 fog cannons installed, our systems fill rooms with dense fog in seconds, deterring burglars and preventing theft. We focus on providing reliable, durable, and easy-to-install solutions for enhanced security and peace of mind.\",\"email\":\"info@protectglobal.com\",\"telephone\":\"+45 8672 1881\",\"legalName\":\"PROTECT A\\\/S\",\"foundingDate\":\"2000-09-28\",\"vatID\":\"25687272\",\"numberOfEmployees\":{\"@type\":\"QuantitativeValue\",\"minValue\":\"11\",\"maxValue\":\"50\"}}]}<\/script>\n<!-- \/ Yoast SEO Premium plugin. -->","yoast_head_json":{"title":"PROTECT First Alert Ready - Canons \u00e0 brouillard PROTECT\u2122","description":"D\u00e9couvrez comment le syst\u00e8me PROTECT First Alert Ready\u2122 peut transformer votre s\u00e9curit\u00e9. Contactez-nous d\u00e8s aujourd'hui.","robots":{"index":"index","follow":"follow","max-snippet":"max-snippet:-1","max-image-preview":"max-image-preview:large","max-video-preview":"max-video-preview:-1"},"canonical":"https:\/\/protectglobal.com\/fr\/product\/protect-first-alert-ready\/","og_locale":"fr_FR","og_type":"article","og_title":"PROTECT First Alert Ready","og_description":"D\u00e9couvrez comment le syst\u00e8me PROTECT First Alert Ready\u2122 peut transformer votre s\u00e9curit\u00e9. Contactez-nous d\u00e8s aujourd'hui.","og_url":"https:\/\/protectglobal.com\/fr\/product\/protect-first-alert-ready\/","og_site_name":"Canons \u00e0 brouillard PROTECT\u2122","article_publisher":"https:\/\/www.facebook.com\/PROTECTFogCannon\/","article_modified_time":"2025-11-25T09:13:39+00:00","og_image":[{"width":1494,"height":1870,"url":"https:\/\/protectglobal.com\/wp-content\/uploads\/2025\/02\/far_thmbn.png","type":"image\/png"}],"twitter_card":"summary_large_image","twitter_site":"@PROTECTFOG","twitter_misc":{"Dur\u00e9e de lecture estim\u00e9e":"1 minute"},"schema":{"@context":"https:\/\/schema.org","@graph":[{"@type":"WebPage","@id":"https:\/\/protectglobal.com\/fr\/product\/protect-first-alert-ready\/","url":"https:\/\/protectglobal.com\/fr\/product\/protect-first-alert-ready\/","name":"PROTECT First Alert Ready - Canons \u00e0 brouillard PROTECT\u2122","isPartOf":{"@id":"https:\/\/protectglobal.com\/fr\/#website"},"primaryImageOfPage":{"@id":"https:\/\/protectglobal.com\/fr\/product\/protect-first-alert-ready\/#primaryimage"},"image":{"@id":"https:\/\/protectglobal.com\/fr\/product\/protect-first-alert-ready\/#primaryimage"},"thumbnailUrl":"https:\/\/protectglobal.com\/wp-content\/uploads\/2025\/02\/far_thmbn.png","datePublished":"2025-02-24T13:33:21+00:00","dateModified":"2025-11-25T09:13:39+00:00","description":"D\u00e9couvrez comment le syst\u00e8me PROTECT First Alert Ready\u2122 peut transformer votre s\u00e9curit\u00e9. Contactez-nous d\u00e8s aujourd'hui.","breadcrumb":{"@id":"https:\/\/protectglobal.com\/fr\/product\/protect-first-alert-ready\/#breadcrumb"},"inLanguage":"fr-FR","potentialAction":[{"@type":"ReadAction","target":["https:\/\/protectglobal.com\/fr\/product\/protect-first-alert-ready\/"]}]},{"@type":"ImageObject","inLanguage":"fr-FR","@id":"https:\/\/protectglobal.com\/fr\/product\/protect-first-alert-ready\/#primaryimage","url":"https:\/\/protectglobal.com\/wp-content\/uploads\/2025\/02\/far_thmbn.png","contentUrl":"https:\/\/protectglobal.com\/wp-content\/uploads\/2025\/02\/far_thmbn.png","width":1494,"height":1870},{"@type":"BreadcrumbList","@id":"https:\/\/protectglobal.com\/fr\/product\/protect-first-alert-ready\/#breadcrumb","itemListElement":[{"@type":"ListItem","position":1,"name":"Hjem","item":"https:\/\/protectglobal.com\/fr\/"},{"@type":"ListItem","position":2,"name":"PROTECT First Alert Ready"}]},{"@type":"WebSite","@id":"https:\/\/protectglobal.com\/fr\/#website","url":"https:\/\/protectglobal.com\/fr\/","name":"PROTECT Fog Cannons\u2122","description":"","publisher":{"@id":"https:\/\/protectglobal.com\/fr\/#organization"},"potentialAction":[{"@type":"SearchAction","target":{"@type":"EntryPoint","urlTemplate":"https:\/\/protectglobal.com\/fr\/?s={search_term_string}"},"query-input":{"@type":"PropertyValueSpecification","valueRequired":true,"valueName":"search_term_string"}}],"inLanguage":"fr-FR"},{"@type":"Organization","@id":"https:\/\/protectglobal.com\/fr\/#organization","name":"PROTECT Fog Cannons\u2122","url":"https:\/\/protectglobal.com\/fr\/","logo":{"@type":"ImageObject","inLanguage":"fr-FR","@id":"https:\/\/protectglobal.com\/fr\/#\/schema\/logo\/image\/","url":"https:\/\/protectglobal.com\/wp-content\/uploads\/2023\/10\/logo.svg","contentUrl":"https:\/\/protectglobal.com\/wp-content\/uploads\/2023\/10\/logo.svg","width":90,"height":40,"caption":"PROTECT Fog Cannons\u2122"},"image":{"@id":"https:\/\/protectglobal.com\/fr\/#\/schema\/logo\/image\/"},"sameAs":["https:\/\/www.facebook.com\/PROTECTFogCannon\/","https:\/\/x.com\/PROTECTFOG","https:\/\/www.linkedin.com\/company\/protect-a-s\/","https:\/\/www.youtube.com\/user\/PROTECTFogCannon"],"description":"PROTECT\u2122 specializes in security fog solutions, protecting valuables in retail, banks, warehouses any many other industries across more than 50 countries. With over 175,000 fog cannons installed, our systems fill rooms with dense fog in seconds, deterring burglars and preventing theft. We focus on providing reliable, durable, and easy-to-install solutions for enhanced security and peace of mind.","email":"info@protectglobal.com","telephone":"+45 8672 1881","legalName":"PROTECT A\/S","foundingDate":"2000-09-28","vatID":"25687272","numberOfEmployees":{"@type":"QuantitativeValue","minValue":"11","maxValue":"50"}}]}},"_links":{"self":[{"href":"https:\/\/protectglobal.com\/fr\/wp-json\/wp\/v2\/product\/26866","targetHints":{"allow":["GET"]}}],"collection":[{"href":"https:\/\/protectglobal.com\/fr\/wp-json\/wp\/v2\/product"}],"about":[{"href":"https:\/\/protectglobal.com\/fr\/wp-json\/wp\/v2\/types\/product"}],"wp:featuredmedia":[{"embeddable":true,"href":"https:\/\/protectglobal.com\/fr\/wp-json\/wp\/v2\/media\/26857"}],"wp:attachment":[{"href":"https:\/\/protectglobal.com\/fr\/wp-json\/wp\/v2\/media?parent=26866"}],"wp:term":[{"taxonomy":"product-category","embeddable":true,"href":"https:\/\/protectglobal.com\/fr\/wp-json\/wp\/v2\/product-category?post=26866"}],"curies":[{"name":"wp","href":"https:\/\/api.w.org\/{rel}","templated":true}]}}