{"id":5595,"date":"2024-04-02T13:32:34","date_gmt":"2024-04-02T13:32:34","guid":{"rendered":"https:\/\/protectglobal.com\/?page_id=5595"},"modified":"2025-01-21T10:43:19","modified_gmt":"2025-01-21T10:43:19","slug":"garantie","status":"publish","type":"page","link":"https:\/\/protectglobal.com\/fr\/garantie\/","title":{"rendered":"Garantie"},"content":{"rendered":"\n\n\n\n    <div class=\"two-col-layout-block custom-block white py-5\" style=\"\">\n        <div class=\"container py-xxl-5\" data-aos=\"fade-in\">\n            <div class=\"row gap-4 m-auto py-xxl-5 \">\n                <blockquote class=\"col-sm p-0 m-0 content white\">\n                    <div class=\"heading-section\"> \n                                                                            <blockquote class=\"heading h2 mb-4\"><h2>Garantie prolong\u00e9e pour des produits de haute qualit\u00e9 et sans souci<\/h2>\n<\/blockquote>\n                                            <\/div>\n                                            <div class=\"col-md mobile-image d-lg-none my-4\">\n                            <img decoding=\"async\" class=\"rounder lazyload\" data-src=\"https:\/\/protectglobal.com\/wp-content\/uploads\/2024\/07\/montering-af-maskine-frame-at-0m39s-1024x576.jpg\" alt=\"fog cannon installation\" src=\"data:image\/svg+xml;base64,PHN2ZyB3aWR0aD0iMSIgaGVpZ2h0PSIxIiB4bWxucz0iaHR0cDovL3d3dy53My5vcmcvMjAwMC9zdmciPjwvc3ZnPg==\" style=\"--smush-placeholder-width: 1024px; --smush-placeholder-aspect-ratio: 1024\/576;\">       \n                        <\/div>\n                           \n                                            <div class=\"body-text\"><p>Chaque g\u00e9n\u00e9rateur de brouillard PROTECT est accompagn\u00e9 d\u2019une garantie de 5 ans*, illustrant sa fiabilit\u00e9 exceptionnelle et sa haute qualit\u00e9. Cette garantie est automatiquement incluse \u00e0 l\u2019achat et accompagne le g\u00e9n\u00e9rateur de brouillard depuis le fabricant jusqu\u2019au client final. \u00a0 Il n\u2019est pas n\u00e9cessaire d\u2019enregistrer le produit en ligne pour activer la garantie !<\/p>\n<p>&nbsp;<\/p>\n<p>Veuillez noter que la p\u00e9riode de garantie commence \u00e0 la date indiqu\u00e9e sur la facture \u00e9tablie par PROTECT\u2122 \u00e0 la soci\u00e9t\u00e9 en charge de l\u2019installation.<\/p>\n<p>&nbsp;<\/p>\n<p>*Remarque : le mod\u00e8le de g\u00e9n\u00e9rateur de brouillard Xtratus\u00ae\/Xtratus Flex\u00ae est couvert par une garantie de 2 ans seulement.<\/p>\n<\/div>\n                    \n                                            <div class=\"button-group container-sm d-sm-flex gap-3 h-auto my-4 p-0\">  \n                                                <\/div>\n                                                        <\/blockquote>\n                                    <div  class=\"col-lg-7 d-none d-lg-block desktop-image p-0 m-0 \">\n                        <img decoding=\"async\" class=\"rounder lazyload\" data-src=\"https:\/\/protectglobal.com\/wp-content\/uploads\/2024\/07\/montering-af-maskine-frame-at-0m39s-1024x576.jpg\" alt=\"fog cannon installation\" src=\"data:image\/svg+xml;base64,PHN2ZyB3aWR0aD0iMSIgaGVpZ2h0PSIxIiB4bWxucz0iaHR0cDovL3d3dy53My5vcmcvMjAwMC9zdmciPjwvc3ZnPg==\" style=\"--smush-placeholder-width: 1024px; --smush-placeholder-aspect-ratio: 1024\/576;\">\n                        <i class=\"image-graphic d-block white\"><\/i>       \n                    <\/div>\n                       \n            <\/div>\n        <\/div>\n    <\/div>\n\n\n\n\n\n\n\n    <div class=\"two-col-layout-block custom-block black py-5\" style=\"\">\n        <div class=\"container py-xxl-5\" data-aos=\"fade-in\">\n            <div class=\"row gap-4 m-auto py-xxl-5 flipped\">\n                <blockquote class=\"col-sm p-0 m-0 content black\">\n                    <div class=\"heading-section\"> \n                                                                            <blockquote class=\"heading h2 mb-4\"><h2>Conditions de la garantie<\/h2>\n<\/blockquote>\n                                            <\/div>\n                                            <div class=\"col-md mobile-image d-lg-none my-4\">\n                            <img decoding=\"async\" class=\"rounder lazyload\" data-src=\"https:\/\/protectglobal.com\/wp-content\/uploads\/2024\/07\/montering-af-maskine-frame-at-0m26s-1024x576.jpg\" alt=\"fog cannon warranty\" src=\"data:image\/svg+xml;base64,PHN2ZyB3aWR0aD0iMSIgaGVpZ2h0PSIxIiB4bWxucz0iaHR0cDovL3d3dy53My5vcmcvMjAwMC9zdmciPjwvc3ZnPg==\" style=\"--smush-placeholder-width: 1024px; --smush-placeholder-aspect-ratio: 1024\/576;\">       \n                        <\/div>\n                           \n                                            <div class=\"body-text\"><p>La garantie sera annul\u00e9e si le produit n\u2019est pas install\u00e9 conform\u00e9ment au manuel fourni, ou si des pi\u00e8ces ou du liquide de brouillard non originaux sont utilis\u00e9s par la soci\u00e9t\u00e9 en charge de l\u2019installation ou le client final. &nbsp; Pour conna\u00eetre les Conditions g\u00e9n\u00e9rales de vente et de livraison, veuillez contacter le distributeur aupr\u00e8s duquel vous avez achet\u00e9 votre produit PROTECT\u2122.<\/p>\n<\/div>\n                    \n                                            <div class=\"button-group container-sm d-sm-flex gap-3 h-auto my-4 p-0\">  \n                            <a href=\"https:\/\/protectglobal.com\/fr\/que-se-passe-t-il-lorsque-vous-utilisez-un-liquide-de-brouillard-non-officiel\/\" class=\"d-flex gap-3 justify-content-start justify-content-md-start button align-items-center tertiary\" target=\"_blank\">\n       Cons\u00e9quences de l\u2019utilisation de liquides non officiels       <i class=\"icon-chevron\"><\/i>\n    <\/a>\n                        <\/div>\n                                                        <\/blockquote>\n                                    <div  class=\"col-lg-7 d-none d-lg-block desktop-image p-0 m-0 flipped\">\n                        <img decoding=\"async\" class=\"rounder lazyload\" data-src=\"https:\/\/protectglobal.com\/wp-content\/uploads\/2024\/07\/montering-af-maskine-frame-at-0m26s-1024x576.jpg\" alt=\"fog cannon warranty\" src=\"data:image\/svg+xml;base64,PHN2ZyB3aWR0aD0iMSIgaGVpZ2h0PSIxIiB4bWxucz0iaHR0cDovL3d3dy53My5vcmcvMjAwMC9zdmciPjwvc3ZnPg==\" style=\"--smush-placeholder-width: 1024px; --smush-placeholder-aspect-ratio: 1024\/576;\">\n                        <i class=\"image-graphic d-block black\"><\/i>       \n                    <\/div>\n                       \n            <\/div>\n        <\/div>\n    <\/div>\n\n\n\n\n\n\n\n    <div class=\"two-col-layout-block custom-block white py-5\" style=\"\">\n        <div class=\"container py-xxl-5\" data-aos=\"fade-in\">\n            <div class=\"row gap-4 m-auto py-xxl-5 \">\n                <blockquote class=\"col-sm p-0 m-0 content white\">\n                    <div class=\"heading-section\"> \n                                                                            <blockquote class=\"heading h2 mb-4\"><h2>Liquide de brouillard et d\u00e9lai d\u2019expiration<\/h2>\n<\/blockquote>\n                                            <\/div>\n                                            <div class=\"col-md mobile-image d-lg-none my-4\">\n                            <img decoding=\"async\" class=\"rounder lazyload\" data-src=\"https:\/\/protectglobal.com\/wp-content\/uploads\/2024\/04\/montering-af-maskine-frame-at-0m28s-1024x576.jpg\" alt=\"fog fluid change\" src=\"data:image\/svg+xml;base64,PHN2ZyB3aWR0aD0iMSIgaGVpZ2h0PSIxIiB4bWxucz0iaHR0cDovL3d3dy53My5vcmcvMjAwMC9zdmciPjwvc3ZnPg==\" style=\"--smush-placeholder-width: 1024px; --smush-placeholder-aspect-ratio: 1024\/576;\">       \n                        <\/div>\n                           \n                                            <div class=\"body-text\"><p>Le liquide de brouillard de s\u00e9curit\u00e9 PROTECT\u2122 a une dur\u00e9e de conservation de 2 ans \u00e0 compter de l\u2019installation du r\u00e9servoir de liquide dans le g\u00e9n\u00e9rateur de brouillard, et de 5 ans s\u2019il n\u2019a pas \u00e9t\u00e9 install\u00e9 dans le g\u00e9n\u00e9rateur et s\u2019il a \u00e9t\u00e9 stock\u00e9 dans son emballage d\u2019origine, dans un endroit frais et sec, \u00e0 l\u2019abri du soleil.<\/p>\n<p>&nbsp;<\/p>\n<p>Pour assurer une performance optimale et maintenir les propri\u00e9t\u00e9s et la densit\u00e9 du brouillard de s\u00e9curit\u00e9, il est recommand\u00e9 de remplacer le fluide lorsque sa date d\u2019expiration est \u00e9chue.<\/p>\n<\/div>\n                    \n                                            <div class=\"button-group container-sm d-sm-flex gap-3 h-auto my-4 p-0\">  \n                            <a href=\"https:\/\/protectglobal.com\/fr\/download-category\/approvals-tests\/\" class=\"d-flex gap-3 justify-content-start justify-content-md-start button align-items-center tertiary\" target=\"_blank\">\n       Documentations pertinentes sur les liquides anti-brouillard       <i class=\"icon-chevron\"><\/i>\n    <\/a>\n                        <\/div>\n                                                        <\/blockquote>\n                                    <div  class=\"col-lg-7 d-none d-lg-block desktop-image p-0 m-0 \">\n                        <img decoding=\"async\" class=\"rounder lazyload\" data-src=\"https:\/\/protectglobal.com\/wp-content\/uploads\/2024\/04\/montering-af-maskine-frame-at-0m28s-1024x576.jpg\" alt=\"fog fluid change\" src=\"data:image\/svg+xml;base64,PHN2ZyB3aWR0aD0iMSIgaGVpZ2h0PSIxIiB4bWxucz0iaHR0cDovL3d3dy53My5vcmcvMjAwMC9zdmciPjwvc3ZnPg==\" style=\"--smush-placeholder-width: 1024px; --smush-placeholder-aspect-ratio: 1024\/576;\">\n                        <i class=\"image-graphic d-block white\"><\/i>       \n                    <\/div>\n                       \n            <\/div>\n        <\/div>\n    <\/div>\n\n","protected":false},"excerpt":{"rendered":"","protected":false},"author":10,"featured_media":15060,"parent":0,"menu_order":0,"comment_status":"closed","ping_status":"closed","template":"","meta":{"_acf_changed":false,"inline_featured_image":false,"footnotes":""},"class_list":["post-5595","page","type-page","status-publish","has-post-thumbnail","hentry"],"acf":[],"yoast_head":"<!-- This site is optimized with the Yoast SEO Premium plugin v27.3 (Yoast SEO v27.3) - https:\/\/yoast.com\/product\/yoast-seo-premium-wordpress\/ -->\n<title>Garantie PROTECT - Une garantie de 5 ans incluse !<\/title>\n<meta name=\"description\" content=\"Choisissez les Canons \u00e0 Brouillard PROTECT\u00ae pour une qualit\u00e9 et une fiabilit\u00e9 in\u00e9gal\u00e9es. Une garantie de 5 ans est automatiquement incluse.\" \/>\n<meta name=\"robots\" content=\"index, follow, max-snippet:-1, max-image-preview:large, max-video-preview:-1\" \/>\n<link rel=\"canonical\" href=\"https:\/\/protectglobal.com\/fr\/garantie\/\" \/>\n<meta property=\"og:locale\" content=\"fr_FR\" \/>\n<meta property=\"og:type\" content=\"article\" \/>\n<meta property=\"og:title\" content=\"Garantie\" \/>\n<meta property=\"og:description\" content=\"Choisissez les Canons \u00e0 Brouillard PROTECT\u00ae pour une qualit\u00e9 et une fiabilit\u00e9 in\u00e9gal\u00e9es. Une garantie de 5 ans est automatiquement incluse.\" \/>\n<meta property=\"og:url\" content=\"https:\/\/protectglobal.com\/fr\/garantie\/\" \/>\n<meta property=\"og:site_name\" content=\"Canons \u00e0 brouillard PROTECT\u2122\" \/>\n<meta property=\"article:publisher\" content=\"https:\/\/www.facebook.com\/PROTECTFogCannon\/\" \/>\n<meta property=\"article:modified_time\" content=\"2025-01-21T10:43:19+00:00\" \/>\n<meta property=\"og:image\" content=\"https:\/\/protectglobal.com\/wp-content\/uploads\/2024\/07\/montering-af-maskine-frame-at-0m39s.jpg\" \/>\n\t<meta property=\"og:image:width\" content=\"1920\" \/>\n\t<meta property=\"og:image:height\" content=\"1080\" \/>\n\t<meta property=\"og:image:type\" content=\"image\/jpeg\" \/>\n<meta name=\"twitter:card\" content=\"summary_large_image\" \/>\n<meta name=\"twitter:site\" content=\"@PROTECTFOG\" \/>\n<meta name=\"twitter:label1\" content=\"Dur\u00e9e de lecture estim\u00e9e\" \/>\n\t<meta name=\"twitter:data1\" content=\"1 minute\" \/>\n<script type=\"application\/ld+json\" class=\"yoast-schema-graph\">{\"@context\":\"https:\\\/\\\/schema.org\",\"@graph\":[{\"@type\":\"WebPage\",\"@id\":\"https:\\\/\\\/protectglobal.com\\\/fr\\\/garantie\\\/\",\"url\":\"https:\\\/\\\/protectglobal.com\\\/fr\\\/garantie\\\/\",\"name\":\"Garantie PROTECT - Une garantie de 5 ans incluse !\",\"isPartOf\":{\"@id\":\"https:\\\/\\\/protectglobal.com\\\/fr\\\/#website\"},\"primaryImageOfPage\":{\"@id\":\"https:\\\/\\\/protectglobal.com\\\/fr\\\/garantie\\\/#primaryimage\"},\"image\":{\"@id\":\"https:\\\/\\\/protectglobal.com\\\/fr\\\/garantie\\\/#primaryimage\"},\"thumbnailUrl\":\"https:\\\/\\\/protectglobal.com\\\/wp-content\\\/uploads\\\/2024\\\/07\\\/montering-af-maskine-frame-at-0m39s.jpg\",\"datePublished\":\"2024-04-02T13:32:34+00:00\",\"dateModified\":\"2025-01-21T10:43:19+00:00\",\"description\":\"Choisissez les Canons \u00e0 Brouillard PROTECT\u00ae pour une qualit\u00e9 et une fiabilit\u00e9 in\u00e9gal\u00e9es. Une garantie de 5 ans est automatiquement incluse.\",\"breadcrumb\":{\"@id\":\"https:\\\/\\\/protectglobal.com\\\/fr\\\/garantie\\\/#breadcrumb\"},\"inLanguage\":\"fr-FR\",\"potentialAction\":[{\"@type\":\"ReadAction\",\"target\":[\"https:\\\/\\\/protectglobal.com\\\/fr\\\/garantie\\\/\"]}]},{\"@type\":\"ImageObject\",\"inLanguage\":\"fr-FR\",\"@id\":\"https:\\\/\\\/protectglobal.com\\\/fr\\\/garantie\\\/#primaryimage\",\"url\":\"https:\\\/\\\/protectglobal.com\\\/wp-content\\\/uploads\\\/2024\\\/07\\\/montering-af-maskine-frame-at-0m39s.jpg\",\"contentUrl\":\"https:\\\/\\\/protectglobal.com\\\/wp-content\\\/uploads\\\/2024\\\/07\\\/montering-af-maskine-frame-at-0m39s.jpg\",\"width\":1920,\"height\":1080,\"caption\":\"fog cannon installation\"},{\"@type\":\"BreadcrumbList\",\"@id\":\"https:\\\/\\\/protectglobal.com\\\/fr\\\/garantie\\\/#breadcrumb\",\"itemListElement\":[{\"@type\":\"ListItem\",\"position\":1,\"name\":\"Hjem\",\"item\":\"https:\\\/\\\/protectglobal.com\\\/fr\\\/\"},{\"@type\":\"ListItem\",\"position\":2,\"name\":\"Garantie\"}]},{\"@type\":\"WebSite\",\"@id\":\"https:\\\/\\\/protectglobal.com\\\/fr\\\/#website\",\"url\":\"https:\\\/\\\/protectglobal.com\\\/fr\\\/\",\"name\":\"PROTECT Fog Cannons\u2122\",\"description\":\"\",\"publisher\":{\"@id\":\"https:\\\/\\\/protectglobal.com\\\/fr\\\/#organization\"},\"potentialAction\":[{\"@type\":\"SearchAction\",\"target\":{\"@type\":\"EntryPoint\",\"urlTemplate\":\"https:\\\/\\\/protectglobal.com\\\/fr\\\/?s={search_term_string}\"},\"query-input\":{\"@type\":\"PropertyValueSpecification\",\"valueRequired\":true,\"valueName\":\"search_term_string\"}}],\"inLanguage\":\"fr-FR\"},{\"@type\":\"Organization\",\"@id\":\"https:\\\/\\\/protectglobal.com\\\/fr\\\/#organization\",\"name\":\"PROTECT Fog Cannons\u2122\",\"url\":\"https:\\\/\\\/protectglobal.com\\\/fr\\\/\",\"logo\":{\"@type\":\"ImageObject\",\"inLanguage\":\"fr-FR\",\"@id\":\"https:\\\/\\\/protectglobal.com\\\/fr\\\/#\\\/schema\\\/logo\\\/image\\\/\",\"url\":\"https:\\\/\\\/protectglobal.com\\\/wp-content\\\/uploads\\\/2023\\\/10\\\/logo.svg\",\"contentUrl\":\"https:\\\/\\\/protectglobal.com\\\/wp-content\\\/uploads\\\/2023\\\/10\\\/logo.svg\",\"width\":90,\"height\":40,\"caption\":\"PROTECT Fog Cannons\u2122\"},\"image\":{\"@id\":\"https:\\\/\\\/protectglobal.com\\\/fr\\\/#\\\/schema\\\/logo\\\/image\\\/\"},\"sameAs\":[\"https:\\\/\\\/www.facebook.com\\\/PROTECTFogCannon\\\/\",\"https:\\\/\\\/x.com\\\/PROTECTFOG\",\"https:\\\/\\\/www.linkedin.com\\\/company\\\/protect-a-s\\\/\",\"https:\\\/\\\/www.youtube.com\\\/user\\\/PROTECTFogCannon\"],\"description\":\"PROTECT\u2122 specializes in security fog solutions, protecting valuables in retail, banks, warehouses any many other industries across more than 50 countries. With over 175,000 fog cannons installed, our systems fill rooms with dense fog in seconds, deterring burglars and preventing theft. We focus on providing reliable, durable, and easy-to-install solutions for enhanced security and peace of mind.\",\"email\":\"info@protectglobal.com\",\"telephone\":\"+45 8672 1881\",\"legalName\":\"PROTECT A\\\/S\",\"foundingDate\":\"2000-09-28\",\"vatID\":\"25687272\",\"numberOfEmployees\":{\"@type\":\"QuantitativeValue\",\"minValue\":\"11\",\"maxValue\":\"50\"}}]}<\/script>\n<!-- \/ Yoast SEO Premium plugin. -->","yoast_head_json":{"title":"Garantie PROTECT - Une garantie de 5 ans incluse !","description":"Choisissez les Canons \u00e0 Brouillard PROTECT\u00ae pour une qualit\u00e9 et une fiabilit\u00e9 in\u00e9gal\u00e9es. Une garantie de 5 ans est automatiquement incluse.","robots":{"index":"index","follow":"follow","max-snippet":"max-snippet:-1","max-image-preview":"max-image-preview:large","max-video-preview":"max-video-preview:-1"},"canonical":"https:\/\/protectglobal.com\/fr\/garantie\/","og_locale":"fr_FR","og_type":"article","og_title":"Garantie","og_description":"Choisissez les Canons \u00e0 Brouillard PROTECT\u00ae pour une qualit\u00e9 et une fiabilit\u00e9 in\u00e9gal\u00e9es. Une garantie de 5 ans est automatiquement incluse.","og_url":"https:\/\/protectglobal.com\/fr\/garantie\/","og_site_name":"Canons \u00e0 brouillard PROTECT\u2122","article_publisher":"https:\/\/www.facebook.com\/PROTECTFogCannon\/","article_modified_time":"2025-01-21T10:43:19+00:00","og_image":[{"width":1920,"height":1080,"url":"https:\/\/protectglobal.com\/wp-content\/uploads\/2024\/07\/montering-af-maskine-frame-at-0m39s.jpg","type":"image\/jpeg"}],"twitter_card":"summary_large_image","twitter_site":"@PROTECTFOG","twitter_misc":{"Dur\u00e9e de lecture estim\u00e9e":"1 minute"},"schema":{"@context":"https:\/\/schema.org","@graph":[{"@type":"WebPage","@id":"https:\/\/protectglobal.com\/fr\/garantie\/","url":"https:\/\/protectglobal.com\/fr\/garantie\/","name":"Garantie PROTECT - Une garantie de 5 ans incluse !","isPartOf":{"@id":"https:\/\/protectglobal.com\/fr\/#website"},"primaryImageOfPage":{"@id":"https:\/\/protectglobal.com\/fr\/garantie\/#primaryimage"},"image":{"@id":"https:\/\/protectglobal.com\/fr\/garantie\/#primaryimage"},"thumbnailUrl":"https:\/\/protectglobal.com\/wp-content\/uploads\/2024\/07\/montering-af-maskine-frame-at-0m39s.jpg","datePublished":"2024-04-02T13:32:34+00:00","dateModified":"2025-01-21T10:43:19+00:00","description":"Choisissez les Canons \u00e0 Brouillard PROTECT\u00ae pour une qualit\u00e9 et une fiabilit\u00e9 in\u00e9gal\u00e9es. Une garantie de 5 ans est automatiquement incluse.","breadcrumb":{"@id":"https:\/\/protectglobal.com\/fr\/garantie\/#breadcrumb"},"inLanguage":"fr-FR","potentialAction":[{"@type":"ReadAction","target":["https:\/\/protectglobal.com\/fr\/garantie\/"]}]},{"@type":"ImageObject","inLanguage":"fr-FR","@id":"https:\/\/protectglobal.com\/fr\/garantie\/#primaryimage","url":"https:\/\/protectglobal.com\/wp-content\/uploads\/2024\/07\/montering-af-maskine-frame-at-0m39s.jpg","contentUrl":"https:\/\/protectglobal.com\/wp-content\/uploads\/2024\/07\/montering-af-maskine-frame-at-0m39s.jpg","width":1920,"height":1080,"caption":"fog cannon installation"},{"@type":"BreadcrumbList","@id":"https:\/\/protectglobal.com\/fr\/garantie\/#breadcrumb","itemListElement":[{"@type":"ListItem","position":1,"name":"Hjem","item":"https:\/\/protectglobal.com\/fr\/"},{"@type":"ListItem","position":2,"name":"Garantie"}]},{"@type":"WebSite","@id":"https:\/\/protectglobal.com\/fr\/#website","url":"https:\/\/protectglobal.com\/fr\/","name":"PROTECT Fog Cannons\u2122","description":"","publisher":{"@id":"https:\/\/protectglobal.com\/fr\/#organization"},"potentialAction":[{"@type":"SearchAction","target":{"@type":"EntryPoint","urlTemplate":"https:\/\/protectglobal.com\/fr\/?s={search_term_string}"},"query-input":{"@type":"PropertyValueSpecification","valueRequired":true,"valueName":"search_term_string"}}],"inLanguage":"fr-FR"},{"@type":"Organization","@id":"https:\/\/protectglobal.com\/fr\/#organization","name":"PROTECT Fog Cannons\u2122","url":"https:\/\/protectglobal.com\/fr\/","logo":{"@type":"ImageObject","inLanguage":"fr-FR","@id":"https:\/\/protectglobal.com\/fr\/#\/schema\/logo\/image\/","url":"https:\/\/protectglobal.com\/wp-content\/uploads\/2023\/10\/logo.svg","contentUrl":"https:\/\/protectglobal.com\/wp-content\/uploads\/2023\/10\/logo.svg","width":90,"height":40,"caption":"PROTECT Fog Cannons\u2122"},"image":{"@id":"https:\/\/protectglobal.com\/fr\/#\/schema\/logo\/image\/"},"sameAs":["https:\/\/www.facebook.com\/PROTECTFogCannon\/","https:\/\/x.com\/PROTECTFOG","https:\/\/www.linkedin.com\/company\/protect-a-s\/","https:\/\/www.youtube.com\/user\/PROTECTFogCannon"],"description":"PROTECT\u2122 specializes in security fog solutions, protecting valuables in retail, banks, warehouses any many other industries across more than 50 countries. With over 175,000 fog cannons installed, our systems fill rooms with dense fog in seconds, deterring burglars and preventing theft. We focus on providing reliable, durable, and easy-to-install solutions for enhanced security and peace of mind.","email":"info@protectglobal.com","telephone":"+45 8672 1881","legalName":"PROTECT A\/S","foundingDate":"2000-09-28","vatID":"25687272","numberOfEmployees":{"@type":"QuantitativeValue","minValue":"11","maxValue":"50"}}]}},"_links":{"self":[{"href":"https:\/\/protectglobal.com\/fr\/wp-json\/wp\/v2\/pages\/5595","targetHints":{"allow":["GET"]}}],"collection":[{"href":"https:\/\/protectglobal.com\/fr\/wp-json\/wp\/v2\/pages"}],"about":[{"href":"https:\/\/protectglobal.com\/fr\/wp-json\/wp\/v2\/types\/page"}],"author":[{"embeddable":true,"href":"https:\/\/protectglobal.com\/fr\/wp-json\/wp\/v2\/users\/10"}],"replies":[{"embeddable":true,"href":"https:\/\/protectglobal.com\/fr\/wp-json\/wp\/v2\/comments?post=5595"}],"version-history":[{"count":5,"href":"https:\/\/protectglobal.com\/fr\/wp-json\/wp\/v2\/pages\/5595\/revisions"}],"predecessor-version":[{"id":25681,"href":"https:\/\/protectglobal.com\/fr\/wp-json\/wp\/v2\/pages\/5595\/revisions\/25681"}],"wp:featuredmedia":[{"embeddable":true,"href":"https:\/\/protectglobal.com\/fr\/wp-json\/wp\/v2\/media\/15060"}],"wp:attachment":[{"href":"https:\/\/protectglobal.com\/fr\/wp-json\/wp\/v2\/media?parent=5595"}],"curies":[{"name":"wp","href":"https:\/\/api.w.org\/{rel}","templated":true}]}}