{"id":26522,"date":"2024-11-22T09:48:08","date_gmt":"2024-11-22T09:48:08","guid":{"rendered":"https:\/\/protectglobal.com\/protect-sales-app\/"},"modified":"2025-02-12T10:34:18","modified_gmt":"2025-02-12T10:34:18","slug":"protect-sales-app","status":"publish","type":"page","link":"https:\/\/protectglobal.com\/fr\/protect-sales-app\/","title":{"rendered":"PROTECT Sales App"},"content":{"rendered":"\n<p>Bienvenue dans l\u2019application <strong>Sales App de PROTECT\u2122<\/strong>, votre guide ultime pour prot\u00e9ger vos biens de valeur contre le cambriolage, le vandalisme et le vol. Avec une seule solution innovante, vous pouvez transformer votre espace en une forteresse de s\u00e9curit\u00e9. <\/p>\n\n\n\n<h3 class=\"wp-block-heading\" id=\"h-pourquoi-l-appli-de-protect-est-elle-essentielle\"><strong>Pourquoi l\u2019appli de PROTECT est-elle essentielle ?<\/strong><\/h3>\n\n\n\n<ul class=\"wp-block-list\">\n<li>D\u00e9couvrez comment elle fonctionne en regardant de courtes vid\u00e9os, des photos et des t\u00e9moignages r\u00e9els qui d\u00e9montrent l\u2019efficacit\u00e9 de notre technologie r\u00e9volutionnaire de brouillard de s\u00e9curit\u00e9.<\/li>\n\n\n\n<li>Une protection imbattable : D\u00e9couvrez comment le brouillard de s\u00e9curit\u00e9 s\u00e9curise les pi\u00e8ces et les biens de valeur en quelques secondes, garantissant ainsi que les criminels \u00ab ne peuvent pas voler ce qu\u2019ils ne peuvent pas voir \u00bb.<\/li>\n\n\n\n<li>Solutions sur mesure : Qu\u2019il s\u2019agisse d\u2019un petit bureau ou d\u2019un grand entrep\u00f4t, les g\u00e9n\u00e9rateurs de brouillard PROTECT Fog Cannons\u2122 peuvent \u00eatre install\u00e9s dans presque tous les environnements, vous offrant une protection in\u00e9gal\u00e9e contre le vol et la perte.<\/li>\n<\/ul>\n\n\n\n<h3 class=\"wp-block-heading\"><strong>Fonctionnalit\u00e9s de l\u2019appli :<\/strong><\/h3>\n\n\n\n<ul class=\"wp-block-list\">\n<li>Des ressources informatives sur les avantages et la polyvalence du brouillard de s\u00e9curit\u00e9.<\/li>\n\n\n\n<li>Des t\u00e9moignages de clients satisfaits dans le monde entier.<\/li>\n\n\n\n<li>Une interface facile \u00e0 naviguer avec un contenu en <strong>12 langues<\/strong>, dont l\u2019anglais, l\u2019espagnol, le fran\u00e7ais, l\u2019allemand et le chinois.<\/li>\n<\/ul>\n\n\n\n\n    <section data-aos=\"fade-in\" class=\"media custom-block my-4\" style=\"\"> \n    <figure>\n                           <img decoding=\"async\" class=\"media-img rounder w-100 object-fit-cover lazyload\" data-src=\"https:\/\/protectglobal.com\/wp-content\/uploads\/2024\/11\/billede1-1024x681.jpg\" alt=\"protect sales app\" src=\"data:image\/svg+xml;base64,PHN2ZyB3aWR0aD0iMSIgaGVpZ2h0PSIxIiB4bWxucz0iaHR0cDovL3d3dy53My5vcmcvMjAwMC9zdmciPjwvc3ZnPg==\" style=\"--smush-placeholder-width: 1024px; --smush-placeholder-aspect-ratio: 1024\/681;\"> \n\n                        <\/figure>\n    <\/section>\n\n\n\n<h3 class=\"wp-block-heading\"><strong>Langues disponibles :<\/strong><\/h3>\n\n\n\n<p>L\u2019application est accessible en anglais, espagnol, fran\u00e7ais, italien, allemand, portugais, grec, su\u00e9dois, norv\u00e9gien, n\u00e9erlandais, danois et chinois, ce qui permet une utilisation dans le monde entier.<\/p>\n\n\n\n<h3 class=\"wp-block-heading\"><strong>Prot\u00e9gez ce qui compte le plus<\/strong><\/h3>\n\n\n\n<p>Avec l\u2019application Sales App de PROTECT, la tranquillit\u00e9 d\u2019esprit est \u00e0 port\u00e9e de main. Rejoignez les innombrables utilisateurs qui ont s\u00e9curis\u00e9 leurs lieux d\u2019habitation, leurs entreprises et leurs biens de valeur gr\u00e2ce \u00e0 l\u2019efficacit\u00e9 du brouillard de s\u00e9curit\u00e9. <\/p>\n\n\n\n<p><strong>T\u00e9l\u00e9chargez-la maintenant et faites le premier pas vers une s\u00e9curit\u00e9 imbattable !<\/strong><\/p>\n\n\n\n\n    <section class=\"call-to-action-block custom-block py-5\" style=\"\"> \n        <div class=\"container py-xxl-5\" data-aos=\"fade-in\">\n            <blockquote class=\"position-relative col-sm content text-center cta-wrapper p-lg-5 px-4 py-5 rounder d-flex flex-column justify-content-center align-items-center \">\n                    <div class=\"heading-section pt-5\"> \n                                                    <p class=\"mb-4 small section-label font-white\">T\u00c9L\u00c9CHARGER L\u2019APPLI DE PROTECT<\/p>\n                                                                    <\/div>\n                                                                <div class=\"button-group mb-3 d-flex flex-column flex-md-row justify-content-center container-sm my-4 h-auto p-0 gap-3\">  \n                            <a href=\"https:\/\/apps.apple.com\/dk\/app\/protect-secured-in-seconds\/id658823495?platform=iphone\" class=\"d-flex gap-3 justify-content-center justify-content-md-start button align-items-center primary\" target=\"_blank\">\n       T\u00e9l\u00e9charger l\u2019appli pour iOS       <i class=\"icon-chevron\"><\/i>\n    <\/a>\n                        <\/div>\n                                        <video  autoplay loop muted class=\"position-absolute w-100 h-100 top-0 left-0 object-fit-cover\" poster=\"https:\/\/protectglobal.com\/wp-content\/uploads\/2024\/09\/protectbreakin349-1024x683.jpg\">\n                        <source src=\"\" type=\"video\/mp4\">\n                    <\/video>                  \n            <\/blockquote>    \n        <\/div>  \n    <\/section>\n","protected":false},"excerpt":{"rendered":"<p>Bienvenue dans l\u2019application Sales App de PROTECT\u2122, votre guide ultime pour prot\u00e9ger vos biens de valeur contre le cambriolage, le vandalisme et le vol. Avec une seule solution innovante, vous pouvez transformer votre espace en une forteresse de s\u00e9curit\u00e9. Pourquoi l\u2019appli de PROTECT est-elle essentielle ? Fonctionnalit\u00e9s de l\u2019appli : Langues disponibles : L\u2019application est [&hellip;]<\/p>\n","protected":false},"author":11,"featured_media":0,"parent":0,"menu_order":0,"comment_status":"closed","ping_status":"closed","template":"text.php","meta":{"_acf_changed":false,"inline_featured_image":false,"footnotes":""},"class_list":["post-26522","page","type-page","status-publish","hentry"],"acf":[],"yoast_head":"<!-- This site is optimized with the Yoast SEO Premium plugin v27.3 (Yoast SEO v27.3) - https:\/\/yoast.com\/product\/yoast-seo-premium-wordpress\/ -->\n<title>PROTECT Sales App - Canons \u00e0 brouillard PROTECT\u2122<\/title>\n<meta name=\"description\" content=\"Bienvenue dans l\u2019application Sales App de PROTECT, votre guide ultime pour prot\u00e9ger vos biens de valeur contre le cambriolage, le vandalisme et le vol.\" \/>\n<meta name=\"robots\" content=\"index, follow, max-snippet:-1, max-image-preview:large, max-video-preview:-1\" \/>\n<link rel=\"canonical\" href=\"https:\/\/protectglobal.com\/fr\/protect-sales-app\/\" \/>\n<meta property=\"og:locale\" content=\"fr_FR\" \/>\n<meta property=\"og:type\" content=\"article\" \/>\n<meta property=\"og:title\" content=\"PROTECT Sales App\" \/>\n<meta property=\"og:description\" content=\"Bienvenue dans l\u2019application Sales App de PROTECT, votre guide ultime pour prot\u00e9ger vos biens de valeur contre le cambriolage, le vandalisme et le vol.\" \/>\n<meta property=\"og:url\" content=\"https:\/\/protectglobal.com\/fr\/protect-sales-app\/\" \/>\n<meta property=\"og:site_name\" content=\"Canons \u00e0 brouillard PROTECT\u2122\" \/>\n<meta property=\"article:publisher\" content=\"https:\/\/www.facebook.com\/PROTECTFogCannon\/\" \/>\n<meta property=\"article:modified_time\" content=\"2025-02-12T10:34:18+00:00\" \/>\n<meta property=\"og:image\" content=\"https:\/\/protectglobal.com\/wp-content\/uploads\/2024\/11\/untitled-09038-scaled.jpg\" \/>\n\t<meta property=\"og:image:width\" content=\"2560\" \/>\n\t<meta property=\"og:image:height\" content=\"1440\" \/>\n\t<meta property=\"og:image:type\" content=\"image\/jpeg\" \/>\n<meta name=\"twitter:card\" content=\"summary_large_image\" \/>\n<meta name=\"twitter:site\" content=\"@PROTECTFOG\" \/>\n<meta name=\"twitter:label1\" content=\"Dur\u00e9e de lecture estim\u00e9e\" \/>\n\t<meta name=\"twitter:data1\" content=\"2 minutes\" \/>\n<script type=\"application\/ld+json\" class=\"yoast-schema-graph\">{\"@context\":\"https:\\\/\\\/schema.org\",\"@graph\":[{\"@type\":\"WebPage\",\"@id\":\"https:\\\/\\\/protectglobal.com\\\/fr\\\/protect-sales-app\\\/\",\"url\":\"https:\\\/\\\/protectglobal.com\\\/fr\\\/protect-sales-app\\\/\",\"name\":\"PROTECT Sales App - Canons \u00e0 brouillard PROTECT\u2122\",\"isPartOf\":{\"@id\":\"https:\\\/\\\/protectglobal.com\\\/fr\\\/#website\"},\"datePublished\":\"2024-11-22T09:48:08+00:00\",\"dateModified\":\"2025-02-12T10:34:18+00:00\",\"description\":\"Bienvenue dans l\u2019application Sales App de PROTECT, votre guide ultime pour prot\u00e9ger vos biens de valeur contre le cambriolage, le vandalisme et le vol.\",\"breadcrumb\":{\"@id\":\"https:\\\/\\\/protectglobal.com\\\/fr\\\/protect-sales-app\\\/#breadcrumb\"},\"inLanguage\":\"fr-FR\",\"potentialAction\":[{\"@type\":\"ReadAction\",\"target\":[\"https:\\\/\\\/protectglobal.com\\\/fr\\\/protect-sales-app\\\/\"]}]},{\"@type\":\"BreadcrumbList\",\"@id\":\"https:\\\/\\\/protectglobal.com\\\/fr\\\/protect-sales-app\\\/#breadcrumb\",\"itemListElement\":[{\"@type\":\"ListItem\",\"position\":1,\"name\":\"Hjem\",\"item\":\"https:\\\/\\\/protectglobal.com\\\/fr\\\/\"},{\"@type\":\"ListItem\",\"position\":2,\"name\":\"PROTECT Sales App\"}]},{\"@type\":\"WebSite\",\"@id\":\"https:\\\/\\\/protectglobal.com\\\/fr\\\/#website\",\"url\":\"https:\\\/\\\/protectglobal.com\\\/fr\\\/\",\"name\":\"PROTECT Fog Cannons\u2122\",\"description\":\"\",\"publisher\":{\"@id\":\"https:\\\/\\\/protectglobal.com\\\/fr\\\/#organization\"},\"potentialAction\":[{\"@type\":\"SearchAction\",\"target\":{\"@type\":\"EntryPoint\",\"urlTemplate\":\"https:\\\/\\\/protectglobal.com\\\/fr\\\/?s={search_term_string}\"},\"query-input\":{\"@type\":\"PropertyValueSpecification\",\"valueRequired\":true,\"valueName\":\"search_term_string\"}}],\"inLanguage\":\"fr-FR\"},{\"@type\":\"Organization\",\"@id\":\"https:\\\/\\\/protectglobal.com\\\/fr\\\/#organization\",\"name\":\"PROTECT Fog Cannons\u2122\",\"url\":\"https:\\\/\\\/protectglobal.com\\\/fr\\\/\",\"logo\":{\"@type\":\"ImageObject\",\"inLanguage\":\"fr-FR\",\"@id\":\"https:\\\/\\\/protectglobal.com\\\/fr\\\/#\\\/schema\\\/logo\\\/image\\\/\",\"url\":\"https:\\\/\\\/protectglobal.com\\\/wp-content\\\/uploads\\\/2023\\\/10\\\/logo.svg\",\"contentUrl\":\"https:\\\/\\\/protectglobal.com\\\/wp-content\\\/uploads\\\/2023\\\/10\\\/logo.svg\",\"width\":90,\"height\":40,\"caption\":\"PROTECT Fog Cannons\u2122\"},\"image\":{\"@id\":\"https:\\\/\\\/protectglobal.com\\\/fr\\\/#\\\/schema\\\/logo\\\/image\\\/\"},\"sameAs\":[\"https:\\\/\\\/www.facebook.com\\\/PROTECTFogCannon\\\/\",\"https:\\\/\\\/x.com\\\/PROTECTFOG\",\"https:\\\/\\\/www.linkedin.com\\\/company\\\/protect-a-s\\\/\",\"https:\\\/\\\/www.youtube.com\\\/user\\\/PROTECTFogCannon\"],\"description\":\"PROTECT\u2122 specializes in security fog solutions, protecting valuables in retail, banks, warehouses any many other industries across more than 50 countries. With over 175,000 fog cannons installed, our systems fill rooms with dense fog in seconds, deterring burglars and preventing theft. We focus on providing reliable, durable, and easy-to-install solutions for enhanced security and peace of mind.\",\"email\":\"info@protectglobal.com\",\"telephone\":\"+45 8672 1881\",\"legalName\":\"PROTECT A\\\/S\",\"foundingDate\":\"2000-09-28\",\"vatID\":\"25687272\",\"numberOfEmployees\":{\"@type\":\"QuantitativeValue\",\"minValue\":\"11\",\"maxValue\":\"50\"}}]}<\/script>\n<!-- \/ Yoast SEO Premium plugin. -->","yoast_head_json":{"title":"PROTECT Sales App - Canons \u00e0 brouillard PROTECT\u2122","description":"Bienvenue dans l\u2019application Sales App de PROTECT, votre guide ultime pour prot\u00e9ger vos biens de valeur contre le cambriolage, le vandalisme et le vol.","robots":{"index":"index","follow":"follow","max-snippet":"max-snippet:-1","max-image-preview":"max-image-preview:large","max-video-preview":"max-video-preview:-1"},"canonical":"https:\/\/protectglobal.com\/fr\/protect-sales-app\/","og_locale":"fr_FR","og_type":"article","og_title":"PROTECT Sales App","og_description":"Bienvenue dans l\u2019application Sales App de PROTECT, votre guide ultime pour prot\u00e9ger vos biens de valeur contre le cambriolage, le vandalisme et le vol.","og_url":"https:\/\/protectglobal.com\/fr\/protect-sales-app\/","og_site_name":"Canons \u00e0 brouillard PROTECT\u2122","article_publisher":"https:\/\/www.facebook.com\/PROTECTFogCannon\/","article_modified_time":"2025-02-12T10:34:18+00:00","og_image":[{"width":2560,"height":1440,"url":"https:\/\/protectglobal.com\/wp-content\/uploads\/2024\/11\/untitled-09038-scaled.jpg","type":"image\/jpeg"}],"twitter_card":"summary_large_image","twitter_site":"@PROTECTFOG","twitter_misc":{"Dur\u00e9e de lecture estim\u00e9e":"2 minutes"},"schema":{"@context":"https:\/\/schema.org","@graph":[{"@type":"WebPage","@id":"https:\/\/protectglobal.com\/fr\/protect-sales-app\/","url":"https:\/\/protectglobal.com\/fr\/protect-sales-app\/","name":"PROTECT Sales App - Canons \u00e0 brouillard PROTECT\u2122","isPartOf":{"@id":"https:\/\/protectglobal.com\/fr\/#website"},"datePublished":"2024-11-22T09:48:08+00:00","dateModified":"2025-02-12T10:34:18+00:00","description":"Bienvenue dans l\u2019application Sales App de PROTECT, votre guide ultime pour prot\u00e9ger vos biens de valeur contre le cambriolage, le vandalisme et le vol.","breadcrumb":{"@id":"https:\/\/protectglobal.com\/fr\/protect-sales-app\/#breadcrumb"},"inLanguage":"fr-FR","potentialAction":[{"@type":"ReadAction","target":["https:\/\/protectglobal.com\/fr\/protect-sales-app\/"]}]},{"@type":"BreadcrumbList","@id":"https:\/\/protectglobal.com\/fr\/protect-sales-app\/#breadcrumb","itemListElement":[{"@type":"ListItem","position":1,"name":"Hjem","item":"https:\/\/protectglobal.com\/fr\/"},{"@type":"ListItem","position":2,"name":"PROTECT Sales App"}]},{"@type":"WebSite","@id":"https:\/\/protectglobal.com\/fr\/#website","url":"https:\/\/protectglobal.com\/fr\/","name":"PROTECT Fog Cannons\u2122","description":"","publisher":{"@id":"https:\/\/protectglobal.com\/fr\/#organization"},"potentialAction":[{"@type":"SearchAction","target":{"@type":"EntryPoint","urlTemplate":"https:\/\/protectglobal.com\/fr\/?s={search_term_string}"},"query-input":{"@type":"PropertyValueSpecification","valueRequired":true,"valueName":"search_term_string"}}],"inLanguage":"fr-FR"},{"@type":"Organization","@id":"https:\/\/protectglobal.com\/fr\/#organization","name":"PROTECT Fog Cannons\u2122","url":"https:\/\/protectglobal.com\/fr\/","logo":{"@type":"ImageObject","inLanguage":"fr-FR","@id":"https:\/\/protectglobal.com\/fr\/#\/schema\/logo\/image\/","url":"https:\/\/protectglobal.com\/wp-content\/uploads\/2023\/10\/logo.svg","contentUrl":"https:\/\/protectglobal.com\/wp-content\/uploads\/2023\/10\/logo.svg","width":90,"height":40,"caption":"PROTECT Fog Cannons\u2122"},"image":{"@id":"https:\/\/protectglobal.com\/fr\/#\/schema\/logo\/image\/"},"sameAs":["https:\/\/www.facebook.com\/PROTECTFogCannon\/","https:\/\/x.com\/PROTECTFOG","https:\/\/www.linkedin.com\/company\/protect-a-s\/","https:\/\/www.youtube.com\/user\/PROTECTFogCannon"],"description":"PROTECT\u2122 specializes in security fog solutions, protecting valuables in retail, banks, warehouses any many other industries across more than 50 countries. With over 175,000 fog cannons installed, our systems fill rooms with dense fog in seconds, deterring burglars and preventing theft. We focus on providing reliable, durable, and easy-to-install solutions for enhanced security and peace of mind.","email":"info@protectglobal.com","telephone":"+45 8672 1881","legalName":"PROTECT A\/S","foundingDate":"2000-09-28","vatID":"25687272","numberOfEmployees":{"@type":"QuantitativeValue","minValue":"11","maxValue":"50"}}]}},"_links":{"self":[{"href":"https:\/\/protectglobal.com\/fr\/wp-json\/wp\/v2\/pages\/26522","targetHints":{"allow":["GET"]}}],"collection":[{"href":"https:\/\/protectglobal.com\/fr\/wp-json\/wp\/v2\/pages"}],"about":[{"href":"https:\/\/protectglobal.com\/fr\/wp-json\/wp\/v2\/types\/page"}],"author":[{"embeddable":true,"href":"https:\/\/protectglobal.com\/fr\/wp-json\/wp\/v2\/users\/11"}],"replies":[{"embeddable":true,"href":"https:\/\/protectglobal.com\/fr\/wp-json\/wp\/v2\/comments?post=26522"}],"version-history":[{"count":2,"href":"https:\/\/protectglobal.com\/fr\/wp-json\/wp\/v2\/pages\/26522\/revisions"}],"predecessor-version":[{"id":26524,"href":"https:\/\/protectglobal.com\/fr\/wp-json\/wp\/v2\/pages\/26522\/revisions\/26524"}],"wp:attachment":[{"href":"https:\/\/protectglobal.com\/fr\/wp-json\/wp\/v2\/media?parent=26522"}],"curies":[{"name":"wp","href":"https:\/\/api.w.org\/{rel}","templated":true}]}}