{"id":26519,"date":"2024-11-21T09:33:39","date_gmt":"2024-11-21T09:33:39","guid":{"rendered":"https:\/\/protectglobal.com\/protect-e-learning-2\/"},"modified":"2025-02-12T10:07:25","modified_gmt":"2025-02-12T10:07:25","slug":"protect-e-learning","status":"publish","type":"page","link":"https:\/\/protectglobal.com\/fr\/protect-e-learning\/","title":{"rendered":"PROTECT E-learning"},"content":{"rendered":"\n    \n    <section id=\"contact-form\" class=\"py-5 contact-form-block\">\n        <div class=\"container mt-5\" data-aos=\"fade-in\">\n            <div class=\"row d-flex justify-content-center overflow-section \">\n                <div class=\"col-12 col-lg-11 col-xl-11 col-xl-9\">\n                    <div class=\"row\">\n                        <div class=\"col-lg-12 col-sm-12 col-sm-7 col-xxl-12 mb-5\">\n                            <div class=\"background box-shadow-form dark-grey h-100 p-4 p-xl-5 position-relative rounded-4 text-white\">\n                                <div class=\"action-icon\"><\/div>\n                                <h1>Postulez pour <span style=\"color: #3f75ff;\">PROTECT E-learning<\/span><\/h1>\n<p>PROTECT\u2122 fournit dans le monde entier un programme de formation professionnelle gratuit pour tous les installateurs enregistr\u00e9s de syst\u00e8mes d\u2019alarme pour l\u2019installation de nos g\u00e9n\u00e9rateurs de brouillard.<\/p>\n<p>&nbsp;<\/p>\n<p>Notre plateforme de formation en ligne combine des tutoriels vid\u00e9o attrayants sans narration et des questions interactives \u00e0 choix multiples. Des ressources suppl\u00e9mentaires, telles que des manuels et des guides de mesure, sont facilement accessibles sur la plateforme pour vous aider dans votre parcours de formation.<\/p>\n<p>&nbsp;<\/p>\n<p>Actuellement, nous proposons trois cours distincts, chacun se terminant par un test \u00e0 choix multiples :<\/p>\n<p>&nbsp;<\/p>\n<ul>\n<li>Cours 1 : Installation simple<\/li>\n<li>Cours 2 : Produits Intelli<\/li>\n<li>Cours 3 : API PROTECT\u2122 et PROTECT IntelliCloud\u2122<\/li>\n<\/ul>\n<p>&nbsp;<\/p>\n<div class=\"ctbEditorText\">\n<h2>Pourquoi la formation en ligne ?<\/h2>\n<p>La formation en ligne E-Learning offre une flexibilit\u00e9 in\u00e9gal\u00e9e. Vous apprenez \u00e0 votre rythme, \u00e0 tout moment et en tout lieu. Il n\u2019y a pas de limite de temps pour terminer les cours, ce qui vous permet de progresser en fonction de votre emploi du temps.<\/p>\n<p>&nbsp;<\/p>\n<p>En suivant ces cours, vous am\u00e9liorerez votre expertise pour l\u2019installation et l\u2019utilisation des g\u00e9n\u00e9rateurs de brouillard, ce qui vous permettra d\u2019accro\u00eetre la s\u00e9curit\u00e9, la qualit\u00e9 et votre cr\u00e9dibilit\u00e9 aupr\u00e8s de vos clients. Vous d\u00e9velopperez \u00e9galement une meilleure compr\u00e9hension des syst\u00e8mes de brouillard de s\u00e9curit\u00e9, ce qui vous permettra de partager des informations pr\u00e9cieuses avec vos coll\u00e8gues et vos clients.<\/p>\n<p>&nbsp;<\/p>\n<p>\u00c0 l\u2019issue de la formation en ligne E-Learning de PROTECT\u2122, vous serez parfaitement \u00e9quip\u00e9 pour installer chaque type de mod\u00e8le de notre gamme de g\u00e9n\u00e9rateurs de brouillard. Cette formation s\u2019aligne sur les normes internationales de Cenelec, qui exigent que les installateurs d\u2019alarme re\u00e7oivent des instructions et passent un test avant d\u2019installer des g\u00e9n\u00e9rateurs de brouillard.<\/p>\n<p>&nbsp;<\/p>\n<h2>Informations pratiques<\/h2>\n<p><span class=\"TextRun SCXW252189242 BCX0\" lang=\"EN-US\" xml:lang=\"EN-US\" data-contrast=\"auto\"><span class=\"NormalTextRun SCXW252189242 BCX0\">Chaque participant \u00e0 un cours doit s\u2019inscrire en remplissant le formulaire figurant sur cette page. Nous envoyons ensuite un login unique \u00e0 chaque personne, ainsi qu\u2019un lien vers les cours. <\/span><\/span><span class=\"TextRun SCXW252189242 BCX0\" lang=\"EN-US\" xml:lang=\"EN-US\" data-contrast=\"auto\"><span class=\"NormalTextRun SCXW252189242 BCX0\">Nous envoyons ensuite un login unique \u00e0 chaque personne, ainsi qu\u2019un lien vers les cours.<\/span><\/span><\/p>\n<p>&nbsp;<\/p>\n<\/div>\n<div class=\"ctbWhiteSpace\"><\/div>\n<div class=\"ctbEditorText\">\n<div id=\"nf-form-13-cont\" class=\"nf-form-cont\" role=\"form\" aria-live=\"polite\" aria-labelledby=\"nf-form-title-13\" aria-describedby=\"nf-form-errors-13\">\n<div class=\"nf-form-wrap ninja-forms-form-wrap\">\n<div class=\"nf-before-form\"><em>Les champs marqu\u00e9s d&rsquo;un <span class=\"ninja-forms-req-symbol\">*<\/span> sont obligatoires<\/em><\/div>\n<div><\/div>\n<\/div>\n<\/div>\n<\/div>\n\n<div class=\"wpcf7 no-js\" id=\"wpcf7-f26513-o1\" lang=\"fr-FR\" dir=\"ltr\" data-wpcf7-id=\"26513\">\n<div class=\"screen-reader-response\"><p role=\"status\" aria-live=\"polite\" aria-atomic=\"true\"><\/p> <ul><\/ul><\/div>\n<form action=\"\/fr\/wp-json\/wp\/v2\/pages\/26519#wpcf7-f26513-o1\" method=\"post\" class=\"wpcf7-form init\" aria-label=\"Formulaire de contact\" novalidate=\"novalidate\" data-status=\"init\">\n<fieldset class=\"hidden-fields-container\"><input type=\"hidden\" name=\"_wpcf7\" value=\"26513\" \/><input type=\"hidden\" name=\"_wpcf7_version\" value=\"6.1.5\" \/><input type=\"hidden\" name=\"_wpcf7_locale\" value=\"fr_FR\" \/><input type=\"hidden\" name=\"_wpcf7_unit_tag\" value=\"wpcf7-f26513-o1\" \/><input type=\"hidden\" name=\"_wpcf7_container_post\" value=\"0\" \/><input type=\"hidden\" name=\"_wpcf7_posted_data_hash\" value=\"\" \/><input type=\"hidden\" name=\"ac-tag\" value=\"\" \/><input type=\"hidden\" name=\"_wpcf7_recaptcha_response\" value=\"\" \/>\n<\/fieldset>\n<p><label> Pr\u00e9nom* :<br \/>\n<span class=\"wpcf7-form-control-wrap\" data-name=\"first-name\"><input size=\"40\" maxlength=\"400\" class=\"wpcf7-form-control wpcf7-text wpcf7-validates-as-required\" autocomplete=\"name\" aria-required=\"true\" aria-invalid=\"false\" value=\"\" type=\"text\" name=\"first-name\" \/><\/span> <\/label>\n<\/p>\n<p><label> Nom* :<br \/>\n<span class=\"wpcf7-form-control-wrap\" data-name=\"last-name\"><input size=\"40\" maxlength=\"400\" class=\"wpcf7-form-control wpcf7-text wpcf7-validates-as-required\" autocomplete=\"name\" aria-required=\"true\" aria-invalid=\"false\" value=\"\" type=\"text\" name=\"last-name\" \/><\/span> <\/label>\n<\/p>\n<p><label> Soci\u00e9t\u00e9* :<br \/>\n<span class=\"wpcf7-form-control-wrap\" data-name=\"company-name\"><input size=\"40\" maxlength=\"400\" class=\"wpcf7-form-control wpcf7-text wpcf7-validates-as-required\" autocomplete=\"name\" aria-required=\"true\" aria-invalid=\"false\" value=\"\" type=\"text\" name=\"company-name\" \/><\/span> <\/label>\n<\/p>\n<p><label> E-mail* :<br \/>\n<span class=\"wpcf7-form-control-wrap\" data-name=\"your-email\"><input size=\"40\" maxlength=\"400\" class=\"wpcf7-form-control wpcf7-email wpcf7-validates-as-required wpcf7-text wpcf7-validates-as-email\" autocomplete=\"email\" aria-required=\"true\" aria-invalid=\"false\" value=\"\" type=\"email\" name=\"your-email\" \/><\/span> <\/label>\n<\/p>\n<p><label> T\u00e9l\u00e9phone* :<br \/>\n<span class=\"wpcf7-form-control-wrap\" data-name=\"phone\"><input size=\"40\" maxlength=\"400\" class=\"wpcf7-form-control wpcf7-tel wpcf7-validates-as-required wpcf7-text wpcf7-validates-as-tel\" autocomplete=\"yourtelephone\" aria-required=\"true\" aria-invalid=\"false\" value=\"\" type=\"tel\" name=\"phone\" \/><\/span> <\/label>\n<\/p>\n<p><label> S\u00e9lectionnez le pays* :<br \/>\n<span class=\"wpcf7-form-control-wrap\" data-name=\"country\"><select class=\"wpcf7-form-control wpcf7-select\" id=\"countries_select\" aria-invalid=\"false\" name=\"country\"><option value=\"\">&#8212;Veuillez choisir une option&#8212;<\/option><\/select><\/span> <\/label>\n<\/p>\n<p><button class=\"button primary\" type=\"submit\">Envoyer le formulaire<\/button>\n<\/p><div class=\"wpcf7-response-output\" aria-hidden=\"true\"><\/div>\n<\/form>\n<\/div>\n\n                            <\/div>\n                        <\/div>\n                                            <\/div>\n                <\/div>\n            <\/div>\n        <\/div>\n    <\/section>\n","protected":false},"excerpt":{"rendered":"","protected":false},"author":11,"featured_media":0,"parent":0,"menu_order":0,"comment_status":"closed","ping_status":"closed","template":"","meta":{"_acf_changed":false,"inline_featured_image":false,"footnotes":""},"class_list":["post-26519","page","type-page","status-publish","hentry"],"acf":[],"yoast_head":"<!-- This site is optimized with the Yoast SEO Premium plugin v27.3 (Yoast SEO v27.3) - https:\/\/yoast.com\/product\/yoast-seo-premium-wordpress\/ -->\n<title>PROTECT E-learning - Inscrivez-vous aux cours techniques ici<\/title>\n<meta name=\"description\" content=\"Apprenez l&#039;installation de canons \u00e0 brouillard, les produits PROTECT Intelli et l&#039;int\u00e9gration de PROTECT API gr\u00e2ce \u00e0 notre plateforme d&#039;apprentissage en ligne.\" \/>\n<meta name=\"robots\" content=\"index, follow, max-snippet:-1, max-image-preview:large, max-video-preview:-1\" \/>\n<link rel=\"canonical\" href=\"https:\/\/protectglobal.com\/fr\/protect-e-learning\/\" \/>\n<meta property=\"og:locale\" content=\"fr_FR\" \/>\n<meta property=\"og:type\" content=\"article\" \/>\n<meta property=\"og:title\" content=\"PROTECT E-learning\" \/>\n<meta property=\"og:description\" content=\"Apprenez l&#039;installation de canons \u00e0 brouillard, les produits PROTECT Intelli et l&#039;int\u00e9gration de PROTECT API gr\u00e2ce \u00e0 notre plateforme d&#039;apprentissage en ligne.\" \/>\n<meta property=\"og:url\" content=\"https:\/\/protectglobal.com\/fr\/protect-e-learning\/\" \/>\n<meta property=\"og:site_name\" content=\"Canons \u00e0 brouillard PROTECT\u2122\" \/>\n<meta property=\"article:publisher\" content=\"https:\/\/www.facebook.com\/PROTECTFogCannon\/\" \/>\n<meta property=\"article:modified_time\" content=\"2025-02-12T10:07:25+00:00\" \/>\n<meta property=\"og:image\" content=\"https:\/\/protectglobal.com\/wp-content\/uploads\/2024\/11\/untitled-09038-scaled.jpg\" \/>\n\t<meta property=\"og:image:width\" content=\"2560\" \/>\n\t<meta property=\"og:image:height\" content=\"1440\" \/>\n\t<meta property=\"og:image:type\" content=\"image\/jpeg\" \/>\n<meta name=\"twitter:card\" content=\"summary_large_image\" \/>\n<meta name=\"twitter:site\" content=\"@PROTECTFOG\" \/>\n<script type=\"application\/ld+json\" class=\"yoast-schema-graph\">{\"@context\":\"https:\\\/\\\/schema.org\",\"@graph\":[{\"@type\":\"WebPage\",\"@id\":\"https:\\\/\\\/protectglobal.com\\\/fr\\\/protect-e-learning\\\/\",\"url\":\"https:\\\/\\\/protectglobal.com\\\/fr\\\/protect-e-learning\\\/\",\"name\":\"PROTECT E-learning - Inscrivez-vous aux cours techniques ici\",\"isPartOf\":{\"@id\":\"https:\\\/\\\/protectglobal.com\\\/fr\\\/#website\"},\"datePublished\":\"2024-11-21T09:33:39+00:00\",\"dateModified\":\"2025-02-12T10:07:25+00:00\",\"description\":\"Apprenez l'installation de canons \u00e0 brouillard, les produits PROTECT Intelli et l'int\u00e9gration de PROTECT API gr\u00e2ce \u00e0 notre plateforme d'apprentissage en ligne.\",\"breadcrumb\":{\"@id\":\"https:\\\/\\\/protectglobal.com\\\/fr\\\/protect-e-learning\\\/#breadcrumb\"},\"inLanguage\":\"fr-FR\",\"potentialAction\":[{\"@type\":\"ReadAction\",\"target\":[\"https:\\\/\\\/protectglobal.com\\\/fr\\\/protect-e-learning\\\/\"]}]},{\"@type\":\"BreadcrumbList\",\"@id\":\"https:\\\/\\\/protectglobal.com\\\/fr\\\/protect-e-learning\\\/#breadcrumb\",\"itemListElement\":[{\"@type\":\"ListItem\",\"position\":1,\"name\":\"Hjem\",\"item\":\"https:\\\/\\\/protectglobal.com\\\/fr\\\/\"},{\"@type\":\"ListItem\",\"position\":2,\"name\":\"PROTECT E-learning\"}]},{\"@type\":\"WebSite\",\"@id\":\"https:\\\/\\\/protectglobal.com\\\/fr\\\/#website\",\"url\":\"https:\\\/\\\/protectglobal.com\\\/fr\\\/\",\"name\":\"PROTECT Fog Cannons\u2122\",\"description\":\"\",\"publisher\":{\"@id\":\"https:\\\/\\\/protectglobal.com\\\/fr\\\/#organization\"},\"potentialAction\":[{\"@type\":\"SearchAction\",\"target\":{\"@type\":\"EntryPoint\",\"urlTemplate\":\"https:\\\/\\\/protectglobal.com\\\/fr\\\/?s={search_term_string}\"},\"query-input\":{\"@type\":\"PropertyValueSpecification\",\"valueRequired\":true,\"valueName\":\"search_term_string\"}}],\"inLanguage\":\"fr-FR\"},{\"@type\":\"Organization\",\"@id\":\"https:\\\/\\\/protectglobal.com\\\/fr\\\/#organization\",\"name\":\"PROTECT Fog Cannons\u2122\",\"url\":\"https:\\\/\\\/protectglobal.com\\\/fr\\\/\",\"logo\":{\"@type\":\"ImageObject\",\"inLanguage\":\"fr-FR\",\"@id\":\"https:\\\/\\\/protectglobal.com\\\/fr\\\/#\\\/schema\\\/logo\\\/image\\\/\",\"url\":\"https:\\\/\\\/protectglobal.com\\\/wp-content\\\/uploads\\\/2023\\\/10\\\/logo.svg\",\"contentUrl\":\"https:\\\/\\\/protectglobal.com\\\/wp-content\\\/uploads\\\/2023\\\/10\\\/logo.svg\",\"width\":90,\"height\":40,\"caption\":\"PROTECT Fog Cannons\u2122\"},\"image\":{\"@id\":\"https:\\\/\\\/protectglobal.com\\\/fr\\\/#\\\/schema\\\/logo\\\/image\\\/\"},\"sameAs\":[\"https:\\\/\\\/www.facebook.com\\\/PROTECTFogCannon\\\/\",\"https:\\\/\\\/x.com\\\/PROTECTFOG\",\"https:\\\/\\\/www.linkedin.com\\\/company\\\/protect-a-s\\\/\",\"https:\\\/\\\/www.youtube.com\\\/user\\\/PROTECTFogCannon\"],\"description\":\"PROTECT\u2122 specializes in security fog solutions, protecting valuables in retail, banks, warehouses any many other industries across more than 50 countries. With over 175,000 fog cannons installed, our systems fill rooms with dense fog in seconds, deterring burglars and preventing theft. We focus on providing reliable, durable, and easy-to-install solutions for enhanced security and peace of mind.\",\"email\":\"info@protectglobal.com\",\"telephone\":\"+45 8672 1881\",\"legalName\":\"PROTECT A\\\/S\",\"foundingDate\":\"2000-09-28\",\"vatID\":\"25687272\",\"numberOfEmployees\":{\"@type\":\"QuantitativeValue\",\"minValue\":\"11\",\"maxValue\":\"50\"}}]}<\/script>\n<!-- \/ Yoast SEO Premium plugin. -->","yoast_head_json":{"title":"PROTECT E-learning - Inscrivez-vous aux cours techniques ici","description":"Apprenez l'installation de canons \u00e0 brouillard, les produits PROTECT Intelli et l'int\u00e9gration de PROTECT API gr\u00e2ce \u00e0 notre plateforme d'apprentissage en ligne.","robots":{"index":"index","follow":"follow","max-snippet":"max-snippet:-1","max-image-preview":"max-image-preview:large","max-video-preview":"max-video-preview:-1"},"canonical":"https:\/\/protectglobal.com\/fr\/protect-e-learning\/","og_locale":"fr_FR","og_type":"article","og_title":"PROTECT E-learning","og_description":"Apprenez l'installation de canons \u00e0 brouillard, les produits PROTECT Intelli et l'int\u00e9gration de PROTECT API gr\u00e2ce \u00e0 notre plateforme d'apprentissage en ligne.","og_url":"https:\/\/protectglobal.com\/fr\/protect-e-learning\/","og_site_name":"Canons \u00e0 brouillard PROTECT\u2122","article_publisher":"https:\/\/www.facebook.com\/PROTECTFogCannon\/","article_modified_time":"2025-02-12T10:07:25+00:00","og_image":[{"width":2560,"height":1440,"url":"https:\/\/protectglobal.com\/wp-content\/uploads\/2024\/11\/untitled-09038-scaled.jpg","type":"image\/jpeg"}],"twitter_card":"summary_large_image","twitter_site":"@PROTECTFOG","schema":{"@context":"https:\/\/schema.org","@graph":[{"@type":"WebPage","@id":"https:\/\/protectglobal.com\/fr\/protect-e-learning\/","url":"https:\/\/protectglobal.com\/fr\/protect-e-learning\/","name":"PROTECT E-learning - Inscrivez-vous aux cours techniques ici","isPartOf":{"@id":"https:\/\/protectglobal.com\/fr\/#website"},"datePublished":"2024-11-21T09:33:39+00:00","dateModified":"2025-02-12T10:07:25+00:00","description":"Apprenez l'installation de canons \u00e0 brouillard, les produits PROTECT Intelli et l'int\u00e9gration de PROTECT API gr\u00e2ce \u00e0 notre plateforme d'apprentissage en ligne.","breadcrumb":{"@id":"https:\/\/protectglobal.com\/fr\/protect-e-learning\/#breadcrumb"},"inLanguage":"fr-FR","potentialAction":[{"@type":"ReadAction","target":["https:\/\/protectglobal.com\/fr\/protect-e-learning\/"]}]},{"@type":"BreadcrumbList","@id":"https:\/\/protectglobal.com\/fr\/protect-e-learning\/#breadcrumb","itemListElement":[{"@type":"ListItem","position":1,"name":"Hjem","item":"https:\/\/protectglobal.com\/fr\/"},{"@type":"ListItem","position":2,"name":"PROTECT E-learning"}]},{"@type":"WebSite","@id":"https:\/\/protectglobal.com\/fr\/#website","url":"https:\/\/protectglobal.com\/fr\/","name":"PROTECT Fog Cannons\u2122","description":"","publisher":{"@id":"https:\/\/protectglobal.com\/fr\/#organization"},"potentialAction":[{"@type":"SearchAction","target":{"@type":"EntryPoint","urlTemplate":"https:\/\/protectglobal.com\/fr\/?s={search_term_string}"},"query-input":{"@type":"PropertyValueSpecification","valueRequired":true,"valueName":"search_term_string"}}],"inLanguage":"fr-FR"},{"@type":"Organization","@id":"https:\/\/protectglobal.com\/fr\/#organization","name":"PROTECT Fog Cannons\u2122","url":"https:\/\/protectglobal.com\/fr\/","logo":{"@type":"ImageObject","inLanguage":"fr-FR","@id":"https:\/\/protectglobal.com\/fr\/#\/schema\/logo\/image\/","url":"https:\/\/protectglobal.com\/wp-content\/uploads\/2023\/10\/logo.svg","contentUrl":"https:\/\/protectglobal.com\/wp-content\/uploads\/2023\/10\/logo.svg","width":90,"height":40,"caption":"PROTECT Fog Cannons\u2122"},"image":{"@id":"https:\/\/protectglobal.com\/fr\/#\/schema\/logo\/image\/"},"sameAs":["https:\/\/www.facebook.com\/PROTECTFogCannon\/","https:\/\/x.com\/PROTECTFOG","https:\/\/www.linkedin.com\/company\/protect-a-s\/","https:\/\/www.youtube.com\/user\/PROTECTFogCannon"],"description":"PROTECT\u2122 specializes in security fog solutions, protecting valuables in retail, banks, warehouses any many other industries across more than 50 countries. With over 175,000 fog cannons installed, our systems fill rooms with dense fog in seconds, deterring burglars and preventing theft. We focus on providing reliable, durable, and easy-to-install solutions for enhanced security and peace of mind.","email":"info@protectglobal.com","telephone":"+45 8672 1881","legalName":"PROTECT A\/S","foundingDate":"2000-09-28","vatID":"25687272","numberOfEmployees":{"@type":"QuantitativeValue","minValue":"11","maxValue":"50"}}]}},"_links":{"self":[{"href":"https:\/\/protectglobal.com\/fr\/wp-json\/wp\/v2\/pages\/26519","targetHints":{"allow":["GET"]}}],"collection":[{"href":"https:\/\/protectglobal.com\/fr\/wp-json\/wp\/v2\/pages"}],"about":[{"href":"https:\/\/protectglobal.com\/fr\/wp-json\/wp\/v2\/types\/page"}],"author":[{"embeddable":true,"href":"https:\/\/protectglobal.com\/fr\/wp-json\/wp\/v2\/users\/11"}],"replies":[{"embeddable":true,"href":"https:\/\/protectglobal.com\/fr\/wp-json\/wp\/v2\/comments?post=26519"}],"version-history":[{"count":2,"href":"https:\/\/protectglobal.com\/fr\/wp-json\/wp\/v2\/pages\/26519\/revisions"}],"predecessor-version":[{"id":26521,"href":"https:\/\/protectglobal.com\/fr\/wp-json\/wp\/v2\/pages\/26519\/revisions\/26521"}],"wp:attachment":[{"href":"https:\/\/protectglobal.com\/fr\/wp-json\/wp\/v2\/media?parent=26519"}],"curies":[{"name":"wp","href":"https:\/\/api.w.org\/{rel}","templated":true}]}}