{"id":2352,"date":"2023-10-11T08:18:30","date_gmt":"2023-10-11T08:18:30","guid":{"rendered":"https:\/\/protectglobal.com\/terms-and-conditions\/"},"modified":"2025-07-31T18:49:28","modified_gmt":"2025-07-31T18:49:28","slug":"privacy-policy","status":"publish","type":"page","link":"https:\/\/protectglobal.com\/fr\/privacy-policy\/","title":{"rendered":"Politique de confidentialit\u00e9"},"content":{"rendered":"\n<h2 class=\"wp-block-heading\" id=\"h-1-who-we-are\">1. Qui sommes-nous ?<\/h2>\n\n<p>PROTECT A\/S (\u00ab\u00a0nous\u00a0\u00bb, \u00ab\u00a0notre\u00a0\u00bb ou \u00ab\u00a0nos\u00a0\u00bb) d\u00e9veloppe et fabrique des canons \u00e0 brouillard pour la protection contre les cambriolages.<br\/>Nous sommes le responsable du traitement des donn\u00e9es personnelles collect\u00e9es par le biais de notre site Web <a class=\"\" href=\"https:\/\/www.protectglobal.com\">www.protectglobal.com<\/a> (le \u00ab\u00a0Site\u00a0\u00bb), y compris le Centre de t\u00e9l\u00e9chargement.<\/p>\n\n<p><strong>Coordonn\u00e9es :<\/strong><br\/>PROTECT A\/S<br\/>Hasselager Centervej 5<br\/>8260 Viby J, Danemark<br\/>T\u00e9l\u00e9phone : +45 86 72 18 81<br\/>E-mail : <a>info@protectglobal.com<\/a><\/p>\n\n<h2 class=\"wp-block-heading\" id=\"h-2-what-personal-data-we-collect\">2. Quelles sont les donn\u00e9es \u00e0 caract\u00e8re personnel que nous collectons ?<\/h2>\n\n<p>Nous recueillons les donn\u00e9es personnelles suivantes lorsque vous utilisez notre site :<\/p>\n\n<h3 class=\"wp-block-heading\" id=\"h-a-when-registering-for-the-download-center\">a) Lors de l&rsquo;inscription au centre de t\u00e9l\u00e9chargement<\/h3>\n\n<ul class=\"wp-block-list\">\n<li>Nom complet<\/li>\n\n\n\n<li>Adresse \u00e9lectronique<\/li>\n\n\n\n<li>Num\u00e9ro de t\u00e9l\u00e9phone<\/li>\n\n\n\n<li>Pays<\/li>\n\n\n\n<li>Nom de l&rsquo;entreprise<\/li>\n\n\n\n<li>Num\u00e9ro de TVA de l&rsquo;entreprise<\/li>\n\n\n\n<li>Adresse de l&rsquo;entreprise<\/li>\n\n\n\n<li>Type de compte (installateur ou distributeur)<\/li>\n\n\n\n<li>Confirmation de l&rsquo;affiliation professionnelle \u00e0 PROTECT<\/li>\n<\/ul>\n\n<h3 class=\"wp-block-heading\" id=\"h-b-when-contacting-us-or-signing-up-for-our-newsletter\">b) lorsque vous nous contactez ou que vous vous inscrivez \u00e0 notre bulletin d&rsquo;information<\/h3>\n\n<ul class=\"wp-block-list\">\n<li>Nom et coordonn\u00e9es (par exemple, courriel, t\u00e9l\u00e9phone)<\/li>\n<\/ul>\n\n<h3 class=\"wp-block-heading\" id=\"h-c-when-browsing-the-site\">c) lors de la navigation sur le site<\/h3>\n\n<ul class=\"wp-block-list\">\n<li>Adresse IP, type de navigateur et donn\u00e9es d&rsquo;utilisation de base par le biais de cookies (voir notre politique en mati\u00e8re de cookies dans la banni\u00e8re de consentement aux cookies).<\/li>\n<\/ul>\n\n<h2 class=\"wp-block-heading\" id=\"h-3-why-we-collect-your-data\">3. Pourquoi nous collectons vos donn\u00e9es<\/h2>\n\n<p>Nous collectons et traitons vos donn\u00e9es pour :<\/p>\n\n<ul class=\"wp-block-list\">\n<li>Cr\u00e9ez et g\u00e9rez votre compte dans le centre de t\u00e9l\u00e9chargement<\/li>\n\n\n\n<li>Permettre l&rsquo;acc\u00e8s aux documents et produits prot\u00e9g\u00e9s<\/li>\n\n\n\n<li>Communiquer avec vous au sujet de votre demande ou de votre compte<\/li>\n\n\n\n<li>Envoyer des bulletins d&rsquo;information et des mises \u00e0 jour sur les produits (si vous acceptez)<\/li>\n\n\n\n<li>Analyser l&rsquo;utilisation du site et am\u00e9liorer nos services<\/li>\n<\/ul>\n\n<h2 class=\"wp-block-heading\" id=\"h-4-legal-basis-for-processing\">4. Base juridique du traitement<\/h2>\n\n<p>Nous traitons vos donn\u00e9es sur une ou plusieurs des bases juridiques suivantes :<\/p>\n\n<ul class=\"wp-block-list\">\n<li>Votre <strong>consentement<\/strong>, par exemple pour les abonnements \u00e0 la lettre d&rsquo;information ou les cookies non essentiels (GDPR art. 6(1)(a))<\/li>\n\n\n\n<li>l&rsquo;<strong>ex\u00e9cution d&rsquo;un contrat<\/strong>, par exemple lors de la gestion de votre compte au Centre de t\u00e9l\u00e9chargement (GDPR art. 6(1)(b))<\/li>\n\n\n\n<li>Notre <strong>int\u00e9r\u00eat l\u00e9gitime<\/strong> \u00e0 exploiter, am\u00e9liorer et s\u00e9curiser notre site web et nos services (GDPR art. 6(1)(f))<\/li>\n\n\n\n<li>Respect des <strong>obligations l\u00e9gales<\/strong>, si n\u00e9cessaire (GDPR art. 6(1)(c))<\/li>\n<\/ul>\n\n<h2 class=\"wp-block-heading\" id=\"h-5-how-we-share-your-data\">5. Comment nous partageons vos donn\u00e9es<\/h2>\n\n<p>Nous ne vendons pas vos donn\u00e9es personnelles. Nous pouvons les partager avec des prestataires de services tiers de confiance (tels que des h\u00e9bergeurs de sites web ou des plateformes de courrier \u00e9lectronique) qui soutiennent le fonctionnement de notre site et de notre centre de t\u00e9l\u00e9chargement. Ces fournisseurs sont li\u00e9s par des conditions strictes de confidentialit\u00e9 et de protection des donn\u00e9es.  <\/p>\n\n<p>Pour plus de d\u00e9tails sur les technologies tierces et les cookies utilis\u00e9s sur notre site, veuillez consulter notre politique en mati\u00e8re de cookies dans la banni\u00e8re de consentement aux cookies.<\/p>\n\n<h2 class=\"wp-block-heading\" id=\"h-6-data-retention\">6. Conservation des donn\u00e9es<\/h2>\n\n<ul class=\"wp-block-list\">\n<li>Les donn\u00e9es de compte du centre de t\u00e9l\u00e9chargement sont conserv\u00e9es aussi longtemps que votre compte est actif ou n\u00e9cessaire \u00e0 la r\u00e9alisation de l&rsquo;objectif.<\/li>\n\n\n\n<li>Les formulaires de contact et les demandes d&rsquo;assistance ne sont conserv\u00e9s que le temps n\u00e9cessaire au traitement de votre demande.<\/li>\n\n\n\n<li>Le consentement \u00e0 l&rsquo;envoi d&rsquo;une lettre d&rsquo;information est conserv\u00e9 jusqu&rsquo;\u00e0 ce que vous vous d\u00e9sinscriviez<\/li>\n\n\n\n<li>Les donn\u00e9es des cookies sont stock\u00e9es selon vos pr\u00e9f\u00e9rences (voir notre politique en mati\u00e8re de cookies dans la banni\u00e8re de consentement aux cookies).<\/li>\n<\/ul>\n\n<h2 class=\"wp-block-heading\" id=\"h-7-your-rights\">7. Vos droits<\/h2>\n\n<p>En vertu du GDPR, vous avez le droit de :<\/p>\n\n<ul class=\"wp-block-list\">\n<li>Acc\u00e9der \u00e0 vos donn\u00e9es personnelles<\/li>\n\n\n\n<li>Corriger ou supprimer vos donn\u00e9es<\/li>\n\n\n\n<li>Restreindre le traitement ou s&rsquo;y opposer<\/li>\n\n\n\n<li>Retirer son consentement \u00e0 tout moment<\/li>\n\n\n\n<li>Demander la portabilit\u00e9 des donn\u00e9es<\/li>\n\n\n\n<li>D\u00e9posez une plainte aupr\u00e8s de votre autorit\u00e9 locale de protection des donn\u00e9es<\/li>\n<\/ul>\n\n<p>Pour exercer vos droits, contactez <strong><a>info@protectglobal.com<\/a><\/strong>.<br\/>Au Danemark, vous pouvez \u00e9galement contacter :<\/p>\n\n<p><strong>Datatilsynet<\/strong><br\/>Borgergade 28, 5.<br\/>1300 K\u00f8benhavn K<br\/>E-mail : <a>dt@datatilsynet.dk<\/a><\/p>\n\n<h2 class=\"wp-block-heading\" id=\"h-8-changes-to-this-privacy-policy\">8. Modifications de la pr\u00e9sente politique de protection de la vie priv\u00e9e<\/h2>\n\n<p>Nous pouvons mettre \u00e0 jour cette politique de temps en temps pour refl\u00e9ter les changements dans nos pratiques ou les exigences l\u00e9gales. La derni\u00e8re version est toujours disponible sur notre site web. <\/p>\n","protected":false},"excerpt":{"rendered":"<p>1. Qui sommes-nous ? PROTECT A\/S (\u00ab\u00a0nous\u00a0\u00bb, \u00ab\u00a0notre\u00a0\u00bb ou \u00ab\u00a0nos\u00a0\u00bb) d\u00e9veloppe et fabrique des canons \u00e0 brouillard pour la protection contre les cambriolages.Nous sommes le responsable du traitement des donn\u00e9es personnelles collect\u00e9es par le biais de notre site Web www.protectglobal.com (le \u00ab\u00a0Site\u00a0\u00bb), y compris le Centre de t\u00e9l\u00e9chargement. Coordonn\u00e9es :PROTECT A\/SHasselager Centervej 58260 Viby J, [&hellip;]<\/p>\n","protected":false},"author":2,"featured_media":18143,"parent":0,"menu_order":10,"comment_status":"closed","ping_status":"closed","template":"text.php","meta":{"_acf_changed":false,"inline_featured_image":false,"footnotes":""},"class_list":["post-2352","page","type-page","status-publish","has-post-thumbnail","hentry"],"acf":[],"yoast_head":"<!-- This site is optimized with the Yoast SEO Premium plugin v27.3 (Yoast SEO v27.3) - https:\/\/yoast.com\/product\/yoast-seo-premium-wordpress\/ -->\n<title>Politique de confidentialit\u00e9 - Canons \u00e0 brouillard PROTECT\u2122<\/title>\n<meta name=\"robots\" content=\"noindex, follow\" \/>\n<meta property=\"og:locale\" content=\"fr_FR\" \/>\n<meta property=\"og:type\" content=\"article\" \/>\n<meta property=\"og:title\" content=\"Politique de confidentialit\u00e9\" \/>\n<meta property=\"og:description\" content=\"1. Qui sommes-nous ? PROTECT A\/S (\u00ab\u00a0nous\u00a0\u00bb, \u00ab\u00a0notre\u00a0\u00bb ou \u00ab\u00a0nos\u00a0\u00bb) d\u00e9veloppe et fabrique des canons \u00e0 brouillard pour la protection contre les cambriolages.Nous sommes le responsable du traitement des donn\u00e9es personnelles collect\u00e9es par le biais de notre site Web www.protectglobal.com (le \u00ab\u00a0Site\u00a0\u00bb), y compris le Centre de t\u00e9l\u00e9chargement. Coordonn\u00e9es :PROTECT A\/SHasselager Centervej 58260 Viby J, [&hellip;]\" \/>\n<meta property=\"og:url\" content=\"https:\/\/protectglobal.com\/fr\/privacy-policy\/\" \/>\n<meta property=\"og:site_name\" content=\"Canons \u00e0 brouillard PROTECT\u2122\" \/>\n<meta property=\"article:publisher\" content=\"https:\/\/www.facebook.com\/PROTECTFogCannon\/\" \/>\n<meta property=\"article:modified_time\" content=\"2025-07-31T18:49:28+00:00\" \/>\n<meta property=\"og:image\" content=\"https:\/\/protectglobal.com\/wp-content\/uploads\/2024\/06\/montering-af-maskine-frame-at-0m43s.jpg\" \/>\n\t<meta property=\"og:image:width\" content=\"1920\" \/>\n\t<meta property=\"og:image:height\" content=\"1080\" \/>\n\t<meta property=\"og:image:type\" content=\"image\/jpeg\" \/>\n<meta name=\"twitter:card\" content=\"summary_large_image\" \/>\n<meta name=\"twitter:site\" content=\"@PROTECTFOG\" \/>\n<meta name=\"twitter:label1\" content=\"Dur\u00e9e de lecture estim\u00e9e\" \/>\n\t<meta name=\"twitter:data1\" content=\"13 minutes\" \/>\n<script type=\"application\/ld+json\" class=\"yoast-schema-graph\">{\"@context\":\"https:\\\/\\\/schema.org\",\"@graph\":[{\"@type\":\"WebPage\",\"@id\":\"https:\\\/\\\/protectglobal.com\\\/fr\\\/privacy-policy\\\/\",\"url\":\"https:\\\/\\\/protectglobal.com\\\/fr\\\/privacy-policy\\\/\",\"name\":\"Politique de confidentialit\u00e9 - Canons \u00e0 brouillard PROTECT\u2122\",\"isPartOf\":{\"@id\":\"https:\\\/\\\/protectglobal.com\\\/fr\\\/#website\"},\"primaryImageOfPage\":{\"@id\":\"https:\\\/\\\/protectglobal.com\\\/fr\\\/privacy-policy\\\/#primaryimage\"},\"image\":{\"@id\":\"https:\\\/\\\/protectglobal.com\\\/fr\\\/privacy-policy\\\/#primaryimage\"},\"thumbnailUrl\":\"https:\\\/\\\/protectglobal.com\\\/wp-content\\\/uploads\\\/2024\\\/06\\\/montering-af-maskine-frame-at-0m43s.jpg\",\"datePublished\":\"2023-10-11T08:18:30+00:00\",\"dateModified\":\"2025-07-31T18:49:28+00:00\",\"breadcrumb\":{\"@id\":\"https:\\\/\\\/protectglobal.com\\\/fr\\\/privacy-policy\\\/#breadcrumb\"},\"inLanguage\":\"fr-FR\",\"potentialAction\":[{\"@type\":\"ReadAction\",\"target\":[\"https:\\\/\\\/protectglobal.com\\\/fr\\\/privacy-policy\\\/\"]}]},{\"@type\":\"ImageObject\",\"inLanguage\":\"fr-FR\",\"@id\":\"https:\\\/\\\/protectglobal.com\\\/fr\\\/privacy-policy\\\/#primaryimage\",\"url\":\"https:\\\/\\\/protectglobal.com\\\/wp-content\\\/uploads\\\/2024\\\/06\\\/montering-af-maskine-frame-at-0m43s.jpg\",\"contentUrl\":\"https:\\\/\\\/protectglobal.com\\\/wp-content\\\/uploads\\\/2024\\\/06\\\/montering-af-maskine-frame-at-0m43s.jpg\",\"width\":1920,\"height\":1080,\"caption\":\"fog cannon demo\"},{\"@type\":\"BreadcrumbList\",\"@id\":\"https:\\\/\\\/protectglobal.com\\\/fr\\\/privacy-policy\\\/#breadcrumb\",\"itemListElement\":[{\"@type\":\"ListItem\",\"position\":1,\"name\":\"Hjem\",\"item\":\"https:\\\/\\\/protectglobal.com\\\/fr\\\/\"},{\"@type\":\"ListItem\",\"position\":2,\"name\":\"Politique de confidentialit\u00e9\"}]},{\"@type\":\"WebSite\",\"@id\":\"https:\\\/\\\/protectglobal.com\\\/fr\\\/#website\",\"url\":\"https:\\\/\\\/protectglobal.com\\\/fr\\\/\",\"name\":\"PROTECT Fog Cannons\u2122\",\"description\":\"\",\"publisher\":{\"@id\":\"https:\\\/\\\/protectglobal.com\\\/fr\\\/#organization\"},\"potentialAction\":[{\"@type\":\"SearchAction\",\"target\":{\"@type\":\"EntryPoint\",\"urlTemplate\":\"https:\\\/\\\/protectglobal.com\\\/fr\\\/?s={search_term_string}\"},\"query-input\":{\"@type\":\"PropertyValueSpecification\",\"valueRequired\":true,\"valueName\":\"search_term_string\"}}],\"inLanguage\":\"fr-FR\"},{\"@type\":\"Organization\",\"@id\":\"https:\\\/\\\/protectglobal.com\\\/fr\\\/#organization\",\"name\":\"PROTECT Fog Cannons\u2122\",\"url\":\"https:\\\/\\\/protectglobal.com\\\/fr\\\/\",\"logo\":{\"@type\":\"ImageObject\",\"inLanguage\":\"fr-FR\",\"@id\":\"https:\\\/\\\/protectglobal.com\\\/fr\\\/#\\\/schema\\\/logo\\\/image\\\/\",\"url\":\"https:\\\/\\\/protectglobal.com\\\/wp-content\\\/uploads\\\/2023\\\/10\\\/logo.svg\",\"contentUrl\":\"https:\\\/\\\/protectglobal.com\\\/wp-content\\\/uploads\\\/2023\\\/10\\\/logo.svg\",\"width\":90,\"height\":40,\"caption\":\"PROTECT Fog Cannons\u2122\"},\"image\":{\"@id\":\"https:\\\/\\\/protectglobal.com\\\/fr\\\/#\\\/schema\\\/logo\\\/image\\\/\"},\"sameAs\":[\"https:\\\/\\\/www.facebook.com\\\/PROTECTFogCannon\\\/\",\"https:\\\/\\\/x.com\\\/PROTECTFOG\",\"https:\\\/\\\/www.linkedin.com\\\/company\\\/protect-a-s\\\/\",\"https:\\\/\\\/www.youtube.com\\\/user\\\/PROTECTFogCannon\"],\"description\":\"PROTECT\u2122 specializes in security fog solutions, protecting valuables in retail, banks, warehouses any many other industries across more than 50 countries. With over 175,000 fog cannons installed, our systems fill rooms with dense fog in seconds, deterring burglars and preventing theft. We focus on providing reliable, durable, and easy-to-install solutions for enhanced security and peace of mind.\",\"email\":\"info@protectglobal.com\",\"telephone\":\"+45 8672 1881\",\"legalName\":\"PROTECT A\\\/S\",\"foundingDate\":\"2000-09-28\",\"vatID\":\"25687272\",\"numberOfEmployees\":{\"@type\":\"QuantitativeValue\",\"minValue\":\"11\",\"maxValue\":\"50\"}}]}<\/script>\n<!-- \/ Yoast SEO Premium plugin. -->","yoast_head_json":{"title":"Politique de confidentialit\u00e9 - Canons \u00e0 brouillard PROTECT\u2122","robots":{"index":"noindex","follow":"follow"},"og_locale":"fr_FR","og_type":"article","og_title":"Politique de confidentialit\u00e9","og_description":"1. Qui sommes-nous ? PROTECT A\/S (\u00ab\u00a0nous\u00a0\u00bb, \u00ab\u00a0notre\u00a0\u00bb ou \u00ab\u00a0nos\u00a0\u00bb) d\u00e9veloppe et fabrique des canons \u00e0 brouillard pour la protection contre les cambriolages.Nous sommes le responsable du traitement des donn\u00e9es personnelles collect\u00e9es par le biais de notre site Web www.protectglobal.com (le \u00ab\u00a0Site\u00a0\u00bb), y compris le Centre de t\u00e9l\u00e9chargement. Coordonn\u00e9es :PROTECT A\/SHasselager Centervej 58260 Viby J, [&hellip;]","og_url":"https:\/\/protectglobal.com\/fr\/privacy-policy\/","og_site_name":"Canons \u00e0 brouillard PROTECT\u2122","article_publisher":"https:\/\/www.facebook.com\/PROTECTFogCannon\/","article_modified_time":"2025-07-31T18:49:28+00:00","og_image":[{"width":1920,"height":1080,"url":"https:\/\/protectglobal.com\/wp-content\/uploads\/2024\/06\/montering-af-maskine-frame-at-0m43s.jpg","type":"image\/jpeg"}],"twitter_card":"summary_large_image","twitter_site":"@PROTECTFOG","twitter_misc":{"Dur\u00e9e de lecture estim\u00e9e":"13 minutes"},"schema":{"@context":"https:\/\/schema.org","@graph":[{"@type":"WebPage","@id":"https:\/\/protectglobal.com\/fr\/privacy-policy\/","url":"https:\/\/protectglobal.com\/fr\/privacy-policy\/","name":"Politique de confidentialit\u00e9 - Canons \u00e0 brouillard PROTECT\u2122","isPartOf":{"@id":"https:\/\/protectglobal.com\/fr\/#website"},"primaryImageOfPage":{"@id":"https:\/\/protectglobal.com\/fr\/privacy-policy\/#primaryimage"},"image":{"@id":"https:\/\/protectglobal.com\/fr\/privacy-policy\/#primaryimage"},"thumbnailUrl":"https:\/\/protectglobal.com\/wp-content\/uploads\/2024\/06\/montering-af-maskine-frame-at-0m43s.jpg","datePublished":"2023-10-11T08:18:30+00:00","dateModified":"2025-07-31T18:49:28+00:00","breadcrumb":{"@id":"https:\/\/protectglobal.com\/fr\/privacy-policy\/#breadcrumb"},"inLanguage":"fr-FR","potentialAction":[{"@type":"ReadAction","target":["https:\/\/protectglobal.com\/fr\/privacy-policy\/"]}]},{"@type":"ImageObject","inLanguage":"fr-FR","@id":"https:\/\/protectglobal.com\/fr\/privacy-policy\/#primaryimage","url":"https:\/\/protectglobal.com\/wp-content\/uploads\/2024\/06\/montering-af-maskine-frame-at-0m43s.jpg","contentUrl":"https:\/\/protectglobal.com\/wp-content\/uploads\/2024\/06\/montering-af-maskine-frame-at-0m43s.jpg","width":1920,"height":1080,"caption":"fog cannon demo"},{"@type":"BreadcrumbList","@id":"https:\/\/protectglobal.com\/fr\/privacy-policy\/#breadcrumb","itemListElement":[{"@type":"ListItem","position":1,"name":"Hjem","item":"https:\/\/protectglobal.com\/fr\/"},{"@type":"ListItem","position":2,"name":"Politique de confidentialit\u00e9"}]},{"@type":"WebSite","@id":"https:\/\/protectglobal.com\/fr\/#website","url":"https:\/\/protectglobal.com\/fr\/","name":"PROTECT Fog Cannons\u2122","description":"","publisher":{"@id":"https:\/\/protectglobal.com\/fr\/#organization"},"potentialAction":[{"@type":"SearchAction","target":{"@type":"EntryPoint","urlTemplate":"https:\/\/protectglobal.com\/fr\/?s={search_term_string}"},"query-input":{"@type":"PropertyValueSpecification","valueRequired":true,"valueName":"search_term_string"}}],"inLanguage":"fr-FR"},{"@type":"Organization","@id":"https:\/\/protectglobal.com\/fr\/#organization","name":"PROTECT Fog Cannons\u2122","url":"https:\/\/protectglobal.com\/fr\/","logo":{"@type":"ImageObject","inLanguage":"fr-FR","@id":"https:\/\/protectglobal.com\/fr\/#\/schema\/logo\/image\/","url":"https:\/\/protectglobal.com\/wp-content\/uploads\/2023\/10\/logo.svg","contentUrl":"https:\/\/protectglobal.com\/wp-content\/uploads\/2023\/10\/logo.svg","width":90,"height":40,"caption":"PROTECT Fog Cannons\u2122"},"image":{"@id":"https:\/\/protectglobal.com\/fr\/#\/schema\/logo\/image\/"},"sameAs":["https:\/\/www.facebook.com\/PROTECTFogCannon\/","https:\/\/x.com\/PROTECTFOG","https:\/\/www.linkedin.com\/company\/protect-a-s\/","https:\/\/www.youtube.com\/user\/PROTECTFogCannon"],"description":"PROTECT\u2122 specializes in security fog solutions, protecting valuables in retail, banks, warehouses any many other industries across more than 50 countries. With over 175,000 fog cannons installed, our systems fill rooms with dense fog in seconds, deterring burglars and preventing theft. We focus on providing reliable, durable, and easy-to-install solutions for enhanced security and peace of mind.","email":"info@protectglobal.com","telephone":"+45 8672 1881","legalName":"PROTECT A\/S","foundingDate":"2000-09-28","vatID":"25687272","numberOfEmployees":{"@type":"QuantitativeValue","minValue":"11","maxValue":"50"}}]}},"_links":{"self":[{"href":"https:\/\/protectglobal.com\/fr\/wp-json\/wp\/v2\/pages\/2352","targetHints":{"allow":["GET"]}}],"collection":[{"href":"https:\/\/protectglobal.com\/fr\/wp-json\/wp\/v2\/pages"}],"about":[{"href":"https:\/\/protectglobal.com\/fr\/wp-json\/wp\/v2\/types\/page"}],"author":[{"embeddable":true,"href":"https:\/\/protectglobal.com\/fr\/wp-json\/wp\/v2\/users\/2"}],"replies":[{"embeddable":true,"href":"https:\/\/protectglobal.com\/fr\/wp-json\/wp\/v2\/comments?post=2352"}],"version-history":[{"count":5,"href":"https:\/\/protectglobal.com\/fr\/wp-json\/wp\/v2\/pages\/2352\/revisions"}],"predecessor-version":[{"id":28360,"href":"https:\/\/protectglobal.com\/fr\/wp-json\/wp\/v2\/pages\/2352\/revisions\/28360"}],"wp:featuredmedia":[{"embeddable":true,"href":"https:\/\/protectglobal.com\/fr\/wp-json\/wp\/v2\/media\/18143"}],"wp:attachment":[{"href":"https:\/\/protectglobal.com\/fr\/wp-json\/wp\/v2\/media?parent=2352"}],"curies":[{"name":"wp","href":"https:\/\/api.w.org\/{rel}","templated":true}]}}