{"id":2250,"date":"2023-10-11T08:17:57","date_gmt":"2023-10-11T08:17:57","guid":{"rendered":"https:\/\/protectglobal.com\/news\/"},"modified":"2025-01-21T12:07:13","modified_gmt":"2025-01-21T12:07:13","slug":"infos","status":"publish","type":"page","link":"https:\/\/protectglobal.com\/fr\/infos\/","title":{"rendered":"Infos"},"content":{"rendered":"\n    <section class=\"category-slider-block custom-block py-5 overflow-hidden\" style=\"\"> \n        <div class=\"container py-xxl-5\" data-aos=\"fade-in\">\n            <div class=\"d-md-flex justify-content-between mb-4\">\n                <blockquote class=\"heading-wrapper\">\n                    <p class=\"section-label mb-4\"><\/p>\n                    <blockqoute class=\"h2\"><\/blockqoute>\n                <\/blockquote>\n                <div class=\"navigation-arrows gap-3 d-none d-md-flex\"><\/div>\n            <\/div>\n       \n            <div class=\"post-slider\">  \n                                                            <a href=\"https:\/\/protectglobal.com\/fr\/product-category\/generateurs-de-brouillard\/\" class=\"slider-card test d-flex flex-column justify-content-end p-4 m-2 focus lazyload\" style=\"background:inherit; background-size: cover !important;\" data-bg=\"url(&#039;https:\/\/protectglobal.com\/wp-content\/uploads\/2024\/11\/fog-cannon.jpg&#039;)\">\n                            <blockquote class=\"content\">   \n                                <h3 class=\"h5 font-white m-0 mb-1\">G\u00e9n\u00e9rateurs de brouillard<\/h3>\n                                <div class=\"card-cta d-flex align-items-center gap-3\">\n                                <div class=\"button-group d-none font-white d-sm-flex container-sm h-auto p-0 gap-3 d-flex justify-content-between align-items-center justify-content-md-start button tertiary\">\n                                            Trouver G\u00e9n\u00e9rateurs de brouillard                                            <div class=\"button tertiary\">\n                                                <i class=\"icon-chevron\"><\/i>\n                                            <\/div>\n                                        <\/div>\n                                \n                                <\/div>   \n                            <\/blockquote>                    \n                        <\/a>\n                                            <a href=\"https:\/\/protectglobal.com\/fr\/product-category\/recharges-de-liquide\/\" class=\"slider-card test d-flex flex-column justify-content-end p-4 m-2 focus lazyload\" style=\"background:inherit; background-size: cover !important;\" data-bg=\"url(&#039;https:\/\/protectglobal.com\/wp-content\/uploads\/2024\/11\/fog-fluid-1.jpg&#039;)\">\n                            <blockquote class=\"content\">   \n                                <h3 class=\"h5 font-white m-0 mb-1\">Recharges de liquide<\/h3>\n                                <div class=\"card-cta d-flex align-items-center gap-3\">\n                                <div class=\"button-group d-none font-white d-sm-flex container-sm h-auto p-0 gap-3 d-flex justify-content-between align-items-center justify-content-md-start button tertiary\">\n                                            Trouver Recharges de liquide                                            <div class=\"button tertiary\">\n                                                <i class=\"icon-chevron\"><\/i>\n                                            <\/div>\n                                        <\/div>\n                                \n                                <\/div>   \n                            <\/blockquote>                    \n                        <\/a>\n                                            <a href=\"https:\/\/protectglobal.com\/fr\/product-category\/outils-de-surveillance-et-de-maintenance\/\" class=\"slider-card test d-flex flex-column justify-content-end p-4 m-2 focus lazyload\" style=\"background:inherit; background-size: cover !important;\" data-bg=\"url(&#039;https:\/\/protectglobal.com\/wp-content\/uploads\/2024\/11\/monitoring-1.jpg&#039;)\">\n                            <blockquote class=\"content\">   \n                                <h3 class=\"h5 font-white m-0 mb-1\">Outils de surveillance et de maintenance<\/h3>\n                                <div class=\"card-cta d-flex align-items-center gap-3\">\n                                <div class=\"button-group d-none font-white d-sm-flex container-sm h-auto p-0 gap-3 d-flex justify-content-between align-items-center justify-content-md-start button tertiary\">\n                                            Trouver Outils de surveillance et de maintenance                                            <div class=\"button tertiary\">\n                                                <i class=\"icon-chevron\"><\/i>\n                                            <\/div>\n                                        <\/div>\n                                \n                                <\/div>   \n                            <\/blockquote>                    \n                        <\/a>\n                                            <a href=\"https:\/\/protectglobal.com\/fr\/product-category\/les-cartes-dextension\/\" class=\"slider-card test d-flex flex-column justify-content-end p-4 m-2 focus lazyload\" style=\"background:inherit; background-size: cover !important;\" data-bg=\"url(&#039;https:\/\/protectglobal.com\/wp-content\/uploads\/2024\/11\/expansion-boards-1.jpg&#039;)\">\n                            <blockquote class=\"content\">   \n                                <h3 class=\"h5 font-white m-0 mb-1\">Extensions<\/h3>\n                                <div class=\"card-cta d-flex align-items-center gap-3\">\n                                <div class=\"button-group d-none font-white d-sm-flex container-sm h-auto p-0 gap-3 d-flex justify-content-between align-items-center justify-content-md-start button tertiary\">\n                                            Trouver Extensions                                            <div class=\"button tertiary\">\n                                                <i class=\"icon-chevron\"><\/i>\n                                            <\/div>\n                                        <\/div>\n                                \n                                <\/div>   \n                            <\/blockquote>                    \n                        <\/a>\n                                            <a href=\"https:\/\/protectglobal.com\/fr\/product-category\/lumiere-stroboscopique-et-barriere-de-son\/\" class=\"slider-card test d-flex flex-column justify-content-end p-4 m-2 focus lazyload\" style=\"background:inherit; background-size: cover !important;\" data-bg=\"url(&#039;https:\/\/protectglobal.com\/wp-content\/uploads\/2024\/11\/strobe-_-siren.jpg&#039;)\">\n                            <blockquote class=\"content\">   \n                                <h3 class=\"h5 font-white m-0 mb-1\">Lumi\u00e8re stroboscopique et barri\u00e8re de son<\/h3>\n                                <div class=\"card-cta d-flex align-items-center gap-3\">\n                                <div class=\"button-group d-none font-white d-sm-flex container-sm h-auto p-0 gap-3 d-flex justify-content-between align-items-center justify-content-md-start button tertiary\">\n                                            Trouver Lumi\u00e8re stroboscopique et barri\u00e8re de son                                            <div class=\"button tertiary\">\n                                                <i class=\"icon-chevron\"><\/i>\n                                            <\/div>\n                                        <\/div>\n                                \n                                <\/div>   \n                            <\/blockquote>                    \n                        <\/a>\n                                            <a href=\"https:\/\/protectglobal.com\/fr\/product-category\/accessoires\/\" class=\"slider-card test d-flex flex-column justify-content-end p-4 m-2 focus lazyload\" style=\"background:inherit; background-size: cover !important;\" data-bg=\"url(&#039;https:\/\/protectglobal.com\/wp-content\/uploads\/2024\/11\/accessories-1.jpg&#039;)\">\n                            <blockquote class=\"content\">   \n                                <h3 class=\"h5 font-white m-0 mb-1\">Accessoires<\/h3>\n                                <div class=\"card-cta d-flex align-items-center gap-3\">\n                                <div class=\"button-group d-none font-white d-sm-flex container-sm h-auto p-0 gap-3 d-flex justify-content-between align-items-center justify-content-md-start button tertiary\">\n                                            Trouver Accessoires                                            <div class=\"button tertiary\">\n                                                <i class=\"icon-chevron\"><\/i>\n                                            <\/div>\n                                        <\/div>\n                                \n                                <\/div>   \n                            <\/blockquote>                    \n                        <\/a>\n                                                          \n            <\/div>\n            <div class=\"navigation-dots gap-3 d-lg-none justify-content-center d-flex\"><\/div>\n            <\/div> \n    <\/section>\n","protected":false},"excerpt":{"rendered":"","protected":false},"author":2,"featured_media":7939,"parent":0,"menu_order":0,"comment_status":"closed","ping_status":"closed","template":"news.php","meta":{"_acf_changed":false,"inline_featured_image":false,"footnotes":""},"class_list":["post-2250","page","type-page","status-publish","has-post-thumbnail","hentry"],"acf":[],"yoast_head":"<!-- This site is optimized with the Yoast SEO Premium plugin v27.3 (Yoast SEO v27.3) - https:\/\/yoast.com\/product\/yoast-seo-premium-wordpress\/ -->\n<title>En savoir plus sur nous et le secteur du brouillard de s\u00e9curit\u00e9<\/title>\n<meta name=\"description\" content=\"Tenez-vous inform\u00e9s sur les annonces les plus r\u00e9centes, les lancements de produits et les actualit\u00e9s de la soci\u00e9t\u00e9 PROTECT\u2122.\" \/>\n<meta name=\"robots\" content=\"index, follow, max-snippet:-1, max-image-preview:large, max-video-preview:-1\" \/>\n<link rel=\"canonical\" href=\"https:\/\/protectglobal.com\/fr\/infos\/\" \/>\n<meta property=\"og:locale\" content=\"fr_FR\" \/>\n<meta property=\"og:type\" content=\"article\" \/>\n<meta property=\"og:title\" content=\"Infos\" \/>\n<meta property=\"og:description\" content=\"Tenez-vous inform\u00e9s sur les annonces les plus r\u00e9centes, les lancements de produits et les actualit\u00e9s de la soci\u00e9t\u00e9 PROTECT\u2122.\" \/>\n<meta property=\"og:url\" content=\"https:\/\/protectglobal.com\/fr\/infos\/\" \/>\n<meta property=\"og:site_name\" content=\"Canons \u00e0 brouillard PROTECT\u2122\" \/>\n<meta property=\"article:publisher\" content=\"https:\/\/www.facebook.com\/PROTECTFogCannon\/\" \/>\n<meta property=\"article:modified_time\" content=\"2025-01-21T12:07:13+00:00\" \/>\n<meta property=\"og:image\" content=\"https:\/\/protectglobal.com\/wp-content\/uploads\/2024\/05\/get-in-touch-_-download-center-_-solutions-_template_.jpg\" \/>\n\t<meta property=\"og:image:width\" content=\"1920\" \/>\n\t<meta property=\"og:image:height\" content=\"677\" \/>\n\t<meta property=\"og:image:type\" content=\"image\/jpeg\" \/>\n<meta name=\"twitter:card\" content=\"summary_large_image\" \/>\n<meta name=\"twitter:site\" content=\"@PROTECTFOG\" \/>\n<meta name=\"twitter:label1\" content=\"Dur\u00e9e de lecture estim\u00e9e\" \/>\n\t<meta name=\"twitter:data1\" content=\"1 minute\" \/>\n<script type=\"application\/ld+json\" class=\"yoast-schema-graph\">{\"@context\":\"https:\\\/\\\/schema.org\",\"@graph\":[{\"@type\":\"WebPage\",\"@id\":\"https:\\\/\\\/protectglobal.com\\\/fr\\\/infos\\\/\",\"url\":\"https:\\\/\\\/protectglobal.com\\\/fr\\\/infos\\\/\",\"name\":\"En savoir plus sur nous et le secteur du brouillard de s\u00e9curit\u00e9\",\"isPartOf\":{\"@id\":\"https:\\\/\\\/protectglobal.com\\\/fr\\\/#website\"},\"primaryImageOfPage\":{\"@id\":\"https:\\\/\\\/protectglobal.com\\\/fr\\\/infos\\\/#primaryimage\"},\"image\":{\"@id\":\"https:\\\/\\\/protectglobal.com\\\/fr\\\/infos\\\/#primaryimage\"},\"thumbnailUrl\":\"https:\\\/\\\/protectglobal.com\\\/wp-content\\\/uploads\\\/2024\\\/05\\\/get-in-touch-_-download-center-_-solutions-_template_.jpg\",\"datePublished\":\"2023-10-11T08:17:57+00:00\",\"dateModified\":\"2025-01-21T12:07:13+00:00\",\"description\":\"Tenez-vous inform\u00e9s sur les annonces les plus r\u00e9centes, les lancements de produits et les actualit\u00e9s de la soci\u00e9t\u00e9 PROTECT\u2122.\",\"breadcrumb\":{\"@id\":\"https:\\\/\\\/protectglobal.com\\\/fr\\\/infos\\\/#breadcrumb\"},\"inLanguage\":\"fr-FR\",\"potentialAction\":[{\"@type\":\"ReadAction\",\"target\":[\"https:\\\/\\\/protectglobal.com\\\/fr\\\/infos\\\/\"]}]},{\"@type\":\"ImageObject\",\"inLanguage\":\"fr-FR\",\"@id\":\"https:\\\/\\\/protectglobal.com\\\/fr\\\/infos\\\/#primaryimage\",\"url\":\"https:\\\/\\\/protectglobal.com\\\/wp-content\\\/uploads\\\/2024\\\/05\\\/get-in-touch-_-download-center-_-solutions-_template_.jpg\",\"contentUrl\":\"https:\\\/\\\/protectglobal.com\\\/wp-content\\\/uploads\\\/2024\\\/05\\\/get-in-touch-_-download-center-_-solutions-_template_.jpg\",\"width\":1920,\"height\":677},{\"@type\":\"BreadcrumbList\",\"@id\":\"https:\\\/\\\/protectglobal.com\\\/fr\\\/infos\\\/#breadcrumb\",\"itemListElement\":[{\"@type\":\"ListItem\",\"position\":1,\"name\":\"Hjem\",\"item\":\"https:\\\/\\\/protectglobal.com\\\/fr\\\/\"},{\"@type\":\"ListItem\",\"position\":2,\"name\":\"Infos\"}]},{\"@type\":\"WebSite\",\"@id\":\"https:\\\/\\\/protectglobal.com\\\/fr\\\/#website\",\"url\":\"https:\\\/\\\/protectglobal.com\\\/fr\\\/\",\"name\":\"PROTECT Fog Cannons\u2122\",\"description\":\"\",\"publisher\":{\"@id\":\"https:\\\/\\\/protectglobal.com\\\/fr\\\/#organization\"},\"potentialAction\":[{\"@type\":\"SearchAction\",\"target\":{\"@type\":\"EntryPoint\",\"urlTemplate\":\"https:\\\/\\\/protectglobal.com\\\/fr\\\/?s={search_term_string}\"},\"query-input\":{\"@type\":\"PropertyValueSpecification\",\"valueRequired\":true,\"valueName\":\"search_term_string\"}}],\"inLanguage\":\"fr-FR\"},{\"@type\":\"Organization\",\"@id\":\"https:\\\/\\\/protectglobal.com\\\/fr\\\/#organization\",\"name\":\"PROTECT Fog Cannons\u2122\",\"url\":\"https:\\\/\\\/protectglobal.com\\\/fr\\\/\",\"logo\":{\"@type\":\"ImageObject\",\"inLanguage\":\"fr-FR\",\"@id\":\"https:\\\/\\\/protectglobal.com\\\/fr\\\/#\\\/schema\\\/logo\\\/image\\\/\",\"url\":\"https:\\\/\\\/protectglobal.com\\\/wp-content\\\/uploads\\\/2023\\\/10\\\/logo.svg\",\"contentUrl\":\"https:\\\/\\\/protectglobal.com\\\/wp-content\\\/uploads\\\/2023\\\/10\\\/logo.svg\",\"width\":90,\"height\":40,\"caption\":\"PROTECT Fog Cannons\u2122\"},\"image\":{\"@id\":\"https:\\\/\\\/protectglobal.com\\\/fr\\\/#\\\/schema\\\/logo\\\/image\\\/\"},\"sameAs\":[\"https:\\\/\\\/www.facebook.com\\\/PROTECTFogCannon\\\/\",\"https:\\\/\\\/x.com\\\/PROTECTFOG\",\"https:\\\/\\\/www.linkedin.com\\\/company\\\/protect-a-s\\\/\",\"https:\\\/\\\/www.youtube.com\\\/user\\\/PROTECTFogCannon\"],\"description\":\"PROTECT\u2122 specializes in security fog solutions, protecting valuables in retail, banks, warehouses any many other industries across more than 50 countries. With over 175,000 fog cannons installed, our systems fill rooms with dense fog in seconds, deterring burglars and preventing theft. We focus on providing reliable, durable, and easy-to-install solutions for enhanced security and peace of mind.\",\"email\":\"info@protectglobal.com\",\"telephone\":\"+45 8672 1881\",\"legalName\":\"PROTECT A\\\/S\",\"foundingDate\":\"2000-09-28\",\"vatID\":\"25687272\",\"numberOfEmployees\":{\"@type\":\"QuantitativeValue\",\"minValue\":\"11\",\"maxValue\":\"50\"}}]}<\/script>\n<!-- \/ Yoast SEO Premium plugin. -->","yoast_head_json":{"title":"En savoir plus sur nous et le secteur du brouillard de s\u00e9curit\u00e9","description":"Tenez-vous inform\u00e9s sur les annonces les plus r\u00e9centes, les lancements de produits et les actualit\u00e9s de la soci\u00e9t\u00e9 PROTECT\u2122.","robots":{"index":"index","follow":"follow","max-snippet":"max-snippet:-1","max-image-preview":"max-image-preview:large","max-video-preview":"max-video-preview:-1"},"canonical":"https:\/\/protectglobal.com\/fr\/infos\/","og_locale":"fr_FR","og_type":"article","og_title":"Infos","og_description":"Tenez-vous inform\u00e9s sur les annonces les plus r\u00e9centes, les lancements de produits et les actualit\u00e9s de la soci\u00e9t\u00e9 PROTECT\u2122.","og_url":"https:\/\/protectglobal.com\/fr\/infos\/","og_site_name":"Canons \u00e0 brouillard PROTECT\u2122","article_publisher":"https:\/\/www.facebook.com\/PROTECTFogCannon\/","article_modified_time":"2025-01-21T12:07:13+00:00","og_image":[{"width":1920,"height":677,"url":"https:\/\/protectglobal.com\/wp-content\/uploads\/2024\/05\/get-in-touch-_-download-center-_-solutions-_template_.jpg","type":"image\/jpeg"}],"twitter_card":"summary_large_image","twitter_site":"@PROTECTFOG","twitter_misc":{"Dur\u00e9e de lecture estim\u00e9e":"1 minute"},"schema":{"@context":"https:\/\/schema.org","@graph":[{"@type":"WebPage","@id":"https:\/\/protectglobal.com\/fr\/infos\/","url":"https:\/\/protectglobal.com\/fr\/infos\/","name":"En savoir plus sur nous et le secteur du brouillard de s\u00e9curit\u00e9","isPartOf":{"@id":"https:\/\/protectglobal.com\/fr\/#website"},"primaryImageOfPage":{"@id":"https:\/\/protectglobal.com\/fr\/infos\/#primaryimage"},"image":{"@id":"https:\/\/protectglobal.com\/fr\/infos\/#primaryimage"},"thumbnailUrl":"https:\/\/protectglobal.com\/wp-content\/uploads\/2024\/05\/get-in-touch-_-download-center-_-solutions-_template_.jpg","datePublished":"2023-10-11T08:17:57+00:00","dateModified":"2025-01-21T12:07:13+00:00","description":"Tenez-vous inform\u00e9s sur les annonces les plus r\u00e9centes, les lancements de produits et les actualit\u00e9s de la soci\u00e9t\u00e9 PROTECT\u2122.","breadcrumb":{"@id":"https:\/\/protectglobal.com\/fr\/infos\/#breadcrumb"},"inLanguage":"fr-FR","potentialAction":[{"@type":"ReadAction","target":["https:\/\/protectglobal.com\/fr\/infos\/"]}]},{"@type":"ImageObject","inLanguage":"fr-FR","@id":"https:\/\/protectglobal.com\/fr\/infos\/#primaryimage","url":"https:\/\/protectglobal.com\/wp-content\/uploads\/2024\/05\/get-in-touch-_-download-center-_-solutions-_template_.jpg","contentUrl":"https:\/\/protectglobal.com\/wp-content\/uploads\/2024\/05\/get-in-touch-_-download-center-_-solutions-_template_.jpg","width":1920,"height":677},{"@type":"BreadcrumbList","@id":"https:\/\/protectglobal.com\/fr\/infos\/#breadcrumb","itemListElement":[{"@type":"ListItem","position":1,"name":"Hjem","item":"https:\/\/protectglobal.com\/fr\/"},{"@type":"ListItem","position":2,"name":"Infos"}]},{"@type":"WebSite","@id":"https:\/\/protectglobal.com\/fr\/#website","url":"https:\/\/protectglobal.com\/fr\/","name":"PROTECT Fog Cannons\u2122","description":"","publisher":{"@id":"https:\/\/protectglobal.com\/fr\/#organization"},"potentialAction":[{"@type":"SearchAction","target":{"@type":"EntryPoint","urlTemplate":"https:\/\/protectglobal.com\/fr\/?s={search_term_string}"},"query-input":{"@type":"PropertyValueSpecification","valueRequired":true,"valueName":"search_term_string"}}],"inLanguage":"fr-FR"},{"@type":"Organization","@id":"https:\/\/protectglobal.com\/fr\/#organization","name":"PROTECT Fog Cannons\u2122","url":"https:\/\/protectglobal.com\/fr\/","logo":{"@type":"ImageObject","inLanguage":"fr-FR","@id":"https:\/\/protectglobal.com\/fr\/#\/schema\/logo\/image\/","url":"https:\/\/protectglobal.com\/wp-content\/uploads\/2023\/10\/logo.svg","contentUrl":"https:\/\/protectglobal.com\/wp-content\/uploads\/2023\/10\/logo.svg","width":90,"height":40,"caption":"PROTECT Fog Cannons\u2122"},"image":{"@id":"https:\/\/protectglobal.com\/fr\/#\/schema\/logo\/image\/"},"sameAs":["https:\/\/www.facebook.com\/PROTECTFogCannon\/","https:\/\/x.com\/PROTECTFOG","https:\/\/www.linkedin.com\/company\/protect-a-s\/","https:\/\/www.youtube.com\/user\/PROTECTFogCannon"],"description":"PROTECT\u2122 specializes in security fog solutions, protecting valuables in retail, banks, warehouses any many other industries across more than 50 countries. With over 175,000 fog cannons installed, our systems fill rooms with dense fog in seconds, deterring burglars and preventing theft. We focus on providing reliable, durable, and easy-to-install solutions for enhanced security and peace of mind.","email":"info@protectglobal.com","telephone":"+45 8672 1881","legalName":"PROTECT A\/S","foundingDate":"2000-09-28","vatID":"25687272","numberOfEmployees":{"@type":"QuantitativeValue","minValue":"11","maxValue":"50"}}]}},"_links":{"self":[{"href":"https:\/\/protectglobal.com\/fr\/wp-json\/wp\/v2\/pages\/2250","targetHints":{"allow":["GET"]}}],"collection":[{"href":"https:\/\/protectglobal.com\/fr\/wp-json\/wp\/v2\/pages"}],"about":[{"href":"https:\/\/protectglobal.com\/fr\/wp-json\/wp\/v2\/types\/page"}],"author":[{"embeddable":true,"href":"https:\/\/protectglobal.com\/fr\/wp-json\/wp\/v2\/users\/2"}],"replies":[{"embeddable":true,"href":"https:\/\/protectglobal.com\/fr\/wp-json\/wp\/v2\/comments?post=2250"}],"version-history":[{"count":11,"href":"https:\/\/protectglobal.com\/fr\/wp-json\/wp\/v2\/pages\/2250\/revisions"}],"predecessor-version":[{"id":22960,"href":"https:\/\/protectglobal.com\/fr\/wp-json\/wp\/v2\/pages\/2250\/revisions\/22960"}],"wp:featuredmedia":[{"embeddable":true,"href":"https:\/\/protectglobal.com\/fr\/wp-json\/wp\/v2\/media\/7939"}],"wp:attachment":[{"href":"https:\/\/protectglobal.com\/fr\/wp-json\/wp\/v2\/media?parent=2250"}],"curies":[{"name":"wp","href":"https:\/\/api.w.org\/{rel}","templated":true}]}}