{"id":2232,"date":"2023-10-11T08:17:11","date_gmt":"2023-10-11T08:17:11","guid":{"rendered":"https:\/\/protectglobal.com\/cases-page\/"},"modified":"2025-01-21T12:07:57","modified_gmt":"2025-01-21T12:07:57","slug":"etudes-de-cas","status":"publish","type":"page","link":"https:\/\/protectglobal.com\/fr\/etudes-de-cas\/","title":{"rendered":"\u00c9tudes de cas"},"content":{"rendered":"","protected":false},"excerpt":{"rendered":"","protected":false},"author":2,"featured_media":8753,"parent":0,"menu_order":0,"comment_status":"closed","ping_status":"closed","template":"cases.php","meta":{"_acf_changed":false,"inline_featured_image":false,"footnotes":""},"class_list":["post-2232","page","type-page","status-publish","has-post-thumbnail","hentry"],"acf":[],"yoast_head":"<!-- This site is optimized with the Yoast SEO Premium plugin v27.3 (Yoast SEO v27.3) - https:\/\/yoast.com\/product\/yoast-seo-premium-wordpress\/ -->\n<title>Cas PROTECT - D\u00e9couvrez des exemples dans votre secteur<\/title>\n<meta name=\"description\" content=\"D\u00e9couvrez des \u00e9tudes de cas r\u00e9els sur l\u2019utilisation des solutions PROTECT\u2122 dans les banques, bureaux, magasins et bien plus encore.\" \/>\n<meta name=\"robots\" content=\"index, follow, max-snippet:-1, max-image-preview:large, max-video-preview:-1\" \/>\n<link rel=\"canonical\" href=\"https:\/\/protectglobal.com\/fr\/etudes-de-cas\/\" \/>\n<meta property=\"og:locale\" content=\"fr_FR\" \/>\n<meta property=\"og:type\" content=\"article\" \/>\n<meta property=\"og:title\" content=\"\u00c9tudes de cas\" \/>\n<meta property=\"og:description\" content=\"D\u00e9couvrez des \u00e9tudes de cas r\u00e9els sur l\u2019utilisation des solutions PROTECT\u2122 dans les banques, bureaux, magasins et bien plus encore.\" \/>\n<meta property=\"og:url\" content=\"https:\/\/protectglobal.com\/fr\/etudes-de-cas\/\" \/>\n<meta property=\"og:site_name\" content=\"Canons \u00e0 brouillard PROTECT\u2122\" \/>\n<meta property=\"article:publisher\" content=\"https:\/\/www.facebook.com\/PROTECTFogCannon\/\" \/>\n<meta property=\"article:modified_time\" content=\"2025-01-21T12:07:57+00:00\" \/>\n<meta property=\"og:image\" content=\"https:\/\/protectglobal.com\/wp-content\/uploads\/2024\/05\/artboard-10-copy-3.png\" \/>\n\t<meta property=\"og:image:width\" content=\"1921\" \/>\n\t<meta property=\"og:image:height\" content=\"678\" \/>\n\t<meta property=\"og:image:type\" content=\"image\/png\" \/>\n<meta name=\"twitter:card\" content=\"summary_large_image\" \/>\n<meta name=\"twitter:site\" content=\"@PROTECTFOG\" \/>\n<meta name=\"twitter:label1\" content=\"Dur\u00e9e de lecture estim\u00e9e\" \/>\n\t<meta name=\"twitter:data1\" content=\"1 minute\" \/>\n<script type=\"application\/ld+json\" class=\"yoast-schema-graph\">{\"@context\":\"https:\\\/\\\/schema.org\",\"@graph\":[{\"@type\":\"WebPage\",\"@id\":\"https:\\\/\\\/protectglobal.com\\\/fr\\\/etudes-de-cas\\\/\",\"url\":\"https:\\\/\\\/protectglobal.com\\\/fr\\\/etudes-de-cas\\\/\",\"name\":\"Cas PROTECT - D\u00e9couvrez des exemples dans votre secteur\",\"isPartOf\":{\"@id\":\"https:\\\/\\\/protectglobal.com\\\/fr\\\/#website\"},\"primaryImageOfPage\":{\"@id\":\"https:\\\/\\\/protectglobal.com\\\/fr\\\/etudes-de-cas\\\/#primaryimage\"},\"image\":{\"@id\":\"https:\\\/\\\/protectglobal.com\\\/fr\\\/etudes-de-cas\\\/#primaryimage\"},\"thumbnailUrl\":\"https:\\\/\\\/protectglobal.com\\\/wp-content\\\/uploads\\\/2024\\\/05\\\/artboard-10-copy-3.png\",\"datePublished\":\"2023-10-11T08:17:11+00:00\",\"dateModified\":\"2025-01-21T12:07:57+00:00\",\"description\":\"D\u00e9couvrez des \u00e9tudes de cas r\u00e9els sur l\u2019utilisation des solutions PROTECT\u2122 dans les banques, bureaux, magasins et bien plus encore.\",\"breadcrumb\":{\"@id\":\"https:\\\/\\\/protectglobal.com\\\/fr\\\/etudes-de-cas\\\/#breadcrumb\"},\"inLanguage\":\"fr-FR\",\"potentialAction\":[{\"@type\":\"ReadAction\",\"target\":[\"https:\\\/\\\/protectglobal.com\\\/fr\\\/etudes-de-cas\\\/\"]}]},{\"@type\":\"ImageObject\",\"inLanguage\":\"fr-FR\",\"@id\":\"https:\\\/\\\/protectglobal.com\\\/fr\\\/etudes-de-cas\\\/#primaryimage\",\"url\":\"https:\\\/\\\/protectglobal.com\\\/wp-content\\\/uploads\\\/2024\\\/05\\\/artboard-10-copy-3.png\",\"contentUrl\":\"https:\\\/\\\/protectglobal.com\\\/wp-content\\\/uploads\\\/2024\\\/05\\\/artboard-10-copy-3.png\",\"width\":1921,\"height\":678},{\"@type\":\"BreadcrumbList\",\"@id\":\"https:\\\/\\\/protectglobal.com\\\/fr\\\/etudes-de-cas\\\/#breadcrumb\",\"itemListElement\":[{\"@type\":\"ListItem\",\"position\":1,\"name\":\"Hjem\",\"item\":\"https:\\\/\\\/protectglobal.com\\\/fr\\\/\"},{\"@type\":\"ListItem\",\"position\":2,\"name\":\"\u00c9tudes de cas\"}]},{\"@type\":\"WebSite\",\"@id\":\"https:\\\/\\\/protectglobal.com\\\/fr\\\/#website\",\"url\":\"https:\\\/\\\/protectglobal.com\\\/fr\\\/\",\"name\":\"PROTECT Fog Cannons\u2122\",\"description\":\"\",\"publisher\":{\"@id\":\"https:\\\/\\\/protectglobal.com\\\/fr\\\/#organization\"},\"potentialAction\":[{\"@type\":\"SearchAction\",\"target\":{\"@type\":\"EntryPoint\",\"urlTemplate\":\"https:\\\/\\\/protectglobal.com\\\/fr\\\/?s={search_term_string}\"},\"query-input\":{\"@type\":\"PropertyValueSpecification\",\"valueRequired\":true,\"valueName\":\"search_term_string\"}}],\"inLanguage\":\"fr-FR\"},{\"@type\":\"Organization\",\"@id\":\"https:\\\/\\\/protectglobal.com\\\/fr\\\/#organization\",\"name\":\"PROTECT Fog Cannons\u2122\",\"url\":\"https:\\\/\\\/protectglobal.com\\\/fr\\\/\",\"logo\":{\"@type\":\"ImageObject\",\"inLanguage\":\"fr-FR\",\"@id\":\"https:\\\/\\\/protectglobal.com\\\/fr\\\/#\\\/schema\\\/logo\\\/image\\\/\",\"url\":\"https:\\\/\\\/protectglobal.com\\\/wp-content\\\/uploads\\\/2023\\\/10\\\/logo.svg\",\"contentUrl\":\"https:\\\/\\\/protectglobal.com\\\/wp-content\\\/uploads\\\/2023\\\/10\\\/logo.svg\",\"width\":90,\"height\":40,\"caption\":\"PROTECT Fog Cannons\u2122\"},\"image\":{\"@id\":\"https:\\\/\\\/protectglobal.com\\\/fr\\\/#\\\/schema\\\/logo\\\/image\\\/\"},\"sameAs\":[\"https:\\\/\\\/www.facebook.com\\\/PROTECTFogCannon\\\/\",\"https:\\\/\\\/x.com\\\/PROTECTFOG\",\"https:\\\/\\\/www.linkedin.com\\\/company\\\/protect-a-s\\\/\",\"https:\\\/\\\/www.youtube.com\\\/user\\\/PROTECTFogCannon\"],\"description\":\"PROTECT\u2122 specializes in security fog solutions, protecting valuables in retail, banks, warehouses any many other industries across more than 50 countries. With over 175,000 fog cannons installed, our systems fill rooms with dense fog in seconds, deterring burglars and preventing theft. We focus on providing reliable, durable, and easy-to-install solutions for enhanced security and peace of mind.\",\"email\":\"info@protectglobal.com\",\"telephone\":\"+45 8672 1881\",\"legalName\":\"PROTECT A\\\/S\",\"foundingDate\":\"2000-09-28\",\"vatID\":\"25687272\",\"numberOfEmployees\":{\"@type\":\"QuantitativeValue\",\"minValue\":\"11\",\"maxValue\":\"50\"}}]}<\/script>\n<!-- \/ Yoast SEO Premium plugin. -->","yoast_head_json":{"title":"Cas PROTECT - D\u00e9couvrez des exemples dans votre secteur","description":"D\u00e9couvrez des \u00e9tudes de cas r\u00e9els sur l\u2019utilisation des solutions PROTECT\u2122 dans les banques, bureaux, magasins et bien plus encore.","robots":{"index":"index","follow":"follow","max-snippet":"max-snippet:-1","max-image-preview":"max-image-preview:large","max-video-preview":"max-video-preview:-1"},"canonical":"https:\/\/protectglobal.com\/fr\/etudes-de-cas\/","og_locale":"fr_FR","og_type":"article","og_title":"\u00c9tudes de cas","og_description":"D\u00e9couvrez des \u00e9tudes de cas r\u00e9els sur l\u2019utilisation des solutions PROTECT\u2122 dans les banques, bureaux, magasins et bien plus encore.","og_url":"https:\/\/protectglobal.com\/fr\/etudes-de-cas\/","og_site_name":"Canons \u00e0 brouillard PROTECT\u2122","article_publisher":"https:\/\/www.facebook.com\/PROTECTFogCannon\/","article_modified_time":"2025-01-21T12:07:57+00:00","og_image":[{"width":1921,"height":678,"url":"https:\/\/protectglobal.com\/wp-content\/uploads\/2024\/05\/artboard-10-copy-3.png","type":"image\/png"}],"twitter_card":"summary_large_image","twitter_site":"@PROTECTFOG","twitter_misc":{"Dur\u00e9e de lecture estim\u00e9e":"1 minute"},"schema":{"@context":"https:\/\/schema.org","@graph":[{"@type":"WebPage","@id":"https:\/\/protectglobal.com\/fr\/etudes-de-cas\/","url":"https:\/\/protectglobal.com\/fr\/etudes-de-cas\/","name":"Cas PROTECT - D\u00e9couvrez des exemples dans votre secteur","isPartOf":{"@id":"https:\/\/protectglobal.com\/fr\/#website"},"primaryImageOfPage":{"@id":"https:\/\/protectglobal.com\/fr\/etudes-de-cas\/#primaryimage"},"image":{"@id":"https:\/\/protectglobal.com\/fr\/etudes-de-cas\/#primaryimage"},"thumbnailUrl":"https:\/\/protectglobal.com\/wp-content\/uploads\/2024\/05\/artboard-10-copy-3.png","datePublished":"2023-10-11T08:17:11+00:00","dateModified":"2025-01-21T12:07:57+00:00","description":"D\u00e9couvrez des \u00e9tudes de cas r\u00e9els sur l\u2019utilisation des solutions PROTECT\u2122 dans les banques, bureaux, magasins et bien plus encore.","breadcrumb":{"@id":"https:\/\/protectglobal.com\/fr\/etudes-de-cas\/#breadcrumb"},"inLanguage":"fr-FR","potentialAction":[{"@type":"ReadAction","target":["https:\/\/protectglobal.com\/fr\/etudes-de-cas\/"]}]},{"@type":"ImageObject","inLanguage":"fr-FR","@id":"https:\/\/protectglobal.com\/fr\/etudes-de-cas\/#primaryimage","url":"https:\/\/protectglobal.com\/wp-content\/uploads\/2024\/05\/artboard-10-copy-3.png","contentUrl":"https:\/\/protectglobal.com\/wp-content\/uploads\/2024\/05\/artboard-10-copy-3.png","width":1921,"height":678},{"@type":"BreadcrumbList","@id":"https:\/\/protectglobal.com\/fr\/etudes-de-cas\/#breadcrumb","itemListElement":[{"@type":"ListItem","position":1,"name":"Hjem","item":"https:\/\/protectglobal.com\/fr\/"},{"@type":"ListItem","position":2,"name":"\u00c9tudes de cas"}]},{"@type":"WebSite","@id":"https:\/\/protectglobal.com\/fr\/#website","url":"https:\/\/protectglobal.com\/fr\/","name":"PROTECT Fog Cannons\u2122","description":"","publisher":{"@id":"https:\/\/protectglobal.com\/fr\/#organization"},"potentialAction":[{"@type":"SearchAction","target":{"@type":"EntryPoint","urlTemplate":"https:\/\/protectglobal.com\/fr\/?s={search_term_string}"},"query-input":{"@type":"PropertyValueSpecification","valueRequired":true,"valueName":"search_term_string"}}],"inLanguage":"fr-FR"},{"@type":"Organization","@id":"https:\/\/protectglobal.com\/fr\/#organization","name":"PROTECT Fog Cannons\u2122","url":"https:\/\/protectglobal.com\/fr\/","logo":{"@type":"ImageObject","inLanguage":"fr-FR","@id":"https:\/\/protectglobal.com\/fr\/#\/schema\/logo\/image\/","url":"https:\/\/protectglobal.com\/wp-content\/uploads\/2023\/10\/logo.svg","contentUrl":"https:\/\/protectglobal.com\/wp-content\/uploads\/2023\/10\/logo.svg","width":90,"height":40,"caption":"PROTECT Fog Cannons\u2122"},"image":{"@id":"https:\/\/protectglobal.com\/fr\/#\/schema\/logo\/image\/"},"sameAs":["https:\/\/www.facebook.com\/PROTECTFogCannon\/","https:\/\/x.com\/PROTECTFOG","https:\/\/www.linkedin.com\/company\/protect-a-s\/","https:\/\/www.youtube.com\/user\/PROTECTFogCannon"],"description":"PROTECT\u2122 specializes in security fog solutions, protecting valuables in retail, banks, warehouses any many other industries across more than 50 countries. With over 175,000 fog cannons installed, our systems fill rooms with dense fog in seconds, deterring burglars and preventing theft. We focus on providing reliable, durable, and easy-to-install solutions for enhanced security and peace of mind.","email":"info@protectglobal.com","telephone":"+45 8672 1881","legalName":"PROTECT A\/S","foundingDate":"2000-09-28","vatID":"25687272","numberOfEmployees":{"@type":"QuantitativeValue","minValue":"11","maxValue":"50"}}]}},"_links":{"self":[{"href":"https:\/\/protectglobal.com\/fr\/wp-json\/wp\/v2\/pages\/2232","targetHints":{"allow":["GET"]}}],"collection":[{"href":"https:\/\/protectglobal.com\/fr\/wp-json\/wp\/v2\/pages"}],"about":[{"href":"https:\/\/protectglobal.com\/fr\/wp-json\/wp\/v2\/types\/page"}],"author":[{"embeddable":true,"href":"https:\/\/protectglobal.com\/fr\/wp-json\/wp\/v2\/users\/2"}],"replies":[{"embeddable":true,"href":"https:\/\/protectglobal.com\/fr\/wp-json\/wp\/v2\/comments?post=2232"}],"version-history":[{"count":7,"href":"https:\/\/protectglobal.com\/fr\/wp-json\/wp\/v2\/pages\/2232\/revisions"}],"predecessor-version":[{"id":22961,"href":"https:\/\/protectglobal.com\/fr\/wp-json\/wp\/v2\/pages\/2232\/revisions\/22961"}],"wp:featuredmedia":[{"embeddable":true,"href":"https:\/\/protectglobal.com\/fr\/wp-json\/wp\/v2\/media\/8753"}],"wp:attachment":[{"href":"https:\/\/protectglobal.com\/fr\/wp-json\/wp\/v2\/media?parent=2232"}],"curies":[{"name":"wp","href":"https:\/\/api.w.org\/{rel}","templated":true}]}}