{"id":16373,"date":"2024-06-11T08:12:37","date_gmt":"2024-06-11T08:12:37","guid":{"rendered":"https:\/\/protectglobal.com\/service\/"},"modified":"2025-01-21T10:38:14","modified_gmt":"2025-01-21T10:38:14","slug":"service","status":"publish","type":"page","link":"https:\/\/protectglobal.com\/fr\/service\/","title":{"rendered":"Service"},"content":{"rendered":"\n\n\n\n    <div class=\"two-col-layout-block custom-block white py-5\" style=\"\">\n        <div class=\"container py-xxl-5\" data-aos=\"fade-in\">\n            <div class=\"row gap-4 m-auto py-xxl-5 \">\n                <blockquote class=\"col-sm p-0 m-0 content white\">\n                    <div class=\"heading-section\"> \n                                                                            <blockquote class=\"heading h2 mb-4\"><h2>Entretien annuel<\/h2>\n<\/blockquote>\n                                            <\/div>\n                                            <div class=\"col-md mobile-image d-lg-none my-4\">\n                            <img decoding=\"async\" class=\"rounder lazyload\" data-src=\"https:\/\/protectglobal.com\/wp-content\/uploads\/2024\/04\/montering-af-maskine-frame-at-0m7s-1024x576.jpg\" alt=\"fog cannon installation\" src=\"data:image\/svg+xml;base64,PHN2ZyB3aWR0aD0iMSIgaGVpZ2h0PSIxIiB4bWxucz0iaHR0cDovL3d3dy53My5vcmcvMjAwMC9zdmciPjwvc3ZnPg==\" style=\"--smush-placeholder-width: 1024px; --smush-placeholder-aspect-ratio: 1024\/576;\">       \n                        <\/div>\n                           \n                                            <div class=\"body-text\"><p>La fiabilit\u00e9 est essentielle pour l\u2019efficacit\u00e9 de votre syst\u00e8me de s\u00e9curit\u00e9, votre sentiment de s\u00e9curit\u00e9 et les cons\u00e9quences financi\u00e8res en cas de cambriolage. Il est donc important de conclure un contrat d\u2019entretien et d\u2019assistance pour l\u2019installation du g\u00e9n\u00e9rateur de brouillard avec un installateur d\u2019alarme agr\u00e9\u00e9.<\/p>\n<p>&nbsp;<\/p>\n<p>Si un d\u00e9faut survient soudainement ou si le r\u00e9servoir de liquide doit \u00eatre remplac\u00e9, vous devez contacter un installateur d\u2019alarme agr\u00e9\u00e9 (en g\u00e9n\u00e9ral, celui qui vous a fourni le g\u00e9n\u00e9rateur de brouillard). PROTECT\u2122 vous recommande un contr\u00f4le de l\u2019installation du g\u00e9n\u00e9rateur de brouillard une fois par an.<\/p>\n<\/div>\n                    \n                                            <div class=\"button-group container-sm d-sm-flex gap-3 h-auto my-4 p-0\">  \n                            <a href=\"https:\/\/protectglobal.com\/fr\/download\/service-checklist\/\" class=\"d-flex gap-3 justify-content-center justify-content-md-start button align-items-center primary\" target=\"_blank\">\n       Lire la liste de contr\u00f4le du service       <i class=\"icon-chevron\"><\/i>\n    <\/a>\n                        <\/div>\n                                                        <\/blockquote>\n                                    <div  class=\"col-lg-7 d-none d-lg-block desktop-image p-0 m-0 \">\n                        <img decoding=\"async\" class=\"rounder lazyload\" data-src=\"https:\/\/protectglobal.com\/wp-content\/uploads\/2024\/04\/montering-af-maskine-frame-at-0m7s-1024x576.jpg\" alt=\"fog cannon installation\" src=\"data:image\/svg+xml;base64,PHN2ZyB3aWR0aD0iMSIgaGVpZ2h0PSIxIiB4bWxucz0iaHR0cDovL3d3dy53My5vcmcvMjAwMC9zdmciPjwvc3ZnPg==\" style=\"--smush-placeholder-width: 1024px; --smush-placeholder-aspect-ratio: 1024\/576;\">\n                        <i class=\"image-graphic d-none white\"><\/i>       \n                    <\/div>\n                       \n            <\/div>\n        <\/div>\n    <\/div>\n\n\n\n\n\n\n\n    <div class=\"two-column-list-block black-bg custom-block p-3 py-5 p-3\" style=\"\">\n        <section class=\"list-columns-wrapper container \" data-aos=\"fade-in\">\n\n\t\t\t\t\t\t\t<div class=\"font-white mb-4\"><h4>Une op\u00e9ration d\u2019entretien consiste g\u00e9n\u00e9ralement en :<\/h4>\n<\/div>\n\t\t\t\n\t\t\t<blockquote class=\"d-lg-flex flex-row-reverse justify-content-between\">\n\n                <div class=\"list-col-1\">\n                                                <ul class=\"m-0 p-0\">\n                                \n                                    <li class=\"font-white check custom-list\"><p>Essai \u00e0 grande \u00e9chelle, au cours duquel l\u2019interaction avec tous les syst\u00e8mes est test\u00e9e (notamment un \u00e9ventuel syst\u00e8me d\u2019alarme incendie)<\/p>\n<\/li>\n\n                                \n                                    <li class=\"font-white check custom-list\"><p>Inspection visuelle de la buse (est-elle intacte et exempte de corps \u00e9trangers ?)<\/p>\n<\/li>\n\n                                \n                                    <li class=\"font-white check custom-list\"><p>Contr\u00f4le des interrupteurs anti-sabotage<\/p>\n<\/li>\n\n                                                            <\/ul>\n                        \n\n                                    <\/div>\n                <div class=\"list-col-2\">\n                                                <ul class=\"m-0 p-0\">\n                                \n                                    <li class=\"font-white check custom-list\"><p>Contr\u00f4le de la capacit\u00e9 de charge et de l\u2019\u00e2ge de la batterie (les batteries de 2 ans ou plus doivent toujours \u00eatre remplac\u00e9es)<\/p>\n<\/li>\n\n                                \n                                    <li class=\"font-white check custom-list\"><p>Contr\u00f4le des \u00e9ventuels messages d\u2019erreur sur le g\u00e9n\u00e9rateur de brouillard<\/p>\n<\/li>\n\n                                \n                                    <li class=\"font-white check custom-list\"><p>Contr\u00f4le du capteur de v\u00e9rification<\/p>\n<\/li>\n\n                                \n                                    <li class=\"font-white check custom-list\"><p>Inspection visuelle du liquide de brouillard. S\u2019il est d\u00e9color\u00e9, le liquide de brouillard doit \u00eatre remplac\u00e9. <\/p>\n<\/li>\n\n                                                            <\/ul>\n                        \n\n                                    <\/div>\n\n\n            <\/blockquote>\n\n        <\/section>\n    <\/div>\n\n\n\n\n\n                <section class=\"pb-5 two-column-cards\">\n            <div class=\"container py-xxl-5 py-5\" data-aos=\"fade-in\">\n                <div class=\"row pt-5 row-cols-1\">\n                    <h2>Entretien et maintenance faciles<\/h2>\n                <\/div>\n                <div class=\"row row-cols-1 row-cols-md-2 row-gap-4\">\n                                        <div class=\"\" data-aos=\"fade-in\">\n                        <a class=\"card d-flex flex-column justify-content-end p-4 position-relative lazyload\" target=\"_blank\" href=\"https:\/\/protectglobal.com\/fr\/assistance-technique-pour-les-installateurs\/\" style=\"border: none; background:inherit;\" data-bg=\"linear-gradient(180deg, rgba(0, 0, 0, 0.00) 0%, #000 100%), url(https:\/\/protectglobal.com\/wp-content\/uploads\/2024\/03\/montering-af-maskine-frame-at-0m17s-1024x576.jpg), lightgray 50% \/ cover no-repeat\">\n                            <blockquote>\n                                <div class=\"article-description\">\n                                    <div class=\"title\">\n                                        <h3 class=\"fs-5 font-white\">Assistance technique pour les installateurs<\/h3>\n                                    <\/div>\n                                    <p class=\"fs-6 font-white\">La fiabilit\u00e9 est cruciale pour l\u2019efficacit\u00e9 de votre syst\u00e8me de s\u00e9curit\u00e9, votre sentiment de s\u00e9curit\u00e9 et les cons\u00e9quences financi\u00e8res en cas de cambriolage.<\/p>\n                                    \n                                    <div class=\"button-group font-white d-flex container-sm mt-3 h-auto p-0 gap-3 d-flex justify-content-between align-items-center justify-content-md-start button tertiary\">\n                                        Assistance technique pour les installateurs \n                                        <div class=\"button tertiary\">\n                                            <i class=\"icon-chevron\"><\/i>\n                                        <\/div>\n                                    <\/div>\n                                <\/div>\n                            <\/blockquote>\n                        <\/a>\n                    <\/div>\n                                        <div class=\"\" data-aos=\"fade-in\">\n                        <a class=\"card d-flex flex-column justify-content-end p-4 position-relative lazyload\" target=\"_blank\" href=\"https:\/\/protectglobal.com\/fr\/product\/protect-intellicloud\/\" style=\"border: none; background:inherit;\" data-bg=\"linear-gradient(180deg, rgba(0, 0, 0, 0.00) 0%, #000 100%), url(https:\/\/protectglobal.com\/wp-content\/uploads\/2024\/05\/pc-med-intellicloud.jpg), lightgray 50% \/ cover no-repeat\">\n                            <blockquote>\n                                <div class=\"article-description\">\n                                    <div class=\"title\">\n                                        <h3 class=\"fs-5 font-white\">Nouvel outil de reporting pour l\u2019entretien<\/h3>\n                                    <\/div>\n                                    <p class=\"fs-6 font-white\">Avec IntelliCloud\u2122, vous pouvez surveiller \u00e0 distance vos g\u00e9n\u00e9rateurs de brouillard avec n\u2019importe quel appareil, depuis n\u2019importe o\u00f9.<\/p>\n                                    \n                                    <div class=\"button-group font-white d-flex container-sm mt-3 h-auto p-0 gap-3 d-flex justify-content-between align-items-center justify-content-md-start button tertiary\">\n                                        PROTECT IntelliCloud\u2122 \n                                        <div class=\"button tertiary\">\n                                            <i class=\"icon-chevron\"><\/i>\n                                        <\/div>\n                                    <\/div>\n                                <\/div>\n                            <\/blockquote>\n                        <\/a>\n                    <\/div>\n                                        <div class=\"\" data-aos=\"fade-in\">\n                        <a class=\"card d-flex flex-column justify-content-end p-4 position-relative lazyload\" target=\"_blank\" href=\"https:\/\/protectglobal.com\/fr\/maintenance\/\" style=\"border: none; background:inherit;\" data-bg=\"linear-gradient(180deg, rgba(0, 0, 0, 0.00) 0%, #000 100%), url(https:\/\/protectglobal.com\/wp-content\/uploads\/2024\/07\/montering-af-maskine-frame-at-0m39s-1024x576.jpg), lightgray 50% \/ cover no-repeat\">\n                            <blockquote>\n                                <div class=\"article-description\">\n                                    <div class=\"title\">\n                                        <h3 class=\"fs-5 font-white\">Maintenance<\/h3>\n                                    <\/div>\n                                    <p class=\"fs-6 font-white\">Un g\u00e9n\u00e9rateur de brouillard PROTECT n\u00e9cessite une maintenance minimale.<\/p>\n                                    \n                                    <div class=\"button-group font-white d-flex container-sm mt-3 h-auto p-0 gap-3 d-flex justify-content-between align-items-center justify-content-md-start button tertiary\">\n                                        Maintenance \n                                        <div class=\"button tertiary\">\n                                            <i class=\"icon-chevron\"><\/i>\n                                        <\/div>\n                                    <\/div>\n                                <\/div>\n                            <\/blockquote>\n                        <\/a>\n                    <\/div>\n                                        <div class=\"\" data-aos=\"fade-in\">\n                        <a class=\"card d-flex flex-column justify-content-end p-4 position-relative lazyload\" target=\"_blank\" href=\"https:\/\/protectglobal.com\/fr\/garantie\/\" style=\"border: none; background:inherit;\" data-bg=\"linear-gradient(180deg, rgba(0, 0, 0, 0.00) 0%, #000 100%), url(https:\/\/protectglobal.com\/wp-content\/uploads\/2023\/10\/c4c5e388a3bfe162c2eab822bc3abf81.png), lightgray 50% \/ cover no-repeat\">\n                            <blockquote>\n                                <div class=\"article-description\">\n                                    <div class=\"title\">\n                                        <h3 class=\"fs-5 font-white\">Garantie<\/h3>\n                                    <\/div>\n                                    <p class=\"fs-6 font-white\">Garantie fabricant prolong\u00e9e gr\u00e2ce \u00e0 des g\u00e9n\u00e9rateurs de brouillard de haute qualit\u00e9 et sans souci.<\/p>\n                                    \n                                    <div class=\"button-group font-white d-flex container-sm mt-3 h-auto p-0 gap-3 d-flex justify-content-between align-items-center justify-content-md-start button tertiary\">\n                                        Garantie 5 ans sans frais suppl\u00e9mentaires ! \n                                        <div class=\"button tertiary\">\n                                            <i class=\"icon-chevron\"><\/i>\n                                        <\/div>\n                                    <\/div>\n                                <\/div>\n                            <\/blockquote>\n                        <\/a>\n                    <\/div>\n                                    <\/div>\n            <\/div>\n        <\/section>\n    ","protected":false},"excerpt":{"rendered":"","protected":false},"author":11,"featured_media":9442,"parent":0,"menu_order":0,"comment_status":"closed","ping_status":"closed","template":"","meta":{"_acf_changed":false,"inline_featured_image":false,"footnotes":""},"class_list":["post-16373","page","type-page","status-publish","has-post-thumbnail","hentry"],"acf":[],"yoast_head":"<!-- This site is optimized with the Yoast SEO Premium plugin v27.3 (Yoast SEO v27.3) - https:\/\/yoast.com\/product\/yoast-seo-premium-wordpress\/ -->\n<title>Service - Des canons bien entretenus pour une s\u00e9curit\u00e9 optimale<\/title>\n<meta name=\"description\" content=\"Assurez la fiabilit\u00e9 de votre Canon \u00e0 Brouillard avec un contr\u00f4le annuel par un installateur agr\u00e9\u00e9 et profitez de la garantie de 5 ans.\" \/>\n<meta name=\"robots\" content=\"index, follow, max-snippet:-1, max-image-preview:large, max-video-preview:-1\" \/>\n<link rel=\"canonical\" href=\"https:\/\/protectglobal.com\/fr\/service\/\" \/>\n<meta property=\"og:locale\" content=\"fr_FR\" \/>\n<meta property=\"og:type\" content=\"article\" \/>\n<meta property=\"og:title\" content=\"Service\" \/>\n<meta property=\"og:description\" content=\"Assurez la fiabilit\u00e9 de votre Canon \u00e0 Brouillard avec un contr\u00f4le annuel par un installateur agr\u00e9\u00e9 et profitez de la garantie de 5 ans.\" \/>\n<meta property=\"og:url\" content=\"https:\/\/protectglobal.com\/fr\/service\/\" \/>\n<meta property=\"og:site_name\" content=\"Canons \u00e0 brouillard PROTECT\u2122\" \/>\n<meta property=\"article:publisher\" content=\"https:\/\/www.facebook.com\/PROTECTFogCannon\/\" \/>\n<meta property=\"article:modified_time\" content=\"2025-01-21T10:38:14+00:00\" \/>\n<meta property=\"og:image\" content=\"https:\/\/protectglobal.com\/wp-content\/uploads\/2024\/05\/monitoring-services-v1.png\" \/>\n\t<meta property=\"og:image:width\" content=\"1734\" \/>\n\t<meta property=\"og:image:height\" content=\"2167\" \/>\n\t<meta property=\"og:image:type\" content=\"image\/png\" \/>\n<meta name=\"twitter:card\" content=\"summary_large_image\" \/>\n<meta name=\"twitter:site\" content=\"@PROTECTFOG\" \/>\n<meta name=\"twitter:label1\" content=\"Dur\u00e9e de lecture estim\u00e9e\" \/>\n\t<meta name=\"twitter:data1\" content=\"1 minute\" \/>\n<script type=\"application\/ld+json\" class=\"yoast-schema-graph\">{\"@context\":\"https:\\\/\\\/schema.org\",\"@graph\":[{\"@type\":\"WebPage\",\"@id\":\"https:\\\/\\\/protectglobal.com\\\/fr\\\/service\\\/\",\"url\":\"https:\\\/\\\/protectglobal.com\\\/fr\\\/service\\\/\",\"name\":\"Service - Des canons bien entretenus pour une s\u00e9curit\u00e9 optimale\",\"isPartOf\":{\"@id\":\"https:\\\/\\\/protectglobal.com\\\/fr\\\/#website\"},\"primaryImageOfPage\":{\"@id\":\"https:\\\/\\\/protectglobal.com\\\/fr\\\/service\\\/#primaryimage\"},\"image\":{\"@id\":\"https:\\\/\\\/protectglobal.com\\\/fr\\\/service\\\/#primaryimage\"},\"thumbnailUrl\":\"https:\\\/\\\/protectglobal.com\\\/wp-content\\\/uploads\\\/2024\\\/05\\\/monitoring-services-v1.png\",\"datePublished\":\"2024-06-11T08:12:37+00:00\",\"dateModified\":\"2025-01-21T10:38:14+00:00\",\"description\":\"Assurez la fiabilit\u00e9 de votre Canon \u00e0 Brouillard avec un contr\u00f4le annuel par un installateur agr\u00e9\u00e9 et profitez de la garantie de 5 ans.\",\"breadcrumb\":{\"@id\":\"https:\\\/\\\/protectglobal.com\\\/fr\\\/service\\\/#breadcrumb\"},\"inLanguage\":\"fr-FR\",\"potentialAction\":[{\"@type\":\"ReadAction\",\"target\":[\"https:\\\/\\\/protectglobal.com\\\/fr\\\/service\\\/\"]}]},{\"@type\":\"ImageObject\",\"inLanguage\":\"fr-FR\",\"@id\":\"https:\\\/\\\/protectglobal.com\\\/fr\\\/service\\\/#primaryimage\",\"url\":\"https:\\\/\\\/protectglobal.com\\\/wp-content\\\/uploads\\\/2024\\\/05\\\/monitoring-services-v1.png\",\"contentUrl\":\"https:\\\/\\\/protectglobal.com\\\/wp-content\\\/uploads\\\/2024\\\/05\\\/monitoring-services-v1.png\",\"width\":1734,\"height\":2167,\"caption\":\"IntelliSuite 2\"},{\"@type\":\"BreadcrumbList\",\"@id\":\"https:\\\/\\\/protectglobal.com\\\/fr\\\/service\\\/#breadcrumb\",\"itemListElement\":[{\"@type\":\"ListItem\",\"position\":1,\"name\":\"Hjem\",\"item\":\"https:\\\/\\\/protectglobal.com\\\/fr\\\/\"},{\"@type\":\"ListItem\",\"position\":2,\"name\":\"Service\"}]},{\"@type\":\"WebSite\",\"@id\":\"https:\\\/\\\/protectglobal.com\\\/fr\\\/#website\",\"url\":\"https:\\\/\\\/protectglobal.com\\\/fr\\\/\",\"name\":\"PROTECT Fog Cannons\u2122\",\"description\":\"\",\"publisher\":{\"@id\":\"https:\\\/\\\/protectglobal.com\\\/fr\\\/#organization\"},\"potentialAction\":[{\"@type\":\"SearchAction\",\"target\":{\"@type\":\"EntryPoint\",\"urlTemplate\":\"https:\\\/\\\/protectglobal.com\\\/fr\\\/?s={search_term_string}\"},\"query-input\":{\"@type\":\"PropertyValueSpecification\",\"valueRequired\":true,\"valueName\":\"search_term_string\"}}],\"inLanguage\":\"fr-FR\"},{\"@type\":\"Organization\",\"@id\":\"https:\\\/\\\/protectglobal.com\\\/fr\\\/#organization\",\"name\":\"PROTECT Fog Cannons\u2122\",\"url\":\"https:\\\/\\\/protectglobal.com\\\/fr\\\/\",\"logo\":{\"@type\":\"ImageObject\",\"inLanguage\":\"fr-FR\",\"@id\":\"https:\\\/\\\/protectglobal.com\\\/fr\\\/#\\\/schema\\\/logo\\\/image\\\/\",\"url\":\"https:\\\/\\\/protectglobal.com\\\/wp-content\\\/uploads\\\/2023\\\/10\\\/logo.svg\",\"contentUrl\":\"https:\\\/\\\/protectglobal.com\\\/wp-content\\\/uploads\\\/2023\\\/10\\\/logo.svg\",\"width\":90,\"height\":40,\"caption\":\"PROTECT Fog Cannons\u2122\"},\"image\":{\"@id\":\"https:\\\/\\\/protectglobal.com\\\/fr\\\/#\\\/schema\\\/logo\\\/image\\\/\"},\"sameAs\":[\"https:\\\/\\\/www.facebook.com\\\/PROTECTFogCannon\\\/\",\"https:\\\/\\\/x.com\\\/PROTECTFOG\",\"https:\\\/\\\/www.linkedin.com\\\/company\\\/protect-a-s\\\/\",\"https:\\\/\\\/www.youtube.com\\\/user\\\/PROTECTFogCannon\"],\"description\":\"PROTECT\u2122 specializes in security fog solutions, protecting valuables in retail, banks, warehouses any many other industries across more than 50 countries. With over 175,000 fog cannons installed, our systems fill rooms with dense fog in seconds, deterring burglars and preventing theft. We focus on providing reliable, durable, and easy-to-install solutions for enhanced security and peace of mind.\",\"email\":\"info@protectglobal.com\",\"telephone\":\"+45 8672 1881\",\"legalName\":\"PROTECT A\\\/S\",\"foundingDate\":\"2000-09-28\",\"vatID\":\"25687272\",\"numberOfEmployees\":{\"@type\":\"QuantitativeValue\",\"minValue\":\"11\",\"maxValue\":\"50\"}}]}<\/script>\n<!-- \/ Yoast SEO Premium plugin. -->","yoast_head_json":{"title":"Service - Des canons bien entretenus pour une s\u00e9curit\u00e9 optimale","description":"Assurez la fiabilit\u00e9 de votre Canon \u00e0 Brouillard avec un contr\u00f4le annuel par un installateur agr\u00e9\u00e9 et profitez de la garantie de 5 ans.","robots":{"index":"index","follow":"follow","max-snippet":"max-snippet:-1","max-image-preview":"max-image-preview:large","max-video-preview":"max-video-preview:-1"},"canonical":"https:\/\/protectglobal.com\/fr\/service\/","og_locale":"fr_FR","og_type":"article","og_title":"Service","og_description":"Assurez la fiabilit\u00e9 de votre Canon \u00e0 Brouillard avec un contr\u00f4le annuel par un installateur agr\u00e9\u00e9 et profitez de la garantie de 5 ans.","og_url":"https:\/\/protectglobal.com\/fr\/service\/","og_site_name":"Canons \u00e0 brouillard PROTECT\u2122","article_publisher":"https:\/\/www.facebook.com\/PROTECTFogCannon\/","article_modified_time":"2025-01-21T10:38:14+00:00","og_image":[{"width":1734,"height":2167,"url":"https:\/\/protectglobal.com\/wp-content\/uploads\/2024\/05\/monitoring-services-v1.png","type":"image\/png"}],"twitter_card":"summary_large_image","twitter_site":"@PROTECTFOG","twitter_misc":{"Dur\u00e9e de lecture estim\u00e9e":"1 minute"},"schema":{"@context":"https:\/\/schema.org","@graph":[{"@type":"WebPage","@id":"https:\/\/protectglobal.com\/fr\/service\/","url":"https:\/\/protectglobal.com\/fr\/service\/","name":"Service - Des canons bien entretenus pour une s\u00e9curit\u00e9 optimale","isPartOf":{"@id":"https:\/\/protectglobal.com\/fr\/#website"},"primaryImageOfPage":{"@id":"https:\/\/protectglobal.com\/fr\/service\/#primaryimage"},"image":{"@id":"https:\/\/protectglobal.com\/fr\/service\/#primaryimage"},"thumbnailUrl":"https:\/\/protectglobal.com\/wp-content\/uploads\/2024\/05\/monitoring-services-v1.png","datePublished":"2024-06-11T08:12:37+00:00","dateModified":"2025-01-21T10:38:14+00:00","description":"Assurez la fiabilit\u00e9 de votre Canon \u00e0 Brouillard avec un contr\u00f4le annuel par un installateur agr\u00e9\u00e9 et profitez de la garantie de 5 ans.","breadcrumb":{"@id":"https:\/\/protectglobal.com\/fr\/service\/#breadcrumb"},"inLanguage":"fr-FR","potentialAction":[{"@type":"ReadAction","target":["https:\/\/protectglobal.com\/fr\/service\/"]}]},{"@type":"ImageObject","inLanguage":"fr-FR","@id":"https:\/\/protectglobal.com\/fr\/service\/#primaryimage","url":"https:\/\/protectglobal.com\/wp-content\/uploads\/2024\/05\/monitoring-services-v1.png","contentUrl":"https:\/\/protectglobal.com\/wp-content\/uploads\/2024\/05\/monitoring-services-v1.png","width":1734,"height":2167,"caption":"IntelliSuite 2"},{"@type":"BreadcrumbList","@id":"https:\/\/protectglobal.com\/fr\/service\/#breadcrumb","itemListElement":[{"@type":"ListItem","position":1,"name":"Hjem","item":"https:\/\/protectglobal.com\/fr\/"},{"@type":"ListItem","position":2,"name":"Service"}]},{"@type":"WebSite","@id":"https:\/\/protectglobal.com\/fr\/#website","url":"https:\/\/protectglobal.com\/fr\/","name":"PROTECT Fog Cannons\u2122","description":"","publisher":{"@id":"https:\/\/protectglobal.com\/fr\/#organization"},"potentialAction":[{"@type":"SearchAction","target":{"@type":"EntryPoint","urlTemplate":"https:\/\/protectglobal.com\/fr\/?s={search_term_string}"},"query-input":{"@type":"PropertyValueSpecification","valueRequired":true,"valueName":"search_term_string"}}],"inLanguage":"fr-FR"},{"@type":"Organization","@id":"https:\/\/protectglobal.com\/fr\/#organization","name":"PROTECT Fog Cannons\u2122","url":"https:\/\/protectglobal.com\/fr\/","logo":{"@type":"ImageObject","inLanguage":"fr-FR","@id":"https:\/\/protectglobal.com\/fr\/#\/schema\/logo\/image\/","url":"https:\/\/protectglobal.com\/wp-content\/uploads\/2023\/10\/logo.svg","contentUrl":"https:\/\/protectglobal.com\/wp-content\/uploads\/2023\/10\/logo.svg","width":90,"height":40,"caption":"PROTECT Fog Cannons\u2122"},"image":{"@id":"https:\/\/protectglobal.com\/fr\/#\/schema\/logo\/image\/"},"sameAs":["https:\/\/www.facebook.com\/PROTECTFogCannon\/","https:\/\/x.com\/PROTECTFOG","https:\/\/www.linkedin.com\/company\/protect-a-s\/","https:\/\/www.youtube.com\/user\/PROTECTFogCannon"],"description":"PROTECT\u2122 specializes in security fog solutions, protecting valuables in retail, banks, warehouses any many other industries across more than 50 countries. With over 175,000 fog cannons installed, our systems fill rooms with dense fog in seconds, deterring burglars and preventing theft. We focus on providing reliable, durable, and easy-to-install solutions for enhanced security and peace of mind.","email":"info@protectglobal.com","telephone":"+45 8672 1881","legalName":"PROTECT A\/S","foundingDate":"2000-09-28","vatID":"25687272","numberOfEmployees":{"@type":"QuantitativeValue","minValue":"11","maxValue":"50"}}]}},"_links":{"self":[{"href":"https:\/\/protectglobal.com\/fr\/wp-json\/wp\/v2\/pages\/16373","targetHints":{"allow":["GET"]}}],"collection":[{"href":"https:\/\/protectglobal.com\/fr\/wp-json\/wp\/v2\/pages"}],"about":[{"href":"https:\/\/protectglobal.com\/fr\/wp-json\/wp\/v2\/types\/page"}],"author":[{"embeddable":true,"href":"https:\/\/protectglobal.com\/fr\/wp-json\/wp\/v2\/users\/11"}],"replies":[{"embeddable":true,"href":"https:\/\/protectglobal.com\/fr\/wp-json\/wp\/v2\/comments?post=16373"}],"version-history":[{"count":5,"href":"https:\/\/protectglobal.com\/fr\/wp-json\/wp\/v2\/pages\/16373\/revisions"}],"predecessor-version":[{"id":25679,"href":"https:\/\/protectglobal.com\/fr\/wp-json\/wp\/v2\/pages\/16373\/revisions\/25679"}],"wp:featuredmedia":[{"embeddable":true,"href":"https:\/\/protectglobal.com\/fr\/wp-json\/wp\/v2\/media\/9442"}],"wp:attachment":[{"href":"https:\/\/protectglobal.com\/fr\/wp-json\/wp\/v2\/media?parent=16373"}],"curies":[{"name":"wp","href":"https:\/\/api.w.org\/{rel}","templated":true}]}}