{"id":16355,"date":"2024-07-14T10:28:31","date_gmt":"2024-07-14T10:28:31","guid":{"rendered":"https:\/\/protectglobal.com\/maintenance-2\/"},"modified":"2025-01-21T09:49:24","modified_gmt":"2025-01-21T09:49:24","slug":"maintenance-2","status":"publish","type":"page","link":"https:\/\/protectglobal.com\/fr\/maintenance-2\/","title":{"rendered":"Maintenance"},"content":{"rendered":"\n<p><\/p>\n\n\n\n\n\n\n    <div class=\"two-col-layout-block custom-block white py-5\" style=\"\">\n        <div class=\"container py-xxl-5\" data-aos=\"fade-in\">\n            <div class=\"row gap-4 m-auto py-xxl-5 \">\n                <blockquote class=\"col-sm p-0 m-0 content white\">\n                    <div class=\"heading-section\"> \n                                                                            <blockquote class=\"heading h2 mb-4\"><h2>Maintenance et <span style=\"color: #3f75ff;\">nettoyage<\/span><\/h2>\n<\/blockquote>\n                                            <\/div>\n                                            <div class=\"col-md mobile-image d-lg-none my-4\">\n                            <img decoding=\"async\" class=\"rounder lazyload\" data-src=\"https:\/\/protectglobal.com\/wp-content\/uploads\/2024\/07\/montering-af-maskine-frame-at-0m26s-1024x576.jpg\" alt=\"fog cannon warranty\" src=\"data:image\/svg+xml;base64,PHN2ZyB3aWR0aD0iMSIgaGVpZ2h0PSIxIiB4bWxucz0iaHR0cDovL3d3dy53My5vcmcvMjAwMC9zdmciPjwvc3ZnPg==\" style=\"--smush-placeholder-width: 1024px; --smush-placeholder-aspect-ratio: 1024\/576;\">       \n                        <\/div>\n                           \n                                            <div class=\"body-text\"><p>Bien que l\u2019entretien et le nettoyage puissent \u00eatre effectu\u00e9s par l\u2019utilisateur, la maintenance et le d\u00e9pannage \u00e9ventuel doivent toujours \u00eatre effectu\u00e9s par un installateur d\u2019alarme agr\u00e9\u00e9. Pour plus d\u2019informations, reportez-vous \u00e0 Maintenance et assistance. \u00a0Un g\u00e9n\u00e9rateur de brouillard PROTECT n\u00e9cessite une maintenance minimale. Il se nettoie avec un chiffon sec ou un chiffon l\u00e9g\u00e8rement humide sans d\u00e9tergents, produits chimiques ou solvants.<\/p>\n<p>&nbsp;<\/p>\n<p>En cas d\u2019activation du g\u00e9n\u00e9rateur de brouillard, nous vous recommandons une a\u00e9ration efficace pendant 20 minutes au cours de la premi\u00e8re heure. Si l\u2019endroit n\u2019est pas a\u00e9r\u00e9 \u00e0 temps, il existe un risque de condensation des particules de brouillard. La condensation est inoffensive et peut \u00eatre \u00e9limin\u00e9e en essuyant toutes les surfaces horizontales de la pi\u00e8ce avec un chiffon l\u00e9g\u00e8rement humidifi\u00e9 sans d\u00e9tergents, produits chimiques ou solvants.<\/p>\n<section class=\"media custom-block my-4\" data-aos=\"fade-in\"><\/section>\n<\/div>\n                    \n                                            <div class=\"button-group container-sm d-sm-flex gap-3 h-auto my-4 p-0\">  \n                                                <\/div>\n                                                        <\/blockquote>\n                                    <div  class=\"col-lg-7 d-none d-lg-block desktop-image p-0 m-0 \">\n                        <img decoding=\"async\" class=\"rounder lazyload\" data-src=\"https:\/\/protectglobal.com\/wp-content\/uploads\/2024\/07\/montering-af-maskine-frame-at-0m26s-1024x576.jpg\" alt=\"fog cannon warranty\" src=\"data:image\/svg+xml;base64,PHN2ZyB3aWR0aD0iMSIgaGVpZ2h0PSIxIiB4bWxucz0iaHR0cDovL3d3dy53My5vcmcvMjAwMC9zdmciPjwvc3ZnPg==\" style=\"--smush-placeholder-width: 1024px; --smush-placeholder-aspect-ratio: 1024\/576;\">\n                        <i class=\"image-graphic d-block white\"><\/i>       \n                    <\/div>\n                       \n            <\/div>\n        <\/div>\n    <\/div>\n\n\n\n\n\n\n\n    <div class=\"two-column-list-block black-bg custom-block p-3 py-5 p-3\" style=\"\">\n        <section class=\"list-columns-wrapper container \" data-aos=\"fade-in\">\n\n\t\t\t\t\t\t\t<div class=\"font-white mb-4\"><h2 class=\"list-title mb-3\">Avertissements<\/h2>\n<\/div>\n\t\t\t\n\t\t\t<blockquote class=\"d-lg-flex flex-row-reverse justify-content-between\">\n\n                <div class=\"list-col-1\">\n                                                <ul class=\"m-0 p-0\">\n                                \n                                    <li class=\"font-white exclaim custom-list\"><p>Le liquide de brouillard qui s\u2019est \u00e9coul\u00e9 sur le sol sous le g\u00e9n\u00e9rateur suite \u00e0 l\u2019activation du syst\u00e8me ou \u00e0 la manipulation du liquide de brouillard doit \u00eatre imm\u00e9diatement essuy\u00e9 en raison du risque de glissade et de chute.<\/p>\n<\/li>\n\n                                \n                                    <li class=\"font-white exclaim custom-list\"><p>Le syst\u00e8me est con\u00e7u pour \u00eatre utilis\u00e9 dans un climat int\u00e9rieur sec et il ne doit donc pas \u00eatre install\u00e9 \u00e0 l\u2019ext\u00e9rieur ou dans des pi\u00e8ces humides.<\/p>\n<\/li>\n\n                                \n                                    <li class=\"font-white exclaim custom-list\"><p>Le liquide de brouillard ne doit pas \u00eatre ing\u00e9r\u00e9 et doit \u00eatre conserv\u00e9 hors de port\u00e9e des enfants et des animaux. En cas d\u2019ingestion : contactez imm\u00e9diatement un m\u00e9decin.<\/p>\n<\/li>\n\n                                                            <\/ul>\n                        \n\n                                    <\/div>\n                <div class=\"list-col-2\">\n                                                <ul class=\"m-0 p-0\">\n                                \n                                    <li class=\"font-white exclaim custom-list\"><p>Ne touchez jamais la buse ou la grille situ\u00e9e devant la buse. Elle peut \u00eatre chaude et le contact peut provoquer des br\u00fblures. Ne regardez pas directement dans la buse.  <\/p>\n<\/li>\n\n                                \n                                    <li class=\"font-white exclaim custom-list\"><p>Les objets inflammables ou sensibles \u00e0 la chaleur doivent \u00eatre plac\u00e9s \u00e0 au moins 35 cm de la buse.<\/p>\n<\/li>\n\n                                \n                                    <li class=\"font-white exclaim custom-list\"><p>\u00c9vitez le contact avec les yeux. En cas de contact avec les yeux, rincez imm\u00e9diatement \u00e0 l\u2019eau claire pendant au moins 15 minutes. Si l\u2019irritation persiste, consultez un m\u00e9decin. En cas de contact direct avec la peau, rincez abondamment \u00e0 l\u2019eau et au savon.   <\/p>\n<\/li>\n\n                                                            <\/ul>\n                        \n\n                                    <\/div>\n\n\n            <\/blockquote>\n\n        <\/section>\n    <\/div>\n\n\n\n\n\n\n\n\n    <div class=\"two-col-layout-block custom-block white py-5\" style=\"\">\n        <div class=\"container py-xxl-5\" data-aos=\"fade-in\">\n            <div class=\"row gap-4 m-auto py-xxl-5 flipped\">\n                <blockquote class=\"col-sm p-0 m-0 content white\">\n                    <div class=\"heading-section\"> \n                                                    <p class=\"mb-4 small section-label\">Liquide de brouillard PROTECT<\/p>\n                                                                            <blockquote class=\"heading h2 mb-4\"><h2>Remplacement du r\u00e9servoir de liquide de brouillard<\/h2>\n<\/blockquote>\n                                            <\/div>\n                                            <div class=\"col-md mobile-image d-lg-none my-4\">\n                            <img decoding=\"async\" class=\"rounder lazyload\" data-src=\"https:\/\/protectglobal.com\/wp-content\/uploads\/2024\/07\/a4a4680-1024x683.jpg\" alt=\"fluid change\" src=\"data:image\/svg+xml;base64,PHN2ZyB3aWR0aD0iMSIgaGVpZ2h0PSIxIiB4bWxucz0iaHR0cDovL3d3dy53My5vcmcvMjAwMC9zdmciPjwvc3ZnPg==\" style=\"--smush-placeholder-width: 1024px; --smush-placeholder-aspect-ratio: 1024\/683;\">       \n                        <\/div>\n                           \n                                            <div class=\"body-text\"><p>Les syst\u00e8mes QUMULUS\u00ae (fabriqu\u00e9s apr\u00e8s le 1er septembre 2014) et Xtratus\u00ae de PROTECT sont con\u00e7us de mani\u00e8re \u00e0 permettre \u00e0 l\u2019utilisateur de remplacer lui-m\u00eame le r\u00e9servoir de liquide \u00e0 brouillard. \u00a0 Les r\u00e9servoirs de liquide pour les autres mod\u00e8les doivent \u00eatre remplac\u00e9s par un installateur d\u2019alarme agr\u00e9\u00e9.<\/p>\n<p>&nbsp;<\/p>\n<p>La dur\u00e9e de conservation d\u2019un contenant de liquide non ouvert est de 5 ans et de 2 ans \u00e0 compter de la date d\u2019installation. En cas de d\u00e9coloration, le liquide de brouillard doit \u00eatre jet\u00e9.<\/p>\n<\/div>\n                    \n                                            <div class=\"button-group container-sm d-sm-flex gap-3 h-auto my-4 p-0\">  \n                            <a href=\"https:\/\/protectglobal.com\/fr\/product-category\/recharges-de-liquide\/\" class=\"d-flex gap-3 justify-content-start justify-content-md-start button align-items-center tertiary\" target=\"_self\">\n       Gamme de produits de fluides pour brouillard       <i class=\"icon-chevron\"><\/i>\n    <\/a>\n                        <\/div>\n                                                        <\/blockquote>\n                                    <div  class=\"col-lg-7 d-none d-lg-block desktop-image p-0 m-0 flipped\">\n                        <img decoding=\"async\" class=\"rounder lazyload\" data-src=\"https:\/\/protectglobal.com\/wp-content\/uploads\/2024\/07\/a4a4680-1024x683.jpg\" alt=\"fluid change\" src=\"data:image\/svg+xml;base64,PHN2ZyB3aWR0aD0iMSIgaGVpZ2h0PSIxIiB4bWxucz0iaHR0cDovL3d3dy53My5vcmcvMjAwMC9zdmciPjwvc3ZnPg==\" style=\"--smush-placeholder-width: 1024px; --smush-placeholder-aspect-ratio: 1024\/683;\">\n                        <i class=\"image-graphic d-block white\"><\/i>       \n                    <\/div>\n                       \n            <\/div>\n        <\/div>\n    <\/div>\n\n","protected":false},"excerpt":{"rendered":"","protected":false},"author":10,"featured_media":6293,"parent":0,"menu_order":0,"comment_status":"closed","ping_status":"closed","template":"","meta":{"_acf_changed":false,"inline_featured_image":false,"footnotes":""},"class_list":["post-16355","page","type-page","status-publish","has-post-thumbnail","hentry"],"acf":[],"yoast_head":"<!-- This site is optimized with the Yoast SEO Premium plugin v27.3 (Yoast SEO v27.3) - https:\/\/yoast.com\/product\/yoast-seo-premium-wordpress\/ -->\n<title>Maintenance - Un entretien minimal requis<\/title>\n<meta name=\"description\" content=\"Assurez une performance optimale et une s\u00e9curit\u00e9 maximale avec les Canons \u00e0 Brouillard PROTECT Fog Cannon\u00ae.\" \/>\n<meta name=\"robots\" content=\"index, follow, max-snippet:-1, max-image-preview:large, max-video-preview:-1\" \/>\n<link rel=\"canonical\" href=\"https:\/\/protectglobal.com\/fr\/maintenance-2\/\" \/>\n<meta property=\"og:locale\" content=\"fr_FR\" \/>\n<meta property=\"og:type\" content=\"article\" \/>\n<meta property=\"og:title\" content=\"Maintenance\" \/>\n<meta property=\"og:description\" content=\"Assurez une performance optimale et une s\u00e9curit\u00e9 maximale avec les Canons \u00e0 Brouillard PROTECT Fog Cannon\u00ae.\" \/>\n<meta property=\"og:url\" content=\"https:\/\/protectglobal.com\/fr\/maintenance-2\/\" \/>\n<meta property=\"og:site_name\" content=\"Canons \u00e0 brouillard PROTECT\u2122\" \/>\n<meta property=\"article:publisher\" content=\"https:\/\/www.facebook.com\/PROTECTFogCannon\/\" \/>\n<meta property=\"article:modified_time\" content=\"2025-01-21T09:49:24+00:00\" \/>\n<meta property=\"og:image\" content=\"https:\/\/protectglobal.com\/wp-content\/uploads\/2024\/03\/montering-af-maskine-frame-at-0m13s.jpg\" \/>\n\t<meta property=\"og:image:width\" content=\"1920\" \/>\n\t<meta property=\"og:image:height\" content=\"1080\" \/>\n\t<meta property=\"og:image:type\" content=\"image\/jpeg\" \/>\n<meta name=\"twitter:card\" content=\"summary_large_image\" \/>\n<meta name=\"twitter:site\" content=\"@PROTECTFOG\" \/>\n<meta name=\"twitter:label1\" content=\"Dur\u00e9e de lecture estim\u00e9e\" \/>\n\t<meta name=\"twitter:data1\" content=\"1 minute\" \/>\n<script type=\"application\/ld+json\" class=\"yoast-schema-graph\">{\"@context\":\"https:\\\/\\\/schema.org\",\"@graph\":[{\"@type\":\"WebPage\",\"@id\":\"https:\\\/\\\/protectglobal.com\\\/fr\\\/maintenance-2\\\/\",\"url\":\"https:\\\/\\\/protectglobal.com\\\/fr\\\/maintenance-2\\\/\",\"name\":\"Maintenance - Un entretien minimal requis\",\"isPartOf\":{\"@id\":\"https:\\\/\\\/protectglobal.com\\\/fr\\\/#website\"},\"primaryImageOfPage\":{\"@id\":\"https:\\\/\\\/protectglobal.com\\\/fr\\\/maintenance-2\\\/#primaryimage\"},\"image\":{\"@id\":\"https:\\\/\\\/protectglobal.com\\\/fr\\\/maintenance-2\\\/#primaryimage\"},\"thumbnailUrl\":\"https:\\\/\\\/protectglobal.com\\\/wp-content\\\/uploads\\\/2024\\\/03\\\/montering-af-maskine-frame-at-0m13s.jpg\",\"datePublished\":\"2024-07-14T10:28:31+00:00\",\"dateModified\":\"2025-01-21T09:49:24+00:00\",\"description\":\"Assurez une performance optimale et une s\u00e9curit\u00e9 maximale avec les Canons \u00e0 Brouillard PROTECT Fog Cannon\u00ae.\",\"breadcrumb\":{\"@id\":\"https:\\\/\\\/protectglobal.com\\\/fr\\\/maintenance-2\\\/#breadcrumb\"},\"inLanguage\":\"fr-FR\",\"potentialAction\":[{\"@type\":\"ReadAction\",\"target\":[\"https:\\\/\\\/protectglobal.com\\\/fr\\\/maintenance-2\\\/\"]}]},{\"@type\":\"ImageObject\",\"inLanguage\":\"fr-FR\",\"@id\":\"https:\\\/\\\/protectglobal.com\\\/fr\\\/maintenance-2\\\/#primaryimage\",\"url\":\"https:\\\/\\\/protectglobal.com\\\/wp-content\\\/uploads\\\/2024\\\/03\\\/montering-af-maskine-frame-at-0m13s.jpg\",\"contentUrl\":\"https:\\\/\\\/protectglobal.com\\\/wp-content\\\/uploads\\\/2024\\\/03\\\/montering-af-maskine-frame-at-0m13s.jpg\",\"width\":1920,\"height\":1080,\"caption\":\"fog cannon connection\"},{\"@type\":\"BreadcrumbList\",\"@id\":\"https:\\\/\\\/protectglobal.com\\\/fr\\\/maintenance-2\\\/#breadcrumb\",\"itemListElement\":[{\"@type\":\"ListItem\",\"position\":1,\"name\":\"Hjem\",\"item\":\"https:\\\/\\\/protectglobal.com\\\/fr\\\/\"},{\"@type\":\"ListItem\",\"position\":2,\"name\":\"Maintenance\"}]},{\"@type\":\"WebSite\",\"@id\":\"https:\\\/\\\/protectglobal.com\\\/fr\\\/#website\",\"url\":\"https:\\\/\\\/protectglobal.com\\\/fr\\\/\",\"name\":\"PROTECT Fog Cannons\u2122\",\"description\":\"\",\"publisher\":{\"@id\":\"https:\\\/\\\/protectglobal.com\\\/fr\\\/#organization\"},\"potentialAction\":[{\"@type\":\"SearchAction\",\"target\":{\"@type\":\"EntryPoint\",\"urlTemplate\":\"https:\\\/\\\/protectglobal.com\\\/fr\\\/?s={search_term_string}\"},\"query-input\":{\"@type\":\"PropertyValueSpecification\",\"valueRequired\":true,\"valueName\":\"search_term_string\"}}],\"inLanguage\":\"fr-FR\"},{\"@type\":\"Organization\",\"@id\":\"https:\\\/\\\/protectglobal.com\\\/fr\\\/#organization\",\"name\":\"PROTECT Fog Cannons\u2122\",\"url\":\"https:\\\/\\\/protectglobal.com\\\/fr\\\/\",\"logo\":{\"@type\":\"ImageObject\",\"inLanguage\":\"fr-FR\",\"@id\":\"https:\\\/\\\/protectglobal.com\\\/fr\\\/#\\\/schema\\\/logo\\\/image\\\/\",\"url\":\"https:\\\/\\\/protectglobal.com\\\/wp-content\\\/uploads\\\/2023\\\/10\\\/logo.svg\",\"contentUrl\":\"https:\\\/\\\/protectglobal.com\\\/wp-content\\\/uploads\\\/2023\\\/10\\\/logo.svg\",\"width\":90,\"height\":40,\"caption\":\"PROTECT Fog Cannons\u2122\"},\"image\":{\"@id\":\"https:\\\/\\\/protectglobal.com\\\/fr\\\/#\\\/schema\\\/logo\\\/image\\\/\"},\"sameAs\":[\"https:\\\/\\\/www.facebook.com\\\/PROTECTFogCannon\\\/\",\"https:\\\/\\\/x.com\\\/PROTECTFOG\",\"https:\\\/\\\/www.linkedin.com\\\/company\\\/protect-a-s\\\/\",\"https:\\\/\\\/www.youtube.com\\\/user\\\/PROTECTFogCannon\"],\"description\":\"PROTECT\u2122 specializes in security fog solutions, protecting valuables in retail, banks, warehouses any many other industries across more than 50 countries. With over 175,000 fog cannons installed, our systems fill rooms with dense fog in seconds, deterring burglars and preventing theft. We focus on providing reliable, durable, and easy-to-install solutions for enhanced security and peace of mind.\",\"email\":\"info@protectglobal.com\",\"telephone\":\"+45 8672 1881\",\"legalName\":\"PROTECT A\\\/S\",\"foundingDate\":\"2000-09-28\",\"vatID\":\"25687272\",\"numberOfEmployees\":{\"@type\":\"QuantitativeValue\",\"minValue\":\"11\",\"maxValue\":\"50\"}}]}<\/script>\n<!-- \/ Yoast SEO Premium plugin. -->","yoast_head_json":{"title":"Maintenance - Un entretien minimal requis","description":"Assurez une performance optimale et une s\u00e9curit\u00e9 maximale avec les Canons \u00e0 Brouillard PROTECT Fog Cannon\u00ae.","robots":{"index":"index","follow":"follow","max-snippet":"max-snippet:-1","max-image-preview":"max-image-preview:large","max-video-preview":"max-video-preview:-1"},"canonical":"https:\/\/protectglobal.com\/fr\/maintenance-2\/","og_locale":"fr_FR","og_type":"article","og_title":"Maintenance","og_description":"Assurez une performance optimale et une s\u00e9curit\u00e9 maximale avec les Canons \u00e0 Brouillard PROTECT Fog Cannon\u00ae.","og_url":"https:\/\/protectglobal.com\/fr\/maintenance-2\/","og_site_name":"Canons \u00e0 brouillard PROTECT\u2122","article_publisher":"https:\/\/www.facebook.com\/PROTECTFogCannon\/","article_modified_time":"2025-01-21T09:49:24+00:00","og_image":[{"width":1920,"height":1080,"url":"https:\/\/protectglobal.com\/wp-content\/uploads\/2024\/03\/montering-af-maskine-frame-at-0m13s.jpg","type":"image\/jpeg"}],"twitter_card":"summary_large_image","twitter_site":"@PROTECTFOG","twitter_misc":{"Dur\u00e9e de lecture estim\u00e9e":"1 minute"},"schema":{"@context":"https:\/\/schema.org","@graph":[{"@type":"WebPage","@id":"https:\/\/protectglobal.com\/fr\/maintenance-2\/","url":"https:\/\/protectglobal.com\/fr\/maintenance-2\/","name":"Maintenance - Un entretien minimal requis","isPartOf":{"@id":"https:\/\/protectglobal.com\/fr\/#website"},"primaryImageOfPage":{"@id":"https:\/\/protectglobal.com\/fr\/maintenance-2\/#primaryimage"},"image":{"@id":"https:\/\/protectglobal.com\/fr\/maintenance-2\/#primaryimage"},"thumbnailUrl":"https:\/\/protectglobal.com\/wp-content\/uploads\/2024\/03\/montering-af-maskine-frame-at-0m13s.jpg","datePublished":"2024-07-14T10:28:31+00:00","dateModified":"2025-01-21T09:49:24+00:00","description":"Assurez une performance optimale et une s\u00e9curit\u00e9 maximale avec les Canons \u00e0 Brouillard PROTECT Fog Cannon\u00ae.","breadcrumb":{"@id":"https:\/\/protectglobal.com\/fr\/maintenance-2\/#breadcrumb"},"inLanguage":"fr-FR","potentialAction":[{"@type":"ReadAction","target":["https:\/\/protectglobal.com\/fr\/maintenance-2\/"]}]},{"@type":"ImageObject","inLanguage":"fr-FR","@id":"https:\/\/protectglobal.com\/fr\/maintenance-2\/#primaryimage","url":"https:\/\/protectglobal.com\/wp-content\/uploads\/2024\/03\/montering-af-maskine-frame-at-0m13s.jpg","contentUrl":"https:\/\/protectglobal.com\/wp-content\/uploads\/2024\/03\/montering-af-maskine-frame-at-0m13s.jpg","width":1920,"height":1080,"caption":"fog cannon connection"},{"@type":"BreadcrumbList","@id":"https:\/\/protectglobal.com\/fr\/maintenance-2\/#breadcrumb","itemListElement":[{"@type":"ListItem","position":1,"name":"Hjem","item":"https:\/\/protectglobal.com\/fr\/"},{"@type":"ListItem","position":2,"name":"Maintenance"}]},{"@type":"WebSite","@id":"https:\/\/protectglobal.com\/fr\/#website","url":"https:\/\/protectglobal.com\/fr\/","name":"PROTECT Fog Cannons\u2122","description":"","publisher":{"@id":"https:\/\/protectglobal.com\/fr\/#organization"},"potentialAction":[{"@type":"SearchAction","target":{"@type":"EntryPoint","urlTemplate":"https:\/\/protectglobal.com\/fr\/?s={search_term_string}"},"query-input":{"@type":"PropertyValueSpecification","valueRequired":true,"valueName":"search_term_string"}}],"inLanguage":"fr-FR"},{"@type":"Organization","@id":"https:\/\/protectglobal.com\/fr\/#organization","name":"PROTECT Fog Cannons\u2122","url":"https:\/\/protectglobal.com\/fr\/","logo":{"@type":"ImageObject","inLanguage":"fr-FR","@id":"https:\/\/protectglobal.com\/fr\/#\/schema\/logo\/image\/","url":"https:\/\/protectglobal.com\/wp-content\/uploads\/2023\/10\/logo.svg","contentUrl":"https:\/\/protectglobal.com\/wp-content\/uploads\/2023\/10\/logo.svg","width":90,"height":40,"caption":"PROTECT Fog Cannons\u2122"},"image":{"@id":"https:\/\/protectglobal.com\/fr\/#\/schema\/logo\/image\/"},"sameAs":["https:\/\/www.facebook.com\/PROTECTFogCannon\/","https:\/\/x.com\/PROTECTFOG","https:\/\/www.linkedin.com\/company\/protect-a-s\/","https:\/\/www.youtube.com\/user\/PROTECTFogCannon"],"description":"PROTECT\u2122 specializes in security fog solutions, protecting valuables in retail, banks, warehouses any many other industries across more than 50 countries. With over 175,000 fog cannons installed, our systems fill rooms with dense fog in seconds, deterring burglars and preventing theft. We focus on providing reliable, durable, and easy-to-install solutions for enhanced security and peace of mind.","email":"info@protectglobal.com","telephone":"+45 8672 1881","legalName":"PROTECT A\/S","foundingDate":"2000-09-28","vatID":"25687272","numberOfEmployees":{"@type":"QuantitativeValue","minValue":"11","maxValue":"50"}}]}},"_links":{"self":[{"href":"https:\/\/protectglobal.com\/fr\/wp-json\/wp\/v2\/pages\/16355","targetHints":{"allow":["GET"]}}],"collection":[{"href":"https:\/\/protectglobal.com\/fr\/wp-json\/wp\/v2\/pages"}],"about":[{"href":"https:\/\/protectglobal.com\/fr\/wp-json\/wp\/v2\/types\/page"}],"author":[{"embeddable":true,"href":"https:\/\/protectglobal.com\/fr\/wp-json\/wp\/v2\/users\/10"}],"replies":[{"embeddable":true,"href":"https:\/\/protectglobal.com\/fr\/wp-json\/wp\/v2\/comments?post=16355"}],"version-history":[{"count":7,"href":"https:\/\/protectglobal.com\/fr\/wp-json\/wp\/v2\/pages\/16355\/revisions"}],"predecessor-version":[{"id":23156,"href":"https:\/\/protectglobal.com\/fr\/wp-json\/wp\/v2\/pages\/16355\/revisions\/23156"}],"wp:featuredmedia":[{"embeddable":true,"href":"https:\/\/protectglobal.com\/fr\/wp-json\/wp\/v2\/media\/6293"}],"wp:attachment":[{"href":"https:\/\/protectglobal.com\/fr\/wp-json\/wp\/v2\/media?parent=16355"}],"curies":[{"name":"wp","href":"https:\/\/api.w.org\/{rel}","templated":true}]}}