{"id":5390,"date":"2024-03-19T12:42:42","date_gmt":"2024-03-19T12:42:42","guid":{"rendered":"https:\/\/protectglobal.com\/?post_type=product&#038;p=5390"},"modified":"2025-02-25T11:52:32","modified_gmt":"2025-02-25T11:52:32","slug":"placa-metalica-de-montaje-en-techo","status":"publish","type":"product","link":"https:\/\/protectglobal.com\/es\/product\/placa-metalica-de-montaje-en-techo\/","title":{"rendered":"Placa met\u00e1lica de montaje en techo"},"content":{"rendered":"\n\n<section class=\"content-toggle-block custom-block black py-5\" style=\"\">\n    <section class=\"py-xxl-5 py-5\">\n                <div class=\"switchable-content\">\n            <!-- Content option 1 -->\n                                                                <div class=\"content-option option-1 container\" aria-hidden=\"false\">\n                        <section class=\"row gap-lg-5\">\n                                                            <section class=\"column-1 col-12 col-lg mb-5 mb-lg-0\">\n                                    <blockquote class=\"mb-4 h2 font-white\"><h2>Para instalaciones con <span style=\"color: #3f75ff;\">techos altos<\/span><\/h2>\n<\/blockquote>\n                                    <blockquote class=\"mb-5 fs-6 body-text font-white\"><p>La instalaci\u00f3n de sistemas de seguridad presenta problemas especiales en zonas con techos altos, como almacenes, instalaciones industriales y grandes edificios de oficinas. Para garantizar que las m\u00e1quinas de ca\u00f1ones de niebla queden firmemente fijadas en su sitio mientras se utilizan, PROTECT\u2122 ha dise\u00f1ado una exclusiva placa de montaje met\u00e1lica destinada a proporcionar instalaciones estables y seguras, incluso en zonas con techos altos.<\/p>\n<\/blockquote>\n                                    \n                                                                    <\/section>\n                                                                                            <section class=\"col-lg col-12 column-2 \">\n                                    <section class=\"accordion\">\n                                                                                    <div class=\"acc-item d-flex flex-column gap-3 pb-3 \">\n                                                <button class=\"acc-button w-100 text-start p-0 d-flex justify-content-between \">\n                                                    <h4 class=\"mb-0 fs-5\">Fijaci\u00f3n segura<\/h4>\n                                                    <svg class=\"acc-icon\" width=\"20\" height=\"20\" viewBox=\"0 0 20 20\" fill=\"none\" xmlns=\"http:\/\/www.w3.org\/2000\/svg\">\n                                                        <g clip-path=\"url(#clip0_2099_15870)\">\n                                                            <rect x=\"24.1421\" y=\"-2.28516\" width=\"5\" height=\"25\" transform=\"rotate(45 24.1421 -2.28516)\" fill=\"#DCDCDC\"\/>\n                                                            <rect x=\"-7.67773\" y=\"1.25\" width=\"5\" height=\"17.5\" transform=\"rotate(-45 -7.67773 1.25)\" fill=\"#DCDCDC\"\/>\n                                                        <\/g>\n                                                        <defs>\n                                                            <clipPath id=\"clip0_2099_15870\">\n                                                                <rect width=\"20\" height=\"20\" fill=\"white\" transform=\"translate(20) rotate(90)\"\/>\n                                                            <\/clipPath>\n                                                        <\/defs>\n                                                    <\/svg>\n                                                <\/button>\n                                                <div class=\"acc-content \" aria-hidden=\"true\">\n                                                    <blockquote class=\"body-text font-white\"><p>La robusta placa met\u00e1lica proporciona una base s\u00f3lida y fiable para montar el ca\u00f1\u00f3n de niebla. Garantiza que el dispositivo quede firmemente fijado al techo, evitando cualquier movimiento o desplazamiento durante o despu\u00e9s de la instalaci\u00f3n.<\/p>\n<\/blockquote>\n                                                <\/div>\n                                            <\/div>\n                                                                                    <div class=\"acc-item d-flex flex-column gap-3 pb-3 \">\n                                                <button class=\"acc-button w-100 text-start p-0 d-flex justify-content-between \">\n                                                    <h4 class=\"mb-0 fs-5\">Evitar la oscilaci\u00f3n<\/h4>\n                                                    <svg class=\"acc-icon\" width=\"20\" height=\"20\" viewBox=\"0 0 20 20\" fill=\"none\" xmlns=\"http:\/\/www.w3.org\/2000\/svg\">\n                                                        <g clip-path=\"url(#clip0_2099_15870)\">\n                                                            <rect x=\"24.1421\" y=\"-2.28516\" width=\"5\" height=\"25\" transform=\"rotate(45 24.1421 -2.28516)\" fill=\"#DCDCDC\"\/>\n                                                            <rect x=\"-7.67773\" y=\"1.25\" width=\"5\" height=\"17.5\" transform=\"rotate(-45 -7.67773 1.25)\" fill=\"#DCDCDC\"\/>\n                                                        <\/g>\n                                                        <defs>\n                                                            <clipPath id=\"clip0_2099_15870\">\n                                                                <rect width=\"20\" height=\"20\" fill=\"white\" transform=\"translate(20) rotate(90)\"\/>\n                                                            <\/clipPath>\n                                                        <\/defs>\n                                                    <\/svg>\n                                                <\/button>\n                                                <div class=\"acc-content \" aria-hidden=\"true\">\n                                                    <blockquote class=\"body-text font-white\"><p>Cuando el ca\u00f1\u00f3n de niebla libera su densa niebla, los techos altos pueden hacer que una zona sea m\u00e1s vulnerable a la oscilaci\u00f3n o el movimiento. La placa met\u00e1lica reduce este riesgo proporcionando un marco de apoyo s\u00f3lido e inquebrantable. Cualquier oscilaci\u00f3n podr\u00eda comprometer el rendimiento y la cobertura del ca\u00f1\u00f3n de niebla, por lo que la estabilidad es crucial para preservar la precisi\u00f3n y eficacia de la dispersi\u00f3n de la niebla.<\/p>\n<\/blockquote>\n                                                <\/div>\n                                            <\/div>\n                                                                                    <div class=\"acc-item d-flex flex-column gap-3 pb-3 \">\n                                                <button class=\"acc-button w-100 text-start p-0 d-flex justify-content-between \">\n                                                    <h4 class=\"mb-0 fs-5\">Durabilidad<\/h4>\n                                                    <svg class=\"acc-icon\" width=\"20\" height=\"20\" viewBox=\"0 0 20 20\" fill=\"none\" xmlns=\"http:\/\/www.w3.org\/2000\/svg\">\n                                                        <g clip-path=\"url(#clip0_2099_15870)\">\n                                                            <rect x=\"24.1421\" y=\"-2.28516\" width=\"5\" height=\"25\" transform=\"rotate(45 24.1421 -2.28516)\" fill=\"#DCDCDC\"\/>\n                                                            <rect x=\"-7.67773\" y=\"1.25\" width=\"5\" height=\"17.5\" transform=\"rotate(-45 -7.67773 1.25)\" fill=\"#DCDCDC\"\/>\n                                                        <\/g>\n                                                        <defs>\n                                                            <clipPath id=\"clip0_2099_15870\">\n                                                                <rect width=\"20\" height=\"20\" fill=\"white\" transform=\"translate(20) rotate(90)\"\/>\n                                                            <\/clipPath>\n                                                        <\/defs>\n                                                    <\/svg>\n                                                <\/button>\n                                                <div class=\"acc-content \" aria-hidden=\"true\">\n                                                    <blockquote class=\"body-text font-white\"><p>La placa de montaje es de metal de primera calidad y est\u00e1 fabricada para soportar el peso del ca\u00f1\u00f3n de niebla y la tensi\u00f3n de funcionamiento a lo largo del tiempo. Gracias a su resistencia, hay menos necesidad de mantenimiento o ajustes tras la instalaci\u00f3n, lo que garantiza la fiabilidad a largo plazo.<\/p>\n<\/blockquote>\n                                                <\/div>\n                                            <\/div>\n                                                                            <\/section>\n                                <\/section>\n                                                    <\/section>\n                    <\/div>\n                                        <!-- Content option 2 -->\n                    <\/div>\n    <\/section>\n<\/section>\n\n\n\n\n\n\n\n    <div class=\"two-column-list-block white-bg custom-block p-3 py-5 p-3\" style=\"\">\n        <section class=\"list-columns-wrapper container \" data-aos=\"fade-in\">\n\n\t\t\t\t\t\t\t<div class=\"font-dark mb-4\"><h2>Datos importantes sobre <span style=\"color: #3f75ff;\">la placa met\u00e1lica de montaje en techo PROTECT\u2122<\/span>:<\/h2>\n<\/div>\n\t\t\t\n\t\t\t<blockquote class=\"d-lg-flex flex-row-reverse justify-content-between\">\n\n                <div class=\"list-col-1\">\n                                                <ul class=\"m-0 p-0\">\n                                \n                                    <li class=\"font-dark check custom-list\"><p>Adecuado para los modelos PROTECT 600i\u2122\/1100i\u2122 y 2200i\u2122<\/p>\n<\/li>\n\n                                                            <\/ul>\n                        \n\n                                    <\/div>\n                <div class=\"list-col-2\">\n                                                <ul class=\"m-0 p-0\">\n                                \n                                    <li class=\"font-dark check custom-list\"><p>La placa met\u00e1lica se monta detr\u00e1s del ca\u00f1\u00f3n de niebla con los tornillos que la acompa\u00f1an. Tiene orificios pretaladrados para alambres de acero, correas met\u00e1licas o barras roscadas de 10 mm.<\/p>\n<\/li>\n\n                                \n                                    <li class=\"font-dark check custom-list\"><p>La placa met\u00e1lica tambi\u00e9n sirve para instalaciones encubiertas<\/p>\n<\/li>\n\n                                                            <\/ul>\n                        \n\n                                    <\/div>\n\n\n            <\/blockquote>\n\n        <\/section>\n    <\/div>\n\n\n","protected":false},"featured_media":8133,"template":"","meta":{"_acf_changed":true,"inline_featured_image":false},"product-category":[149],"class_list":["post-5390","product","type-product","status-publish","has-post-thumbnail","hentry","product-category-accesorios"],"acf":[],"yoast_head":"<!-- This site is optimized with the Yoast SEO Premium plugin v27.3 (Yoast SEO v27.3) - https:\/\/yoast.com\/product\/yoast-seo-premium-wordpress\/ -->\n<title>Placa met\u00e1lica de montaje - Para instalaci\u00f3n en techos altos<\/title>\n<meta name=\"description\" content=\"La placa met\u00e1lica PROTECT\u2122 de montaje en techo permite que el ca\u00f1\u00f3n de niebla cuelgue firmemente sin oscilar durante la descarga.\" \/>\n<meta name=\"robots\" content=\"index, follow, max-snippet:-1, max-image-preview:large, max-video-preview:-1\" \/>\n<link rel=\"canonical\" href=\"https:\/\/protectglobal.com\/es\/product\/placa-metalica-de-montaje-en-techo\/\" \/>\n<meta property=\"og:locale\" content=\"es_ES\" \/>\n<meta property=\"og:type\" content=\"article\" \/>\n<meta property=\"og:title\" content=\"Placa met\u00e1lica de montaje en techo\" \/>\n<meta property=\"og:description\" content=\"La placa met\u00e1lica PROTECT\u2122 de montaje en techo permite que el ca\u00f1\u00f3n de niebla cuelgue firmemente sin oscilar durante la descarga.\" \/>\n<meta property=\"og:url\" content=\"https:\/\/protectglobal.com\/es\/product\/placa-metalica-de-montaje-en-techo\/\" \/>\n<meta property=\"og:site_name\" content=\"Ca\u00f1ones de niebla PROTECT\u2122\" \/>\n<meta property=\"article:publisher\" content=\"https:\/\/www.facebook.com\/PROTECTFogCannon\/\" \/>\n<meta property=\"article:modified_time\" content=\"2025-02-25T11:52:32+00:00\" \/>\n<meta property=\"og:image\" content=\"https:\/\/protectglobal.com\/wp-content\/uploads\/2024\/03\/ceiling-mounting-plate.png\" \/>\n\t<meta property=\"og:image:width\" content=\"326\" \/>\n\t<meta property=\"og:image:height\" content=\"408\" \/>\n\t<meta property=\"og:image:type\" content=\"image\/png\" \/>\n<meta name=\"twitter:card\" content=\"summary_large_image\" \/>\n<meta name=\"twitter:site\" content=\"@PROTECTFOG\" \/>\n<meta name=\"twitter:label1\" content=\"Tiempo de lectura\" \/>\n\t<meta name=\"twitter:data1\" content=\"1 minuto\" \/>\n<script type=\"application\/ld+json\" class=\"yoast-schema-graph\">{\"@context\":\"https:\\\/\\\/schema.org\",\"@graph\":[{\"@type\":\"WebPage\",\"@id\":\"https:\\\/\\\/protectglobal.com\\\/es\\\/product\\\/placa-metalica-de-montaje-en-techo\\\/\",\"url\":\"https:\\\/\\\/protectglobal.com\\\/es\\\/product\\\/placa-metalica-de-montaje-en-techo\\\/\",\"name\":\"Placa met\u00e1lica de montaje - Para instalaci\u00f3n en techos altos\",\"isPartOf\":{\"@id\":\"https:\\\/\\\/protectglobal.com\\\/es\\\/#website\"},\"primaryImageOfPage\":{\"@id\":\"https:\\\/\\\/protectglobal.com\\\/es\\\/product\\\/placa-metalica-de-montaje-en-techo\\\/#primaryimage\"},\"image\":{\"@id\":\"https:\\\/\\\/protectglobal.com\\\/es\\\/product\\\/placa-metalica-de-montaje-en-techo\\\/#primaryimage\"},\"thumbnailUrl\":\"https:\\\/\\\/protectglobal.com\\\/wp-content\\\/uploads\\\/2024\\\/03\\\/ceiling-mounting-plate.png\",\"datePublished\":\"2024-03-19T12:42:42+00:00\",\"dateModified\":\"2025-02-25T11:52:32+00:00\",\"description\":\"La placa met\u00e1lica PROTECT\u2122 de montaje en techo permite que el ca\u00f1\u00f3n de niebla cuelgue firmemente sin oscilar durante la descarga.\",\"breadcrumb\":{\"@id\":\"https:\\\/\\\/protectglobal.com\\\/es\\\/product\\\/placa-metalica-de-montaje-en-techo\\\/#breadcrumb\"},\"inLanguage\":\"es\",\"potentialAction\":[{\"@type\":\"ReadAction\",\"target\":[\"https:\\\/\\\/protectglobal.com\\\/es\\\/product\\\/placa-metalica-de-montaje-en-techo\\\/\"]}]},{\"@type\":\"ImageObject\",\"inLanguage\":\"es\",\"@id\":\"https:\\\/\\\/protectglobal.com\\\/es\\\/product\\\/placa-metalica-de-montaje-en-techo\\\/#primaryimage\",\"url\":\"https:\\\/\\\/protectglobal.com\\\/wp-content\\\/uploads\\\/2024\\\/03\\\/ceiling-mounting-plate.png\",\"contentUrl\":\"https:\\\/\\\/protectglobal.com\\\/wp-content\\\/uploads\\\/2024\\\/03\\\/ceiling-mounting-plate.png\",\"width\":326,\"height\":408,\"caption\":\"ceiling mounting metal plate\"},{\"@type\":\"BreadcrumbList\",\"@id\":\"https:\\\/\\\/protectglobal.com\\\/es\\\/product\\\/placa-metalica-de-montaje-en-techo\\\/#breadcrumb\",\"itemListElement\":[{\"@type\":\"ListItem\",\"position\":1,\"name\":\"Hjem\",\"item\":\"https:\\\/\\\/protectglobal.com\\\/es\\\/\"},{\"@type\":\"ListItem\",\"position\":2,\"name\":\"Placa met\u00e1lica de montaje en techo\"}]},{\"@type\":\"WebSite\",\"@id\":\"https:\\\/\\\/protectglobal.com\\\/es\\\/#website\",\"url\":\"https:\\\/\\\/protectglobal.com\\\/es\\\/\",\"name\":\"PROTECT Fog Cannons\u2122\",\"description\":\"\",\"publisher\":{\"@id\":\"https:\\\/\\\/protectglobal.com\\\/es\\\/#organization\"},\"potentialAction\":[{\"@type\":\"SearchAction\",\"target\":{\"@type\":\"EntryPoint\",\"urlTemplate\":\"https:\\\/\\\/protectglobal.com\\\/es\\\/?s={search_term_string}\"},\"query-input\":{\"@type\":\"PropertyValueSpecification\",\"valueRequired\":true,\"valueName\":\"search_term_string\"}}],\"inLanguage\":\"es\"},{\"@type\":\"Organization\",\"@id\":\"https:\\\/\\\/protectglobal.com\\\/es\\\/#organization\",\"name\":\"PROTECT Fog Cannons\u2122\",\"url\":\"https:\\\/\\\/protectglobal.com\\\/es\\\/\",\"logo\":{\"@type\":\"ImageObject\",\"inLanguage\":\"es\",\"@id\":\"https:\\\/\\\/protectglobal.com\\\/es\\\/#\\\/schema\\\/logo\\\/image\\\/\",\"url\":\"https:\\\/\\\/protectglobal.com\\\/wp-content\\\/uploads\\\/2023\\\/10\\\/logo.svg\",\"contentUrl\":\"https:\\\/\\\/protectglobal.com\\\/wp-content\\\/uploads\\\/2023\\\/10\\\/logo.svg\",\"width\":90,\"height\":40,\"caption\":\"PROTECT Fog Cannons\u2122\"},\"image\":{\"@id\":\"https:\\\/\\\/protectglobal.com\\\/es\\\/#\\\/schema\\\/logo\\\/image\\\/\"},\"sameAs\":[\"https:\\\/\\\/www.facebook.com\\\/PROTECTFogCannon\\\/\",\"https:\\\/\\\/x.com\\\/PROTECTFOG\",\"https:\\\/\\\/www.linkedin.com\\\/company\\\/protect-a-s\\\/\",\"https:\\\/\\\/www.youtube.com\\\/user\\\/PROTECTFogCannon\"],\"description\":\"PROTECT\u2122 specializes in security fog solutions, protecting valuables in retail, banks, warehouses any many other industries across more than 50 countries. With over 175,000 fog cannons installed, our systems fill rooms with dense fog in seconds, deterring burglars and preventing theft. We focus on providing reliable, durable, and easy-to-install solutions for enhanced security and peace of mind.\",\"email\":\"info@protectglobal.com\",\"telephone\":\"+45 8672 1881\",\"legalName\":\"PROTECT A\\\/S\",\"foundingDate\":\"2000-09-28\",\"vatID\":\"25687272\",\"numberOfEmployees\":{\"@type\":\"QuantitativeValue\",\"minValue\":\"11\",\"maxValue\":\"50\"}}]}<\/script>\n<!-- \/ Yoast SEO Premium plugin. -->","yoast_head_json":{"title":"Placa met\u00e1lica de montaje - Para instalaci\u00f3n en techos altos","description":"La placa met\u00e1lica PROTECT\u2122 de montaje en techo permite que el ca\u00f1\u00f3n de niebla cuelgue firmemente sin oscilar durante la descarga.","robots":{"index":"index","follow":"follow","max-snippet":"max-snippet:-1","max-image-preview":"max-image-preview:large","max-video-preview":"max-video-preview:-1"},"canonical":"https:\/\/protectglobal.com\/es\/product\/placa-metalica-de-montaje-en-techo\/","og_locale":"es_ES","og_type":"article","og_title":"Placa met\u00e1lica de montaje en techo","og_description":"La placa met\u00e1lica PROTECT\u2122 de montaje en techo permite que el ca\u00f1\u00f3n de niebla cuelgue firmemente sin oscilar durante la descarga.","og_url":"https:\/\/protectglobal.com\/es\/product\/placa-metalica-de-montaje-en-techo\/","og_site_name":"Ca\u00f1ones de niebla PROTECT\u2122","article_publisher":"https:\/\/www.facebook.com\/PROTECTFogCannon\/","article_modified_time":"2025-02-25T11:52:32+00:00","og_image":[{"width":326,"height":408,"url":"https:\/\/protectglobal.com\/wp-content\/uploads\/2024\/03\/ceiling-mounting-plate.png","type":"image\/png"}],"twitter_card":"summary_large_image","twitter_site":"@PROTECTFOG","twitter_misc":{"Tiempo de lectura":"1 minuto"},"schema":{"@context":"https:\/\/schema.org","@graph":[{"@type":"WebPage","@id":"https:\/\/protectglobal.com\/es\/product\/placa-metalica-de-montaje-en-techo\/","url":"https:\/\/protectglobal.com\/es\/product\/placa-metalica-de-montaje-en-techo\/","name":"Placa met\u00e1lica de montaje - Para instalaci\u00f3n en techos altos","isPartOf":{"@id":"https:\/\/protectglobal.com\/es\/#website"},"primaryImageOfPage":{"@id":"https:\/\/protectglobal.com\/es\/product\/placa-metalica-de-montaje-en-techo\/#primaryimage"},"image":{"@id":"https:\/\/protectglobal.com\/es\/product\/placa-metalica-de-montaje-en-techo\/#primaryimage"},"thumbnailUrl":"https:\/\/protectglobal.com\/wp-content\/uploads\/2024\/03\/ceiling-mounting-plate.png","datePublished":"2024-03-19T12:42:42+00:00","dateModified":"2025-02-25T11:52:32+00:00","description":"La placa met\u00e1lica PROTECT\u2122 de montaje en techo permite que el ca\u00f1\u00f3n de niebla cuelgue firmemente sin oscilar durante la descarga.","breadcrumb":{"@id":"https:\/\/protectglobal.com\/es\/product\/placa-metalica-de-montaje-en-techo\/#breadcrumb"},"inLanguage":"es","potentialAction":[{"@type":"ReadAction","target":["https:\/\/protectglobal.com\/es\/product\/placa-metalica-de-montaje-en-techo\/"]}]},{"@type":"ImageObject","inLanguage":"es","@id":"https:\/\/protectglobal.com\/es\/product\/placa-metalica-de-montaje-en-techo\/#primaryimage","url":"https:\/\/protectglobal.com\/wp-content\/uploads\/2024\/03\/ceiling-mounting-plate.png","contentUrl":"https:\/\/protectglobal.com\/wp-content\/uploads\/2024\/03\/ceiling-mounting-plate.png","width":326,"height":408,"caption":"ceiling mounting metal plate"},{"@type":"BreadcrumbList","@id":"https:\/\/protectglobal.com\/es\/product\/placa-metalica-de-montaje-en-techo\/#breadcrumb","itemListElement":[{"@type":"ListItem","position":1,"name":"Hjem","item":"https:\/\/protectglobal.com\/es\/"},{"@type":"ListItem","position":2,"name":"Placa met\u00e1lica de montaje en techo"}]},{"@type":"WebSite","@id":"https:\/\/protectglobal.com\/es\/#website","url":"https:\/\/protectglobal.com\/es\/","name":"PROTECT Fog Cannons\u2122","description":"","publisher":{"@id":"https:\/\/protectglobal.com\/es\/#organization"},"potentialAction":[{"@type":"SearchAction","target":{"@type":"EntryPoint","urlTemplate":"https:\/\/protectglobal.com\/es\/?s={search_term_string}"},"query-input":{"@type":"PropertyValueSpecification","valueRequired":true,"valueName":"search_term_string"}}],"inLanguage":"es"},{"@type":"Organization","@id":"https:\/\/protectglobal.com\/es\/#organization","name":"PROTECT Fog Cannons\u2122","url":"https:\/\/protectglobal.com\/es\/","logo":{"@type":"ImageObject","inLanguage":"es","@id":"https:\/\/protectglobal.com\/es\/#\/schema\/logo\/image\/","url":"https:\/\/protectglobal.com\/wp-content\/uploads\/2023\/10\/logo.svg","contentUrl":"https:\/\/protectglobal.com\/wp-content\/uploads\/2023\/10\/logo.svg","width":90,"height":40,"caption":"PROTECT Fog Cannons\u2122"},"image":{"@id":"https:\/\/protectglobal.com\/es\/#\/schema\/logo\/image\/"},"sameAs":["https:\/\/www.facebook.com\/PROTECTFogCannon\/","https:\/\/x.com\/PROTECTFOG","https:\/\/www.linkedin.com\/company\/protect-a-s\/","https:\/\/www.youtube.com\/user\/PROTECTFogCannon"],"description":"PROTECT\u2122 specializes in security fog solutions, protecting valuables in retail, banks, warehouses any many other industries across more than 50 countries. With over 175,000 fog cannons installed, our systems fill rooms with dense fog in seconds, deterring burglars and preventing theft. We focus on providing reliable, durable, and easy-to-install solutions for enhanced security and peace of mind.","email":"info@protectglobal.com","telephone":"+45 8672 1881","legalName":"PROTECT A\/S","foundingDate":"2000-09-28","vatID":"25687272","numberOfEmployees":{"@type":"QuantitativeValue","minValue":"11","maxValue":"50"}}]}},"_links":{"self":[{"href":"https:\/\/protectglobal.com\/es\/wp-json\/wp\/v2\/product\/5390","targetHints":{"allow":["GET"]}}],"collection":[{"href":"https:\/\/protectglobal.com\/es\/wp-json\/wp\/v2\/product"}],"about":[{"href":"https:\/\/protectglobal.com\/es\/wp-json\/wp\/v2\/types\/product"}],"wp:featuredmedia":[{"embeddable":true,"href":"https:\/\/protectglobal.com\/es\/wp-json\/wp\/v2\/media\/8133"}],"wp:attachment":[{"href":"https:\/\/protectglobal.com\/es\/wp-json\/wp\/v2\/media?parent=5390"}],"wp:term":[{"taxonomy":"product-category","embeddable":true,"href":"https:\/\/protectglobal.com\/es\/wp-json\/wp\/v2\/product-category?post=5390"}],"curies":[{"name":"wp","href":"https:\/\/api.w.org\/{rel}","templated":true}]}}