{"id":5376,"date":"2024-03-19T11:47:20","date_gmt":"2024-03-19T11:47:20","guid":{"rendered":"https:\/\/protectglobal.com\/?post_type=product&#038;p=5376"},"modified":"2025-02-25T10:59:18","modified_gmt":"2025-02-25T10:59:18","slug":"protect-intellisuite","status":"publish","type":"product","link":"https:\/\/protectglobal.com\/es\/product\/protect-intellisuite\/","title":{"rendered":"PROTECT IntelliSuite\u2122"},"content":{"rendered":"\n\n<section class=\"content-toggle-block custom-block black py-5\" style=\"\">\n    <section class=\"py-xxl-5 py-5\">\n                <div class=\"switchable-content\">\n            <!-- Content option 1 -->\n                                                                <div class=\"content-option option-1 container\" aria-hidden=\"false\">\n                        <section class=\"row gap-lg-5\">\n                                                            <section class=\"column-1 col-12 col-lg mb-5 mb-lg-0\">\n                                    <blockquote class=\"mb-4 h2 font-white\"><h2>PROTECT IntelliSuite\u2122 &#8211; <span style=\"color: #3f75ff;\">herramienta de servicio inteligente<\/span> para instaladores de alarmas<\/h2>\n<\/blockquote>\n                                    <blockquote class=\"mb-5 fs-6 body-text font-white\"><p>IntelliSuite\u2122 es nuestra herramienta de software de diagn\u00f3stico gratuita que recupera tanto informaci\u00f3n en tiempo real como datos heredados del ca\u00f1\u00f3n de niebla.<\/p>\n<\/blockquote>\n                                    \n                                                                    <\/section>\n                                                                                            <section class=\"col-lg col-12 column-2 \">\n                                    <section class=\"accordion\">\n                                                                                    <div class=\"acc-item d-flex flex-column gap-3 pb-3 \">\n                                                <button class=\"acc-button w-100 text-start p-0 d-flex justify-content-between \">\n                                                    <h4 class=\"mb-0 fs-5\">Instalaci\u00f3n y servicio mejorados<\/h4>\n                                                    <svg class=\"acc-icon\" width=\"20\" height=\"20\" viewBox=\"0 0 20 20\" fill=\"none\" xmlns=\"http:\/\/www.w3.org\/2000\/svg\">\n                                                        <g clip-path=\"url(#clip0_2099_15870)\">\n                                                            <rect x=\"24.1421\" y=\"-2.28516\" width=\"5\" height=\"25\" transform=\"rotate(45 24.1421 -2.28516)\" fill=\"#DCDCDC\"\/>\n                                                            <rect x=\"-7.67773\" y=\"1.25\" width=\"5\" height=\"17.5\" transform=\"rotate(-45 -7.67773 1.25)\" fill=\"#DCDCDC\"\/>\n                                                        <\/g>\n                                                        <defs>\n                                                            <clipPath id=\"clip0_2099_15870\">\n                                                                <rect width=\"20\" height=\"20\" fill=\"white\" transform=\"translate(20) rotate(90)\"\/>\n                                                            <\/clipPath>\n                                                        <\/defs>\n                                                    <\/svg>\n                                                <\/button>\n                                                <div class=\"acc-content \" aria-hidden=\"true\">\n                                                    <blockquote class=\"body-text font-white\"><p>El uso de PROTECT IntelliSuite\u2122 ayuda a los instaladores de alarmas a realizar instalaciones de alta calidad y proporciona un servicio y una resoluci\u00f3n de problemas m\u00e1s eficaces y profesionales, lo que se traduce en clientes m\u00e1s satisfechos. El software tambi\u00e9n permite realizar una prueba de liberaci\u00f3n de niebla con s\u00f3lo pulsar un bot\u00f3n.<\/p>\n<\/blockquote>\n                                                <\/div>\n                                            <\/div>\n                                                                                    <div class=\"acc-item d-flex flex-column gap-3 pb-3 \">\n                                                <button class=\"acc-button w-100 text-start p-0 d-flex justify-content-between \">\n                                                    <h4 class=\"mb-0 fs-5\">F\u00e1cil conexi\u00f3n<\/h4>\n                                                    <svg class=\"acc-icon\" width=\"20\" height=\"20\" viewBox=\"0 0 20 20\" fill=\"none\" xmlns=\"http:\/\/www.w3.org\/2000\/svg\">\n                                                        <g clip-path=\"url(#clip0_2099_15870)\">\n                                                            <rect x=\"24.1421\" y=\"-2.28516\" width=\"5\" height=\"25\" transform=\"rotate(45 24.1421 -2.28516)\" fill=\"#DCDCDC\"\/>\n                                                            <rect x=\"-7.67773\" y=\"1.25\" width=\"5\" height=\"17.5\" transform=\"rotate(-45 -7.67773 1.25)\" fill=\"#DCDCDC\"\/>\n                                                        <\/g>\n                                                        <defs>\n                                                            <clipPath id=\"clip0_2099_15870\">\n                                                                <rect width=\"20\" height=\"20\" fill=\"white\" transform=\"translate(20) rotate(90)\"\/>\n                                                            <\/clipPath>\n                                                        <\/defs>\n                                                    <\/svg>\n                                                <\/button>\n                                                <div class=\"acc-content \" aria-hidden=\"true\">\n                                                    <blockquote class=\"body-text font-white\"><p>El instalador puede conectar un PC con IntelliSuite\u2122 al ca\u00f1\u00f3n de niebla mediante el IntelliConnector\u2122. Para gestionar varios ca\u00f1ones de niebla, con\u00e9ctalos de forma centralizada a trav\u00e9s de la IntelliBox\u2122. Adem\u00e1s, la versi\u00f3n IP de IntelliBox\u2122 o la IPCard\u2122 instalada en las m\u00e1quinas de niebla permiten el acceso remoto a varios ca\u00f1ones de niebla.<\/p>\n<\/blockquote>\n                                                <\/div>\n                                            <\/div>\n                                                                            <\/section>\n                                <\/section>\n                                                    <\/section>\n                    <\/div>\n                                        <!-- Content option 2 -->\n                    <\/div>\n    <\/section>\n<\/section>\n\n\n\n\n\n\n\n    <div class=\"two-column-list-block white-bg custom-block p-3 py-5 p-3\" style=\"\">\n        <section class=\"list-columns-wrapper container \" data-aos=\"fade-in\">\n\n\t\t\t\t\t\t\t<div class=\"font-dark mb-4\"><h2>Datos importantes sobre <span style=\"color: #3f75ff;\">PROTECT IntelliSuite\u2122<\/span>:<\/h2>\n<\/div>\n\t\t\t\n\t\t\t<blockquote class=\"d-lg-flex flex-row-reverse justify-content-between\">\n\n                <div class=\"list-col-1\">\n                                                <ul class=\"m-0 p-0\">\n                                \n                                    <li class=\"font-dark check custom-list\"><p>Se puede acceder remotamente a las instalaciones de niebla conectadas a Internet (mediante <a title=\"\" href=\"https:\/\/protectglobal.com\/es\/product\/protect-intellibox-ip\/\" target=\"_blank\" rel=\"noopener\">IntelliBox IP\u2122<\/a> o <a href=\"https:\/\/protectglobal.com\/es\/product\/protect-ipcard\/\" target=\"_blank\" rel=\"noopener\">IPCard\u2122<\/a>\u00a0) a trav\u00e9s de IntelliSuite\u2122<\/p>\n<\/li>\n\n                                                            <\/ul>\n                        \n\n                                    <\/div>\n                <div class=\"list-col-2\">\n                                                <ul class=\"m-0 p-0\">\n                                \n                                    <li class=\"font-dark check custom-list\"><p>Si inicias sesi\u00f3n como distribuidor, podr\u00e1s descargarte el software IntelliSuite\u2122 de forma gratuita en el <a href=\"https:\/\/protectglobal.com\/es\/download\/intellisuite-2-software\/\" target=\"_blank\" rel=\"noopener\">Centro de descargas PROTECT<\/a><\/p>\n<\/li>\n\n                                \n                                    <li class=\"font-dark check custom-list\"><p>Conectas el PC y el ca\u00f1\u00f3n de niebla con el cable <a title=\"\" href=\"https:\/\/protectglobal.com\/es\/product\/protect-intelliconnector\/\" target=\"_blank\" rel=\"noopener\">IntelliConnector\u2122<\/a><\/p>\n<\/li>\n\n                                                            <\/ul>\n                        \n\n                                    <\/div>\n\n\n            <\/blockquote>\n\n        <\/section>\n    <\/div>\n\n\n\n\n    <section class=\"product-image-slider-block overflow-hidden custom-block py-5 grey\" style=\"\">\n\t\t<div class=\"container py-xxl-5\" data-aos=\"fade-in\">\n\t\t\t<p class=\"section-label\">GALER\u00cdA DE PRODUCTOS<\/p>\n\t\t\t<div class=\"d-md-flex justify-content-between mb-4\">\n\t\t\t\t<blockquote class=\"heading-wrapper w-100\">\n\t\t\t\t\t<h2 class=\"h2\"><h2>PROTECT IntelliSuite\u2122<\/h2>\n<\/h2>\n\t\t\t\t<\/blockquote>\n\t\t\t\t<blockquote class=\"w-100\">\n\t\t\t\t\t<div class=\"body-text\"><p>El software PROTECT IntelliSuite\u2122 puede ayudar a los instaladores de alarmas a reparar y solucionar los problemas de los ca\u00f1ones de niebla PROTECT.<\/p>\n<\/div>\n\t\t\t\t<\/blockquote>\n\t\t\t<\/div>\n\t\t\t\t\t\t\t<div class=\"image-slider color-option\">\n\t\t\t\t\t\t\t\t\t\t\t<figure class=\"me-3\">\n\t\t\t\t\t\t\t<img decoding=\"async\" class=\"prod-img\" src=\"https:\/\/protectglobal.com\/wp-content\/uploads\/2024\/03\/intellisuite-3.png\" alt=\"protect IntelliSuite software\">\n\t\t\t\t\t\t\t<img decoding=\"async\" class=\"prod-img hidden\" src=\"\" alt=\"\">\n\t\t\t\t\t\t<\/figure>\n\t\t\t\t\t\t\t\t\t\t\t<figure class=\"me-3\">\n\t\t\t\t\t\t\t<img decoding=\"async\" class=\"prod-img\" src=\"https:\/\/protectglobal.com\/wp-content\/uploads\/2024\/03\/intellisuite-_2_-2.png\" alt=\"IntelliSuite dashboard\">\n\t\t\t\t\t\t\t<img decoding=\"async\" class=\"prod-img hidden\" src=\"\" alt=\"\">\n\t\t\t\t\t\t<\/figure>\n\t\t\t\t\t\t\t\t\t\t\t<figure class=\"me-3\">\n\t\t\t\t\t\t\t<img decoding=\"async\" class=\"prod-img\" src=\"https:\/\/protectglobal.com\/wp-content\/uploads\/2024\/03\/intellisuite-_3_-2.png\" alt=\"IntelliSuite report\">\n\t\t\t\t\t\t\t<img decoding=\"async\" class=\"prod-img hidden\" src=\"\" alt=\"\">\n\t\t\t\t\t\t<\/figure>\n\t\t\t\t\t\t\t\t\t\t\t<figure class=\"me-3\">\n\t\t\t\t\t\t\t<img decoding=\"async\" class=\"prod-img\" src=\"https:\/\/protectglobal.com\/wp-content\/uploads\/2024\/03\/intellisuite-_4_-2.png\" alt=\"InlettiSuite log\">\n\t\t\t\t\t\t\t<img decoding=\"async\" class=\"prod-img hidden\" src=\"\" alt=\"\">\n\t\t\t\t\t\t<\/figure>\n\t\t\t\t\t\t\t\t\t<\/div>\n\t\t\t\n\t\t\t<div class=\"navigation-dots-image gap-3 d-lg-none justify-content-center d-flex\"><\/div>\n\t\t\t<div class=\"d-flex justify-content-between align-items-center mt-4\">\n\t\t\t\t<div class=\"toggle-container mb-5 d-none\">\n\t\t\t\t\t<input type=\"checkbox\" id=\"toggle-color\" class=\"checkbox-color\" \/>\n\t\t\t\t\t<label for=\"toggle-color\" class=\"switch-color\" data-on=\"on\" data-off=\"off\"><\/label>\n\t\t\t\t\t\t\t\t\t\t\t\t\t<span class=\"a-text color-mode\">White<\/span>\n\t\t\t\t\t\t\t<span class=\"b-text color-mode\">Black<\/span>\n\t\t\t\t\t\t\n\t\t\t\t<\/div>\n\t\t\t\t<div class=\"navigation-arrows-image gap-3 d-none d-md-flex w-100 justify-content-end\"><\/div>\n\t\t\t<\/div>\n        <\/div>\n    <\/section>\n","protected":false},"featured_media":8189,"template":"","meta":{"_acf_changed":true,"inline_featured_image":false},"product-category":[166],"class_list":["post-5376","product","type-product","status-publish","has-post-thumbnail","hentry","product-category-servicio-de-monitoreo"],"acf":[],"yoast_head":"<!-- This site is optimized with the Yoast SEO Premium plugin v27.3 (Yoast SEO v27.3) - https:\/\/yoast.com\/product\/yoast-seo-premium-wordpress\/ -->\n<title>PROTECT IntelliSuite\u2122 - Herramienta de servicio inteligente<\/title>\n<meta name=\"description\" content=\"PROTECT IntelliSuite\u2122 es un software de diagn\u00f3stico que recupera informaci\u00f3n en tiempo real y datos anteriores del ca\u00f1\u00f3n de niebla.\" \/>\n<meta name=\"robots\" content=\"index, follow, max-snippet:-1, max-image-preview:large, max-video-preview:-1\" \/>\n<link rel=\"canonical\" href=\"https:\/\/protectglobal.com\/es\/product\/protect-intellisuite\/\" \/>\n<meta property=\"og:locale\" content=\"es_ES\" \/>\n<meta property=\"og:type\" content=\"article\" \/>\n<meta property=\"og:title\" content=\"PROTECT IntelliSuite\u2122\" \/>\n<meta property=\"og:description\" content=\"PROTECT IntelliSuite\u2122 es un software de diagn\u00f3stico que recupera informaci\u00f3n en tiempo real y datos anteriores del ca\u00f1\u00f3n de niebla.\" \/>\n<meta property=\"og:url\" content=\"https:\/\/protectglobal.com\/es\/product\/protect-intellisuite\/\" \/>\n<meta property=\"og:site_name\" content=\"Ca\u00f1ones de niebla PROTECT\u2122\" \/>\n<meta property=\"article:publisher\" content=\"https:\/\/www.facebook.com\/PROTECTFogCannon\/\" \/>\n<meta property=\"article:modified_time\" content=\"2025-02-25T10:59:18+00:00\" \/>\n<meta property=\"og:image\" content=\"https:\/\/protectglobal.com\/wp-content\/uploads\/2024\/03\/intellisuite-1.png\" \/>\n\t<meta property=\"og:image:width\" content=\"326\" \/>\n\t<meta property=\"og:image:height\" content=\"408\" \/>\n\t<meta property=\"og:image:type\" content=\"image\/png\" \/>\n<meta name=\"twitter:card\" content=\"summary_large_image\" \/>\n<meta name=\"twitter:site\" content=\"@PROTECTFOG\" \/>\n<meta name=\"twitter:label1\" content=\"Tiempo de lectura\" \/>\n\t<meta name=\"twitter:data1\" content=\"1 minuto\" \/>\n<script type=\"application\/ld+json\" class=\"yoast-schema-graph\">{\"@context\":\"https:\\\/\\\/schema.org\",\"@graph\":[{\"@type\":\"WebPage\",\"@id\":\"https:\\\/\\\/protectglobal.com\\\/es\\\/product\\\/protect-intellisuite\\\/\",\"url\":\"https:\\\/\\\/protectglobal.com\\\/es\\\/product\\\/protect-intellisuite\\\/\",\"name\":\"PROTECT IntelliSuite\u2122 - Herramienta de servicio inteligente\",\"isPartOf\":{\"@id\":\"https:\\\/\\\/protectglobal.com\\\/es\\\/#website\"},\"primaryImageOfPage\":{\"@id\":\"https:\\\/\\\/protectglobal.com\\\/es\\\/product\\\/protect-intellisuite\\\/#primaryimage\"},\"image\":{\"@id\":\"https:\\\/\\\/protectglobal.com\\\/es\\\/product\\\/protect-intellisuite\\\/#primaryimage\"},\"thumbnailUrl\":\"https:\\\/\\\/protectglobal.com\\\/wp-content\\\/uploads\\\/2024\\\/03\\\/intellisuite-1.png\",\"datePublished\":\"2024-03-19T11:47:20+00:00\",\"dateModified\":\"2025-02-25T10:59:18+00:00\",\"description\":\"PROTECT IntelliSuite\u2122 es un software de diagn\u00f3stico que recupera informaci\u00f3n en tiempo real y datos anteriores del ca\u00f1\u00f3n de niebla.\",\"breadcrumb\":{\"@id\":\"https:\\\/\\\/protectglobal.com\\\/es\\\/product\\\/protect-intellisuite\\\/#breadcrumb\"},\"inLanguage\":\"es\",\"potentialAction\":[{\"@type\":\"ReadAction\",\"target\":[\"https:\\\/\\\/protectglobal.com\\\/es\\\/product\\\/protect-intellisuite\\\/\"]}]},{\"@type\":\"ImageObject\",\"inLanguage\":\"es\",\"@id\":\"https:\\\/\\\/protectglobal.com\\\/es\\\/product\\\/protect-intellisuite\\\/#primaryimage\",\"url\":\"https:\\\/\\\/protectglobal.com\\\/wp-content\\\/uploads\\\/2024\\\/03\\\/intellisuite-1.png\",\"contentUrl\":\"https:\\\/\\\/protectglobal.com\\\/wp-content\\\/uploads\\\/2024\\\/03\\\/intellisuite-1.png\",\"width\":326,\"height\":408,\"caption\":\"IntelliSuite\"},{\"@type\":\"BreadcrumbList\",\"@id\":\"https:\\\/\\\/protectglobal.com\\\/es\\\/product\\\/protect-intellisuite\\\/#breadcrumb\",\"itemListElement\":[{\"@type\":\"ListItem\",\"position\":1,\"name\":\"Hjem\",\"item\":\"https:\\\/\\\/protectglobal.com\\\/es\\\/\"},{\"@type\":\"ListItem\",\"position\":2,\"name\":\"PROTECT IntelliSuite\u2122\"}]},{\"@type\":\"WebSite\",\"@id\":\"https:\\\/\\\/protectglobal.com\\\/es\\\/#website\",\"url\":\"https:\\\/\\\/protectglobal.com\\\/es\\\/\",\"name\":\"PROTECT Fog Cannons\u2122\",\"description\":\"\",\"publisher\":{\"@id\":\"https:\\\/\\\/protectglobal.com\\\/es\\\/#organization\"},\"potentialAction\":[{\"@type\":\"SearchAction\",\"target\":{\"@type\":\"EntryPoint\",\"urlTemplate\":\"https:\\\/\\\/protectglobal.com\\\/es\\\/?s={search_term_string}\"},\"query-input\":{\"@type\":\"PropertyValueSpecification\",\"valueRequired\":true,\"valueName\":\"search_term_string\"}}],\"inLanguage\":\"es\"},{\"@type\":\"Organization\",\"@id\":\"https:\\\/\\\/protectglobal.com\\\/es\\\/#organization\",\"name\":\"PROTECT Fog Cannons\u2122\",\"url\":\"https:\\\/\\\/protectglobal.com\\\/es\\\/\",\"logo\":{\"@type\":\"ImageObject\",\"inLanguage\":\"es\",\"@id\":\"https:\\\/\\\/protectglobal.com\\\/es\\\/#\\\/schema\\\/logo\\\/image\\\/\",\"url\":\"https:\\\/\\\/protectglobal.com\\\/wp-content\\\/uploads\\\/2023\\\/10\\\/logo.svg\",\"contentUrl\":\"https:\\\/\\\/protectglobal.com\\\/wp-content\\\/uploads\\\/2023\\\/10\\\/logo.svg\",\"width\":90,\"height\":40,\"caption\":\"PROTECT Fog Cannons\u2122\"},\"image\":{\"@id\":\"https:\\\/\\\/protectglobal.com\\\/es\\\/#\\\/schema\\\/logo\\\/image\\\/\"},\"sameAs\":[\"https:\\\/\\\/www.facebook.com\\\/PROTECTFogCannon\\\/\",\"https:\\\/\\\/x.com\\\/PROTECTFOG\",\"https:\\\/\\\/www.linkedin.com\\\/company\\\/protect-a-s\\\/\",\"https:\\\/\\\/www.youtube.com\\\/user\\\/PROTECTFogCannon\"],\"description\":\"PROTECT\u2122 specializes in security fog solutions, protecting valuables in retail, banks, warehouses any many other industries across more than 50 countries. With over 175,000 fog cannons installed, our systems fill rooms with dense fog in seconds, deterring burglars and preventing theft. We focus on providing reliable, durable, and easy-to-install solutions for enhanced security and peace of mind.\",\"email\":\"info@protectglobal.com\",\"telephone\":\"+45 8672 1881\",\"legalName\":\"PROTECT A\\\/S\",\"foundingDate\":\"2000-09-28\",\"vatID\":\"25687272\",\"numberOfEmployees\":{\"@type\":\"QuantitativeValue\",\"minValue\":\"11\",\"maxValue\":\"50\"}}]}<\/script>\n<!-- \/ Yoast SEO Premium plugin. -->","yoast_head_json":{"title":"PROTECT IntelliSuite\u2122 - Herramienta de servicio inteligente","description":"PROTECT IntelliSuite\u2122 es un software de diagn\u00f3stico que recupera informaci\u00f3n en tiempo real y datos anteriores del ca\u00f1\u00f3n de niebla.","robots":{"index":"index","follow":"follow","max-snippet":"max-snippet:-1","max-image-preview":"max-image-preview:large","max-video-preview":"max-video-preview:-1"},"canonical":"https:\/\/protectglobal.com\/es\/product\/protect-intellisuite\/","og_locale":"es_ES","og_type":"article","og_title":"PROTECT IntelliSuite\u2122","og_description":"PROTECT IntelliSuite\u2122 es un software de diagn\u00f3stico que recupera informaci\u00f3n en tiempo real y datos anteriores del ca\u00f1\u00f3n de niebla.","og_url":"https:\/\/protectglobal.com\/es\/product\/protect-intellisuite\/","og_site_name":"Ca\u00f1ones de niebla PROTECT\u2122","article_publisher":"https:\/\/www.facebook.com\/PROTECTFogCannon\/","article_modified_time":"2025-02-25T10:59:18+00:00","og_image":[{"width":326,"height":408,"url":"https:\/\/protectglobal.com\/wp-content\/uploads\/2024\/03\/intellisuite-1.png","type":"image\/png"}],"twitter_card":"summary_large_image","twitter_site":"@PROTECTFOG","twitter_misc":{"Tiempo de lectura":"1 minuto"},"schema":{"@context":"https:\/\/schema.org","@graph":[{"@type":"WebPage","@id":"https:\/\/protectglobal.com\/es\/product\/protect-intellisuite\/","url":"https:\/\/protectglobal.com\/es\/product\/protect-intellisuite\/","name":"PROTECT IntelliSuite\u2122 - Herramienta de servicio inteligente","isPartOf":{"@id":"https:\/\/protectglobal.com\/es\/#website"},"primaryImageOfPage":{"@id":"https:\/\/protectglobal.com\/es\/product\/protect-intellisuite\/#primaryimage"},"image":{"@id":"https:\/\/protectglobal.com\/es\/product\/protect-intellisuite\/#primaryimage"},"thumbnailUrl":"https:\/\/protectglobal.com\/wp-content\/uploads\/2024\/03\/intellisuite-1.png","datePublished":"2024-03-19T11:47:20+00:00","dateModified":"2025-02-25T10:59:18+00:00","description":"PROTECT IntelliSuite\u2122 es un software de diagn\u00f3stico que recupera informaci\u00f3n en tiempo real y datos anteriores del ca\u00f1\u00f3n de niebla.","breadcrumb":{"@id":"https:\/\/protectglobal.com\/es\/product\/protect-intellisuite\/#breadcrumb"},"inLanguage":"es","potentialAction":[{"@type":"ReadAction","target":["https:\/\/protectglobal.com\/es\/product\/protect-intellisuite\/"]}]},{"@type":"ImageObject","inLanguage":"es","@id":"https:\/\/protectglobal.com\/es\/product\/protect-intellisuite\/#primaryimage","url":"https:\/\/protectglobal.com\/wp-content\/uploads\/2024\/03\/intellisuite-1.png","contentUrl":"https:\/\/protectglobal.com\/wp-content\/uploads\/2024\/03\/intellisuite-1.png","width":326,"height":408,"caption":"IntelliSuite"},{"@type":"BreadcrumbList","@id":"https:\/\/protectglobal.com\/es\/product\/protect-intellisuite\/#breadcrumb","itemListElement":[{"@type":"ListItem","position":1,"name":"Hjem","item":"https:\/\/protectglobal.com\/es\/"},{"@type":"ListItem","position":2,"name":"PROTECT IntelliSuite\u2122"}]},{"@type":"WebSite","@id":"https:\/\/protectglobal.com\/es\/#website","url":"https:\/\/protectglobal.com\/es\/","name":"PROTECT Fog Cannons\u2122","description":"","publisher":{"@id":"https:\/\/protectglobal.com\/es\/#organization"},"potentialAction":[{"@type":"SearchAction","target":{"@type":"EntryPoint","urlTemplate":"https:\/\/protectglobal.com\/es\/?s={search_term_string}"},"query-input":{"@type":"PropertyValueSpecification","valueRequired":true,"valueName":"search_term_string"}}],"inLanguage":"es"},{"@type":"Organization","@id":"https:\/\/protectglobal.com\/es\/#organization","name":"PROTECT Fog Cannons\u2122","url":"https:\/\/protectglobal.com\/es\/","logo":{"@type":"ImageObject","inLanguage":"es","@id":"https:\/\/protectglobal.com\/es\/#\/schema\/logo\/image\/","url":"https:\/\/protectglobal.com\/wp-content\/uploads\/2023\/10\/logo.svg","contentUrl":"https:\/\/protectglobal.com\/wp-content\/uploads\/2023\/10\/logo.svg","width":90,"height":40,"caption":"PROTECT Fog Cannons\u2122"},"image":{"@id":"https:\/\/protectglobal.com\/es\/#\/schema\/logo\/image\/"},"sameAs":["https:\/\/www.facebook.com\/PROTECTFogCannon\/","https:\/\/x.com\/PROTECTFOG","https:\/\/www.linkedin.com\/company\/protect-a-s\/","https:\/\/www.youtube.com\/user\/PROTECTFogCannon"],"description":"PROTECT\u2122 specializes in security fog solutions, protecting valuables in retail, banks, warehouses any many other industries across more than 50 countries. With over 175,000 fog cannons installed, our systems fill rooms with dense fog in seconds, deterring burglars and preventing theft. We focus on providing reliable, durable, and easy-to-install solutions for enhanced security and peace of mind.","email":"info@protectglobal.com","telephone":"+45 8672 1881","legalName":"PROTECT A\/S","foundingDate":"2000-09-28","vatID":"25687272","numberOfEmployees":{"@type":"QuantitativeValue","minValue":"11","maxValue":"50"}}]}},"_links":{"self":[{"href":"https:\/\/protectglobal.com\/es\/wp-json\/wp\/v2\/product\/5376","targetHints":{"allow":["GET"]}}],"collection":[{"href":"https:\/\/protectglobal.com\/es\/wp-json\/wp\/v2\/product"}],"about":[{"href":"https:\/\/protectglobal.com\/es\/wp-json\/wp\/v2\/types\/product"}],"wp:featuredmedia":[{"embeddable":true,"href":"https:\/\/protectglobal.com\/es\/wp-json\/wp\/v2\/media\/8189"}],"wp:attachment":[{"href":"https:\/\/protectglobal.com\/es\/wp-json\/wp\/v2\/media?parent=5376"}],"wp:term":[{"taxonomy":"product-category","embeddable":true,"href":"https:\/\/protectglobal.com\/es\/wp-json\/wp\/v2\/product-category?post=5376"}],"curies":[{"name":"wp","href":"https:\/\/api.w.org\/{rel}","templated":true}]}}