{"id":5373,"date":"2023-05-19T11:32:00","date_gmt":"2023-05-19T11:32:00","guid":{"rendered":"https:\/\/protectglobal.com\/?post_type=product&#038;p=5373"},"modified":"2025-02-25T10:58:40","modified_gmt":"2025-02-25T10:58:40","slug":"liquido-antiniebla-xtra-3l","status":"publish","type":"product","link":"https:\/\/protectglobal.com\/es\/product\/liquido-antiniebla-xtra-3l\/","title":{"rendered":"L\u00edquido antiniebla XTRA+ 3L"},"content":{"rendered":"\n\n<section class=\"content-toggle-block custom-block black py-5\" style=\"\">\n    <section class=\"py-xxl-5 py-5\">\n                <div class=\"switchable-content\">\n            <!-- Content option 1 -->\n                                                                <div class=\"content-option option-1 container\" aria-hidden=\"false\">\n                        <section class=\"row gap-lg-5\">\n                                                            <section class=\"column-1 col-12 col-lg mb-5 mb-lg-0\">\n                                    <blockquote class=\"mb-4 h2 font-white\"><h2><span style=\"color: #3f75ff;\">L\u00edquido de niebla XTRA+<\/span> en envases s\u00f3lidos de recambio* para el ca\u00f1\u00f3n de niebla 2200i\u2122<\/h2>\n<\/blockquote>\n                                    <blockquote class=\"mb-5 fs-6 body-text font-white\"><p>El fluido de niebla PROTECT\u2122 XTRA+ se transforma en una niebla densa, seca y blanca que se asemeja al humo, pero que es totalmente at\u00f3xica y muy eficaz para disuadir la actividad delictiva. Denominado XTRA+ por su prolongado tiempo de suspensi\u00f3n de hasta una hora, garantiza una cobertura de seguridad sostenida en espacios cerrados.<\/p>\n<\/blockquote>\n                                    \n                                                                    <\/section>\n                                                                                            <section class=\"col-lg col-12 column-2 \">\n                                    <section class=\"accordion\">\n                                                                                    <div class=\"acc-item d-flex flex-column gap-3 pb-3 \">\n                                                <button class=\"acc-button w-100 text-start p-0 d-flex justify-content-between \">\n                                                    <h4 class=\"mb-0 fs-5\">Ventilaci\u00f3n post-vaho<\/h4>\n                                                    <svg class=\"acc-icon\" width=\"20\" height=\"20\" viewBox=\"0 0 20 20\" fill=\"none\" xmlns=\"http:\/\/www.w3.org\/2000\/svg\">\n                                                        <g clip-path=\"url(#clip0_2099_15870)\">\n                                                            <rect x=\"24.1421\" y=\"-2.28516\" width=\"5\" height=\"25\" transform=\"rotate(45 24.1421 -2.28516)\" fill=\"#DCDCDC\"\/>\n                                                            <rect x=\"-7.67773\" y=\"1.25\" width=\"5\" height=\"17.5\" transform=\"rotate(-45 -7.67773 1.25)\" fill=\"#DCDCDC\"\/>\n                                                        <\/g>\n                                                        <defs>\n                                                            <clipPath id=\"clip0_2099_15870\">\n                                                                <rect width=\"20\" height=\"20\" fill=\"white\" transform=\"translate(20) rotate(90)\"\/>\n                                                            <\/clipPath>\n                                                        <\/defs>\n                                                    <\/svg>\n                                                <\/button>\n                                                <div class=\"acc-content \" aria-hidden=\"true\">\n                                                    <blockquote class=\"body-text font-white\"><p>Tras activar la niebla, se recomienda ventilar la zona durante al menos 20 minutos en la primera hora para restablecer la calidad del aire y la visibilidad. Esta precauci\u00f3n favorece las pr\u00e1cticas seguras de despliegue tras la niebla.<\/p>\n<\/blockquote>\n                                                <\/div>\n                                            <\/div>\n                                                                                    <div class=\"acc-item d-flex flex-column gap-3 pb-3 \">\n                                                <button class=\"acc-button w-100 text-start p-0 d-flex justify-content-between \">\n                                                    <h4 class=\"mb-0 fs-5\">Integraci\u00f3n perfecta<\/h4>\n                                                    <svg class=\"acc-icon\" width=\"20\" height=\"20\" viewBox=\"0 0 20 20\" fill=\"none\" xmlns=\"http:\/\/www.w3.org\/2000\/svg\">\n                                                        <g clip-path=\"url(#clip0_2099_15870)\">\n                                                            <rect x=\"24.1421\" y=\"-2.28516\" width=\"5\" height=\"25\" transform=\"rotate(45 24.1421 -2.28516)\" fill=\"#DCDCDC\"\/>\n                                                            <rect x=\"-7.67773\" y=\"1.25\" width=\"5\" height=\"17.5\" transform=\"rotate(-45 -7.67773 1.25)\" fill=\"#DCDCDC\"\/>\n                                                        <\/g>\n                                                        <defs>\n                                                            <clipPath id=\"clip0_2099_15870\">\n                                                                <rect width=\"20\" height=\"20\" fill=\"white\" transform=\"translate(20) rotate(90)\"\/>\n                                                            <\/clipPath>\n                                                        <\/defs>\n                                                    <\/svg>\n                                                <\/button>\n                                                <div class=\"acc-content \" aria-hidden=\"true\">\n                                                    <blockquote class=\"body-text font-white\"><p>Dise\u00f1ado espec\u00edficamente para su uso con el ca\u00f1\u00f3n de niebla 2200i\u2122, este robusto contenedor de fluidos garantiza una integraci\u00f3n perfecta y un rendimiento fiable, lo que refuerza su papel en las soluciones integrales de seguridad.<\/p>\n<\/blockquote>\n                                                <\/div>\n                                            <\/div>\n                                                                            <\/section>\n                                <\/section>\n                                                    <\/section>\n                    <\/div>\n                                        <!-- Content option 2 -->\n                    <\/div>\n    <\/section>\n<\/section>\n\n\n\n\n\n\n\n    <div class=\"two-column-list-block white-bg custom-block p-3 py-5 p-3\" style=\"\">\n        <section class=\"list-columns-wrapper container \" data-aos=\"fade-in\">\n\n\t\t\t\t\t\t\t<div class=\"font-dark mb-4\"><h2>Datos importantes sobre <span style=\"color: #3f75ff;\">el contenedor de fluidos PROTECT 2200i\u2122<\/span>:<\/h2>\n<\/div>\n\t\t\t\n\t\t\t<blockquote class=\"d-lg-flex flex-row-reverse justify-content-between\">\n\n                <div class=\"list-col-1\">\n                                                <ul class=\"m-0 p-0\">\n                                \n                                    <li class=\"font-dark check custom-list\"><p>El instalador de la alarma te informar\u00e1 cuando el nivel de l\u00edquido sea bajo, o la m\u00e1quina de humo emitir\u00e1 un pitido y un destello (o ambas cosas)<\/p>\n<\/li>\n\n                                \n                                    <li class=\"font-dark check custom-list\"><p>Aprobado por laboratorios e institutos de ensayo de todo el mundo<\/p>\n<\/li>\n\n                                \n                                    <li class=\"font-dark exclaim custom-list\"><p>*Los recipientes de fluido para las m\u00e1quinas de humo 600i\u2122, 1100i\u2122 y 2200i\u2122 son reutilizables. Los recipientes rellenados est\u00e1n disponibles en algunos mercados a un precio reducido. Ponte en contacto con tu proveedor local para obtener m\u00e1s informaci\u00f3n<\/p>\n<\/li>\n\n                                                            <\/ul>\n                        \n\n                                    <\/div>\n                <div class=\"list-col-2\">\n                                                <ul class=\"m-0 p-0\">\n                                \n                                    <li class=\"font-dark check custom-list\"><p>Contiene 3 litros de l\u00edquido de niebla. Suficiente fluido para 5 descargas<\/p>\n<\/li>\n\n                                \n                                    <li class=\"font-dark check custom-list\"><p>XTRA+ contiene agua y glicol.<br \/>\nEs inofensivo para las personas y los animales, y no da\u00f1a los aparatos electr\u00f3nicos ni las instalaciones, etc.<\/p>\n<\/li>\n\n                                \n                                    <li class=\"font-dark check custom-list\"><p>Un instalador de alarmas autorizado debe sustituir este recipiente de fluido. Es r\u00e1pido y f\u00e1cil de sustituir sin derramar ni una gota<\/p>\n<\/li>\n\n                                                            <\/ul>\n                        \n\n                                    <\/div>\n\n\n            <\/blockquote>\n\n        <\/section>\n    <\/div>\n\n\n\n\n\n\n\n\n    <div class=\"text-media-block custom-block white py-5\" style=\"\">\n        <div data-aos=\"fade-in\" class=\"container py-xxl-5\">           \n            <blockquote class=\"content row space-between mb-4\">\t\n\n                \n                <div class=\"d-lg-flex justify-content-between media-text-content\">\n                                            <blockqoute class=\"heading h2 mb-4\"><h2>Observa la eficacia del <span style=\"color: #3f75ff;\">fluido PROTECT 2200i\u2122<\/span><\/h2>\n<\/blockqoute>\n                                                                <div class=\"col-sm body-text\"><p>Comprueba la eficacia del fluido de niebla PROTECT 2200i\u2122 y c\u00f3mo oscurece la visibilidad en pocos segundos en un gran almac\u00e9n.<\/p>\n<\/div>\n                                    <\/div>              \n            <\/blockquote>\n        <div>\n                                        \n                        <div class=\"video\">\n                            \n                            <video class=\"video-player d-block rounder w-100 object-fit-cover\" controls poster=\"https:\/\/protectglobal.com\/wp-content\/uploads\/2024\/05\/tobacco-warehouse-1024x576.jpg\">\n                                <source class=\"media-img\" src=\"https:\/\/protectglobal.com\/wp-content\/uploads\/2024\/05\/cigarette_warehouse.mov\" type=\"video\/mp4\">\n                            <\/video>\n                            <button aria-label=\"Play video\" class=\"d-none d-sm-block play-video p-2 d-flex justify-content-center align-items-center\">\n                                <svg width=\"24\" height=\"24\" viewBox=\"0 0 16 16\" fill=\"none\" xmlns=\"http:\/\/www.w3.org\/2000\/svg\">\n                                    <g clip-path=\"url(#clip0_985_29265)\">\n                                        <rect x=\"1.44727\" y=\"0.457031\" width=\"2.66667\" height=\"13.3333\" transform=\"rotate(-45 1.44727 0.457031)\" fill=\"white\"\/>\n                                        <rect x=\"3.33203\" y=\"17.4277\" width=\"2.66667\" height=\"9.33333\" transform=\"rotate(-135 3.33203 17.4277)\" fill=\"white\"\/>\n                                    <\/g>\n                                    <defs>\n                                            <clipPath id=\"clip0_985_29265\">\n                                            <rect width=\"10.6667\" height=\"10.6667\" fill=\"white\" transform=\"translate(2.66602 2.66602)\"\/>\n                                            <\/clipPath>\n                                    <\/defs>\n                                <\/svg>\n                            <\/button>\n                        <\/div>\n                                       \n                <\/div>\n                \n            \n        <\/div>\n    <\/div>\n\n","protected":false},"featured_media":8112,"template":"","meta":{"_acf_changed":true,"inline_featured_image":false},"product-category":[159],"class_list":["post-5373","product","type-product","status-publish","has-post-thumbnail","hentry","product-category-deposito-de-niebla"],"acf":[],"yoast_head":"<!-- This site is optimized with the Yoast SEO Premium plugin v27.3 (Yoast SEO v27.3) - https:\/\/yoast.com\/product\/yoast-seo-premium-wordpress\/ -->\n<title>PROTECT 2200i\u2122 fluidos - Recipiente para fluidos s\u00f3lidos<\/title>\n<meta name=\"description\" content=\"El fluido 2200i\u2122 genera una niebla seca, densa y blanca. Es totalmente inofensivo y muy eficaz contra los delincuentes.\" \/>\n<meta name=\"robots\" content=\"index, follow, max-snippet:-1, max-image-preview:large, max-video-preview:-1\" \/>\n<link rel=\"canonical\" href=\"https:\/\/protectglobal.com\/es\/product\/liquido-antiniebla-xtra-3l\/\" \/>\n<meta property=\"og:locale\" content=\"es_ES\" \/>\n<meta property=\"og:type\" content=\"article\" \/>\n<meta property=\"og:title\" content=\"L\u00edquido antiniebla XTRA+ 3L\" \/>\n<meta property=\"og:description\" content=\"El fluido 2200i\u2122 genera una niebla seca, densa y blanca. Es totalmente inofensivo y muy eficaz contra los delincuentes.\" \/>\n<meta property=\"og:url\" content=\"https:\/\/protectglobal.com\/es\/product\/liquido-antiniebla-xtra-3l\/\" \/>\n<meta property=\"og:site_name\" content=\"Ca\u00f1ones de niebla PROTECT\u2122\" \/>\n<meta property=\"article:publisher\" content=\"https:\/\/www.facebook.com\/PROTECTFogCannon\/\" \/>\n<meta property=\"article:modified_time\" content=\"2025-02-25T10:58:40+00:00\" \/>\n<meta property=\"og:image\" content=\"https:\/\/protectglobal.com\/wp-content\/uploads\/2024\/03\/2200i-fluid.png\" \/>\n\t<meta property=\"og:image:width\" content=\"326\" \/>\n\t<meta property=\"og:image:height\" content=\"408\" \/>\n\t<meta property=\"og:image:type\" content=\"image\/png\" \/>\n<meta name=\"twitter:card\" content=\"summary_large_image\" \/>\n<meta name=\"twitter:site\" content=\"@PROTECTFOG\" \/>\n<meta name=\"twitter:label1\" content=\"Tiempo de lectura\" \/>\n\t<meta name=\"twitter:data1\" content=\"1 minuto\" \/>\n<script type=\"application\/ld+json\" class=\"yoast-schema-graph\">{\"@context\":\"https:\\\/\\\/schema.org\",\"@graph\":[{\"@type\":\"WebPage\",\"@id\":\"https:\\\/\\\/protectglobal.com\\\/es\\\/product\\\/liquido-antiniebla-xtra-3l\\\/\",\"url\":\"https:\\\/\\\/protectglobal.com\\\/es\\\/product\\\/liquido-antiniebla-xtra-3l\\\/\",\"name\":\"PROTECT 2200i\u2122 fluidos - Recipiente para fluidos s\u00f3lidos\",\"isPartOf\":{\"@id\":\"https:\\\/\\\/protectglobal.com\\\/es\\\/#website\"},\"primaryImageOfPage\":{\"@id\":\"https:\\\/\\\/protectglobal.com\\\/es\\\/product\\\/liquido-antiniebla-xtra-3l\\\/#primaryimage\"},\"image\":{\"@id\":\"https:\\\/\\\/protectglobal.com\\\/es\\\/product\\\/liquido-antiniebla-xtra-3l\\\/#primaryimage\"},\"thumbnailUrl\":\"https:\\\/\\\/protectglobal.com\\\/wp-content\\\/uploads\\\/2024\\\/03\\\/2200i-fluid.png\",\"datePublished\":\"2023-05-19T11:32:00+00:00\",\"dateModified\":\"2025-02-25T10:58:40+00:00\",\"description\":\"El fluido 2200i\u2122 genera una niebla seca, densa y blanca. Es totalmente inofensivo y muy eficaz contra los delincuentes.\",\"breadcrumb\":{\"@id\":\"https:\\\/\\\/protectglobal.com\\\/es\\\/product\\\/liquido-antiniebla-xtra-3l\\\/#breadcrumb\"},\"inLanguage\":\"es\",\"potentialAction\":[{\"@type\":\"ReadAction\",\"target\":[\"https:\\\/\\\/protectglobal.com\\\/es\\\/product\\\/liquido-antiniebla-xtra-3l\\\/\"]}]},{\"@type\":\"ImageObject\",\"inLanguage\":\"es\",\"@id\":\"https:\\\/\\\/protectglobal.com\\\/es\\\/product\\\/liquido-antiniebla-xtra-3l\\\/#primaryimage\",\"url\":\"https:\\\/\\\/protectglobal.com\\\/wp-content\\\/uploads\\\/2024\\\/03\\\/2200i-fluid.png\",\"contentUrl\":\"https:\\\/\\\/protectglobal.com\\\/wp-content\\\/uploads\\\/2024\\\/03\\\/2200i-fluid.png\",\"width\":326,\"height\":408,\"caption\":\"2200i fluid\"},{\"@type\":\"BreadcrumbList\",\"@id\":\"https:\\\/\\\/protectglobal.com\\\/es\\\/product\\\/liquido-antiniebla-xtra-3l\\\/#breadcrumb\",\"itemListElement\":[{\"@type\":\"ListItem\",\"position\":1,\"name\":\"Hjem\",\"item\":\"https:\\\/\\\/protectglobal.com\\\/es\\\/\"},{\"@type\":\"ListItem\",\"position\":2,\"name\":\"L\u00edquido antiniebla XTRA+ 3L\"}]},{\"@type\":\"WebSite\",\"@id\":\"https:\\\/\\\/protectglobal.com\\\/es\\\/#website\",\"url\":\"https:\\\/\\\/protectglobal.com\\\/es\\\/\",\"name\":\"PROTECT Fog Cannons\u2122\",\"description\":\"\",\"publisher\":{\"@id\":\"https:\\\/\\\/protectglobal.com\\\/es\\\/#organization\"},\"potentialAction\":[{\"@type\":\"SearchAction\",\"target\":{\"@type\":\"EntryPoint\",\"urlTemplate\":\"https:\\\/\\\/protectglobal.com\\\/es\\\/?s={search_term_string}\"},\"query-input\":{\"@type\":\"PropertyValueSpecification\",\"valueRequired\":true,\"valueName\":\"search_term_string\"}}],\"inLanguage\":\"es\"},{\"@type\":\"Organization\",\"@id\":\"https:\\\/\\\/protectglobal.com\\\/es\\\/#organization\",\"name\":\"PROTECT Fog Cannons\u2122\",\"url\":\"https:\\\/\\\/protectglobal.com\\\/es\\\/\",\"logo\":{\"@type\":\"ImageObject\",\"inLanguage\":\"es\",\"@id\":\"https:\\\/\\\/protectglobal.com\\\/es\\\/#\\\/schema\\\/logo\\\/image\\\/\",\"url\":\"https:\\\/\\\/protectglobal.com\\\/wp-content\\\/uploads\\\/2023\\\/10\\\/logo.svg\",\"contentUrl\":\"https:\\\/\\\/protectglobal.com\\\/wp-content\\\/uploads\\\/2023\\\/10\\\/logo.svg\",\"width\":90,\"height\":40,\"caption\":\"PROTECT Fog Cannons\u2122\"},\"image\":{\"@id\":\"https:\\\/\\\/protectglobal.com\\\/es\\\/#\\\/schema\\\/logo\\\/image\\\/\"},\"sameAs\":[\"https:\\\/\\\/www.facebook.com\\\/PROTECTFogCannon\\\/\",\"https:\\\/\\\/x.com\\\/PROTECTFOG\",\"https:\\\/\\\/www.linkedin.com\\\/company\\\/protect-a-s\\\/\",\"https:\\\/\\\/www.youtube.com\\\/user\\\/PROTECTFogCannon\"],\"description\":\"PROTECT\u2122 specializes in security fog solutions, protecting valuables in retail, banks, warehouses any many other industries across more than 50 countries. With over 175,000 fog cannons installed, our systems fill rooms with dense fog in seconds, deterring burglars and preventing theft. We focus on providing reliable, durable, and easy-to-install solutions for enhanced security and peace of mind.\",\"email\":\"info@protectglobal.com\",\"telephone\":\"+45 8672 1881\",\"legalName\":\"PROTECT A\\\/S\",\"foundingDate\":\"2000-09-28\",\"vatID\":\"25687272\",\"numberOfEmployees\":{\"@type\":\"QuantitativeValue\",\"minValue\":\"11\",\"maxValue\":\"50\"}}]}<\/script>\n<!-- \/ Yoast SEO Premium plugin. -->","yoast_head_json":{"title":"PROTECT 2200i\u2122 fluidos - Recipiente para fluidos s\u00f3lidos","description":"El fluido 2200i\u2122 genera una niebla seca, densa y blanca. Es totalmente inofensivo y muy eficaz contra los delincuentes.","robots":{"index":"index","follow":"follow","max-snippet":"max-snippet:-1","max-image-preview":"max-image-preview:large","max-video-preview":"max-video-preview:-1"},"canonical":"https:\/\/protectglobal.com\/es\/product\/liquido-antiniebla-xtra-3l\/","og_locale":"es_ES","og_type":"article","og_title":"L\u00edquido antiniebla XTRA+ 3L","og_description":"El fluido 2200i\u2122 genera una niebla seca, densa y blanca. Es totalmente inofensivo y muy eficaz contra los delincuentes.","og_url":"https:\/\/protectglobal.com\/es\/product\/liquido-antiniebla-xtra-3l\/","og_site_name":"Ca\u00f1ones de niebla PROTECT\u2122","article_publisher":"https:\/\/www.facebook.com\/PROTECTFogCannon\/","article_modified_time":"2025-02-25T10:58:40+00:00","og_image":[{"width":326,"height":408,"url":"https:\/\/protectglobal.com\/wp-content\/uploads\/2024\/03\/2200i-fluid.png","type":"image\/png"}],"twitter_card":"summary_large_image","twitter_site":"@PROTECTFOG","twitter_misc":{"Tiempo de lectura":"1 minuto"},"schema":{"@context":"https:\/\/schema.org","@graph":[{"@type":"WebPage","@id":"https:\/\/protectglobal.com\/es\/product\/liquido-antiniebla-xtra-3l\/","url":"https:\/\/protectglobal.com\/es\/product\/liquido-antiniebla-xtra-3l\/","name":"PROTECT 2200i\u2122 fluidos - Recipiente para fluidos s\u00f3lidos","isPartOf":{"@id":"https:\/\/protectglobal.com\/es\/#website"},"primaryImageOfPage":{"@id":"https:\/\/protectglobal.com\/es\/product\/liquido-antiniebla-xtra-3l\/#primaryimage"},"image":{"@id":"https:\/\/protectglobal.com\/es\/product\/liquido-antiniebla-xtra-3l\/#primaryimage"},"thumbnailUrl":"https:\/\/protectglobal.com\/wp-content\/uploads\/2024\/03\/2200i-fluid.png","datePublished":"2023-05-19T11:32:00+00:00","dateModified":"2025-02-25T10:58:40+00:00","description":"El fluido 2200i\u2122 genera una niebla seca, densa y blanca. Es totalmente inofensivo y muy eficaz contra los delincuentes.","breadcrumb":{"@id":"https:\/\/protectglobal.com\/es\/product\/liquido-antiniebla-xtra-3l\/#breadcrumb"},"inLanguage":"es","potentialAction":[{"@type":"ReadAction","target":["https:\/\/protectglobal.com\/es\/product\/liquido-antiniebla-xtra-3l\/"]}]},{"@type":"ImageObject","inLanguage":"es","@id":"https:\/\/protectglobal.com\/es\/product\/liquido-antiniebla-xtra-3l\/#primaryimage","url":"https:\/\/protectglobal.com\/wp-content\/uploads\/2024\/03\/2200i-fluid.png","contentUrl":"https:\/\/protectglobal.com\/wp-content\/uploads\/2024\/03\/2200i-fluid.png","width":326,"height":408,"caption":"2200i fluid"},{"@type":"BreadcrumbList","@id":"https:\/\/protectglobal.com\/es\/product\/liquido-antiniebla-xtra-3l\/#breadcrumb","itemListElement":[{"@type":"ListItem","position":1,"name":"Hjem","item":"https:\/\/protectglobal.com\/es\/"},{"@type":"ListItem","position":2,"name":"L\u00edquido antiniebla XTRA+ 3L"}]},{"@type":"WebSite","@id":"https:\/\/protectglobal.com\/es\/#website","url":"https:\/\/protectglobal.com\/es\/","name":"PROTECT Fog Cannons\u2122","description":"","publisher":{"@id":"https:\/\/protectglobal.com\/es\/#organization"},"potentialAction":[{"@type":"SearchAction","target":{"@type":"EntryPoint","urlTemplate":"https:\/\/protectglobal.com\/es\/?s={search_term_string}"},"query-input":{"@type":"PropertyValueSpecification","valueRequired":true,"valueName":"search_term_string"}}],"inLanguage":"es"},{"@type":"Organization","@id":"https:\/\/protectglobal.com\/es\/#organization","name":"PROTECT Fog Cannons\u2122","url":"https:\/\/protectglobal.com\/es\/","logo":{"@type":"ImageObject","inLanguage":"es","@id":"https:\/\/protectglobal.com\/es\/#\/schema\/logo\/image\/","url":"https:\/\/protectglobal.com\/wp-content\/uploads\/2023\/10\/logo.svg","contentUrl":"https:\/\/protectglobal.com\/wp-content\/uploads\/2023\/10\/logo.svg","width":90,"height":40,"caption":"PROTECT Fog Cannons\u2122"},"image":{"@id":"https:\/\/protectglobal.com\/es\/#\/schema\/logo\/image\/"},"sameAs":["https:\/\/www.facebook.com\/PROTECTFogCannon\/","https:\/\/x.com\/PROTECTFOG","https:\/\/www.linkedin.com\/company\/protect-a-s\/","https:\/\/www.youtube.com\/user\/PROTECTFogCannon"],"description":"PROTECT\u2122 specializes in security fog solutions, protecting valuables in retail, banks, warehouses any many other industries across more than 50 countries. With over 175,000 fog cannons installed, our systems fill rooms with dense fog in seconds, deterring burglars and preventing theft. We focus on providing reliable, durable, and easy-to-install solutions for enhanced security and peace of mind.","email":"info@protectglobal.com","telephone":"+45 8672 1881","legalName":"PROTECT A\/S","foundingDate":"2000-09-28","vatID":"25687272","numberOfEmployees":{"@type":"QuantitativeValue","minValue":"11","maxValue":"50"}}]}},"_links":{"self":[{"href":"https:\/\/protectglobal.com\/es\/wp-json\/wp\/v2\/product\/5373","targetHints":{"allow":["GET"]}}],"collection":[{"href":"https:\/\/protectglobal.com\/es\/wp-json\/wp\/v2\/product"}],"about":[{"href":"https:\/\/protectglobal.com\/es\/wp-json\/wp\/v2\/types\/product"}],"wp:featuredmedia":[{"embeddable":true,"href":"https:\/\/protectglobal.com\/es\/wp-json\/wp\/v2\/media\/8112"}],"wp:attachment":[{"href":"https:\/\/protectglobal.com\/es\/wp-json\/wp\/v2\/media?parent=5373"}],"wp:term":[{"taxonomy":"product-category","embeddable":true,"href":"https:\/\/protectglobal.com\/es\/wp-json\/wp\/v2\/product-category?post=5373"}],"curies":[{"name":"wp","href":"https:\/\/api.w.org\/{rel}","templated":true}]}}