{"id":5371,"date":"2024-03-19T10:56:32","date_gmt":"2024-03-19T10:56:32","guid":{"rendered":"https:\/\/protectglobal.com\/?post_type=product&#038;p=5371"},"modified":"2025-02-25T10:58:56","modified_gmt":"2025-02-25T10:58:56","slug":"bolsa-para-fluidos-protect-qumulus","status":"publish","type":"product","link":"https:\/\/protectglobal.com\/es\/product\/bolsa-para-fluidos-protect-qumulus\/","title":{"rendered":"Bolsa para fluidos PROTECT QUMULUS\u00ae"},"content":{"rendered":"\n\n<section class=\"content-toggle-block custom-block black py-5\" style=\"\">\n    <section class=\"py-xxl-5 py-5\">\n                <div class=\"switchable-content\">\n            <!-- Content option 1 -->\n                                                                <div class=\"content-option option-1 container\" aria-hidden=\"false\">\n                        <section class=\"row gap-lg-5\">\n                                                            <section class=\"column-1 col-12 col-lg mb-5 mb-lg-0\">\n                                    <blockquote class=\"mb-4 h2 font-white\"><h2>Bolsa para fluidos <span style=\"color: #3f75ff;\">PROTECT QUMULUS\u00ae<\/span><\/h2>\n<p>&nbsp;<\/p>\n<\/blockquote>\n                                    <blockquote class=\"mb-5 fs-6 body-text font-white\"><p>El fluido PROTECT QUMULUS\u00ae produce una niebla densa, seca y blanca que se asemeja mucho al humo, pero que es totalmente inofensiva, proporcionando un poderoso elemento disuasorio contra los intrusos y garantizando al mismo tiempo la seguridad de las personas y los objetos de valor.<\/p>\n<\/blockquote>\n                                    \n                                                                    <\/section>\n                                                                                            <section class=\"col-lg col-12 column-2 \">\n                                    <section class=\"accordion\">\n                                                                                    <div class=\"acc-item d-flex flex-column gap-3 pb-3 \">\n                                                <button class=\"acc-button w-100 text-start p-0 d-flex justify-content-between \">\n                                                    <h4 class=\"mb-0 fs-5\">Oscurecimiento efectivo de la visibilidad<\/h4>\n                                                    <svg class=\"acc-icon\" width=\"20\" height=\"20\" viewBox=\"0 0 20 20\" fill=\"none\" xmlns=\"http:\/\/www.w3.org\/2000\/svg\">\n                                                        <g clip-path=\"url(#clip0_2099_15870)\">\n                                                            <rect x=\"24.1421\" y=\"-2.28516\" width=\"5\" height=\"25\" transform=\"rotate(45 24.1421 -2.28516)\" fill=\"#DCDCDC\"\/>\n                                                            <rect x=\"-7.67773\" y=\"1.25\" width=\"5\" height=\"17.5\" transform=\"rotate(-45 -7.67773 1.25)\" fill=\"#DCDCDC\"\/>\n                                                        <\/g>\n                                                        <defs>\n                                                            <clipPath id=\"clip0_2099_15870\">\n                                                                <rect width=\"20\" height=\"20\" fill=\"white\" transform=\"translate(20) rotate(90)\"\/>\n                                                            <\/clipPath>\n                                                        <\/defs>\n                                                    <\/svg>\n                                                <\/button>\n                                                <div class=\"acc-content \" aria-hidden=\"true\">\n                                                    <blockquote class=\"body-text font-white\"><p>Este avanzado fluido de niebla permanece suspendido en la habitaci\u00f3n hasta una hora, oscureciendo la visibilidad e impidiendo eficazmente la actividad delictiva. Tras la activaci\u00f3n de la niebla, se recomienda ventilar la zona durante un m\u00ednimo de 20 minutos para garantizar la calidad \u00f3ptima del aire y el restablecimiento de la visibilidad.<\/p>\n<\/blockquote>\n                                                <\/div>\n                                            <\/div>\n                                                                                    <div class=\"acc-item d-flex flex-column gap-3 pb-3 \">\n                                                <button class=\"acc-button w-100 text-start p-0 d-flex justify-content-between \">\n                                                    <h4 class=\"mb-0 fs-5\">F\u00e1cil sustituci\u00f3n<\/h4>\n                                                    <svg class=\"acc-icon\" width=\"20\" height=\"20\" viewBox=\"0 0 20 20\" fill=\"none\" xmlns=\"http:\/\/www.w3.org\/2000\/svg\">\n                                                        <g clip-path=\"url(#clip0_2099_15870)\">\n                                                            <rect x=\"24.1421\" y=\"-2.28516\" width=\"5\" height=\"25\" transform=\"rotate(45 24.1421 -2.28516)\" fill=\"#DCDCDC\"\/>\n                                                            <rect x=\"-7.67773\" y=\"1.25\" width=\"5\" height=\"17.5\" transform=\"rotate(-45 -7.67773 1.25)\" fill=\"#DCDCDC\"\/>\n                                                        <\/g>\n                                                        <defs>\n                                                            <clipPath id=\"clip0_2099_15870\">\n                                                                <rect width=\"20\" height=\"20\" fill=\"white\" transform=\"translate(20) rotate(90)\"\/>\n                                                            <\/clipPath>\n                                                        <\/defs>\n                                                    <\/svg>\n                                                <\/button>\n                                                <div class=\"acc-content \" aria-hidden=\"true\">\n                                                    <blockquote class=\"body-text font-white\"><p>El cambio de la bolsa de fluido QUMULUS\u00ae est\u00e1 dise\u00f1ado para facilitar su uso, permitiendo a los usuarios finales realizar sustituciones sin necesidad de herramientas especiales ni arriesgarse a derrames. Esta caracter\u00edstica de f\u00e1cil uso acent\u00faa la comodidad y garantiza la disponibilidad continua del sistema de ca\u00f1\u00f3n de niebla para mejorar las medidas de seguridad.<\/p>\n<\/blockquote>\n                                                <\/div>\n                                            <\/div>\n                                                                            <\/section>\n                                <\/section>\n                                                    <\/section>\n                    <\/div>\n                                        <!-- Content option 2 -->\n                    <\/div>\n    <\/section>\n<\/section>\n\n\n\n\n\n\n\n    <div class=\"two-column-list-block white-bg custom-block p-3 py-5 p-3\" style=\"\">\n        <section class=\"list-columns-wrapper container \" data-aos=\"fade-in\">\n\n\t\t\t\t\t\t\t<div class=\"font-dark mb-4\"><h2>Datos importantes sobre <span style=\"color: #3f75ff;\">la bolsa de fluidos PROTECT QUMULUS\u00ae<\/span>:<\/h2>\n<\/div>\n\t\t\t\n\t\t\t<blockquote class=\"d-lg-flex flex-row-reverse justify-content-between\">\n\n                <div class=\"list-col-1\">\n                                                <ul class=\"m-0 p-0\">\n                                \n                                    <li class=\"font-dark check custom-list\"><p>Aprobado por laboratorios e institutos de ensayo de todo el mundo<\/p>\n<\/li>\n\n                                \n                                    <li class=\"font-dark check custom-list\"><p>La bolsa no contiene propelentes ni productos qu\u00edmicos peligrosos. Clasificada como residuo<\/p>\n<\/li>\n\n                                \n                                    <li class=\"font-dark exclaim custom-list\"><p>*Siempre debe realizarse una prueba de cocci\u00f3n de la instalaci\u00f3n y evaluarse con respecto al c\u00e1lculo de metros c\u00fabicos<\/p>\n<\/li>\n\n                                                            <\/ul>\n                        \n\n                                    <\/div>\n                <div class=\"list-col-2\">\n                                                <ul class=\"m-0 p-0\">\n                                \n                                    <li class=\"font-dark check custom-list\"><p>Es r\u00e1pido y f\u00e1cil sustituir la bolsa de fluido sin derramar ni una gota<\/p>\n<\/li>\n\n                                \n                                    <li class=\"font-dark check custom-list\"><p>Contiene 400 ml de l\u00edquido de niebla, suficiente para 4 descargas<\/p>\n<\/li>\n\n                                \n                                    <li class=\"font-dark check custom-list\"><p>El instalador de tu alarma te informar\u00e1 cuando el nivel de l\u00edquido sea bajo, o el ca\u00f1\u00f3n de niebla pitar\u00e1 y parpadear\u00e1 (o ambas cosas)<\/p>\n<\/li>\n\n                                \n                                    <li class=\"font-dark check custom-list\"><p>El fluido PROTECT QUMULUS\u00ae contiene agua y glicol. Es inofensivo para las personas y los animales, y no causar\u00e1 da\u00f1os a los componentes electr\u00f3nicos ni a las instalaciones, etc.<\/p>\n<\/li>\n\n                                                            <\/ul>\n                        \n\n                                    <\/div>\n\n\n            <\/blockquote>\n\n        <\/section>\n    <\/div>\n\n\n\n\n    <section class=\"product-image-slider-block overflow-hidden custom-block py-5 grey\" style=\"\">\n\t\t<div class=\"container py-xxl-5\" data-aos=\"fade-in\">\n\t\t\t<p class=\"section-label\">GALER\u00cdA DE PRODUCTOS<\/p>\n\t\t\t<div class=\"d-md-flex justify-content-between mb-4\">\n\t\t\t\t<blockquote class=\"heading-wrapper w-100\">\n\t\t\t\t\t<h2 class=\"h2\"><h2>Bolsa para fluidos PROTECT QUMULUS\u00ae<\/h2>\n<\/h2>\n\t\t\t\t<\/blockquote>\n\t\t\t\t<blockquote class=\"w-100\">\n\t\t\t\t\t<div class=\"body-text\"><p>La bolsa de fluidos PROTECT QUMULUS\u00ae es r\u00e1pida y f\u00e1cil de sustituir, lo que garantiza una manipulaci\u00f3n sencilla.<\/p>\n<\/div>\n\t\t\t\t<\/blockquote>\n\t\t\t<\/div>\n\t\t\t\t\t\t\t<div class=\"image-slider color-option\">\n\t\t\t\t\t\t\t\t\t\t\t<figure class=\"me-3\">\n\t\t\t\t\t\t\t<img decoding=\"async\" class=\"prod-img\" src=\"https:\/\/protectglobal.com\/wp-content\/uploads\/2024\/03\/fluidchange3-1-1024x681.jpg\" alt=\"qumulus fluid change\">\n\t\t\t\t\t\t\t<img decoding=\"async\" class=\"prod-img hidden\" src=\"\" alt=\"\">\n\t\t\t\t\t\t<\/figure>\n\t\t\t\t\t\t\t\t\t\t\t<figure class=\"me-3\">\n\t\t\t\t\t\t\t<img decoding=\"async\" class=\"prod-img\" src=\"https:\/\/protectglobal.com\/wp-content\/uploads\/2024\/03\/fluidchange6-1-1024x682.jpg\" alt=\"qumulus fluid bag\">\n\t\t\t\t\t\t\t<img decoding=\"async\" class=\"prod-img hidden\" src=\"\" alt=\"\">\n\t\t\t\t\t\t<\/figure>\n\t\t\t\t\t\t\t\t\t\t\t<figure class=\"me-3\">\n\t\t\t\t\t\t\t<img decoding=\"async\" class=\"prod-img\" src=\"https:\/\/protectglobal.com\/wp-content\/uploads\/2024\/03\/fluidchange13-1-1024x682.jpg\" alt=\"qumulus fluid bag\">\n\t\t\t\t\t\t\t<img decoding=\"async\" class=\"prod-img hidden\" src=\"\" alt=\"\">\n\t\t\t\t\t\t<\/figure>\n\t\t\t\t\t\t\t\t\t<\/div>\n\t\t\t\n\t\t\t<div class=\"navigation-dots-image gap-3 d-lg-none justify-content-center d-flex\"><\/div>\n\t\t\t<div class=\"d-flex justify-content-between align-items-center mt-4\">\n\t\t\t\t<div class=\"toggle-container mb-5 d-none\">\n\t\t\t\t\t<input type=\"checkbox\" id=\"toggle-color\" class=\"checkbox-color\" \/>\n\t\t\t\t\t<label for=\"toggle-color\" class=\"switch-color\" data-on=\"on\" data-off=\"off\"><\/label>\n\t\t\t\t\t\t\t\t\t\t\t\t\t<span class=\"a-text color-mode\">White<\/span>\n\t\t\t\t\t\t\t<span class=\"b-text color-mode\">Black<\/span>\n\t\t\t\t\t\t\n\t\t\t\t<\/div>\n\t\t\t\t<div class=\"navigation-arrows-image gap-3 d-none d-md-flex w-100 justify-content-end\"><\/div>\n\t\t\t<\/div>\n        <\/div>\n    <\/section>\n\n\n\n\n\n\n    <div class=\"text-media-block custom-block white py-5\" style=\"\">\n        <div data-aos=\"fade-in\" class=\"container py-xxl-5\">           \n            <blockquote class=\"content row space-between mb-4\">\t\n\n                \n                <div class=\"d-lg-flex justify-content-between media-text-content\">\n                                            <blockqoute class=\"heading h2 mb-4\"><h2>Ver la niebla de la <span style=\"color: #3f75ff;\">bolsa de fluido PROTECT QUMULUS\u00ae<\/span> en un domicilio particular<\/h2>\n<\/blockqoute>\n                                                                <div class=\"col-sm body-text\"><p>La niebla de la bolsa de fluido PROTECT QUMULUS\u00ae se extiende eficazmente por toda la sala de estar, imposibilitando la navegaci\u00f3n por ella.<\/p>\n<\/div>\n                                    <\/div>              \n            <\/blockquote>\n        <div>\n                                        \n                        <div class=\"video\">\n                            \n                            <video class=\"video-player d-block rounder w-100 object-fit-cover\" controls poster=\"\">\n                                <source class=\"media-img\" src=\"https:\/\/protectglobal.com\/wp-content\/uploads\/2023\/11\/domestic_qumulus_demo_harlev_secured-in-seconds.mov\" type=\"video\/mp4\">\n                            <\/video>\n                            <button aria-label=\"Play video\" class=\"d-none d-sm-block play-video p-2 d-flex justify-content-center align-items-center\">\n                                <svg width=\"24\" height=\"24\" viewBox=\"0 0 16 16\" fill=\"none\" xmlns=\"http:\/\/www.w3.org\/2000\/svg\">\n                                    <g clip-path=\"url(#clip0_985_29265)\">\n                                        <rect x=\"1.44727\" y=\"0.457031\" width=\"2.66667\" height=\"13.3333\" transform=\"rotate(-45 1.44727 0.457031)\" fill=\"white\"\/>\n                                        <rect x=\"3.33203\" y=\"17.4277\" width=\"2.66667\" height=\"9.33333\" transform=\"rotate(-135 3.33203 17.4277)\" fill=\"white\"\/>\n                                    <\/g>\n                                    <defs>\n                                            <clipPath id=\"clip0_985_29265\">\n                                            <rect width=\"10.6667\" height=\"10.6667\" fill=\"white\" transform=\"translate(2.66602 2.66602)\"\/>\n                                            <\/clipPath>\n                                    <\/defs>\n                                <\/svg>\n                            <\/button>\n                        <\/div>\n                                       \n                <\/div>\n                \n            \n        <\/div>\n    <\/div>\n\n","protected":false},"featured_media":26966,"template":"","meta":{"_acf_changed":true,"inline_featured_image":false},"product-category":[159],"class_list":["post-5371","product","type-product","status-publish","has-post-thumbnail","hentry","product-category-deposito-de-niebla"],"acf":[],"yoast_head":"<!-- This site is optimized with the Yoast SEO Premium plugin v27.2 (Yoast SEO v27.2) - https:\/\/yoast.com\/product\/yoast-seo-premium-wordpress\/ -->\n<title>Bolsa para fluidos PROTECT QUMULUS\u00ae - XTRA+ L\u00edquido antiniebla<\/title>\n<meta name=\"description\" content=\"El fluido QUMULUS\u00ae genera una niebla seca, densa y blanca. Es totalmente inofensivo y muy eficaz contra los delincuentes.\" \/>\n<meta name=\"robots\" content=\"index, follow, max-snippet:-1, max-image-preview:large, max-video-preview:-1\" \/>\n<link rel=\"canonical\" href=\"https:\/\/protectglobal.com\/es\/product\/bolsa-para-fluidos-protect-qumulus\/\" \/>\n<meta property=\"og:locale\" content=\"es_ES\" \/>\n<meta property=\"og:type\" content=\"article\" \/>\n<meta property=\"og:title\" content=\"Bolsa para fluidos PROTECT QUMULUS\u00ae\" \/>\n<meta property=\"og:description\" content=\"El fluido QUMULUS\u00ae genera una niebla seca, densa y blanca. Es totalmente inofensivo y muy eficaz contra los delincuentes.\" \/>\n<meta property=\"og:url\" content=\"https:\/\/protectglobal.com\/es\/product\/bolsa-para-fluidos-protect-qumulus\/\" \/>\n<meta property=\"og:site_name\" content=\"Ca\u00f1ones de niebla PROTECT\u2122\" \/>\n<meta property=\"article:publisher\" content=\"https:\/\/www.facebook.com\/PROTECTFogCannon\/\" \/>\n<meta property=\"article:modified_time\" content=\"2025-02-25T10:58:56+00:00\" \/>\n<meta property=\"og:image\" content=\"https:\/\/protectglobal.com\/wp-content\/uploads\/2024\/03\/qumulus-fluid.png\" \/>\n\t<meta property=\"og:image:width\" content=\"326\" \/>\n\t<meta property=\"og:image:height\" content=\"408\" \/>\n\t<meta property=\"og:image:type\" content=\"image\/png\" \/>\n<meta name=\"twitter:card\" content=\"summary_large_image\" \/>\n<meta name=\"twitter:site\" content=\"@PROTECTFOG\" \/>\n<meta name=\"twitter:label1\" content=\"Tiempo de lectura\" \/>\n\t<meta name=\"twitter:data1\" content=\"1 minuto\" \/>\n<script type=\"application\/ld+json\" class=\"yoast-schema-graph\">{\"@context\":\"https:\/\/schema.org\",\"@graph\":[{\"@type\":\"WebPage\",\"@id\":\"https:\/\/protectglobal.com\/es\/product\/bolsa-para-fluidos-protect-qumulus\/\",\"url\":\"https:\/\/protectglobal.com\/es\/product\/bolsa-para-fluidos-protect-qumulus\/\",\"name\":\"Bolsa para fluidos PROTECT QUMULUS\u00ae - XTRA+ L\u00edquido antiniebla\",\"isPartOf\":{\"@id\":\"https:\/\/protectglobal.com\/es\/#website\"},\"primaryImageOfPage\":{\"@id\":\"https:\/\/protectglobal.com\/es\/product\/bolsa-para-fluidos-protect-qumulus\/#primaryimage\"},\"image\":{\"@id\":\"https:\/\/protectglobal.com\/es\/product\/bolsa-para-fluidos-protect-qumulus\/#primaryimage\"},\"thumbnailUrl\":\"https:\/\/protectglobal.com\/wp-content\/uploads\/2024\/03\/qumulus-fluid-1.png\",\"datePublished\":\"2024-03-19T10:56:32+00:00\",\"dateModified\":\"2025-02-25T10:58:56+00:00\",\"description\":\"El fluido QUMULUS\u00ae genera una niebla seca, densa y blanca. Es totalmente inofensivo y muy eficaz contra los delincuentes.\",\"breadcrumb\":{\"@id\":\"https:\/\/protectglobal.com\/es\/product\/bolsa-para-fluidos-protect-qumulus\/#breadcrumb\"},\"inLanguage\":\"es\",\"potentialAction\":[{\"@type\":\"ReadAction\",\"target\":[\"https:\/\/protectglobal.com\/es\/product\/bolsa-para-fluidos-protect-qumulus\/\"]}]},{\"@type\":\"ImageObject\",\"inLanguage\":\"es\",\"@id\":\"https:\/\/protectglobal.com\/es\/product\/bolsa-para-fluidos-protect-qumulus\/#primaryimage\",\"url\":\"https:\/\/protectglobal.com\/wp-content\/uploads\/2024\/03\/qumulus-fluid-1.png\",\"contentUrl\":\"https:\/\/protectglobal.com\/wp-content\/uploads\/2024\/03\/qumulus-fluid-1.png\",\"width\":326,\"height\":408},{\"@type\":\"BreadcrumbList\",\"@id\":\"https:\/\/protectglobal.com\/es\/product\/bolsa-para-fluidos-protect-qumulus\/#breadcrumb\",\"itemListElement\":[{\"@type\":\"ListItem\",\"position\":1,\"name\":\"Hjem\",\"item\":\"https:\/\/protectglobal.com\/es\/\"},{\"@type\":\"ListItem\",\"position\":2,\"name\":\"Bolsa para fluidos PROTECT QUMULUS\u00ae\"}]},{\"@type\":\"WebSite\",\"@id\":\"https:\/\/protectglobal.com\/es\/#website\",\"url\":\"https:\/\/protectglobal.com\/es\/\",\"name\":\"PROTECT Fog Cannons\u2122\",\"description\":\"\",\"publisher\":{\"@id\":\"https:\/\/protectglobal.com\/es\/#organization\"},\"potentialAction\":[{\"@type\":\"SearchAction\",\"target\":{\"@type\":\"EntryPoint\",\"urlTemplate\":\"https:\/\/protectglobal.com\/es\/?s={search_term_string}\"},\"query-input\":{\"@type\":\"PropertyValueSpecification\",\"valueRequired\":true,\"valueName\":\"search_term_string\"}}],\"inLanguage\":\"es\"},{\"@type\":\"Organization\",\"@id\":\"https:\/\/protectglobal.com\/es\/#organization\",\"name\":\"PROTECT Fog Cannons\u2122\",\"url\":\"https:\/\/protectglobal.com\/es\/\",\"logo\":{\"@type\":\"ImageObject\",\"inLanguage\":\"es\",\"@id\":\"https:\/\/protectglobal.com\/es\/#\/schema\/logo\/image\/\",\"url\":\"https:\/\/protectglobal.com\/wp-content\/uploads\/2023\/10\/logo.svg\",\"contentUrl\":\"https:\/\/protectglobal.com\/wp-content\/uploads\/2023\/10\/logo.svg\",\"width\":90,\"height\":40,\"caption\":\"PROTECT Fog Cannons\u2122\"},\"image\":{\"@id\":\"https:\/\/protectglobal.com\/es\/#\/schema\/logo\/image\/\"},\"sameAs\":[\"https:\/\/www.facebook.com\/PROTECTFogCannon\/\",\"https:\/\/x.com\/PROTECTFOG\",\"https:\/\/www.linkedin.com\/company\/protect-a-s\/\",\"https:\/\/www.youtube.com\/user\/PROTECTFogCannon\"],\"description\":\"PROTECT\u2122 specializes in security fog solutions, protecting valuables in retail, banks, warehouses any many other industries across more than 50 countries. With over 175,000 fog cannons installed, our systems fill rooms with dense fog in seconds, deterring burglars and preventing theft. We focus on providing reliable, durable, and easy-to-install solutions for enhanced security and peace of mind.\",\"email\":\"info@protectglobal.com\",\"telephone\":\"+45 8672 1881\",\"legalName\":\"PROTECT A\/S\",\"foundingDate\":\"2000-09-28\",\"vatID\":\"25687272\",\"numberOfEmployees\":{\"@type\":\"QuantitativeValue\",\"minValue\":\"11\",\"maxValue\":\"50\"}}]}<\/script>\n<!-- \/ Yoast SEO Premium plugin. -->","yoast_head_json":{"title":"Bolsa para fluidos PROTECT QUMULUS\u00ae - XTRA+ L\u00edquido antiniebla","description":"El fluido QUMULUS\u00ae genera una niebla seca, densa y blanca. Es totalmente inofensivo y muy eficaz contra los delincuentes.","robots":{"index":"index","follow":"follow","max-snippet":"max-snippet:-1","max-image-preview":"max-image-preview:large","max-video-preview":"max-video-preview:-1"},"canonical":"https:\/\/protectglobal.com\/es\/product\/bolsa-para-fluidos-protect-qumulus\/","og_locale":"es_ES","og_type":"article","og_title":"Bolsa para fluidos PROTECT QUMULUS\u00ae","og_description":"El fluido QUMULUS\u00ae genera una niebla seca, densa y blanca. Es totalmente inofensivo y muy eficaz contra los delincuentes.","og_url":"https:\/\/protectglobal.com\/es\/product\/bolsa-para-fluidos-protect-qumulus\/","og_site_name":"Ca\u00f1ones de niebla PROTECT\u2122","article_publisher":"https:\/\/www.facebook.com\/PROTECTFogCannon\/","article_modified_time":"2025-02-25T10:58:56+00:00","og_image":[{"width":326,"height":408,"url":"https:\/\/protectglobal.com\/wp-content\/uploads\/2024\/03\/qumulus-fluid.png","type":"image\/png"}],"twitter_card":"summary_large_image","twitter_site":"@PROTECTFOG","twitter_misc":{"Tiempo de lectura":"1 minuto"},"schema":{"@context":"https:\/\/schema.org","@graph":[{"@type":"WebPage","@id":"https:\/\/protectglobal.com\/es\/product\/bolsa-para-fluidos-protect-qumulus\/","url":"https:\/\/protectglobal.com\/es\/product\/bolsa-para-fluidos-protect-qumulus\/","name":"Bolsa para fluidos PROTECT QUMULUS\u00ae - XTRA+ L\u00edquido antiniebla","isPartOf":{"@id":"https:\/\/protectglobal.com\/es\/#website"},"primaryImageOfPage":{"@id":"https:\/\/protectglobal.com\/es\/product\/bolsa-para-fluidos-protect-qumulus\/#primaryimage"},"image":{"@id":"https:\/\/protectglobal.com\/es\/product\/bolsa-para-fluidos-protect-qumulus\/#primaryimage"},"thumbnailUrl":"https:\/\/protectglobal.com\/wp-content\/uploads\/2024\/03\/qumulus-fluid-1.png","datePublished":"2024-03-19T10:56:32+00:00","dateModified":"2025-02-25T10:58:56+00:00","description":"El fluido QUMULUS\u00ae genera una niebla seca, densa y blanca. Es totalmente inofensivo y muy eficaz contra los delincuentes.","breadcrumb":{"@id":"https:\/\/protectglobal.com\/es\/product\/bolsa-para-fluidos-protect-qumulus\/#breadcrumb"},"inLanguage":"es","potentialAction":[{"@type":"ReadAction","target":["https:\/\/protectglobal.com\/es\/product\/bolsa-para-fluidos-protect-qumulus\/"]}]},{"@type":"ImageObject","inLanguage":"es","@id":"https:\/\/protectglobal.com\/es\/product\/bolsa-para-fluidos-protect-qumulus\/#primaryimage","url":"https:\/\/protectglobal.com\/wp-content\/uploads\/2024\/03\/qumulus-fluid-1.png","contentUrl":"https:\/\/protectglobal.com\/wp-content\/uploads\/2024\/03\/qumulus-fluid-1.png","width":326,"height":408},{"@type":"BreadcrumbList","@id":"https:\/\/protectglobal.com\/es\/product\/bolsa-para-fluidos-protect-qumulus\/#breadcrumb","itemListElement":[{"@type":"ListItem","position":1,"name":"Hjem","item":"https:\/\/protectglobal.com\/es\/"},{"@type":"ListItem","position":2,"name":"Bolsa para fluidos PROTECT QUMULUS\u00ae"}]},{"@type":"WebSite","@id":"https:\/\/protectglobal.com\/es\/#website","url":"https:\/\/protectglobal.com\/es\/","name":"PROTECT Fog Cannons\u2122","description":"","publisher":{"@id":"https:\/\/protectglobal.com\/es\/#organization"},"potentialAction":[{"@type":"SearchAction","target":{"@type":"EntryPoint","urlTemplate":"https:\/\/protectglobal.com\/es\/?s={search_term_string}"},"query-input":{"@type":"PropertyValueSpecification","valueRequired":true,"valueName":"search_term_string"}}],"inLanguage":"es"},{"@type":"Organization","@id":"https:\/\/protectglobal.com\/es\/#organization","name":"PROTECT Fog Cannons\u2122","url":"https:\/\/protectglobal.com\/es\/","logo":{"@type":"ImageObject","inLanguage":"es","@id":"https:\/\/protectglobal.com\/es\/#\/schema\/logo\/image\/","url":"https:\/\/protectglobal.com\/wp-content\/uploads\/2023\/10\/logo.svg","contentUrl":"https:\/\/protectglobal.com\/wp-content\/uploads\/2023\/10\/logo.svg","width":90,"height":40,"caption":"PROTECT Fog Cannons\u2122"},"image":{"@id":"https:\/\/protectglobal.com\/es\/#\/schema\/logo\/image\/"},"sameAs":["https:\/\/www.facebook.com\/PROTECTFogCannon\/","https:\/\/x.com\/PROTECTFOG","https:\/\/www.linkedin.com\/company\/protect-a-s\/","https:\/\/www.youtube.com\/user\/PROTECTFogCannon"],"description":"PROTECT\u2122 specializes in security fog solutions, protecting valuables in retail, banks, warehouses any many other industries across more than 50 countries. With over 175,000 fog cannons installed, our systems fill rooms with dense fog in seconds, deterring burglars and preventing theft. We focus on providing reliable, durable, and easy-to-install solutions for enhanced security and peace of mind.","email":"info@protectglobal.com","telephone":"+45 8672 1881","legalName":"PROTECT A\/S","foundingDate":"2000-09-28","vatID":"25687272","numberOfEmployees":{"@type":"QuantitativeValue","minValue":"11","maxValue":"50"}}]}},"_links":{"self":[{"href":"https:\/\/protectglobal.com\/es\/wp-json\/wp\/v2\/product\/5371","targetHints":{"allow":["GET"]}}],"collection":[{"href":"https:\/\/protectglobal.com\/es\/wp-json\/wp\/v2\/product"}],"about":[{"href":"https:\/\/protectglobal.com\/es\/wp-json\/wp\/v2\/types\/product"}],"wp:featuredmedia":[{"embeddable":true,"href":"https:\/\/protectglobal.com\/es\/wp-json\/wp\/v2\/media\/26966"}],"wp:attachment":[{"href":"https:\/\/protectglobal.com\/es\/wp-json\/wp\/v2\/media?parent=5371"}],"wp:term":[{"taxonomy":"product-category","embeddable":true,"href":"https:\/\/protectglobal.com\/es\/wp-json\/wp\/v2\/product-category?post=5371"}],"curies":[{"name":"wp","href":"https:\/\/api.w.org\/{rel}","templated":true}]}}