{"id":19371,"date":"2024-03-19T12:22:07","date_gmt":"2024-03-19T12:22:07","guid":{"rendered":"https:\/\/protectglobal.com\/product\/protect-multicard-2\/"},"modified":"2026-02-24T10:41:44","modified_gmt":"2026-02-24T10:41:44","slug":"protect-multicard","status":"publish","type":"product","link":"https:\/\/protectglobal.com\/es\/product\/protect-multicard\/","title":{"rendered":"PROTECT MultiCard\u2122"},"content":{"rendered":"\n\n<section class=\"content-toggle-block custom-block black py-5\" style=\"\">\n    <section class=\"py-xxl-5 py-5\">\n                <div class=\"switchable-content\">\n            <!-- Content option 1 -->\n                                                                <div class=\"content-option option-1 container\" aria-hidden=\"false\">\n                        <section class=\"row gap-lg-5\">\n                                                            <section class=\"column-1 col-12 col-lg mb-5 mb-lg-0\">\n                                    <blockquote class=\"mb-4 h2 font-white\"><h2>A\u00f1ade <span style=\"color: #3f75ff;\">diversas funcionalidades<\/span> al ca\u00f1\u00f3n de niebla<\/h2>\n<\/blockquote>\n                                    <blockquote class=\"mb-5 fs-6 body-text font-white\"><p>La MultiCard\u2122 simplifica significativamente el procedimiento de instalaci\u00f3n para los instaladores de alarmas, lo que supone un ahorro sustancial de tiempo y costes. Simplifica la instalaci\u00f3n y configuraci\u00f3n de los sistemas de seguridad, reduce la complejidad y mejora la eficacia combinando m\u00faltiples funcionalidades en una sola tarjeta.<\/p>\n<\/blockquote>\n                                    \n                                                                    <\/section>\n                                                                                            <section class=\"col-lg col-12 column-2 \">\n                                    <section class=\"accordion\">\n                                                                                    <div class=\"acc-item d-flex flex-column gap-3 pb-3 \">\n                                                <button class=\"acc-button w-100 text-start p-0 d-flex justify-content-between \">\n                                                    <h4 class=\"mb-0 fs-5\">Instalaci\u00f3n r\u00e1pida y sin esfuerzo<\/h4>\n                                                    <svg class=\"acc-icon\" width=\"20\" height=\"20\" viewBox=\"0 0 20 20\" fill=\"none\" xmlns=\"http:\/\/www.w3.org\/2000\/svg\">\n                                                        <g clip-path=\"url(#clip0_2099_15870)\">\n                                                            <rect x=\"24.1421\" y=\"-2.28516\" width=\"5\" height=\"25\" transform=\"rotate(45 24.1421 -2.28516)\" fill=\"#DCDCDC\"\/>\n                                                            <rect x=\"-7.67773\" y=\"1.25\" width=\"5\" height=\"17.5\" transform=\"rotate(-45 -7.67773 1.25)\" fill=\"#DCDCDC\"\/>\n                                                        <\/g>\n                                                        <defs>\n                                                            <clipPath id=\"clip0_2099_15870\">\n                                                                <rect width=\"20\" height=\"20\" fill=\"white\" transform=\"translate(20) rotate(90)\"\/>\n                                                            <\/clipPath>\n                                                        <\/defs>\n                                                    <\/svg>\n                                                <\/button>\n                                                <div class=\"acc-content \" aria-hidden=\"true\">\n                                                    <blockquote class=\"body-text font-white\"><p>La instalaci\u00f3n de la MultiCard\u2122 es un proceso sencillo que requiere unos conocimientos t\u00e9cnicos m\u00ednimos y s\u00f3lo lleva unos minutos.<\/p>\n<p>&nbsp;<\/p>\n<p>Con la MulitCard\u2122 puedes a\u00f1adir varias funcionalidades \u00fatiles al ca\u00f1\u00f3n de niebla. Por ejemplo, 9 se\u00f1ales de salida adicionales para una identificaci\u00f3n precisa y separada de las se\u00f1ales de salida. Y entrada para una soluci\u00f3n fiable y sencilla de bot\u00f3n de p\u00e1nico.<\/p>\n<\/blockquote>\n                                                <\/div>\n                                            <\/div>\n                                                                                    <div class=\"acc-item d-flex flex-column gap-3 pb-3 \">\n                                                <button class=\"acc-button w-100 text-start p-0 d-flex justify-content-between \">\n                                                    <h4 class=\"mb-0 fs-5\">Rentabilidad<\/h4>\n                                                    <svg class=\"acc-icon\" width=\"20\" height=\"20\" viewBox=\"0 0 20 20\" fill=\"none\" xmlns=\"http:\/\/www.w3.org\/2000\/svg\">\n                                                        <g clip-path=\"url(#clip0_2099_15870)\">\n                                                            <rect x=\"24.1421\" y=\"-2.28516\" width=\"5\" height=\"25\" transform=\"rotate(45 24.1421 -2.28516)\" fill=\"#DCDCDC\"\/>\n                                                            <rect x=\"-7.67773\" y=\"1.25\" width=\"5\" height=\"17.5\" transform=\"rotate(-45 -7.67773 1.25)\" fill=\"#DCDCDC\"\/>\n                                                        <\/g>\n                                                        <defs>\n                                                            <clipPath id=\"clip0_2099_15870\">\n                                                                <rect width=\"20\" height=\"20\" fill=\"white\" transform=\"translate(20) rotate(90)\"\/>\n                                                            <\/clipPath>\n                                                        <\/defs>\n                                                    <\/svg>\n                                                <\/button>\n                                                <div class=\"acc-content \" aria-hidden=\"true\">\n                                                    <blockquote class=\"body-text font-white\"><p>La MultiCard\u2122 reduce significativamente el tiempo necesario para la configuraci\u00f3n, lo que conlleva una reducci\u00f3n de los costes de mano de obra para los instaladores. Esto se traduce en una reducci\u00f3n de las interrupciones operativas y los gastos de servicio para los usuarios finales, as\u00ed como en menos interrupciones y una implantaci\u00f3n m\u00e1s r\u00e1pida de sus sistemas de seguridad.<\/p>\n<\/blockquote>\n                                                <\/div>\n                                            <\/div>\n                                                                            <\/section>\n                                <\/section>\n                                                    <\/section>\n                    <\/div>\n                                        <!-- Content option 2 -->\n                    <\/div>\n    <\/section>\n<\/section>\n\n\n\n\n\n\n\n    <div class=\"two-column-list-block white-bg custom-block p-3 py-5 p-3\" style=\"\">\n        <section class=\"list-columns-wrapper container \" data-aos=\"fade-in\">\n\n\t\t\t\t\t\t\t<div class=\"font-dark mb-4\"><h2>Datos importantes sobre <span style=\"color: #3f75ff;\">PROTECT <\/span><span style=\"color: #3f75ff;\">MultiCard\u2122<\/span>:<\/h2>\n<\/div>\n\t\t\t\n\t\t\t<blockquote class=\"d-lg-flex flex-row-reverse justify-content-between\">\n\n                <div class=\"list-col-1\">\n                                                <ul class=\"m-0 p-0\">\n                                \n                                    <li class=\"font-dark check custom-list\"><p>Interruptor remoto para situaciones de servicio. Elimina el riesgo de liberaci\u00f3n involuntaria de niebla<\/p>\n<\/li>\n\n                                \n                                    <li class=\"font-dark check custom-list\"><p>Conector USB por si es necesario cambiar el software<\/p>\n<\/li>\n\n                                \n                                    <li class=\"font-dark check custom-list\"><p>La MultiCard\u2122 puede utilizarse en todos los modelos PROTECT\u2122 excepto Xtratus\u00ae en cuesti\u00f3n de segundos<\/p>\n<\/li>\n\n                                                            <\/ul>\n                        \n\n                                    <\/div>\n                <div class=\"list-col-2\">\n                                                <ul class=\"m-0 p-0\">\n                                \n                                    <li class=\"font-dark check custom-list\"><p>Soluci\u00f3n de robo sencilla, f\u00e1cil y fiable (entrada \u00abBot\u00f3n de p\u00e1nico\u00bb)<\/p>\n<\/li>\n\n                                \n                                    <li class=\"font-dark check custom-list\"><p>Definici\u00f3n precisa de varias condiciones de fallo y mensajes de servicio: Puede separar la se\u00f1alizaci\u00f3n de varias condiciones de fallo. Ahorra tiempo y dinero al centro de control para identificar la aver\u00eda exacta<\/p>\n<\/li>\n\n                                \n                                    <li class=\"font-dark check custom-list\"><p>Pulsador dedicado para comprobar y cebar la bomba<\/p>\n<\/li>\n\n                                \n                                    <li class=\"font-dark check custom-list\"><p>Pulsador dedicado para eliminar f\u00e1cilmente la niebla antes del servicio (\u00abmodo de bloqueo\u00bb)<\/p>\n<\/li>\n\n                                                            <\/ul>\n                        \n\n                                    <\/div>\n\n\n            <\/blockquote>\n\n        <\/section>\n    <\/div>\n\n\n","protected":false},"featured_media":8210,"template":"","meta":{"_acf_changed":true,"inline_featured_image":false},"product-category":[155],"class_list":["post-19371","product","type-product","status-publish","has-post-thumbnail","hentry","product-category-tarjetas-de-expansion"],"acf":[],"yoast_head":"<!-- This site is optimized with the Yoast SEO Premium plugin v27.3 (Yoast SEO v27.3) - https:\/\/yoast.com\/product\/yoast-seo-premium-wordpress\/ -->\n<title>PROTECT MultiCard\u2122 - Mejora la funcionalidad del ca\u00f1\u00f3n de niebla<\/title>\n<meta name=\"description\" content=\"PROTECT MultiCard\u2122 ahorra tiempo y dinero a usuarios e instaladores durante la instalaci\u00f3n y vida \u00fatil del sistema.\" \/>\n<meta name=\"robots\" content=\"index, follow, max-snippet:-1, max-image-preview:large, max-video-preview:-1\" \/>\n<link rel=\"canonical\" href=\"https:\/\/protectglobal.com\/es\/product\/protect-multicard\/\" \/>\n<meta property=\"og:locale\" content=\"es_ES\" \/>\n<meta property=\"og:type\" content=\"article\" \/>\n<meta property=\"og:title\" content=\"PROTECT MultiCard\u2122\" \/>\n<meta property=\"og:description\" content=\"PROTECT MultiCard\u2122 ahorra tiempo y dinero a usuarios e instaladores durante la instalaci\u00f3n y vida \u00fatil del sistema.\" \/>\n<meta property=\"og:url\" content=\"https:\/\/protectglobal.com\/es\/product\/protect-multicard\/\" \/>\n<meta property=\"og:site_name\" content=\"Ca\u00f1ones de niebla PROTECT\u2122\" \/>\n<meta property=\"article:publisher\" content=\"https:\/\/www.facebook.com\/PROTECTFogCannon\/\" \/>\n<meta property=\"article:modified_time\" content=\"2026-02-24T10:41:44+00:00\" \/>\n<meta property=\"og:image\" content=\"https:\/\/protectglobal.com\/wp-content\/uploads\/2024\/03\/multicard.png\" \/>\n\t<meta property=\"og:image:width\" content=\"326\" \/>\n\t<meta property=\"og:image:height\" content=\"408\" \/>\n\t<meta property=\"og:image:type\" content=\"image\/png\" \/>\n<meta name=\"twitter:card\" content=\"summary_large_image\" \/>\n<meta name=\"twitter:site\" content=\"@PROTECTFOG\" \/>\n<meta name=\"twitter:label1\" content=\"Tiempo de lectura\" \/>\n\t<meta name=\"twitter:data1\" content=\"1 minuto\" \/>\n<script type=\"application\/ld+json\" class=\"yoast-schema-graph\">{\"@context\":\"https:\\\/\\\/schema.org\",\"@graph\":[{\"@type\":\"WebPage\",\"@id\":\"https:\\\/\\\/protectglobal.com\\\/es\\\/product\\\/protect-multicard\\\/\",\"url\":\"https:\\\/\\\/protectglobal.com\\\/es\\\/product\\\/protect-multicard\\\/\",\"name\":\"PROTECT MultiCard\u2122 - Mejora la funcionalidad del ca\u00f1\u00f3n de niebla\",\"isPartOf\":{\"@id\":\"https:\\\/\\\/protectglobal.com\\\/es\\\/#website\"},\"primaryImageOfPage\":{\"@id\":\"https:\\\/\\\/protectglobal.com\\\/es\\\/product\\\/protect-multicard\\\/#primaryimage\"},\"image\":{\"@id\":\"https:\\\/\\\/protectglobal.com\\\/es\\\/product\\\/protect-multicard\\\/#primaryimage\"},\"thumbnailUrl\":\"https:\\\/\\\/protectglobal.com\\\/wp-content\\\/uploads\\\/2024\\\/03\\\/multicard.png\",\"datePublished\":\"2024-03-19T12:22:07+00:00\",\"dateModified\":\"2026-02-24T10:41:44+00:00\",\"description\":\"PROTECT MultiCard\u2122 ahorra tiempo y dinero a usuarios e instaladores durante la instalaci\u00f3n y vida \u00fatil del sistema.\",\"breadcrumb\":{\"@id\":\"https:\\\/\\\/protectglobal.com\\\/es\\\/product\\\/protect-multicard\\\/#breadcrumb\"},\"inLanguage\":\"es\",\"potentialAction\":[{\"@type\":\"ReadAction\",\"target\":[\"https:\\\/\\\/protectglobal.com\\\/es\\\/product\\\/protect-multicard\\\/\"]}]},{\"@type\":\"ImageObject\",\"inLanguage\":\"es\",\"@id\":\"https:\\\/\\\/protectglobal.com\\\/es\\\/product\\\/protect-multicard\\\/#primaryimage\",\"url\":\"https:\\\/\\\/protectglobal.com\\\/wp-content\\\/uploads\\\/2024\\\/03\\\/multicard.png\",\"contentUrl\":\"https:\\\/\\\/protectglobal.com\\\/wp-content\\\/uploads\\\/2024\\\/03\\\/multicard.png\",\"width\":326,\"height\":408,\"caption\":\"MultiCard\"},{\"@type\":\"BreadcrumbList\",\"@id\":\"https:\\\/\\\/protectglobal.com\\\/es\\\/product\\\/protect-multicard\\\/#breadcrumb\",\"itemListElement\":[{\"@type\":\"ListItem\",\"position\":1,\"name\":\"Hjem\",\"item\":\"https:\\\/\\\/protectglobal.com\\\/es\\\/\"},{\"@type\":\"ListItem\",\"position\":2,\"name\":\"PROTECT MultiCard\u2122\"}]},{\"@type\":\"WebSite\",\"@id\":\"https:\\\/\\\/protectglobal.com\\\/es\\\/#website\",\"url\":\"https:\\\/\\\/protectglobal.com\\\/es\\\/\",\"name\":\"PROTECT Fog Cannons\u2122\",\"description\":\"\",\"publisher\":{\"@id\":\"https:\\\/\\\/protectglobal.com\\\/es\\\/#organization\"},\"potentialAction\":[{\"@type\":\"SearchAction\",\"target\":{\"@type\":\"EntryPoint\",\"urlTemplate\":\"https:\\\/\\\/protectglobal.com\\\/es\\\/?s={search_term_string}\"},\"query-input\":{\"@type\":\"PropertyValueSpecification\",\"valueRequired\":true,\"valueName\":\"search_term_string\"}}],\"inLanguage\":\"es\"},{\"@type\":\"Organization\",\"@id\":\"https:\\\/\\\/protectglobal.com\\\/es\\\/#organization\",\"name\":\"PROTECT Fog Cannons\u2122\",\"url\":\"https:\\\/\\\/protectglobal.com\\\/es\\\/\",\"logo\":{\"@type\":\"ImageObject\",\"inLanguage\":\"es\",\"@id\":\"https:\\\/\\\/protectglobal.com\\\/es\\\/#\\\/schema\\\/logo\\\/image\\\/\",\"url\":\"https:\\\/\\\/protectglobal.com\\\/wp-content\\\/uploads\\\/2023\\\/10\\\/logo.svg\",\"contentUrl\":\"https:\\\/\\\/protectglobal.com\\\/wp-content\\\/uploads\\\/2023\\\/10\\\/logo.svg\",\"width\":90,\"height\":40,\"caption\":\"PROTECT Fog Cannons\u2122\"},\"image\":{\"@id\":\"https:\\\/\\\/protectglobal.com\\\/es\\\/#\\\/schema\\\/logo\\\/image\\\/\"},\"sameAs\":[\"https:\\\/\\\/www.facebook.com\\\/PROTECTFogCannon\\\/\",\"https:\\\/\\\/x.com\\\/PROTECTFOG\",\"https:\\\/\\\/www.linkedin.com\\\/company\\\/protect-a-s\\\/\",\"https:\\\/\\\/www.youtube.com\\\/user\\\/PROTECTFogCannon\"],\"description\":\"PROTECT\u2122 specializes in security fog solutions, protecting valuables in retail, banks, warehouses any many other industries across more than 50 countries. With over 175,000 fog cannons installed, our systems fill rooms with dense fog in seconds, deterring burglars and preventing theft. We focus on providing reliable, durable, and easy-to-install solutions for enhanced security and peace of mind.\",\"email\":\"info@protectglobal.com\",\"telephone\":\"+45 8672 1881\",\"legalName\":\"PROTECT A\\\/S\",\"foundingDate\":\"2000-09-28\",\"vatID\":\"25687272\",\"numberOfEmployees\":{\"@type\":\"QuantitativeValue\",\"minValue\":\"11\",\"maxValue\":\"50\"}}]}<\/script>\n<!-- \/ Yoast SEO Premium plugin. -->","yoast_head_json":{"title":"PROTECT MultiCard\u2122 - Mejora la funcionalidad del ca\u00f1\u00f3n de niebla","description":"PROTECT MultiCard\u2122 ahorra tiempo y dinero a usuarios e instaladores durante la instalaci\u00f3n y vida \u00fatil del sistema.","robots":{"index":"index","follow":"follow","max-snippet":"max-snippet:-1","max-image-preview":"max-image-preview:large","max-video-preview":"max-video-preview:-1"},"canonical":"https:\/\/protectglobal.com\/es\/product\/protect-multicard\/","og_locale":"es_ES","og_type":"article","og_title":"PROTECT MultiCard\u2122","og_description":"PROTECT MultiCard\u2122 ahorra tiempo y dinero a usuarios e instaladores durante la instalaci\u00f3n y vida \u00fatil del sistema.","og_url":"https:\/\/protectglobal.com\/es\/product\/protect-multicard\/","og_site_name":"Ca\u00f1ones de niebla PROTECT\u2122","article_publisher":"https:\/\/www.facebook.com\/PROTECTFogCannon\/","article_modified_time":"2026-02-24T10:41:44+00:00","og_image":[{"width":326,"height":408,"url":"https:\/\/protectglobal.com\/wp-content\/uploads\/2024\/03\/multicard.png","type":"image\/png"}],"twitter_card":"summary_large_image","twitter_site":"@PROTECTFOG","twitter_misc":{"Tiempo de lectura":"1 minuto"},"schema":{"@context":"https:\/\/schema.org","@graph":[{"@type":"WebPage","@id":"https:\/\/protectglobal.com\/es\/product\/protect-multicard\/","url":"https:\/\/protectglobal.com\/es\/product\/protect-multicard\/","name":"PROTECT MultiCard\u2122 - Mejora la funcionalidad del ca\u00f1\u00f3n de niebla","isPartOf":{"@id":"https:\/\/protectglobal.com\/es\/#website"},"primaryImageOfPage":{"@id":"https:\/\/protectglobal.com\/es\/product\/protect-multicard\/#primaryimage"},"image":{"@id":"https:\/\/protectglobal.com\/es\/product\/protect-multicard\/#primaryimage"},"thumbnailUrl":"https:\/\/protectglobal.com\/wp-content\/uploads\/2024\/03\/multicard.png","datePublished":"2024-03-19T12:22:07+00:00","dateModified":"2026-02-24T10:41:44+00:00","description":"PROTECT MultiCard\u2122 ahorra tiempo y dinero a usuarios e instaladores durante la instalaci\u00f3n y vida \u00fatil del sistema.","breadcrumb":{"@id":"https:\/\/protectglobal.com\/es\/product\/protect-multicard\/#breadcrumb"},"inLanguage":"es","potentialAction":[{"@type":"ReadAction","target":["https:\/\/protectglobal.com\/es\/product\/protect-multicard\/"]}]},{"@type":"ImageObject","inLanguage":"es","@id":"https:\/\/protectglobal.com\/es\/product\/protect-multicard\/#primaryimage","url":"https:\/\/protectglobal.com\/wp-content\/uploads\/2024\/03\/multicard.png","contentUrl":"https:\/\/protectglobal.com\/wp-content\/uploads\/2024\/03\/multicard.png","width":326,"height":408,"caption":"MultiCard"},{"@type":"BreadcrumbList","@id":"https:\/\/protectglobal.com\/es\/product\/protect-multicard\/#breadcrumb","itemListElement":[{"@type":"ListItem","position":1,"name":"Hjem","item":"https:\/\/protectglobal.com\/es\/"},{"@type":"ListItem","position":2,"name":"PROTECT MultiCard\u2122"}]},{"@type":"WebSite","@id":"https:\/\/protectglobal.com\/es\/#website","url":"https:\/\/protectglobal.com\/es\/","name":"PROTECT Fog Cannons\u2122","description":"","publisher":{"@id":"https:\/\/protectglobal.com\/es\/#organization"},"potentialAction":[{"@type":"SearchAction","target":{"@type":"EntryPoint","urlTemplate":"https:\/\/protectglobal.com\/es\/?s={search_term_string}"},"query-input":{"@type":"PropertyValueSpecification","valueRequired":true,"valueName":"search_term_string"}}],"inLanguage":"es"},{"@type":"Organization","@id":"https:\/\/protectglobal.com\/es\/#organization","name":"PROTECT Fog Cannons\u2122","url":"https:\/\/protectglobal.com\/es\/","logo":{"@type":"ImageObject","inLanguage":"es","@id":"https:\/\/protectglobal.com\/es\/#\/schema\/logo\/image\/","url":"https:\/\/protectglobal.com\/wp-content\/uploads\/2023\/10\/logo.svg","contentUrl":"https:\/\/protectglobal.com\/wp-content\/uploads\/2023\/10\/logo.svg","width":90,"height":40,"caption":"PROTECT Fog Cannons\u2122"},"image":{"@id":"https:\/\/protectglobal.com\/es\/#\/schema\/logo\/image\/"},"sameAs":["https:\/\/www.facebook.com\/PROTECTFogCannon\/","https:\/\/x.com\/PROTECTFOG","https:\/\/www.linkedin.com\/company\/protect-a-s\/","https:\/\/www.youtube.com\/user\/PROTECTFogCannon"],"description":"PROTECT\u2122 specializes in security fog solutions, protecting valuables in retail, banks, warehouses any many other industries across more than 50 countries. With over 175,000 fog cannons installed, our systems fill rooms with dense fog in seconds, deterring burglars and preventing theft. We focus on providing reliable, durable, and easy-to-install solutions for enhanced security and peace of mind.","email":"info@protectglobal.com","telephone":"+45 8672 1881","legalName":"PROTECT A\/S","foundingDate":"2000-09-28","vatID":"25687272","numberOfEmployees":{"@type":"QuantitativeValue","minValue":"11","maxValue":"50"}}]}},"_links":{"self":[{"href":"https:\/\/protectglobal.com\/es\/wp-json\/wp\/v2\/product\/19371","targetHints":{"allow":["GET"]}}],"collection":[{"href":"https:\/\/protectglobal.com\/es\/wp-json\/wp\/v2\/product"}],"about":[{"href":"https:\/\/protectglobal.com\/es\/wp-json\/wp\/v2\/types\/product"}],"wp:featuredmedia":[{"embeddable":true,"href":"https:\/\/protectglobal.com\/es\/wp-json\/wp\/v2\/media\/8210"}],"wp:attachment":[{"href":"https:\/\/protectglobal.com\/es\/wp-json\/wp\/v2\/media?parent=19371"}],"wp:term":[{"taxonomy":"product-category","embeddable":true,"href":"https:\/\/protectglobal.com\/es\/wp-json\/wp\/v2\/product-category?post=19371"}],"curies":[{"name":"wp","href":"https:\/\/api.w.org\/{rel}","templated":true}]}}