{"id":5601,"date":"2024-04-02T13:32:34","date_gmt":"2024-04-02T13:32:34","guid":{"rendered":"https:\/\/protectglobal.com\/?page_id=5601"},"modified":"2025-01-22T11:33:51","modified_gmt":"2025-01-22T11:33:51","slug":"garantia","status":"publish","type":"page","link":"https:\/\/protectglobal.com\/es\/garantia\/","title":{"rendered":"Garant\u00eda"},"content":{"rendered":"\n\n\n\n    <div class=\"two-col-layout-block custom-block white py-5\" style=\"\">\n        <div class=\"container py-xxl-5\" data-aos=\"fade-in\">\n            <div class=\"row gap-4 m-auto py-xxl-5 \">\n                <blockquote class=\"col-sm p-0 m-0 content white\">\n                    <div class=\"heading-section\"> \n                                                                            <blockquote class=\"heading h2 mb-4\"><h2>Garant\u00eda ampliada para productos de alta calidad y sin reclamaciones<\/h2>\n<\/blockquote>\n                                            <\/div>\n                                            <div class=\"col-md mobile-image d-lg-none my-4\">\n                            <img decoding=\"async\" class=\"rounder lazyload\" data-src=\"https:\/\/protectglobal.com\/wp-content\/uploads\/2024\/07\/montering-af-maskine-frame-at-0m39s-1024x576.jpg\" alt=\"fog cannon installation\" src=\"data:image\/svg+xml;base64,PHN2ZyB3aWR0aD0iMSIgaGVpZ2h0PSIxIiB4bWxucz0iaHR0cDovL3d3dy53My5vcmcvMjAwMC9zdmciPjwvc3ZnPg==\" style=\"--smush-placeholder-width: 1024px; --smush-placeholder-aspect-ratio: 1024\/576;\">       \n                        <\/div>\n                           \n                                            <div class=\"body-text\"><p>Todos los ca\u00f1ones de niebla PROTECT\u2122 tienen una garant\u00eda de 5 a\u00f1os* debido a su excepcional fiabilidad y alta calidad. Esta garant\u00eda se incluye autom\u00e1ticamente con la compra y acompa\u00f1a al ca\u00f1on de niebla desde el fabricante hasta el cliente final.<\/p>\n<p>&nbsp;<\/p>\n<p>No es necesario que registres el producto en l\u00ednea para activar la garant\u00eda.<\/p>\n<p>&nbsp;<\/p>\n<p>Ten en cuenta que el periodo de garant\u00eda comienza en la fecha de la factura de PROTECT\u2122 a la empresa instaladora de la alarma.<\/p>\n<p>&nbsp;<\/p>\n<p>*Nota: El ca\u00f1\u00f3n de niebla modelo Xtratus\u00ae\/Xtratus Flex\u00ae s\u00f3lo tiene 2 a\u00f1os de garant\u00eda.<\/p>\n<\/div>\n                    \n                                            <div class=\"button-group container-sm d-sm-flex gap-3 h-auto my-4 p-0\">  \n                                                <\/div>\n                                                        <\/blockquote>\n                                    <div  class=\"col-lg-7 d-none d-lg-block desktop-image p-0 m-0 \">\n                        <img decoding=\"async\" class=\"rounder lazyload\" data-src=\"https:\/\/protectglobal.com\/wp-content\/uploads\/2024\/07\/montering-af-maskine-frame-at-0m39s-1024x576.jpg\" alt=\"fog cannon installation\" src=\"data:image\/svg+xml;base64,PHN2ZyB3aWR0aD0iMSIgaGVpZ2h0PSIxIiB4bWxucz0iaHR0cDovL3d3dy53My5vcmcvMjAwMC9zdmciPjwvc3ZnPg==\" style=\"--smush-placeholder-width: 1024px; --smush-placeholder-aspect-ratio: 1024\/576;\">\n                        <i class=\"image-graphic d-block white\"><\/i>       \n                    <\/div>\n                       \n            <\/div>\n        <\/div>\n    <\/div>\n\n\n\n\n\n\n\n    <div class=\"two-col-layout-block custom-block black py-5\" style=\"\">\n        <div class=\"container py-xxl-5\" data-aos=\"fade-in\">\n            <div class=\"row gap-4 m-auto py-xxl-5 flipped\">\n                <blockquote class=\"col-sm p-0 m-0 content black\">\n                    <div class=\"heading-section\"> \n                                                                            <blockquote class=\"heading h2 mb-4\"><h2>Condiciones de la garant\u00eda<\/h2>\n<\/blockquote>\n                                            <\/div>\n                                            <div class=\"col-md mobile-image d-lg-none my-4\">\n                            <img decoding=\"async\" class=\"rounder lazyload\" data-src=\"https:\/\/protectglobal.com\/wp-content\/uploads\/2024\/07\/montering-af-maskine-frame-at-0m26s-1024x576.jpg\" alt=\"fog cannon warranty\" src=\"data:image\/svg+xml;base64,PHN2ZyB3aWR0aD0iMSIgaGVpZ2h0PSIxIiB4bWxucz0iaHR0cDovL3d3dy53My5vcmcvMjAwMC9zdmciPjwvc3ZnPg==\" style=\"--smush-placeholder-width: 1024px; --smush-placeholder-aspect-ratio: 1024\/576;\">       \n                        <\/div>\n                           \n                                            <div class=\"body-text\"><p>La garant\u00eda quedar\u00e1 anulada si el producto no se instala de acuerdo con el manual proporcionado, o si la empresa instaladora de la alarma o el cliente final utilizan piezas o l\u00edquido antiniebla no originales.<\/p>\n<p>&nbsp;<\/p>\n<p>Para conocer todas las condiciones de venta y entrega, ponte en contacto con el distribuidor al que compraste tu producto PROTECT\u2122.<\/p>\n<\/div>\n                    \n                                            <div class=\"button-group container-sm d-sm-flex gap-3 h-auto my-4 p-0\">  \n                            <a href=\"https:\/\/protectglobal.com\/es\/que-ocurre-cuando-utilizas-liquido-de-niebla-no-oficial\/\" class=\"d-flex gap-3 justify-content-start justify-content-md-start button align-items-center tertiary\" target=\"_blank\">\n       Consecuencias del uso de fluido no oficial       <i class=\"icon-chevron\"><\/i>\n    <\/a>\n                        <\/div>\n                                                        <\/blockquote>\n                                    <div  class=\"col-lg-7 d-none d-lg-block desktop-image p-0 m-0 flipped\">\n                        <img decoding=\"async\" class=\"rounder lazyload\" data-src=\"https:\/\/protectglobal.com\/wp-content\/uploads\/2024\/07\/montering-af-maskine-frame-at-0m26s-1024x576.jpg\" alt=\"fog cannon warranty\" src=\"data:image\/svg+xml;base64,PHN2ZyB3aWR0aD0iMSIgaGVpZ2h0PSIxIiB4bWxucz0iaHR0cDovL3d3dy53My5vcmcvMjAwMC9zdmciPjwvc3ZnPg==\" style=\"--smush-placeholder-width: 1024px; --smush-placeholder-aspect-ratio: 1024\/576;\">\n                        <i class=\"image-graphic d-block black\"><\/i>       \n                    <\/div>\n                       \n            <\/div>\n        <\/div>\n    <\/div>\n\n\n\n\n\n\n\n    <div class=\"two-col-layout-block custom-block white py-5\" style=\"\">\n        <div class=\"container py-xxl-5\" data-aos=\"fade-in\">\n            <div class=\"row gap-4 m-auto py-xxl-5 \">\n                <blockquote class=\"col-sm p-0 m-0 content white\">\n                    <div class=\"heading-section\"> \n                                                                            <blockquote class=\"heading h2 mb-4\"><h2>L\u00edquido de niebla y tiempo de caducidad<\/h2>\n<\/blockquote>\n                                            <\/div>\n                                            <div class=\"col-md mobile-image d-lg-none my-4\">\n                            <img decoding=\"async\" class=\"rounder lazyload\" data-src=\"https:\/\/protectglobal.com\/wp-content\/uploads\/2024\/04\/montering-af-maskine-frame-at-0m28s-1024x576.jpg\" alt=\"fog fluid change\" src=\"data:image\/svg+xml;base64,PHN2ZyB3aWR0aD0iMSIgaGVpZ2h0PSIxIiB4bWxucz0iaHR0cDovL3d3dy53My5vcmcvMjAwMC9zdmciPjwvc3ZnPg==\" style=\"--smush-placeholder-width: 1024px; --smush-placeholder-aspect-ratio: 1024\/576;\">       \n                        <\/div>\n                           \n                                            <div class=\"body-text\"><p>El fluido de niebla de seguridad PROTECT\u2122 tiene un plazo de caducidad de 2 a\u00f1os a partir de la instalaci\u00f3n del recipiente de fluido en la m\u00e1quina de niebla, y de 5 a\u00f1os si no se ha instalado y se ha guardado en su embalaje original, en un lugar fresco, seco y protegido de la luz solar.<\/p>\n<p>&nbsp;<\/p>\n<p>Para garantizar un rendimiento \u00f3ptimo y mantener las propiedades y la densidad de la niebla de seguridad, se recomienda sustituir el fluido cuando alcance su fecha de caducidad.<\/p>\n<\/div>\n                    \n                                            <div class=\"button-group container-sm d-sm-flex gap-3 h-auto my-4 p-0\">  \n                            <a href=\"https:\/\/protectglobal.com\/es\/download-category\/approvals-tests\/\" class=\"d-flex gap-3 justify-content-start justify-content-md-start button align-items-center tertiary\" target=\"_blank\">\n       Encuentre la documentaci\u00f3n relevante del fluido de niebla       <i class=\"icon-chevron\"><\/i>\n    <\/a>\n                        <\/div>\n                                                        <\/blockquote>\n                                    <div  class=\"col-lg-7 d-none d-lg-block desktop-image p-0 m-0 \">\n                        <img decoding=\"async\" class=\"rounder lazyload\" data-src=\"https:\/\/protectglobal.com\/wp-content\/uploads\/2024\/04\/montering-af-maskine-frame-at-0m28s-1024x576.jpg\" alt=\"fog fluid change\" src=\"data:image\/svg+xml;base64,PHN2ZyB3aWR0aD0iMSIgaGVpZ2h0PSIxIiB4bWxucz0iaHR0cDovL3d3dy53My5vcmcvMjAwMC9zdmciPjwvc3ZnPg==\" style=\"--smush-placeholder-width: 1024px; --smush-placeholder-aspect-ratio: 1024\/576;\">\n                        <i class=\"image-graphic d-block white\"><\/i>       \n                    <\/div>\n                       \n            <\/div>\n        <\/div>\n    <\/div>\n\n","protected":false},"excerpt":{"rendered":"","protected":false},"author":10,"featured_media":15064,"parent":0,"menu_order":0,"comment_status":"closed","ping_status":"closed","template":"","meta":{"_acf_changed":false,"inline_featured_image":false,"footnotes":""},"class_list":["post-5601","page","type-page","status-publish","has-post-thumbnail","hentry"],"acf":[],"yoast_head":"<!-- This site is optimized with the Yoast SEO Premium plugin v27.3 (Yoast SEO v27.3) - https:\/\/yoast.com\/product\/yoast-seo-premium-wordpress\/ -->\n<title>Garant\u00eda PROTECT - \u00a15 a\u00f1os de garant\u00eda incluidos!<\/title>\n<meta name=\"description\" content=\"Elige Ca\u00f1ones de Niebla PROTECT\u2122 para calidad y fiabilidad sin igual. Obt\u00e9n autom\u00e1ticamente 5 a\u00f1os de garant\u00eda.\" \/>\n<meta name=\"robots\" content=\"index, follow, max-snippet:-1, max-image-preview:large, max-video-preview:-1\" \/>\n<link rel=\"canonical\" href=\"https:\/\/protectglobal.com\/es\/garantia\/\" \/>\n<meta property=\"og:locale\" content=\"es_ES\" \/>\n<meta property=\"og:type\" content=\"article\" \/>\n<meta property=\"og:title\" content=\"Garant\u00eda\" \/>\n<meta property=\"og:description\" content=\"Elige Ca\u00f1ones de Niebla PROTECT\u2122 para calidad y fiabilidad sin igual. Obt\u00e9n autom\u00e1ticamente 5 a\u00f1os de garant\u00eda.\" \/>\n<meta property=\"og:url\" content=\"https:\/\/protectglobal.com\/es\/garantia\/\" \/>\n<meta property=\"og:site_name\" content=\"Ca\u00f1ones de niebla PROTECT\u2122\" \/>\n<meta property=\"article:publisher\" content=\"https:\/\/www.facebook.com\/PROTECTFogCannon\/\" \/>\n<meta property=\"article:modified_time\" content=\"2025-01-22T11:33:51+00:00\" \/>\n<meta property=\"og:image\" content=\"https:\/\/protectglobal.com\/wp-content\/uploads\/2024\/07\/montering-af-maskine-frame-at-0m39s.jpg\" \/>\n\t<meta property=\"og:image:width\" content=\"1920\" \/>\n\t<meta property=\"og:image:height\" content=\"1080\" \/>\n\t<meta property=\"og:image:type\" content=\"image\/jpeg\" \/>\n<meta name=\"twitter:card\" content=\"summary_large_image\" \/>\n<meta name=\"twitter:site\" content=\"@PROTECTFOG\" \/>\n<meta name=\"twitter:label1\" content=\"Tiempo de lectura\" \/>\n\t<meta name=\"twitter:data1\" content=\"1 minuto\" \/>\n<script type=\"application\/ld+json\" class=\"yoast-schema-graph\">{\"@context\":\"https:\\\/\\\/schema.org\",\"@graph\":[{\"@type\":\"WebPage\",\"@id\":\"https:\\\/\\\/protectglobal.com\\\/es\\\/garantia\\\/\",\"url\":\"https:\\\/\\\/protectglobal.com\\\/es\\\/garantia\\\/\",\"name\":\"Garant\u00eda PROTECT - \u00a15 a\u00f1os de garant\u00eda incluidos!\",\"isPartOf\":{\"@id\":\"https:\\\/\\\/protectglobal.com\\\/es\\\/#website\"},\"primaryImageOfPage\":{\"@id\":\"https:\\\/\\\/protectglobal.com\\\/es\\\/garantia\\\/#primaryimage\"},\"image\":{\"@id\":\"https:\\\/\\\/protectglobal.com\\\/es\\\/garantia\\\/#primaryimage\"},\"thumbnailUrl\":\"https:\\\/\\\/protectglobal.com\\\/wp-content\\\/uploads\\\/2024\\\/07\\\/montering-af-maskine-frame-at-0m39s.jpg\",\"datePublished\":\"2024-04-02T13:32:34+00:00\",\"dateModified\":\"2025-01-22T11:33:51+00:00\",\"description\":\"Elige Ca\u00f1ones de Niebla PROTECT\u2122 para calidad y fiabilidad sin igual. Obt\u00e9n autom\u00e1ticamente 5 a\u00f1os de garant\u00eda.\",\"breadcrumb\":{\"@id\":\"https:\\\/\\\/protectglobal.com\\\/es\\\/garantia\\\/#breadcrumb\"},\"inLanguage\":\"es\",\"potentialAction\":[{\"@type\":\"ReadAction\",\"target\":[\"https:\\\/\\\/protectglobal.com\\\/es\\\/garantia\\\/\"]}]},{\"@type\":\"ImageObject\",\"inLanguage\":\"es\",\"@id\":\"https:\\\/\\\/protectglobal.com\\\/es\\\/garantia\\\/#primaryimage\",\"url\":\"https:\\\/\\\/protectglobal.com\\\/wp-content\\\/uploads\\\/2024\\\/07\\\/montering-af-maskine-frame-at-0m39s.jpg\",\"contentUrl\":\"https:\\\/\\\/protectglobal.com\\\/wp-content\\\/uploads\\\/2024\\\/07\\\/montering-af-maskine-frame-at-0m39s.jpg\",\"width\":1920,\"height\":1080,\"caption\":\"fog cannon installation\"},{\"@type\":\"BreadcrumbList\",\"@id\":\"https:\\\/\\\/protectglobal.com\\\/es\\\/garantia\\\/#breadcrumb\",\"itemListElement\":[{\"@type\":\"ListItem\",\"position\":1,\"name\":\"Hjem\",\"item\":\"https:\\\/\\\/protectglobal.com\\\/es\\\/\"},{\"@type\":\"ListItem\",\"position\":2,\"name\":\"Garant\u00eda\"}]},{\"@type\":\"WebSite\",\"@id\":\"https:\\\/\\\/protectglobal.com\\\/es\\\/#website\",\"url\":\"https:\\\/\\\/protectglobal.com\\\/es\\\/\",\"name\":\"PROTECT Fog Cannons\u2122\",\"description\":\"\",\"publisher\":{\"@id\":\"https:\\\/\\\/protectglobal.com\\\/es\\\/#organization\"},\"potentialAction\":[{\"@type\":\"SearchAction\",\"target\":{\"@type\":\"EntryPoint\",\"urlTemplate\":\"https:\\\/\\\/protectglobal.com\\\/es\\\/?s={search_term_string}\"},\"query-input\":{\"@type\":\"PropertyValueSpecification\",\"valueRequired\":true,\"valueName\":\"search_term_string\"}}],\"inLanguage\":\"es\"},{\"@type\":\"Organization\",\"@id\":\"https:\\\/\\\/protectglobal.com\\\/es\\\/#organization\",\"name\":\"PROTECT Fog Cannons\u2122\",\"url\":\"https:\\\/\\\/protectglobal.com\\\/es\\\/\",\"logo\":{\"@type\":\"ImageObject\",\"inLanguage\":\"es\",\"@id\":\"https:\\\/\\\/protectglobal.com\\\/es\\\/#\\\/schema\\\/logo\\\/image\\\/\",\"url\":\"https:\\\/\\\/protectglobal.com\\\/wp-content\\\/uploads\\\/2023\\\/10\\\/logo.svg\",\"contentUrl\":\"https:\\\/\\\/protectglobal.com\\\/wp-content\\\/uploads\\\/2023\\\/10\\\/logo.svg\",\"width\":90,\"height\":40,\"caption\":\"PROTECT Fog Cannons\u2122\"},\"image\":{\"@id\":\"https:\\\/\\\/protectglobal.com\\\/es\\\/#\\\/schema\\\/logo\\\/image\\\/\"},\"sameAs\":[\"https:\\\/\\\/www.facebook.com\\\/PROTECTFogCannon\\\/\",\"https:\\\/\\\/x.com\\\/PROTECTFOG\",\"https:\\\/\\\/www.linkedin.com\\\/company\\\/protect-a-s\\\/\",\"https:\\\/\\\/www.youtube.com\\\/user\\\/PROTECTFogCannon\"],\"description\":\"PROTECT\u2122 specializes in security fog solutions, protecting valuables in retail, banks, warehouses any many other industries across more than 50 countries. With over 175,000 fog cannons installed, our systems fill rooms with dense fog in seconds, deterring burglars and preventing theft. We focus on providing reliable, durable, and easy-to-install solutions for enhanced security and peace of mind.\",\"email\":\"info@protectglobal.com\",\"telephone\":\"+45 8672 1881\",\"legalName\":\"PROTECT A\\\/S\",\"foundingDate\":\"2000-09-28\",\"vatID\":\"25687272\",\"numberOfEmployees\":{\"@type\":\"QuantitativeValue\",\"minValue\":\"11\",\"maxValue\":\"50\"}}]}<\/script>\n<!-- \/ Yoast SEO Premium plugin. -->","yoast_head_json":{"title":"Garant\u00eda PROTECT - \u00a15 a\u00f1os de garant\u00eda incluidos!","description":"Elige Ca\u00f1ones de Niebla PROTECT\u2122 para calidad y fiabilidad sin igual. Obt\u00e9n autom\u00e1ticamente 5 a\u00f1os de garant\u00eda.","robots":{"index":"index","follow":"follow","max-snippet":"max-snippet:-1","max-image-preview":"max-image-preview:large","max-video-preview":"max-video-preview:-1"},"canonical":"https:\/\/protectglobal.com\/es\/garantia\/","og_locale":"es_ES","og_type":"article","og_title":"Garant\u00eda","og_description":"Elige Ca\u00f1ones de Niebla PROTECT\u2122 para calidad y fiabilidad sin igual. Obt\u00e9n autom\u00e1ticamente 5 a\u00f1os de garant\u00eda.","og_url":"https:\/\/protectglobal.com\/es\/garantia\/","og_site_name":"Ca\u00f1ones de niebla PROTECT\u2122","article_publisher":"https:\/\/www.facebook.com\/PROTECTFogCannon\/","article_modified_time":"2025-01-22T11:33:51+00:00","og_image":[{"width":1920,"height":1080,"url":"https:\/\/protectglobal.com\/wp-content\/uploads\/2024\/07\/montering-af-maskine-frame-at-0m39s.jpg","type":"image\/jpeg"}],"twitter_card":"summary_large_image","twitter_site":"@PROTECTFOG","twitter_misc":{"Tiempo de lectura":"1 minuto"},"schema":{"@context":"https:\/\/schema.org","@graph":[{"@type":"WebPage","@id":"https:\/\/protectglobal.com\/es\/garantia\/","url":"https:\/\/protectglobal.com\/es\/garantia\/","name":"Garant\u00eda PROTECT - \u00a15 a\u00f1os de garant\u00eda incluidos!","isPartOf":{"@id":"https:\/\/protectglobal.com\/es\/#website"},"primaryImageOfPage":{"@id":"https:\/\/protectglobal.com\/es\/garantia\/#primaryimage"},"image":{"@id":"https:\/\/protectglobal.com\/es\/garantia\/#primaryimage"},"thumbnailUrl":"https:\/\/protectglobal.com\/wp-content\/uploads\/2024\/07\/montering-af-maskine-frame-at-0m39s.jpg","datePublished":"2024-04-02T13:32:34+00:00","dateModified":"2025-01-22T11:33:51+00:00","description":"Elige Ca\u00f1ones de Niebla PROTECT\u2122 para calidad y fiabilidad sin igual. Obt\u00e9n autom\u00e1ticamente 5 a\u00f1os de garant\u00eda.","breadcrumb":{"@id":"https:\/\/protectglobal.com\/es\/garantia\/#breadcrumb"},"inLanguage":"es","potentialAction":[{"@type":"ReadAction","target":["https:\/\/protectglobal.com\/es\/garantia\/"]}]},{"@type":"ImageObject","inLanguage":"es","@id":"https:\/\/protectglobal.com\/es\/garantia\/#primaryimage","url":"https:\/\/protectglobal.com\/wp-content\/uploads\/2024\/07\/montering-af-maskine-frame-at-0m39s.jpg","contentUrl":"https:\/\/protectglobal.com\/wp-content\/uploads\/2024\/07\/montering-af-maskine-frame-at-0m39s.jpg","width":1920,"height":1080,"caption":"fog cannon installation"},{"@type":"BreadcrumbList","@id":"https:\/\/protectglobal.com\/es\/garantia\/#breadcrumb","itemListElement":[{"@type":"ListItem","position":1,"name":"Hjem","item":"https:\/\/protectglobal.com\/es\/"},{"@type":"ListItem","position":2,"name":"Garant\u00eda"}]},{"@type":"WebSite","@id":"https:\/\/protectglobal.com\/es\/#website","url":"https:\/\/protectglobal.com\/es\/","name":"PROTECT Fog Cannons\u2122","description":"","publisher":{"@id":"https:\/\/protectglobal.com\/es\/#organization"},"potentialAction":[{"@type":"SearchAction","target":{"@type":"EntryPoint","urlTemplate":"https:\/\/protectglobal.com\/es\/?s={search_term_string}"},"query-input":{"@type":"PropertyValueSpecification","valueRequired":true,"valueName":"search_term_string"}}],"inLanguage":"es"},{"@type":"Organization","@id":"https:\/\/protectglobal.com\/es\/#organization","name":"PROTECT Fog Cannons\u2122","url":"https:\/\/protectglobal.com\/es\/","logo":{"@type":"ImageObject","inLanguage":"es","@id":"https:\/\/protectglobal.com\/es\/#\/schema\/logo\/image\/","url":"https:\/\/protectglobal.com\/wp-content\/uploads\/2023\/10\/logo.svg","contentUrl":"https:\/\/protectglobal.com\/wp-content\/uploads\/2023\/10\/logo.svg","width":90,"height":40,"caption":"PROTECT Fog Cannons\u2122"},"image":{"@id":"https:\/\/protectglobal.com\/es\/#\/schema\/logo\/image\/"},"sameAs":["https:\/\/www.facebook.com\/PROTECTFogCannon\/","https:\/\/x.com\/PROTECTFOG","https:\/\/www.linkedin.com\/company\/protect-a-s\/","https:\/\/www.youtube.com\/user\/PROTECTFogCannon"],"description":"PROTECT\u2122 specializes in security fog solutions, protecting valuables in retail, banks, warehouses any many other industries across more than 50 countries. With over 175,000 fog cannons installed, our systems fill rooms with dense fog in seconds, deterring burglars and preventing theft. We focus on providing reliable, durable, and easy-to-install solutions for enhanced security and peace of mind.","email":"info@protectglobal.com","telephone":"+45 8672 1881","legalName":"PROTECT A\/S","foundingDate":"2000-09-28","vatID":"25687272","numberOfEmployees":{"@type":"QuantitativeValue","minValue":"11","maxValue":"50"}}]}},"_links":{"self":[{"href":"https:\/\/protectglobal.com\/es\/wp-json\/wp\/v2\/pages\/5601","targetHints":{"allow":["GET"]}}],"collection":[{"href":"https:\/\/protectglobal.com\/es\/wp-json\/wp\/v2\/pages"}],"about":[{"href":"https:\/\/protectglobal.com\/es\/wp-json\/wp\/v2\/types\/page"}],"author":[{"embeddable":true,"href":"https:\/\/protectglobal.com\/es\/wp-json\/wp\/v2\/users\/10"}],"replies":[{"embeddable":true,"href":"https:\/\/protectglobal.com\/es\/wp-json\/wp\/v2\/comments?post=5601"}],"version-history":[{"count":8,"href":"https:\/\/protectglobal.com\/es\/wp-json\/wp\/v2\/pages\/5601\/revisions"}],"predecessor-version":[{"id":23238,"href":"https:\/\/protectglobal.com\/es\/wp-json\/wp\/v2\/pages\/5601\/revisions\/23238"}],"wp:featuredmedia":[{"embeddable":true,"href":"https:\/\/protectglobal.com\/es\/wp-json\/wp\/v2\/media\/15064"}],"wp:attachment":[{"href":"https:\/\/protectglobal.com\/es\/wp-json\/wp\/v2\/media?parent=5601"}],"curies":[{"name":"wp","href":"https:\/\/api.w.org\/{rel}","templated":true}]}}