{"id":5246,"date":"2024-03-19T14:14:49","date_gmt":"2024-03-19T14:14:49","guid":{"rendered":"https:\/\/protectglobal.com\/?page_id=5246"},"modified":"2025-01-22T11:36:58","modified_gmt":"2025-01-22T11:36:58","slug":"asistencia-tecnica-para-instaladores","status":"publish","type":"page","link":"https:\/\/protectglobal.com\/es\/asistencia-tecnica-para-instaladores\/","title":{"rendered":"Asistencia t\u00e9cnica para instaladores"},"content":{"rendered":"\n<p>Encuentra una gu\u00eda r\u00e1pida para resolver cualquier problema con tu ca\u00f1\u00f3n de niebla. La mayor\u00eda de los problemas pueden solucionarse f\u00e1cilmente leyendo las gu\u00edas que aparecen a continuaci\u00f3n.  <\/p>\n\n\n\n<p>En la siguiente lista encontrar\u00e1s soluciones concretas a las preguntas m\u00e1s frecuentes.<\/p>\n\n\n<div class=\"ctbEditorText\">\n<h4>LEDs parpadeantes &#8211; \u00bfNo has quitado la tapa?<\/h4>\n<\/div>\n<div class=\"ctbEditorText\">\n<p>Un ca\u00f1\u00f3n de niebla PROTECT\u2122 proporciona se\u00f1ales ac\u00fasticas (pitidos cortos) y visuales (LED parpadeantes en la parte frontal).<a id=\"1\"><\/a><\/p>\n<p><strong>Visi\u00f3n general de los LEDs *:<\/strong><\/p>\n<ul>\n<li>Un LED verde parpadea cuando se aplica corriente al ca\u00f1\u00f3n de niebla. El LED verde se enciende constantemente cuando el Ca\u00f1\u00f3n de niebla\u2122 ha alcanzado su temperatura de funcionamiento y est\u00e1 listo para disparar.<\/li>\n<li>Un LED amarillo se enciende cuando el nivel de l\u00edquido es bajo<\/li>\n<li>Todos los LED se apagan cuando la alarma est\u00e1 conectada<\/li>\n<li>LED rojo:<br \/>o Un parpadeo cada 10 seg. significa fallo de la red el\u00e9ctrica **<br \/>o Tres parpadeos cada 10 seg. significa se\u00f1al de cualquier sistema de alarma de incendios para ca\u00f1\u00f3n de niebla *\u0394<br \/>o Cuatro parpadeos cada 10 seg. significa bajo voltaje de la bater\u00eda **<br \/>o Parpadeo constante: error grave que requiere la intervenci\u00f3n de un instalador de alarmas *<\/li>\n<\/ul>\n<p>* Diodos en Xtratus\u00ae: Ver manual p\u00e1gina<br \/>** Requiere visitas del servicio t\u00e9cnico<br \/>\u0394 Podr\u00eda indicar interruptor de llave\/otro aislamiento<\/p>\n<\/div>\n<div class=\"ctbEditorText\">\n<h4>\u00bfHas quitado la tapa y puedes ver la pantalla?<\/h4>\n<p><span data-contrast=\"auto\">Consulta aqu\u00ed qu\u00e9 significan los c\u00f3digos y c\u00f3mo restablecerlos una vez corregidos<\/span><a id=\"2\"><\/a><\/p>\n<ul>\n<li><a href=\"https:\/\/protectglobal.com\/download\/troubleshooter\/\" target=\"_blank\" rel=\"noopener\">Solucionador de problemas t\u00e9cnicos &#8211; Todos los Ca\u00f1ones de Niebla &#8211; no Xtratus\u00ae<\/a><\/li>\n<li><a href=\"https:\/\/protectglobal.com\/download\/troubleshooter-xtratus\/\" target=\"_blank\" rel=\"noopener\">Solucionador de problemas t\u00e9cnicos &#8211; S\u00f3lo Xtratus\u00ae<\/a><\/li>\n<\/ul>\n<p><b><span data-contrast=\"auto\">\u00bfNecesitas reiniciar despu\u00e9s de los cambios?<\/span><\/b><span data-contrast=\"auto\"> &#8211; Pulsa el bot\u00f3n situado entre la pantalla y los interruptores DIP durante 4 segundos hasta que la pantalla cambie y\/o se produzca el pitido <\/span><\/p>\n<p><b><span data-contrast=\"auto\">\u00bfTodav\u00eda tienes un c\u00f3digo E3?<\/span><\/b><span data-contrast=\"auto\"> &#8211; <\/span><span data-contrast=\"auto\">Generalmente causado por un interruptor de llave u otro aislamiento<\/span><\/p>\n<p><b><span data-contrast=\"auto\">\u00bfTodav\u00eda tienes c\u00f3digos de error y necesitas ayuda?<\/span><\/b><span data-contrast=\"auto\"> &#8211; Ll\u00e1manos junto con el n\u00famero de serie y el tipo de m\u00e1quina.<\/span><\/p>\n<\/div>\n<div class=\"ctbEditorText\">\n<h4>\u00bfNecesitas ayuda con el cableado, la configuraci\u00f3n y la integraci\u00f3n? &#8211; Todas las m\u00e1quinas de ca\u00f1ones de niebla actuales<\/h4>\n<p><span data-contrast=\"auto\">Enlace a las gu\u00edas r\u00e1pidas<\/span> <a id=\"3\"><\/a><\/p>\n<ul>\n<li><a href=\"https:\/\/protectglobal.com\/download\/quick-guide-i-series\/\" target=\"_blank\" rel=\"noopener\"><span data-contrast=\"auto\">600i\u2122\/1100i\u2122\/2200i\u2122 m\u00e1s versiones IP<\/span><\/a><\/li>\n<li><a href=\"https:\/\/protectglobal.com\/download\/quick-guide-c-series\/\" target=\"_blank\" rel=\"noopener\"><span data-contrast=\"auto\">Versiones 800i C\u2122\/1500i C\u2122 plus IP<\/span><\/a><\/li>\n<li><a href=\"https:\/\/protectglobal.com\/download\/quick-guide-qumulus\/\" target=\"_blank\" rel=\"noopener\"><span data-contrast=\"auto\">QUMULUS\u00ae plus versi\u00f3n IP<\/span><\/a><\/li>\n<li><a href=\"https:\/\/protectglobal.com\/download\/quick-guide-xtratus-xtratus-flex\/\" target=\"_blank\" rel=\"noopener\"><span data-contrast=\"auto\">Xtratus\u00ae y Xtratus Flex\u00ae<\/span><\/a><\/li>\n<li><a href=\"https:\/\/protectglobal.com\/download\/quick-guide-foqus\/\" target=\"_blank\" rel=\"noopener\"><span data-contrast=\"auto\">FOQUS\u2122 plus versi\u00f3n IP<\/span><\/a><\/li>\n<\/ul>\n<p><b><span data-contrast=\"auto\">\u00bfA\u00fan necesitas ayuda?<\/span><\/b><span data-contrast=\"auto\"> &#8211; Ll\u00e1manos junto con el n\u00famero de serie y el tipo de m\u00e1quina.<\/span><\/p>\n<\/div>\n<div class=\"ctbEditorText\">\n<h4>\u00bfNecesitas un diagn\u00f3stico en profundidad?<\/h4>\n<p>Utiliza una de nuestras herramientas de diagn\u00f3stico para tener una visi\u00f3n r\u00e1pida del estado de tu ca\u00f1\u00f3n de niebla. S\u00f3lo tienes que conectar tu port\u00e1til al ca\u00f1\u00f3n de niebla y abrir el software. Aqu\u00ed tienes el software que necesitas para nuestros ca\u00f1ones de niebla:<\/p>\n<ul>\n<li><a href=\"https:\/\/protectglobal.com\/download\/intellisuite-software-2\/\" target=\"_blank\" rel=\"noopener\">IntelliSuite\u2122: 600i\u2122, 1100i\u2122, 2200i\u2122, QUMULUS\u00ae, FOQUS\u2122<\/a><\/li>\n<li><a href=\"https:\/\/protectglobal.com\/download\/intellisuite-2-software\/\" target=\"_blank\" rel=\"noopener\">IntelliSuite\u2122 2: PROTECT M80\u2122 y PROTECT M90\u2122<\/a><\/li>\n<li><a href=\"https:\/\/protectglobal.com\/download\/xtratus-pc-tool-software\/\" target=\"_blank\" rel=\"noopener\"><span data-contrast=\"auto\">Herramienta PC Xtratus\u00ae: Xtratus\u00ae y Xtratus Flex\u00ae<\/span><\/a><\/li>\n<\/ul>\n<p><span data-contrast=\"auto\">Accede al Centro de Descargas PROTECT <a href=\"https:\/\/protectglobal.com\/es\/create-account\/\" target=\"_blank\" rel=\"noopener\">creando una cuenta<\/a><br \/><\/span><\/p>\n<\/div>\n<div class=\"ctbEditorText\">\n<h4>\u00bfNecesitas actualizar el firmware?<\/h4>\n<p>Busca y descarga actualizaciones de firmware en el <a href=\"https:\/\/protectglobal.com\/download-category\/software\/\" target=\"_blank\" rel=\"noopener\">Centro de Descargas PROTECT\u2122<\/a><\/p>\n<p><span data-contrast=\"auto\">Accede al Centro de Descargas PROTECT\u2122 <a href=\"https:\/\/protectglobal.com\/es\/create-account\/\" target=\"_blank\" rel=\"noopener\">creando una cuenta<\/a><\/span><\/p>\n<\/div>\n<div class=\"ctbEditorText\">\n<h4>\u00bfNecesitas un registro de acceso a IntelliCloud\u2122?<\/h4>\n<p>Env\u00eda un correo electr\u00f3nico a <a title=\"\" href=\"mailto:info@protectglobal.com\">info@protectglobal.com<\/a> con el t\u00edtulo \u00abSolicitud de acceso a IntelliCloud\u2122\u00bb.<\/p>\n<\/div>\n<div class=\"ctbEditorText\">\n<h4>Cambio e inspecci\u00f3n de recipientes de fluidos<\/h4>\n<ul>\n<li><a title=\"\" href=\"https:\/\/protectglobal.com\/download\/qumulus-fluid-change\/\" target=\"_blank\" rel=\"noopener\"><span data-contrast=\"none\">Sustituci\u00f3n de la gu\u00eda de la bolsa de fluido QUMULUS\u00ae<\/span><\/a><\/li>\n<\/ul>\n<p><span data-contrast=\"auto\">Bolsas de fluidos antiguas<\/span> <a id=\"7\"><\/a><\/p>\n<ul>\n<li><a href=\"https:\/\/protectglobal.com\/download\/qumulus-fluid-change\/\" target=\"_blank\" rel=\"noopener\"><span data-contrast=\"none\">Sustituci\u00f3n de la bolsa de fluido QUMULUS\u00ae 3<\/span><\/a><\/li>\n<li><a title=\"\" href=\"https:\/\/protectglobal.com\/download\/qumulus-fluid-change\/\" target=\"_blank\" rel=\"noopener\"><span data-contrast=\"none\">Sustituci\u00f3n de la bolsa de fluido QUMULUS\u00ae 2<\/span><\/a><\/li>\n<\/ul>\n<ul>\n<li><a href=\"https:\/\/protectglobal.com\/download\/inspection-guide-for-fluid-containers\/\" target=\"_blank\" rel=\"noopener\"><span data-contrast=\"none\">Gu\u00eda de inspecci\u00f3n para recipientes de fluidos<\/span><\/a><\/li>\n<\/ul>\n<\/div>\n<div class=\"ctbEditorText\">\n<h4>Lista de comprobaci\u00f3n del mantenimiento<\/h4>\n<ul>\n<li><a href=\"https:\/\/protectglobal.com\/download\/service-checklist\/\" target=\"_blank\" rel=\"noopener\"><span data-contrast=\"none\">Lista de control del servicio<\/span><\/a><\/li>\n<\/ul>\n<\/div>\n<div class=\"ctbEditorText\">\n<h4>Otros productos compatibles<\/h4>\n<ul>\n<li><a title=\"\" href=\"https:\/\/protectglobal.com\/download\/changing-nozzle-instructions\/\" target=\"_blank\" rel=\"noopener\"><span data-contrast=\"auto\">Gu\u00eda de cambio de boquilla<\/span><\/a><\/li>\n<li><a href=\"https:\/\/protectglobal.com\/download\/reverse-fog-discharge-instructions\/\" target=\"_blank\" rel=\"noopener\"><span data-contrast=\"auto\">Gu\u00eda de niebla inversa<\/span><\/a><\/li>\n<li><a href=\"https:\/\/protectglobal.com\/download\/demo-cable-kit-manual\/\" target=\"_blank\" rel=\"noopener\"><span data-contrast=\"auto\">Gu\u00eda del cable de demostraci\u00f3n<\/span><\/a><\/li>\n<li><a href=\"https:\/\/protectglobal.com\/download\/intellisuite-installation\/\" target=\"_blank\" rel=\"noopener\"><span data-contrast=\"auto\">Instalaci\u00f3n de IntelliSuite\u2122<\/span><\/a><\/li>\n<li><a href=\"https:\/\/protectglobal.com\/download\/intellicloud-installation\/\" target=\"_blank\" rel=\"noopener\"><span data-contrast=\"auto\">Instalaci\u00f3n de IntelliCloud\u2122<\/span><\/a><\/li>\n<li><a href=\"https:\/\/protectglobal.com\/download\/intellimon-installation\/\" target=\"_blank\" rel=\"noopener\"><span data-contrast=\"auto\">Instalaci\u00f3n de IntelliMon\u2122<\/span><\/a><\/li>\n<\/ul>\n<p><b><span data-contrast=\"auto\">\u00bfA\u00fan necesitas ayuda?<\/span><\/b><span data-contrast=\"auto\"> &#8211; Ll\u00e1manos junto con el n\u00famero de serie y el tipo de m\u00e1quina.<\/span> <a id=\"9\"><\/a><\/p>\n<\/div>\n<div class=\"ctbEditorText\">\n<h4>Dimensionamiento y asistencia t\u00e9cnica<\/h4>\n<ul>\n<li><a href=\"https:\/\/protectglobal.com\/download\/dimensioning-service\/\" target=\"_blank\" rel=\"noopener\"><span data-contrast=\"none\">Dimensionamiento y gu\u00eda de servicio<\/span><\/a><\/li>\n<\/ul>\n<p><span data-contrast=\"auto\">Contacta con nosotros para hablar de tu proyecto &#8211; Llama al +45 8672 1881.<\/span><\/p>\n<\/div>","protected":false},"excerpt":{"rendered":"<p>Encuentra una gu\u00eda r\u00e1pida para resolver cualquier problema con tu ca\u00f1\u00f3n de niebla. La mayor\u00eda de los problemas pueden solucionarse f\u00e1cilmente leyendo las gu\u00edas que aparecen a continuaci\u00f3n. En la siguiente lista encontrar\u00e1s soluciones concretas a las preguntas m\u00e1s frecuentes. LEDs parpadeantes &#8211; \u00bfNo has quitado la tapa? Un ca\u00f1\u00f3n de niebla PROTECT\u2122 proporciona se\u00f1ales [&hellip;]<\/p>\n","protected":false},"author":10,"featured_media":22349,"parent":0,"menu_order":0,"comment_status":"closed","ping_status":"closed","template":"text.php","meta":{"_acf_changed":false,"inline_featured_image":false,"footnotes":""},"class_list":["post-5246","page","type-page","status-publish","has-post-thumbnail","hentry"],"acf":[],"yoast_head":"<!-- This site is optimized with the Yoast SEO Premium plugin v27.3 (Yoast SEO v27.3) - https:\/\/yoast.com\/product\/yoast-seo-premium-wordpress\/ -->\n<title>Ca\u00f1\u00f3n de Niebla PROTECT - Soporte t\u00e9cnico para instaladores<\/title>\n<meta name=\"description\" content=\"Obt\u00e9n asistencia r\u00e1pida para los Ca\u00f1ones de Niebla PROTECT\u00ae. Resuelve problemas y asegura una instalaci\u00f3n sin problemas.\" \/>\n<meta name=\"robots\" content=\"index, follow, max-snippet:-1, max-image-preview:large, max-video-preview:-1\" \/>\n<link rel=\"canonical\" href=\"https:\/\/protectglobal.com\/es\/asistencia-tecnica-para-instaladores\/\" \/>\n<meta property=\"og:locale\" content=\"es_ES\" \/>\n<meta property=\"og:type\" content=\"article\" \/>\n<meta property=\"og:title\" content=\"Asistencia t\u00e9cnica para instaladores\" \/>\n<meta property=\"og:description\" content=\"Obt\u00e9n asistencia r\u00e1pida para los Ca\u00f1ones de Niebla PROTECT\u00ae. Resuelve problemas y asegura una instalaci\u00f3n sin problemas.\" \/>\n<meta property=\"og:url\" content=\"https:\/\/protectglobal.com\/es\/asistencia-tecnica-para-instaladores\/\" \/>\n<meta property=\"og:site_name\" content=\"Ca\u00f1ones de niebla PROTECT\u2122\" \/>\n<meta property=\"article:publisher\" content=\"https:\/\/www.facebook.com\/PROTECTFogCannon\/\" \/>\n<meta property=\"article:modified_time\" content=\"2025-01-22T11:36:58+00:00\" \/>\n<meta property=\"og:image\" content=\"https:\/\/protectglobal.com\/wp-content\/uploads\/2024\/06\/montering-af-maskine-frame-at-0m26s.jpg\" \/>\n\t<meta property=\"og:image:width\" content=\"1920\" \/>\n\t<meta property=\"og:image:height\" content=\"1080\" \/>\n\t<meta property=\"og:image:type\" content=\"image\/jpeg\" \/>\n<meta name=\"twitter:card\" content=\"summary_large_image\" \/>\n<meta name=\"twitter:site\" content=\"@PROTECTFOG\" \/>\n<meta name=\"twitter:label1\" content=\"Tiempo de lectura\" \/>\n\t<meta name=\"twitter:data1\" content=\"3 minutos\" \/>\n<script type=\"application\/ld+json\" class=\"yoast-schema-graph\">{\"@context\":\"https:\\\/\\\/schema.org\",\"@graph\":[{\"@type\":\"WebPage\",\"@id\":\"https:\\\/\\\/protectglobal.com\\\/es\\\/asistencia-tecnica-para-instaladores\\\/\",\"url\":\"https:\\\/\\\/protectglobal.com\\\/es\\\/asistencia-tecnica-para-instaladores\\\/\",\"name\":\"Ca\u00f1\u00f3n de Niebla PROTECT - Soporte t\u00e9cnico para instaladores\",\"isPartOf\":{\"@id\":\"https:\\\/\\\/protectglobal.com\\\/es\\\/#website\"},\"primaryImageOfPage\":{\"@id\":\"https:\\\/\\\/protectglobal.com\\\/es\\\/asistencia-tecnica-para-instaladores\\\/#primaryimage\"},\"image\":{\"@id\":\"https:\\\/\\\/protectglobal.com\\\/es\\\/asistencia-tecnica-para-instaladores\\\/#primaryimage\"},\"thumbnailUrl\":\"https:\\\/\\\/protectglobal.com\\\/wp-content\\\/uploads\\\/2024\\\/06\\\/montering-af-maskine-frame-at-0m26s.jpg\",\"datePublished\":\"2024-03-19T14:14:49+00:00\",\"dateModified\":\"2025-01-22T11:36:58+00:00\",\"description\":\"Obt\u00e9n asistencia r\u00e1pida para los Ca\u00f1ones de Niebla PROTECT\u00ae. Resuelve problemas y asegura una instalaci\u00f3n sin problemas.\",\"breadcrumb\":{\"@id\":\"https:\\\/\\\/protectglobal.com\\\/es\\\/asistencia-tecnica-para-instaladores\\\/#breadcrumb\"},\"inLanguage\":\"es\",\"potentialAction\":[{\"@type\":\"ReadAction\",\"target\":[\"https:\\\/\\\/protectglobal.com\\\/es\\\/asistencia-tecnica-para-instaladores\\\/\"]}]},{\"@type\":\"ImageObject\",\"inLanguage\":\"es\",\"@id\":\"https:\\\/\\\/protectglobal.com\\\/es\\\/asistencia-tecnica-para-instaladores\\\/#primaryimage\",\"url\":\"https:\\\/\\\/protectglobal.com\\\/wp-content\\\/uploads\\\/2024\\\/06\\\/montering-af-maskine-frame-at-0m26s.jpg\",\"contentUrl\":\"https:\\\/\\\/protectglobal.com\\\/wp-content\\\/uploads\\\/2024\\\/06\\\/montering-af-maskine-frame-at-0m26s.jpg\",\"width\":1920,\"height\":1080,\"caption\":\"apex fog fluid\"},{\"@type\":\"BreadcrumbList\",\"@id\":\"https:\\\/\\\/protectglobal.com\\\/es\\\/asistencia-tecnica-para-instaladores\\\/#breadcrumb\",\"itemListElement\":[{\"@type\":\"ListItem\",\"position\":1,\"name\":\"Hjem\",\"item\":\"https:\\\/\\\/protectglobal.com\\\/es\\\/\"},{\"@type\":\"ListItem\",\"position\":2,\"name\":\"Asistencia t\u00e9cnica para instaladores\"}]},{\"@type\":\"WebSite\",\"@id\":\"https:\\\/\\\/protectglobal.com\\\/es\\\/#website\",\"url\":\"https:\\\/\\\/protectglobal.com\\\/es\\\/\",\"name\":\"PROTECT Fog Cannons\u2122\",\"description\":\"\",\"publisher\":{\"@id\":\"https:\\\/\\\/protectglobal.com\\\/es\\\/#organization\"},\"potentialAction\":[{\"@type\":\"SearchAction\",\"target\":{\"@type\":\"EntryPoint\",\"urlTemplate\":\"https:\\\/\\\/protectglobal.com\\\/es\\\/?s={search_term_string}\"},\"query-input\":{\"@type\":\"PropertyValueSpecification\",\"valueRequired\":true,\"valueName\":\"search_term_string\"}}],\"inLanguage\":\"es\"},{\"@type\":\"Organization\",\"@id\":\"https:\\\/\\\/protectglobal.com\\\/es\\\/#organization\",\"name\":\"PROTECT Fog Cannons\u2122\",\"url\":\"https:\\\/\\\/protectglobal.com\\\/es\\\/\",\"logo\":{\"@type\":\"ImageObject\",\"inLanguage\":\"es\",\"@id\":\"https:\\\/\\\/protectglobal.com\\\/es\\\/#\\\/schema\\\/logo\\\/image\\\/\",\"url\":\"https:\\\/\\\/protectglobal.com\\\/wp-content\\\/uploads\\\/2023\\\/10\\\/logo.svg\",\"contentUrl\":\"https:\\\/\\\/protectglobal.com\\\/wp-content\\\/uploads\\\/2023\\\/10\\\/logo.svg\",\"width\":90,\"height\":40,\"caption\":\"PROTECT Fog Cannons\u2122\"},\"image\":{\"@id\":\"https:\\\/\\\/protectglobal.com\\\/es\\\/#\\\/schema\\\/logo\\\/image\\\/\"},\"sameAs\":[\"https:\\\/\\\/www.facebook.com\\\/PROTECTFogCannon\\\/\",\"https:\\\/\\\/x.com\\\/PROTECTFOG\",\"https:\\\/\\\/www.linkedin.com\\\/company\\\/protect-a-s\\\/\",\"https:\\\/\\\/www.youtube.com\\\/user\\\/PROTECTFogCannon\"],\"description\":\"PROTECT\u2122 specializes in security fog solutions, protecting valuables in retail, banks, warehouses any many other industries across more than 50 countries. With over 175,000 fog cannons installed, our systems fill rooms with dense fog in seconds, deterring burglars and preventing theft. We focus on providing reliable, durable, and easy-to-install solutions for enhanced security and peace of mind.\",\"email\":\"info@protectglobal.com\",\"telephone\":\"+45 8672 1881\",\"legalName\":\"PROTECT A\\\/S\",\"foundingDate\":\"2000-09-28\",\"vatID\":\"25687272\",\"numberOfEmployees\":{\"@type\":\"QuantitativeValue\",\"minValue\":\"11\",\"maxValue\":\"50\"}}]}<\/script>\n<!-- \/ Yoast SEO Premium plugin. -->","yoast_head_json":{"title":"Ca\u00f1\u00f3n de Niebla PROTECT - Soporte t\u00e9cnico para instaladores","description":"Obt\u00e9n asistencia r\u00e1pida para los Ca\u00f1ones de Niebla PROTECT\u00ae. Resuelve problemas y asegura una instalaci\u00f3n sin problemas.","robots":{"index":"index","follow":"follow","max-snippet":"max-snippet:-1","max-image-preview":"max-image-preview:large","max-video-preview":"max-video-preview:-1"},"canonical":"https:\/\/protectglobal.com\/es\/asistencia-tecnica-para-instaladores\/","og_locale":"es_ES","og_type":"article","og_title":"Asistencia t\u00e9cnica para instaladores","og_description":"Obt\u00e9n asistencia r\u00e1pida para los Ca\u00f1ones de Niebla PROTECT\u00ae. Resuelve problemas y asegura una instalaci\u00f3n sin problemas.","og_url":"https:\/\/protectglobal.com\/es\/asistencia-tecnica-para-instaladores\/","og_site_name":"Ca\u00f1ones de niebla PROTECT\u2122","article_publisher":"https:\/\/www.facebook.com\/PROTECTFogCannon\/","article_modified_time":"2025-01-22T11:36:58+00:00","og_image":[{"width":1920,"height":1080,"url":"https:\/\/protectglobal.com\/wp-content\/uploads\/2024\/06\/montering-af-maskine-frame-at-0m26s.jpg","type":"image\/jpeg"}],"twitter_card":"summary_large_image","twitter_site":"@PROTECTFOG","twitter_misc":{"Tiempo de lectura":"3 minutos"},"schema":{"@context":"https:\/\/schema.org","@graph":[{"@type":"WebPage","@id":"https:\/\/protectglobal.com\/es\/asistencia-tecnica-para-instaladores\/","url":"https:\/\/protectglobal.com\/es\/asistencia-tecnica-para-instaladores\/","name":"Ca\u00f1\u00f3n de Niebla PROTECT - Soporte t\u00e9cnico para instaladores","isPartOf":{"@id":"https:\/\/protectglobal.com\/es\/#website"},"primaryImageOfPage":{"@id":"https:\/\/protectglobal.com\/es\/asistencia-tecnica-para-instaladores\/#primaryimage"},"image":{"@id":"https:\/\/protectglobal.com\/es\/asistencia-tecnica-para-instaladores\/#primaryimage"},"thumbnailUrl":"https:\/\/protectglobal.com\/wp-content\/uploads\/2024\/06\/montering-af-maskine-frame-at-0m26s.jpg","datePublished":"2024-03-19T14:14:49+00:00","dateModified":"2025-01-22T11:36:58+00:00","description":"Obt\u00e9n asistencia r\u00e1pida para los Ca\u00f1ones de Niebla PROTECT\u00ae. Resuelve problemas y asegura una instalaci\u00f3n sin problemas.","breadcrumb":{"@id":"https:\/\/protectglobal.com\/es\/asistencia-tecnica-para-instaladores\/#breadcrumb"},"inLanguage":"es","potentialAction":[{"@type":"ReadAction","target":["https:\/\/protectglobal.com\/es\/asistencia-tecnica-para-instaladores\/"]}]},{"@type":"ImageObject","inLanguage":"es","@id":"https:\/\/protectglobal.com\/es\/asistencia-tecnica-para-instaladores\/#primaryimage","url":"https:\/\/protectglobal.com\/wp-content\/uploads\/2024\/06\/montering-af-maskine-frame-at-0m26s.jpg","contentUrl":"https:\/\/protectglobal.com\/wp-content\/uploads\/2024\/06\/montering-af-maskine-frame-at-0m26s.jpg","width":1920,"height":1080,"caption":"apex fog fluid"},{"@type":"BreadcrumbList","@id":"https:\/\/protectglobal.com\/es\/asistencia-tecnica-para-instaladores\/#breadcrumb","itemListElement":[{"@type":"ListItem","position":1,"name":"Hjem","item":"https:\/\/protectglobal.com\/es\/"},{"@type":"ListItem","position":2,"name":"Asistencia t\u00e9cnica para instaladores"}]},{"@type":"WebSite","@id":"https:\/\/protectglobal.com\/es\/#website","url":"https:\/\/protectglobal.com\/es\/","name":"PROTECT Fog Cannons\u2122","description":"","publisher":{"@id":"https:\/\/protectglobal.com\/es\/#organization"},"potentialAction":[{"@type":"SearchAction","target":{"@type":"EntryPoint","urlTemplate":"https:\/\/protectglobal.com\/es\/?s={search_term_string}"},"query-input":{"@type":"PropertyValueSpecification","valueRequired":true,"valueName":"search_term_string"}}],"inLanguage":"es"},{"@type":"Organization","@id":"https:\/\/protectglobal.com\/es\/#organization","name":"PROTECT Fog Cannons\u2122","url":"https:\/\/protectglobal.com\/es\/","logo":{"@type":"ImageObject","inLanguage":"es","@id":"https:\/\/protectglobal.com\/es\/#\/schema\/logo\/image\/","url":"https:\/\/protectglobal.com\/wp-content\/uploads\/2023\/10\/logo.svg","contentUrl":"https:\/\/protectglobal.com\/wp-content\/uploads\/2023\/10\/logo.svg","width":90,"height":40,"caption":"PROTECT Fog Cannons\u2122"},"image":{"@id":"https:\/\/protectglobal.com\/es\/#\/schema\/logo\/image\/"},"sameAs":["https:\/\/www.facebook.com\/PROTECTFogCannon\/","https:\/\/x.com\/PROTECTFOG","https:\/\/www.linkedin.com\/company\/protect-a-s\/","https:\/\/www.youtube.com\/user\/PROTECTFogCannon"],"description":"PROTECT\u2122 specializes in security fog solutions, protecting valuables in retail, banks, warehouses any many other industries across more than 50 countries. With over 175,000 fog cannons installed, our systems fill rooms with dense fog in seconds, deterring burglars and preventing theft. We focus on providing reliable, durable, and easy-to-install solutions for enhanced security and peace of mind.","email":"info@protectglobal.com","telephone":"+45 8672 1881","legalName":"PROTECT A\/S","foundingDate":"2000-09-28","vatID":"25687272","numberOfEmployees":{"@type":"QuantitativeValue","minValue":"11","maxValue":"50"}}]}},"_links":{"self":[{"href":"https:\/\/protectglobal.com\/es\/wp-json\/wp\/v2\/pages\/5246","targetHints":{"allow":["GET"]}}],"collection":[{"href":"https:\/\/protectglobal.com\/es\/wp-json\/wp\/v2\/pages"}],"about":[{"href":"https:\/\/protectglobal.com\/es\/wp-json\/wp\/v2\/types\/page"}],"author":[{"embeddable":true,"href":"https:\/\/protectglobal.com\/es\/wp-json\/wp\/v2\/users\/10"}],"replies":[{"embeddable":true,"href":"https:\/\/protectglobal.com\/es\/wp-json\/wp\/v2\/comments?post=5246"}],"version-history":[{"count":5,"href":"https:\/\/protectglobal.com\/es\/wp-json\/wp\/v2\/pages\/5246\/revisions"}],"predecessor-version":[{"id":25594,"href":"https:\/\/protectglobal.com\/es\/wp-json\/wp\/v2\/pages\/5246\/revisions\/25594"}],"wp:featuredmedia":[{"embeddable":true,"href":"https:\/\/protectglobal.com\/es\/wp-json\/wp\/v2\/media\/22349"}],"wp:attachment":[{"href":"https:\/\/protectglobal.com\/es\/wp-json\/wp\/v2\/media?parent=5246"}],"curies":[{"name":"wp","href":"https:\/\/api.w.org\/{rel}","templated":true}]}}