{"id":26558,"date":"2024-11-22T09:48:08","date_gmt":"2024-11-22T09:48:08","guid":{"rendered":"https:\/\/protectglobal.com\/aplicacion-de-ventas-protect\/"},"modified":"2025-02-14T12:10:59","modified_gmt":"2025-02-14T12:10:59","slug":"aplicacion-de-ventas-protect","status":"publish","type":"page","link":"https:\/\/protectglobal.com\/es\/aplicacion-de-ventas-protect\/","title":{"rendered":"Aplicaci\u00f3n de ventas PROTECT"},"content":{"rendered":"\n<p>Bienvenido a la <strong>aplicaci\u00f3n de ventas PROTECT\u2122<\/strong>, tu gu\u00eda definitiva para proteger tus objetos de valor contra robos, vandalismo y hurtos. Con una \u00fanica soluci\u00f3n innovadora, puedes transformar tu espacio en una fortaleza de seguridad. <\/p>\n\n\n\n<h3 class=\"wp-block-heading\" id=\"h-que-hace-que-la-aplicacion-protect-sea-esencial\"><strong>\u00bfQu\u00e9 hace que la aplicaci\u00f3n PROTECT sea esencial?<\/strong><\/h3>\n\n\n\n<ul class=\"wp-block-list\">\n<li>Descubre c\u00f3mo funciona: explora videos cortos, fotograf\u00edas y testimonios de la vida real que muestran la eficacia de nuestra revolucionaria tecnolog\u00eda de niebla de seguridad.<\/li>\n\n\n\n<li>Protecci\u00f3n inmejorable: Descubr c\u00f3mo la niebla de seguridad protege habitaciones y objetos de valor en segundos, garantizando que los delincuentes \u00abno puedan robar lo que no pueden ver\u00bb.<\/li>\n\n\n\n<li>Soluciones a medida: Ya sea una peque\u00f1a oficina o un gran almac\u00e9n, los ca\u00f1ones de niebla PROTECT Fog Cannons\u2122 se pueden instalar en casi cualquier entorno, proporcionando una protecci\u00f3n inigualable contra robos y p\u00e9rdidas.<\/li>\n<\/ul>\n\n\n\n<h3 class=\"wp-block-heading\"><strong>Caracter\u00edsticas de la aplicaci\u00f3n:<\/strong><\/h3>\n\n\n\n<ul class=\"wp-block-list\">\n<li>Recursos informativos sobre los beneficios y la versatilidad de la niebla de seguridad.<\/li>\n\n\n\n<li>Historias de \u00e9xito de clientes satisfechos de todo el mundo.<\/li>\n\n\n\n<li>Interfaz de f\u00e1cil navegaci\u00f3n con contenido en <strong>12 idiomas<\/strong>, incluidos Ingl\u00e9s, Espa\u00f1ol, Franc\u00e9s, Alem\u00e1n y Chino.<\/li>\n<\/ul>\n\n\n\n\n    <section data-aos=\"fade-in\" class=\"media custom-block my-4\" style=\"\"> \n    <figure>\n                           <img decoding=\"async\" class=\"media-img rounder w-100 object-fit-cover lazyload\" data-src=\"https:\/\/protectglobal.com\/wp-content\/uploads\/2024\/11\/billede1-1024x681.jpg\" alt=\"protect sales app\" src=\"data:image\/svg+xml;base64,PHN2ZyB3aWR0aD0iMSIgaGVpZ2h0PSIxIiB4bWxucz0iaHR0cDovL3d3dy53My5vcmcvMjAwMC9zdmciPjwvc3ZnPg==\" style=\"--smush-placeholder-width: 1024px; --smush-placeholder-aspect-ratio: 1024\/681;\"> \n\n                        <\/figure>\n    <\/section>\n\n\n\n<h3 class=\"wp-block-heading\"><strong>Idiomas disponibles:<\/strong><\/h3>\n\n\n\n<p>La aplicaci\u00f3n est\u00e1 disponible en Ingl\u00e9s, Espa\u00f1ol, Franc\u00e9s, Italiano, Alem\u00e1n, Portugu\u00e9s, Griego, Sueco, Noruego, Holand\u00e9s, Dan\u00e9s y Chino, lo que garantiza su uso en todo el mundo.<\/p>\n\n\n\n<h3 class=\"wp-block-heading\"><strong>Protege lo que m\u00e1s importa<\/strong><\/h3>\n\n\n\n<p>Con la aplicaci\u00f3n de ventas PROTECT Fog Cannon\u2122, la tranquilidad est\u00e1 a solo un toque de distancia. \u00danete a los innumerables usuarios que han protegido sus hogares, negocios y objetos de valor con el poder de la niebla de seguridad. <\/p>\n\n\n\n<p><strong>\u00a1Desc\u00e1rgalo ahora y da el primer paso hacia una seguridad inmejorable!<\/strong><\/p>\n\n\n\n\n    <section class=\"call-to-action-block custom-block py-5\" style=\"\"> \n        <div class=\"container py-xxl-5\" data-aos=\"fade-in\">\n            <blockquote class=\"position-relative col-sm content text-center cta-wrapper p-lg-5 px-4 py-5 rounder d-flex flex-column justify-content-center align-items-center \">\n                    <div class=\"heading-section pt-5\"> \n                                                    <p class=\"mb-4 small section-label font-white\">DESCARGA LA APLICACI\u00d3N PROTECT AQU\u00cd<\/p>\n                                                                    <\/div>\n                                                                <div class=\"button-group mb-3 d-flex flex-column flex-md-row justify-content-center container-sm my-4 h-auto p-0 gap-3\">  \n                            <a href=\"https:\/\/apps.apple.com\/dk\/app\/protect-secured-in-seconds\/id658823495?platform=iphone\" class=\"d-flex gap-3 justify-content-center justify-content-md-start button align-items-center primary\" target=\"_blank\">\n       Descargar aplicaci\u00f3n para iOS       <i class=\"icon-chevron\"><\/i>\n    <\/a>\n                        <\/div>\n                                        <video  autoplay loop muted class=\"position-absolute w-100 h-100 top-0 left-0 object-fit-cover\" poster=\"https:\/\/protectglobal.com\/wp-content\/uploads\/2024\/09\/protectbreakin349-1024x683.jpg\">\n                        <source src=\"\" type=\"video\/mp4\">\n                    <\/video>                  \n            <\/blockquote>    \n        <\/div>  \n    <\/section>\n","protected":false},"excerpt":{"rendered":"<p>Bienvenido a la aplicaci\u00f3n de ventas PROTECT\u2122, tu gu\u00eda definitiva para proteger tus objetos de valor contra robos, vandalismo y hurtos. Con una \u00fanica soluci\u00f3n innovadora, puedes transformar tu espacio en una fortaleza de seguridad. \u00bfQu\u00e9 hace que la aplicaci\u00f3n PROTECT sea esencial? Caracter\u00edsticas de la aplicaci\u00f3n: Idiomas disponibles: La aplicaci\u00f3n est\u00e1 disponible en Ingl\u00e9s, [&hellip;]<\/p>\n","protected":false},"author":11,"featured_media":0,"parent":0,"menu_order":0,"comment_status":"closed","ping_status":"closed","template":"text.php","meta":{"_acf_changed":false,"inline_featured_image":false,"footnotes":""},"class_list":["post-26558","page","type-page","status-publish","hentry"],"acf":[],"yoast_head":"<!-- This site is optimized with the Yoast SEO Premium plugin v27.3 (Yoast SEO v27.3) - https:\/\/yoast.com\/product\/yoast-seo-premium-wordpress\/ -->\n<title>Aplicaci\u00f3n de ventas PROTECT - Ca\u00f1ones de niebla PROTECT\u2122<\/title>\n<meta name=\"description\" content=\"Bienvenido a la aplicaci\u00f3n de ventas PROTECT\u2122, tu gu\u00eda definitiva para proteger tus objetos de valor contra robos, vandalismo y hurtos.\" \/>\n<meta name=\"robots\" content=\"index, follow, max-snippet:-1, max-image-preview:large, max-video-preview:-1\" \/>\n<link rel=\"canonical\" href=\"https:\/\/protectglobal.com\/es\/aplicacion-de-ventas-protect\/\" \/>\n<meta property=\"og:locale\" content=\"es_ES\" \/>\n<meta property=\"og:type\" content=\"article\" \/>\n<meta property=\"og:title\" content=\"Aplicaci\u00f3n de ventas PROTECT\" \/>\n<meta property=\"og:description\" content=\"Bienvenido a la aplicaci\u00f3n de ventas PROTECT\u2122, tu gu\u00eda definitiva para proteger tus objetos de valor contra robos, vandalismo y hurtos.\" \/>\n<meta property=\"og:url\" content=\"https:\/\/protectglobal.com\/es\/aplicacion-de-ventas-protect\/\" \/>\n<meta property=\"og:site_name\" content=\"Ca\u00f1ones de niebla PROTECT\u2122\" \/>\n<meta property=\"article:publisher\" content=\"https:\/\/www.facebook.com\/PROTECTFogCannon\/\" \/>\n<meta property=\"article:modified_time\" content=\"2025-02-14T12:10:59+00:00\" \/>\n<meta property=\"og:image\" content=\"https:\/\/protectglobal.com\/wp-content\/uploads\/2024\/11\/untitled-09038-scaled.jpg\" \/>\n\t<meta property=\"og:image:width\" content=\"2560\" \/>\n\t<meta property=\"og:image:height\" content=\"1440\" \/>\n\t<meta property=\"og:image:type\" content=\"image\/jpeg\" \/>\n<meta name=\"twitter:card\" content=\"summary_large_image\" \/>\n<meta name=\"twitter:site\" content=\"@PROTECTFOG\" \/>\n<meta name=\"twitter:label1\" content=\"Tiempo de lectura\" \/>\n\t<meta name=\"twitter:data1\" content=\"2 minutos\" \/>\n<script type=\"application\/ld+json\" class=\"yoast-schema-graph\">{\"@context\":\"https:\\\/\\\/schema.org\",\"@graph\":[{\"@type\":\"WebPage\",\"@id\":\"https:\\\/\\\/protectglobal.com\\\/es\\\/aplicacion-de-ventas-protect\\\/\",\"url\":\"https:\\\/\\\/protectglobal.com\\\/es\\\/aplicacion-de-ventas-protect\\\/\",\"name\":\"Aplicaci\u00f3n de ventas PROTECT - Ca\u00f1ones de niebla PROTECT\u2122\",\"isPartOf\":{\"@id\":\"https:\\\/\\\/protectglobal.com\\\/es\\\/#website\"},\"datePublished\":\"2024-11-22T09:48:08+00:00\",\"dateModified\":\"2025-02-14T12:10:59+00:00\",\"description\":\"Bienvenido a la aplicaci\u00f3n de ventas PROTECT\u2122, tu gu\u00eda definitiva para proteger tus objetos de valor contra robos, vandalismo y hurtos.\",\"breadcrumb\":{\"@id\":\"https:\\\/\\\/protectglobal.com\\\/es\\\/aplicacion-de-ventas-protect\\\/#breadcrumb\"},\"inLanguage\":\"es\",\"potentialAction\":[{\"@type\":\"ReadAction\",\"target\":[\"https:\\\/\\\/protectglobal.com\\\/es\\\/aplicacion-de-ventas-protect\\\/\"]}]},{\"@type\":\"BreadcrumbList\",\"@id\":\"https:\\\/\\\/protectglobal.com\\\/es\\\/aplicacion-de-ventas-protect\\\/#breadcrumb\",\"itemListElement\":[{\"@type\":\"ListItem\",\"position\":1,\"name\":\"Hjem\",\"item\":\"https:\\\/\\\/protectglobal.com\\\/es\\\/\"},{\"@type\":\"ListItem\",\"position\":2,\"name\":\"Aplicaci\u00f3n de ventas PROTECT\"}]},{\"@type\":\"WebSite\",\"@id\":\"https:\\\/\\\/protectglobal.com\\\/es\\\/#website\",\"url\":\"https:\\\/\\\/protectglobal.com\\\/es\\\/\",\"name\":\"PROTECT Fog Cannons\u2122\",\"description\":\"\",\"publisher\":{\"@id\":\"https:\\\/\\\/protectglobal.com\\\/es\\\/#organization\"},\"potentialAction\":[{\"@type\":\"SearchAction\",\"target\":{\"@type\":\"EntryPoint\",\"urlTemplate\":\"https:\\\/\\\/protectglobal.com\\\/es\\\/?s={search_term_string}\"},\"query-input\":{\"@type\":\"PropertyValueSpecification\",\"valueRequired\":true,\"valueName\":\"search_term_string\"}}],\"inLanguage\":\"es\"},{\"@type\":\"Organization\",\"@id\":\"https:\\\/\\\/protectglobal.com\\\/es\\\/#organization\",\"name\":\"PROTECT Fog Cannons\u2122\",\"url\":\"https:\\\/\\\/protectglobal.com\\\/es\\\/\",\"logo\":{\"@type\":\"ImageObject\",\"inLanguage\":\"es\",\"@id\":\"https:\\\/\\\/protectglobal.com\\\/es\\\/#\\\/schema\\\/logo\\\/image\\\/\",\"url\":\"https:\\\/\\\/protectglobal.com\\\/wp-content\\\/uploads\\\/2023\\\/10\\\/logo.svg\",\"contentUrl\":\"https:\\\/\\\/protectglobal.com\\\/wp-content\\\/uploads\\\/2023\\\/10\\\/logo.svg\",\"width\":90,\"height\":40,\"caption\":\"PROTECT Fog Cannons\u2122\"},\"image\":{\"@id\":\"https:\\\/\\\/protectglobal.com\\\/es\\\/#\\\/schema\\\/logo\\\/image\\\/\"},\"sameAs\":[\"https:\\\/\\\/www.facebook.com\\\/PROTECTFogCannon\\\/\",\"https:\\\/\\\/x.com\\\/PROTECTFOG\",\"https:\\\/\\\/www.linkedin.com\\\/company\\\/protect-a-s\\\/\",\"https:\\\/\\\/www.youtube.com\\\/user\\\/PROTECTFogCannon\"],\"description\":\"PROTECT\u2122 specializes in security fog solutions, protecting valuables in retail, banks, warehouses any many other industries across more than 50 countries. With over 175,000 fog cannons installed, our systems fill rooms with dense fog in seconds, deterring burglars and preventing theft. We focus on providing reliable, durable, and easy-to-install solutions for enhanced security and peace of mind.\",\"email\":\"info@protectglobal.com\",\"telephone\":\"+45 8672 1881\",\"legalName\":\"PROTECT A\\\/S\",\"foundingDate\":\"2000-09-28\",\"vatID\":\"25687272\",\"numberOfEmployees\":{\"@type\":\"QuantitativeValue\",\"minValue\":\"11\",\"maxValue\":\"50\"}}]}<\/script>\n<!-- \/ Yoast SEO Premium plugin. -->","yoast_head_json":{"title":"Aplicaci\u00f3n de ventas PROTECT - Ca\u00f1ones de niebla PROTECT\u2122","description":"Bienvenido a la aplicaci\u00f3n de ventas PROTECT\u2122, tu gu\u00eda definitiva para proteger tus objetos de valor contra robos, vandalismo y hurtos.","robots":{"index":"index","follow":"follow","max-snippet":"max-snippet:-1","max-image-preview":"max-image-preview:large","max-video-preview":"max-video-preview:-1"},"canonical":"https:\/\/protectglobal.com\/es\/aplicacion-de-ventas-protect\/","og_locale":"es_ES","og_type":"article","og_title":"Aplicaci\u00f3n de ventas PROTECT","og_description":"Bienvenido a la aplicaci\u00f3n de ventas PROTECT\u2122, tu gu\u00eda definitiva para proteger tus objetos de valor contra robos, vandalismo y hurtos.","og_url":"https:\/\/protectglobal.com\/es\/aplicacion-de-ventas-protect\/","og_site_name":"Ca\u00f1ones de niebla PROTECT\u2122","article_publisher":"https:\/\/www.facebook.com\/PROTECTFogCannon\/","article_modified_time":"2025-02-14T12:10:59+00:00","og_image":[{"width":2560,"height":1440,"url":"https:\/\/protectglobal.com\/wp-content\/uploads\/2024\/11\/untitled-09038-scaled.jpg","type":"image\/jpeg"}],"twitter_card":"summary_large_image","twitter_site":"@PROTECTFOG","twitter_misc":{"Tiempo de lectura":"2 minutos"},"schema":{"@context":"https:\/\/schema.org","@graph":[{"@type":"WebPage","@id":"https:\/\/protectglobal.com\/es\/aplicacion-de-ventas-protect\/","url":"https:\/\/protectglobal.com\/es\/aplicacion-de-ventas-protect\/","name":"Aplicaci\u00f3n de ventas PROTECT - Ca\u00f1ones de niebla PROTECT\u2122","isPartOf":{"@id":"https:\/\/protectglobal.com\/es\/#website"},"datePublished":"2024-11-22T09:48:08+00:00","dateModified":"2025-02-14T12:10:59+00:00","description":"Bienvenido a la aplicaci\u00f3n de ventas PROTECT\u2122, tu gu\u00eda definitiva para proteger tus objetos de valor contra robos, vandalismo y hurtos.","breadcrumb":{"@id":"https:\/\/protectglobal.com\/es\/aplicacion-de-ventas-protect\/#breadcrumb"},"inLanguage":"es","potentialAction":[{"@type":"ReadAction","target":["https:\/\/protectglobal.com\/es\/aplicacion-de-ventas-protect\/"]}]},{"@type":"BreadcrumbList","@id":"https:\/\/protectglobal.com\/es\/aplicacion-de-ventas-protect\/#breadcrumb","itemListElement":[{"@type":"ListItem","position":1,"name":"Hjem","item":"https:\/\/protectglobal.com\/es\/"},{"@type":"ListItem","position":2,"name":"Aplicaci\u00f3n de ventas PROTECT"}]},{"@type":"WebSite","@id":"https:\/\/protectglobal.com\/es\/#website","url":"https:\/\/protectglobal.com\/es\/","name":"PROTECT Fog Cannons\u2122","description":"","publisher":{"@id":"https:\/\/protectglobal.com\/es\/#organization"},"potentialAction":[{"@type":"SearchAction","target":{"@type":"EntryPoint","urlTemplate":"https:\/\/protectglobal.com\/es\/?s={search_term_string}"},"query-input":{"@type":"PropertyValueSpecification","valueRequired":true,"valueName":"search_term_string"}}],"inLanguage":"es"},{"@type":"Organization","@id":"https:\/\/protectglobal.com\/es\/#organization","name":"PROTECT Fog Cannons\u2122","url":"https:\/\/protectglobal.com\/es\/","logo":{"@type":"ImageObject","inLanguage":"es","@id":"https:\/\/protectglobal.com\/es\/#\/schema\/logo\/image\/","url":"https:\/\/protectglobal.com\/wp-content\/uploads\/2023\/10\/logo.svg","contentUrl":"https:\/\/protectglobal.com\/wp-content\/uploads\/2023\/10\/logo.svg","width":90,"height":40,"caption":"PROTECT Fog Cannons\u2122"},"image":{"@id":"https:\/\/protectglobal.com\/es\/#\/schema\/logo\/image\/"},"sameAs":["https:\/\/www.facebook.com\/PROTECTFogCannon\/","https:\/\/x.com\/PROTECTFOG","https:\/\/www.linkedin.com\/company\/protect-a-s\/","https:\/\/www.youtube.com\/user\/PROTECTFogCannon"],"description":"PROTECT\u2122 specializes in security fog solutions, protecting valuables in retail, banks, warehouses any many other industries across more than 50 countries. With over 175,000 fog cannons installed, our systems fill rooms with dense fog in seconds, deterring burglars and preventing theft. We focus on providing reliable, durable, and easy-to-install solutions for enhanced security and peace of mind.","email":"info@protectglobal.com","telephone":"+45 8672 1881","legalName":"PROTECT A\/S","foundingDate":"2000-09-28","vatID":"25687272","numberOfEmployees":{"@type":"QuantitativeValue","minValue":"11","maxValue":"50"}}]}},"_links":{"self":[{"href":"https:\/\/protectglobal.com\/es\/wp-json\/wp\/v2\/pages\/26558","targetHints":{"allow":["GET"]}}],"collection":[{"href":"https:\/\/protectglobal.com\/es\/wp-json\/wp\/v2\/pages"}],"about":[{"href":"https:\/\/protectglobal.com\/es\/wp-json\/wp\/v2\/types\/page"}],"author":[{"embeddable":true,"href":"https:\/\/protectglobal.com\/es\/wp-json\/wp\/v2\/users\/11"}],"replies":[{"embeddable":true,"href":"https:\/\/protectglobal.com\/es\/wp-json\/wp\/v2\/comments?post=26558"}],"version-history":[{"count":2,"href":"https:\/\/protectglobal.com\/es\/wp-json\/wp\/v2\/pages\/26558\/revisions"}],"predecessor-version":[{"id":26560,"href":"https:\/\/protectglobal.com\/es\/wp-json\/wp\/v2\/pages\/26558\/revisions\/26560"}],"wp:attachment":[{"href":"https:\/\/protectglobal.com\/es\/wp-json\/wp\/v2\/media?parent=26558"}],"curies":[{"name":"wp","href":"https:\/\/api.w.org\/{rel}","templated":true}]}}