{"id":26555,"date":"2024-11-21T09:33:39","date_gmt":"2024-11-21T09:33:39","guid":{"rendered":"https:\/\/protectglobal.com\/e-learning-protect\/"},"modified":"2025-04-29T08:51:49","modified_gmt":"2025-04-29T08:51:49","slug":"e-learning","status":"publish","type":"page","link":"https:\/\/protectglobal.com\/es\/e-learning\/","title":{"rendered":"E-learning PROTECT"},"content":{"rendered":"\n    \n    <section id=\"contact-form\" class=\"py-5 contact-form-block\">\n        <div class=\"container mt-5\" data-aos=\"fade-in\">\n            <div class=\"row d-flex justify-content-center overflow-section \">\n                <div class=\"col-12 col-lg-11 col-xl-11 col-xl-9\">\n                    <div class=\"row\">\n                        <div class=\"col-lg-12 col-sm-12 col-sm-7 col-xxl-12 mb-5\">\n                            <div class=\"background box-shadow-form dark-grey h-100 p-4 p-xl-5 position-relative rounded-4 text-white\">\n                                <div class=\"action-icon\"><\/div>\n                                <h1>Solicitud de <span style=\"color: #3f75ff;\">E-Learning<\/span><\/h1>\n<p>PROTECT\u2122 ofrece un programa de educaci\u00f3n profesional gratuito para todos los instaladores de alarmas registrados de nuestros ca\u00f1ones de niebla en todo el mundo.<\/p>\n<p>&nbsp;<\/p>\n<p>Nuestra plataforma de aprendizaje electr\u00f3nico combina tutoriales en video atractivos sin narraci\u00f3n hablada y preguntas interactivas de opci\u00f3n m\u00faltiple. Hay recursos de aprendizaje adicionales, como manuales y gu\u00edas de medici\u00f3n, a los que se puede acceder f\u00e1cilmente dentro de la plataforma para respaldar su proceso de aprendizaje.<\/p>\n<p>&nbsp;<\/p>\n<p>Actualmente, ofrecemos tres cursos distintos, cada uno de los cuales concluye con un examen de opci\u00f3n m\u00faltiple:<\/p>\n<p>&nbsp;<\/p>\n<ul>\n<li>Curso 1: Instalaci\u00f3n sencilla<\/li>\n<li>Curso 2: Productos Intelli<\/li>\n<li>Curso 3: PROTECT\u2122 API y PROTECT IntelliCloud\u2122<\/li>\n<\/ul>\n<p>&nbsp;<\/p>\n<div class=\"ctbEditorText\">\n<h2>\u00bfPor qu\u00e9 e-learning?<\/h2>\n<p>El e-learning ofrece una flexibilidad sin igual: aprende a tu propio ritmo, en cualquier momento y en cualquier lugar. No hay l\u00edmite de tiempo para completar el curso, lo que te permite progresar seg\u00fan tu agenda.<\/p>\n<p>&nbsp;<\/p>\n<p>Al completar estos cursos, mejorar\u00e1 tu experiencia en la instalaci\u00f3n y el uso de ca\u00f1ones de niebla, lo que garantizar\u00e1 una mayor seguridad, calidad y credibilidad ante tus clientes. Tambi\u00e9n desarrollar\u00e1s una comprensi\u00f3n m\u00e1s profunda de los sistemas de seguridad con niebla, lo que te permitir\u00e1 compartir informaci\u00f3n valiosa con colegas y clientes.<\/p>\n<p>&nbsp;<\/p>\n<p>Al finalizar los cursos de e-learning PROTECT\u2122, estar\u00e1s completamente capacitado para instalar cualquier modelo de nuestra gama de ca\u00f1ones de niebla. Esta capacitaci\u00f3n se alinea con las normas internacionales Cenelec, que exigen que los instaladores de alarmas reciban instrucci\u00f3n y aprueben un examen antes de montar m\u00e1quinas de niebla.<\/p>\n<p>&nbsp;<\/p>\n<h2>Informaci\u00f3n pr\u00e1ctica<\/h2>\n<p><span class=\"TextRun SCXW252189242 BCX0\" lang=\"EN-US\" xml:lang=\"EN-US\" data-contrast=\"auto\"><span class=\"NormalTextRun SCXW252189242 BCX0\">Cada participante del curso debe registrarse completando el formulario que se encuentra en esta p\u00e1gina. <\/span><\/span><span class=\"TextRun SCXW252189242 BCX0\" lang=\"EN-US\" xml:lang=\"EN-US\" data-contrast=\"auto\"><span class=\"NormalTextRun SCXW252189242 BCX0\">Luego, te enviaremos un nombre de usuario \u00fanico a cada persona, as\u00ed como un enlace a los cursos.<\/span><\/span><\/p>\n<p>&nbsp;<\/p>\n<\/div>\n<div class=\"ctbWhiteSpace\"><\/div>\n<div class=\"ctbEditorText\">\n<div id=\"nf-form-13-cont\" class=\"nf-form-cont\" role=\"form\" aria-live=\"polite\" aria-labelledby=\"nf-form-title-13\" aria-describedby=\"nf-form-errors-13\">\n<div class=\"nf-form-wrap ninja-forms-form-wrap\">\n<div class=\"nf-before-form\"><em>Los campos marcados con un <span class=\"ninja-forms-req-symbol\">*<\/span> son obligatorios<\/em><\/div>\n<div><\/div>\n<\/div>\n<\/div>\n<\/div>\n\n<div class=\"wpcf7 no-js\" id=\"wpcf7-f26554-o1\" lang=\"es-ES\" dir=\"ltr\" data-wpcf7-id=\"26554\">\n<div class=\"screen-reader-response\"><p role=\"status\" aria-live=\"polite\" aria-atomic=\"true\"><\/p> <ul><\/ul><\/div>\n<form action=\"\/es\/wp-json\/wp\/v2\/pages\/26555#wpcf7-f26554-o1\" method=\"post\" class=\"wpcf7-form init\" aria-label=\"Formulario de contacto\" novalidate=\"novalidate\" data-status=\"init\">\n<fieldset class=\"hidden-fields-container\"><input type=\"hidden\" name=\"_wpcf7\" value=\"26554\" \/><input type=\"hidden\" name=\"_wpcf7_version\" value=\"6.1.5\" \/><input type=\"hidden\" name=\"_wpcf7_locale\" value=\"es_ES\" \/><input type=\"hidden\" name=\"_wpcf7_unit_tag\" value=\"wpcf7-f26554-o1\" \/><input type=\"hidden\" name=\"_wpcf7_container_post\" value=\"0\" \/><input type=\"hidden\" name=\"_wpcf7_posted_data_hash\" value=\"\" \/><input type=\"hidden\" name=\"ac-tag\" value=\"\" \/><input type=\"hidden\" name=\"_wpcf7_recaptcha_response\" value=\"\" \/>\n<\/fieldset>\n<p><label> Nombre*:<br \/>\n<span class=\"wpcf7-form-control-wrap\" data-name=\"first-name\"><input size=\"40\" maxlength=\"400\" class=\"wpcf7-form-control wpcf7-text wpcf7-validates-as-required\" autocomplete=\"name\" aria-required=\"true\" aria-invalid=\"false\" value=\"\" type=\"text\" name=\"first-name\" \/><\/span> <\/label>\n<\/p>\n<p><label> Apellidos*:<br \/>\n<span class=\"wpcf7-form-control-wrap\" data-name=\"last-name\"><input size=\"40\" maxlength=\"400\" class=\"wpcf7-form-control wpcf7-text wpcf7-validates-as-required\" autocomplete=\"name\" aria-required=\"true\" aria-invalid=\"false\" value=\"\" type=\"text\" name=\"last-name\" \/><\/span> <\/label>\n<\/p>\n<p><label> Compa\u00f1\u00eda*:<br \/>\n<span class=\"wpcf7-form-control-wrap\" data-name=\"company-name\"><input size=\"40\" maxlength=\"400\" class=\"wpcf7-form-control wpcf7-text wpcf7-validates-as-required\" autocomplete=\"name\" aria-required=\"true\" aria-invalid=\"false\" value=\"\" type=\"text\" name=\"company-name\" \/><\/span> <\/label>\n<\/p>\n<p><label> Correo electr\u00f3nico*:<br \/>\n<span class=\"wpcf7-form-control-wrap\" data-name=\"your-email\"><input size=\"40\" maxlength=\"400\" class=\"wpcf7-form-control wpcf7-email wpcf7-validates-as-required wpcf7-text wpcf7-validates-as-email\" autocomplete=\"email\" aria-required=\"true\" aria-invalid=\"false\" value=\"\" type=\"email\" name=\"your-email\" \/><\/span> <\/label>\n<\/p>\n<p><label> N\u00famero de tel\u00e9fono*:<br \/>\n<span class=\"wpcf7-form-control-wrap\" data-name=\"phone\"><input size=\"40\" maxlength=\"400\" class=\"wpcf7-form-control wpcf7-tel wpcf7-validates-as-required wpcf7-text wpcf7-validates-as-tel\" autocomplete=\"yourtelephone\" aria-required=\"true\" aria-invalid=\"false\" value=\"\" type=\"tel\" name=\"phone\" \/><\/span> <\/label>\n<\/p>\n<p><label> Selecciona un pa\u00eds*:<br \/>\n<span class=\"wpcf7-form-control-wrap\" data-name=\"country\"><select class=\"wpcf7-form-control wpcf7-select\" id=\"countries_select\" aria-invalid=\"false\" name=\"country\"><option value=\"\">&#8212;Por favor, elige una opci\u00f3n&#8212;<\/option><\/select><\/span> <\/label>\n<\/p>\n<p><button class=\"button primary\" type=\"submit\">Enviar formulario<\/button>\n<\/p><div class=\"wpcf7-response-output\" aria-hidden=\"true\"><\/div>\n<\/form>\n<\/div>\n\n                            <\/div>\n                        <\/div>\n                                            <\/div>\n                <\/div>\n            <\/div>\n        <\/div>\n    <\/section>\n","protected":false},"excerpt":{"rendered":"","protected":false},"author":11,"featured_media":0,"parent":0,"menu_order":0,"comment_status":"closed","ping_status":"closed","template":"","meta":{"_acf_changed":false,"inline_featured_image":false,"footnotes":""},"class_list":["post-26555","page","type-page","status-publish","hentry"],"acf":[],"yoast_head":"<!-- This site is optimized with the Yoast SEO Premium plugin v27.3 (Yoast SEO v27.3) - https:\/\/yoast.com\/product\/yoast-seo-premium-wordpress\/ -->\n<title>E-learning PROTECT - Solicita cursos t\u00e9cnicos aqu\u00ed<\/title>\n<meta name=\"description\" content=\"Aprende la instalaci\u00f3n de ca\u00f1ones de niebla, los Intelli-productos PROTECT y la integraci\u00f3n de la API PROTECT con nuestra plataforma de E-learning.\" \/>\n<meta name=\"robots\" content=\"index, follow, max-snippet:-1, max-image-preview:large, max-video-preview:-1\" \/>\n<link rel=\"canonical\" href=\"https:\/\/protectglobal.com\/es\/e-learning\/\" \/>\n<meta property=\"og:locale\" content=\"es_ES\" \/>\n<meta property=\"og:type\" content=\"article\" \/>\n<meta property=\"og:title\" content=\"E-learning PROTECT\" \/>\n<meta property=\"og:description\" content=\"Aprende la instalaci\u00f3n de ca\u00f1ones de niebla, los Intelli-productos PROTECT y la integraci\u00f3n de la API PROTECT con nuestra plataforma de E-learning.\" \/>\n<meta property=\"og:url\" content=\"https:\/\/protectglobal.com\/es\/e-learning\/\" \/>\n<meta property=\"og:site_name\" content=\"Ca\u00f1ones de niebla PROTECT\u2122\" \/>\n<meta property=\"article:publisher\" content=\"https:\/\/www.facebook.com\/PROTECTFogCannon\/\" \/>\n<meta property=\"article:modified_time\" content=\"2025-04-29T08:51:49+00:00\" \/>\n<meta property=\"og:image\" content=\"https:\/\/protectglobal.com\/wp-content\/uploads\/2024\/11\/untitled-09038-scaled.jpg\" \/>\n\t<meta property=\"og:image:width\" content=\"2560\" \/>\n\t<meta property=\"og:image:height\" content=\"1440\" \/>\n\t<meta property=\"og:image:type\" content=\"image\/jpeg\" \/>\n<meta name=\"twitter:card\" content=\"summary_large_image\" \/>\n<meta name=\"twitter:site\" content=\"@PROTECTFOG\" \/>\n<script type=\"application\/ld+json\" class=\"yoast-schema-graph\">{\"@context\":\"https:\\\/\\\/schema.org\",\"@graph\":[{\"@type\":\"WebPage\",\"@id\":\"https:\\\/\\\/protectglobal.com\\\/es\\\/e-learning\\\/\",\"url\":\"https:\\\/\\\/protectglobal.com\\\/es\\\/e-learning\\\/\",\"name\":\"E-learning PROTECT - Solicita cursos t\u00e9cnicos aqu\u00ed\",\"isPartOf\":{\"@id\":\"https:\\\/\\\/protectglobal.com\\\/es\\\/#website\"},\"datePublished\":\"2024-11-21T09:33:39+00:00\",\"dateModified\":\"2025-04-29T08:51:49+00:00\",\"description\":\"Aprende la instalaci\u00f3n de ca\u00f1ones de niebla, los Intelli-productos PROTECT y la integraci\u00f3n de la API PROTECT con nuestra plataforma de E-learning.\",\"breadcrumb\":{\"@id\":\"https:\\\/\\\/protectglobal.com\\\/es\\\/e-learning\\\/#breadcrumb\"},\"inLanguage\":\"es\",\"potentialAction\":[{\"@type\":\"ReadAction\",\"target\":[\"https:\\\/\\\/protectglobal.com\\\/es\\\/e-learning\\\/\"]}]},{\"@type\":\"BreadcrumbList\",\"@id\":\"https:\\\/\\\/protectglobal.com\\\/es\\\/e-learning\\\/#breadcrumb\",\"itemListElement\":[{\"@type\":\"ListItem\",\"position\":1,\"name\":\"Hjem\",\"item\":\"https:\\\/\\\/protectglobal.com\\\/es\\\/\"},{\"@type\":\"ListItem\",\"position\":2,\"name\":\"E-learning PROTECT\"}]},{\"@type\":\"WebSite\",\"@id\":\"https:\\\/\\\/protectglobal.com\\\/es\\\/#website\",\"url\":\"https:\\\/\\\/protectglobal.com\\\/es\\\/\",\"name\":\"PROTECT Fog Cannons\u2122\",\"description\":\"\",\"publisher\":{\"@id\":\"https:\\\/\\\/protectglobal.com\\\/es\\\/#organization\"},\"potentialAction\":[{\"@type\":\"SearchAction\",\"target\":{\"@type\":\"EntryPoint\",\"urlTemplate\":\"https:\\\/\\\/protectglobal.com\\\/es\\\/?s={search_term_string}\"},\"query-input\":{\"@type\":\"PropertyValueSpecification\",\"valueRequired\":true,\"valueName\":\"search_term_string\"}}],\"inLanguage\":\"es\"},{\"@type\":\"Organization\",\"@id\":\"https:\\\/\\\/protectglobal.com\\\/es\\\/#organization\",\"name\":\"PROTECT Fog Cannons\u2122\",\"url\":\"https:\\\/\\\/protectglobal.com\\\/es\\\/\",\"logo\":{\"@type\":\"ImageObject\",\"inLanguage\":\"es\",\"@id\":\"https:\\\/\\\/protectglobal.com\\\/es\\\/#\\\/schema\\\/logo\\\/image\\\/\",\"url\":\"https:\\\/\\\/protectglobal.com\\\/wp-content\\\/uploads\\\/2023\\\/10\\\/logo.svg\",\"contentUrl\":\"https:\\\/\\\/protectglobal.com\\\/wp-content\\\/uploads\\\/2023\\\/10\\\/logo.svg\",\"width\":90,\"height\":40,\"caption\":\"PROTECT Fog Cannons\u2122\"},\"image\":{\"@id\":\"https:\\\/\\\/protectglobal.com\\\/es\\\/#\\\/schema\\\/logo\\\/image\\\/\"},\"sameAs\":[\"https:\\\/\\\/www.facebook.com\\\/PROTECTFogCannon\\\/\",\"https:\\\/\\\/x.com\\\/PROTECTFOG\",\"https:\\\/\\\/www.linkedin.com\\\/company\\\/protect-a-s\\\/\",\"https:\\\/\\\/www.youtube.com\\\/user\\\/PROTECTFogCannon\"],\"description\":\"PROTECT\u2122 specializes in security fog solutions, protecting valuables in retail, banks, warehouses any many other industries across more than 50 countries. With over 175,000 fog cannons installed, our systems fill rooms with dense fog in seconds, deterring burglars and preventing theft. We focus on providing reliable, durable, and easy-to-install solutions for enhanced security and peace of mind.\",\"email\":\"info@protectglobal.com\",\"telephone\":\"+45 8672 1881\",\"legalName\":\"PROTECT A\\\/S\",\"foundingDate\":\"2000-09-28\",\"vatID\":\"25687272\",\"numberOfEmployees\":{\"@type\":\"QuantitativeValue\",\"minValue\":\"11\",\"maxValue\":\"50\"}}]}<\/script>\n<!-- \/ Yoast SEO Premium plugin. -->","yoast_head_json":{"title":"E-learning PROTECT - Solicita cursos t\u00e9cnicos aqu\u00ed","description":"Aprende la instalaci\u00f3n de ca\u00f1ones de niebla, los Intelli-productos PROTECT y la integraci\u00f3n de la API PROTECT con nuestra plataforma de E-learning.","robots":{"index":"index","follow":"follow","max-snippet":"max-snippet:-1","max-image-preview":"max-image-preview:large","max-video-preview":"max-video-preview:-1"},"canonical":"https:\/\/protectglobal.com\/es\/e-learning\/","og_locale":"es_ES","og_type":"article","og_title":"E-learning PROTECT","og_description":"Aprende la instalaci\u00f3n de ca\u00f1ones de niebla, los Intelli-productos PROTECT y la integraci\u00f3n de la API PROTECT con nuestra plataforma de E-learning.","og_url":"https:\/\/protectglobal.com\/es\/e-learning\/","og_site_name":"Ca\u00f1ones de niebla PROTECT\u2122","article_publisher":"https:\/\/www.facebook.com\/PROTECTFogCannon\/","article_modified_time":"2025-04-29T08:51:49+00:00","og_image":[{"width":2560,"height":1440,"url":"https:\/\/protectglobal.com\/wp-content\/uploads\/2024\/11\/untitled-09038-scaled.jpg","type":"image\/jpeg"}],"twitter_card":"summary_large_image","twitter_site":"@PROTECTFOG","schema":{"@context":"https:\/\/schema.org","@graph":[{"@type":"WebPage","@id":"https:\/\/protectglobal.com\/es\/e-learning\/","url":"https:\/\/protectglobal.com\/es\/e-learning\/","name":"E-learning PROTECT - Solicita cursos t\u00e9cnicos aqu\u00ed","isPartOf":{"@id":"https:\/\/protectglobal.com\/es\/#website"},"datePublished":"2024-11-21T09:33:39+00:00","dateModified":"2025-04-29T08:51:49+00:00","description":"Aprende la instalaci\u00f3n de ca\u00f1ones de niebla, los Intelli-productos PROTECT y la integraci\u00f3n de la API PROTECT con nuestra plataforma de E-learning.","breadcrumb":{"@id":"https:\/\/protectglobal.com\/es\/e-learning\/#breadcrumb"},"inLanguage":"es","potentialAction":[{"@type":"ReadAction","target":["https:\/\/protectglobal.com\/es\/e-learning\/"]}]},{"@type":"BreadcrumbList","@id":"https:\/\/protectglobal.com\/es\/e-learning\/#breadcrumb","itemListElement":[{"@type":"ListItem","position":1,"name":"Hjem","item":"https:\/\/protectglobal.com\/es\/"},{"@type":"ListItem","position":2,"name":"E-learning PROTECT"}]},{"@type":"WebSite","@id":"https:\/\/protectglobal.com\/es\/#website","url":"https:\/\/protectglobal.com\/es\/","name":"PROTECT Fog Cannons\u2122","description":"","publisher":{"@id":"https:\/\/protectglobal.com\/es\/#organization"},"potentialAction":[{"@type":"SearchAction","target":{"@type":"EntryPoint","urlTemplate":"https:\/\/protectglobal.com\/es\/?s={search_term_string}"},"query-input":{"@type":"PropertyValueSpecification","valueRequired":true,"valueName":"search_term_string"}}],"inLanguage":"es"},{"@type":"Organization","@id":"https:\/\/protectglobal.com\/es\/#organization","name":"PROTECT Fog Cannons\u2122","url":"https:\/\/protectglobal.com\/es\/","logo":{"@type":"ImageObject","inLanguage":"es","@id":"https:\/\/protectglobal.com\/es\/#\/schema\/logo\/image\/","url":"https:\/\/protectglobal.com\/wp-content\/uploads\/2023\/10\/logo.svg","contentUrl":"https:\/\/protectglobal.com\/wp-content\/uploads\/2023\/10\/logo.svg","width":90,"height":40,"caption":"PROTECT Fog Cannons\u2122"},"image":{"@id":"https:\/\/protectglobal.com\/es\/#\/schema\/logo\/image\/"},"sameAs":["https:\/\/www.facebook.com\/PROTECTFogCannon\/","https:\/\/x.com\/PROTECTFOG","https:\/\/www.linkedin.com\/company\/protect-a-s\/","https:\/\/www.youtube.com\/user\/PROTECTFogCannon"],"description":"PROTECT\u2122 specializes in security fog solutions, protecting valuables in retail, banks, warehouses any many other industries across more than 50 countries. With over 175,000 fog cannons installed, our systems fill rooms with dense fog in seconds, deterring burglars and preventing theft. We focus on providing reliable, durable, and easy-to-install solutions for enhanced security and peace of mind.","email":"info@protectglobal.com","telephone":"+45 8672 1881","legalName":"PROTECT A\/S","foundingDate":"2000-09-28","vatID":"25687272","numberOfEmployees":{"@type":"QuantitativeValue","minValue":"11","maxValue":"50"}}]}},"_links":{"self":[{"href":"https:\/\/protectglobal.com\/es\/wp-json\/wp\/v2\/pages\/26555","targetHints":{"allow":["GET"]}}],"collection":[{"href":"https:\/\/protectglobal.com\/es\/wp-json\/wp\/v2\/pages"}],"about":[{"href":"https:\/\/protectglobal.com\/es\/wp-json\/wp\/v2\/types\/page"}],"author":[{"embeddable":true,"href":"https:\/\/protectglobal.com\/es\/wp-json\/wp\/v2\/users\/11"}],"replies":[{"embeddable":true,"href":"https:\/\/protectglobal.com\/es\/wp-json\/wp\/v2\/comments?post=26555"}],"version-history":[{"count":2,"href":"https:\/\/protectglobal.com\/es\/wp-json\/wp\/v2\/pages\/26555\/revisions"}],"predecessor-version":[{"id":26557,"href":"https:\/\/protectglobal.com\/es\/wp-json\/wp\/v2\/pages\/26555\/revisions\/26557"}],"wp:attachment":[{"href":"https:\/\/protectglobal.com\/es\/wp-json\/wp\/v2\/media?parent=26555"}],"curies":[{"name":"wp","href":"https:\/\/api.w.org\/{rel}","templated":true}]}}