{"id":2356,"date":"2023-10-11T08:18:30","date_gmt":"2023-10-11T08:18:30","guid":{"rendered":"https:\/\/protectglobal.com\/terms-and-conditions\/"},"modified":"2025-07-31T18:49:38","modified_gmt":"2025-07-31T18:49:38","slug":"privacy-policy","status":"publish","type":"page","link":"https:\/\/protectglobal.com\/es\/privacy-policy\/","title":{"rendered":"Pol\u00edtica de privacidad"},"content":{"rendered":"\n<h2 class=\"wp-block-heading\" id=\"h-1-who-we-are\">1. Qui\u00e9nes somos<\/h2>\n\n<p>PROTECT A\/S (\u00abnosotros\u00bb, \u00abnos\u00bb o \u00abnuestro\u00bb) desarrolla y fabrica soluciones de ca\u00f1ones de niebla para la protecci\u00f3n antirrobo.<br\/>Somos los responsables del tratamiento de los datos personales recogidos a trav\u00e9s de nuestro sitio web <a class=\"\" href=\"https:\/\/www.protectglobal.com\">www.protectglobal.com<\/a> (el \u00abSitio\u00bb), incluido el Centro de Descargas.<\/p>\n\n<p><strong>Informaci\u00f3n de contacto:<\/strong><br\/>PROTECT A\/S<br\/>Hasselager Centervej 5<br\/>8260 Viby J, Dinamarca<br\/>Tel\u00e9fono: +45 86 72 18 81<br\/>Correo electr\u00f3nico: <a>info@protectglobal.com<\/a><\/p>\n\n<h2 class=\"wp-block-heading\" id=\"h-2-what-personal-data-we-collect\">2. Qu\u00e9 datos personales recogemos<\/h2>\n\n<p>Recogemos los siguientes datos personales cuando utilizas nuestro Sitio:<\/p>\n\n<h3 class=\"wp-block-heading\" id=\"h-a-when-registering-for-the-download-center\">a) Al registrarte en el Centro de Descargas<\/h3>\n\n<ul class=\"wp-block-list\">\n<li>Nombre y apellidos<\/li>\n\n\n\n<li>Direcci\u00f3n de correo electr\u00f3nico<\/li>\n\n\n\n<li>N\u00famero de tel\u00e9fono<\/li>\n\n\n\n<li>Pa\u00eds<\/li>\n\n\n\n<li>Nombre de la empresa<\/li>\n\n\n\n<li>N\u00famero de IVA de la empresa<\/li>\n\n\n\n<li>Direcci\u00f3n de la empresa<\/li>\n\n\n\n<li>Tipo de cuenta (Instalador o Distribuidor)<\/li>\n\n\n\n<li>Confirmaci\u00f3n de afiliaci\u00f3n profesional a PROTECT<\/li>\n<\/ul>\n\n<h3 class=\"wp-block-heading\" id=\"h-b-when-contacting-us-or-signing-up-for-our-newsletter\">b) Al ponerte en contacto con nosotros o suscribirte a nuestro bolet\u00edn de noticias<\/h3>\n\n<ul class=\"wp-block-list\">\n<li>Nombre y datos de contacto (por ejemplo, correo electr\u00f3nico, tel\u00e9fono)<\/li>\n<\/ul>\n\n<h3 class=\"wp-block-heading\" id=\"h-c-when-browsing-the-site\">c) Al navegar por el Sitio<\/h3>\n\n<ul class=\"wp-block-list\">\n<li>Direcci\u00f3n IP, tipo de navegador y datos b\u00e1sicos de uso a trav\u00e9s de cookies (consulta nuestra Pol\u00edtica de Cookies en el banner de consentimiento de cookies)<\/li>\n<\/ul>\n\n<h2 class=\"wp-block-heading\" id=\"h-3-why-we-collect-your-data\">3. Por qu\u00e9 recogemos tus datos<\/h2>\n\n<p>Recogemos y tratamos tus datos para:<\/p>\n\n<ul class=\"wp-block-list\">\n<li>Crea y gestiona tu cuenta en el Centro de Descargas<\/li>\n\n\n\n<li>Proporcionar acceso a documentos y materiales de productos protegidos<\/li>\n\n\n\n<li>Comunicarnos contigo en relaci\u00f3n con tu solicitud o cuenta<\/li>\n\n\n\n<li>Enviar boletines informativos y actualizaciones de productos (si optas por ello)<\/li>\n\n\n\n<li>Analizar el uso del sitio y mejorar nuestros servicios<\/li>\n<\/ul>\n\n<h2 class=\"wp-block-heading\" id=\"h-4-legal-basis-for-processing\">4. Base jur\u00eddica del tratamiento<\/h2>\n\n<p>Tratamos tus datos sobre la base de uno o varios de los siguientes fundamentos jur\u00eddicos:<\/p>\n\n<ul class=\"wp-block-list\">\n<li>Tu <strong>consentimiento<\/strong>, por ejemplo, para suscripciones a boletines o cookies no esenciales (GDPR art. 6(1)(a))<\/li>\n\n\n\n<li>La <strong>ejecuci\u00f3n de un contrato<\/strong>, por ejemplo, al gestionar tu cuenta del Centro de Descargas (GDPR art. 6(1)(b))<\/li>\n\n\n\n<li>Nuestro <strong>inter\u00e9s leg\u00edtimo<\/strong> en operar, mejorar y asegurar nuestro sitio web y servicios (GDPR art. 6(1)(f))<\/li>\n\n\n\n<li>Cumplimiento de <strong>obligaciones legales<\/strong>, si es necesario (GDPR art. 6(1)(c))<\/li>\n<\/ul>\n\n<h2 class=\"wp-block-heading\" id=\"h-5-how-we-share-your-data\">5. C\u00f3mo compartimos tus datos<\/h2>\n\n<p>No vendemos tus datos personales. Podemos compartirlos con proveedores de servicios externos de confianza (como alojamientos web o plataformas de correo electr\u00f3nico) que apoyan el funcionamiento de nuestro Sitio y Centro de Descargas. Estos proveedores est\u00e1n sujetos a estrictas condiciones de confidencialidad y protecci\u00f3n de datos.  <\/p>\n\n<p>Para m\u00e1s detalles sobre las tecnolog\u00edas de terceros y las cookies utilizadas en nuestro Sitio, consulta nuestra Pol\u00edtica de Cookies en el banner de consentimiento de cookies.<\/p>\n\n<h2 class=\"wp-block-heading\" id=\"h-6-data-retention\">6. Conservaci\u00f3n de datos<\/h2>\n\n<ul class=\"wp-block-list\">\n<li>Los datos de la cuenta del Centro de Descargas se almacenan mientras tu cuenta est\u00e9 activa o sea necesaria para cumplir su finalidad<\/li>\n\n\n\n<li>Los formularios de contacto y las consultas de asistencia s\u00f3lo se almacenan el tiempo necesario para gestionar tu solicitud<\/li>\n\n\n\n<li>El consentimiento del bolet\u00edn se almacena hasta que te des de baja<\/li>\n\n\n\n<li>Los datos de las cookies se almacenan seg\u00fan tus preferencias (consulta nuestra Pol\u00edtica de Cookies en el banner de consentimiento de cookies)<\/li>\n<\/ul>\n\n<h2 class=\"wp-block-heading\" id=\"h-7-your-rights\">7. Tus derechos<\/h2>\n\n<p>Seg\u00fan el GDPR, tienes derecho a:<\/p>\n\n<ul class=\"wp-block-list\">\n<li>Acceder a tus datos personales<\/li>\n\n\n\n<li>Corregir o eliminar tus datos<\/li>\n\n\n\n<li>Restringir u oponerse al tratamiento<\/li>\n\n\n\n<li>Retirar el consentimiento en cualquier momento<\/li>\n\n\n\n<li>Solicitar la portabilidad de datos<\/li>\n\n\n\n<li>Presenta una reclamaci\u00f3n ante la autoridad local de datos<\/li>\n<\/ul>\n\n<p>Para ejercer tus derechos, ponte en contacto con <strong><a>info@protectglobal.com<\/a><\/strong>.<br\/>En Dinamarca, tambi\u00e9n puedes ponerte en contacto con<\/p>\n\n<p><strong>Datatilsynet<\/strong><br\/>Borgergade 28, 5.<br\/>1300 K\u00f8benhavn K<br\/>Correo electr\u00f3nico: <a>dt@datatilsynet.dk<\/a><\/p>\n\n<h2 class=\"wp-block-heading\" id=\"h-8-changes-to-this-privacy-policy\">8. Cambios en esta Pol\u00edtica de Privacidad<\/h2>\n\n<p>Podemos actualizar esta pol\u00edtica ocasionalmente para reflejar cambios en nuestras pr\u00e1cticas o requisitos legales. La \u00faltima versi\u00f3n est\u00e1 siempre disponible en nuestro sitio web. <\/p>\n","protected":false},"excerpt":{"rendered":"<p>1. Qui\u00e9nes somos PROTECT A\/S (\u00abnosotros\u00bb, \u00abnos\u00bb o \u00abnuestro\u00bb) desarrolla y fabrica soluciones de ca\u00f1ones de niebla para la protecci\u00f3n antirrobo.Somos los responsables del tratamiento de los datos personales recogidos a trav\u00e9s de nuestro sitio web www.protectglobal.com (el \u00abSitio\u00bb), incluido el Centro de Descargas. Informaci\u00f3n de contacto:PROTECT A\/SHasselager Centervej 58260 Viby J, DinamarcaTel\u00e9fono: +45 86 [&hellip;]<\/p>\n","protected":false},"author":2,"featured_media":18147,"parent":0,"menu_order":10,"comment_status":"closed","ping_status":"closed","template":"text.php","meta":{"_acf_changed":false,"inline_featured_image":false,"footnotes":""},"class_list":["post-2356","page","type-page","status-publish","has-post-thumbnail","hentry"],"acf":[],"yoast_head":"<!-- This site is optimized with the Yoast SEO Premium plugin v27.3 (Yoast SEO v27.3) - https:\/\/yoast.com\/product\/yoast-seo-premium-wordpress\/ -->\n<title>Pol\u00edtica de privacidad - Ca\u00f1ones de niebla PROTECT\u2122<\/title>\n<meta name=\"robots\" content=\"noindex, follow\" \/>\n<meta property=\"og:locale\" content=\"es_ES\" \/>\n<meta property=\"og:type\" content=\"article\" \/>\n<meta property=\"og:title\" content=\"Pol\u00edtica de privacidad\" \/>\n<meta property=\"og:description\" content=\"1. Qui\u00e9nes somos PROTECT A\/S (\u00abnosotros\u00bb, \u00abnos\u00bb o \u00abnuestro\u00bb) desarrolla y fabrica soluciones de ca\u00f1ones de niebla para la protecci\u00f3n antirrobo.Somos los responsables del tratamiento de los datos personales recogidos a trav\u00e9s de nuestro sitio web www.protectglobal.com (el \u00abSitio\u00bb), incluido el Centro de Descargas. Informaci\u00f3n de contacto:PROTECT A\/SHasselager Centervej 58260 Viby J, DinamarcaTel\u00e9fono: +45 86 [&hellip;]\" \/>\n<meta property=\"og:url\" content=\"https:\/\/protectglobal.com\/es\/privacy-policy\/\" \/>\n<meta property=\"og:site_name\" content=\"Ca\u00f1ones de niebla PROTECT\u2122\" \/>\n<meta property=\"article:publisher\" content=\"https:\/\/www.facebook.com\/PROTECTFogCannon\/\" \/>\n<meta property=\"article:modified_time\" content=\"2025-07-31T18:49:38+00:00\" \/>\n<meta property=\"og:image\" content=\"https:\/\/protectglobal.com\/wp-content\/uploads\/2024\/06\/montering-af-maskine-frame-at-0m43s.jpg\" \/>\n\t<meta property=\"og:image:width\" content=\"1920\" \/>\n\t<meta property=\"og:image:height\" content=\"1080\" \/>\n\t<meta property=\"og:image:type\" content=\"image\/jpeg\" \/>\n<meta name=\"twitter:card\" content=\"summary_large_image\" \/>\n<meta name=\"twitter:site\" content=\"@PROTECTFOG\" \/>\n<meta name=\"twitter:label1\" content=\"Tiempo de lectura\" \/>\n\t<meta name=\"twitter:data1\" content=\"13 minutos\" \/>\n<script type=\"application\/ld+json\" class=\"yoast-schema-graph\">{\"@context\":\"https:\\\/\\\/schema.org\",\"@graph\":[{\"@type\":\"WebPage\",\"@id\":\"https:\\\/\\\/protectglobal.com\\\/es\\\/privacy-policy\\\/\",\"url\":\"https:\\\/\\\/protectglobal.com\\\/es\\\/privacy-policy\\\/\",\"name\":\"Pol\u00edtica de privacidad - Ca\u00f1ones de niebla PROTECT\u2122\",\"isPartOf\":{\"@id\":\"https:\\\/\\\/protectglobal.com\\\/es\\\/#website\"},\"primaryImageOfPage\":{\"@id\":\"https:\\\/\\\/protectglobal.com\\\/es\\\/privacy-policy\\\/#primaryimage\"},\"image\":{\"@id\":\"https:\\\/\\\/protectglobal.com\\\/es\\\/privacy-policy\\\/#primaryimage\"},\"thumbnailUrl\":\"https:\\\/\\\/protectglobal.com\\\/wp-content\\\/uploads\\\/2024\\\/06\\\/montering-af-maskine-frame-at-0m43s.jpg\",\"datePublished\":\"2023-10-11T08:18:30+00:00\",\"dateModified\":\"2025-07-31T18:49:38+00:00\",\"breadcrumb\":{\"@id\":\"https:\\\/\\\/protectglobal.com\\\/es\\\/privacy-policy\\\/#breadcrumb\"},\"inLanguage\":\"es\",\"potentialAction\":[{\"@type\":\"ReadAction\",\"target\":[\"https:\\\/\\\/protectglobal.com\\\/es\\\/privacy-policy\\\/\"]}]},{\"@type\":\"ImageObject\",\"inLanguage\":\"es\",\"@id\":\"https:\\\/\\\/protectglobal.com\\\/es\\\/privacy-policy\\\/#primaryimage\",\"url\":\"https:\\\/\\\/protectglobal.com\\\/wp-content\\\/uploads\\\/2024\\\/06\\\/montering-af-maskine-frame-at-0m43s.jpg\",\"contentUrl\":\"https:\\\/\\\/protectglobal.com\\\/wp-content\\\/uploads\\\/2024\\\/06\\\/montering-af-maskine-frame-at-0m43s.jpg\",\"width\":1920,\"height\":1080,\"caption\":\"fog cannon demo\"},{\"@type\":\"BreadcrumbList\",\"@id\":\"https:\\\/\\\/protectglobal.com\\\/es\\\/privacy-policy\\\/#breadcrumb\",\"itemListElement\":[{\"@type\":\"ListItem\",\"position\":1,\"name\":\"Hjem\",\"item\":\"https:\\\/\\\/protectglobal.com\\\/es\\\/\"},{\"@type\":\"ListItem\",\"position\":2,\"name\":\"Pol\u00edtica de privacidad\"}]},{\"@type\":\"WebSite\",\"@id\":\"https:\\\/\\\/protectglobal.com\\\/es\\\/#website\",\"url\":\"https:\\\/\\\/protectglobal.com\\\/es\\\/\",\"name\":\"PROTECT Fog Cannons\u2122\",\"description\":\"\",\"publisher\":{\"@id\":\"https:\\\/\\\/protectglobal.com\\\/es\\\/#organization\"},\"potentialAction\":[{\"@type\":\"SearchAction\",\"target\":{\"@type\":\"EntryPoint\",\"urlTemplate\":\"https:\\\/\\\/protectglobal.com\\\/es\\\/?s={search_term_string}\"},\"query-input\":{\"@type\":\"PropertyValueSpecification\",\"valueRequired\":true,\"valueName\":\"search_term_string\"}}],\"inLanguage\":\"es\"},{\"@type\":\"Organization\",\"@id\":\"https:\\\/\\\/protectglobal.com\\\/es\\\/#organization\",\"name\":\"PROTECT Fog Cannons\u2122\",\"url\":\"https:\\\/\\\/protectglobal.com\\\/es\\\/\",\"logo\":{\"@type\":\"ImageObject\",\"inLanguage\":\"es\",\"@id\":\"https:\\\/\\\/protectglobal.com\\\/es\\\/#\\\/schema\\\/logo\\\/image\\\/\",\"url\":\"https:\\\/\\\/protectglobal.com\\\/wp-content\\\/uploads\\\/2023\\\/10\\\/logo.svg\",\"contentUrl\":\"https:\\\/\\\/protectglobal.com\\\/wp-content\\\/uploads\\\/2023\\\/10\\\/logo.svg\",\"width\":90,\"height\":40,\"caption\":\"PROTECT Fog Cannons\u2122\"},\"image\":{\"@id\":\"https:\\\/\\\/protectglobal.com\\\/es\\\/#\\\/schema\\\/logo\\\/image\\\/\"},\"sameAs\":[\"https:\\\/\\\/www.facebook.com\\\/PROTECTFogCannon\\\/\",\"https:\\\/\\\/x.com\\\/PROTECTFOG\",\"https:\\\/\\\/www.linkedin.com\\\/company\\\/protect-a-s\\\/\",\"https:\\\/\\\/www.youtube.com\\\/user\\\/PROTECTFogCannon\"],\"description\":\"PROTECT\u2122 specializes in security fog solutions, protecting valuables in retail, banks, warehouses any many other industries across more than 50 countries. With over 175,000 fog cannons installed, our systems fill rooms with dense fog in seconds, deterring burglars and preventing theft. We focus on providing reliable, durable, and easy-to-install solutions for enhanced security and peace of mind.\",\"email\":\"info@protectglobal.com\",\"telephone\":\"+45 8672 1881\",\"legalName\":\"PROTECT A\\\/S\",\"foundingDate\":\"2000-09-28\",\"vatID\":\"25687272\",\"numberOfEmployees\":{\"@type\":\"QuantitativeValue\",\"minValue\":\"11\",\"maxValue\":\"50\"}}]}<\/script>\n<!-- \/ Yoast SEO Premium plugin. -->","yoast_head_json":{"title":"Pol\u00edtica de privacidad - Ca\u00f1ones de niebla PROTECT\u2122","robots":{"index":"noindex","follow":"follow"},"og_locale":"es_ES","og_type":"article","og_title":"Pol\u00edtica de privacidad","og_description":"1. Qui\u00e9nes somos PROTECT A\/S (\u00abnosotros\u00bb, \u00abnos\u00bb o \u00abnuestro\u00bb) desarrolla y fabrica soluciones de ca\u00f1ones de niebla para la protecci\u00f3n antirrobo.Somos los responsables del tratamiento de los datos personales recogidos a trav\u00e9s de nuestro sitio web www.protectglobal.com (el \u00abSitio\u00bb), incluido el Centro de Descargas. Informaci\u00f3n de contacto:PROTECT A\/SHasselager Centervej 58260 Viby J, DinamarcaTel\u00e9fono: +45 86 [&hellip;]","og_url":"https:\/\/protectglobal.com\/es\/privacy-policy\/","og_site_name":"Ca\u00f1ones de niebla PROTECT\u2122","article_publisher":"https:\/\/www.facebook.com\/PROTECTFogCannon\/","article_modified_time":"2025-07-31T18:49:38+00:00","og_image":[{"width":1920,"height":1080,"url":"https:\/\/protectglobal.com\/wp-content\/uploads\/2024\/06\/montering-af-maskine-frame-at-0m43s.jpg","type":"image\/jpeg"}],"twitter_card":"summary_large_image","twitter_site":"@PROTECTFOG","twitter_misc":{"Tiempo de lectura":"13 minutos"},"schema":{"@context":"https:\/\/schema.org","@graph":[{"@type":"WebPage","@id":"https:\/\/protectglobal.com\/es\/privacy-policy\/","url":"https:\/\/protectglobal.com\/es\/privacy-policy\/","name":"Pol\u00edtica de privacidad - Ca\u00f1ones de niebla PROTECT\u2122","isPartOf":{"@id":"https:\/\/protectglobal.com\/es\/#website"},"primaryImageOfPage":{"@id":"https:\/\/protectglobal.com\/es\/privacy-policy\/#primaryimage"},"image":{"@id":"https:\/\/protectglobal.com\/es\/privacy-policy\/#primaryimage"},"thumbnailUrl":"https:\/\/protectglobal.com\/wp-content\/uploads\/2024\/06\/montering-af-maskine-frame-at-0m43s.jpg","datePublished":"2023-10-11T08:18:30+00:00","dateModified":"2025-07-31T18:49:38+00:00","breadcrumb":{"@id":"https:\/\/protectglobal.com\/es\/privacy-policy\/#breadcrumb"},"inLanguage":"es","potentialAction":[{"@type":"ReadAction","target":["https:\/\/protectglobal.com\/es\/privacy-policy\/"]}]},{"@type":"ImageObject","inLanguage":"es","@id":"https:\/\/protectglobal.com\/es\/privacy-policy\/#primaryimage","url":"https:\/\/protectglobal.com\/wp-content\/uploads\/2024\/06\/montering-af-maskine-frame-at-0m43s.jpg","contentUrl":"https:\/\/protectglobal.com\/wp-content\/uploads\/2024\/06\/montering-af-maskine-frame-at-0m43s.jpg","width":1920,"height":1080,"caption":"fog cannon demo"},{"@type":"BreadcrumbList","@id":"https:\/\/protectglobal.com\/es\/privacy-policy\/#breadcrumb","itemListElement":[{"@type":"ListItem","position":1,"name":"Hjem","item":"https:\/\/protectglobal.com\/es\/"},{"@type":"ListItem","position":2,"name":"Pol\u00edtica de privacidad"}]},{"@type":"WebSite","@id":"https:\/\/protectglobal.com\/es\/#website","url":"https:\/\/protectglobal.com\/es\/","name":"PROTECT Fog Cannons\u2122","description":"","publisher":{"@id":"https:\/\/protectglobal.com\/es\/#organization"},"potentialAction":[{"@type":"SearchAction","target":{"@type":"EntryPoint","urlTemplate":"https:\/\/protectglobal.com\/es\/?s={search_term_string}"},"query-input":{"@type":"PropertyValueSpecification","valueRequired":true,"valueName":"search_term_string"}}],"inLanguage":"es"},{"@type":"Organization","@id":"https:\/\/protectglobal.com\/es\/#organization","name":"PROTECT Fog Cannons\u2122","url":"https:\/\/protectglobal.com\/es\/","logo":{"@type":"ImageObject","inLanguage":"es","@id":"https:\/\/protectglobal.com\/es\/#\/schema\/logo\/image\/","url":"https:\/\/protectglobal.com\/wp-content\/uploads\/2023\/10\/logo.svg","contentUrl":"https:\/\/protectglobal.com\/wp-content\/uploads\/2023\/10\/logo.svg","width":90,"height":40,"caption":"PROTECT Fog Cannons\u2122"},"image":{"@id":"https:\/\/protectglobal.com\/es\/#\/schema\/logo\/image\/"},"sameAs":["https:\/\/www.facebook.com\/PROTECTFogCannon\/","https:\/\/x.com\/PROTECTFOG","https:\/\/www.linkedin.com\/company\/protect-a-s\/","https:\/\/www.youtube.com\/user\/PROTECTFogCannon"],"description":"PROTECT\u2122 specializes in security fog solutions, protecting valuables in retail, banks, warehouses any many other industries across more than 50 countries. With over 175,000 fog cannons installed, our systems fill rooms with dense fog in seconds, deterring burglars and preventing theft. We focus on providing reliable, durable, and easy-to-install solutions for enhanced security and peace of mind.","email":"info@protectglobal.com","telephone":"+45 8672 1881","legalName":"PROTECT A\/S","foundingDate":"2000-09-28","vatID":"25687272","numberOfEmployees":{"@type":"QuantitativeValue","minValue":"11","maxValue":"50"}}]}},"_links":{"self":[{"href":"https:\/\/protectglobal.com\/es\/wp-json\/wp\/v2\/pages\/2356","targetHints":{"allow":["GET"]}}],"collection":[{"href":"https:\/\/protectglobal.com\/es\/wp-json\/wp\/v2\/pages"}],"about":[{"href":"https:\/\/protectglobal.com\/es\/wp-json\/wp\/v2\/types\/page"}],"author":[{"embeddable":true,"href":"https:\/\/protectglobal.com\/es\/wp-json\/wp\/v2\/users\/2"}],"replies":[{"embeddable":true,"href":"https:\/\/protectglobal.com\/es\/wp-json\/wp\/v2\/comments?post=2356"}],"version-history":[{"count":5,"href":"https:\/\/protectglobal.com\/es\/wp-json\/wp\/v2\/pages\/2356\/revisions"}],"predecessor-version":[{"id":28364,"href":"https:\/\/protectglobal.com\/es\/wp-json\/wp\/v2\/pages\/2356\/revisions\/28364"}],"wp:featuredmedia":[{"embeddable":true,"href":"https:\/\/protectglobal.com\/es\/wp-json\/wp\/v2\/media\/18147"}],"wp:attachment":[{"href":"https:\/\/protectglobal.com\/es\/wp-json\/wp\/v2\/media?parent=2356"}],"curies":[{"name":"wp","href":"https:\/\/api.w.org\/{rel}","templated":true}]}}