{"id":16382,"date":"2024-04-30T08:27:20","date_gmt":"2024-04-30T08:27:20","guid":{"rendered":"https:\/\/protectglobal.com\/find-local-distributor\/"},"modified":"2025-01-22T10:58:19","modified_gmt":"2025-01-22T10:58:19","slug":"encuentra-un-distribuidor-local","status":"publish","type":"page","link":"https:\/\/protectglobal.com\/es\/encuentra-un-distribuidor-local\/","title":{"rendered":"Encuentra un distribuidor local"},"content":{"rendered":"","protected":false},"excerpt":{"rendered":"","protected":false},"author":10,"featured_media":6136,"parent":0,"menu_order":0,"comment_status":"closed","ping_status":"closed","template":"distributor.php","meta":{"_acf_changed":false,"inline_featured_image":false,"footnotes":""},"class_list":["post-16382","page","type-page","status-publish","has-post-thumbnail","hentry"],"acf":[],"yoast_head":"<!-- This site is optimized with the Yoast SEO Premium plugin v27.2 (Yoast SEO v27.2) - https:\/\/yoast.com\/product\/yoast-seo-premium-wordpress\/ -->\n<title>FAQ PROTECT - Aprende m\u00e1s sobre el ca\u00f1\u00f3n de niebla<\/title>\n<meta name=\"description\" content=\"Encuentra respuestas sobre los Ca\u00f1ones de Niebla PROTECT\u2122, incluyendo caracter\u00edsticas, instalaci\u00f3n y mantenimiento.\" \/>\n<meta name=\"robots\" content=\"index, follow, max-snippet:-1, max-image-preview:large, max-video-preview:-1\" \/>\n<link rel=\"canonical\" href=\"https:\/\/protectglobal.com\/es\/encuentra-un-distribuidor-local\/\" \/>\n<meta property=\"og:locale\" content=\"es_ES\" \/>\n<meta property=\"og:type\" content=\"article\" \/>\n<meta property=\"og:title\" content=\"Encuentra un distribuidor local\" \/>\n<meta property=\"og:description\" content=\"Encuentra respuestas sobre los Ca\u00f1ones de Niebla PROTECT\u2122, incluyendo caracter\u00edsticas, instalaci\u00f3n y mantenimiento.\" \/>\n<meta property=\"og:url\" content=\"https:\/\/protectglobal.com\/es\/encuentra-un-distribuidor-local\/\" \/>\n<meta property=\"og:site_name\" content=\"Ca\u00f1ones de niebla PROTECT\u2122\" \/>\n<meta property=\"article:publisher\" content=\"https:\/\/www.facebook.com\/PROTECTFogCannon\/\" \/>\n<meta property=\"article:modified_time\" content=\"2025-01-22T10:58:19+00:00\" \/>\n<meta property=\"og:image\" content=\"https:\/\/protectglobal.com\/wp-content\/uploads\/2024\/03\/montering-af-maskine-frame-at-0m43s.jpg\" \/>\n\t<meta property=\"og:image:width\" content=\"1920\" \/>\n\t<meta property=\"og:image:height\" content=\"1080\" \/>\n\t<meta property=\"og:image:type\" content=\"image\/jpeg\" \/>\n<meta name=\"twitter:card\" content=\"summary_large_image\" \/>\n<meta name=\"twitter:site\" content=\"@PROTECTFOG\" \/>\n<meta name=\"twitter:label1\" content=\"Tiempo de lectura\" \/>\n\t<meta name=\"twitter:data1\" content=\"1 minuto\" \/>\n<script type=\"application\/ld+json\" class=\"yoast-schema-graph\">{\"@context\":\"https:\/\/schema.org\",\"@graph\":[{\"@type\":\"WebPage\",\"@id\":\"https:\/\/protectglobal.com\/es\/encuentra-un-distribuidor-local\/\",\"url\":\"https:\/\/protectglobal.com\/es\/encuentra-un-distribuidor-local\/\",\"name\":\"FAQ PROTECT - Aprende m\u00e1s sobre el ca\u00f1\u00f3n de niebla\",\"isPartOf\":{\"@id\":\"https:\/\/protectglobal.com\/es\/#website\"},\"primaryImageOfPage\":{\"@id\":\"https:\/\/protectglobal.com\/es\/encuentra-un-distribuidor-local\/#primaryimage\"},\"image\":{\"@id\":\"https:\/\/protectglobal.com\/es\/encuentra-un-distribuidor-local\/#primaryimage\"},\"thumbnailUrl\":\"https:\/\/protectglobal.com\/wp-content\/uploads\/2024\/03\/montering-af-maskine-frame-at-0m43s.jpg\",\"datePublished\":\"2024-04-30T08:27:20+00:00\",\"dateModified\":\"2025-01-22T10:58:19+00:00\",\"description\":\"Encuentra respuestas sobre los Ca\u00f1ones de Niebla PROTECT\u2122, incluyendo caracter\u00edsticas, instalaci\u00f3n y mantenimiento.\",\"breadcrumb\":{\"@id\":\"https:\/\/protectglobal.com\/es\/encuentra-un-distribuidor-local\/#breadcrumb\"},\"inLanguage\":\"es\",\"potentialAction\":[{\"@type\":\"ReadAction\",\"target\":[\"https:\/\/protectglobal.com\/es\/encuentra-un-distribuidor-local\/\"]}]},{\"@type\":\"ImageObject\",\"inLanguage\":\"es\",\"@id\":\"https:\/\/protectglobal.com\/es\/encuentra-un-distribuidor-local\/#primaryimage\",\"url\":\"https:\/\/protectglobal.com\/wp-content\/uploads\/2024\/03\/montering-af-maskine-frame-at-0m43s.jpg\",\"contentUrl\":\"https:\/\/protectglobal.com\/wp-content\/uploads\/2024\/03\/montering-af-maskine-frame-at-0m43s.jpg\",\"width\":1920,\"height\":1080,\"caption\":\"fog cannon demo\"},{\"@type\":\"BreadcrumbList\",\"@id\":\"https:\/\/protectglobal.com\/es\/encuentra-un-distribuidor-local\/#breadcrumb\",\"itemListElement\":[{\"@type\":\"ListItem\",\"position\":1,\"name\":\"Hjem\",\"item\":\"https:\/\/protectglobal.com\/es\/\"},{\"@type\":\"ListItem\",\"position\":2,\"name\":\"Encuentra un distribuidor local\"}]},{\"@type\":\"WebSite\",\"@id\":\"https:\/\/protectglobal.com\/es\/#website\",\"url\":\"https:\/\/protectglobal.com\/es\/\",\"name\":\"PROTECT Fog Cannons\u2122\",\"description\":\"\",\"publisher\":{\"@id\":\"https:\/\/protectglobal.com\/es\/#organization\"},\"potentialAction\":[{\"@type\":\"SearchAction\",\"target\":{\"@type\":\"EntryPoint\",\"urlTemplate\":\"https:\/\/protectglobal.com\/es\/?s={search_term_string}\"},\"query-input\":{\"@type\":\"PropertyValueSpecification\",\"valueRequired\":true,\"valueName\":\"search_term_string\"}}],\"inLanguage\":\"es\"},{\"@type\":\"Organization\",\"@id\":\"https:\/\/protectglobal.com\/es\/#organization\",\"name\":\"PROTECT Fog Cannons\u2122\",\"url\":\"https:\/\/protectglobal.com\/es\/\",\"logo\":{\"@type\":\"ImageObject\",\"inLanguage\":\"es\",\"@id\":\"https:\/\/protectglobal.com\/es\/#\/schema\/logo\/image\/\",\"url\":\"https:\/\/protectglobal.com\/wp-content\/uploads\/2023\/10\/logo.svg\",\"contentUrl\":\"https:\/\/protectglobal.com\/wp-content\/uploads\/2023\/10\/logo.svg\",\"width\":90,\"height\":40,\"caption\":\"PROTECT Fog Cannons\u2122\"},\"image\":{\"@id\":\"https:\/\/protectglobal.com\/es\/#\/schema\/logo\/image\/\"},\"sameAs\":[\"https:\/\/www.facebook.com\/PROTECTFogCannon\/\",\"https:\/\/x.com\/PROTECTFOG\",\"https:\/\/www.linkedin.com\/company\/protect-a-s\/\",\"https:\/\/www.youtube.com\/user\/PROTECTFogCannon\"],\"description\":\"PROTECT\u2122 specializes in security fog solutions, protecting valuables in retail, banks, warehouses any many other industries across more than 50 countries. With over 175,000 fog cannons installed, our systems fill rooms with dense fog in seconds, deterring burglars and preventing theft. We focus on providing reliable, durable, and easy-to-install solutions for enhanced security and peace of mind.\",\"email\":\"info@protectglobal.com\",\"telephone\":\"+45 8672 1881\",\"legalName\":\"PROTECT A\/S\",\"foundingDate\":\"2000-09-28\",\"vatID\":\"25687272\",\"numberOfEmployees\":{\"@type\":\"QuantitativeValue\",\"minValue\":\"11\",\"maxValue\":\"50\"}}]}<\/script>\n<!-- \/ Yoast SEO Premium plugin. -->","yoast_head_json":{"title":"FAQ PROTECT - Aprende m\u00e1s sobre el ca\u00f1\u00f3n de niebla","description":"Encuentra respuestas sobre los Ca\u00f1ones de Niebla PROTECT\u2122, incluyendo caracter\u00edsticas, instalaci\u00f3n y mantenimiento.","robots":{"index":"index","follow":"follow","max-snippet":"max-snippet:-1","max-image-preview":"max-image-preview:large","max-video-preview":"max-video-preview:-1"},"canonical":"https:\/\/protectglobal.com\/es\/encuentra-un-distribuidor-local\/","og_locale":"es_ES","og_type":"article","og_title":"Encuentra un distribuidor local","og_description":"Encuentra respuestas sobre los Ca\u00f1ones de Niebla PROTECT\u2122, incluyendo caracter\u00edsticas, instalaci\u00f3n y mantenimiento.","og_url":"https:\/\/protectglobal.com\/es\/encuentra-un-distribuidor-local\/","og_site_name":"Ca\u00f1ones de niebla PROTECT\u2122","article_publisher":"https:\/\/www.facebook.com\/PROTECTFogCannon\/","article_modified_time":"2025-01-22T10:58:19+00:00","og_image":[{"width":1920,"height":1080,"url":"https:\/\/protectglobal.com\/wp-content\/uploads\/2024\/03\/montering-af-maskine-frame-at-0m43s.jpg","type":"image\/jpeg"}],"twitter_card":"summary_large_image","twitter_site":"@PROTECTFOG","twitter_misc":{"Tiempo de lectura":"1 minuto"},"schema":{"@context":"https:\/\/schema.org","@graph":[{"@type":"WebPage","@id":"https:\/\/protectglobal.com\/es\/encuentra-un-distribuidor-local\/","url":"https:\/\/protectglobal.com\/es\/encuentra-un-distribuidor-local\/","name":"FAQ PROTECT - Aprende m\u00e1s sobre el ca\u00f1\u00f3n de niebla","isPartOf":{"@id":"https:\/\/protectglobal.com\/es\/#website"},"primaryImageOfPage":{"@id":"https:\/\/protectglobal.com\/es\/encuentra-un-distribuidor-local\/#primaryimage"},"image":{"@id":"https:\/\/protectglobal.com\/es\/encuentra-un-distribuidor-local\/#primaryimage"},"thumbnailUrl":"https:\/\/protectglobal.com\/wp-content\/uploads\/2024\/03\/montering-af-maskine-frame-at-0m43s.jpg","datePublished":"2024-04-30T08:27:20+00:00","dateModified":"2025-01-22T10:58:19+00:00","description":"Encuentra respuestas sobre los Ca\u00f1ones de Niebla PROTECT\u2122, incluyendo caracter\u00edsticas, instalaci\u00f3n y mantenimiento.","breadcrumb":{"@id":"https:\/\/protectglobal.com\/es\/encuentra-un-distribuidor-local\/#breadcrumb"},"inLanguage":"es","potentialAction":[{"@type":"ReadAction","target":["https:\/\/protectglobal.com\/es\/encuentra-un-distribuidor-local\/"]}]},{"@type":"ImageObject","inLanguage":"es","@id":"https:\/\/protectglobal.com\/es\/encuentra-un-distribuidor-local\/#primaryimage","url":"https:\/\/protectglobal.com\/wp-content\/uploads\/2024\/03\/montering-af-maskine-frame-at-0m43s.jpg","contentUrl":"https:\/\/protectglobal.com\/wp-content\/uploads\/2024\/03\/montering-af-maskine-frame-at-0m43s.jpg","width":1920,"height":1080,"caption":"fog cannon demo"},{"@type":"BreadcrumbList","@id":"https:\/\/protectglobal.com\/es\/encuentra-un-distribuidor-local\/#breadcrumb","itemListElement":[{"@type":"ListItem","position":1,"name":"Hjem","item":"https:\/\/protectglobal.com\/es\/"},{"@type":"ListItem","position":2,"name":"Encuentra un distribuidor local"}]},{"@type":"WebSite","@id":"https:\/\/protectglobal.com\/es\/#website","url":"https:\/\/protectglobal.com\/es\/","name":"PROTECT Fog Cannons\u2122","description":"","publisher":{"@id":"https:\/\/protectglobal.com\/es\/#organization"},"potentialAction":[{"@type":"SearchAction","target":{"@type":"EntryPoint","urlTemplate":"https:\/\/protectglobal.com\/es\/?s={search_term_string}"},"query-input":{"@type":"PropertyValueSpecification","valueRequired":true,"valueName":"search_term_string"}}],"inLanguage":"es"},{"@type":"Organization","@id":"https:\/\/protectglobal.com\/es\/#organization","name":"PROTECT Fog Cannons\u2122","url":"https:\/\/protectglobal.com\/es\/","logo":{"@type":"ImageObject","inLanguage":"es","@id":"https:\/\/protectglobal.com\/es\/#\/schema\/logo\/image\/","url":"https:\/\/protectglobal.com\/wp-content\/uploads\/2023\/10\/logo.svg","contentUrl":"https:\/\/protectglobal.com\/wp-content\/uploads\/2023\/10\/logo.svg","width":90,"height":40,"caption":"PROTECT Fog Cannons\u2122"},"image":{"@id":"https:\/\/protectglobal.com\/es\/#\/schema\/logo\/image\/"},"sameAs":["https:\/\/www.facebook.com\/PROTECTFogCannon\/","https:\/\/x.com\/PROTECTFOG","https:\/\/www.linkedin.com\/company\/protect-a-s\/","https:\/\/www.youtube.com\/user\/PROTECTFogCannon"],"description":"PROTECT\u2122 specializes in security fog solutions, protecting valuables in retail, banks, warehouses any many other industries across more than 50 countries. With over 175,000 fog cannons installed, our systems fill rooms with dense fog in seconds, deterring burglars and preventing theft. We focus on providing reliable, durable, and easy-to-install solutions for enhanced security and peace of mind.","email":"info@protectglobal.com","telephone":"+45 8672 1881","legalName":"PROTECT A\/S","foundingDate":"2000-09-28","vatID":"25687272","numberOfEmployees":{"@type":"QuantitativeValue","minValue":"11","maxValue":"50"}}]}},"_links":{"self":[{"href":"https:\/\/protectglobal.com\/es\/wp-json\/wp\/v2\/pages\/16382","targetHints":{"allow":["GET"]}}],"collection":[{"href":"https:\/\/protectglobal.com\/es\/wp-json\/wp\/v2\/pages"}],"about":[{"href":"https:\/\/protectglobal.com\/es\/wp-json\/wp\/v2\/types\/page"}],"author":[{"embeddable":true,"href":"https:\/\/protectglobal.com\/es\/wp-json\/wp\/v2\/users\/10"}],"replies":[{"embeddable":true,"href":"https:\/\/protectglobal.com\/es\/wp-json\/wp\/v2\/comments?post=16382"}],"version-history":[{"count":1,"href":"https:\/\/protectglobal.com\/es\/wp-json\/wp\/v2\/pages\/16382\/revisions"}],"predecessor-version":[{"id":16463,"href":"https:\/\/protectglobal.com\/es\/wp-json\/wp\/v2\/pages\/16382\/revisions\/16463"}],"wp:featuredmedia":[{"embeddable":true,"href":"https:\/\/protectglobal.com\/es\/wp-json\/wp\/v2\/media\/6136"}],"wp:attachment":[{"href":"https:\/\/protectglobal.com\/es\/wp-json\/wp\/v2\/media?parent=16382"}],"curies":[{"name":"wp","href":"https:\/\/api.w.org\/{rel}","templated":true}]}}