{"id":16377,"date":"2024-06-11T08:12:37","date_gmt":"2024-06-11T08:12:37","guid":{"rendered":"https:\/\/protectglobal.com\/service\/"},"modified":"2025-01-22T10:54:43","modified_gmt":"2025-01-22T10:54:43","slug":"servicio","status":"publish","type":"page","link":"https:\/\/protectglobal.com\/es\/servicio\/","title":{"rendered":"Servicio"},"content":{"rendered":"\n\n\n\n    <div class=\"two-col-layout-block custom-block white py-5\" style=\"\">\n        <div class=\"container py-xxl-5\" data-aos=\"fade-in\">\n            <div class=\"row gap-4 m-auto py-xxl-5 \">\n                <blockquote class=\"col-sm p-0 m-0 content white\">\n                    <div class=\"heading-section\"> \n                                                                            <blockquote class=\"heading h2 mb-4\"><h2>Servicio Anual<\/h2>\n<\/blockquote>\n                                            <\/div>\n                                            <div class=\"col-md mobile-image d-lg-none my-4\">\n                            <img decoding=\"async\" class=\"rounder lazyload\" data-src=\"https:\/\/protectglobal.com\/wp-content\/uploads\/2024\/04\/montering-af-maskine-frame-at-0m7s-1024x576.jpg\" alt=\"fog cannon installation\" src=\"data:image\/svg+xml;base64,PHN2ZyB3aWR0aD0iMSIgaGVpZ2h0PSIxIiB4bWxucz0iaHR0cDovL3d3dy53My5vcmcvMjAwMC9zdmciPjwvc3ZnPg==\" style=\"--smush-placeholder-width: 1024px; --smush-placeholder-aspect-ratio: 1024\/576;\">       \n                        <\/div>\n                           \n                                            <div class=\"body-text\"><p>La fiabilidad es crucial para la eficacia de tu sistema de seguridad, tu sensaci\u00f3n de seguridad y las consecuencias econ\u00f3micas en caso de robo. Por eso, es importante establecer un acuerdo de servicio y asistencia sobre la instalaci\u00f3n del ca\u00f1\u00f3n de niebla con un instalador de alarmas autorizado.<\/p>\n<p>&nbsp;<\/p>\n<p>Si de repente surge un fallo, o en caso de que haya que sustituir el recipiente de fluido, debes ponerte en contacto con un instalador de alarmas autorizado (normalmente donde compraste el ca\u00f1\u00f3n de niebla).<\/p>\n<p>&nbsp;<\/p>\n<p>PROTECT\u2122 recomienda una revisi\u00f3n de la instalaci\u00f3n del ca\u00f1\u00f3n de niebla una vez al a\u00f1o.<\/p>\n<\/div>\n                    \n                                            <div class=\"button-group container-sm d-sm-flex gap-3 h-auto my-4 p-0\">  \n                            <a href=\"https:\/\/protectglobal.com\/download\/service-checklist\/\" class=\"d-flex gap-3 justify-content-center justify-content-md-start button align-items-center primary\" target=\"_blank\">\n       Lea la lista de verificaci\u00f3n de servicio       <i class=\"icon-chevron\"><\/i>\n    <\/a>\n                        <\/div>\n                                                        <\/blockquote>\n                                    <div  class=\"col-lg-7 d-none d-lg-block desktop-image p-0 m-0 \">\n                        <img decoding=\"async\" class=\"rounder lazyload\" data-src=\"https:\/\/protectglobal.com\/wp-content\/uploads\/2024\/04\/montering-af-maskine-frame-at-0m7s-1024x576.jpg\" alt=\"fog cannon installation\" src=\"data:image\/svg+xml;base64,PHN2ZyB3aWR0aD0iMSIgaGVpZ2h0PSIxIiB4bWxucz0iaHR0cDovL3d3dy53My5vcmcvMjAwMC9zdmciPjwvc3ZnPg==\" style=\"--smush-placeholder-width: 1024px; --smush-placeholder-aspect-ratio: 1024\/576;\">\n                        <i class=\"image-graphic d-none white\"><\/i>       \n                    <\/div>\n                       \n            <\/div>\n        <\/div>\n    <\/div>\n\n\n\n\n\n\n\n    <div class=\"two-column-list-block black-bg custom-block p-3 py-5 p-3\" style=\"\">\n        <section class=\"list-columns-wrapper container \" data-aos=\"fade-in\">\n\n\t\t\t\t\t\t\t<div class=\"font-white mb-4\"><h4>Una comprobaci\u00f3n de servicio suele consistir en<\/h4>\n<\/div>\n\t\t\t\n\t\t\t<blockquote class=\"d-lg-flex flex-row-reverse justify-content-between\">\n\n                <div class=\"list-col-1\">\n                                                <ul class=\"m-0 p-0\">\n                                \n                                    <li class=\"font-white check custom-list\"><p>Prueba a escala real, en la que se comprueba la interacci\u00f3n con todos los sistemas (tambi\u00e9n un posible sistema de alarma contra incendios)<\/p>\n<\/li>\n\n                                \n                                    <li class=\"font-white check custom-list\"><p>Inspecci\u00f3n visual de la boquilla (\u00bfest\u00e1 intacta y libre de cuerpos extra\u00f1os?)<\/p>\n<\/li>\n\n                                \n                                    <li class=\"font-white check custom-list\"><p>Comprobaci\u00f3n de los interruptores antisabotaje<\/p>\n<\/li>\n\n                                                            <\/ul>\n                        \n\n                                    <\/div>\n                <div class=\"list-col-2\">\n                                                <ul class=\"m-0 p-0\">\n                                \n                                    <li class=\"font-white check custom-list\"><p>Examen de la capacidad de carga de la bater\u00eda y de su antig\u00fcedad (las bater\u00edas de 2 a\u00f1os o m\u00e1s deben sustituirse siempre).<\/p>\n<\/li>\n\n                                \n                                    <li class=\"font-white check custom-list\"><p>Examen de los mensajes de aver\u00eda del ca\u00f1\u00f3n de niebla<\/p>\n<\/li>\n\n                                \n                                    <li class=\"font-white check custom-list\"><p>Verificaci\u00f3n del sensor verificador<\/p>\n<\/li>\n\n                                \n                                    <li class=\"font-white check custom-list\"><p>Inspecci\u00f3n visual del l\u00edquido de niebla. Si est\u00e1 descolorido, el fluido de niebla debe desecharse <\/p>\n<\/li>\n\n                                                            <\/ul>\n                        \n\n                                    <\/div>\n\n\n            <\/blockquote>\n\n        <\/section>\n    <\/div>\n\n\n\n\n\n                <section class=\"pb-5 two-column-cards\">\n            <div class=\"container py-xxl-5 py-5\" data-aos=\"fade-in\">\n                <div class=\"row pt-5 row-cols-1\">\n                    <h2>F\u00e1cil servicio y mantenimiento<\/h2>\n                <\/div>\n                <div class=\"row row-cols-1 row-cols-md-2 row-gap-4\">\n                                        <div class=\"\" data-aos=\"fade-in\">\n                        <a class=\"card d-flex flex-column justify-content-end p-4 position-relative lazyload\" target=\"_blank\" href=\"https:\/\/protectglobal.com\/es\/asistencia-tecnica-para-instaladores\/\" style=\"border: none; background:inherit;\" data-bg=\"linear-gradient(180deg, rgba(0, 0, 0, 0.00) 0%, #000 100%), url(https:\/\/protectglobal.com\/wp-content\/uploads\/2024\/03\/montering-af-maskine-frame-at-0m17s-1024x576.jpg), lightgray 50% \/ cover no-repeat\">\n                            <blockquote>\n                                <div class=\"article-description\">\n                                    <div class=\"title\">\n                                        <h3 class=\"fs-5 font-white\">Asistencia t\u00e9cnica para instaladores<\/h3>\n                                    <\/div>\n                                    <p class=\"fs-6 font-white\">La fiabilidad es crucial para la eficacia de tu sistema de seguridad, tu sensaci\u00f3n de seguridad y las consecuencias econ\u00f3micas en caso de robo.<\/p>\n                                    \n                                    <div class=\"button-group font-white d-flex container-sm mt-3 h-auto p-0 gap-3 d-flex justify-content-between align-items-center justify-content-md-start button tertiary\">\n                                        Asistencia t\u00e9cnica para instaladores \n                                        <div class=\"button tertiary\">\n                                            <i class=\"icon-chevron\"><\/i>\n                                        <\/div>\n                                    <\/div>\n                                <\/div>\n                            <\/blockquote>\n                        <\/a>\n                    <\/div>\n                                        <div class=\"\" data-aos=\"fade-in\">\n                        <a class=\"card d-flex flex-column justify-content-end p-4 position-relative lazyload\" target=\"_blank\" href=\"https:\/\/protectglobal.com\/es\/product\/protect-intellicloud\/\" style=\"border: none; background:inherit;\" data-bg=\"linear-gradient(180deg, rgba(0, 0, 0, 0.00) 0%, #000 100%), url(https:\/\/protectglobal.com\/wp-content\/uploads\/2024\/03\/intellicloud-2.png), lightgray 50% \/ cover no-repeat\">\n                            <blockquote>\n                                <div class=\"article-description\">\n                                    <div class=\"title\">\n                                        <h3 class=\"fs-5 font-white\">Una nueva herramienta de informes de servicio<\/h3>\n                                    <\/div>\n                                    <p class=\"fs-6 font-white\">Con IntelliCloud \u2122\ufe0f, puedes controlar a distancia tus ca\u00f1ones de niebla desde cualquier dispositivo y en cualquier lugar.<\/p>\n                                    \n                                    <div class=\"button-group font-white d-flex container-sm mt-3 h-auto p-0 gap-3 d-flex justify-content-between align-items-center justify-content-md-start button tertiary\">\n                                        PROTECT IntelliCloud\u2122 \n                                        <div class=\"button tertiary\">\n                                            <i class=\"icon-chevron\"><\/i>\n                                        <\/div>\n                                    <\/div>\n                                <\/div>\n                            <\/blockquote>\n                        <\/a>\n                    <\/div>\n                                        <div class=\"\" data-aos=\"fade-in\">\n                        <a class=\"card d-flex flex-column justify-content-end p-4 position-relative lazyload\" target=\"_blank\" href=\"https:\/\/protectglobal.com\/es\/maintenance\/\" style=\"border: none; background:inherit;\" data-bg=\"linear-gradient(180deg, rgba(0, 0, 0, 0.00) 0%, #000 100%), url(https:\/\/protectglobal.com\/wp-content\/uploads\/2024\/07\/montering-af-maskine-frame-at-0m39s-1024x576.jpg), lightgray 50% \/ cover no-repeat\">\n                            <blockquote>\n                                <div class=\"article-description\">\n                                    <div class=\"title\">\n                                        <h3 class=\"fs-5 font-white\">Mantenimiento<\/h3>\n                                    <\/div>\n                                    <p class=\"fs-6 font-white\">Un Ca\u00f1\u00f3n de niebla PROTECT\u00ae requiere un mantenimiento m\u00ednimo.<\/p>\n                                    \n                                    <div class=\"button-group font-white d-flex container-sm mt-3 h-auto p-0 gap-3 d-flex justify-content-between align-items-center justify-content-md-start button tertiary\">\n                                        Mantenimiento \n                                        <div class=\"button tertiary\">\n                                            <i class=\"icon-chevron\"><\/i>\n                                        <\/div>\n                                    <\/div>\n                                <\/div>\n                            <\/blockquote>\n                        <\/a>\n                    <\/div>\n                                        <div class=\"\" data-aos=\"fade-in\">\n                        <a class=\"card d-flex flex-column justify-content-end p-4 position-relative lazyload\" target=\"_blank\" href=\"https:\/\/protectglobal.com\/es\/warranty\/\" style=\"border: none; background:inherit;\" data-bg=\"linear-gradient(180deg, rgba(0, 0, 0, 0.00) 0%, #000 100%), url(https:\/\/protectglobal.com\/wp-content\/uploads\/2023\/10\/c4c5e388a3bfe162c2eab822bc3abf81.png), lightgray 50% \/ cover no-repeat\">\n                            <blockquote>\n                                <div class=\"article-description\">\n                                    <div class=\"title\">\n                                        <h3 class=\"fs-5 font-white\">Garant\u00eda<\/h3>\n                                    <\/div>\n                                    <p class=\"fs-6 font-white\">Garant\u00eda del fabricante ampliada gracias a los ca\u00f1ones de niebla de alta calidad y sin reclamaciones.<\/p>\n                                    \n                                    <div class=\"button-group font-white d-flex container-sm mt-3 h-auto p-0 gap-3 d-flex justify-content-between align-items-center justify-content-md-start button tertiary\">\n                                        \u00a1Cinco a\u00f1os de garant\u00eda sin coste adicional! \n                                        <div class=\"button tertiary\">\n                                            <i class=\"icon-chevron\"><\/i>\n                                        <\/div>\n                                    <\/div>\n                                <\/div>\n                            <\/blockquote>\n                        <\/a>\n                    <\/div>\n                                    <\/div>\n            <\/div>\n        <\/section>\n    ","protected":false},"excerpt":{"rendered":"","protected":false},"author":11,"featured_media":20402,"parent":0,"menu_order":0,"comment_status":"closed","ping_status":"closed","template":"","meta":{"_acf_changed":false,"inline_featured_image":false,"footnotes":""},"class_list":["post-16377","page","type-page","status-publish","has-post-thumbnail","hentry"],"acf":[],"yoast_head":"<!-- This site is optimized with the Yoast SEO Premium plugin v27.3 (Yoast SEO v27.3) - https:\/\/yoast.com\/product\/yoast-seo-premium-wordpress\/ -->\n<title>Servicio - Mantenimiento para m\u00e1s seguridad<\/title>\n<meta name=\"description\" content=\"Garantiza la fiabilidad de tu Ca\u00f1\u00f3n de Niebla con revisiones anuales. Contacta instaladores autorizados y disfruta de 5 a\u00f1os de garant\u00eda.\" \/>\n<meta name=\"robots\" content=\"index, follow, max-snippet:-1, max-image-preview:large, max-video-preview:-1\" \/>\n<link rel=\"canonical\" href=\"https:\/\/protectglobal.com\/es\/servicio\/\" \/>\n<meta property=\"og:locale\" content=\"es_ES\" \/>\n<meta property=\"og:type\" content=\"article\" \/>\n<meta property=\"og:title\" content=\"Servicio\" \/>\n<meta property=\"og:description\" content=\"Garantiza la fiabilidad de tu Ca\u00f1\u00f3n de Niebla con revisiones anuales. Contacta instaladores autorizados y disfruta de 5 a\u00f1os de garant\u00eda.\" \/>\n<meta property=\"og:url\" content=\"https:\/\/protectglobal.com\/es\/servicio\/\" \/>\n<meta property=\"og:site_name\" content=\"Ca\u00f1ones de niebla PROTECT\u2122\" \/>\n<meta property=\"article:publisher\" content=\"https:\/\/www.facebook.com\/PROTECTFogCannon\/\" \/>\n<meta property=\"article:modified_time\" content=\"2025-01-22T10:54:43+00:00\" \/>\n<meta property=\"og:image\" content=\"https:\/\/protectglobal.com\/wp-content\/uploads\/2024\/09\/a4a4805_2_-1024x683.jpg\" \/>\n\t<meta property=\"og:image:width\" content=\"1024\" \/>\n\t<meta property=\"og:image:height\" content=\"683\" \/>\n\t<meta property=\"og:image:type\" content=\"image\/jpeg\" \/>\n<meta name=\"twitter:card\" content=\"summary_large_image\" \/>\n<meta name=\"twitter:site\" content=\"@PROTECTFOG\" \/>\n<meta name=\"twitter:label1\" content=\"Tiempo de lectura\" \/>\n\t<meta name=\"twitter:data1\" content=\"1 minuto\" \/>\n<script type=\"application\/ld+json\" class=\"yoast-schema-graph\">{\"@context\":\"https:\\\/\\\/schema.org\",\"@graph\":[{\"@type\":\"WebPage\",\"@id\":\"https:\\\/\\\/protectglobal.com\\\/es\\\/servicio\\\/\",\"url\":\"https:\\\/\\\/protectglobal.com\\\/es\\\/servicio\\\/\",\"name\":\"Servicio - Mantenimiento para m\u00e1s seguridad\",\"isPartOf\":{\"@id\":\"https:\\\/\\\/protectglobal.com\\\/es\\\/#website\"},\"primaryImageOfPage\":{\"@id\":\"https:\\\/\\\/protectglobal.com\\\/es\\\/servicio\\\/#primaryimage\"},\"image\":{\"@id\":\"https:\\\/\\\/protectglobal.com\\\/es\\\/servicio\\\/#primaryimage\"},\"thumbnailUrl\":\"https:\\\/\\\/protectglobal.com\\\/wp-content\\\/uploads\\\/2024\\\/09\\\/a4a4805_2_-scaled.jpg\",\"datePublished\":\"2024-06-11T08:12:37+00:00\",\"dateModified\":\"2025-01-22T10:54:43+00:00\",\"description\":\"Garantiza la fiabilidad de tu Ca\u00f1\u00f3n de Niebla con revisiones anuales. Contacta instaladores autorizados y disfruta de 5 a\u00f1os de garant\u00eda.\",\"breadcrumb\":{\"@id\":\"https:\\\/\\\/protectglobal.com\\\/es\\\/servicio\\\/#breadcrumb\"},\"inLanguage\":\"es\",\"potentialAction\":[{\"@type\":\"ReadAction\",\"target\":[\"https:\\\/\\\/protectglobal.com\\\/es\\\/servicio\\\/\"]}]},{\"@type\":\"ImageObject\",\"inLanguage\":\"es\",\"@id\":\"https:\\\/\\\/protectglobal.com\\\/es\\\/servicio\\\/#primaryimage\",\"url\":\"https:\\\/\\\/protectglobal.com\\\/wp-content\\\/uploads\\\/2024\\\/09\\\/a4a4805_2_-scaled.jpg\",\"contentUrl\":\"https:\\\/\\\/protectglobal.com\\\/wp-content\\\/uploads\\\/2024\\\/09\\\/a4a4805_2_-scaled.jpg\",\"width\":5472,\"height\":3648,\"caption\":\"fog cannon service\"},{\"@type\":\"BreadcrumbList\",\"@id\":\"https:\\\/\\\/protectglobal.com\\\/es\\\/servicio\\\/#breadcrumb\",\"itemListElement\":[{\"@type\":\"ListItem\",\"position\":1,\"name\":\"Hjem\",\"item\":\"https:\\\/\\\/protectglobal.com\\\/es\\\/\"},{\"@type\":\"ListItem\",\"position\":2,\"name\":\"Servicio\"}]},{\"@type\":\"WebSite\",\"@id\":\"https:\\\/\\\/protectglobal.com\\\/es\\\/#website\",\"url\":\"https:\\\/\\\/protectglobal.com\\\/es\\\/\",\"name\":\"PROTECT Fog Cannons\u2122\",\"description\":\"\",\"publisher\":{\"@id\":\"https:\\\/\\\/protectglobal.com\\\/es\\\/#organization\"},\"potentialAction\":[{\"@type\":\"SearchAction\",\"target\":{\"@type\":\"EntryPoint\",\"urlTemplate\":\"https:\\\/\\\/protectglobal.com\\\/es\\\/?s={search_term_string}\"},\"query-input\":{\"@type\":\"PropertyValueSpecification\",\"valueRequired\":true,\"valueName\":\"search_term_string\"}}],\"inLanguage\":\"es\"},{\"@type\":\"Organization\",\"@id\":\"https:\\\/\\\/protectglobal.com\\\/es\\\/#organization\",\"name\":\"PROTECT Fog Cannons\u2122\",\"url\":\"https:\\\/\\\/protectglobal.com\\\/es\\\/\",\"logo\":{\"@type\":\"ImageObject\",\"inLanguage\":\"es\",\"@id\":\"https:\\\/\\\/protectglobal.com\\\/es\\\/#\\\/schema\\\/logo\\\/image\\\/\",\"url\":\"https:\\\/\\\/protectglobal.com\\\/wp-content\\\/uploads\\\/2023\\\/10\\\/logo.svg\",\"contentUrl\":\"https:\\\/\\\/protectglobal.com\\\/wp-content\\\/uploads\\\/2023\\\/10\\\/logo.svg\",\"width\":90,\"height\":40,\"caption\":\"PROTECT Fog Cannons\u2122\"},\"image\":{\"@id\":\"https:\\\/\\\/protectglobal.com\\\/es\\\/#\\\/schema\\\/logo\\\/image\\\/\"},\"sameAs\":[\"https:\\\/\\\/www.facebook.com\\\/PROTECTFogCannon\\\/\",\"https:\\\/\\\/x.com\\\/PROTECTFOG\",\"https:\\\/\\\/www.linkedin.com\\\/company\\\/protect-a-s\\\/\",\"https:\\\/\\\/www.youtube.com\\\/user\\\/PROTECTFogCannon\"],\"description\":\"PROTECT\u2122 specializes in security fog solutions, protecting valuables in retail, banks, warehouses any many other industries across more than 50 countries. With over 175,000 fog cannons installed, our systems fill rooms with dense fog in seconds, deterring burglars and preventing theft. We focus on providing reliable, durable, and easy-to-install solutions for enhanced security and peace of mind.\",\"email\":\"info@protectglobal.com\",\"telephone\":\"+45 8672 1881\",\"legalName\":\"PROTECT A\\\/S\",\"foundingDate\":\"2000-09-28\",\"vatID\":\"25687272\",\"numberOfEmployees\":{\"@type\":\"QuantitativeValue\",\"minValue\":\"11\",\"maxValue\":\"50\"}}]}<\/script>\n<!-- \/ Yoast SEO Premium plugin. -->","yoast_head_json":{"title":"Servicio - Mantenimiento para m\u00e1s seguridad","description":"Garantiza la fiabilidad de tu Ca\u00f1\u00f3n de Niebla con revisiones anuales. Contacta instaladores autorizados y disfruta de 5 a\u00f1os de garant\u00eda.","robots":{"index":"index","follow":"follow","max-snippet":"max-snippet:-1","max-image-preview":"max-image-preview:large","max-video-preview":"max-video-preview:-1"},"canonical":"https:\/\/protectglobal.com\/es\/servicio\/","og_locale":"es_ES","og_type":"article","og_title":"Servicio","og_description":"Garantiza la fiabilidad de tu Ca\u00f1\u00f3n de Niebla con revisiones anuales. Contacta instaladores autorizados y disfruta de 5 a\u00f1os de garant\u00eda.","og_url":"https:\/\/protectglobal.com\/es\/servicio\/","og_site_name":"Ca\u00f1ones de niebla PROTECT\u2122","article_publisher":"https:\/\/www.facebook.com\/PROTECTFogCannon\/","article_modified_time":"2025-01-22T10:54:43+00:00","og_image":[{"width":1024,"height":683,"url":"https:\/\/protectglobal.com\/wp-content\/uploads\/2024\/09\/a4a4805_2_-1024x683.jpg","type":"image\/jpeg"}],"twitter_card":"summary_large_image","twitter_site":"@PROTECTFOG","twitter_misc":{"Tiempo de lectura":"1 minuto"},"schema":{"@context":"https:\/\/schema.org","@graph":[{"@type":"WebPage","@id":"https:\/\/protectglobal.com\/es\/servicio\/","url":"https:\/\/protectglobal.com\/es\/servicio\/","name":"Servicio - Mantenimiento para m\u00e1s seguridad","isPartOf":{"@id":"https:\/\/protectglobal.com\/es\/#website"},"primaryImageOfPage":{"@id":"https:\/\/protectglobal.com\/es\/servicio\/#primaryimage"},"image":{"@id":"https:\/\/protectglobal.com\/es\/servicio\/#primaryimage"},"thumbnailUrl":"https:\/\/protectglobal.com\/wp-content\/uploads\/2024\/09\/a4a4805_2_-scaled.jpg","datePublished":"2024-06-11T08:12:37+00:00","dateModified":"2025-01-22T10:54:43+00:00","description":"Garantiza la fiabilidad de tu Ca\u00f1\u00f3n de Niebla con revisiones anuales. Contacta instaladores autorizados y disfruta de 5 a\u00f1os de garant\u00eda.","breadcrumb":{"@id":"https:\/\/protectglobal.com\/es\/servicio\/#breadcrumb"},"inLanguage":"es","potentialAction":[{"@type":"ReadAction","target":["https:\/\/protectglobal.com\/es\/servicio\/"]}]},{"@type":"ImageObject","inLanguage":"es","@id":"https:\/\/protectglobal.com\/es\/servicio\/#primaryimage","url":"https:\/\/protectglobal.com\/wp-content\/uploads\/2024\/09\/a4a4805_2_-scaled.jpg","contentUrl":"https:\/\/protectglobal.com\/wp-content\/uploads\/2024\/09\/a4a4805_2_-scaled.jpg","width":5472,"height":3648,"caption":"fog cannon service"},{"@type":"BreadcrumbList","@id":"https:\/\/protectglobal.com\/es\/servicio\/#breadcrumb","itemListElement":[{"@type":"ListItem","position":1,"name":"Hjem","item":"https:\/\/protectglobal.com\/es\/"},{"@type":"ListItem","position":2,"name":"Servicio"}]},{"@type":"WebSite","@id":"https:\/\/protectglobal.com\/es\/#website","url":"https:\/\/protectglobal.com\/es\/","name":"PROTECT Fog Cannons\u2122","description":"","publisher":{"@id":"https:\/\/protectglobal.com\/es\/#organization"},"potentialAction":[{"@type":"SearchAction","target":{"@type":"EntryPoint","urlTemplate":"https:\/\/protectglobal.com\/es\/?s={search_term_string}"},"query-input":{"@type":"PropertyValueSpecification","valueRequired":true,"valueName":"search_term_string"}}],"inLanguage":"es"},{"@type":"Organization","@id":"https:\/\/protectglobal.com\/es\/#organization","name":"PROTECT Fog Cannons\u2122","url":"https:\/\/protectglobal.com\/es\/","logo":{"@type":"ImageObject","inLanguage":"es","@id":"https:\/\/protectglobal.com\/es\/#\/schema\/logo\/image\/","url":"https:\/\/protectglobal.com\/wp-content\/uploads\/2023\/10\/logo.svg","contentUrl":"https:\/\/protectglobal.com\/wp-content\/uploads\/2023\/10\/logo.svg","width":90,"height":40,"caption":"PROTECT Fog Cannons\u2122"},"image":{"@id":"https:\/\/protectglobal.com\/es\/#\/schema\/logo\/image\/"},"sameAs":["https:\/\/www.facebook.com\/PROTECTFogCannon\/","https:\/\/x.com\/PROTECTFOG","https:\/\/www.linkedin.com\/company\/protect-a-s\/","https:\/\/www.youtube.com\/user\/PROTECTFogCannon"],"description":"PROTECT\u2122 specializes in security fog solutions, protecting valuables in retail, banks, warehouses any many other industries across more than 50 countries. With over 175,000 fog cannons installed, our systems fill rooms with dense fog in seconds, deterring burglars and preventing theft. We focus on providing reliable, durable, and easy-to-install solutions for enhanced security and peace of mind.","email":"info@protectglobal.com","telephone":"+45 8672 1881","legalName":"PROTECT A\/S","foundingDate":"2000-09-28","vatID":"25687272","numberOfEmployees":{"@type":"QuantitativeValue","minValue":"11","maxValue":"50"}}]}},"_links":{"self":[{"href":"https:\/\/protectglobal.com\/es\/wp-json\/wp\/v2\/pages\/16377","targetHints":{"allow":["GET"]}}],"collection":[{"href":"https:\/\/protectglobal.com\/es\/wp-json\/wp\/v2\/pages"}],"about":[{"href":"https:\/\/protectglobal.com\/es\/wp-json\/wp\/v2\/types\/page"}],"author":[{"embeddable":true,"href":"https:\/\/protectglobal.com\/es\/wp-json\/wp\/v2\/users\/11"}],"replies":[{"embeddable":true,"href":"https:\/\/protectglobal.com\/es\/wp-json\/wp\/v2\/comments?post=16377"}],"version-history":[{"count":8,"href":"https:\/\/protectglobal.com\/es\/wp-json\/wp\/v2\/pages\/16377\/revisions"}],"predecessor-version":[{"id":23233,"href":"https:\/\/protectglobal.com\/es\/wp-json\/wp\/v2\/pages\/16377\/revisions\/23233"}],"wp:featuredmedia":[{"embeddable":true,"href":"https:\/\/protectglobal.com\/es\/wp-json\/wp\/v2\/media\/20402"}],"wp:attachment":[{"href":"https:\/\/protectglobal.com\/es\/wp-json\/wp\/v2\/media?parent=16377"}],"curies":[{"name":"wp","href":"https:\/\/api.w.org\/{rel}","templated":true}]}}