{"id":16359,"date":"2024-07-14T10:28:31","date_gmt":"2024-07-14T10:28:31","guid":{"rendered":"https:\/\/protectglobal.com\/maintenance\/"},"modified":"2025-01-22T10:42:03","modified_gmt":"2025-01-22T10:42:03","slug":"mantenimiento","status":"publish","type":"page","link":"https:\/\/protectglobal.com\/es\/mantenimiento\/","title":{"rendered":"Mantenimiento"},"content":{"rendered":"\n<p><\/p>\n\n\n\n\n\n\n    <div class=\"two-col-layout-block custom-block white py-5\" style=\"\">\n        <div class=\"container py-xxl-5\" data-aos=\"fade-in\">\n            <div class=\"row gap-4 m-auto py-xxl-5 \">\n                <blockquote class=\"col-sm p-0 m-0 content white\">\n                    <div class=\"heading-section\"> \n                                                                            <blockquote class=\"heading h2 mb-4\"><h2>Mantenimiento y <span style=\"color: #3f75ff;\">limpieza<\/span><\/h2>\n<\/blockquote>\n                                            <\/div>\n                                            <div class=\"col-md mobile-image d-lg-none my-4\">\n                            <img decoding=\"async\" class=\"rounder lazyload\" data-src=\"https:\/\/protectglobal.com\/wp-content\/uploads\/2024\/07\/montering-af-maskine-frame-at-0m26s-1024x576.jpg\" alt=\"fog cannon warranty\" src=\"data:image\/svg+xml;base64,PHN2ZyB3aWR0aD0iMSIgaGVpZ2h0PSIxIiB4bWxucz0iaHR0cDovL3d3dy53My5vcmcvMjAwMC9zdmciPjwvc3ZnPg==\" style=\"--smush-placeholder-width: 1024px; --smush-placeholder-aspect-ratio: 1024\/576;\">       \n                        <\/div>\n                           \n                                            <div class=\"body-text\"><p>Aunque el mantenimiento y la limpieza pueden ser realizados por el usuario, el servicio y la posible resoluci\u00f3n de problemas deben ser realizados siempre por un instalador de alarmas autorizado. Para m\u00e1s informaci\u00f3n, consulta la secci\u00f3n <a href=\"https:\/\/protectglobal.com\/service\/\" target=\"_blank\" rel=\"noopener\" data-type=\"\" data-id=\"\">Servicio y asistencia<\/a>.<\/p>\n<p>&nbsp;<\/p>\n<p>Un ca\u00f1\u00f3n de niebla PROTECT\u2122 requiere un mantenimiento m\u00ednimo. Se limpia con un plumero seco o un pa\u00f1o ligeramente humedecido, sin detergentes, productos qu\u00edmicos ni disolventes.<\/p>\n<p>&nbsp;<\/p>\n<p>En caso de activaci\u00f3n del ca\u00f1\u00f3n de niebla, recomendamos una ventilaci\u00f3n eficaz durante 20 minutos en la primera hora. Si el lugar no se ventila a tiempo, existe riesgo de condensaci\u00f3n de las part\u00edculas de niebla. La condensaci\u00f3n es inofensiva y se puede eliminar limpiando todas las superficies horizontales de la sala con un pa\u00f1o ligeramente humedecido sin detergentes, productos qu\u00edmicos ni disolventes.<\/p>\n<section class=\"media custom-block my-4\" data-aos=\"fade-in\"><\/section>\n<\/div>\n                    \n                                            <div class=\"button-group container-sm d-sm-flex gap-3 h-auto my-4 p-0\">  \n                                                <\/div>\n                                                        <\/blockquote>\n                                    <div  class=\"col-lg-7 d-none d-lg-block desktop-image p-0 m-0 \">\n                        <img decoding=\"async\" class=\"rounder lazyload\" data-src=\"https:\/\/protectglobal.com\/wp-content\/uploads\/2024\/07\/montering-af-maskine-frame-at-0m26s-1024x576.jpg\" alt=\"fog cannon warranty\" src=\"data:image\/svg+xml;base64,PHN2ZyB3aWR0aD0iMSIgaGVpZ2h0PSIxIiB4bWxucz0iaHR0cDovL3d3dy53My5vcmcvMjAwMC9zdmciPjwvc3ZnPg==\" style=\"--smush-placeholder-width: 1024px; --smush-placeholder-aspect-ratio: 1024\/576;\">\n                        <i class=\"image-graphic d-block white\"><\/i>       \n                    <\/div>\n                       \n            <\/div>\n        <\/div>\n    <\/div>\n\n\n\n\n\n\n\n    <div class=\"two-column-list-block black-bg custom-block p-3 py-5 p-3\" style=\"\">\n        <section class=\"list-columns-wrapper container \" data-aos=\"fade-in\">\n\n\t\t\t\t\t\t\t<div class=\"font-white mb-4\"><h2 class=\"list-title mb-3\">Advertencias<\/h2>\n<\/div>\n\t\t\t\n\t\t\t<blockquote class=\"d-lg-flex flex-row-reverse justify-content-between\">\n\n                <div class=\"list-col-1\">\n                                                <ul class=\"m-0 p-0\">\n                                \n                                    <li class=\"font-white exclaim custom-list\"><p>El fluido de niebla que haya goteado en el suelo debajo de la m\u00e1quina en relaci\u00f3n con la activaci\u00f3n del sistema o la manipulaci\u00f3n del fluido de niebla debe retirarse inmediatamente debido al riesgo de resbalar y caer<\/p>\n<\/li>\n\n                                \n                                    <li class=\"font-white exclaim custom-list\"><p>El sistema est\u00e1 fabricado para su uso en un clima interior seco, por lo que no debe colocarse al aire libre ni en locales h\u00famedos<\/p>\n<\/li>\n\n                                \n                                    <li class=\"font-white exclaim custom-list\"><p>El l\u00edquido de niebla no debe ingerirse y debe mantenerse alejado de ni\u00f1os y animales. En caso de ingesti\u00f3n: Ponte en contacto con un m\u00e9dico inmediatamente.  <\/p>\n<\/li>\n\n                                                            <\/ul>\n                        \n\n                                    <\/div>\n                <div class=\"list-col-2\">\n                                                <ul class=\"m-0 p-0\">\n                                \n                                    <li class=\"font-white exclaim custom-list\"><p>No toques nunca la boquilla ni la rejilla situada delante de la boquilla. Puede estar caliente y tocarla puede causar quemaduras. No mires directamente a la boquilla  <\/p>\n<\/li>\n\n                                \n                                    <li class=\"font-white exclaim custom-list\"><p>Los objetos inflamables o sensibles al calor deben colocarse al menos a 35 cm de la boquilla<\/p>\n<\/li>\n\n                                \n                                    <li class=\"font-white exclaim custom-list\"><p>Evitar el contacto con los ojos. En caso de contacto con los ojos, aclarar inmediatamente con agua limpia durante un m\u00ednimo de 15 minutos. Si persiste la irritaci\u00f3n, consultar a un m\u00e9dico. En caso de contacto directo con la piel, aclarar abundantemente con agua y jab\u00f3n.   <\/p>\n<\/li>\n\n                                                            <\/ul>\n                        \n\n                                    <\/div>\n\n\n            <\/blockquote>\n\n        <\/section>\n    <\/div>\n\n\n\n\n\n\n\n\n    <div class=\"two-col-layout-block custom-block white py-5\" style=\"\">\n        <div class=\"container py-xxl-5\" data-aos=\"fade-in\">\n            <div class=\"row gap-4 m-auto py-xxl-5 flipped\">\n                <blockquote class=\"col-sm p-0 m-0 content white\">\n                    <div class=\"heading-section\"> \n                                                    <p class=\"mb-4 small section-label\">L\u00edquido antiniebla PROTECT<\/p>\n                                                                            <blockquote class=\"heading h2 mb-4\"><h2>Sustituci\u00f3n del recipiente del l\u00edquido de niebla<\/h2>\n<\/blockquote>\n                                            <\/div>\n                                            <div class=\"col-md mobile-image d-lg-none my-4\">\n                            <img decoding=\"async\" class=\"rounder lazyload\" data-src=\"https:\/\/protectglobal.com\/wp-content\/uploads\/2024\/07\/a4a4680-1024x683.jpg\" alt=\"fluid change\" src=\"data:image\/svg+xml;base64,PHN2ZyB3aWR0aD0iMSIgaGVpZ2h0PSIxIiB4bWxucz0iaHR0cDovL3d3dy53My5vcmcvMjAwMC9zdmciPjwvc3ZnPg==\" style=\"--smush-placeholder-width: 1024px; --smush-placeholder-aspect-ratio: 1024\/683;\">       \n                        <\/div>\n                           \n                                            <div class=\"body-text\"><p>El PROTECT QUMULUS\u00ae (fabricado despu\u00e9s del 1 de septiembre de 2014) y el PROTECT Xtratus\u00ae est\u00e1n dise\u00f1ados para que t\u00fa mismo, como usuario, puedas sustituir el recipiente del l\u00edquido de niebla.<\/p>\n<p>&nbsp;<\/p>\n<p>Los contenedores de fluido de otros modelos deben ser sustituidos por un instalador de alarmas autorizado.<\/p>\n<p>&nbsp;<\/p>\n<p>La vida \u00fatil de un envase sin abrir es de 5 a\u00f1os y de 2 a\u00f1os a partir de la fecha de instalaci\u00f3n. Si se decolora, el fluido de niebla debe desecharse<\/p>\n<\/div>\n                    \n                                            <div class=\"button-group container-sm d-sm-flex gap-3 h-auto my-4 p-0\">  \n                            <a href=\"https:\/\/protectglobal.com\/es\/product-category\/deposito-de-niebla\/\" class=\"d-flex gap-3 justify-content-center justify-content-md-start button align-items-center primary\" target=\"_blank\">\n       Gama de productos de l\u00edquido de niebla       <i class=\"icon-chevron\"><\/i>\n    <\/a>\n                        <\/div>\n                                                        <\/blockquote>\n                                    <div  class=\"col-lg-7 d-none d-lg-block desktop-image p-0 m-0 flipped\">\n                        <img decoding=\"async\" class=\"rounder lazyload\" data-src=\"https:\/\/protectglobal.com\/wp-content\/uploads\/2024\/07\/a4a4680-1024x683.jpg\" alt=\"fluid change\" src=\"data:image\/svg+xml;base64,PHN2ZyB3aWR0aD0iMSIgaGVpZ2h0PSIxIiB4bWxucz0iaHR0cDovL3d3dy53My5vcmcvMjAwMC9zdmciPjwvc3ZnPg==\" style=\"--smush-placeholder-width: 1024px; --smush-placeholder-aspect-ratio: 1024\/683;\">\n                        <i class=\"image-graphic d-none white\"><\/i>       \n                    <\/div>\n                       \n            <\/div>\n        <\/div>\n    <\/div>\n\n","protected":false},"excerpt":{"rendered":"","protected":false},"author":10,"featured_media":6297,"parent":0,"menu_order":0,"comment_status":"closed","ping_status":"closed","template":"","meta":{"_acf_changed":false,"inline_featured_image":false,"footnotes":""},"class_list":["post-16359","page","type-page","status-publish","has-post-thumbnail","hentry"],"acf":[],"yoast_head":"<!-- This site is optimized with the Yoast SEO Premium plugin v27.3 (Yoast SEO v27.3) - https:\/\/yoast.com\/product\/yoast-seo-premium-wordpress\/ -->\n<title>Mantenimiento - Requiere mantenimiento m\u00ednimo<\/title>\n<meta name=\"description\" content=\"Garantiza el mejor rendimiento y seguridad de tu Ca\u00f1\u00f3n de Niebla. Aprende sobre limpieza, reemplazo de l\u00edquido y advertencias de seguridad.\" \/>\n<meta name=\"robots\" content=\"index, follow, max-snippet:-1, max-image-preview:large, max-video-preview:-1\" \/>\n<link rel=\"canonical\" href=\"https:\/\/protectglobal.com\/es\/mantenimiento\/\" \/>\n<meta property=\"og:locale\" content=\"es_ES\" \/>\n<meta property=\"og:type\" content=\"article\" \/>\n<meta property=\"og:title\" content=\"Mantenimiento\" \/>\n<meta property=\"og:description\" content=\"Garantiza el mejor rendimiento y seguridad de tu Ca\u00f1\u00f3n de Niebla. Aprende sobre limpieza, reemplazo de l\u00edquido y advertencias de seguridad.\" \/>\n<meta property=\"og:url\" content=\"https:\/\/protectglobal.com\/es\/mantenimiento\/\" \/>\n<meta property=\"og:site_name\" content=\"Ca\u00f1ones de niebla PROTECT\u2122\" \/>\n<meta property=\"article:publisher\" content=\"https:\/\/www.facebook.com\/PROTECTFogCannon\/\" \/>\n<meta property=\"article:modified_time\" content=\"2025-01-22T10:42:03+00:00\" \/>\n<meta property=\"og:image\" content=\"https:\/\/protectglobal.com\/wp-content\/uploads\/2024\/03\/montering-af-maskine-frame-at-0m13s.jpg\" \/>\n\t<meta property=\"og:image:width\" content=\"1920\" \/>\n\t<meta property=\"og:image:height\" content=\"1080\" \/>\n\t<meta property=\"og:image:type\" content=\"image\/jpeg\" \/>\n<meta name=\"twitter:card\" content=\"summary_large_image\" \/>\n<meta name=\"twitter:site\" content=\"@PROTECTFOG\" \/>\n<meta name=\"twitter:label1\" content=\"Tiempo de lectura\" \/>\n\t<meta name=\"twitter:data1\" content=\"1 minuto\" \/>\n<script type=\"application\/ld+json\" class=\"yoast-schema-graph\">{\"@context\":\"https:\\\/\\\/schema.org\",\"@graph\":[{\"@type\":\"WebPage\",\"@id\":\"https:\\\/\\\/protectglobal.com\\\/es\\\/mantenimiento\\\/\",\"url\":\"https:\\\/\\\/protectglobal.com\\\/es\\\/mantenimiento\\\/\",\"name\":\"Mantenimiento - Requiere mantenimiento m\u00ednimo\",\"isPartOf\":{\"@id\":\"https:\\\/\\\/protectglobal.com\\\/es\\\/#website\"},\"primaryImageOfPage\":{\"@id\":\"https:\\\/\\\/protectglobal.com\\\/es\\\/mantenimiento\\\/#primaryimage\"},\"image\":{\"@id\":\"https:\\\/\\\/protectglobal.com\\\/es\\\/mantenimiento\\\/#primaryimage\"},\"thumbnailUrl\":\"https:\\\/\\\/protectglobal.com\\\/wp-content\\\/uploads\\\/2024\\\/03\\\/montering-af-maskine-frame-at-0m13s.jpg\",\"datePublished\":\"2024-07-14T10:28:31+00:00\",\"dateModified\":\"2025-01-22T10:42:03+00:00\",\"description\":\"Garantiza el mejor rendimiento y seguridad de tu Ca\u00f1\u00f3n de Niebla. Aprende sobre limpieza, reemplazo de l\u00edquido y advertencias de seguridad.\",\"breadcrumb\":{\"@id\":\"https:\\\/\\\/protectglobal.com\\\/es\\\/mantenimiento\\\/#breadcrumb\"},\"inLanguage\":\"es\",\"potentialAction\":[{\"@type\":\"ReadAction\",\"target\":[\"https:\\\/\\\/protectglobal.com\\\/es\\\/mantenimiento\\\/\"]}]},{\"@type\":\"ImageObject\",\"inLanguage\":\"es\",\"@id\":\"https:\\\/\\\/protectglobal.com\\\/es\\\/mantenimiento\\\/#primaryimage\",\"url\":\"https:\\\/\\\/protectglobal.com\\\/wp-content\\\/uploads\\\/2024\\\/03\\\/montering-af-maskine-frame-at-0m13s.jpg\",\"contentUrl\":\"https:\\\/\\\/protectglobal.com\\\/wp-content\\\/uploads\\\/2024\\\/03\\\/montering-af-maskine-frame-at-0m13s.jpg\",\"width\":1920,\"height\":1080,\"caption\":\"fog cannon connection\"},{\"@type\":\"BreadcrumbList\",\"@id\":\"https:\\\/\\\/protectglobal.com\\\/es\\\/mantenimiento\\\/#breadcrumb\",\"itemListElement\":[{\"@type\":\"ListItem\",\"position\":1,\"name\":\"Hjem\",\"item\":\"https:\\\/\\\/protectglobal.com\\\/es\\\/\"},{\"@type\":\"ListItem\",\"position\":2,\"name\":\"Mantenimiento\"}]},{\"@type\":\"WebSite\",\"@id\":\"https:\\\/\\\/protectglobal.com\\\/es\\\/#website\",\"url\":\"https:\\\/\\\/protectglobal.com\\\/es\\\/\",\"name\":\"PROTECT Fog Cannons\u2122\",\"description\":\"\",\"publisher\":{\"@id\":\"https:\\\/\\\/protectglobal.com\\\/es\\\/#organization\"},\"potentialAction\":[{\"@type\":\"SearchAction\",\"target\":{\"@type\":\"EntryPoint\",\"urlTemplate\":\"https:\\\/\\\/protectglobal.com\\\/es\\\/?s={search_term_string}\"},\"query-input\":{\"@type\":\"PropertyValueSpecification\",\"valueRequired\":true,\"valueName\":\"search_term_string\"}}],\"inLanguage\":\"es\"},{\"@type\":\"Organization\",\"@id\":\"https:\\\/\\\/protectglobal.com\\\/es\\\/#organization\",\"name\":\"PROTECT Fog Cannons\u2122\",\"url\":\"https:\\\/\\\/protectglobal.com\\\/es\\\/\",\"logo\":{\"@type\":\"ImageObject\",\"inLanguage\":\"es\",\"@id\":\"https:\\\/\\\/protectglobal.com\\\/es\\\/#\\\/schema\\\/logo\\\/image\\\/\",\"url\":\"https:\\\/\\\/protectglobal.com\\\/wp-content\\\/uploads\\\/2023\\\/10\\\/logo.svg\",\"contentUrl\":\"https:\\\/\\\/protectglobal.com\\\/wp-content\\\/uploads\\\/2023\\\/10\\\/logo.svg\",\"width\":90,\"height\":40,\"caption\":\"PROTECT Fog Cannons\u2122\"},\"image\":{\"@id\":\"https:\\\/\\\/protectglobal.com\\\/es\\\/#\\\/schema\\\/logo\\\/image\\\/\"},\"sameAs\":[\"https:\\\/\\\/www.facebook.com\\\/PROTECTFogCannon\\\/\",\"https:\\\/\\\/x.com\\\/PROTECTFOG\",\"https:\\\/\\\/www.linkedin.com\\\/company\\\/protect-a-s\\\/\",\"https:\\\/\\\/www.youtube.com\\\/user\\\/PROTECTFogCannon\"],\"description\":\"PROTECT\u2122 specializes in security fog solutions, protecting valuables in retail, banks, warehouses any many other industries across more than 50 countries. With over 175,000 fog cannons installed, our systems fill rooms with dense fog in seconds, deterring burglars and preventing theft. We focus on providing reliable, durable, and easy-to-install solutions for enhanced security and peace of mind.\",\"email\":\"info@protectglobal.com\",\"telephone\":\"+45 8672 1881\",\"legalName\":\"PROTECT A\\\/S\",\"foundingDate\":\"2000-09-28\",\"vatID\":\"25687272\",\"numberOfEmployees\":{\"@type\":\"QuantitativeValue\",\"minValue\":\"11\",\"maxValue\":\"50\"}}]}<\/script>\n<!-- \/ Yoast SEO Premium plugin. -->","yoast_head_json":{"title":"Mantenimiento - Requiere mantenimiento m\u00ednimo","description":"Garantiza el mejor rendimiento y seguridad de tu Ca\u00f1\u00f3n de Niebla. Aprende sobre limpieza, reemplazo de l\u00edquido y advertencias de seguridad.","robots":{"index":"index","follow":"follow","max-snippet":"max-snippet:-1","max-image-preview":"max-image-preview:large","max-video-preview":"max-video-preview:-1"},"canonical":"https:\/\/protectglobal.com\/es\/mantenimiento\/","og_locale":"es_ES","og_type":"article","og_title":"Mantenimiento","og_description":"Garantiza el mejor rendimiento y seguridad de tu Ca\u00f1\u00f3n de Niebla. Aprende sobre limpieza, reemplazo de l\u00edquido y advertencias de seguridad.","og_url":"https:\/\/protectglobal.com\/es\/mantenimiento\/","og_site_name":"Ca\u00f1ones de niebla PROTECT\u2122","article_publisher":"https:\/\/www.facebook.com\/PROTECTFogCannon\/","article_modified_time":"2025-01-22T10:42:03+00:00","og_image":[{"width":1920,"height":1080,"url":"https:\/\/protectglobal.com\/wp-content\/uploads\/2024\/03\/montering-af-maskine-frame-at-0m13s.jpg","type":"image\/jpeg"}],"twitter_card":"summary_large_image","twitter_site":"@PROTECTFOG","twitter_misc":{"Tiempo de lectura":"1 minuto"},"schema":{"@context":"https:\/\/schema.org","@graph":[{"@type":"WebPage","@id":"https:\/\/protectglobal.com\/es\/mantenimiento\/","url":"https:\/\/protectglobal.com\/es\/mantenimiento\/","name":"Mantenimiento - Requiere mantenimiento m\u00ednimo","isPartOf":{"@id":"https:\/\/protectglobal.com\/es\/#website"},"primaryImageOfPage":{"@id":"https:\/\/protectglobal.com\/es\/mantenimiento\/#primaryimage"},"image":{"@id":"https:\/\/protectglobal.com\/es\/mantenimiento\/#primaryimage"},"thumbnailUrl":"https:\/\/protectglobal.com\/wp-content\/uploads\/2024\/03\/montering-af-maskine-frame-at-0m13s.jpg","datePublished":"2024-07-14T10:28:31+00:00","dateModified":"2025-01-22T10:42:03+00:00","description":"Garantiza el mejor rendimiento y seguridad de tu Ca\u00f1\u00f3n de Niebla. Aprende sobre limpieza, reemplazo de l\u00edquido y advertencias de seguridad.","breadcrumb":{"@id":"https:\/\/protectglobal.com\/es\/mantenimiento\/#breadcrumb"},"inLanguage":"es","potentialAction":[{"@type":"ReadAction","target":["https:\/\/protectglobal.com\/es\/mantenimiento\/"]}]},{"@type":"ImageObject","inLanguage":"es","@id":"https:\/\/protectglobal.com\/es\/mantenimiento\/#primaryimage","url":"https:\/\/protectglobal.com\/wp-content\/uploads\/2024\/03\/montering-af-maskine-frame-at-0m13s.jpg","contentUrl":"https:\/\/protectglobal.com\/wp-content\/uploads\/2024\/03\/montering-af-maskine-frame-at-0m13s.jpg","width":1920,"height":1080,"caption":"fog cannon connection"},{"@type":"BreadcrumbList","@id":"https:\/\/protectglobal.com\/es\/mantenimiento\/#breadcrumb","itemListElement":[{"@type":"ListItem","position":1,"name":"Hjem","item":"https:\/\/protectglobal.com\/es\/"},{"@type":"ListItem","position":2,"name":"Mantenimiento"}]},{"@type":"WebSite","@id":"https:\/\/protectglobal.com\/es\/#website","url":"https:\/\/protectglobal.com\/es\/","name":"PROTECT Fog Cannons\u2122","description":"","publisher":{"@id":"https:\/\/protectglobal.com\/es\/#organization"},"potentialAction":[{"@type":"SearchAction","target":{"@type":"EntryPoint","urlTemplate":"https:\/\/protectglobal.com\/es\/?s={search_term_string}"},"query-input":{"@type":"PropertyValueSpecification","valueRequired":true,"valueName":"search_term_string"}}],"inLanguage":"es"},{"@type":"Organization","@id":"https:\/\/protectglobal.com\/es\/#organization","name":"PROTECT Fog Cannons\u2122","url":"https:\/\/protectglobal.com\/es\/","logo":{"@type":"ImageObject","inLanguage":"es","@id":"https:\/\/protectglobal.com\/es\/#\/schema\/logo\/image\/","url":"https:\/\/protectglobal.com\/wp-content\/uploads\/2023\/10\/logo.svg","contentUrl":"https:\/\/protectglobal.com\/wp-content\/uploads\/2023\/10\/logo.svg","width":90,"height":40,"caption":"PROTECT Fog Cannons\u2122"},"image":{"@id":"https:\/\/protectglobal.com\/es\/#\/schema\/logo\/image\/"},"sameAs":["https:\/\/www.facebook.com\/PROTECTFogCannon\/","https:\/\/x.com\/PROTECTFOG","https:\/\/www.linkedin.com\/company\/protect-a-s\/","https:\/\/www.youtube.com\/user\/PROTECTFogCannon"],"description":"PROTECT\u2122 specializes in security fog solutions, protecting valuables in retail, banks, warehouses any many other industries across more than 50 countries. With over 175,000 fog cannons installed, our systems fill rooms with dense fog in seconds, deterring burglars and preventing theft. We focus on providing reliable, durable, and easy-to-install solutions for enhanced security and peace of mind.","email":"info@protectglobal.com","telephone":"+45 8672 1881","legalName":"PROTECT A\/S","foundingDate":"2000-09-28","vatID":"25687272","numberOfEmployees":{"@type":"QuantitativeValue","minValue":"11","maxValue":"50"}}]}},"_links":{"self":[{"href":"https:\/\/protectglobal.com\/es\/wp-json\/wp\/v2\/pages\/16359","targetHints":{"allow":["GET"]}}],"collection":[{"href":"https:\/\/protectglobal.com\/es\/wp-json\/wp\/v2\/pages"}],"about":[{"href":"https:\/\/protectglobal.com\/es\/wp-json\/wp\/v2\/types\/page"}],"author":[{"embeddable":true,"href":"https:\/\/protectglobal.com\/es\/wp-json\/wp\/v2\/users\/10"}],"replies":[{"embeddable":true,"href":"https:\/\/protectglobal.com\/es\/wp-json\/wp\/v2\/comments?post=16359"}],"version-history":[{"count":7,"href":"https:\/\/protectglobal.com\/es\/wp-json\/wp\/v2\/pages\/16359\/revisions"}],"predecessor-version":[{"id":23237,"href":"https:\/\/protectglobal.com\/es\/wp-json\/wp\/v2\/pages\/16359\/revisions\/23237"}],"wp:featuredmedia":[{"embeddable":true,"href":"https:\/\/protectglobal.com\/es\/wp-json\/wp\/v2\/media\/6297"}],"wp:attachment":[{"href":"https:\/\/protectglobal.com\/es\/wp-json\/wp\/v2\/media?parent=16359"}],"curies":[{"name":"wp","href":"https:\/\/api.w.org\/{rel}","templated":true}]}}