{"id":5269,"date":"2024-03-19T12:27:09","date_gmt":"2024-03-19T12:27:09","guid":{"rendered":"https:\/\/protectglobal.com\/?post_type=product&#038;p=5269"},"modified":"2025-02-25T10:41:18","modified_gmt":"2025-02-25T10:41:18","slug":"protect-unibuscard","status":"publish","type":"product","link":"https:\/\/protectglobal.com\/de\/product\/protect-unibuscard\/","title":{"rendered":"PROTECT UniBusCard\u2122"},"content":{"rendered":"\n\n<section class=\"content-toggle-block custom-block black py-5\" style=\"\">\n    <section class=\"py-xxl-5 py-5\">\n                <div class=\"switchable-content\">\n            <!-- Content option 1 -->\n                                                                <div class=\"content-option option-1 container\" aria-hidden=\"false\">\n                        <section class=\"row gap-lg-5\">\n                                                            <section class=\"column-1 col-12 col-lg mb-5 mb-lg-0\">\n                                    <blockquote class=\"mb-4 h2 font-white\"><h2>Die Einrichtung und Konfiguration der Nebelkanone wird zum <span style=\"color: #3f75ff;\">&#8222;Point &amp; Click&#8220;<\/span><\/h2>\n<\/blockquote>\n                                    <blockquote class=\"mb-5 fs-6 body-text font-white\"><p>Die UniBusCard\u2122 integriert die umfangreichen Funktionen von IntelliBox\u2122 und IntelliSuite\u2122 nahtlos in die Infrastruktur des Alarmsystems des Geb\u00e4udes und kombiniert deren Vorteile f\u00fcr ein verbessertes Sicherheitsmanagement. \u00a0 Die Funktionen der Nebelkanone k\u00f6nnen problemlos in die IntelliBox\u2122-Setup-Men\u00fcs integriert werden, was eine vereinfachte Steuerung und \u00dcberwachung des Betriebs der Nebelkanone erm\u00f6glicht.<\/p>\n<p>&nbsp;<\/p>\n<p>Diese Integration optimiert die Leistung der gesamten Sicherheitseinrichtung, indem sie eine effiziente und zentralisierte Verwaltung der gesamten Sicherheitseinrichtung gew\u00e4hrleistet.<\/p>\n<\/blockquote>\n                                    \n                                                                    <\/section>\n                                                                                            <section class=\"col-lg col-12 column-2 \">\n                                    <section class=\"accordion\">\n                                                                                    <div class=\"acc-item d-flex flex-column gap-3 pb-3 \">\n                                                <button class=\"acc-button w-100 text-start p-0 d-flex justify-content-between \">\n                                                    <h4 class=\"mb-0 fs-5\">Schnelle und einfache Installation<\/h4>\n                                                    <svg class=\"acc-icon\" width=\"20\" height=\"20\" viewBox=\"0 0 20 20\" fill=\"none\" xmlns=\"http:\/\/www.w3.org\/2000\/svg\">\n                                                        <g clip-path=\"url(#clip0_2099_15870)\">\n                                                            <rect x=\"24.1421\" y=\"-2.28516\" width=\"5\" height=\"25\" transform=\"rotate(45 24.1421 -2.28516)\" fill=\"#DCDCDC\"\/>\n                                                            <rect x=\"-7.67773\" y=\"1.25\" width=\"5\" height=\"17.5\" transform=\"rotate(-45 -7.67773 1.25)\" fill=\"#DCDCDC\"\/>\n                                                        <\/g>\n                                                        <defs>\n                                                            <clipPath id=\"clip0_2099_15870\">\n                                                                <rect width=\"20\" height=\"20\" fill=\"white\" transform=\"translate(20) rotate(90)\"\/>\n                                                            <\/clipPath>\n                                                        <\/defs>\n                                                    <\/svg>\n                                                <\/button>\n                                                <div class=\"acc-content \" aria-hidden=\"true\">\n                                                    <blockquote class=\"body-text font-white\"><p>Die Installation der UniBusCard\u2122 dauert nur wenige Minuten und ist so einfach, dass sie nur minimale technische Kenntnisse erfordert.<\/p>\n<\/blockquote>\n                                                <\/div>\n                                            <\/div>\n                                                                                    <div class=\"acc-item d-flex flex-column gap-3 pb-3 \">\n                                                <button class=\"acc-button w-100 text-start p-0 d-flex justify-content-between \">\n                                                    <h4 class=\"mb-0 fs-5\">Kosteneffizienz<\/h4>\n                                                    <svg class=\"acc-icon\" width=\"20\" height=\"20\" viewBox=\"0 0 20 20\" fill=\"none\" xmlns=\"http:\/\/www.w3.org\/2000\/svg\">\n                                                        <g clip-path=\"url(#clip0_2099_15870)\">\n                                                            <rect x=\"24.1421\" y=\"-2.28516\" width=\"5\" height=\"25\" transform=\"rotate(45 24.1421 -2.28516)\" fill=\"#DCDCDC\"\/>\n                                                            <rect x=\"-7.67773\" y=\"1.25\" width=\"5\" height=\"17.5\" transform=\"rotate(-45 -7.67773 1.25)\" fill=\"#DCDCDC\"\/>\n                                                        <\/g>\n                                                        <defs>\n                                                            <clipPath id=\"clip0_2099_15870\">\n                                                                <rect width=\"20\" height=\"20\" fill=\"white\" transform=\"translate(20) rotate(90)\"\/>\n                                                            <\/clipPath>\n                                                        <\/defs>\n                                                    <\/svg>\n                                                <\/button>\n                                                <div class=\"acc-content \" aria-hidden=\"true\">\n                                                    <blockquote class=\"body-text font-white\"><p>Die UniBusCard\u2122 reduziert den Zeitaufwand f\u00fcr die Einrichtung erheblich, indem sie den Installationsprozess rationalisiert, was zu geringeren Arbeitskosten f\u00fcr die Installateure f\u00fchrt.<\/p>\n<p>&nbsp;<\/p>\n<p>F\u00fcr die Endbenutzer bedeutet dies weniger Unterbrechungen und eine schnellere Implementierung ihrer Sicherheitssysteme, was wiederum die betrieblichen Ausfallzeiten und Servicekosten reduziert.<\/p>\n<\/blockquote>\n                                                <\/div>\n                                            <\/div>\n                                                                            <\/section>\n                                <\/section>\n                                                    <\/section>\n                    <\/div>\n                                        <!-- Content option 2 -->\n                    <\/div>\n    <\/section>\n<\/section>\n\n\n\n\n\n\n\n    <div class=\"two-column-list-block white-bg custom-block p-3 py-5 p-3\" style=\"\">\n        <section class=\"list-columns-wrapper container \" data-aos=\"fade-in\">\n\n\t\t\t\t\t\t\t<div class=\"font-dark mb-4\"><h2>Wichtige Fakten zur <span style=\"color: #3f75ff;\">PROTECT UniBusCard\u2122<\/span>:<\/h2>\n<\/div>\n\t\t\t\n\t\t\t<blockquote class=\"d-lg-flex flex-row-reverse justify-content-between\">\n\n                <div class=\"list-col-1\">\n                                                <ul class=\"m-0 p-0\">\n                                \n                                    <li class=\"font-dark check custom-list\"><p>Von 1 bis 16 Nebelkanoneneinheiten k\u00f6nnen an die IntelliBox\u2122 angeschlossen werden<\/p>\n<\/li>\n\n                                \n                                    <li class=\"font-dark check custom-list\"><p>Gro\u00dfe Zeit- und Kabeleinsparungen beim Anschluss einer oder mehrerer Nebelkanonenmaschinen<\/p>\n<\/li>\n\n                                \n                                    <li class=\"font-dark check custom-list\"><p>Kann in allen PROTECT\u2122 Modellen in wenigen Sekunden installiert werden (Xtratus\u00ae ausgeschlossen)<\/p>\n<\/li>\n\n                                                            <\/ul>\n                        \n\n                                    <\/div>\n                <div class=\"list-col-2\">\n                                                <ul class=\"m-0 p-0\">\n                                \n                                    <li class=\"font-dark check custom-list\"><p>Databus-gesteuerte Karte (RS485)<\/p>\n<\/li>\n\n                                \n                                    <li class=\"font-dark check custom-list\"><p>Signale \u00fcber den Datenbus zur und von der IntelliBox\u2122<\/p>\n<\/li>\n\n                                \n                                    <li class=\"font-dark check custom-list\"><p>Alle von IntelliSuite\u2122 und IntelliBox\u2122 bekannten Servicefunktionen sind \u00fcber den Datenbus verf\u00fcgbar<\/p>\n<\/li>\n\n                                                            <\/ul>\n                        \n\n                                    <\/div>\n\n\n            <\/blockquote>\n\n        <\/section>\n    <\/div>\n\n\n","protected":false},"featured_media":8249,"template":"","meta":{"_acf_changed":true,"inline_featured_image":false},"product-category":[150],"class_list":["post-5269","product","type-product","status-publish","has-post-thumbnail","hentry","product-category-erweiterungsplatinen"],"acf":[],"yoast_head":"<!-- This site is optimized with the Yoast SEO Premium plugin v27.3 (Yoast SEO v27.3) - https:\/\/yoast.com\/product\/yoast-seo-premium-wordpress\/ -->\n<title>PROTECT UniBusCard\u2122 - Setup wird zu &quot;Point &amp; Click&quot;<\/title>\n<meta name=\"description\" content=\"PROTECT UniBusCard\u2122 vereint alle Vorteile von IntelliBox\u2122 und IntelliSuite\u2122 in der Alarmanlage des Geb\u00e4udes.\" \/>\n<meta name=\"robots\" content=\"index, follow, max-snippet:-1, max-image-preview:large, max-video-preview:-1\" \/>\n<link rel=\"canonical\" href=\"https:\/\/protectglobal.com\/de\/product\/protect-unibuscard\/\" \/>\n<meta property=\"og:locale\" content=\"de_DE\" \/>\n<meta property=\"og:type\" content=\"article\" \/>\n<meta property=\"og:title\" content=\"PROTECT UniBusCard\u2122\" \/>\n<meta property=\"og:description\" content=\"PROTECT UniBusCard\u2122 vereint alle Vorteile von IntelliBox\u2122 und IntelliSuite\u2122 in der Alarmanlage des Geb\u00e4udes.\" \/>\n<meta property=\"og:url\" content=\"https:\/\/protectglobal.com\/de\/product\/protect-unibuscard\/\" \/>\n<meta property=\"og:site_name\" content=\"PROTECT Nebelkanonen\u2122\" \/>\n<meta property=\"article:publisher\" content=\"https:\/\/www.facebook.com\/PROTECTFogCannon\/\" \/>\n<meta property=\"article:modified_time\" content=\"2025-02-25T10:41:18+00:00\" \/>\n<meta property=\"og:image\" content=\"https:\/\/protectglobal.com\/wp-content\/uploads\/2024\/03\/unibuscard-1.png\" \/>\n\t<meta property=\"og:image:width\" content=\"326\" \/>\n\t<meta property=\"og:image:height\" content=\"408\" \/>\n\t<meta property=\"og:image:type\" content=\"image\/png\" \/>\n<meta name=\"twitter:card\" content=\"summary_large_image\" \/>\n<meta name=\"twitter:site\" content=\"@PROTECTFOG\" \/>\n<meta name=\"twitter:label1\" content=\"Gesch\u00e4tzte Lesezeit\" \/>\n\t<meta name=\"twitter:data1\" content=\"1\u00a0Minute\" \/>\n<script type=\"application\/ld+json\" class=\"yoast-schema-graph\">{\"@context\":\"https:\\\/\\\/schema.org\",\"@graph\":[{\"@type\":\"WebPage\",\"@id\":\"https:\\\/\\\/protectglobal.com\\\/de\\\/product\\\/protect-unibuscard\\\/\",\"url\":\"https:\\\/\\\/protectglobal.com\\\/de\\\/product\\\/protect-unibuscard\\\/\",\"name\":\"PROTECT UniBusCard\u2122 - Setup wird zu \\\"Point & Click\\\"\",\"isPartOf\":{\"@id\":\"https:\\\/\\\/protectglobal.com\\\/de\\\/#website\"},\"primaryImageOfPage\":{\"@id\":\"https:\\\/\\\/protectglobal.com\\\/de\\\/product\\\/protect-unibuscard\\\/#primaryimage\"},\"image\":{\"@id\":\"https:\\\/\\\/protectglobal.com\\\/de\\\/product\\\/protect-unibuscard\\\/#primaryimage\"},\"thumbnailUrl\":\"https:\\\/\\\/protectglobal.com\\\/wp-content\\\/uploads\\\/2024\\\/03\\\/unibuscard-1.png\",\"datePublished\":\"2024-03-19T12:27:09+00:00\",\"dateModified\":\"2025-02-25T10:41:18+00:00\",\"description\":\"PROTECT UniBusCard\u2122 vereint alle Vorteile von IntelliBox\u2122 und IntelliSuite\u2122 in der Alarmanlage des Geb\u00e4udes.\",\"breadcrumb\":{\"@id\":\"https:\\\/\\\/protectglobal.com\\\/de\\\/product\\\/protect-unibuscard\\\/#breadcrumb\"},\"inLanguage\":\"de\",\"potentialAction\":[{\"@type\":\"ReadAction\",\"target\":[\"https:\\\/\\\/protectglobal.com\\\/de\\\/product\\\/protect-unibuscard\\\/\"]}]},{\"@type\":\"ImageObject\",\"inLanguage\":\"de\",\"@id\":\"https:\\\/\\\/protectglobal.com\\\/de\\\/product\\\/protect-unibuscard\\\/#primaryimage\",\"url\":\"https:\\\/\\\/protectglobal.com\\\/wp-content\\\/uploads\\\/2024\\\/03\\\/unibuscard-1.png\",\"contentUrl\":\"https:\\\/\\\/protectglobal.com\\\/wp-content\\\/uploads\\\/2024\\\/03\\\/unibuscard-1.png\",\"width\":326,\"height\":408,\"caption\":\"UniBusCard\"},{\"@type\":\"BreadcrumbList\",\"@id\":\"https:\\\/\\\/protectglobal.com\\\/de\\\/product\\\/protect-unibuscard\\\/#breadcrumb\",\"itemListElement\":[{\"@type\":\"ListItem\",\"position\":1,\"name\":\"Hjem\",\"item\":\"https:\\\/\\\/protectglobal.com\\\/de\\\/\"},{\"@type\":\"ListItem\",\"position\":2,\"name\":\"PROTECT UniBusCard\u2122\"}]},{\"@type\":\"WebSite\",\"@id\":\"https:\\\/\\\/protectglobal.com\\\/de\\\/#website\",\"url\":\"https:\\\/\\\/protectglobal.com\\\/de\\\/\",\"name\":\"PROTECT Fog Cannons\u2122\",\"description\":\"Buchen Sie ein unverbindliches Einf\u00fchrungsgespr\u00e4ch mit PROTECT und sehen Sie, wie unsere Nebelkanonen Ihr Unternehmen in Sekunden sch\u00fctzen. In nur 30 Minuten erkl\u00e4ren wir die Technik, passende L\u00f6sungen und beantworten Ihre Fragen.\",\"publisher\":{\"@id\":\"https:\\\/\\\/protectglobal.com\\\/de\\\/#organization\"},\"potentialAction\":[{\"@type\":\"SearchAction\",\"target\":{\"@type\":\"EntryPoint\",\"urlTemplate\":\"https:\\\/\\\/protectglobal.com\\\/de\\\/?s={search_term_string}\"},\"query-input\":{\"@type\":\"PropertyValueSpecification\",\"valueRequired\":true,\"valueName\":\"search_term_string\"}}],\"inLanguage\":\"de\"},{\"@type\":\"Organization\",\"@id\":\"https:\\\/\\\/protectglobal.com\\\/de\\\/#organization\",\"name\":\"PROTECT Fog Cannons\u2122\",\"url\":\"https:\\\/\\\/protectglobal.com\\\/de\\\/\",\"logo\":{\"@type\":\"ImageObject\",\"inLanguage\":\"de\",\"@id\":\"https:\\\/\\\/protectglobal.com\\\/de\\\/#\\\/schema\\\/logo\\\/image\\\/\",\"url\":\"https:\\\/\\\/protectglobal.com\\\/wp-content\\\/uploads\\\/2023\\\/10\\\/logo.svg\",\"contentUrl\":\"https:\\\/\\\/protectglobal.com\\\/wp-content\\\/uploads\\\/2023\\\/10\\\/logo.svg\",\"width\":90,\"height\":40,\"caption\":\"PROTECT Fog Cannons\u2122\"},\"image\":{\"@id\":\"https:\\\/\\\/protectglobal.com\\\/de\\\/#\\\/schema\\\/logo\\\/image\\\/\"},\"sameAs\":[\"https:\\\/\\\/www.facebook.com\\\/PROTECTFogCannon\\\/\",\"https:\\\/\\\/x.com\\\/PROTECTFOG\",\"https:\\\/\\\/www.linkedin.com\\\/company\\\/protect-a-s\\\/\",\"https:\\\/\\\/www.youtube.com\\\/user\\\/PROTECTFogCannon\"],\"description\":\"PROTECT\u2122 specializes in security fog solutions, protecting valuables in retail, banks, warehouses any many other industries across more than 50 countries. With over 175,000 fog cannons installed, our systems fill rooms with dense fog in seconds, deterring burglars and preventing theft. We focus on providing reliable, durable, and easy-to-install solutions for enhanced security and peace of mind.\",\"email\":\"info@protectglobal.com\",\"telephone\":\"+45 8672 1881\",\"legalName\":\"PROTECT A\\\/S\",\"foundingDate\":\"2000-09-28\",\"vatID\":\"25687272\",\"numberOfEmployees\":{\"@type\":\"QuantitativeValue\",\"minValue\":\"11\",\"maxValue\":\"50\"}}]}<\/script>\n<!-- \/ Yoast SEO Premium plugin. -->","yoast_head_json":{"title":"PROTECT UniBusCard\u2122 - Setup wird zu \"Point & Click\"","description":"PROTECT UniBusCard\u2122 vereint alle Vorteile von IntelliBox\u2122 und IntelliSuite\u2122 in der Alarmanlage des Geb\u00e4udes.","robots":{"index":"index","follow":"follow","max-snippet":"max-snippet:-1","max-image-preview":"max-image-preview:large","max-video-preview":"max-video-preview:-1"},"canonical":"https:\/\/protectglobal.com\/de\/product\/protect-unibuscard\/","og_locale":"de_DE","og_type":"article","og_title":"PROTECT UniBusCard\u2122","og_description":"PROTECT UniBusCard\u2122 vereint alle Vorteile von IntelliBox\u2122 und IntelliSuite\u2122 in der Alarmanlage des Geb\u00e4udes.","og_url":"https:\/\/protectglobal.com\/de\/product\/protect-unibuscard\/","og_site_name":"PROTECT Nebelkanonen\u2122","article_publisher":"https:\/\/www.facebook.com\/PROTECTFogCannon\/","article_modified_time":"2025-02-25T10:41:18+00:00","og_image":[{"width":326,"height":408,"url":"https:\/\/protectglobal.com\/wp-content\/uploads\/2024\/03\/unibuscard-1.png","type":"image\/png"}],"twitter_card":"summary_large_image","twitter_site":"@PROTECTFOG","twitter_misc":{"Gesch\u00e4tzte Lesezeit":"1\u00a0Minute"},"schema":{"@context":"https:\/\/schema.org","@graph":[{"@type":"WebPage","@id":"https:\/\/protectglobal.com\/de\/product\/protect-unibuscard\/","url":"https:\/\/protectglobal.com\/de\/product\/protect-unibuscard\/","name":"PROTECT UniBusCard\u2122 - Setup wird zu \"Point & Click\"","isPartOf":{"@id":"https:\/\/protectglobal.com\/de\/#website"},"primaryImageOfPage":{"@id":"https:\/\/protectglobal.com\/de\/product\/protect-unibuscard\/#primaryimage"},"image":{"@id":"https:\/\/protectglobal.com\/de\/product\/protect-unibuscard\/#primaryimage"},"thumbnailUrl":"https:\/\/protectglobal.com\/wp-content\/uploads\/2024\/03\/unibuscard-1.png","datePublished":"2024-03-19T12:27:09+00:00","dateModified":"2025-02-25T10:41:18+00:00","description":"PROTECT UniBusCard\u2122 vereint alle Vorteile von IntelliBox\u2122 und IntelliSuite\u2122 in der Alarmanlage des Geb\u00e4udes.","breadcrumb":{"@id":"https:\/\/protectglobal.com\/de\/product\/protect-unibuscard\/#breadcrumb"},"inLanguage":"de","potentialAction":[{"@type":"ReadAction","target":["https:\/\/protectglobal.com\/de\/product\/protect-unibuscard\/"]}]},{"@type":"ImageObject","inLanguage":"de","@id":"https:\/\/protectglobal.com\/de\/product\/protect-unibuscard\/#primaryimage","url":"https:\/\/protectglobal.com\/wp-content\/uploads\/2024\/03\/unibuscard-1.png","contentUrl":"https:\/\/protectglobal.com\/wp-content\/uploads\/2024\/03\/unibuscard-1.png","width":326,"height":408,"caption":"UniBusCard"},{"@type":"BreadcrumbList","@id":"https:\/\/protectglobal.com\/de\/product\/protect-unibuscard\/#breadcrumb","itemListElement":[{"@type":"ListItem","position":1,"name":"Hjem","item":"https:\/\/protectglobal.com\/de\/"},{"@type":"ListItem","position":2,"name":"PROTECT UniBusCard\u2122"}]},{"@type":"WebSite","@id":"https:\/\/protectglobal.com\/de\/#website","url":"https:\/\/protectglobal.com\/de\/","name":"PROTECT Fog Cannons\u2122","description":"Buchen Sie ein unverbindliches Einf\u00fchrungsgespr\u00e4ch mit PROTECT und sehen Sie, wie unsere Nebelkanonen Ihr Unternehmen in Sekunden sch\u00fctzen. In nur 30 Minuten erkl\u00e4ren wir die Technik, passende L\u00f6sungen und beantworten Ihre Fragen.","publisher":{"@id":"https:\/\/protectglobal.com\/de\/#organization"},"potentialAction":[{"@type":"SearchAction","target":{"@type":"EntryPoint","urlTemplate":"https:\/\/protectglobal.com\/de\/?s={search_term_string}"},"query-input":{"@type":"PropertyValueSpecification","valueRequired":true,"valueName":"search_term_string"}}],"inLanguage":"de"},{"@type":"Organization","@id":"https:\/\/protectglobal.com\/de\/#organization","name":"PROTECT Fog Cannons\u2122","url":"https:\/\/protectglobal.com\/de\/","logo":{"@type":"ImageObject","inLanguage":"de","@id":"https:\/\/protectglobal.com\/de\/#\/schema\/logo\/image\/","url":"https:\/\/protectglobal.com\/wp-content\/uploads\/2023\/10\/logo.svg","contentUrl":"https:\/\/protectglobal.com\/wp-content\/uploads\/2023\/10\/logo.svg","width":90,"height":40,"caption":"PROTECT Fog Cannons\u2122"},"image":{"@id":"https:\/\/protectglobal.com\/de\/#\/schema\/logo\/image\/"},"sameAs":["https:\/\/www.facebook.com\/PROTECTFogCannon\/","https:\/\/x.com\/PROTECTFOG","https:\/\/www.linkedin.com\/company\/protect-a-s\/","https:\/\/www.youtube.com\/user\/PROTECTFogCannon"],"description":"PROTECT\u2122 specializes in security fog solutions, protecting valuables in retail, banks, warehouses any many other industries across more than 50 countries. With over 175,000 fog cannons installed, our systems fill rooms with dense fog in seconds, deterring burglars and preventing theft. We focus on providing reliable, durable, and easy-to-install solutions for enhanced security and peace of mind.","email":"info@protectglobal.com","telephone":"+45 8672 1881","legalName":"PROTECT A\/S","foundingDate":"2000-09-28","vatID":"25687272","numberOfEmployees":{"@type":"QuantitativeValue","minValue":"11","maxValue":"50"}}]}},"_links":{"self":[{"href":"https:\/\/protectglobal.com\/de\/wp-json\/wp\/v2\/product\/5269","targetHints":{"allow":["GET"]}}],"collection":[{"href":"https:\/\/protectglobal.com\/de\/wp-json\/wp\/v2\/product"}],"about":[{"href":"https:\/\/protectglobal.com\/de\/wp-json\/wp\/v2\/types\/product"}],"wp:featuredmedia":[{"embeddable":true,"href":"https:\/\/protectglobal.com\/de\/wp-json\/wp\/v2\/media\/8249"}],"wp:attachment":[{"href":"https:\/\/protectglobal.com\/de\/wp-json\/wp\/v2\/media?parent=5269"}],"wp:term":[{"taxonomy":"product-category","embeddable":true,"href":"https:\/\/protectglobal.com\/de\/wp-json\/wp\/v2\/product-category?post=5269"}],"curies":[{"name":"wp","href":"https:\/\/api.w.org\/{rel}","templated":true}]}}