{"id":5255,"date":"2024-03-19T10:39:06","date_gmt":"2024-03-19T10:39:06","guid":{"rendered":"https:\/\/protectglobal.com\/?post_type=product&#038;p=5255"},"modified":"2025-02-25T10:36:25","modified_gmt":"2025-02-25T10:36:25","slug":"protect-ajax-bereit","status":"publish","type":"product","link":"https:\/\/protectglobal.com\/de\/product\/protect-ajax-bereit\/","title":{"rendered":"PROTECT Ajax Bereit"},"content":{"rendered":"\n\n<section class=\"content-toggle-block custom-block black py-5\" style=\"\">\n    <section class=\"py-xxl-5 py-5\">\n                <div class=\"switchable-content\">\n            <!-- Content option 1 -->\n                                                                <div class=\"content-option option-1 container\" aria-hidden=\"false\">\n                        <section class=\"row gap-lg-5\">\n                                                            <section class=\"column-1 col-12 col-lg mb-5 mb-lg-0\">\n                                    <blockquote class=\"mb-4 h2 font-white\"><h2>Wir stellen die <span style=\"color: #3f75ff;\">PROTECT Ajax Ready<\/span> Nebelkanonen vor<\/h2>\n<\/blockquote>\n                                    <blockquote class=\"mb-5 fs-6 body-text font-white\"><p>Die PROTECT\u2122 Ajax Ready Nebelkanonen sind der neueste Stand der Sicherheitstechnologie und lassen sich einfach in das Ajax Sicherheitssystem integrieren. Diese innovative L\u00f6sung, deren Kernst\u00fcck die drahtlosen Funktionen sind, erm\u00f6glicht es Anwendern und Installateuren, alle Sicherheitskontrollen \u00fcber ein einziges Ger\u00e4t zu verwalten.<\/p>\n<p>&nbsp;<\/p>\n<p>Stellen Sie sich vor, Sie k\u00f6nnten Ihre PROTECT\u2122 Nebelkanone direkt \u00fcber die Ajax App steuern und gleichzeitig andere Ajax Sicherheitsl\u00f6sungen verwalten &#8211; direkt von Ihrem Smartphone aus.<\/p>\n<\/blockquote>\n                                    \n                                                                    <\/section>\n                                                                                            <section class=\"col-lg col-12 column-2 \">\n                                    <section class=\"accordion\">\n                                                                                    <div class=\"acc-item d-flex flex-column gap-3 pb-3 \">\n                                                <button class=\"acc-button w-100 text-start p-0 d-flex justify-content-between \">\n                                                    <h4 class=\"mb-0 fs-5\">M\u00fchelose Konfiguration<\/h4>\n                                                    <svg class=\"acc-icon\" width=\"20\" height=\"20\" viewBox=\"0 0 20 20\" fill=\"none\" xmlns=\"http:\/\/www.w3.org\/2000\/svg\">\n                                                        <g clip-path=\"url(#clip0_2099_15870)\">\n                                                            <rect x=\"24.1421\" y=\"-2.28516\" width=\"5\" height=\"25\" transform=\"rotate(45 24.1421 -2.28516)\" fill=\"#DCDCDC\"\/>\n                                                            <rect x=\"-7.67773\" y=\"1.25\" width=\"5\" height=\"17.5\" transform=\"rotate(-45 -7.67773 1.25)\" fill=\"#DCDCDC\"\/>\n                                                        <\/g>\n                                                        <defs>\n                                                            <clipPath id=\"clip0_2099_15870\">\n                                                                <rect width=\"20\" height=\"20\" fill=\"white\" transform=\"translate(20) rotate(90)\"\/>\n                                                            <\/clipPath>\n                                                        <\/defs>\n                                                    <\/svg>\n                                                <\/button>\n                                                <div class=\"acc-content \" aria-hidden=\"true\">\n                                                    <blockquote class=\"body-text font-white\"><p>Die Konfiguration Ihrer PROTECT\u2122 Nebelkanone\u2122 war noch nie so einfach &#8211; in nur zwei Minuten k\u00f6nnen Sie Ihre bevorzugten Einstellungen ausw\u00e4hlen und anpassen und so sicherstellen, dass Ihr Sicherheitssystem genau nach Ihren Vorgaben funktioniert.<\/p>\n<p>&nbsp;<\/p>\n<p>Ajax Ready bietet fortschrittliche Technologie in einer benutzerfreundlichen Oberfl\u00e4che, die so konzipiert ist, dass sie Ihre spezifischen Sicherheitsbed\u00fcrfnisse problemlos erf\u00fcllt.<\/p>\n<\/blockquote>\n                                                <\/div>\n                                            <\/div>\n                                                                                    <div class=\"acc-item d-flex flex-column gap-3 pb-3 \">\n                                                <button class=\"acc-button w-100 text-start p-0 d-flex justify-content-between \">\n                                                    <h4 class=\"mb-0 fs-5\">Kompletter Einbausatz<\/h4>\n                                                    <svg class=\"acc-icon\" width=\"20\" height=\"20\" viewBox=\"0 0 20 20\" fill=\"none\" xmlns=\"http:\/\/www.w3.org\/2000\/svg\">\n                                                        <g clip-path=\"url(#clip0_2099_15870)\">\n                                                            <rect x=\"24.1421\" y=\"-2.28516\" width=\"5\" height=\"25\" transform=\"rotate(45 24.1421 -2.28516)\" fill=\"#DCDCDC\"\/>\n                                                            <rect x=\"-7.67773\" y=\"1.25\" width=\"5\" height=\"17.5\" transform=\"rotate(-45 -7.67773 1.25)\" fill=\"#DCDCDC\"\/>\n                                                        <\/g>\n                                                        <defs>\n                                                            <clipPath id=\"clip0_2099_15870\">\n                                                                <rect width=\"20\" height=\"20\" fill=\"white\" transform=\"translate(20) rotate(90)\"\/>\n                                                            <\/clipPath>\n                                                        <\/defs>\n                                                    <\/svg>\n                                                <\/button>\n                                                <div class=\"acc-content \" aria-hidden=\"true\">\n                                                    <blockquote class=\"body-text font-white\"><p>Das PROTECT\u2122 Ajax Ready Kit ist ein komplettes Paket, das alle notwendigen Komponenten f\u00fcr die Installation in Ihrer Nebelkanone enth\u00e4lt. Das Kit enth\u00e4lt zwei Ajax-Relais, eine DIN-Schiene, eine DIN-Halterung und Ajax-Kabel, was eine unkomplizierte Installation gew\u00e4hrleistet.<\/p>\n<p>&nbsp;<\/p>\n<p>F\u00fcr zus\u00e4tzlichen Komfort bietet PROTECT\u2122 die M\u00f6glichkeit, das Ajax Ready Kit bereits in den Nebelkanonen vorinstalliert zu haben, was den Einrichtungsprozess noch weiter vereinfacht.<\/p>\n<p>&nbsp;<\/p>\n<p>Mit diesen Funktionen erh\u00f6hen die PROTECT\u2122 Ajax Ready Nebelkanonen nicht nur die Sicherheit, sondern vereinfachen auch die Art und Weise, wie Sie Ihre Schutzma\u00dfnahmen kontrollieren und konfigurieren, und bieten eine robuste, integrierte L\u00f6sung f\u00fcr moderne Sicherheitsanforderungen.<\/p>\n<\/blockquote>\n                                                <\/div>\n                                            <\/div>\n                                                                            <\/section>\n                                <\/section>\n                                                    <\/section>\n                    <\/div>\n                                        <!-- Content option 2 -->\n                    <\/div>\n    <\/section>\n<\/section>\n\n\n\n\n\n\n\n    <div class=\"two-column-list-block white-bg custom-block p-3 py-5 p-3\" style=\"\">\n        <section class=\"list-columns-wrapper container \" data-aos=\"fade-in\">\n\n\t\t\t\t\t\t\t<div class=\"font-dark mb-4\"><h2><span style=\"color: #3f75ff;\">Aktivieren Sie <\/span>Ihre Ajax Ready Nebelkanone drahtlos mit einer von vier Methoden*<\/h2>\n<\/div>\n\t\t\t\n\t\t\t<blockquote class=\"d-lg-flex flex-row-reverse justify-content-between\">\n\n                <div class=\"list-col-1\">\n                                                <ul class=\"m-0 p-0\">\n                                \n                                    <li class=\"font-dark check custom-list\"><p>Panik-Tasten: Aktivieren Sie den Nebel und sichern Sie Ihren Raum in Sekundenschnelle mit einem einfachen Klick. Diese Tasten wurden entwickelt, um eine versehentliche Aktivierung zu verhindern und bieten eine einfache und schnelle Reaktion, wenn Sie sich in Gefahr f\u00fchlen.<\/p>\n<\/li>\n\n                                \n                                    <li class=\"font-dark check custom-list\"><p>Ajax App: Aktivieren Sie Ihre PROTECT\u2122 Nebelkanone m\u00fchelos \u00fcber die Ajax App. Mit einem einfachen Fingertipp auf Ihrem Telefon k\u00f6nnen Sie Ihre Umgebung im Handumdrehen sichern.<\/p>\n<\/li>\n\n                                \n                                    <li class=\"font-dark exclaim custom-list\"><p>*Erfordert eine Alarmzentrale f\u00fcr die Integration mit Ajax Erkennung von Eindringlingen<\/p>\n<\/li>\n\n                                                            <\/ul>\n                        \n\n                                    <\/div>\n                <div class=\"list-col-2\">\n                                                <ul class=\"m-0 p-0\">\n                                \n                                    <li class=\"font-dark check custom-list\"><p>\u00d6ffnungsdetektoren: Sch\u00fctzen Sie Ihr Eigentum, wenn T\u00fcren oder Fenster von ungebetenen G\u00e4sten ge\u00f6ffnet werden oder wenn sie zum L\u00fcften offen gelassen werden.<br \/>\nDer Detektor erkennt, wenn er aus seiner Position bewegt wird. <\/p>\n<\/li>\n\n                                \n                                    <li class=\"font-dark check custom-list\"><p>Glasbruchdetektoren: Sichern Sie Ihre R\u00e4ume mit einem drahtlosen System, das das Ger\u00e4usch von zerbrechendem Glas in bis zu 9 Metern Entfernung erkennt, ohne Fehlalarme auszul\u00f6sen.<\/p>\n<\/li>\n\n                                \n                                    <li class=\"font-dark check custom-list\"><p>Bewegungsdetektoren: W\u00e4hlen Sie zwischen Ajax Bewegungsmeldern f\u00fcr den Innen- und Au\u00dfenbereich, mit oder ohne Kamera, um Eindringlinge zu erkennen und das Nebelsystem auszul\u00f6sen.<br \/>\nDie Kameraoptionen erm\u00f6glichen eine schnelle \u00dcberpr\u00fcfung von Fehlalarmen. <\/p>\n<\/li>\n\n                                                            <\/ul>\n                        \n\n                                    <\/div>\n\n\n            <\/blockquote>\n\n        <\/section>\n    <\/div>\n\n\n","protected":false},"featured_media":22884,"template":"","meta":{"_acf_changed":true,"inline_featured_image":false},"product-category":[92],"class_list":["post-5255","product","type-product","status-publish","has-post-thumbnail","hentry","product-category-nebelkanone"],"acf":[],"yoast_head":"<!-- This site is optimized with the Yoast SEO Premium plugin v27.3 (Yoast SEO v27.3) - https:\/\/yoast.com\/product\/yoast-seo-premium-wordpress\/ -->\n<title>PROTECT Ajax Ready - Drahtlose Integration von Nebelkanonen<\/title>\n<meta name=\"description\" content=\"Integrieren und steuern Sie Ihre Nebelkanone mit dem Ajax-System \u00fcber die Ajax App, mit einfacher Einrichtung und Installationskit.\" \/>\n<meta name=\"robots\" content=\"index, follow, max-snippet:-1, max-image-preview:large, max-video-preview:-1\" \/>\n<link rel=\"canonical\" href=\"https:\/\/protectglobal.com\/de\/product\/protect-ajax-bereit\/\" \/>\n<meta property=\"og:locale\" content=\"de_DE\" \/>\n<meta property=\"og:type\" content=\"article\" \/>\n<meta property=\"og:title\" content=\"PROTECT Ajax Bereit\" \/>\n<meta property=\"og:description\" content=\"Integrieren und steuern Sie Ihre Nebelkanone mit dem Ajax-System \u00fcber die Ajax App, mit einfacher Einrichtung und Installationskit.\" \/>\n<meta property=\"og:url\" content=\"https:\/\/protectglobal.com\/de\/product\/protect-ajax-bereit\/\" \/>\n<meta property=\"og:site_name\" content=\"PROTECT Nebelkanonen\u2122\" \/>\n<meta property=\"article:publisher\" content=\"https:\/\/www.facebook.com\/PROTECTFogCannon\/\" \/>\n<meta property=\"article:modified_time\" content=\"2025-02-25T10:36:25+00:00\" \/>\n<meta property=\"og:image\" content=\"https:\/\/protectglobal.com\/wp-content\/uploads\/2024\/03\/ajax-ready.jpg\" \/>\n\t<meta property=\"og:image:width\" content=\"326\" \/>\n\t<meta property=\"og:image:height\" content=\"408\" \/>\n\t<meta property=\"og:image:type\" content=\"image\/jpeg\" \/>\n<meta name=\"twitter:card\" content=\"summary_large_image\" \/>\n<meta name=\"twitter:site\" content=\"@PROTECTFOG\" \/>\n<meta name=\"twitter:label1\" content=\"Gesch\u00e4tzte Lesezeit\" \/>\n\t<meta name=\"twitter:data1\" content=\"1\u00a0Minute\" \/>\n<script type=\"application\/ld+json\" class=\"yoast-schema-graph\">{\"@context\":\"https:\\\/\\\/schema.org\",\"@graph\":[{\"@type\":\"WebPage\",\"@id\":\"https:\\\/\\\/protectglobal.com\\\/de\\\/product\\\/protect-ajax-bereit\\\/\",\"url\":\"https:\\\/\\\/protectglobal.com\\\/de\\\/product\\\/protect-ajax-bereit\\\/\",\"name\":\"PROTECT Ajax Ready - Drahtlose Integration von Nebelkanonen\",\"isPartOf\":{\"@id\":\"https:\\\/\\\/protectglobal.com\\\/de\\\/#website\"},\"primaryImageOfPage\":{\"@id\":\"https:\\\/\\\/protectglobal.com\\\/de\\\/product\\\/protect-ajax-bereit\\\/#primaryimage\"},\"image\":{\"@id\":\"https:\\\/\\\/protectglobal.com\\\/de\\\/product\\\/protect-ajax-bereit\\\/#primaryimage\"},\"thumbnailUrl\":\"https:\\\/\\\/protectglobal.com\\\/wp-content\\\/uploads\\\/2024\\\/03\\\/ajax-ready.jpg\",\"datePublished\":\"2024-03-19T10:39:06+00:00\",\"dateModified\":\"2025-02-25T10:36:25+00:00\",\"description\":\"Integrieren und steuern Sie Ihre Nebelkanone mit dem Ajax-System \u00fcber die Ajax App, mit einfacher Einrichtung und Installationskit.\",\"breadcrumb\":{\"@id\":\"https:\\\/\\\/protectglobal.com\\\/de\\\/product\\\/protect-ajax-bereit\\\/#breadcrumb\"},\"inLanguage\":\"de\",\"potentialAction\":[{\"@type\":\"ReadAction\",\"target\":[\"https:\\\/\\\/protectglobal.com\\\/de\\\/product\\\/protect-ajax-bereit\\\/\"]}]},{\"@type\":\"ImageObject\",\"inLanguage\":\"de\",\"@id\":\"https:\\\/\\\/protectglobal.com\\\/de\\\/product\\\/protect-ajax-bereit\\\/#primaryimage\",\"url\":\"https:\\\/\\\/protectglobal.com\\\/wp-content\\\/uploads\\\/2024\\\/03\\\/ajax-ready.jpg\",\"contentUrl\":\"https:\\\/\\\/protectglobal.com\\\/wp-content\\\/uploads\\\/2024\\\/03\\\/ajax-ready.jpg\",\"width\":326,\"height\":408},{\"@type\":\"BreadcrumbList\",\"@id\":\"https:\\\/\\\/protectglobal.com\\\/de\\\/product\\\/protect-ajax-bereit\\\/#breadcrumb\",\"itemListElement\":[{\"@type\":\"ListItem\",\"position\":1,\"name\":\"Hjem\",\"item\":\"https:\\\/\\\/protectglobal.com\\\/de\\\/\"},{\"@type\":\"ListItem\",\"position\":2,\"name\":\"PROTECT Ajax Bereit\"}]},{\"@type\":\"WebSite\",\"@id\":\"https:\\\/\\\/protectglobal.com\\\/de\\\/#website\",\"url\":\"https:\\\/\\\/protectglobal.com\\\/de\\\/\",\"name\":\"PROTECT Fog Cannons\u2122\",\"description\":\"Buchen Sie ein unverbindliches Einf\u00fchrungsgespr\u00e4ch mit PROTECT und sehen Sie, wie unsere Nebelkanonen Ihr Unternehmen in Sekunden sch\u00fctzen. In nur 30 Minuten erkl\u00e4ren wir die Technik, passende L\u00f6sungen und beantworten Ihre Fragen.\",\"publisher\":{\"@id\":\"https:\\\/\\\/protectglobal.com\\\/de\\\/#organization\"},\"potentialAction\":[{\"@type\":\"SearchAction\",\"target\":{\"@type\":\"EntryPoint\",\"urlTemplate\":\"https:\\\/\\\/protectglobal.com\\\/de\\\/?s={search_term_string}\"},\"query-input\":{\"@type\":\"PropertyValueSpecification\",\"valueRequired\":true,\"valueName\":\"search_term_string\"}}],\"inLanguage\":\"de\"},{\"@type\":\"Organization\",\"@id\":\"https:\\\/\\\/protectglobal.com\\\/de\\\/#organization\",\"name\":\"PROTECT Fog Cannons\u2122\",\"url\":\"https:\\\/\\\/protectglobal.com\\\/de\\\/\",\"logo\":{\"@type\":\"ImageObject\",\"inLanguage\":\"de\",\"@id\":\"https:\\\/\\\/protectglobal.com\\\/de\\\/#\\\/schema\\\/logo\\\/image\\\/\",\"url\":\"https:\\\/\\\/protectglobal.com\\\/wp-content\\\/uploads\\\/2023\\\/10\\\/logo.svg\",\"contentUrl\":\"https:\\\/\\\/protectglobal.com\\\/wp-content\\\/uploads\\\/2023\\\/10\\\/logo.svg\",\"width\":90,\"height\":40,\"caption\":\"PROTECT Fog Cannons\u2122\"},\"image\":{\"@id\":\"https:\\\/\\\/protectglobal.com\\\/de\\\/#\\\/schema\\\/logo\\\/image\\\/\"},\"sameAs\":[\"https:\\\/\\\/www.facebook.com\\\/PROTECTFogCannon\\\/\",\"https:\\\/\\\/x.com\\\/PROTECTFOG\",\"https:\\\/\\\/www.linkedin.com\\\/company\\\/protect-a-s\\\/\",\"https:\\\/\\\/www.youtube.com\\\/user\\\/PROTECTFogCannon\"],\"description\":\"PROTECT\u2122 specializes in security fog solutions, protecting valuables in retail, banks, warehouses any many other industries across more than 50 countries. With over 175,000 fog cannons installed, our systems fill rooms with dense fog in seconds, deterring burglars and preventing theft. We focus on providing reliable, durable, and easy-to-install solutions for enhanced security and peace of mind.\",\"email\":\"info@protectglobal.com\",\"telephone\":\"+45 8672 1881\",\"legalName\":\"PROTECT A\\\/S\",\"foundingDate\":\"2000-09-28\",\"vatID\":\"25687272\",\"numberOfEmployees\":{\"@type\":\"QuantitativeValue\",\"minValue\":\"11\",\"maxValue\":\"50\"}}]}<\/script>\n<!-- \/ Yoast SEO Premium plugin. -->","yoast_head_json":{"title":"PROTECT Ajax Ready - Drahtlose Integration von Nebelkanonen","description":"Integrieren und steuern Sie Ihre Nebelkanone mit dem Ajax-System \u00fcber die Ajax App, mit einfacher Einrichtung und Installationskit.","robots":{"index":"index","follow":"follow","max-snippet":"max-snippet:-1","max-image-preview":"max-image-preview:large","max-video-preview":"max-video-preview:-1"},"canonical":"https:\/\/protectglobal.com\/de\/product\/protect-ajax-bereit\/","og_locale":"de_DE","og_type":"article","og_title":"PROTECT Ajax Bereit","og_description":"Integrieren und steuern Sie Ihre Nebelkanone mit dem Ajax-System \u00fcber die Ajax App, mit einfacher Einrichtung und Installationskit.","og_url":"https:\/\/protectglobal.com\/de\/product\/protect-ajax-bereit\/","og_site_name":"PROTECT Nebelkanonen\u2122","article_publisher":"https:\/\/www.facebook.com\/PROTECTFogCannon\/","article_modified_time":"2025-02-25T10:36:25+00:00","og_image":[{"width":326,"height":408,"url":"https:\/\/protectglobal.com\/wp-content\/uploads\/2024\/03\/ajax-ready.jpg","type":"image\/jpeg"}],"twitter_card":"summary_large_image","twitter_site":"@PROTECTFOG","twitter_misc":{"Gesch\u00e4tzte Lesezeit":"1\u00a0Minute"},"schema":{"@context":"https:\/\/schema.org","@graph":[{"@type":"WebPage","@id":"https:\/\/protectglobal.com\/de\/product\/protect-ajax-bereit\/","url":"https:\/\/protectglobal.com\/de\/product\/protect-ajax-bereit\/","name":"PROTECT Ajax Ready - Drahtlose Integration von Nebelkanonen","isPartOf":{"@id":"https:\/\/protectglobal.com\/de\/#website"},"primaryImageOfPage":{"@id":"https:\/\/protectglobal.com\/de\/product\/protect-ajax-bereit\/#primaryimage"},"image":{"@id":"https:\/\/protectglobal.com\/de\/product\/protect-ajax-bereit\/#primaryimage"},"thumbnailUrl":"https:\/\/protectglobal.com\/wp-content\/uploads\/2024\/03\/ajax-ready.jpg","datePublished":"2024-03-19T10:39:06+00:00","dateModified":"2025-02-25T10:36:25+00:00","description":"Integrieren und steuern Sie Ihre Nebelkanone mit dem Ajax-System \u00fcber die Ajax App, mit einfacher Einrichtung und Installationskit.","breadcrumb":{"@id":"https:\/\/protectglobal.com\/de\/product\/protect-ajax-bereit\/#breadcrumb"},"inLanguage":"de","potentialAction":[{"@type":"ReadAction","target":["https:\/\/protectglobal.com\/de\/product\/protect-ajax-bereit\/"]}]},{"@type":"ImageObject","inLanguage":"de","@id":"https:\/\/protectglobal.com\/de\/product\/protect-ajax-bereit\/#primaryimage","url":"https:\/\/protectglobal.com\/wp-content\/uploads\/2024\/03\/ajax-ready.jpg","contentUrl":"https:\/\/protectglobal.com\/wp-content\/uploads\/2024\/03\/ajax-ready.jpg","width":326,"height":408},{"@type":"BreadcrumbList","@id":"https:\/\/protectglobal.com\/de\/product\/protect-ajax-bereit\/#breadcrumb","itemListElement":[{"@type":"ListItem","position":1,"name":"Hjem","item":"https:\/\/protectglobal.com\/de\/"},{"@type":"ListItem","position":2,"name":"PROTECT Ajax Bereit"}]},{"@type":"WebSite","@id":"https:\/\/protectglobal.com\/de\/#website","url":"https:\/\/protectglobal.com\/de\/","name":"PROTECT Fog Cannons\u2122","description":"Buchen Sie ein unverbindliches Einf\u00fchrungsgespr\u00e4ch mit PROTECT und sehen Sie, wie unsere Nebelkanonen Ihr Unternehmen in Sekunden sch\u00fctzen. In nur 30 Minuten erkl\u00e4ren wir die Technik, passende L\u00f6sungen und beantworten Ihre Fragen.","publisher":{"@id":"https:\/\/protectglobal.com\/de\/#organization"},"potentialAction":[{"@type":"SearchAction","target":{"@type":"EntryPoint","urlTemplate":"https:\/\/protectglobal.com\/de\/?s={search_term_string}"},"query-input":{"@type":"PropertyValueSpecification","valueRequired":true,"valueName":"search_term_string"}}],"inLanguage":"de"},{"@type":"Organization","@id":"https:\/\/protectglobal.com\/de\/#organization","name":"PROTECT Fog Cannons\u2122","url":"https:\/\/protectglobal.com\/de\/","logo":{"@type":"ImageObject","inLanguage":"de","@id":"https:\/\/protectglobal.com\/de\/#\/schema\/logo\/image\/","url":"https:\/\/protectglobal.com\/wp-content\/uploads\/2023\/10\/logo.svg","contentUrl":"https:\/\/protectglobal.com\/wp-content\/uploads\/2023\/10\/logo.svg","width":90,"height":40,"caption":"PROTECT Fog Cannons\u2122"},"image":{"@id":"https:\/\/protectglobal.com\/de\/#\/schema\/logo\/image\/"},"sameAs":["https:\/\/www.facebook.com\/PROTECTFogCannon\/","https:\/\/x.com\/PROTECTFOG","https:\/\/www.linkedin.com\/company\/protect-a-s\/","https:\/\/www.youtube.com\/user\/PROTECTFogCannon"],"description":"PROTECT\u2122 specializes in security fog solutions, protecting valuables in retail, banks, warehouses any many other industries across more than 50 countries. With over 175,000 fog cannons installed, our systems fill rooms with dense fog in seconds, deterring burglars and preventing theft. We focus on providing reliable, durable, and easy-to-install solutions for enhanced security and peace of mind.","email":"info@protectglobal.com","telephone":"+45 8672 1881","legalName":"PROTECT A\/S","foundingDate":"2000-09-28","vatID":"25687272","numberOfEmployees":{"@type":"QuantitativeValue","minValue":"11","maxValue":"50"}}]}},"_links":{"self":[{"href":"https:\/\/protectglobal.com\/de\/wp-json\/wp\/v2\/product\/5255","targetHints":{"allow":["GET"]}}],"collection":[{"href":"https:\/\/protectglobal.com\/de\/wp-json\/wp\/v2\/product"}],"about":[{"href":"https:\/\/protectglobal.com\/de\/wp-json\/wp\/v2\/types\/product"}],"wp:featuredmedia":[{"embeddable":true,"href":"https:\/\/protectglobal.com\/de\/wp-json\/wp\/v2\/media\/22884"}],"wp:attachment":[{"href":"https:\/\/protectglobal.com\/de\/wp-json\/wp\/v2\/media?parent=5255"}],"wp:term":[{"taxonomy":"product-category","embeddable":true,"href":"https:\/\/protectglobal.com\/de\/wp-json\/wp\/v2\/product-category?post=5255"}],"curies":[{"name":"wp","href":"https:\/\/api.w.org\/{rel}","templated":true}]}}