{"id":26548,"date":"2024-11-21T09:33:39","date_gmt":"2024-11-21T09:33:39","guid":{"rendered":"https:\/\/protectglobal.com\/protect-e-learning\/"},"modified":"2025-02-14T11:47:45","modified_gmt":"2025-02-14T11:47:45","slug":"protect-e-learning","status":"publish","type":"page","link":"https:\/\/protectglobal.com\/de\/protect-e-learning\/","title":{"rendered":"PROTECT E-learning"},"content":{"rendered":"\n    \n    <section id=\"contact-form\" class=\"py-5 contact-form-block\">\n        <div class=\"container mt-5\" data-aos=\"fade-in\">\n            <div class=\"row d-flex justify-content-center overflow-section \">\n                <div class=\"col-12 col-lg-11 col-xl-11 col-xl-9\">\n                    <div class=\"row\">\n                        <div class=\"col-lg-12 col-sm-12 col-sm-7 col-xxl-12 mb-5\">\n                            <div class=\"background box-shadow-form dark-grey h-100 p-4 p-xl-5 position-relative rounded-4 text-white\">\n                                <div class=\"action-icon\"><\/div>\n                                <h1>Anmeldung zum <span style=\"color: #3f75ff;\">PROTECT E-Learning<\/span><\/h1>\n<p>PROTECT\u2122 bietet ein kostenloses professionelles Schulungsprogramm f\u00fcr alle registrierten Alarminstallateure unserer Nebelkanonen weltweit.<\/p>\n<p>&nbsp;<\/p>\n<p>Unsere E-Learning-Plattform kombiniert ansprechende Video-Tutorials ohne gesprochene Kommentare mit interaktiven Multiple-Choice-Fragen. Zus\u00e4tzliche Lernressourcen, wie z. B. Handb\u00fccher und Messleitf\u00e4den, sind auf der Plattform leicht zug\u00e4nglich, um Sie beim Lernen zu unterst\u00fctzen.<\/p>\n<p>&nbsp;<\/p>\n<p>Derzeit bieten wir drei verschiedene Kurse an, die jeweils mit einem Multiple-Choice-Test abschlie\u00dfen:<\/p>\n<p>&nbsp;<\/p>\n<ul>\n<li>Kurs 1: Einfache Installation<\/li>\n<li>Kurs 2: Intelli-Produkte<\/li>\n<li>Kurs 3: PROTECT\u2122 API &amp; PROTECT IntelliCloud\u2122<\/li>\n<\/ul>\n<p>&nbsp;<\/p>\n<div class=\"ctbEditorText\">\n<h2>Warum E-Learning?<\/h2>\n<p>E-Learning bietet unvergleichliche Flexibilit\u00e4t &#8211; lernen Sie in Ihrem eigenen Tempo, jederzeit und \u00fcberall. Es gibt keine zeitliche Begrenzung f\u00fcr den Abschluss des Kurses, so dass Sie nach Ihrem eigenen Zeitplan vorgehen k\u00f6nnen.<\/p>\n<p>&nbsp;<\/p>\n<p>Durch die Teilnahme an diesen Kursen verbessern Sie Ihr Fachwissen \u00fcber die Installation und den Einsatz von Nebelkanonen und sorgen so f\u00fcr mehr Sicherheit, Qualit\u00e4t und Glaubw\u00fcrdigkeit bei Ihren Kunden. Au\u00dferdem entwickeln Sie ein tieferes Verst\u00e4ndnis f\u00fcr Sicherheitsnebelsysteme und k\u00f6nnen so wertvolle Erkenntnisse mit Kollegen und Kunden teilen.<\/p>\n<p>&nbsp;<\/p>\n<p>Nach Abschluss des PROTECT\u2122 E-Learning-Kurses sind Sie in der Lage, jedes Modell aus unserem Nebelkanonen-Sortiment zu installieren. Diese Schulung entspricht den internationalen Cenelec-Standards, die vorschreiben, dass Alarmanlageninstallateure eine Unterweisung erhalten und eine Pr\u00fcfung bestehen m\u00fcssen, bevor sie Nebelmaschinen montieren d\u00fcrfen.<\/p>\n<p>&nbsp;<\/p>\n<h2>Praktische Informationen<\/h2>\n<p><span class=\"TextRun SCXW252189242 BCX0\" lang=\"EN-US\" xml:lang=\"EN-US\" data-contrast=\"auto\"><span class=\"NormalTextRun SCXW252189242 BCX0\">Jeder Kursteilnehmer muss sich durch Ausf\u00fcllen des Formulars auf dieser Seite unten anmelden. <\/span><\/span><span class=\"TextRun SCXW252189242 BCX0\" lang=\"EN-US\" xml:lang=\"EN-US\" data-contrast=\"auto\"><span class=\"NormalTextRun SCXW252189242 BCX0\">Wir senden dann jedem Teilnehmer ein eindeutiges Login und einen Link zu den Kursen.<\/span><\/span><\/p>\n<p>&nbsp;<\/p>\n<\/div>\n<div class=\"ctbWhiteSpace\"><\/div>\n<div class=\"ctbEditorText\">\n<div id=\"nf-form-13-cont\" class=\"nf-form-cont\" role=\"form\" aria-live=\"polite\" aria-labelledby=\"nf-form-title-13\" aria-describedby=\"nf-form-errors-13\">\n<div class=\"nf-form-wrap ninja-forms-form-wrap\">\n<div class=\"nf-before-form\"><em>Mit <span class=\"ninja-forms-req-symbol\">*<\/span> markierte Felder sind Pflichtfelder<\/em><\/div>\n<div><\/div>\n<\/div>\n<\/div>\n<\/div>\n\n<div class=\"wpcf7 no-js\" id=\"wpcf7-f26547-o1\" lang=\"de-DE\" dir=\"ltr\" data-wpcf7-id=\"26547\">\n<div class=\"screen-reader-response\"><p role=\"status\" aria-live=\"polite\" aria-atomic=\"true\"><\/p> <ul><\/ul><\/div>\n<form action=\"\/de\/wp-json\/wp\/v2\/pages\/26548#wpcf7-f26547-o1\" method=\"post\" class=\"wpcf7-form init\" aria-label=\"Kontaktformular\" novalidate=\"novalidate\" data-status=\"init\">\n<fieldset class=\"hidden-fields-container\"><input type=\"hidden\" name=\"_wpcf7\" value=\"26547\" \/><input type=\"hidden\" name=\"_wpcf7_version\" value=\"6.1.5\" \/><input type=\"hidden\" name=\"_wpcf7_locale\" value=\"de_DE\" \/><input type=\"hidden\" name=\"_wpcf7_unit_tag\" value=\"wpcf7-f26547-o1\" \/><input type=\"hidden\" name=\"_wpcf7_container_post\" value=\"0\" \/><input type=\"hidden\" name=\"_wpcf7_posted_data_hash\" value=\"\" \/><input type=\"hidden\" name=\"ac-tag\" value=\"\" \/><input type=\"hidden\" name=\"_wpcf7_recaptcha_response\" value=\"\" \/>\n<\/fieldset>\n<p><label> Vorname*:<br \/>\n<span class=\"wpcf7-form-control-wrap\" data-name=\"first-name\"><input size=\"40\" maxlength=\"400\" class=\"wpcf7-form-control wpcf7-text wpcf7-validates-as-required\" autocomplete=\"name\" aria-required=\"true\" aria-invalid=\"false\" value=\"\" type=\"text\" name=\"first-name\" \/><\/span> <\/label>\n<\/p>\n<p><label> Nachname*:<br \/>\n<span class=\"wpcf7-form-control-wrap\" data-name=\"last-name\"><input size=\"40\" maxlength=\"400\" class=\"wpcf7-form-control wpcf7-text wpcf7-validates-as-required\" autocomplete=\"name\" aria-required=\"true\" aria-invalid=\"false\" value=\"\" type=\"text\" name=\"last-name\" \/><\/span> <\/label>\n<\/p>\n<p><label> Firma*:<br \/>\n<span class=\"wpcf7-form-control-wrap\" data-name=\"company-name\"><input size=\"40\" maxlength=\"400\" class=\"wpcf7-form-control wpcf7-text wpcf7-validates-as-required\" autocomplete=\"name\" aria-required=\"true\" aria-invalid=\"false\" value=\"\" type=\"text\" name=\"company-name\" \/><\/span> <\/label>\n<\/p>\n<p><label> E-Mail*:<br \/>\n<span class=\"wpcf7-form-control-wrap\" data-name=\"your-email\"><input size=\"40\" maxlength=\"400\" class=\"wpcf7-form-control wpcf7-email wpcf7-validates-as-required wpcf7-text wpcf7-validates-as-email\" autocomplete=\"email\" aria-required=\"true\" aria-invalid=\"false\" value=\"\" type=\"email\" name=\"your-email\" \/><\/span> <\/label>\n<\/p>\n<p><label> Telefonnummer*:<br \/>\n<span class=\"wpcf7-form-control-wrap\" data-name=\"phone\"><input size=\"40\" maxlength=\"400\" class=\"wpcf7-form-control wpcf7-tel wpcf7-validates-as-required wpcf7-text wpcf7-validates-as-tel\" autocomplete=\"yourtelephone\" aria-required=\"true\" aria-invalid=\"false\" value=\"\" type=\"tel\" name=\"phone\" \/><\/span> <\/label>\n<\/p>\n<p><label> Land ausw\u00e4hlen*:<br \/>\n<span class=\"wpcf7-form-control-wrap\" data-name=\"country\"><select class=\"wpcf7-form-control wpcf7-select\" id=\"countries_select\" aria-invalid=\"false\" name=\"country\"><option value=\"\">&#8211; Bitte ausw\u00e4hlen &#8211;<\/option><\/select><\/span> <\/label>\n<\/p>\n<p><button class=\"button primary\" type=\"submit\">Formular abschicken<\/button>\n<\/p><div class=\"wpcf7-response-output\" aria-hidden=\"true\"><\/div>\n<\/form>\n<\/div>\n\n                            <\/div>\n                        <\/div>\n                                            <\/div>\n                <\/div>\n            <\/div>\n        <\/div>\n    <\/section>\n","protected":false},"excerpt":{"rendered":"","protected":false},"author":11,"featured_media":0,"parent":0,"menu_order":0,"comment_status":"closed","ping_status":"closed","template":"","meta":{"_acf_changed":false,"inline_featured_image":false,"footnotes":""},"class_list":["post-26548","page","type-page","status-publish","hentry"],"acf":[],"yoast_head":"<!-- This site is optimized with the Yoast SEO Premium plugin v27.3 (Yoast SEO v27.3) - https:\/\/yoast.com\/product\/yoast-seo-premium-wordpress\/ -->\n<title>PROTECT E-learning - Bewerben Sie sich hier f\u00fcr technische Kurse<\/title>\n<meta name=\"description\" content=\"Lernen Sie die Installation von Nebelkanonen, PROTECT Intelli-Produkten und die PROTECT API-Integration mit unserer E-Learning-Plattform.\" \/>\n<meta name=\"robots\" content=\"index, follow, max-snippet:-1, max-image-preview:large, max-video-preview:-1\" \/>\n<link rel=\"canonical\" href=\"https:\/\/protectglobal.com\/de\/protect-e-learning\/\" \/>\n<meta property=\"og:locale\" content=\"de_DE\" \/>\n<meta property=\"og:type\" content=\"article\" \/>\n<meta property=\"og:title\" content=\"PROTECT E-learning\" \/>\n<meta property=\"og:description\" content=\"Lernen Sie die Installation von Nebelkanonen, PROTECT Intelli-Produkten und die PROTECT API-Integration mit unserer E-Learning-Plattform.\" \/>\n<meta property=\"og:url\" content=\"https:\/\/protectglobal.com\/de\/protect-e-learning\/\" \/>\n<meta property=\"og:site_name\" content=\"PROTECT Nebelkanonen\u2122\" \/>\n<meta property=\"article:publisher\" content=\"https:\/\/www.facebook.com\/PROTECTFogCannon\/\" \/>\n<meta property=\"article:modified_time\" content=\"2025-02-14T11:47:45+00:00\" \/>\n<meta property=\"og:image\" content=\"https:\/\/protectglobal.com\/wp-content\/uploads\/2024\/11\/untitled-09038-scaled.jpg\" \/>\n\t<meta property=\"og:image:width\" content=\"2560\" \/>\n\t<meta property=\"og:image:height\" content=\"1440\" \/>\n\t<meta property=\"og:image:type\" content=\"image\/jpeg\" \/>\n<meta name=\"twitter:card\" content=\"summary_large_image\" \/>\n<meta name=\"twitter:site\" content=\"@PROTECTFOG\" \/>\n<script type=\"application\/ld+json\" class=\"yoast-schema-graph\">{\"@context\":\"https:\\\/\\\/schema.org\",\"@graph\":[{\"@type\":\"WebPage\",\"@id\":\"https:\\\/\\\/protectglobal.com\\\/de\\\/protect-e-learning\\\/\",\"url\":\"https:\\\/\\\/protectglobal.com\\\/de\\\/protect-e-learning\\\/\",\"name\":\"PROTECT E-learning - Bewerben Sie sich hier f\u00fcr technische Kurse\",\"isPartOf\":{\"@id\":\"https:\\\/\\\/protectglobal.com\\\/de\\\/#website\"},\"datePublished\":\"2024-11-21T09:33:39+00:00\",\"dateModified\":\"2025-02-14T11:47:45+00:00\",\"description\":\"Lernen Sie die Installation von Nebelkanonen, PROTECT Intelli-Produkten und die PROTECT API-Integration mit unserer E-Learning-Plattform.\",\"breadcrumb\":{\"@id\":\"https:\\\/\\\/protectglobal.com\\\/de\\\/protect-e-learning\\\/#breadcrumb\"},\"inLanguage\":\"de\",\"potentialAction\":[{\"@type\":\"ReadAction\",\"target\":[\"https:\\\/\\\/protectglobal.com\\\/de\\\/protect-e-learning\\\/\"]}]},{\"@type\":\"BreadcrumbList\",\"@id\":\"https:\\\/\\\/protectglobal.com\\\/de\\\/protect-e-learning\\\/#breadcrumb\",\"itemListElement\":[{\"@type\":\"ListItem\",\"position\":1,\"name\":\"Hjem\",\"item\":\"https:\\\/\\\/protectglobal.com\\\/de\\\/\"},{\"@type\":\"ListItem\",\"position\":2,\"name\":\"PROTECT E-learning\"}]},{\"@type\":\"WebSite\",\"@id\":\"https:\\\/\\\/protectglobal.com\\\/de\\\/#website\",\"url\":\"https:\\\/\\\/protectglobal.com\\\/de\\\/\",\"name\":\"PROTECT Fog Cannons\u2122\",\"description\":\"Buchen Sie ein unverbindliches Einf\u00fchrungsgespr\u00e4ch mit PROTECT und sehen Sie, wie unsere Nebelkanonen Ihr Unternehmen in Sekunden sch\u00fctzen. In nur 30 Minuten erkl\u00e4ren wir die Technik, passende L\u00f6sungen und beantworten Ihre Fragen.\",\"publisher\":{\"@id\":\"https:\\\/\\\/protectglobal.com\\\/de\\\/#organization\"},\"potentialAction\":[{\"@type\":\"SearchAction\",\"target\":{\"@type\":\"EntryPoint\",\"urlTemplate\":\"https:\\\/\\\/protectglobal.com\\\/de\\\/?s={search_term_string}\"},\"query-input\":{\"@type\":\"PropertyValueSpecification\",\"valueRequired\":true,\"valueName\":\"search_term_string\"}}],\"inLanguage\":\"de\"},{\"@type\":\"Organization\",\"@id\":\"https:\\\/\\\/protectglobal.com\\\/de\\\/#organization\",\"name\":\"PROTECT Fog Cannons\u2122\",\"url\":\"https:\\\/\\\/protectglobal.com\\\/de\\\/\",\"logo\":{\"@type\":\"ImageObject\",\"inLanguage\":\"de\",\"@id\":\"https:\\\/\\\/protectglobal.com\\\/de\\\/#\\\/schema\\\/logo\\\/image\\\/\",\"url\":\"https:\\\/\\\/protectglobal.com\\\/wp-content\\\/uploads\\\/2023\\\/10\\\/logo.svg\",\"contentUrl\":\"https:\\\/\\\/protectglobal.com\\\/wp-content\\\/uploads\\\/2023\\\/10\\\/logo.svg\",\"width\":90,\"height\":40,\"caption\":\"PROTECT Fog Cannons\u2122\"},\"image\":{\"@id\":\"https:\\\/\\\/protectglobal.com\\\/de\\\/#\\\/schema\\\/logo\\\/image\\\/\"},\"sameAs\":[\"https:\\\/\\\/www.facebook.com\\\/PROTECTFogCannon\\\/\",\"https:\\\/\\\/x.com\\\/PROTECTFOG\",\"https:\\\/\\\/www.linkedin.com\\\/company\\\/protect-a-s\\\/\",\"https:\\\/\\\/www.youtube.com\\\/user\\\/PROTECTFogCannon\"],\"description\":\"PROTECT\u2122 specializes in security fog solutions, protecting valuables in retail, banks, warehouses any many other industries across more than 50 countries. With over 175,000 fog cannons installed, our systems fill rooms with dense fog in seconds, deterring burglars and preventing theft. We focus on providing reliable, durable, and easy-to-install solutions for enhanced security and peace of mind.\",\"email\":\"info@protectglobal.com\",\"telephone\":\"+45 8672 1881\",\"legalName\":\"PROTECT A\\\/S\",\"foundingDate\":\"2000-09-28\",\"vatID\":\"25687272\",\"numberOfEmployees\":{\"@type\":\"QuantitativeValue\",\"minValue\":\"11\",\"maxValue\":\"50\"}}]}<\/script>\n<!-- \/ Yoast SEO Premium plugin. -->","yoast_head_json":{"title":"PROTECT E-learning - Bewerben Sie sich hier f\u00fcr technische Kurse","description":"Lernen Sie die Installation von Nebelkanonen, PROTECT Intelli-Produkten und die PROTECT API-Integration mit unserer E-Learning-Plattform.","robots":{"index":"index","follow":"follow","max-snippet":"max-snippet:-1","max-image-preview":"max-image-preview:large","max-video-preview":"max-video-preview:-1"},"canonical":"https:\/\/protectglobal.com\/de\/protect-e-learning\/","og_locale":"de_DE","og_type":"article","og_title":"PROTECT E-learning","og_description":"Lernen Sie die Installation von Nebelkanonen, PROTECT Intelli-Produkten und die PROTECT API-Integration mit unserer E-Learning-Plattform.","og_url":"https:\/\/protectglobal.com\/de\/protect-e-learning\/","og_site_name":"PROTECT Nebelkanonen\u2122","article_publisher":"https:\/\/www.facebook.com\/PROTECTFogCannon\/","article_modified_time":"2025-02-14T11:47:45+00:00","og_image":[{"width":2560,"height":1440,"url":"https:\/\/protectglobal.com\/wp-content\/uploads\/2024\/11\/untitled-09038-scaled.jpg","type":"image\/jpeg"}],"twitter_card":"summary_large_image","twitter_site":"@PROTECTFOG","schema":{"@context":"https:\/\/schema.org","@graph":[{"@type":"WebPage","@id":"https:\/\/protectglobal.com\/de\/protect-e-learning\/","url":"https:\/\/protectglobal.com\/de\/protect-e-learning\/","name":"PROTECT E-learning - Bewerben Sie sich hier f\u00fcr technische Kurse","isPartOf":{"@id":"https:\/\/protectglobal.com\/de\/#website"},"datePublished":"2024-11-21T09:33:39+00:00","dateModified":"2025-02-14T11:47:45+00:00","description":"Lernen Sie die Installation von Nebelkanonen, PROTECT Intelli-Produkten und die PROTECT API-Integration mit unserer E-Learning-Plattform.","breadcrumb":{"@id":"https:\/\/protectglobal.com\/de\/protect-e-learning\/#breadcrumb"},"inLanguage":"de","potentialAction":[{"@type":"ReadAction","target":["https:\/\/protectglobal.com\/de\/protect-e-learning\/"]}]},{"@type":"BreadcrumbList","@id":"https:\/\/protectglobal.com\/de\/protect-e-learning\/#breadcrumb","itemListElement":[{"@type":"ListItem","position":1,"name":"Hjem","item":"https:\/\/protectglobal.com\/de\/"},{"@type":"ListItem","position":2,"name":"PROTECT E-learning"}]},{"@type":"WebSite","@id":"https:\/\/protectglobal.com\/de\/#website","url":"https:\/\/protectglobal.com\/de\/","name":"PROTECT Fog Cannons\u2122","description":"Buchen Sie ein unverbindliches Einf\u00fchrungsgespr\u00e4ch mit PROTECT und sehen Sie, wie unsere Nebelkanonen Ihr Unternehmen in Sekunden sch\u00fctzen. In nur 30 Minuten erkl\u00e4ren wir die Technik, passende L\u00f6sungen und beantworten Ihre Fragen.","publisher":{"@id":"https:\/\/protectglobal.com\/de\/#organization"},"potentialAction":[{"@type":"SearchAction","target":{"@type":"EntryPoint","urlTemplate":"https:\/\/protectglobal.com\/de\/?s={search_term_string}"},"query-input":{"@type":"PropertyValueSpecification","valueRequired":true,"valueName":"search_term_string"}}],"inLanguage":"de"},{"@type":"Organization","@id":"https:\/\/protectglobal.com\/de\/#organization","name":"PROTECT Fog Cannons\u2122","url":"https:\/\/protectglobal.com\/de\/","logo":{"@type":"ImageObject","inLanguage":"de","@id":"https:\/\/protectglobal.com\/de\/#\/schema\/logo\/image\/","url":"https:\/\/protectglobal.com\/wp-content\/uploads\/2023\/10\/logo.svg","contentUrl":"https:\/\/protectglobal.com\/wp-content\/uploads\/2023\/10\/logo.svg","width":90,"height":40,"caption":"PROTECT Fog Cannons\u2122"},"image":{"@id":"https:\/\/protectglobal.com\/de\/#\/schema\/logo\/image\/"},"sameAs":["https:\/\/www.facebook.com\/PROTECTFogCannon\/","https:\/\/x.com\/PROTECTFOG","https:\/\/www.linkedin.com\/company\/protect-a-s\/","https:\/\/www.youtube.com\/user\/PROTECTFogCannon"],"description":"PROTECT\u2122 specializes in security fog solutions, protecting valuables in retail, banks, warehouses any many other industries across more than 50 countries. With over 175,000 fog cannons installed, our systems fill rooms with dense fog in seconds, deterring burglars and preventing theft. We focus on providing reliable, durable, and easy-to-install solutions for enhanced security and peace of mind.","email":"info@protectglobal.com","telephone":"+45 8672 1881","legalName":"PROTECT A\/S","foundingDate":"2000-09-28","vatID":"25687272","numberOfEmployees":{"@type":"QuantitativeValue","minValue":"11","maxValue":"50"}}]}},"_links":{"self":[{"href":"https:\/\/protectglobal.com\/de\/wp-json\/wp\/v2\/pages\/26548","targetHints":{"allow":["GET"]}}],"collection":[{"href":"https:\/\/protectglobal.com\/de\/wp-json\/wp\/v2\/pages"}],"about":[{"href":"https:\/\/protectglobal.com\/de\/wp-json\/wp\/v2\/types\/page"}],"author":[{"embeddable":true,"href":"https:\/\/protectglobal.com\/de\/wp-json\/wp\/v2\/users\/11"}],"replies":[{"embeddable":true,"href":"https:\/\/protectglobal.com\/de\/wp-json\/wp\/v2\/comments?post=26548"}],"version-history":[{"count":2,"href":"https:\/\/protectglobal.com\/de\/wp-json\/wp\/v2\/pages\/26548\/revisions"}],"predecessor-version":[{"id":26550,"href":"https:\/\/protectglobal.com\/de\/wp-json\/wp\/v2\/pages\/26548\/revisions\/26550"}],"wp:attachment":[{"href":"https:\/\/protectglobal.com\/de\/wp-json\/wp\/v2\/media?parent=26548"}],"curies":[{"name":"wp","href":"https:\/\/api.w.org\/{rel}","templated":true}]}}