{"id":2353,"date":"2023-10-11T08:18:30","date_gmt":"2023-10-11T08:18:30","guid":{"rendered":"https:\/\/protectglobal.com\/terms-and-conditions\/"},"modified":"2025-07-31T18:49:39","modified_gmt":"2025-07-31T18:49:39","slug":"privacy-policy","status":"publish","type":"page","link":"https:\/\/protectglobal.com\/de\/privacy-policy\/","title":{"rendered":"Datenschutzbestimmungen"},"content":{"rendered":"\n<h2 class=\"wp-block-heading\" id=\"h-1-who-we-are\">1. Wer wir sind<\/h2>\n\n<p>PROTECT A\/S (&#8222;wir&#8220;, &#8222;uns&#8220; oder &#8222;unser&#8220;) entwickelt und produziert Nebelkanonenl\u00f6sungen f\u00fcr den Einbruchschutz.<br\/>Wir sind der f\u00fcr die Datenverarbeitung Verantwortliche f\u00fcr personenbezogene Daten, die \u00fcber unsere Website <a class=\"\" href=\"https:\/\/www.protectglobal.com\">www.protectglobal.com<\/a> (die &#8222;Website&#8220;), einschlie\u00dflich des Download-Centers, erhoben werden.<\/p>\n\n<p><strong>Kontaktinformationen:<\/strong><br\/>PROTECT A\/S<br\/>Hasselager Centervej 5<br\/>8260 Viby J, D\u00e4nemark<br\/>Telefon: +45 86 72 18 81<br\/>E-Mail: <a>info@protectglobal.com<\/a><\/p>\n\n<h2 class=\"wp-block-heading\" id=\"h-2-what-personal-data-we-collect\">2. Welche pers\u00f6nlichen Daten wir sammeln<\/h2>\n\n<p>Wir erfassen die folgenden personenbezogenen Daten, wenn Sie unsere Website nutzen:<\/p>\n\n<h3 class=\"wp-block-heading\" id=\"h-a-when-registering-for-the-download-center\">a) Wenn Sie sich f\u00fcr das Download Center registrieren<\/h3>\n\n<ul class=\"wp-block-list\">\n<li>Vollst\u00e4ndiger Name<\/li>\n\n\n\n<li>E-Mail Adresse<\/li>\n\n\n\n<li>Rufnummer<\/li>\n\n\n\n<li>Land<\/li>\n\n\n\n<li>Name des Unternehmens<\/li>\n\n\n\n<li>Umsatzsteuer-Identifikationsnummer des Unternehmens<\/li>\n\n\n\n<li>Adresse des Unternehmens<\/li>\n\n\n\n<li>Kontotyp (Installateur oder Vertriebspartner)<\/li>\n\n\n\n<li>Best\u00e4tigung der beruflichen Zugeh\u00f6rigkeit zu PROTECT<\/li>\n<\/ul>\n\n<h3 class=\"wp-block-heading\" id=\"h-b-when-contacting-us-or-signing-up-for-our-newsletter\">b) Wenn Sie mit uns Kontakt aufnehmen oder sich f\u00fcr unseren Newsletter anmelden<\/h3>\n\n<ul class=\"wp-block-list\">\n<li>Name und Kontaktinformationen (z.B. E-Mail, Telefon)<\/li>\n<\/ul>\n\n<h3 class=\"wp-block-heading\" id=\"h-c-when-browsing-the-site\">c) Beim Surfen auf der Website<\/h3>\n\n<ul class=\"wp-block-list\">\n<li>IP-Adresse, Browsertyp und grundlegende Nutzungsdaten \u00fcber Cookies (siehe unsere Cookie-Richtlinie im Cookie-Einwilligungsbanner)<\/li>\n<\/ul>\n\n<h2 class=\"wp-block-heading\" id=\"h-3-why-we-collect-your-data\">3. Warum wir Ihre Daten sammeln<\/h2>\n\n<p>Wir sammeln und verarbeiten Ihre Daten, um:<\/p>\n\n<ul class=\"wp-block-list\">\n<li>Erstellen und verwalten Sie Ihr Konto im Download Center<\/li>\n\n\n\n<li>Zugang zu gesch\u00fctzten Dokumenten und Produktmaterialien gew\u00e4hren<\/li>\n\n\n\n<li>Mit Ihnen \u00fcber Ihre Anfrage oder Ihr Konto kommunizieren<\/li>\n\n\n\n<li>Versand von Newslettern und Produkt-Updates (wenn Sie sich daf\u00fcr entscheiden)<\/li>\n\n\n\n<li>Analyse der Website-Nutzung und Verbesserung unserer Dienste<\/li>\n<\/ul>\n\n<h2 class=\"wp-block-heading\" id=\"h-4-legal-basis-for-processing\">4. Rechtsgrundlage f\u00fcr die Verarbeitung<\/h2>\n\n<p>Wir verarbeiten Ihre Daten auf einer oder mehreren der folgenden Rechtsgrundlagen:<\/p>\n\n<ul class=\"wp-block-list\">\n<li>Ihre <strong>Zustimmung<\/strong>, z.B. f\u00fcr Newsletter-Abonnements oder nicht wesentliche Cookies (GDPR Art. 6(1)(a))<\/li>\n\n\n\n<li>Die <strong>Erf\u00fcllung eines Vertrags<\/strong>, z.B. bei der Verwaltung Ihres Download Center Kontos (GDPR Art. 6(1)(b))<\/li>\n\n\n\n<li>Unser <strong>berechtigtes Interesse<\/strong> am Betrieb, der Verbesserung und der Sicherung unserer Website und Dienste (GDPR Art. 6(1)(f))<\/li>\n\n\n\n<li>Einhaltung <strong>gesetzlicher Verpflichtungen<\/strong>, falls erforderlich (GDPR Art. 6(1)(c))<\/li>\n<\/ul>\n\n<h2 class=\"wp-block-heading\" id=\"h-5-how-we-share-your-data\">5. Wie wir Ihre Daten weitergeben<\/h2>\n\n<p>Wir verkaufen Ihre pers\u00f6nlichen Daten nicht. Wir k\u00f6nnen sie an vertrauensw\u00fcrdige Drittanbieter weitergeben (z. B. Webhoster oder E-Mail-Plattformen), die den Betrieb unserer Website und unseres Download Centers unterst\u00fctzen. Diese Anbieter sind an strenge Vertraulichkeits- und Datenschutzbestimmungen gebunden.  <\/p>\n\n<p>N\u00e4here Informationen zu Technologien von Drittanbietern und zu Cookies, die auf unserer Website verwendet werden, finden Sie in unserer Cookie-Richtlinie im Banner f\u00fcr die Zustimmung zu Cookies.<\/p>\n\n<h2 class=\"wp-block-heading\" id=\"h-6-data-retention\">6. Aufbewahrung von Daten<\/h2>\n\n<ul class=\"wp-block-list\">\n<li>Kontodaten aus dem Download Center werden so lange gespeichert, wie Ihr Konto aktiv ist oder zur Erf\u00fcllung seines Zwecks ben\u00f6tigt wird.<\/li>\n\n\n\n<li>Kontaktformulare und Supportanfragen werden nur so lange gespeichert, wie es f\u00fcr die Bearbeitung Ihrer Anfrage notwendig ist.<\/li>\n\n\n\n<li>Die Zustimmung zum Newsletter wird gespeichert, bis Sie ihn abbestellen.<\/li>\n\n\n\n<li>Cookie-Daten werden gem\u00e4\u00df Ihren Pr\u00e4ferenzen gespeichert (siehe unsere Cookie-Richtlinie im Banner f\u00fcr die Zustimmung zu Cookies)<\/li>\n<\/ul>\n\n<h2 class=\"wp-block-heading\" id=\"h-7-your-rights\">7. Ihre Rechte<\/h2>\n\n<p>Gem\u00e4\u00df GDPR haben Sie das Recht auf:<\/p>\n\n<ul class=\"wp-block-list\">\n<li>Zugriff auf Ihre pers\u00f6nlichen Daten<\/li>\n\n\n\n<li>Ihre Daten korrigieren oder l\u00f6schen<\/li>\n\n\n\n<li>Verarbeitung einschr\u00e4nken oder widersprechen<\/li>\n\n\n\n<li>Einwilligung jederzeit widerrufen<\/li>\n\n\n\n<li>Daten\u00fcbertragbarkeit beantragen<\/li>\n\n\n\n<li>Reichen Sie eine Beschwerde bei Ihrer \u00f6rtlichen Datenschutzbeh\u00f6rde ein<\/li>\n<\/ul>\n\n<p>Um Ihre Rechte auszu\u00fcben, kontaktieren Sie <strong><a>info@protectglobal.com<\/a><\/strong>.<br\/>In D\u00e4nemark k\u00f6nnen Sie auch Kontakt aufnehmen mit:<\/p>\n\n<p><strong>Datatilsynet<\/strong><br\/>Borgergade 28, 5.<br\/>1300 K\u00f8benhavn K<br\/>E-Mail: <a>dt@datatilsynet.dk<\/a><\/p>\n\n<h2 class=\"wp-block-heading\" id=\"h-8-changes-to-this-privacy-policy\">8. \u00c4nderungen an dieser Datenschutzrichtlinie<\/h2>\n\n<p>Wir k\u00f6nnen diese Richtlinie von Zeit zu Zeit aktualisieren, um \u00c4nderungen unserer Praktiken oder der gesetzlichen Bestimmungen zu ber\u00fccksichtigen. Die neueste Version ist immer auf unserer Website verf\u00fcgbar. <\/p>\n","protected":false},"excerpt":{"rendered":"<p>1. Wer wir sind PROTECT A\/S (&#8222;wir&#8220;, &#8222;uns&#8220; oder &#8222;unser&#8220;) entwickelt und produziert Nebelkanonenl\u00f6sungen f\u00fcr den Einbruchschutz.Wir sind der f\u00fcr die Datenverarbeitung Verantwortliche f\u00fcr personenbezogene Daten, die \u00fcber unsere Website www.protectglobal.com (die &#8222;Website&#8220;), einschlie\u00dflich des Download-Centers, erhoben werden. Kontaktinformationen:PROTECT A\/SHasselager Centervej 58260 Viby J, D\u00e4nemarkTelefon: +45 86 72 18 81E-Mail: info@protectglobal.com 2. Welche pers\u00f6nlichen Daten [&hellip;]<\/p>\n","protected":false},"author":2,"featured_media":18144,"parent":0,"menu_order":10,"comment_status":"closed","ping_status":"closed","template":"text.php","meta":{"_acf_changed":false,"inline_featured_image":false,"footnotes":""},"class_list":["post-2353","page","type-page","status-publish","has-post-thumbnail","hentry"],"acf":[],"yoast_head":"<!-- This site is optimized with the Yoast SEO Premium plugin v27.3 (Yoast SEO v27.3) - https:\/\/yoast.com\/product\/yoast-seo-premium-wordpress\/ -->\n<title>Datenschutzbestimmungen - PROTECT Nebelkanonen\u2122<\/title>\n<meta name=\"robots\" content=\"noindex, follow\" \/>\n<meta property=\"og:locale\" content=\"de_DE\" \/>\n<meta property=\"og:type\" content=\"article\" \/>\n<meta property=\"og:title\" content=\"Datenschutzbestimmungen\" \/>\n<meta property=\"og:description\" content=\"1. Wer wir sind PROTECT A\/S (&#8222;wir&#8220;, &#8222;uns&#8220; oder &#8222;unser&#8220;) entwickelt und produziert Nebelkanonenl\u00f6sungen f\u00fcr den Einbruchschutz.Wir sind der f\u00fcr die Datenverarbeitung Verantwortliche f\u00fcr personenbezogene Daten, die \u00fcber unsere Website www.protectglobal.com (die &#8222;Website&#8220;), einschlie\u00dflich des Download-Centers, erhoben werden. Kontaktinformationen:PROTECT A\/SHasselager Centervej 58260 Viby J, D\u00e4nemarkTelefon: +45 86 72 18 81E-Mail: info@protectglobal.com 2. Welche pers\u00f6nlichen Daten [&hellip;]\" \/>\n<meta property=\"og:url\" content=\"https:\/\/protectglobal.com\/de\/privacy-policy\/\" \/>\n<meta property=\"og:site_name\" content=\"PROTECT Nebelkanonen\u2122\" \/>\n<meta property=\"article:publisher\" content=\"https:\/\/www.facebook.com\/PROTECTFogCannon\/\" \/>\n<meta property=\"article:modified_time\" content=\"2025-07-31T18:49:39+00:00\" \/>\n<meta property=\"og:image\" content=\"https:\/\/protectglobal.com\/wp-content\/uploads\/2024\/06\/montering-af-maskine-frame-at-0m43s.jpg\" \/>\n\t<meta property=\"og:image:width\" content=\"1920\" \/>\n\t<meta property=\"og:image:height\" content=\"1080\" \/>\n\t<meta property=\"og:image:type\" content=\"image\/jpeg\" \/>\n<meta name=\"twitter:card\" content=\"summary_large_image\" \/>\n<meta name=\"twitter:site\" content=\"@PROTECTFOG\" \/>\n<meta name=\"twitter:label1\" content=\"Gesch\u00e4tzte Lesezeit\" \/>\n\t<meta name=\"twitter:data1\" content=\"13\u00a0Minuten\" \/>\n<script type=\"application\/ld+json\" class=\"yoast-schema-graph\">{\"@context\":\"https:\\\/\\\/schema.org\",\"@graph\":[{\"@type\":\"WebPage\",\"@id\":\"https:\\\/\\\/protectglobal.com\\\/de\\\/privacy-policy\\\/\",\"url\":\"https:\\\/\\\/protectglobal.com\\\/de\\\/privacy-policy\\\/\",\"name\":\"Datenschutzbestimmungen - PROTECT Nebelkanonen\u2122\",\"isPartOf\":{\"@id\":\"https:\\\/\\\/protectglobal.com\\\/de\\\/#website\"},\"primaryImageOfPage\":{\"@id\":\"https:\\\/\\\/protectglobal.com\\\/de\\\/privacy-policy\\\/#primaryimage\"},\"image\":{\"@id\":\"https:\\\/\\\/protectglobal.com\\\/de\\\/privacy-policy\\\/#primaryimage\"},\"thumbnailUrl\":\"https:\\\/\\\/protectglobal.com\\\/wp-content\\\/uploads\\\/2024\\\/06\\\/montering-af-maskine-frame-at-0m43s.jpg\",\"datePublished\":\"2023-10-11T08:18:30+00:00\",\"dateModified\":\"2025-07-31T18:49:39+00:00\",\"breadcrumb\":{\"@id\":\"https:\\\/\\\/protectglobal.com\\\/de\\\/privacy-policy\\\/#breadcrumb\"},\"inLanguage\":\"de\",\"potentialAction\":[{\"@type\":\"ReadAction\",\"target\":[\"https:\\\/\\\/protectglobal.com\\\/de\\\/privacy-policy\\\/\"]}]},{\"@type\":\"ImageObject\",\"inLanguage\":\"de\",\"@id\":\"https:\\\/\\\/protectglobal.com\\\/de\\\/privacy-policy\\\/#primaryimage\",\"url\":\"https:\\\/\\\/protectglobal.com\\\/wp-content\\\/uploads\\\/2024\\\/06\\\/montering-af-maskine-frame-at-0m43s.jpg\",\"contentUrl\":\"https:\\\/\\\/protectglobal.com\\\/wp-content\\\/uploads\\\/2024\\\/06\\\/montering-af-maskine-frame-at-0m43s.jpg\",\"width\":1920,\"height\":1080,\"caption\":\"fog cannon demo\"},{\"@type\":\"BreadcrumbList\",\"@id\":\"https:\\\/\\\/protectglobal.com\\\/de\\\/privacy-policy\\\/#breadcrumb\",\"itemListElement\":[{\"@type\":\"ListItem\",\"position\":1,\"name\":\"Hjem\",\"item\":\"https:\\\/\\\/protectglobal.com\\\/de\\\/\"},{\"@type\":\"ListItem\",\"position\":2,\"name\":\"Datenschutzbestimmungen\"}]},{\"@type\":\"WebSite\",\"@id\":\"https:\\\/\\\/protectglobal.com\\\/de\\\/#website\",\"url\":\"https:\\\/\\\/protectglobal.com\\\/de\\\/\",\"name\":\"PROTECT Fog Cannons\u2122\",\"description\":\"Buchen Sie ein unverbindliches Einf\u00fchrungsgespr\u00e4ch mit PROTECT und sehen Sie, wie unsere Nebelkanonen Ihr Unternehmen in Sekunden sch\u00fctzen. In nur 30 Minuten erkl\u00e4ren wir die Technik, passende L\u00f6sungen und beantworten Ihre Fragen.\",\"publisher\":{\"@id\":\"https:\\\/\\\/protectglobal.com\\\/de\\\/#organization\"},\"potentialAction\":[{\"@type\":\"SearchAction\",\"target\":{\"@type\":\"EntryPoint\",\"urlTemplate\":\"https:\\\/\\\/protectglobal.com\\\/de\\\/?s={search_term_string}\"},\"query-input\":{\"@type\":\"PropertyValueSpecification\",\"valueRequired\":true,\"valueName\":\"search_term_string\"}}],\"inLanguage\":\"de\"},{\"@type\":\"Organization\",\"@id\":\"https:\\\/\\\/protectglobal.com\\\/de\\\/#organization\",\"name\":\"PROTECT Fog Cannons\u2122\",\"url\":\"https:\\\/\\\/protectglobal.com\\\/de\\\/\",\"logo\":{\"@type\":\"ImageObject\",\"inLanguage\":\"de\",\"@id\":\"https:\\\/\\\/protectglobal.com\\\/de\\\/#\\\/schema\\\/logo\\\/image\\\/\",\"url\":\"https:\\\/\\\/protectglobal.com\\\/wp-content\\\/uploads\\\/2023\\\/10\\\/logo.svg\",\"contentUrl\":\"https:\\\/\\\/protectglobal.com\\\/wp-content\\\/uploads\\\/2023\\\/10\\\/logo.svg\",\"width\":90,\"height\":40,\"caption\":\"PROTECT Fog Cannons\u2122\"},\"image\":{\"@id\":\"https:\\\/\\\/protectglobal.com\\\/de\\\/#\\\/schema\\\/logo\\\/image\\\/\"},\"sameAs\":[\"https:\\\/\\\/www.facebook.com\\\/PROTECTFogCannon\\\/\",\"https:\\\/\\\/x.com\\\/PROTECTFOG\",\"https:\\\/\\\/www.linkedin.com\\\/company\\\/protect-a-s\\\/\",\"https:\\\/\\\/www.youtube.com\\\/user\\\/PROTECTFogCannon\"],\"description\":\"PROTECT\u2122 specializes in security fog solutions, protecting valuables in retail, banks, warehouses any many other industries across more than 50 countries. With over 175,000 fog cannons installed, our systems fill rooms with dense fog in seconds, deterring burglars and preventing theft. We focus on providing reliable, durable, and easy-to-install solutions for enhanced security and peace of mind.\",\"email\":\"info@protectglobal.com\",\"telephone\":\"+45 8672 1881\",\"legalName\":\"PROTECT A\\\/S\",\"foundingDate\":\"2000-09-28\",\"vatID\":\"25687272\",\"numberOfEmployees\":{\"@type\":\"QuantitativeValue\",\"minValue\":\"11\",\"maxValue\":\"50\"}}]}<\/script>\n<!-- \/ Yoast SEO Premium plugin. -->","yoast_head_json":{"title":"Datenschutzbestimmungen - PROTECT Nebelkanonen\u2122","robots":{"index":"noindex","follow":"follow"},"og_locale":"de_DE","og_type":"article","og_title":"Datenschutzbestimmungen","og_description":"1. Wer wir sind PROTECT A\/S (&#8222;wir&#8220;, &#8222;uns&#8220; oder &#8222;unser&#8220;) entwickelt und produziert Nebelkanonenl\u00f6sungen f\u00fcr den Einbruchschutz.Wir sind der f\u00fcr die Datenverarbeitung Verantwortliche f\u00fcr personenbezogene Daten, die \u00fcber unsere Website www.protectglobal.com (die &#8222;Website&#8220;), einschlie\u00dflich des Download-Centers, erhoben werden. Kontaktinformationen:PROTECT A\/SHasselager Centervej 58260 Viby J, D\u00e4nemarkTelefon: +45 86 72 18 81E-Mail: info@protectglobal.com 2. Welche pers\u00f6nlichen Daten [&hellip;]","og_url":"https:\/\/protectglobal.com\/de\/privacy-policy\/","og_site_name":"PROTECT Nebelkanonen\u2122","article_publisher":"https:\/\/www.facebook.com\/PROTECTFogCannon\/","article_modified_time":"2025-07-31T18:49:39+00:00","og_image":[{"width":1920,"height":1080,"url":"https:\/\/protectglobal.com\/wp-content\/uploads\/2024\/06\/montering-af-maskine-frame-at-0m43s.jpg","type":"image\/jpeg"}],"twitter_card":"summary_large_image","twitter_site":"@PROTECTFOG","twitter_misc":{"Gesch\u00e4tzte Lesezeit":"13\u00a0Minuten"},"schema":{"@context":"https:\/\/schema.org","@graph":[{"@type":"WebPage","@id":"https:\/\/protectglobal.com\/de\/privacy-policy\/","url":"https:\/\/protectglobal.com\/de\/privacy-policy\/","name":"Datenschutzbestimmungen - PROTECT Nebelkanonen\u2122","isPartOf":{"@id":"https:\/\/protectglobal.com\/de\/#website"},"primaryImageOfPage":{"@id":"https:\/\/protectglobal.com\/de\/privacy-policy\/#primaryimage"},"image":{"@id":"https:\/\/protectglobal.com\/de\/privacy-policy\/#primaryimage"},"thumbnailUrl":"https:\/\/protectglobal.com\/wp-content\/uploads\/2024\/06\/montering-af-maskine-frame-at-0m43s.jpg","datePublished":"2023-10-11T08:18:30+00:00","dateModified":"2025-07-31T18:49:39+00:00","breadcrumb":{"@id":"https:\/\/protectglobal.com\/de\/privacy-policy\/#breadcrumb"},"inLanguage":"de","potentialAction":[{"@type":"ReadAction","target":["https:\/\/protectglobal.com\/de\/privacy-policy\/"]}]},{"@type":"ImageObject","inLanguage":"de","@id":"https:\/\/protectglobal.com\/de\/privacy-policy\/#primaryimage","url":"https:\/\/protectglobal.com\/wp-content\/uploads\/2024\/06\/montering-af-maskine-frame-at-0m43s.jpg","contentUrl":"https:\/\/protectglobal.com\/wp-content\/uploads\/2024\/06\/montering-af-maskine-frame-at-0m43s.jpg","width":1920,"height":1080,"caption":"fog cannon demo"},{"@type":"BreadcrumbList","@id":"https:\/\/protectglobal.com\/de\/privacy-policy\/#breadcrumb","itemListElement":[{"@type":"ListItem","position":1,"name":"Hjem","item":"https:\/\/protectglobal.com\/de\/"},{"@type":"ListItem","position":2,"name":"Datenschutzbestimmungen"}]},{"@type":"WebSite","@id":"https:\/\/protectglobal.com\/de\/#website","url":"https:\/\/protectglobal.com\/de\/","name":"PROTECT Fog Cannons\u2122","description":"Buchen Sie ein unverbindliches Einf\u00fchrungsgespr\u00e4ch mit PROTECT und sehen Sie, wie unsere Nebelkanonen Ihr Unternehmen in Sekunden sch\u00fctzen. In nur 30 Minuten erkl\u00e4ren wir die Technik, passende L\u00f6sungen und beantworten Ihre Fragen.","publisher":{"@id":"https:\/\/protectglobal.com\/de\/#organization"},"potentialAction":[{"@type":"SearchAction","target":{"@type":"EntryPoint","urlTemplate":"https:\/\/protectglobal.com\/de\/?s={search_term_string}"},"query-input":{"@type":"PropertyValueSpecification","valueRequired":true,"valueName":"search_term_string"}}],"inLanguage":"de"},{"@type":"Organization","@id":"https:\/\/protectglobal.com\/de\/#organization","name":"PROTECT Fog Cannons\u2122","url":"https:\/\/protectglobal.com\/de\/","logo":{"@type":"ImageObject","inLanguage":"de","@id":"https:\/\/protectglobal.com\/de\/#\/schema\/logo\/image\/","url":"https:\/\/protectglobal.com\/wp-content\/uploads\/2023\/10\/logo.svg","contentUrl":"https:\/\/protectglobal.com\/wp-content\/uploads\/2023\/10\/logo.svg","width":90,"height":40,"caption":"PROTECT Fog Cannons\u2122"},"image":{"@id":"https:\/\/protectglobal.com\/de\/#\/schema\/logo\/image\/"},"sameAs":["https:\/\/www.facebook.com\/PROTECTFogCannon\/","https:\/\/x.com\/PROTECTFOG","https:\/\/www.linkedin.com\/company\/protect-a-s\/","https:\/\/www.youtube.com\/user\/PROTECTFogCannon"],"description":"PROTECT\u2122 specializes in security fog solutions, protecting valuables in retail, banks, warehouses any many other industries across more than 50 countries. With over 175,000 fog cannons installed, our systems fill rooms with dense fog in seconds, deterring burglars and preventing theft. We focus on providing reliable, durable, and easy-to-install solutions for enhanced security and peace of mind.","email":"info@protectglobal.com","telephone":"+45 8672 1881","legalName":"PROTECT A\/S","foundingDate":"2000-09-28","vatID":"25687272","numberOfEmployees":{"@type":"QuantitativeValue","minValue":"11","maxValue":"50"}}]}},"_links":{"self":[{"href":"https:\/\/protectglobal.com\/de\/wp-json\/wp\/v2\/pages\/2353","targetHints":{"allow":["GET"]}}],"collection":[{"href":"https:\/\/protectglobal.com\/de\/wp-json\/wp\/v2\/pages"}],"about":[{"href":"https:\/\/protectglobal.com\/de\/wp-json\/wp\/v2\/types\/page"}],"author":[{"embeddable":true,"href":"https:\/\/protectglobal.com\/de\/wp-json\/wp\/v2\/users\/2"}],"replies":[{"embeddable":true,"href":"https:\/\/protectglobal.com\/de\/wp-json\/wp\/v2\/comments?post=2353"}],"version-history":[{"count":5,"href":"https:\/\/protectglobal.com\/de\/wp-json\/wp\/v2\/pages\/2353\/revisions"}],"predecessor-version":[{"id":28371,"href":"https:\/\/protectglobal.com\/de\/wp-json\/wp\/v2\/pages\/2353\/revisions\/28371"}],"wp:featuredmedia":[{"embeddable":true,"href":"https:\/\/protectglobal.com\/de\/wp-json\/wp\/v2\/media\/18144"}],"wp:attachment":[{"href":"https:\/\/protectglobal.com\/de\/wp-json\/wp\/v2\/media?parent=2353"}],"curies":[{"name":"wp","href":"https:\/\/api.w.org\/{rel}","templated":true}]}}