{"id":2251,"date":"2023-10-11T08:17:57","date_gmt":"2023-10-11T08:17:57","guid":{"rendered":"https:\/\/protectglobal.com\/news\/"},"modified":"2025-01-22T09:14:18","modified_gmt":"2025-01-22T09:14:18","slug":"aktuelles","status":"publish","type":"page","link":"https:\/\/protectglobal.com\/de\/aktuelles\/","title":{"rendered":"Aktuelles"},"content":{"rendered":"\n    <section class=\"category-slider-block custom-block py-5 overflow-hidden\" style=\"\"> \n        <div class=\"container py-xxl-5\" data-aos=\"fade-in\">\n            <div class=\"d-md-flex justify-content-between mb-4\">\n                <blockquote class=\"heading-wrapper\">\n                    <p class=\"section-label mb-4\"><\/p>\n                    <blockqoute class=\"h2\"><\/blockqoute>\n                <\/blockquote>\n                <div class=\"navigation-arrows gap-3 d-none d-md-flex\"><\/div>\n            <\/div>\n       \n            <div class=\"post-slider\">  \n                                                            <a href=\"https:\/\/protectglobal.com\/de\/product-category\/nebelkanone\/\" class=\"slider-card test d-flex flex-column justify-content-end p-4 m-2 focus lazyload\" style=\"background:inherit; background-size: cover !important;\" data-bg=\"url(&#039;https:\/\/protectglobal.com\/wp-content\/uploads\/2024\/11\/fog-cannon.jpg&#039;)\">\n                            <blockquote class=\"content\">   \n                                <h3 class=\"h5 font-white m-0 mb-1\">Nebelkanone<\/h3>\n                                <div class=\"card-cta d-flex align-items-center gap-3\">\n                                <div class=\"button-group d-none font-white d-sm-flex container-sm h-auto p-0 gap-3 d-flex justify-content-between align-items-center justify-content-md-start button tertiary\">\n                                            Finden Nebelkanone                                            <div class=\"button tertiary\">\n                                                <i class=\"icon-chevron\"><\/i>\n                                            <\/div>\n                                        <\/div>\n                                \n                                <\/div>   \n                            <\/blockquote>                    \n                        <\/a>\n                                            <a href=\"https:\/\/protectglobal.com\/de\/product-category\/fluessigkeitsbehaelters\/\" class=\"slider-card test d-flex flex-column justify-content-end p-4 m-2 focus lazyload\" style=\"background:inherit; background-size: cover !important;\" data-bg=\"url(&#039;https:\/\/protectglobal.com\/wp-content\/uploads\/2024\/11\/fog-fluid-1.jpg&#039;)\">\n                            <blockquote class=\"content\">   \n                                <h3 class=\"h5 font-white m-0 mb-1\">Fl\u00fcssigkeitsbeh\u00e4lters<\/h3>\n                                <div class=\"card-cta d-flex align-items-center gap-3\">\n                                <div class=\"button-group d-none font-white d-sm-flex container-sm h-auto p-0 gap-3 d-flex justify-content-between align-items-center justify-content-md-start button tertiary\">\n                                            Finden Fl\u00fcssigkeitsbeh\u00e4lters                                            <div class=\"button tertiary\">\n                                                <i class=\"icon-chevron\"><\/i>\n                                            <\/div>\n                                        <\/div>\n                                \n                                <\/div>   \n                            <\/blockquote>                    \n                        <\/a>\n                                            <a href=\"https:\/\/protectglobal.com\/de\/product-category\/intelligente-steuerung\/\" class=\"slider-card test d-flex flex-column justify-content-end p-4 m-2 focus lazyload\" style=\"background:inherit; background-size: cover !important;\" data-bg=\"url(&#039;https:\/\/protectglobal.com\/wp-content\/uploads\/2024\/11\/monitoring-1.jpg&#039;)\">\n                            <blockquote class=\"content\">   \n                                <h3 class=\"h5 font-white m-0 mb-1\">Intelligente Steuerung<\/h3>\n                                <div class=\"card-cta d-flex align-items-center gap-3\">\n                                <div class=\"button-group d-none font-white d-sm-flex container-sm h-auto p-0 gap-3 d-flex justify-content-between align-items-center justify-content-md-start button tertiary\">\n                                            Finden Intelligente Steuerung                                            <div class=\"button tertiary\">\n                                                <i class=\"icon-chevron\"><\/i>\n                                            <\/div>\n                                        <\/div>\n                                \n                                <\/div>   \n                            <\/blockquote>                    \n                        <\/a>\n                                            <a href=\"https:\/\/protectglobal.com\/de\/product-category\/erweiterungsplatinen\/\" class=\"slider-card test d-flex flex-column justify-content-end p-4 m-2 focus lazyload\" style=\"background:inherit; background-size: cover !important;\" data-bg=\"url(&#039;https:\/\/protectglobal.com\/wp-content\/uploads\/2024\/11\/expansion-boards-1.jpg&#039;)\">\n                            <blockquote class=\"content\">   \n                                <h3 class=\"h5 font-white m-0 mb-1\">Erweiterungen<\/h3>\n                                <div class=\"card-cta d-flex align-items-center gap-3\">\n                                <div class=\"button-group d-none font-white d-sm-flex container-sm h-auto p-0 gap-3 d-flex justify-content-between align-items-center justify-content-md-start button tertiary\">\n                                            Finden Erweiterungen                                            <div class=\"button tertiary\">\n                                                <i class=\"icon-chevron\"><\/i>\n                                            <\/div>\n                                        <\/div>\n                                \n                                <\/div>   \n                            <\/blockquote>                    \n                        <\/a>\n                                            <a href=\"https:\/\/protectglobal.com\/de\/product-category\/blitzlicht-und-sirene\/\" class=\"slider-card test d-flex flex-column justify-content-end p-4 m-2 focus lazyload\" style=\"background:inherit; background-size: cover !important;\" data-bg=\"url(&#039;https:\/\/protectglobal.com\/wp-content\/uploads\/2024\/11\/strobe-_-siren.jpg&#039;)\">\n                            <blockquote class=\"content\">   \n                                <h3 class=\"h5 font-white m-0 mb-1\">Blitzlicht und Sirene<\/h3>\n                                <div class=\"card-cta d-flex align-items-center gap-3\">\n                                <div class=\"button-group d-none font-white d-sm-flex container-sm h-auto p-0 gap-3 d-flex justify-content-between align-items-center justify-content-md-start button tertiary\">\n                                            Finden Blitzlicht und Sirene                                            <div class=\"button tertiary\">\n                                                <i class=\"icon-chevron\"><\/i>\n                                            <\/div>\n                                        <\/div>\n                                \n                                <\/div>   \n                            <\/blockquote>                    \n                        <\/a>\n                                            <a href=\"https:\/\/protectglobal.com\/de\/product-category\/zubehoer\/\" class=\"slider-card test d-flex flex-column justify-content-end p-4 m-2 focus lazyload\" style=\"background:inherit; background-size: cover !important;\" data-bg=\"url(&#039;https:\/\/protectglobal.com\/wp-content\/uploads\/2024\/11\/accessories-1.jpg&#039;)\">\n                            <blockquote class=\"content\">   \n                                <h3 class=\"h5 font-white m-0 mb-1\">Zubeh\u00f6r<\/h3>\n                                <div class=\"card-cta d-flex align-items-center gap-3\">\n                                <div class=\"button-group d-none font-white d-sm-flex container-sm h-auto p-0 gap-3 d-flex justify-content-between align-items-center justify-content-md-start button tertiary\">\n                                            Finden Zubeh\u00f6r                                            <div class=\"button tertiary\">\n                                                <i class=\"icon-chevron\"><\/i>\n                                            <\/div>\n                                        <\/div>\n                                \n                                <\/div>   \n                            <\/blockquote>                    \n                        <\/a>\n                                                          \n            <\/div>\n            <div class=\"navigation-dots gap-3 d-lg-none justify-content-center d-flex\"><\/div>\n            <\/div> \n    <\/section>\n","protected":false},"excerpt":{"rendered":"","protected":false},"author":2,"featured_media":7940,"parent":0,"menu_order":0,"comment_status":"closed","ping_status":"closed","template":"news.php","meta":{"_acf_changed":false,"inline_featured_image":false,"footnotes":""},"class_list":["post-2251","page","type-page","status-publish","has-post-thumbnail","hentry"],"acf":[],"yoast_head":"<!-- This site is optimized with the Yoast SEO Premium plugin v27.3 (Yoast SEO v27.3) - https:\/\/yoast.com\/product\/yoast-seo-premium-wordpress\/ -->\n<title>Aktuelles - Mehr \u00fcber uns und die Sicherheitsnebel-Branche<\/title>\n<meta name=\"description\" content=\"Bleiben Sie auf dem Laufenden \u00fcber Sicherheitsnebel, Produktneuheiten und spannende Kunden- und Installateursgeschichten.\" \/>\n<meta name=\"robots\" content=\"index, follow, max-snippet:-1, max-image-preview:large, max-video-preview:-1\" \/>\n<link rel=\"canonical\" href=\"https:\/\/protectglobal.com\/de\/aktuelles\/\" \/>\n<meta property=\"og:locale\" content=\"de_DE\" \/>\n<meta property=\"og:type\" content=\"article\" \/>\n<meta property=\"og:title\" content=\"Aktuelles\" \/>\n<meta property=\"og:description\" content=\"Bleiben Sie auf dem Laufenden \u00fcber Sicherheitsnebel, Produktneuheiten und spannende Kunden- und Installateursgeschichten.\" \/>\n<meta property=\"og:url\" content=\"https:\/\/protectglobal.com\/de\/aktuelles\/\" \/>\n<meta property=\"og:site_name\" content=\"PROTECT Nebelkanonen\u2122\" \/>\n<meta property=\"article:publisher\" content=\"https:\/\/www.facebook.com\/PROTECTFogCannon\/\" \/>\n<meta property=\"article:modified_time\" content=\"2025-01-22T09:14:18+00:00\" \/>\n<meta property=\"og:image\" content=\"https:\/\/protectglobal.com\/wp-content\/uploads\/2024\/05\/get-in-touch-_-download-center-_-solutions-_template_.jpg\" \/>\n\t<meta property=\"og:image:width\" content=\"1920\" \/>\n\t<meta property=\"og:image:height\" content=\"677\" \/>\n\t<meta property=\"og:image:type\" content=\"image\/jpeg\" \/>\n<meta name=\"twitter:card\" content=\"summary_large_image\" \/>\n<meta name=\"twitter:site\" content=\"@PROTECTFOG\" \/>\n<meta name=\"twitter:label1\" content=\"Gesch\u00e4tzte Lesezeit\" \/>\n\t<meta name=\"twitter:data1\" content=\"1\u00a0Minute\" \/>\n<script type=\"application\/ld+json\" class=\"yoast-schema-graph\">{\"@context\":\"https:\\\/\\\/schema.org\",\"@graph\":[{\"@type\":\"WebPage\",\"@id\":\"https:\\\/\\\/protectglobal.com\\\/de\\\/aktuelles\\\/\",\"url\":\"https:\\\/\\\/protectglobal.com\\\/de\\\/aktuelles\\\/\",\"name\":\"Aktuelles - Mehr \u00fcber uns und die Sicherheitsnebel-Branche\",\"isPartOf\":{\"@id\":\"https:\\\/\\\/protectglobal.com\\\/de\\\/#website\"},\"primaryImageOfPage\":{\"@id\":\"https:\\\/\\\/protectglobal.com\\\/de\\\/aktuelles\\\/#primaryimage\"},\"image\":{\"@id\":\"https:\\\/\\\/protectglobal.com\\\/de\\\/aktuelles\\\/#primaryimage\"},\"thumbnailUrl\":\"https:\\\/\\\/protectglobal.com\\\/wp-content\\\/uploads\\\/2024\\\/05\\\/get-in-touch-_-download-center-_-solutions-_template_.jpg\",\"datePublished\":\"2023-10-11T08:17:57+00:00\",\"dateModified\":\"2025-01-22T09:14:18+00:00\",\"description\":\"Bleiben Sie auf dem Laufenden \u00fcber Sicherheitsnebel, Produktneuheiten und spannende Kunden- und Installateursgeschichten.\",\"breadcrumb\":{\"@id\":\"https:\\\/\\\/protectglobal.com\\\/de\\\/aktuelles\\\/#breadcrumb\"},\"inLanguage\":\"de\",\"potentialAction\":[{\"@type\":\"ReadAction\",\"target\":[\"https:\\\/\\\/protectglobal.com\\\/de\\\/aktuelles\\\/\"]}]},{\"@type\":\"ImageObject\",\"inLanguage\":\"de\",\"@id\":\"https:\\\/\\\/protectglobal.com\\\/de\\\/aktuelles\\\/#primaryimage\",\"url\":\"https:\\\/\\\/protectglobal.com\\\/wp-content\\\/uploads\\\/2024\\\/05\\\/get-in-touch-_-download-center-_-solutions-_template_.jpg\",\"contentUrl\":\"https:\\\/\\\/protectglobal.com\\\/wp-content\\\/uploads\\\/2024\\\/05\\\/get-in-touch-_-download-center-_-solutions-_template_.jpg\",\"width\":1920,\"height\":677},{\"@type\":\"BreadcrumbList\",\"@id\":\"https:\\\/\\\/protectglobal.com\\\/de\\\/aktuelles\\\/#breadcrumb\",\"itemListElement\":[{\"@type\":\"ListItem\",\"position\":1,\"name\":\"Hjem\",\"item\":\"https:\\\/\\\/protectglobal.com\\\/de\\\/\"},{\"@type\":\"ListItem\",\"position\":2,\"name\":\"Aktuelles\"}]},{\"@type\":\"WebSite\",\"@id\":\"https:\\\/\\\/protectglobal.com\\\/de\\\/#website\",\"url\":\"https:\\\/\\\/protectglobal.com\\\/de\\\/\",\"name\":\"PROTECT Fog Cannons\u2122\",\"description\":\"Buchen Sie ein unverbindliches Einf\u00fchrungsgespr\u00e4ch mit PROTECT und sehen Sie, wie unsere Nebelkanonen Ihr Unternehmen in Sekunden sch\u00fctzen. In nur 30 Minuten erkl\u00e4ren wir die Technik, passende L\u00f6sungen und beantworten Ihre Fragen.\",\"publisher\":{\"@id\":\"https:\\\/\\\/protectglobal.com\\\/de\\\/#organization\"},\"potentialAction\":[{\"@type\":\"SearchAction\",\"target\":{\"@type\":\"EntryPoint\",\"urlTemplate\":\"https:\\\/\\\/protectglobal.com\\\/de\\\/?s={search_term_string}\"},\"query-input\":{\"@type\":\"PropertyValueSpecification\",\"valueRequired\":true,\"valueName\":\"search_term_string\"}}],\"inLanguage\":\"de\"},{\"@type\":\"Organization\",\"@id\":\"https:\\\/\\\/protectglobal.com\\\/de\\\/#organization\",\"name\":\"PROTECT Fog Cannons\u2122\",\"url\":\"https:\\\/\\\/protectglobal.com\\\/de\\\/\",\"logo\":{\"@type\":\"ImageObject\",\"inLanguage\":\"de\",\"@id\":\"https:\\\/\\\/protectglobal.com\\\/de\\\/#\\\/schema\\\/logo\\\/image\\\/\",\"url\":\"https:\\\/\\\/protectglobal.com\\\/wp-content\\\/uploads\\\/2023\\\/10\\\/logo.svg\",\"contentUrl\":\"https:\\\/\\\/protectglobal.com\\\/wp-content\\\/uploads\\\/2023\\\/10\\\/logo.svg\",\"width\":90,\"height\":40,\"caption\":\"PROTECT Fog Cannons\u2122\"},\"image\":{\"@id\":\"https:\\\/\\\/protectglobal.com\\\/de\\\/#\\\/schema\\\/logo\\\/image\\\/\"},\"sameAs\":[\"https:\\\/\\\/www.facebook.com\\\/PROTECTFogCannon\\\/\",\"https:\\\/\\\/x.com\\\/PROTECTFOG\",\"https:\\\/\\\/www.linkedin.com\\\/company\\\/protect-a-s\\\/\",\"https:\\\/\\\/www.youtube.com\\\/user\\\/PROTECTFogCannon\"],\"description\":\"PROTECT\u2122 specializes in security fog solutions, protecting valuables in retail, banks, warehouses any many other industries across more than 50 countries. With over 175,000 fog cannons installed, our systems fill rooms with dense fog in seconds, deterring burglars and preventing theft. We focus on providing reliable, durable, and easy-to-install solutions for enhanced security and peace of mind.\",\"email\":\"info@protectglobal.com\",\"telephone\":\"+45 8672 1881\",\"legalName\":\"PROTECT A\\\/S\",\"foundingDate\":\"2000-09-28\",\"vatID\":\"25687272\",\"numberOfEmployees\":{\"@type\":\"QuantitativeValue\",\"minValue\":\"11\",\"maxValue\":\"50\"}}]}<\/script>\n<!-- \/ Yoast SEO Premium plugin. -->","yoast_head_json":{"title":"Aktuelles - Mehr \u00fcber uns und die Sicherheitsnebel-Branche","description":"Bleiben Sie auf dem Laufenden \u00fcber Sicherheitsnebel, Produktneuheiten und spannende Kunden- und Installateursgeschichten.","robots":{"index":"index","follow":"follow","max-snippet":"max-snippet:-1","max-image-preview":"max-image-preview:large","max-video-preview":"max-video-preview:-1"},"canonical":"https:\/\/protectglobal.com\/de\/aktuelles\/","og_locale":"de_DE","og_type":"article","og_title":"Aktuelles","og_description":"Bleiben Sie auf dem Laufenden \u00fcber Sicherheitsnebel, Produktneuheiten und spannende Kunden- und Installateursgeschichten.","og_url":"https:\/\/protectglobal.com\/de\/aktuelles\/","og_site_name":"PROTECT Nebelkanonen\u2122","article_publisher":"https:\/\/www.facebook.com\/PROTECTFogCannon\/","article_modified_time":"2025-01-22T09:14:18+00:00","og_image":[{"width":1920,"height":677,"url":"https:\/\/protectglobal.com\/wp-content\/uploads\/2024\/05\/get-in-touch-_-download-center-_-solutions-_template_.jpg","type":"image\/jpeg"}],"twitter_card":"summary_large_image","twitter_site":"@PROTECTFOG","twitter_misc":{"Gesch\u00e4tzte Lesezeit":"1\u00a0Minute"},"schema":{"@context":"https:\/\/schema.org","@graph":[{"@type":"WebPage","@id":"https:\/\/protectglobal.com\/de\/aktuelles\/","url":"https:\/\/protectglobal.com\/de\/aktuelles\/","name":"Aktuelles - Mehr \u00fcber uns und die Sicherheitsnebel-Branche","isPartOf":{"@id":"https:\/\/protectglobal.com\/de\/#website"},"primaryImageOfPage":{"@id":"https:\/\/protectglobal.com\/de\/aktuelles\/#primaryimage"},"image":{"@id":"https:\/\/protectglobal.com\/de\/aktuelles\/#primaryimage"},"thumbnailUrl":"https:\/\/protectglobal.com\/wp-content\/uploads\/2024\/05\/get-in-touch-_-download-center-_-solutions-_template_.jpg","datePublished":"2023-10-11T08:17:57+00:00","dateModified":"2025-01-22T09:14:18+00:00","description":"Bleiben Sie auf dem Laufenden \u00fcber Sicherheitsnebel, Produktneuheiten und spannende Kunden- und Installateursgeschichten.","breadcrumb":{"@id":"https:\/\/protectglobal.com\/de\/aktuelles\/#breadcrumb"},"inLanguage":"de","potentialAction":[{"@type":"ReadAction","target":["https:\/\/protectglobal.com\/de\/aktuelles\/"]}]},{"@type":"ImageObject","inLanguage":"de","@id":"https:\/\/protectglobal.com\/de\/aktuelles\/#primaryimage","url":"https:\/\/protectglobal.com\/wp-content\/uploads\/2024\/05\/get-in-touch-_-download-center-_-solutions-_template_.jpg","contentUrl":"https:\/\/protectglobal.com\/wp-content\/uploads\/2024\/05\/get-in-touch-_-download-center-_-solutions-_template_.jpg","width":1920,"height":677},{"@type":"BreadcrumbList","@id":"https:\/\/protectglobal.com\/de\/aktuelles\/#breadcrumb","itemListElement":[{"@type":"ListItem","position":1,"name":"Hjem","item":"https:\/\/protectglobal.com\/de\/"},{"@type":"ListItem","position":2,"name":"Aktuelles"}]},{"@type":"WebSite","@id":"https:\/\/protectglobal.com\/de\/#website","url":"https:\/\/protectglobal.com\/de\/","name":"PROTECT Fog Cannons\u2122","description":"Buchen Sie ein unverbindliches Einf\u00fchrungsgespr\u00e4ch mit PROTECT und sehen Sie, wie unsere Nebelkanonen Ihr Unternehmen in Sekunden sch\u00fctzen. In nur 30 Minuten erkl\u00e4ren wir die Technik, passende L\u00f6sungen und beantworten Ihre Fragen.","publisher":{"@id":"https:\/\/protectglobal.com\/de\/#organization"},"potentialAction":[{"@type":"SearchAction","target":{"@type":"EntryPoint","urlTemplate":"https:\/\/protectglobal.com\/de\/?s={search_term_string}"},"query-input":{"@type":"PropertyValueSpecification","valueRequired":true,"valueName":"search_term_string"}}],"inLanguage":"de"},{"@type":"Organization","@id":"https:\/\/protectglobal.com\/de\/#organization","name":"PROTECT Fog Cannons\u2122","url":"https:\/\/protectglobal.com\/de\/","logo":{"@type":"ImageObject","inLanguage":"de","@id":"https:\/\/protectglobal.com\/de\/#\/schema\/logo\/image\/","url":"https:\/\/protectglobal.com\/wp-content\/uploads\/2023\/10\/logo.svg","contentUrl":"https:\/\/protectglobal.com\/wp-content\/uploads\/2023\/10\/logo.svg","width":90,"height":40,"caption":"PROTECT Fog Cannons\u2122"},"image":{"@id":"https:\/\/protectglobal.com\/de\/#\/schema\/logo\/image\/"},"sameAs":["https:\/\/www.facebook.com\/PROTECTFogCannon\/","https:\/\/x.com\/PROTECTFOG","https:\/\/www.linkedin.com\/company\/protect-a-s\/","https:\/\/www.youtube.com\/user\/PROTECTFogCannon"],"description":"PROTECT\u2122 specializes in security fog solutions, protecting valuables in retail, banks, warehouses any many other industries across more than 50 countries. With over 175,000 fog cannons installed, our systems fill rooms with dense fog in seconds, deterring burglars and preventing theft. We focus on providing reliable, durable, and easy-to-install solutions for enhanced security and peace of mind.","email":"info@protectglobal.com","telephone":"+45 8672 1881","legalName":"PROTECT A\/S","foundingDate":"2000-09-28","vatID":"25687272","numberOfEmployees":{"@type":"QuantitativeValue","minValue":"11","maxValue":"50"}}]}},"_links":{"self":[{"href":"https:\/\/protectglobal.com\/de\/wp-json\/wp\/v2\/pages\/2251","targetHints":{"allow":["GET"]}}],"collection":[{"href":"https:\/\/protectglobal.com\/de\/wp-json\/wp\/v2\/pages"}],"about":[{"href":"https:\/\/protectglobal.com\/de\/wp-json\/wp\/v2\/types\/page"}],"author":[{"embeddable":true,"href":"https:\/\/protectglobal.com\/de\/wp-json\/wp\/v2\/users\/2"}],"replies":[{"embeddable":true,"href":"https:\/\/protectglobal.com\/de\/wp-json\/wp\/v2\/comments?post=2251"}],"version-history":[{"count":7,"href":"https:\/\/protectglobal.com\/de\/wp-json\/wp\/v2\/pages\/2251\/revisions"}],"predecessor-version":[{"id":19981,"href":"https:\/\/protectglobal.com\/de\/wp-json\/wp\/v2\/pages\/2251\/revisions\/19981"}],"wp:featuredmedia":[{"embeddable":true,"href":"https:\/\/protectglobal.com\/de\/wp-json\/wp\/v2\/media\/7940"}],"wp:attachment":[{"href":"https:\/\/protectglobal.com\/de\/wp-json\/wp\/v2\/media?parent=2251"}],"curies":[{"name":"wp","href":"https:\/\/api.w.org\/{rel}","templated":true}]}}