{"id":16374,"date":"2024-06-11T08:12:37","date_gmt":"2024-06-11T08:12:37","guid":{"rendered":"https:\/\/protectglobal.com\/service\/"},"modified":"2025-01-22T09:01:57","modified_gmt":"2025-01-22T09:01:57","slug":"service","status":"publish","type":"page","link":"https:\/\/protectglobal.com\/de\/service\/","title":{"rendered":"Service"},"content":{"rendered":"\n\n\n\n    <div class=\"two-col-layout-block custom-block white py-5\" style=\"\">\n        <div class=\"container py-xxl-5\" data-aos=\"fade-in\">\n            <div class=\"row gap-4 m-auto py-xxl-5 \">\n                <blockquote class=\"col-sm p-0 m-0 content white\">\n                    <div class=\"heading-section\"> \n                                                                            <blockquote class=\"heading h2 mb-4\"><h2>J\u00e4hrliche Wartung<\/h2>\n<\/blockquote>\n                                            <\/div>\n                                            <div class=\"col-md mobile-image d-lg-none my-4\">\n                            <img decoding=\"async\" class=\"rounder lazyload\" data-src=\"https:\/\/protectglobal.com\/wp-content\/uploads\/2024\/04\/montering-af-maskine-frame-at-0m7s-1024x576.jpg\" alt=\"fog cannon installation\" src=\"data:image\/svg+xml;base64,PHN2ZyB3aWR0aD0iMSIgaGVpZ2h0PSIxIiB4bWxucz0iaHR0cDovL3d3dy53My5vcmcvMjAwMC9zdmciPjwvc3ZnPg==\" style=\"--smush-placeholder-width: 1024px; --smush-placeholder-aspect-ratio: 1024\/576;\">       \n                        <\/div>\n                           \n                                            <div class=\"body-text\"><p>Zuverl\u00e4ssigkeit ist entscheidend f\u00fcr die Wirksamkeit Ihres Sicherheitssystems, Ihr Sicherheitsgef\u00fchl und die finanziellen Folgen im Falle eines Einbruchs. Deshalb ist es wichtig, einen Service- und Supportvertrag \u00fcber die Installation der Nebelkanone mit einem autorisierten Alarmanlagenerrichter abzuschlie\u00dfen.<\/p>\n<p>&nbsp;<\/p>\n<p>Wenn pl\u00f6tzlich eine St\u00f6rung auftritt oder der Fl\u00fcssigkeitsbeh\u00e4lter ausgetauscht werden muss, sollten Sie sich an einen autorisierten Alarminstallateur wenden (in der Regel dort, wo Sie die Nebelkanone gekauft haben). \u00a0 PROTECT\u2122 empfiehlt, die Installation der Nebelkanone einmal im Jahr zu \u00fcberpr\u00fcfen.<\/p>\n<\/div>\n                    \n                                            <div class=\"button-group container-sm d-sm-flex gap-3 h-auto my-4 p-0\">  \n                            <a href=\"https:\/\/protectglobal.com\/de\/download\/service-checklist\/\" class=\"d-flex gap-3 justify-content-center justify-content-md-start button align-items-center primary\" target=\"_blank\">\n       Lesen Sie die Service-Checkliste       <i class=\"icon-chevron\"><\/i>\n    <\/a>\n                        <\/div>\n                                                        <\/blockquote>\n                                    <div  class=\"col-lg-7 d-none d-lg-block desktop-image p-0 m-0 \">\n                        <img decoding=\"async\" class=\"rounder lazyload\" data-src=\"https:\/\/protectglobal.com\/wp-content\/uploads\/2024\/04\/montering-af-maskine-frame-at-0m7s-1024x576.jpg\" alt=\"fog cannon installation\" src=\"data:image\/svg+xml;base64,PHN2ZyB3aWR0aD0iMSIgaGVpZ2h0PSIxIiB4bWxucz0iaHR0cDovL3d3dy53My5vcmcvMjAwMC9zdmciPjwvc3ZnPg==\" style=\"--smush-placeholder-width: 1024px; --smush-placeholder-aspect-ratio: 1024\/576;\">\n                        <i class=\"image-graphic d-none white\"><\/i>       \n                    <\/div>\n                       \n            <\/div>\n        <\/div>\n    <\/div>\n\n\n\n\n\n\n\n    <div class=\"two-column-list-block black-bg custom-block p-3 py-5 p-3\" style=\"\">\n        <section class=\"list-columns-wrapper container \" data-aos=\"fade-in\">\n\n\t\t\t\t\t\t\t<div class=\"font-white mb-4\"><h4>Ein Service-Check besteht in der Regel aus<\/h4>\n<\/div>\n\t\t\t\n\t\t\t<blockquote class=\"d-lg-flex flex-row-reverse justify-content-between\">\n\n                <div class=\"list-col-1\">\n                                                <ul class=\"m-0 p-0\">\n                                \n                                    <li class=\"font-white check custom-list\"><p>Full-Scale-Test, bei dem das Zusammenspiel mit allen Systemen getestet wird (auch ein m\u00f6gliches Brandmeldesystem)<\/p>\n<\/li>\n\n                                \n                                    <li class=\"font-white check custom-list\"><p>Sichtpr\u00fcfung der D\u00fcse (ist sie intakt und frei von Fremdk\u00f6rpern?)<\/p>\n<\/li>\n\n                                \n                                    <li class=\"font-white check custom-list\"><p>\u00dcberpr\u00fcfung der Sabotageschalter<\/p>\n<\/li>\n\n                                                            <\/ul>\n                        \n\n                                    <\/div>\n                <div class=\"list-col-2\">\n                                                <ul class=\"m-0 p-0\">\n                                \n                                    <li class=\"font-white check custom-list\"><p>Pr\u00fcfung der Belastbarkeit und des Alters der Batterie (Batterien, die 2 Jahre oder \u00e4lter sind, sollten immer ersetzt werden)<\/p>\n<\/li>\n\n                                \n                                    <li class=\"font-white check custom-list\"><p>\u00dcberpr\u00fcfung eventueller Fehlermeldungen an der Nebelkanone<\/p>\n<\/li>\n\n                                \n                                    <li class=\"font-white check custom-list\"><p>Verifizierung des verifizierenden Sensors<\/p>\n<\/li>\n\n                                \n                                    <li class=\"font-white check custom-list\"><p>Sichtpr\u00fcfung des Nebelfluids. Wenn es verf\u00e4rbt ist, sollte das Nebelfluid entsorgt werden<\/p>\n<\/li>\n\n                                                            <\/ul>\n                        \n\n                                    <\/div>\n\n\n            <\/blockquote>\n\n        <\/section>\n    <\/div>\n\n\n\n\n\n                <section class=\"pb-5 two-column-cards\">\n            <div class=\"container py-xxl-5 py-5\" data-aos=\"fade-in\">\n                <div class=\"row pt-5 row-cols-1\">\n                    <h2>Einfache Wartung und Instandhaltung<\/h2>\n                <\/div>\n                <div class=\"row row-cols-1 row-cols-md-2 row-gap-4\">\n                                        <div class=\"\" data-aos=\"fade-in\">\n                        <a class=\"card d-flex flex-column justify-content-end p-4 position-relative lazyload\" target=\"_blank\" href=\"https:\/\/protectglobal.com\/de\/technische-unterstuetzung-fuer-installateure\/\" style=\"border: none; background:inherit;\" data-bg=\"linear-gradient(180deg, rgba(0, 0, 0, 0.00) 0%, #000 100%), url(https:\/\/protectglobal.com\/wp-content\/uploads\/2024\/03\/montering-af-maskine-frame-at-0m17s-1024x576.jpg), lightgray 50% \/ cover no-repeat\">\n                            <blockquote>\n                                <div class=\"article-description\">\n                                    <div class=\"title\">\n                                        <h3 class=\"fs-5 font-white\">Technische Unterst\u00fctzung f\u00fcr Installateure<\/h3>\n                                    <\/div>\n                                    <p class=\"fs-6 font-white\">Die Zuverl\u00e4ssigkeit ist entscheidend f\u00fcr die Wirksamkeit Ihres Sicherheitssystems, Ihr Sicherheitsgef\u00fchl und die finanziellen Folgen im Falle eines Einbruchs.<\/p>\n                                    \n                                    <div class=\"button-group font-white d-flex container-sm mt-3 h-auto p-0 gap-3 d-flex justify-content-between align-items-center justify-content-md-start button tertiary\">\n                                        Technische Unterst\u00fctzung f\u00fcr Installateure \n                                        <div class=\"button tertiary\">\n                                            <i class=\"icon-chevron\"><\/i>\n                                        <\/div>\n                                    <\/div>\n                                <\/div>\n                            <\/blockquote>\n                        <\/a>\n                    <\/div>\n                                        <div class=\"\" data-aos=\"fade-in\">\n                        <a class=\"card d-flex flex-column justify-content-end p-4 position-relative lazyload\" target=\"_blank\" href=\"https:\/\/protectglobal.com\/de\/product\/protect-intellicloud\/\" style=\"border: none; background:inherit;\" data-bg=\"linear-gradient(180deg, rgba(0, 0, 0, 0.00) 0%, #000 100%), url(https:\/\/protectglobal.com\/wp-content\/uploads\/2024\/03\/intellicloud-pc-1.png), lightgray 50% \/ cover no-repeat\">\n                            <blockquote>\n                                <div class=\"article-description\">\n                                    <div class=\"title\">\n                                        <h3 class=\"fs-5 font-white\">Ein neues Tool zur Dienstberichterstattung<\/h3>\n                                    <\/div>\n                                    <p class=\"fs-6 font-white\">Mit IntelliCloud\u2122 k\u00f6nnen Sie Ihre Nebelkanonen von jedem Ger\u00e4t aus fern\u00fcberwachen &#8211; \u00fcberall.<\/p>\n                                    \n                                    <div class=\"button-group font-white d-flex container-sm mt-3 h-auto p-0 gap-3 d-flex justify-content-between align-items-center justify-content-md-start button tertiary\">\n                                        PROTECT IntelliCloud\u2122 \n                                        <div class=\"button tertiary\">\n                                            <i class=\"icon-chevron\"><\/i>\n                                        <\/div>\n                                    <\/div>\n                                <\/div>\n                            <\/blockquote>\n                        <\/a>\n                    <\/div>\n                                        <div class=\"\" data-aos=\"fade-in\">\n                        <a class=\"card d-flex flex-column justify-content-end p-4 position-relative lazyload\" target=\"_blank\" href=\"https:\/\/protectglobal.com\/de\/wartung\/\" style=\"border: none; background:inherit;\" data-bg=\"linear-gradient(180deg, rgba(0, 0, 0, 0.00) 0%, #000 100%), url(https:\/\/protectglobal.com\/wp-content\/uploads\/2024\/07\/montering-af-maskine-frame-at-0m39s-1024x576.jpg), lightgray 50% \/ cover no-repeat\">\n                            <blockquote>\n                                <div class=\"article-description\">\n                                    <div class=\"title\">\n                                        <h3 class=\"fs-5 font-white\">Wartung<\/h3>\n                                    <\/div>\n                                    <p class=\"fs-6 font-white\">Eine PROTECT-Nebelkanone erfordert nur minimale Wartung.<\/p>\n                                    \n                                    <div class=\"button-group font-white d-flex container-sm mt-3 h-auto p-0 gap-3 d-flex justify-content-between align-items-center justify-content-md-start button tertiary\">\n                                        Wartung \n                                        <div class=\"button tertiary\">\n                                            <i class=\"icon-chevron\"><\/i>\n                                        <\/div>\n                                    <\/div>\n                                <\/div>\n                            <\/blockquote>\n                        <\/a>\n                    <\/div>\n                                        <div class=\"\" data-aos=\"fade-in\">\n                        <a class=\"card d-flex flex-column justify-content-end p-4 position-relative lazyload\" target=\"_blank\" href=\"https:\/\/protectglobal.com\/de\/garantie\/\" style=\"border: none; background:inherit;\" data-bg=\"linear-gradient(180deg, rgba(0, 0, 0, 0.00) 0%, #000 100%), url(https:\/\/protectglobal.com\/wp-content\/uploads\/2023\/10\/c4c5e388a3bfe162c2eab822bc3abf81.png), lightgray 50% \/ cover no-repeat\">\n                            <blockquote>\n                                <div class=\"article-description\">\n                                    <div class=\"title\">\n                                        <h3 class=\"fs-5 font-white\">Garantie<\/h3>\n                                    <\/div>\n                                    <p class=\"fs-6 font-white\">Erweiterte Herstellergarantie durch hochwertige und reklamationsfreie Nebelkanonen.<\/p>\n                                    \n                                    <div class=\"button-group font-white d-flex container-sm mt-3 h-auto p-0 gap-3 d-flex justify-content-between align-items-center justify-content-md-start button tertiary\">\n                                        Garantie \n                                        <div class=\"button tertiary\">\n                                            <i class=\"icon-chevron\"><\/i>\n                                        <\/div>\n                                    <\/div>\n                                <\/div>\n                            <\/blockquote>\n                        <\/a>\n                    <\/div>\n                                    <\/div>\n            <\/div>\n        <\/section>\n    ","protected":false},"excerpt":{"rendered":"","protected":false},"author":11,"featured_media":20399,"parent":0,"menu_order":0,"comment_status":"closed","ping_status":"closed","template":"","meta":{"_acf_changed":false,"inline_featured_image":false,"footnotes":""},"class_list":["post-16374","page","type-page","status-publish","has-post-thumbnail","hentry"],"acf":[],"yoast_head":"<!-- This site is optimized with the Yoast SEO Premium plugin v27.3 (Yoast SEO v27.3) - https:\/\/yoast.com\/product\/yoast-seo-premium-wordpress\/ -->\n<title>Service - Gut gewartete Nebelkanonen f\u00fcr mehr Sicherheit<\/title>\n<meta name=\"description\" content=\"Lassen Sie Ihre PROTECT\u2122 Nebelkanone j\u00e4hrlich warten. Kontaktieren Sie zertifizierte Installateure und sichern Sie sich 5 Jahre Garantie.\" \/>\n<meta name=\"robots\" content=\"index, follow, max-snippet:-1, max-image-preview:large, max-video-preview:-1\" \/>\n<link rel=\"canonical\" href=\"https:\/\/protectglobal.com\/de\/service\/\" \/>\n<meta property=\"og:locale\" content=\"de_DE\" \/>\n<meta property=\"og:type\" content=\"article\" \/>\n<meta property=\"og:title\" content=\"Service\" \/>\n<meta property=\"og:description\" content=\"Lassen Sie Ihre PROTECT\u2122 Nebelkanone j\u00e4hrlich warten. Kontaktieren Sie zertifizierte Installateure und sichern Sie sich 5 Jahre Garantie.\" \/>\n<meta property=\"og:url\" content=\"https:\/\/protectglobal.com\/de\/service\/\" \/>\n<meta property=\"og:site_name\" content=\"PROTECT Nebelkanonen\u2122\" \/>\n<meta property=\"article:publisher\" content=\"https:\/\/www.facebook.com\/PROTECTFogCannon\/\" \/>\n<meta property=\"article:modified_time\" content=\"2025-01-22T09:01:57+00:00\" \/>\n<meta property=\"og:image\" content=\"https:\/\/protectglobal.com\/wp-content\/uploads\/2024\/09\/a4a4805_2_-1024x683.jpg\" \/>\n\t<meta property=\"og:image:width\" content=\"1024\" \/>\n\t<meta property=\"og:image:height\" content=\"683\" \/>\n\t<meta property=\"og:image:type\" content=\"image\/jpeg\" \/>\n<meta name=\"twitter:card\" content=\"summary_large_image\" \/>\n<meta name=\"twitter:site\" content=\"@PROTECTFOG\" \/>\n<meta name=\"twitter:label1\" content=\"Gesch\u00e4tzte Lesezeit\" \/>\n\t<meta name=\"twitter:data1\" content=\"1\u00a0Minute\" \/>\n<script type=\"application\/ld+json\" class=\"yoast-schema-graph\">{\"@context\":\"https:\\\/\\\/schema.org\",\"@graph\":[{\"@type\":\"WebPage\",\"@id\":\"https:\\\/\\\/protectglobal.com\\\/de\\\/service\\\/\",\"url\":\"https:\\\/\\\/protectglobal.com\\\/de\\\/service\\\/\",\"name\":\"Service - Gut gewartete Nebelkanonen f\u00fcr mehr Sicherheit\",\"isPartOf\":{\"@id\":\"https:\\\/\\\/protectglobal.com\\\/de\\\/#website\"},\"primaryImageOfPage\":{\"@id\":\"https:\\\/\\\/protectglobal.com\\\/de\\\/service\\\/#primaryimage\"},\"image\":{\"@id\":\"https:\\\/\\\/protectglobal.com\\\/de\\\/service\\\/#primaryimage\"},\"thumbnailUrl\":\"https:\\\/\\\/protectglobal.com\\\/wp-content\\\/uploads\\\/2024\\\/09\\\/a4a4805_2_-scaled.jpg\",\"datePublished\":\"2024-06-11T08:12:37+00:00\",\"dateModified\":\"2025-01-22T09:01:57+00:00\",\"description\":\"Lassen Sie Ihre PROTECT\u2122 Nebelkanone j\u00e4hrlich warten. Kontaktieren Sie zertifizierte Installateure und sichern Sie sich 5 Jahre Garantie.\",\"breadcrumb\":{\"@id\":\"https:\\\/\\\/protectglobal.com\\\/de\\\/service\\\/#breadcrumb\"},\"inLanguage\":\"de\",\"potentialAction\":[{\"@type\":\"ReadAction\",\"target\":[\"https:\\\/\\\/protectglobal.com\\\/de\\\/service\\\/\"]}]},{\"@type\":\"ImageObject\",\"inLanguage\":\"de\",\"@id\":\"https:\\\/\\\/protectglobal.com\\\/de\\\/service\\\/#primaryimage\",\"url\":\"https:\\\/\\\/protectglobal.com\\\/wp-content\\\/uploads\\\/2024\\\/09\\\/a4a4805_2_-scaled.jpg\",\"contentUrl\":\"https:\\\/\\\/protectglobal.com\\\/wp-content\\\/uploads\\\/2024\\\/09\\\/a4a4805_2_-scaled.jpg\",\"width\":5472,\"height\":3648,\"caption\":\"fog cannon service\"},{\"@type\":\"BreadcrumbList\",\"@id\":\"https:\\\/\\\/protectglobal.com\\\/de\\\/service\\\/#breadcrumb\",\"itemListElement\":[{\"@type\":\"ListItem\",\"position\":1,\"name\":\"Hjem\",\"item\":\"https:\\\/\\\/protectglobal.com\\\/de\\\/\"},{\"@type\":\"ListItem\",\"position\":2,\"name\":\"Service\"}]},{\"@type\":\"WebSite\",\"@id\":\"https:\\\/\\\/protectglobal.com\\\/de\\\/#website\",\"url\":\"https:\\\/\\\/protectglobal.com\\\/de\\\/\",\"name\":\"PROTECT Fog Cannons\u2122\",\"description\":\"Buchen Sie ein unverbindliches Einf\u00fchrungsgespr\u00e4ch mit PROTECT und sehen Sie, wie unsere Nebelkanonen Ihr Unternehmen in Sekunden sch\u00fctzen. In nur 30 Minuten erkl\u00e4ren wir die Technik, passende L\u00f6sungen und beantworten Ihre Fragen.\",\"publisher\":{\"@id\":\"https:\\\/\\\/protectglobal.com\\\/de\\\/#organization\"},\"potentialAction\":[{\"@type\":\"SearchAction\",\"target\":{\"@type\":\"EntryPoint\",\"urlTemplate\":\"https:\\\/\\\/protectglobal.com\\\/de\\\/?s={search_term_string}\"},\"query-input\":{\"@type\":\"PropertyValueSpecification\",\"valueRequired\":true,\"valueName\":\"search_term_string\"}}],\"inLanguage\":\"de\"},{\"@type\":\"Organization\",\"@id\":\"https:\\\/\\\/protectglobal.com\\\/de\\\/#organization\",\"name\":\"PROTECT Fog Cannons\u2122\",\"url\":\"https:\\\/\\\/protectglobal.com\\\/de\\\/\",\"logo\":{\"@type\":\"ImageObject\",\"inLanguage\":\"de\",\"@id\":\"https:\\\/\\\/protectglobal.com\\\/de\\\/#\\\/schema\\\/logo\\\/image\\\/\",\"url\":\"https:\\\/\\\/protectglobal.com\\\/wp-content\\\/uploads\\\/2023\\\/10\\\/logo.svg\",\"contentUrl\":\"https:\\\/\\\/protectglobal.com\\\/wp-content\\\/uploads\\\/2023\\\/10\\\/logo.svg\",\"width\":90,\"height\":40,\"caption\":\"PROTECT Fog Cannons\u2122\"},\"image\":{\"@id\":\"https:\\\/\\\/protectglobal.com\\\/de\\\/#\\\/schema\\\/logo\\\/image\\\/\"},\"sameAs\":[\"https:\\\/\\\/www.facebook.com\\\/PROTECTFogCannon\\\/\",\"https:\\\/\\\/x.com\\\/PROTECTFOG\",\"https:\\\/\\\/www.linkedin.com\\\/company\\\/protect-a-s\\\/\",\"https:\\\/\\\/www.youtube.com\\\/user\\\/PROTECTFogCannon\"],\"description\":\"PROTECT\u2122 specializes in security fog solutions, protecting valuables in retail, banks, warehouses any many other industries across more than 50 countries. With over 175,000 fog cannons installed, our systems fill rooms with dense fog in seconds, deterring burglars and preventing theft. We focus on providing reliable, durable, and easy-to-install solutions for enhanced security and peace of mind.\",\"email\":\"info@protectglobal.com\",\"telephone\":\"+45 8672 1881\",\"legalName\":\"PROTECT A\\\/S\",\"foundingDate\":\"2000-09-28\",\"vatID\":\"25687272\",\"numberOfEmployees\":{\"@type\":\"QuantitativeValue\",\"minValue\":\"11\",\"maxValue\":\"50\"}}]}<\/script>\n<!-- \/ Yoast SEO Premium plugin. -->","yoast_head_json":{"title":"Service - Gut gewartete Nebelkanonen f\u00fcr mehr Sicherheit","description":"Lassen Sie Ihre PROTECT\u2122 Nebelkanone j\u00e4hrlich warten. Kontaktieren Sie zertifizierte Installateure und sichern Sie sich 5 Jahre Garantie.","robots":{"index":"index","follow":"follow","max-snippet":"max-snippet:-1","max-image-preview":"max-image-preview:large","max-video-preview":"max-video-preview:-1"},"canonical":"https:\/\/protectglobal.com\/de\/service\/","og_locale":"de_DE","og_type":"article","og_title":"Service","og_description":"Lassen Sie Ihre PROTECT\u2122 Nebelkanone j\u00e4hrlich warten. Kontaktieren Sie zertifizierte Installateure und sichern Sie sich 5 Jahre Garantie.","og_url":"https:\/\/protectglobal.com\/de\/service\/","og_site_name":"PROTECT Nebelkanonen\u2122","article_publisher":"https:\/\/www.facebook.com\/PROTECTFogCannon\/","article_modified_time":"2025-01-22T09:01:57+00:00","og_image":[{"width":1024,"height":683,"url":"https:\/\/protectglobal.com\/wp-content\/uploads\/2024\/09\/a4a4805_2_-1024x683.jpg","type":"image\/jpeg"}],"twitter_card":"summary_large_image","twitter_site":"@PROTECTFOG","twitter_misc":{"Gesch\u00e4tzte Lesezeit":"1\u00a0Minute"},"schema":{"@context":"https:\/\/schema.org","@graph":[{"@type":"WebPage","@id":"https:\/\/protectglobal.com\/de\/service\/","url":"https:\/\/protectglobal.com\/de\/service\/","name":"Service - Gut gewartete Nebelkanonen f\u00fcr mehr Sicherheit","isPartOf":{"@id":"https:\/\/protectglobal.com\/de\/#website"},"primaryImageOfPage":{"@id":"https:\/\/protectglobal.com\/de\/service\/#primaryimage"},"image":{"@id":"https:\/\/protectglobal.com\/de\/service\/#primaryimage"},"thumbnailUrl":"https:\/\/protectglobal.com\/wp-content\/uploads\/2024\/09\/a4a4805_2_-scaled.jpg","datePublished":"2024-06-11T08:12:37+00:00","dateModified":"2025-01-22T09:01:57+00:00","description":"Lassen Sie Ihre PROTECT\u2122 Nebelkanone j\u00e4hrlich warten. Kontaktieren Sie zertifizierte Installateure und sichern Sie sich 5 Jahre Garantie.","breadcrumb":{"@id":"https:\/\/protectglobal.com\/de\/service\/#breadcrumb"},"inLanguage":"de","potentialAction":[{"@type":"ReadAction","target":["https:\/\/protectglobal.com\/de\/service\/"]}]},{"@type":"ImageObject","inLanguage":"de","@id":"https:\/\/protectglobal.com\/de\/service\/#primaryimage","url":"https:\/\/protectglobal.com\/wp-content\/uploads\/2024\/09\/a4a4805_2_-scaled.jpg","contentUrl":"https:\/\/protectglobal.com\/wp-content\/uploads\/2024\/09\/a4a4805_2_-scaled.jpg","width":5472,"height":3648,"caption":"fog cannon service"},{"@type":"BreadcrumbList","@id":"https:\/\/protectglobal.com\/de\/service\/#breadcrumb","itemListElement":[{"@type":"ListItem","position":1,"name":"Hjem","item":"https:\/\/protectglobal.com\/de\/"},{"@type":"ListItem","position":2,"name":"Service"}]},{"@type":"WebSite","@id":"https:\/\/protectglobal.com\/de\/#website","url":"https:\/\/protectglobal.com\/de\/","name":"PROTECT Fog Cannons\u2122","description":"Buchen Sie ein unverbindliches Einf\u00fchrungsgespr\u00e4ch mit PROTECT und sehen Sie, wie unsere Nebelkanonen Ihr Unternehmen in Sekunden sch\u00fctzen. In nur 30 Minuten erkl\u00e4ren wir die Technik, passende L\u00f6sungen und beantworten Ihre Fragen.","publisher":{"@id":"https:\/\/protectglobal.com\/de\/#organization"},"potentialAction":[{"@type":"SearchAction","target":{"@type":"EntryPoint","urlTemplate":"https:\/\/protectglobal.com\/de\/?s={search_term_string}"},"query-input":{"@type":"PropertyValueSpecification","valueRequired":true,"valueName":"search_term_string"}}],"inLanguage":"de"},{"@type":"Organization","@id":"https:\/\/protectglobal.com\/de\/#organization","name":"PROTECT Fog Cannons\u2122","url":"https:\/\/protectglobal.com\/de\/","logo":{"@type":"ImageObject","inLanguage":"de","@id":"https:\/\/protectglobal.com\/de\/#\/schema\/logo\/image\/","url":"https:\/\/protectglobal.com\/wp-content\/uploads\/2023\/10\/logo.svg","contentUrl":"https:\/\/protectglobal.com\/wp-content\/uploads\/2023\/10\/logo.svg","width":90,"height":40,"caption":"PROTECT Fog Cannons\u2122"},"image":{"@id":"https:\/\/protectglobal.com\/de\/#\/schema\/logo\/image\/"},"sameAs":["https:\/\/www.facebook.com\/PROTECTFogCannon\/","https:\/\/x.com\/PROTECTFOG","https:\/\/www.linkedin.com\/company\/protect-a-s\/","https:\/\/www.youtube.com\/user\/PROTECTFogCannon"],"description":"PROTECT\u2122 specializes in security fog solutions, protecting valuables in retail, banks, warehouses any many other industries across more than 50 countries. With over 175,000 fog cannons installed, our systems fill rooms with dense fog in seconds, deterring burglars and preventing theft. We focus on providing reliable, durable, and easy-to-install solutions for enhanced security and peace of mind.","email":"info@protectglobal.com","telephone":"+45 8672 1881","legalName":"PROTECT A\/S","foundingDate":"2000-09-28","vatID":"25687272","numberOfEmployees":{"@type":"QuantitativeValue","minValue":"11","maxValue":"50"}}]}},"_links":{"self":[{"href":"https:\/\/protectglobal.com\/de\/wp-json\/wp\/v2\/pages\/16374","targetHints":{"allow":["GET"]}}],"collection":[{"href":"https:\/\/protectglobal.com\/de\/wp-json\/wp\/v2\/pages"}],"about":[{"href":"https:\/\/protectglobal.com\/de\/wp-json\/wp\/v2\/types\/page"}],"author":[{"embeddable":true,"href":"https:\/\/protectglobal.com\/de\/wp-json\/wp\/v2\/users\/11"}],"replies":[{"embeddable":true,"href":"https:\/\/protectglobal.com\/de\/wp-json\/wp\/v2\/comments?post=16374"}],"version-history":[{"count":5,"href":"https:\/\/protectglobal.com\/de\/wp-json\/wp\/v2\/pages\/16374\/revisions"}],"predecessor-version":[{"id":25631,"href":"https:\/\/protectglobal.com\/de\/wp-json\/wp\/v2\/pages\/16374\/revisions\/25631"}],"wp:featuredmedia":[{"embeddable":true,"href":"https:\/\/protectglobal.com\/de\/wp-json\/wp\/v2\/media\/20399"}],"wp:attachment":[{"href":"https:\/\/protectglobal.com\/de\/wp-json\/wp\/v2\/media?parent=16374"}],"curies":[{"name":"wp","href":"https:\/\/api.w.org\/{rel}","templated":true}]}}