{"id":16356,"date":"2024-07-14T10:28:31","date_gmt":"2024-07-14T10:28:31","guid":{"rendered":"https:\/\/protectglobal.com\/maintenance\/"},"modified":"2025-01-21T13:22:07","modified_gmt":"2025-01-21T13:22:07","slug":"wartung","status":"publish","type":"page","link":"https:\/\/protectglobal.com\/de\/wartung\/","title":{"rendered":"Wartung"},"content":{"rendered":"\n<p><\/p>\n\n\n\n\n\n\n    <div class=\"two-col-layout-block custom-block white py-5\" style=\"\">\n        <div class=\"container py-xxl-5\" data-aos=\"fade-in\">\n            <div class=\"row gap-4 m-auto py-xxl-5 \">\n                <blockquote class=\"col-sm p-0 m-0 content white\">\n                    <div class=\"heading-section\"> \n                                                                            <blockquote class=\"heading h2 mb-4\"><h2>Wartung und <span style=\"color: #3f75ff;\">Reinigung<\/span><\/h2>\n<\/blockquote>\n                                            <\/div>\n                                            <div class=\"col-md mobile-image d-lg-none my-4\">\n                            <img decoding=\"async\" class=\"rounder lazyload\" data-src=\"https:\/\/protectglobal.com\/wp-content\/uploads\/2024\/07\/montering-af-maskine-frame-at-0m26s-1024x576.jpg\" alt=\"fog cannon warranty\" src=\"data:image\/svg+xml;base64,PHN2ZyB3aWR0aD0iMSIgaGVpZ2h0PSIxIiB4bWxucz0iaHR0cDovL3d3dy53My5vcmcvMjAwMC9zdmciPjwvc3ZnPg==\" style=\"--smush-placeholder-width: 1024px; --smush-placeholder-aspect-ratio: 1024\/576;\">       \n                        <\/div>\n                           \n                                            <div class=\"body-text\"><p>W\u00e4hrend Wartung und Reinigung vom Benutzer durchgef\u00fchrt werden k\u00f6nnen, m\u00fcssen Service und m\u00f6gliche Fehlersuche immer von einem autorisierten Alarmanlageninstallateur durchgef\u00fchrt werden. Weitere Informationen finden Sie unter <a href=\"https:\/\/protectglobal.com\/de\/service\/\" target=\"_blank\" rel=\"noopener\" data-type=\"\" data-id=\"\">Service Support<\/a>.<\/p>\n<p>&nbsp;<\/p>\n<p>Eine PROTECT Nebelkanone erfordert nur minimale Wartung. Sie wird mit einem trockenen Staubtuch oder einem leicht feuchten Tuch ohne Reinigungsmittel, Chemikalien oder L\u00f6sungsmittel gereinigt.<\/p>\n<p>&nbsp;<\/p>\n<p>Im Falle einer Aktivierung der Nebelkanone empfehlen wir eine effektive Bel\u00fcftung f\u00fcr 20 Minuten innerhalb der ersten Stunde. Wenn der Raum nicht rechtzeitig gel\u00fcftet wird, besteht die Gefahr der Kondensation der Nebelpartikel. Das Kondenswasser ist harmlos und kann durch Abwischen aller horizontalen Fl\u00e4chen im Raum mit einem leicht angefeuchteten Tuch ohne Reinigungsmittel, Chemikalien oder L\u00f6sungsmittel entfernt werden.<\/p>\n<section class=\"media custom-block my-4\" data-aos=\"fade-in\"><\/section>\n<\/div>\n                    \n                                            <div class=\"button-group container-sm d-sm-flex gap-3 h-auto my-4 p-0\">  \n                                                <\/div>\n                                                        <\/blockquote>\n                                    <div  class=\"col-lg-7 d-none d-lg-block desktop-image p-0 m-0 \">\n                        <img decoding=\"async\" class=\"rounder lazyload\" data-src=\"https:\/\/protectglobal.com\/wp-content\/uploads\/2024\/07\/montering-af-maskine-frame-at-0m26s-1024x576.jpg\" alt=\"fog cannon warranty\" src=\"data:image\/svg+xml;base64,PHN2ZyB3aWR0aD0iMSIgaGVpZ2h0PSIxIiB4bWxucz0iaHR0cDovL3d3dy53My5vcmcvMjAwMC9zdmciPjwvc3ZnPg==\" style=\"--smush-placeholder-width: 1024px; --smush-placeholder-aspect-ratio: 1024\/576;\">\n                        <i class=\"image-graphic d-block white\"><\/i>       \n                    <\/div>\n                       \n            <\/div>\n        <\/div>\n    <\/div>\n\n\n\n\n\n\n\n    <div class=\"two-column-list-block black-bg custom-block p-3 py-5 p-3\" style=\"\">\n        <section class=\"list-columns-wrapper container \" data-aos=\"fade-in\">\n\n\t\t\t\t\t\t\t<div class=\"font-white mb-4\"><h2 class=\"list-title mb-3\">Warnungen<\/h2>\n<\/div>\n\t\t\t\n\t\t\t<blockquote class=\"d-lg-flex flex-row-reverse justify-content-between\">\n\n                <div class=\"list-col-1\">\n                                                <ul class=\"m-0 p-0\">\n                                \n                                    <li class=\"font-white exclaim custom-list\"><p>Nebelfluid, das im Zusammenhang mit der Aktivierung des Systems oder der Handhabung von Nebelfluid auf den Boden unter der Maschine getropft ist, muss wegen der Rutsch- und Sturzgefahr sofort entfernt werden<\/p>\n<\/li>\n\n                                \n                                    <li class=\"font-white exclaim custom-list\"><p>Das System ist f\u00fcr den Einsatz in einem trockenen Raumklima hergestellt und darf daher nicht im Freien oder in Feuchtr\u00e4umen aufgestellt werden<\/p>\n<\/li>\n\n                                \n                                    <li class=\"font-white exclaim custom-list\"><p>Das Nebelfluid darf nicht verschluckt werden und muss von Kindern und Tieren ferngehalten werden. Im Falle des Verschluckens: Sofort einen Arzt aufsuchen<\/p>\n<\/li>\n\n                                                            <\/ul>\n                        \n\n                                    <\/div>\n                <div class=\"list-col-2\">\n                                                <ul class=\"m-0 p-0\">\n                                \n                                    <li class=\"font-white exclaim custom-list\"><p>Ber\u00fchren Sie niemals die D\u00fcse oder das Gitter vor der D\u00fcse. Sie k\u00f6nnen hei\u00df sein und Verbrennungen verursachen. Schauen Sie nicht direkt in die D\u00fcse  <\/p>\n<\/li>\n\n                                \n                                    <li class=\"font-white exclaim custom-list\"><p>Entflammbare oder hitzeempfindliche Gegenst\u00e4nde m\u00fcssen mindestens 35 cm von der D\u00fcse entfernt sein<\/p>\n<\/li>\n\n                                \n                                    <li class=\"font-white exclaim custom-list\"><p>Kontakt mit den Augen ist zu vermeiden. Bei Ber\u00fchrung mit den Augen sofort mindestens 15 Minuten lang mit klarem Wasser aussp\u00fclen. Wenn die Reizung anh\u00e4lt, einen Arzt aufsuchen. Bei direktem Kontakt mit der Haut gr\u00fcndlich mit Wasser und Seife abwaschen<\/p>\n<\/li>\n\n                                                            <\/ul>\n                        \n\n                                    <\/div>\n\n\n            <\/blockquote>\n\n        <\/section>\n    <\/div>\n\n\n\n\n\n\n\n\n    <div class=\"two-col-layout-block custom-block white py-5\" style=\"\">\n        <div class=\"container py-xxl-5\" data-aos=\"fade-in\">\n            <div class=\"row gap-4 m-auto py-xxl-5 flipped\">\n                <blockquote class=\"col-sm p-0 m-0 content white\">\n                    <div class=\"heading-section\"> \n                                                    <p class=\"mb-4 small section-label\">PROTECT-Nebelfluid<\/p>\n                                                                            <blockquote class=\"heading h2 mb-4\"><h2>Auswechseln des Nebelfluidbeh\u00e4lters<\/h2>\n<\/blockquote>\n                                            <\/div>\n                                            <div class=\"col-md mobile-image d-lg-none my-4\">\n                            <img decoding=\"async\" class=\"rounder lazyload\" data-src=\"https:\/\/protectglobal.com\/wp-content\/uploads\/2024\/07\/a4a4680-1024x683.jpg\" alt=\"fluid change\" src=\"data:image\/svg+xml;base64,PHN2ZyB3aWR0aD0iMSIgaGVpZ2h0PSIxIiB4bWxucz0iaHR0cDovL3d3dy53My5vcmcvMjAwMC9zdmciPjwvc3ZnPg==\" style=\"--smush-placeholder-width: 1024px; --smush-placeholder-aspect-ratio: 1024\/683;\">       \n                        <\/div>\n                           \n                                            <div class=\"body-text\"><p>Ein PROTECT QUMULUS\u00ae (hergestellt nach dem 1. September 2014) und PROTECT Xtratus\u00ae sind so konzipiert, dass Sie als Anwender den Nebelfluidbeh\u00e4lter selbst austauschen k\u00f6nnen.<\/p>\n<p>&nbsp;<\/p>\n<p>Fl\u00fcssigkeitsbeh\u00e4lter f\u00fcr andere Modelle m\u00fcssen von einem autorisierten Alarmanlageninstallateur ausgetauscht werden.<\/p>\n<p>&nbsp;<\/p>\n<p>Die Haltbarkeitsdauer eines unge\u00f6ffneten Beh\u00e4lters betr\u00e4gt 5 Jahre und 2 Jahre ab dem Installationsdatum. Wenn sich das Nebelfluid verf\u00e4rbt, sollte es entsorgt werden.<\/p>\n<\/div>\n                    \n                                            <div class=\"button-group container-sm d-sm-flex gap-3 h-auto my-4 p-0\">  \n                            <a href=\"https:\/\/protectglobal.com\/de\/product-category\/fluessigkeitsbehaelters\/\" class=\"d-flex gap-3 justify-content-center justify-content-md-start button align-items-center primary\" target=\"_blank\">\n       Nebelfluid Produkte       <i class=\"icon-chevron\"><\/i>\n    <\/a>\n                        <\/div>\n                                                        <\/blockquote>\n                                    <div  class=\"col-lg-7 d-none d-lg-block desktop-image p-0 m-0 flipped\">\n                        <img decoding=\"async\" class=\"rounder lazyload\" data-src=\"https:\/\/protectglobal.com\/wp-content\/uploads\/2024\/07\/a4a4680-1024x683.jpg\" alt=\"fluid change\" src=\"data:image\/svg+xml;base64,PHN2ZyB3aWR0aD0iMSIgaGVpZ2h0PSIxIiB4bWxucz0iaHR0cDovL3d3dy53My5vcmcvMjAwMC9zdmciPjwvc3ZnPg==\" style=\"--smush-placeholder-width: 1024px; --smush-placeholder-aspect-ratio: 1024\/683;\">\n                        <i class=\"image-graphic d-none white\"><\/i>       \n                    <\/div>\n                       \n            <\/div>\n        <\/div>\n    <\/div>\n\n","protected":false},"excerpt":{"rendered":"","protected":false},"author":10,"featured_media":6294,"parent":0,"menu_order":0,"comment_status":"closed","ping_status":"closed","template":"","meta":{"_acf_changed":false,"inline_featured_image":false,"footnotes":""},"class_list":["post-16356","page","type-page","status-publish","has-post-thumbnail","hentry"],"acf":[],"yoast_head":"<!-- This site is optimized with the Yoast SEO Premium plugin v27.3 (Yoast SEO v27.3) - https:\/\/yoast.com\/product\/yoast-seo-premium-wordpress\/ -->\n<title>Wartung - Minimaler Wartungsaufwand<\/title>\n<meta name=\"description\" content=\"Sorgen Sie f\u00fcr optimale Leistung und Sicherheit Ihrer PROTECT Nebelkanone. Erfahren Sie mehr \u00fcber Reinigung und Warnhinweise.\" \/>\n<meta name=\"robots\" content=\"index, follow, max-snippet:-1, max-image-preview:large, max-video-preview:-1\" \/>\n<link rel=\"canonical\" href=\"https:\/\/protectglobal.com\/de\/wartung\/\" \/>\n<meta property=\"og:locale\" content=\"de_DE\" \/>\n<meta property=\"og:type\" content=\"article\" \/>\n<meta property=\"og:title\" content=\"Wartung\" \/>\n<meta property=\"og:description\" content=\"Sorgen Sie f\u00fcr optimale Leistung und Sicherheit Ihrer PROTECT Nebelkanone. Erfahren Sie mehr \u00fcber Reinigung und Warnhinweise.\" \/>\n<meta property=\"og:url\" content=\"https:\/\/protectglobal.com\/de\/wartung\/\" \/>\n<meta property=\"og:site_name\" content=\"PROTECT Nebelkanonen\u2122\" \/>\n<meta property=\"article:publisher\" content=\"https:\/\/www.facebook.com\/PROTECTFogCannon\/\" \/>\n<meta property=\"article:modified_time\" content=\"2025-01-21T13:22:07+00:00\" \/>\n<meta property=\"og:image\" content=\"https:\/\/protectglobal.com\/wp-content\/uploads\/2024\/03\/montering-af-maskine-frame-at-0m13s.jpg\" \/>\n\t<meta property=\"og:image:width\" content=\"1920\" \/>\n\t<meta property=\"og:image:height\" content=\"1080\" \/>\n\t<meta property=\"og:image:type\" content=\"image\/jpeg\" \/>\n<meta name=\"twitter:card\" content=\"summary_large_image\" \/>\n<meta name=\"twitter:site\" content=\"@PROTECTFOG\" \/>\n<meta name=\"twitter:label1\" content=\"Gesch\u00e4tzte Lesezeit\" \/>\n\t<meta name=\"twitter:data1\" content=\"1\u00a0Minute\" \/>\n<script type=\"application\/ld+json\" class=\"yoast-schema-graph\">{\"@context\":\"https:\\\/\\\/schema.org\",\"@graph\":[{\"@type\":\"WebPage\",\"@id\":\"https:\\\/\\\/protectglobal.com\\\/de\\\/wartung\\\/\",\"url\":\"https:\\\/\\\/protectglobal.com\\\/de\\\/wartung\\\/\",\"name\":\"Wartung - Minimaler Wartungsaufwand\",\"isPartOf\":{\"@id\":\"https:\\\/\\\/protectglobal.com\\\/de\\\/#website\"},\"primaryImageOfPage\":{\"@id\":\"https:\\\/\\\/protectglobal.com\\\/de\\\/wartung\\\/#primaryimage\"},\"image\":{\"@id\":\"https:\\\/\\\/protectglobal.com\\\/de\\\/wartung\\\/#primaryimage\"},\"thumbnailUrl\":\"https:\\\/\\\/protectglobal.com\\\/wp-content\\\/uploads\\\/2024\\\/03\\\/montering-af-maskine-frame-at-0m13s.jpg\",\"datePublished\":\"2024-07-14T10:28:31+00:00\",\"dateModified\":\"2025-01-21T13:22:07+00:00\",\"description\":\"Sorgen Sie f\u00fcr optimale Leistung und Sicherheit Ihrer PROTECT Nebelkanone. Erfahren Sie mehr \u00fcber Reinigung und Warnhinweise.\",\"breadcrumb\":{\"@id\":\"https:\\\/\\\/protectglobal.com\\\/de\\\/wartung\\\/#breadcrumb\"},\"inLanguage\":\"de\",\"potentialAction\":[{\"@type\":\"ReadAction\",\"target\":[\"https:\\\/\\\/protectglobal.com\\\/de\\\/wartung\\\/\"]}]},{\"@type\":\"ImageObject\",\"inLanguage\":\"de\",\"@id\":\"https:\\\/\\\/protectglobal.com\\\/de\\\/wartung\\\/#primaryimage\",\"url\":\"https:\\\/\\\/protectglobal.com\\\/wp-content\\\/uploads\\\/2024\\\/03\\\/montering-af-maskine-frame-at-0m13s.jpg\",\"contentUrl\":\"https:\\\/\\\/protectglobal.com\\\/wp-content\\\/uploads\\\/2024\\\/03\\\/montering-af-maskine-frame-at-0m13s.jpg\",\"width\":1920,\"height\":1080,\"caption\":\"fog cannon connection\"},{\"@type\":\"BreadcrumbList\",\"@id\":\"https:\\\/\\\/protectglobal.com\\\/de\\\/wartung\\\/#breadcrumb\",\"itemListElement\":[{\"@type\":\"ListItem\",\"position\":1,\"name\":\"Hjem\",\"item\":\"https:\\\/\\\/protectglobal.com\\\/de\\\/\"},{\"@type\":\"ListItem\",\"position\":2,\"name\":\"Wartung\"}]},{\"@type\":\"WebSite\",\"@id\":\"https:\\\/\\\/protectglobal.com\\\/de\\\/#website\",\"url\":\"https:\\\/\\\/protectglobal.com\\\/de\\\/\",\"name\":\"PROTECT Fog Cannons\u2122\",\"description\":\"Buchen Sie ein unverbindliches Einf\u00fchrungsgespr\u00e4ch mit PROTECT und sehen Sie, wie unsere Nebelkanonen Ihr Unternehmen in Sekunden sch\u00fctzen. In nur 30 Minuten erkl\u00e4ren wir die Technik, passende L\u00f6sungen und beantworten Ihre Fragen.\",\"publisher\":{\"@id\":\"https:\\\/\\\/protectglobal.com\\\/de\\\/#organization\"},\"potentialAction\":[{\"@type\":\"SearchAction\",\"target\":{\"@type\":\"EntryPoint\",\"urlTemplate\":\"https:\\\/\\\/protectglobal.com\\\/de\\\/?s={search_term_string}\"},\"query-input\":{\"@type\":\"PropertyValueSpecification\",\"valueRequired\":true,\"valueName\":\"search_term_string\"}}],\"inLanguage\":\"de\"},{\"@type\":\"Organization\",\"@id\":\"https:\\\/\\\/protectglobal.com\\\/de\\\/#organization\",\"name\":\"PROTECT Fog Cannons\u2122\",\"url\":\"https:\\\/\\\/protectglobal.com\\\/de\\\/\",\"logo\":{\"@type\":\"ImageObject\",\"inLanguage\":\"de\",\"@id\":\"https:\\\/\\\/protectglobal.com\\\/de\\\/#\\\/schema\\\/logo\\\/image\\\/\",\"url\":\"https:\\\/\\\/protectglobal.com\\\/wp-content\\\/uploads\\\/2023\\\/10\\\/logo.svg\",\"contentUrl\":\"https:\\\/\\\/protectglobal.com\\\/wp-content\\\/uploads\\\/2023\\\/10\\\/logo.svg\",\"width\":90,\"height\":40,\"caption\":\"PROTECT Fog Cannons\u2122\"},\"image\":{\"@id\":\"https:\\\/\\\/protectglobal.com\\\/de\\\/#\\\/schema\\\/logo\\\/image\\\/\"},\"sameAs\":[\"https:\\\/\\\/www.facebook.com\\\/PROTECTFogCannon\\\/\",\"https:\\\/\\\/x.com\\\/PROTECTFOG\",\"https:\\\/\\\/www.linkedin.com\\\/company\\\/protect-a-s\\\/\",\"https:\\\/\\\/www.youtube.com\\\/user\\\/PROTECTFogCannon\"],\"description\":\"PROTECT\u2122 specializes in security fog solutions, protecting valuables in retail, banks, warehouses any many other industries across more than 50 countries. With over 175,000 fog cannons installed, our systems fill rooms with dense fog in seconds, deterring burglars and preventing theft. We focus on providing reliable, durable, and easy-to-install solutions for enhanced security and peace of mind.\",\"email\":\"info@protectglobal.com\",\"telephone\":\"+45 8672 1881\",\"legalName\":\"PROTECT A\\\/S\",\"foundingDate\":\"2000-09-28\",\"vatID\":\"25687272\",\"numberOfEmployees\":{\"@type\":\"QuantitativeValue\",\"minValue\":\"11\",\"maxValue\":\"50\"}}]}<\/script>\n<!-- \/ Yoast SEO Premium plugin. -->","yoast_head_json":{"title":"Wartung - Minimaler Wartungsaufwand","description":"Sorgen Sie f\u00fcr optimale Leistung und Sicherheit Ihrer PROTECT Nebelkanone. Erfahren Sie mehr \u00fcber Reinigung und Warnhinweise.","robots":{"index":"index","follow":"follow","max-snippet":"max-snippet:-1","max-image-preview":"max-image-preview:large","max-video-preview":"max-video-preview:-1"},"canonical":"https:\/\/protectglobal.com\/de\/wartung\/","og_locale":"de_DE","og_type":"article","og_title":"Wartung","og_description":"Sorgen Sie f\u00fcr optimale Leistung und Sicherheit Ihrer PROTECT Nebelkanone. Erfahren Sie mehr \u00fcber Reinigung und Warnhinweise.","og_url":"https:\/\/protectglobal.com\/de\/wartung\/","og_site_name":"PROTECT Nebelkanonen\u2122","article_publisher":"https:\/\/www.facebook.com\/PROTECTFogCannon\/","article_modified_time":"2025-01-21T13:22:07+00:00","og_image":[{"width":1920,"height":1080,"url":"https:\/\/protectglobal.com\/wp-content\/uploads\/2024\/03\/montering-af-maskine-frame-at-0m13s.jpg","type":"image\/jpeg"}],"twitter_card":"summary_large_image","twitter_site":"@PROTECTFOG","twitter_misc":{"Gesch\u00e4tzte Lesezeit":"1\u00a0Minute"},"schema":{"@context":"https:\/\/schema.org","@graph":[{"@type":"WebPage","@id":"https:\/\/protectglobal.com\/de\/wartung\/","url":"https:\/\/protectglobal.com\/de\/wartung\/","name":"Wartung - Minimaler Wartungsaufwand","isPartOf":{"@id":"https:\/\/protectglobal.com\/de\/#website"},"primaryImageOfPage":{"@id":"https:\/\/protectglobal.com\/de\/wartung\/#primaryimage"},"image":{"@id":"https:\/\/protectglobal.com\/de\/wartung\/#primaryimage"},"thumbnailUrl":"https:\/\/protectglobal.com\/wp-content\/uploads\/2024\/03\/montering-af-maskine-frame-at-0m13s.jpg","datePublished":"2024-07-14T10:28:31+00:00","dateModified":"2025-01-21T13:22:07+00:00","description":"Sorgen Sie f\u00fcr optimale Leistung und Sicherheit Ihrer PROTECT Nebelkanone. Erfahren Sie mehr \u00fcber Reinigung und Warnhinweise.","breadcrumb":{"@id":"https:\/\/protectglobal.com\/de\/wartung\/#breadcrumb"},"inLanguage":"de","potentialAction":[{"@type":"ReadAction","target":["https:\/\/protectglobal.com\/de\/wartung\/"]}]},{"@type":"ImageObject","inLanguage":"de","@id":"https:\/\/protectglobal.com\/de\/wartung\/#primaryimage","url":"https:\/\/protectglobal.com\/wp-content\/uploads\/2024\/03\/montering-af-maskine-frame-at-0m13s.jpg","contentUrl":"https:\/\/protectglobal.com\/wp-content\/uploads\/2024\/03\/montering-af-maskine-frame-at-0m13s.jpg","width":1920,"height":1080,"caption":"fog cannon connection"},{"@type":"BreadcrumbList","@id":"https:\/\/protectglobal.com\/de\/wartung\/#breadcrumb","itemListElement":[{"@type":"ListItem","position":1,"name":"Hjem","item":"https:\/\/protectglobal.com\/de\/"},{"@type":"ListItem","position":2,"name":"Wartung"}]},{"@type":"WebSite","@id":"https:\/\/protectglobal.com\/de\/#website","url":"https:\/\/protectglobal.com\/de\/","name":"PROTECT Fog Cannons\u2122","description":"Buchen Sie ein unverbindliches Einf\u00fchrungsgespr\u00e4ch mit PROTECT und sehen Sie, wie unsere Nebelkanonen Ihr Unternehmen in Sekunden sch\u00fctzen. In nur 30 Minuten erkl\u00e4ren wir die Technik, passende L\u00f6sungen und beantworten Ihre Fragen.","publisher":{"@id":"https:\/\/protectglobal.com\/de\/#organization"},"potentialAction":[{"@type":"SearchAction","target":{"@type":"EntryPoint","urlTemplate":"https:\/\/protectglobal.com\/de\/?s={search_term_string}"},"query-input":{"@type":"PropertyValueSpecification","valueRequired":true,"valueName":"search_term_string"}}],"inLanguage":"de"},{"@type":"Organization","@id":"https:\/\/protectglobal.com\/de\/#organization","name":"PROTECT Fog Cannons\u2122","url":"https:\/\/protectglobal.com\/de\/","logo":{"@type":"ImageObject","inLanguage":"de","@id":"https:\/\/protectglobal.com\/de\/#\/schema\/logo\/image\/","url":"https:\/\/protectglobal.com\/wp-content\/uploads\/2023\/10\/logo.svg","contentUrl":"https:\/\/protectglobal.com\/wp-content\/uploads\/2023\/10\/logo.svg","width":90,"height":40,"caption":"PROTECT Fog Cannons\u2122"},"image":{"@id":"https:\/\/protectglobal.com\/de\/#\/schema\/logo\/image\/"},"sameAs":["https:\/\/www.facebook.com\/PROTECTFogCannon\/","https:\/\/x.com\/PROTECTFOG","https:\/\/www.linkedin.com\/company\/protect-a-s\/","https:\/\/www.youtube.com\/user\/PROTECTFogCannon"],"description":"PROTECT\u2122 specializes in security fog solutions, protecting valuables in retail, banks, warehouses any many other industries across more than 50 countries. With over 175,000 fog cannons installed, our systems fill rooms with dense fog in seconds, deterring burglars and preventing theft. We focus on providing reliable, durable, and easy-to-install solutions for enhanced security and peace of mind.","email":"info@protectglobal.com","telephone":"+45 8672 1881","legalName":"PROTECT A\/S","foundingDate":"2000-09-28","vatID":"25687272","numberOfEmployees":{"@type":"QuantitativeValue","minValue":"11","maxValue":"50"}}]}},"_links":{"self":[{"href":"https:\/\/protectglobal.com\/de\/wp-json\/wp\/v2\/pages\/16356","targetHints":{"allow":["GET"]}}],"collection":[{"href":"https:\/\/protectglobal.com\/de\/wp-json\/wp\/v2\/pages"}],"about":[{"href":"https:\/\/protectglobal.com\/de\/wp-json\/wp\/v2\/types\/page"}],"author":[{"embeddable":true,"href":"https:\/\/protectglobal.com\/de\/wp-json\/wp\/v2\/users\/10"}],"replies":[{"embeddable":true,"href":"https:\/\/protectglobal.com\/de\/wp-json\/wp\/v2\/comments?post=16356"}],"version-history":[{"count":5,"href":"https:\/\/protectglobal.com\/de\/wp-json\/wp\/v2\/pages\/16356\/revisions"}],"predecessor-version":[{"id":25632,"href":"https:\/\/protectglobal.com\/de\/wp-json\/wp\/v2\/pages\/16356\/revisions\/25632"}],"wp:featuredmedia":[{"embeddable":true,"href":"https:\/\/protectglobal.com\/de\/wp-json\/wp\/v2\/media\/6294"}],"wp:attachment":[{"href":"https:\/\/protectglobal.com\/de\/wp-json\/wp\/v2\/media?parent=16356"}],"curies":[{"name":"wp","href":"https:\/\/api.w.org\/{rel}","templated":true}]}}