{"id":4653,"date":"2023-05-19T11:32:00","date_gmt":"2023-05-19T11:32:00","guid":{"rendered":"https:\/\/protectglobal.com\/?post_type=product&#038;p=4653"},"modified":"2025-02-25T10:05:36","modified_gmt":"2025-02-25T10:05:36","slug":"xtra-taagevaeske-3l","status":"publish","type":"product","link":"https:\/\/protectglobal.com\/da\/product\/xtra-taagevaeske-3l\/","title":{"rendered":"XTRA+ T\u00e5gev\u00e6ske 3L"},"content":{"rendered":"\n\n<section class=\"content-toggle-block custom-block black py-5\" style=\"\">\n    <section class=\"py-xxl-5 py-5\">\n                <div class=\"switchable-content\">\n            <!-- Content option 1 -->\n                                                                <div class=\"content-option option-1 container\" aria-hidden=\"false\">\n                        <section class=\"row gap-lg-5\">\n                                                            <section class=\"column-1 col-12 col-lg mb-5 mb-lg-0\">\n                                    <blockquote class=\"mb-4 h2 font-white\"><h2><span style=\"color: #3f75ff;\">XTRA+ t\u00e5gev\u00e6ske<\/span> i faste refill*-beholdere til 2200i\u2122 Fog Cannon<\/h2>\n<\/blockquote>\n                                    <blockquote class=\"mb-5 fs-6 body-text font-white\"><p>PROTECT\u2122 XTRA+ t\u00e5gev\u00e6ske forvandles til en t\u00e6t, t\u00f8r og hvid t\u00e5ge, der ligner r\u00f8g, men som er helt ugiftig og yderst effektiv til at afskr\u00e6kke kriminelle aktiviteter. Den kaldes XTRA+ p\u00e5 grund af sin lange h\u00e6ngetid p\u00e5 op til en time og sikrer vedvarende d\u00e6kning i lukkede rum. <\/p>\n<\/blockquote>\n                                    \n                                                                    <\/section>\n                                                                                            <section class=\"col-lg col-12 column-2 \">\n                                    <section class=\"accordion\">\n                                                                                    <div class=\"acc-item d-flex flex-column gap-3 pb-3 \">\n                                                <button class=\"acc-button w-100 text-start p-0 d-flex justify-content-between \">\n                                                    <h4 class=\"mb-0 fs-5\">Ventilation efter t\u00e5ge<\/h4>\n                                                    <svg class=\"acc-icon\" width=\"20\" height=\"20\" viewBox=\"0 0 20 20\" fill=\"none\" xmlns=\"http:\/\/www.w3.org\/2000\/svg\">\n                                                        <g clip-path=\"url(#clip0_2099_15870)\">\n                                                            <rect x=\"24.1421\" y=\"-2.28516\" width=\"5\" height=\"25\" transform=\"rotate(45 24.1421 -2.28516)\" fill=\"#DCDCDC\"\/>\n                                                            <rect x=\"-7.67773\" y=\"1.25\" width=\"5\" height=\"17.5\" transform=\"rotate(-45 -7.67773 1.25)\" fill=\"#DCDCDC\"\/>\n                                                        <\/g>\n                                                        <defs>\n                                                            <clipPath id=\"clip0_2099_15870\">\n                                                                <rect width=\"20\" height=\"20\" fill=\"white\" transform=\"translate(20) rotate(90)\"\/>\n                                                            <\/clipPath>\n                                                        <\/defs>\n                                                    <\/svg>\n                                                <\/button>\n                                                <div class=\"acc-content \" aria-hidden=\"true\">\n                                                    <blockquote class=\"body-text font-white\"><p>Efter aktivering af t\u00e5gen anbefales det at ventilere omr\u00e5det i mindst 20 minutter inden for den f\u00f8rste time for at genoprette luftkvaliteten og sigtbarheden. Denne forholdsregel underst\u00f8tter sikker praksis efter t\u00e5geudledning. <\/p>\n<\/blockquote>\n                                                <\/div>\n                                            <\/div>\n                                                                                    <div class=\"acc-item d-flex flex-column gap-3 pb-3 \">\n                                                <button class=\"acc-button w-100 text-start p-0 d-flex justify-content-between \">\n                                                    <h4 class=\"mb-0 fs-5\">S\u00f8ml\u00f8s integration<\/h4>\n                                                    <svg class=\"acc-icon\" width=\"20\" height=\"20\" viewBox=\"0 0 20 20\" fill=\"none\" xmlns=\"http:\/\/www.w3.org\/2000\/svg\">\n                                                        <g clip-path=\"url(#clip0_2099_15870)\">\n                                                            <rect x=\"24.1421\" y=\"-2.28516\" width=\"5\" height=\"25\" transform=\"rotate(45 24.1421 -2.28516)\" fill=\"#DCDCDC\"\/>\n                                                            <rect x=\"-7.67773\" y=\"1.25\" width=\"5\" height=\"17.5\" transform=\"rotate(-45 -7.67773 1.25)\" fill=\"#DCDCDC\"\/>\n                                                        <\/g>\n                                                        <defs>\n                                                            <clipPath id=\"clip0_2099_15870\">\n                                                                <rect width=\"20\" height=\"20\" fill=\"white\" transform=\"translate(20) rotate(90)\"\/>\n                                                            <\/clipPath>\n                                                        <\/defs>\n                                                    <\/svg>\n                                                <\/button>\n                                                <div class=\"acc-content \" aria-hidden=\"true\">\n                                                    <blockquote class=\"body-text font-white\"><p>Denne robuste v\u00e6skebeholder er designet specielt til brug med 2200i\u2122 t\u00e5gekanonen og sikrer problemfri integration og p\u00e5lidelig ydeevne, hvilket styrker dens rolle i omfattende sikkerhedsl\u00f8sninger.<\/p>\n<\/blockquote>\n                                                <\/div>\n                                            <\/div>\n                                                                            <\/section>\n                                <\/section>\n                                                    <\/section>\n                    <\/div>\n                                        <!-- Content option 2 -->\n                    <\/div>\n    <\/section>\n<\/section>\n\n\n\n\n\n\n\n    <div class=\"two-column-list-block white-bg custom-block p-3 py-5 p-3\" style=\"\">\n        <section class=\"list-columns-wrapper container \" data-aos=\"fade-in\">\n\n\t\t\t\t\t\t\t<div class=\"font-dark mb-4\"><h2>Vigtige fakta om <span style=\"color: #3f75ff;\">PROTECT 2200i\u2122 v\u00e6skebeholder<\/span>:<\/h2>\n<\/div>\n\t\t\t\n\t\t\t<blockquote class=\"d-lg-flex flex-row-reverse justify-content-between\">\n\n                <div class=\"list-col-1\">\n                                                <ul class=\"m-0 p-0\">\n                                \n                                    <li class=\"font-dark check custom-list\"><p>Din alarminstallat\u00f8r vil informere dig, n\u00e5r v\u00e6skeniveauet er lavt, eller t\u00e5gekanonen vil bippe og blinke (eller begge dele)<\/p>\n<\/li>\n\n                                \n                                    <li class=\"font-dark check custom-list\"><p>Godkendt af laboratorier og testinstitutter over hele verden<\/p>\n<\/li>\n\n                                \n                                    <li class=\"font-dark exclaim custom-list\"><p>*V\u00e6skebeholdere til 600i\u2122, 1100i\u2122 og 2200i\u2122 t\u00e5gemaskiner er genanvendelige. Genopfyldte beholdere er tilg\u00e6ngelige p\u00e5 nogle markeder til en reduceret pris. Kontakt din lokale leverand\u00f8r for mere information<\/p>\n<\/li>\n\n                                                            <\/ul>\n                        \n\n                                    <\/div>\n                <div class=\"list-col-2\">\n                                                <ul class=\"m-0 p-0\">\n                                \n                                    <li class=\"font-dark check custom-list\"><p>Indeholder 3 liter t\u00e5gev\u00e6ske. Nok v\u00e6ske til 5 udledninger <\/p>\n<\/li>\n\n                                \n                                    <li class=\"font-dark check custom-list\"><p>XTRA+ indeholder vand og glykol. Det er uskadeligt for mennesker og dyr og beskadiger ikke elektronik og inventar osv. <\/p>\n<\/li>\n\n                                \n                                    <li class=\"font-dark check custom-list\"><p>En autoriseret alarminstallat\u00f8r skal udskifte denne v\u00e6skebeholder. Den er hurtig og nem at udskifte uden at spilde en dr\u00e5be<\/p>\n<\/li>\n\n                                                            <\/ul>\n                        \n\n                                    <\/div>\n\n\n            <\/blockquote>\n\n        <\/section>\n    <\/div>\n\n\n\n\n\n\n\n\n    <div class=\"text-media-block custom-block white py-5\" style=\"\">\n        <div data-aos=\"fade-in\" class=\"container py-xxl-5\">           \n            <blockquote class=\"content row space-between mb-4\">\t\n\n                \n                <div class=\"d-lg-flex justify-content-between media-text-content\">\n                                            <blockqoute class=\"heading h2 mb-4\"><h2>Se <span style=\"color: #3f75ff;\">PROTECT 2200i\u2122 t\u00e5gev\u00e6skens<\/span> effektivitet<\/h2>\n<\/blockqoute>\n                                                                <div class=\"col-sm body-text\"><p>Se hvor effektiv PROTECT 2200i\u2122 t\u00e5gev\u00e6ske er, og hvordan den sl\u00f8rer udsynet i l\u00f8bet af f\u00e5 sekunder p\u00e5 et stort lager.<\/p>\n<\/div>\n                                    <\/div>              \n            <\/blockquote>\n        <div>\n                                        \n                        <div class=\"video\">\n                            \n                            <video class=\"video-player d-block rounder w-100 object-fit-cover\" controls poster=\"https:\/\/protectglobal.com\/wp-content\/uploads\/2024\/05\/tobacco-warehouse-1024x576.jpg\">\n                                <source class=\"media-img\" src=\"https:\/\/protectglobal.com\/wp-content\/uploads\/2024\/05\/cigarette_warehouse.mov\" type=\"video\/mp4\">\n                            <\/video>\n                            <button aria-label=\"Play video\" class=\"d-none d-sm-block play-video p-2 d-flex justify-content-center align-items-center\">\n                                <svg width=\"24\" height=\"24\" viewBox=\"0 0 16 16\" fill=\"none\" xmlns=\"http:\/\/www.w3.org\/2000\/svg\">\n                                    <g clip-path=\"url(#clip0_985_29265)\">\n                                        <rect x=\"1.44727\" y=\"0.457031\" width=\"2.66667\" height=\"13.3333\" transform=\"rotate(-45 1.44727 0.457031)\" fill=\"white\"\/>\n                                        <rect x=\"3.33203\" y=\"17.4277\" width=\"2.66667\" height=\"9.33333\" transform=\"rotate(-135 3.33203 17.4277)\" fill=\"white\"\/>\n                                    <\/g>\n                                    <defs>\n                                            <clipPath id=\"clip0_985_29265\">\n                                            <rect width=\"10.6667\" height=\"10.6667\" fill=\"white\" transform=\"translate(2.66602 2.66602)\"\/>\n                                            <\/clipPath>\n                                    <\/defs>\n                                <\/svg>\n                            <\/button>\n                        <\/div>\n                                       \n                <\/div>\n                \n            \n        <\/div>\n    <\/div>\n\n","protected":false},"featured_media":8107,"template":"","meta":{"_acf_changed":true,"inline_featured_image":false},"product-category":[11],"class_list":["post-4653","product","type-product","status-publish","has-post-thumbnail","hentry","product-category-taagevaeskebeholdere"],"acf":[],"yoast_head":"<!-- This site is optimized with the Yoast SEO Premium plugin v27.3 (Yoast SEO v27.3) - https:\/\/yoast.com\/product\/yoast-seo-premium-wordpress\/ -->\n<title>PROTECT 2200i\u2122 T\u00e5gev\u00e6skebeholder - Fast v\u00e6skebeholder<\/title>\n<meta name=\"description\" content=\"2200i\u2122 t\u00e5gev\u00e6sken genererer en t\u00f8r, t\u00e6t og hvid t\u00e5ge. Den er helt uskadelig og meget effektiv mod kriminelle.\" \/>\n<meta name=\"robots\" content=\"index, follow, max-snippet:-1, max-image-preview:large, max-video-preview:-1\" \/>\n<link rel=\"canonical\" href=\"https:\/\/protectglobal.com\/da\/product\/xtra-taagevaeske-3l\/\" \/>\n<meta property=\"og:locale\" content=\"da_DK\" \/>\n<meta property=\"og:type\" content=\"article\" \/>\n<meta property=\"og:title\" content=\"XTRA+ T\u00e5gev\u00e6ske 3L\" \/>\n<meta property=\"og:description\" content=\"2200i\u2122 t\u00e5gev\u00e6sken genererer en t\u00f8r, t\u00e6t og hvid t\u00e5ge. Den er helt uskadelig og meget effektiv mod kriminelle.\" \/>\n<meta property=\"og:url\" content=\"https:\/\/protectglobal.com\/da\/product\/xtra-taagevaeske-3l\/\" \/>\n<meta property=\"og:site_name\" content=\"PROTECT Fog Cannons\u2122\" \/>\n<meta property=\"article:publisher\" content=\"https:\/\/www.facebook.com\/PROTECTFogCannon\/\" \/>\n<meta property=\"article:modified_time\" content=\"2025-02-25T10:05:36+00:00\" \/>\n<meta property=\"og:image\" content=\"https:\/\/protectglobal.com\/wp-content\/uploads\/2024\/03\/2200i-fluid.png\" \/>\n\t<meta property=\"og:image:width\" content=\"326\" \/>\n\t<meta property=\"og:image:height\" content=\"408\" \/>\n\t<meta property=\"og:image:type\" content=\"image\/png\" \/>\n<meta name=\"twitter:card\" content=\"summary_large_image\" \/>\n<meta name=\"twitter:site\" content=\"@PROTECTFOG\" \/>\n<meta name=\"twitter:label1\" content=\"Estimeret l\u00e6setid\" \/>\n\t<meta name=\"twitter:data1\" content=\"1 minut\" \/>\n<script type=\"application\/ld+json\" class=\"yoast-schema-graph\">{\"@context\":\"https:\\\/\\\/schema.org\",\"@graph\":[{\"@type\":\"WebPage\",\"@id\":\"https:\\\/\\\/protectglobal.com\\\/da\\\/product\\\/xtra-taagevaeske-3l\\\/\",\"url\":\"https:\\\/\\\/protectglobal.com\\\/da\\\/product\\\/xtra-taagevaeske-3l\\\/\",\"name\":\"PROTECT 2200i\u2122 T\u00e5gev\u00e6skebeholder - Fast v\u00e6skebeholder\",\"isPartOf\":{\"@id\":\"https:\\\/\\\/protectglobal.com\\\/da\\\/#website\"},\"primaryImageOfPage\":{\"@id\":\"https:\\\/\\\/protectglobal.com\\\/da\\\/product\\\/xtra-taagevaeske-3l\\\/#primaryimage\"},\"image\":{\"@id\":\"https:\\\/\\\/protectglobal.com\\\/da\\\/product\\\/xtra-taagevaeske-3l\\\/#primaryimage\"},\"thumbnailUrl\":\"https:\\\/\\\/protectglobal.com\\\/wp-content\\\/uploads\\\/2024\\\/03\\\/2200i-fluid.png\",\"datePublished\":\"2023-05-19T11:32:00+00:00\",\"dateModified\":\"2025-02-25T10:05:36+00:00\",\"description\":\"2200i\u2122 t\u00e5gev\u00e6sken genererer en t\u00f8r, t\u00e6t og hvid t\u00e5ge. Den er helt uskadelig og meget effektiv mod kriminelle.\",\"breadcrumb\":{\"@id\":\"https:\\\/\\\/protectglobal.com\\\/da\\\/product\\\/xtra-taagevaeske-3l\\\/#breadcrumb\"},\"inLanguage\":\"da-DK\",\"potentialAction\":[{\"@type\":\"ReadAction\",\"target\":[\"https:\\\/\\\/protectglobal.com\\\/da\\\/product\\\/xtra-taagevaeske-3l\\\/\"]}]},{\"@type\":\"ImageObject\",\"inLanguage\":\"da-DK\",\"@id\":\"https:\\\/\\\/protectglobal.com\\\/da\\\/product\\\/xtra-taagevaeske-3l\\\/#primaryimage\",\"url\":\"https:\\\/\\\/protectglobal.com\\\/wp-content\\\/uploads\\\/2024\\\/03\\\/2200i-fluid.png\",\"contentUrl\":\"https:\\\/\\\/protectglobal.com\\\/wp-content\\\/uploads\\\/2024\\\/03\\\/2200i-fluid.png\",\"width\":326,\"height\":408,\"caption\":\"2200i fluid\"},{\"@type\":\"BreadcrumbList\",\"@id\":\"https:\\\/\\\/protectglobal.com\\\/da\\\/product\\\/xtra-taagevaeske-3l\\\/#breadcrumb\",\"itemListElement\":[{\"@type\":\"ListItem\",\"position\":1,\"name\":\"Hjem\",\"item\":\"https:\\\/\\\/protectglobal.com\\\/da\\\/\"},{\"@type\":\"ListItem\",\"position\":2,\"name\":\"XTRA+ T\u00e5gev\u00e6ske 3L\"}]},{\"@type\":\"WebSite\",\"@id\":\"https:\\\/\\\/protectglobal.com\\\/da\\\/#website\",\"url\":\"https:\\\/\\\/protectglobal.com\\\/da\\\/\",\"name\":\"PROTECT Fog Cannons\u2122\",\"description\":\"\",\"publisher\":{\"@id\":\"https:\\\/\\\/protectglobal.com\\\/da\\\/#organization\"},\"potentialAction\":[{\"@type\":\"SearchAction\",\"target\":{\"@type\":\"EntryPoint\",\"urlTemplate\":\"https:\\\/\\\/protectglobal.com\\\/da\\\/?s={search_term_string}\"},\"query-input\":{\"@type\":\"PropertyValueSpecification\",\"valueRequired\":true,\"valueName\":\"search_term_string\"}}],\"inLanguage\":\"da-DK\"},{\"@type\":\"Organization\",\"@id\":\"https:\\\/\\\/protectglobal.com\\\/da\\\/#organization\",\"name\":\"PROTECT Fog Cannons\u2122\",\"url\":\"https:\\\/\\\/protectglobal.com\\\/da\\\/\",\"logo\":{\"@type\":\"ImageObject\",\"inLanguage\":\"da-DK\",\"@id\":\"https:\\\/\\\/protectglobal.com\\\/da\\\/#\\\/schema\\\/logo\\\/image\\\/\",\"url\":\"https:\\\/\\\/protectglobal.com\\\/wp-content\\\/uploads\\\/2023\\\/10\\\/logo.svg\",\"contentUrl\":\"https:\\\/\\\/protectglobal.com\\\/wp-content\\\/uploads\\\/2023\\\/10\\\/logo.svg\",\"width\":90,\"height\":40,\"caption\":\"PROTECT Fog Cannons\u2122\"},\"image\":{\"@id\":\"https:\\\/\\\/protectglobal.com\\\/da\\\/#\\\/schema\\\/logo\\\/image\\\/\"},\"sameAs\":[\"https:\\\/\\\/www.facebook.com\\\/PROTECTFogCannon\\\/\",\"https:\\\/\\\/x.com\\\/PROTECTFOG\",\"https:\\\/\\\/www.linkedin.com\\\/company\\\/protect-a-s\\\/\",\"https:\\\/\\\/www.youtube.com\\\/user\\\/PROTECTFogCannon\"],\"description\":\"PROTECT\u2122 specializes in security fog solutions, protecting valuables in retail, banks, warehouses any many other industries across more than 50 countries. With over 175,000 fog cannons installed, our systems fill rooms with dense fog in seconds, deterring burglars and preventing theft. We focus on providing reliable, durable, and easy-to-install solutions for enhanced security and peace of mind.\",\"email\":\"info@protectglobal.com\",\"telephone\":\"+45 8672 1881\",\"legalName\":\"PROTECT A\\\/S\",\"foundingDate\":\"2000-09-28\",\"vatID\":\"25687272\",\"numberOfEmployees\":{\"@type\":\"QuantitativeValue\",\"minValue\":\"11\",\"maxValue\":\"50\"}}]}<\/script>\n<!-- \/ Yoast SEO Premium plugin. -->","yoast_head_json":{"title":"PROTECT 2200i\u2122 T\u00e5gev\u00e6skebeholder - Fast v\u00e6skebeholder","description":"2200i\u2122 t\u00e5gev\u00e6sken genererer en t\u00f8r, t\u00e6t og hvid t\u00e5ge. Den er helt uskadelig og meget effektiv mod kriminelle.","robots":{"index":"index","follow":"follow","max-snippet":"max-snippet:-1","max-image-preview":"max-image-preview:large","max-video-preview":"max-video-preview:-1"},"canonical":"https:\/\/protectglobal.com\/da\/product\/xtra-taagevaeske-3l\/","og_locale":"da_DK","og_type":"article","og_title":"XTRA+ T\u00e5gev\u00e6ske 3L","og_description":"2200i\u2122 t\u00e5gev\u00e6sken genererer en t\u00f8r, t\u00e6t og hvid t\u00e5ge. Den er helt uskadelig og meget effektiv mod kriminelle.","og_url":"https:\/\/protectglobal.com\/da\/product\/xtra-taagevaeske-3l\/","og_site_name":"PROTECT Fog Cannons\u2122","article_publisher":"https:\/\/www.facebook.com\/PROTECTFogCannon\/","article_modified_time":"2025-02-25T10:05:36+00:00","og_image":[{"width":326,"height":408,"url":"https:\/\/protectglobal.com\/wp-content\/uploads\/2024\/03\/2200i-fluid.png","type":"image\/png"}],"twitter_card":"summary_large_image","twitter_site":"@PROTECTFOG","twitter_misc":{"Estimeret l\u00e6setid":"1 minut"},"schema":{"@context":"https:\/\/schema.org","@graph":[{"@type":"WebPage","@id":"https:\/\/protectglobal.com\/da\/product\/xtra-taagevaeske-3l\/","url":"https:\/\/protectglobal.com\/da\/product\/xtra-taagevaeske-3l\/","name":"PROTECT 2200i\u2122 T\u00e5gev\u00e6skebeholder - Fast v\u00e6skebeholder","isPartOf":{"@id":"https:\/\/protectglobal.com\/da\/#website"},"primaryImageOfPage":{"@id":"https:\/\/protectglobal.com\/da\/product\/xtra-taagevaeske-3l\/#primaryimage"},"image":{"@id":"https:\/\/protectglobal.com\/da\/product\/xtra-taagevaeske-3l\/#primaryimage"},"thumbnailUrl":"https:\/\/protectglobal.com\/wp-content\/uploads\/2024\/03\/2200i-fluid.png","datePublished":"2023-05-19T11:32:00+00:00","dateModified":"2025-02-25T10:05:36+00:00","description":"2200i\u2122 t\u00e5gev\u00e6sken genererer en t\u00f8r, t\u00e6t og hvid t\u00e5ge. Den er helt uskadelig og meget effektiv mod kriminelle.","breadcrumb":{"@id":"https:\/\/protectglobal.com\/da\/product\/xtra-taagevaeske-3l\/#breadcrumb"},"inLanguage":"da-DK","potentialAction":[{"@type":"ReadAction","target":["https:\/\/protectglobal.com\/da\/product\/xtra-taagevaeske-3l\/"]}]},{"@type":"ImageObject","inLanguage":"da-DK","@id":"https:\/\/protectglobal.com\/da\/product\/xtra-taagevaeske-3l\/#primaryimage","url":"https:\/\/protectglobal.com\/wp-content\/uploads\/2024\/03\/2200i-fluid.png","contentUrl":"https:\/\/protectglobal.com\/wp-content\/uploads\/2024\/03\/2200i-fluid.png","width":326,"height":408,"caption":"2200i fluid"},{"@type":"BreadcrumbList","@id":"https:\/\/protectglobal.com\/da\/product\/xtra-taagevaeske-3l\/#breadcrumb","itemListElement":[{"@type":"ListItem","position":1,"name":"Hjem","item":"https:\/\/protectglobal.com\/da\/"},{"@type":"ListItem","position":2,"name":"XTRA+ T\u00e5gev\u00e6ske 3L"}]},{"@type":"WebSite","@id":"https:\/\/protectglobal.com\/da\/#website","url":"https:\/\/protectglobal.com\/da\/","name":"PROTECT Fog Cannons\u2122","description":"","publisher":{"@id":"https:\/\/protectglobal.com\/da\/#organization"},"potentialAction":[{"@type":"SearchAction","target":{"@type":"EntryPoint","urlTemplate":"https:\/\/protectglobal.com\/da\/?s={search_term_string}"},"query-input":{"@type":"PropertyValueSpecification","valueRequired":true,"valueName":"search_term_string"}}],"inLanguage":"da-DK"},{"@type":"Organization","@id":"https:\/\/protectglobal.com\/da\/#organization","name":"PROTECT Fog Cannons\u2122","url":"https:\/\/protectglobal.com\/da\/","logo":{"@type":"ImageObject","inLanguage":"da-DK","@id":"https:\/\/protectglobal.com\/da\/#\/schema\/logo\/image\/","url":"https:\/\/protectglobal.com\/wp-content\/uploads\/2023\/10\/logo.svg","contentUrl":"https:\/\/protectglobal.com\/wp-content\/uploads\/2023\/10\/logo.svg","width":90,"height":40,"caption":"PROTECT Fog Cannons\u2122"},"image":{"@id":"https:\/\/protectglobal.com\/da\/#\/schema\/logo\/image\/"},"sameAs":["https:\/\/www.facebook.com\/PROTECTFogCannon\/","https:\/\/x.com\/PROTECTFOG","https:\/\/www.linkedin.com\/company\/protect-a-s\/","https:\/\/www.youtube.com\/user\/PROTECTFogCannon"],"description":"PROTECT\u2122 specializes in security fog solutions, protecting valuables in retail, banks, warehouses any many other industries across more than 50 countries. With over 175,000 fog cannons installed, our systems fill rooms with dense fog in seconds, deterring burglars and preventing theft. We focus on providing reliable, durable, and easy-to-install solutions for enhanced security and peace of mind.","email":"info@protectglobal.com","telephone":"+45 8672 1881","legalName":"PROTECT A\/S","foundingDate":"2000-09-28","vatID":"25687272","numberOfEmployees":{"@type":"QuantitativeValue","minValue":"11","maxValue":"50"}}]}},"_links":{"self":[{"href":"https:\/\/protectglobal.com\/da\/wp-json\/wp\/v2\/product\/4653","targetHints":{"allow":["GET"]}}],"collection":[{"href":"https:\/\/protectglobal.com\/da\/wp-json\/wp\/v2\/product"}],"about":[{"href":"https:\/\/protectglobal.com\/da\/wp-json\/wp\/v2\/types\/product"}],"wp:featuredmedia":[{"embeddable":true,"href":"https:\/\/protectglobal.com\/da\/wp-json\/wp\/v2\/media\/8107"}],"wp:attachment":[{"href":"https:\/\/protectglobal.com\/da\/wp-json\/wp\/v2\/media?parent=4653"}],"wp:term":[{"taxonomy":"product-category","embeddable":true,"href":"https:\/\/protectglobal.com\/da\/wp-json\/wp\/v2\/product-category?post=4653"}],"curies":[{"name":"wp","href":"https:\/\/api.w.org\/{rel}","templated":true}]}}