{"id":4608,"date":"2024-03-19T10:39:06","date_gmt":"2024-03-19T10:39:06","guid":{"rendered":"https:\/\/protectglobal.com\/?post_type=product&#038;p=4608"},"modified":"2025-02-25T10:05:11","modified_gmt":"2025-02-25T10:05:11","slug":"protect-ajax-ready","status":"publish","type":"product","link":"https:\/\/protectglobal.com\/da\/product\/protect-ajax-ready\/","title":{"rendered":"PROTECT Ajax Ready"},"content":{"rendered":"\n\n<section class=\"content-toggle-block custom-block black py-5\" style=\"\">\n    <section class=\"py-xxl-5 py-5\">\n                <div class=\"switchable-content\">\n            <!-- Content option 1 -->\n                                                                <div class=\"content-option option-1 container\" aria-hidden=\"false\">\n                        <section class=\"row gap-lg-5\">\n                                                            <section class=\"column-1 col-12 col-lg mb-5 mb-lg-0\">\n                                    <blockquote class=\"mb-4 h2 font-white\"><h2>Vi pr\u00e6senterer <span style=\"color: #3f75ff;\">PROTECT Ajax Ready<\/span> t\u00e5gekanoner<\/h2>\n<\/blockquote>\n                                    <blockquote class=\"mb-5 fs-6 body-text font-white\"><p>PROTECT Ajax Ready t\u00e5gekanoner repr\u00e6senterer det nyeste inden for banebrydende sikkerhedsteknologi og tilbyder enkel integration med Ajax sikkerhedssystemet. Denne innovative l\u00f8sning er baseret p\u00e5 tr\u00e5dl\u00f8se funktioner og g\u00f8r det muligt for brugere og installat\u00f8rer at styre alle sikkerhedskontroller fra en enkelt enhed. Forestil dig at styre din PROTECT t\u00e5gekanon direkte fra Ajax-appen, samtidig med at du styrer andre Ajax sikkerhedsl\u00f8sninger &#8211; direkte fra din smartphone.  <\/p>\n<\/blockquote>\n                                    \n                                                                    <\/section>\n                                                                                            <section class=\"col-lg col-12 column-2 \">\n                                    <section class=\"accordion\">\n                                                                                    <div class=\"acc-item d-flex flex-column gap-3 pb-3 \">\n                                                <button class=\"acc-button w-100 text-start p-0 d-flex justify-content-between \">\n                                                    <h4 class=\"mb-0 fs-5\">Ubesv\u00e6ret konfiguration<\/h4>\n                                                    <svg class=\"acc-icon\" width=\"20\" height=\"20\" viewBox=\"0 0 20 20\" fill=\"none\" xmlns=\"http:\/\/www.w3.org\/2000\/svg\">\n                                                        <g clip-path=\"url(#clip0_2099_15870)\">\n                                                            <rect x=\"24.1421\" y=\"-2.28516\" width=\"5\" height=\"25\" transform=\"rotate(45 24.1421 -2.28516)\" fill=\"#DCDCDC\"\/>\n                                                            <rect x=\"-7.67773\" y=\"1.25\" width=\"5\" height=\"17.5\" transform=\"rotate(-45 -7.67773 1.25)\" fill=\"#DCDCDC\"\/>\n                                                        <\/g>\n                                                        <defs>\n                                                            <clipPath id=\"clip0_2099_15870\">\n                                                                <rect width=\"20\" height=\"20\" fill=\"white\" transform=\"translate(20) rotate(90)\"\/>\n                                                            <\/clipPath>\n                                                        <\/defs>\n                                                    <\/svg>\n                                                <\/button>\n                                                <div class=\"acc-content \" aria-hidden=\"true\">\n                                                    <blockquote class=\"body-text font-white\"><p>Det har aldrig v\u00e6ret nemmere at konfigurere din PROTECT T\u00e5gekanon &#8211; p\u00e5 bare to minutter kan du v\u00e6lge og tilpasse dine foretrukne indstillinger og sikre, at dit sikkerhedssystem fungerer pr\u00e6cist efter dine specifikationer. Ajax Ready bringer avanceret teknologi pakket ind i en brugervenlig gr\u00e6nseflade, der er designet til at im\u00f8dekomme dine specifikke sikkerhedsbehov uden besv\u00e6r.<\/p>\n<\/blockquote>\n                                                <\/div>\n                                            <\/div>\n                                                                                    <div class=\"acc-item d-flex flex-column gap-3 pb-3 \">\n                                                <button class=\"acc-button w-100 text-start p-0 d-flex justify-content-between \">\n                                                    <h4 class=\"mb-0 fs-5\">Komplet installationskit<\/h4>\n                                                    <svg class=\"acc-icon\" width=\"20\" height=\"20\" viewBox=\"0 0 20 20\" fill=\"none\" xmlns=\"http:\/\/www.w3.org\/2000\/svg\">\n                                                        <g clip-path=\"url(#clip0_2099_15870)\">\n                                                            <rect x=\"24.1421\" y=\"-2.28516\" width=\"5\" height=\"25\" transform=\"rotate(45 24.1421 -2.28516)\" fill=\"#DCDCDC\"\/>\n                                                            <rect x=\"-7.67773\" y=\"1.25\" width=\"5\" height=\"17.5\" transform=\"rotate(-45 -7.67773 1.25)\" fill=\"#DCDCDC\"\/>\n                                                        <\/g>\n                                                        <defs>\n                                                            <clipPath id=\"clip0_2099_15870\">\n                                                                <rect width=\"20\" height=\"20\" fill=\"white\" transform=\"translate(20) rotate(90)\"\/>\n                                                            <\/clipPath>\n                                                        <\/defs>\n                                                    <\/svg>\n                                                <\/button>\n                                                <div class=\"acc-content \" aria-hidden=\"true\">\n                                                    <blockquote class=\"body-text font-white\"><p>PROTECT Ajax Ready kit er en komplet pakke, der indeholder alle de n\u00f8dvendige komponenter til installation i din t\u00e5gekanon. S\u00e6ttet indeholder to Ajax-rel\u00e6er, en DIN-skinne, en DIN-holder og Ajax-kabler, hvilket sikrer en enkel ops\u00e6tning. For ekstra bekvemmelighed tilbyder PROTECT\u2122 en mulighed for at f\u00e5 Ajax Ready-s\u00e6ttet forudinstalleret i t\u00e5gekanonerne, hvilket g\u00f8r installationsprocessen endnu mere str\u00f8mlinet.<\/p>\n<p>&nbsp;<\/p>\n<p>Med disse funktioner forbedrer PROTECT Ajax Ready t\u00e5gekanoner ikke kun sikkerheden, men forenkler ogs\u00e5 den m\u00e5de, du kontrollerer og konfigurerer dine beskyttelsesforanstaltninger p\u00e5, hvilket giver en robust, integreret l\u00f8sning til moderne sikkerhedsbehov.<\/p>\n<\/blockquote>\n                                                <\/div>\n                                            <\/div>\n                                                                            <\/section>\n                                <\/section>\n                                                    <\/section>\n                    <\/div>\n                                        <!-- Content option 2 -->\n                    <\/div>\n    <\/section>\n<\/section>\n\n\n\n\n\n\n\n    <div class=\"two-column-list-block white-bg custom-block p-3 py-5 p-3\" style=\"\">\n        <section class=\"list-columns-wrapper container \" data-aos=\"fade-in\">\n\n\t\t\t\t\t\t\t<div class=\"font-dark mb-4\"><h2>Aktiver din Ajax Ready t\u00e5gekanon <span style=\"color: #3f75ff;\">tr\u00e5dl\u00f8st<\/span> ved hj\u00e6lp af en af fire metoder*<\/h2>\n<\/div>\n\t\t\t\n\t\t\t<blockquote class=\"d-lg-flex flex-row-reverse justify-content-between\">\n\n                <div class=\"list-col-1\">\n                                                <ul class=\"m-0 p-0\">\n                                \n                                    <li class=\"font-dark check custom-list\"><p>Panikknapper: Aktiver t\u00e5gen og sikr dit rum p\u00e5 f\u00e5 sekunder med et enkelt klik. Disse knapper er designet til at forhindre utilsigtet aktivering og giver en nem og hurtig reaktion, n\u00e5r du f\u00f8ler dig i fare<\/p>\n<\/li>\n\n                                \n                                    <li class=\"font-dark check custom-list\"><p>Ajax-appen: Aktiver din PROTECT t\u00e5gekanon\u2122 uden besv\u00e6r fra Ajax-appen. Med et enkelt tryk p\u00e5 din telefon kan du sikre dine omgivelser p\u00e5 et \u00f8jeblik<\/p>\n<\/li>\n\n                                \n                                    <li class=\"font-dark exclaim custom-list\"><p>*Kr\u00e6ver en central alarm til integration med Ajax indbrudsdetektering<\/p>\n<\/li>\n\n                                                            <\/ul>\n                        \n\n                                    <\/div>\n                <div class=\"list-col-2\">\n                                                <ul class=\"m-0 p-0\">\n                                \n                                    <li class=\"font-dark check custom-list\"><p>\u00c5bningsdetektorer: Beskyt din ejendom, n\u00e5r d\u00f8re eller vinduer \u00e5bnes af u\u00f8nskede g\u00e6ster, eller n\u00e5r de st\u00e5r \u00e5bne for at lufte ud. Detektoren registrerer, n\u00e5r den flyttes ud af sin position<\/p>\n<\/li>\n\n                                \n                                    <li class=\"font-dark check custom-list\"><p>Glasbrudssensor: Sikr dit rum med et tr\u00e5dl\u00f8st system, der registrerer lyden af knust glas op til 9 meter v\u00e6k uden at for\u00e5rsage falske alarmer<\/p>\n<\/li>\n\n                                \n                                    <li class=\"font-dark check custom-list\"><p>Bev\u00e6gelsesdetektorer: V\u00e6lg mellem indend\u00f8rs og udend\u00f8rs Ajax bev\u00e6gelsesdetektorer, med eller uden kamera, til at registrere ubudne g\u00e6ster og udl\u00f8se t\u00e5gesystemet. Kameraindstillinger giver mulighed for hurtig verificering af falske alarmer<\/p>\n<\/li>\n\n                                                            <\/ul>\n                        \n\n                                    <\/div>\n\n\n            <\/blockquote>\n\n        <\/section>\n    <\/div>\n\n\n","protected":false},"featured_media":22882,"template":"","meta":{"_acf_changed":true,"inline_featured_image":false},"product-category":[9],"class_list":["post-4608","product","type-product","status-publish","has-post-thumbnail","hentry","product-category-taagekanoner"],"acf":[],"yoast_head":"<!-- This site is optimized with the Yoast SEO Premium plugin v27.3 (Yoast SEO v27.3) - https:\/\/yoast.com\/product\/yoast-seo-premium-wordpress\/ -->\n<title>PROTECT Ajax Ready - Tr\u00e5dl\u00f8s integration af t\u00e5gekanon<\/title>\n<meta name=\"description\" content=\"Integrer og styr din t\u00e5gekanon med Ajax sikkerhedssystemet via Ajax-appen med enkel ops\u00e6tning og et komplet installationskit.\" \/>\n<meta name=\"robots\" content=\"index, follow, max-snippet:-1, max-image-preview:large, max-video-preview:-1\" \/>\n<link rel=\"canonical\" href=\"https:\/\/protectglobal.com\/da\/product\/protect-ajax-ready\/\" \/>\n<meta property=\"og:locale\" content=\"da_DK\" \/>\n<meta property=\"og:type\" content=\"article\" \/>\n<meta property=\"og:title\" content=\"PROTECT Ajax Ready\" \/>\n<meta property=\"og:description\" content=\"Integrer og styr din t\u00e5gekanon med Ajax sikkerhedssystemet via Ajax-appen med enkel ops\u00e6tning og et komplet installationskit.\" \/>\n<meta property=\"og:url\" content=\"https:\/\/protectglobal.com\/da\/product\/protect-ajax-ready\/\" \/>\n<meta property=\"og:site_name\" content=\"PROTECT Fog Cannons\u2122\" \/>\n<meta property=\"article:publisher\" content=\"https:\/\/www.facebook.com\/PROTECTFogCannon\/\" \/>\n<meta property=\"article:modified_time\" content=\"2025-02-25T10:05:11+00:00\" \/>\n<meta property=\"og:image\" content=\"https:\/\/protectglobal.com\/wp-content\/uploads\/2024\/03\/ajax-ready.jpg\" \/>\n\t<meta property=\"og:image:width\" content=\"326\" \/>\n\t<meta property=\"og:image:height\" content=\"408\" \/>\n\t<meta property=\"og:image:type\" content=\"image\/jpeg\" \/>\n<meta name=\"twitter:card\" content=\"summary_large_image\" \/>\n<meta name=\"twitter:site\" content=\"@PROTECTFOG\" \/>\n<meta name=\"twitter:label1\" content=\"Estimeret l\u00e6setid\" \/>\n\t<meta name=\"twitter:data1\" content=\"1 minut\" \/>\n<script type=\"application\/ld+json\" class=\"yoast-schema-graph\">{\"@context\":\"https:\\\/\\\/schema.org\",\"@graph\":[{\"@type\":\"WebPage\",\"@id\":\"https:\\\/\\\/protectglobal.com\\\/da\\\/product\\\/protect-ajax-ready\\\/\",\"url\":\"https:\\\/\\\/protectglobal.com\\\/da\\\/product\\\/protect-ajax-ready\\\/\",\"name\":\"PROTECT Ajax Ready - Tr\u00e5dl\u00f8s integration af t\u00e5gekanon\",\"isPartOf\":{\"@id\":\"https:\\\/\\\/protectglobal.com\\\/da\\\/#website\"},\"primaryImageOfPage\":{\"@id\":\"https:\\\/\\\/protectglobal.com\\\/da\\\/product\\\/protect-ajax-ready\\\/#primaryimage\"},\"image\":{\"@id\":\"https:\\\/\\\/protectglobal.com\\\/da\\\/product\\\/protect-ajax-ready\\\/#primaryimage\"},\"thumbnailUrl\":\"https:\\\/\\\/protectglobal.com\\\/wp-content\\\/uploads\\\/2024\\\/03\\\/ajax-ready.jpg\",\"datePublished\":\"2024-03-19T10:39:06+00:00\",\"dateModified\":\"2025-02-25T10:05:11+00:00\",\"description\":\"Integrer og styr din t\u00e5gekanon med Ajax sikkerhedssystemet via Ajax-appen med enkel ops\u00e6tning og et komplet installationskit.\",\"breadcrumb\":{\"@id\":\"https:\\\/\\\/protectglobal.com\\\/da\\\/product\\\/protect-ajax-ready\\\/#breadcrumb\"},\"inLanguage\":\"da-DK\",\"potentialAction\":[{\"@type\":\"ReadAction\",\"target\":[\"https:\\\/\\\/protectglobal.com\\\/da\\\/product\\\/protect-ajax-ready\\\/\"]}]},{\"@type\":\"ImageObject\",\"inLanguage\":\"da-DK\",\"@id\":\"https:\\\/\\\/protectglobal.com\\\/da\\\/product\\\/protect-ajax-ready\\\/#primaryimage\",\"url\":\"https:\\\/\\\/protectglobal.com\\\/wp-content\\\/uploads\\\/2024\\\/03\\\/ajax-ready.jpg\",\"contentUrl\":\"https:\\\/\\\/protectglobal.com\\\/wp-content\\\/uploads\\\/2024\\\/03\\\/ajax-ready.jpg\",\"width\":326,\"height\":408},{\"@type\":\"BreadcrumbList\",\"@id\":\"https:\\\/\\\/protectglobal.com\\\/da\\\/product\\\/protect-ajax-ready\\\/#breadcrumb\",\"itemListElement\":[{\"@type\":\"ListItem\",\"position\":1,\"name\":\"Hjem\",\"item\":\"https:\\\/\\\/protectglobal.com\\\/da\\\/\"},{\"@type\":\"ListItem\",\"position\":2,\"name\":\"PROTECT Ajax Ready\"}]},{\"@type\":\"WebSite\",\"@id\":\"https:\\\/\\\/protectglobal.com\\\/da\\\/#website\",\"url\":\"https:\\\/\\\/protectglobal.com\\\/da\\\/\",\"name\":\"PROTECT Fog Cannons\u2122\",\"description\":\"\",\"publisher\":{\"@id\":\"https:\\\/\\\/protectglobal.com\\\/da\\\/#organization\"},\"potentialAction\":[{\"@type\":\"SearchAction\",\"target\":{\"@type\":\"EntryPoint\",\"urlTemplate\":\"https:\\\/\\\/protectglobal.com\\\/da\\\/?s={search_term_string}\"},\"query-input\":{\"@type\":\"PropertyValueSpecification\",\"valueRequired\":true,\"valueName\":\"search_term_string\"}}],\"inLanguage\":\"da-DK\"},{\"@type\":\"Organization\",\"@id\":\"https:\\\/\\\/protectglobal.com\\\/da\\\/#organization\",\"name\":\"PROTECT Fog Cannons\u2122\",\"url\":\"https:\\\/\\\/protectglobal.com\\\/da\\\/\",\"logo\":{\"@type\":\"ImageObject\",\"inLanguage\":\"da-DK\",\"@id\":\"https:\\\/\\\/protectglobal.com\\\/da\\\/#\\\/schema\\\/logo\\\/image\\\/\",\"url\":\"https:\\\/\\\/protectglobal.com\\\/wp-content\\\/uploads\\\/2023\\\/10\\\/logo.svg\",\"contentUrl\":\"https:\\\/\\\/protectglobal.com\\\/wp-content\\\/uploads\\\/2023\\\/10\\\/logo.svg\",\"width\":90,\"height\":40,\"caption\":\"PROTECT Fog Cannons\u2122\"},\"image\":{\"@id\":\"https:\\\/\\\/protectglobal.com\\\/da\\\/#\\\/schema\\\/logo\\\/image\\\/\"},\"sameAs\":[\"https:\\\/\\\/www.facebook.com\\\/PROTECTFogCannon\\\/\",\"https:\\\/\\\/x.com\\\/PROTECTFOG\",\"https:\\\/\\\/www.linkedin.com\\\/company\\\/protect-a-s\\\/\",\"https:\\\/\\\/www.youtube.com\\\/user\\\/PROTECTFogCannon\"],\"description\":\"PROTECT\u2122 specializes in security fog solutions, protecting valuables in retail, banks, warehouses any many other industries across more than 50 countries. With over 175,000 fog cannons installed, our systems fill rooms with dense fog in seconds, deterring burglars and preventing theft. We focus on providing reliable, durable, and easy-to-install solutions for enhanced security and peace of mind.\",\"email\":\"info@protectglobal.com\",\"telephone\":\"+45 8672 1881\",\"legalName\":\"PROTECT A\\\/S\",\"foundingDate\":\"2000-09-28\",\"vatID\":\"25687272\",\"numberOfEmployees\":{\"@type\":\"QuantitativeValue\",\"minValue\":\"11\",\"maxValue\":\"50\"}}]}<\/script>\n<!-- \/ Yoast SEO Premium plugin. -->","yoast_head_json":{"title":"PROTECT Ajax Ready - Tr\u00e5dl\u00f8s integration af t\u00e5gekanon","description":"Integrer og styr din t\u00e5gekanon med Ajax sikkerhedssystemet via Ajax-appen med enkel ops\u00e6tning og et komplet installationskit.","robots":{"index":"index","follow":"follow","max-snippet":"max-snippet:-1","max-image-preview":"max-image-preview:large","max-video-preview":"max-video-preview:-1"},"canonical":"https:\/\/protectglobal.com\/da\/product\/protect-ajax-ready\/","og_locale":"da_DK","og_type":"article","og_title":"PROTECT Ajax Ready","og_description":"Integrer og styr din t\u00e5gekanon med Ajax sikkerhedssystemet via Ajax-appen med enkel ops\u00e6tning og et komplet installationskit.","og_url":"https:\/\/protectglobal.com\/da\/product\/protect-ajax-ready\/","og_site_name":"PROTECT Fog Cannons\u2122","article_publisher":"https:\/\/www.facebook.com\/PROTECTFogCannon\/","article_modified_time":"2025-02-25T10:05:11+00:00","og_image":[{"width":326,"height":408,"url":"https:\/\/protectglobal.com\/wp-content\/uploads\/2024\/03\/ajax-ready.jpg","type":"image\/jpeg"}],"twitter_card":"summary_large_image","twitter_site":"@PROTECTFOG","twitter_misc":{"Estimeret l\u00e6setid":"1 minut"},"schema":{"@context":"https:\/\/schema.org","@graph":[{"@type":"WebPage","@id":"https:\/\/protectglobal.com\/da\/product\/protect-ajax-ready\/","url":"https:\/\/protectglobal.com\/da\/product\/protect-ajax-ready\/","name":"PROTECT Ajax Ready - Tr\u00e5dl\u00f8s integration af t\u00e5gekanon","isPartOf":{"@id":"https:\/\/protectglobal.com\/da\/#website"},"primaryImageOfPage":{"@id":"https:\/\/protectglobal.com\/da\/product\/protect-ajax-ready\/#primaryimage"},"image":{"@id":"https:\/\/protectglobal.com\/da\/product\/protect-ajax-ready\/#primaryimage"},"thumbnailUrl":"https:\/\/protectglobal.com\/wp-content\/uploads\/2024\/03\/ajax-ready.jpg","datePublished":"2024-03-19T10:39:06+00:00","dateModified":"2025-02-25T10:05:11+00:00","description":"Integrer og styr din t\u00e5gekanon med Ajax sikkerhedssystemet via Ajax-appen med enkel ops\u00e6tning og et komplet installationskit.","breadcrumb":{"@id":"https:\/\/protectglobal.com\/da\/product\/protect-ajax-ready\/#breadcrumb"},"inLanguage":"da-DK","potentialAction":[{"@type":"ReadAction","target":["https:\/\/protectglobal.com\/da\/product\/protect-ajax-ready\/"]}]},{"@type":"ImageObject","inLanguage":"da-DK","@id":"https:\/\/protectglobal.com\/da\/product\/protect-ajax-ready\/#primaryimage","url":"https:\/\/protectglobal.com\/wp-content\/uploads\/2024\/03\/ajax-ready.jpg","contentUrl":"https:\/\/protectglobal.com\/wp-content\/uploads\/2024\/03\/ajax-ready.jpg","width":326,"height":408},{"@type":"BreadcrumbList","@id":"https:\/\/protectglobal.com\/da\/product\/protect-ajax-ready\/#breadcrumb","itemListElement":[{"@type":"ListItem","position":1,"name":"Hjem","item":"https:\/\/protectglobal.com\/da\/"},{"@type":"ListItem","position":2,"name":"PROTECT Ajax Ready"}]},{"@type":"WebSite","@id":"https:\/\/protectglobal.com\/da\/#website","url":"https:\/\/protectglobal.com\/da\/","name":"PROTECT Fog Cannons\u2122","description":"","publisher":{"@id":"https:\/\/protectglobal.com\/da\/#organization"},"potentialAction":[{"@type":"SearchAction","target":{"@type":"EntryPoint","urlTemplate":"https:\/\/protectglobal.com\/da\/?s={search_term_string}"},"query-input":{"@type":"PropertyValueSpecification","valueRequired":true,"valueName":"search_term_string"}}],"inLanguage":"da-DK"},{"@type":"Organization","@id":"https:\/\/protectglobal.com\/da\/#organization","name":"PROTECT Fog Cannons\u2122","url":"https:\/\/protectglobal.com\/da\/","logo":{"@type":"ImageObject","inLanguage":"da-DK","@id":"https:\/\/protectglobal.com\/da\/#\/schema\/logo\/image\/","url":"https:\/\/protectglobal.com\/wp-content\/uploads\/2023\/10\/logo.svg","contentUrl":"https:\/\/protectglobal.com\/wp-content\/uploads\/2023\/10\/logo.svg","width":90,"height":40,"caption":"PROTECT Fog Cannons\u2122"},"image":{"@id":"https:\/\/protectglobal.com\/da\/#\/schema\/logo\/image\/"},"sameAs":["https:\/\/www.facebook.com\/PROTECTFogCannon\/","https:\/\/x.com\/PROTECTFOG","https:\/\/www.linkedin.com\/company\/protect-a-s\/","https:\/\/www.youtube.com\/user\/PROTECTFogCannon"],"description":"PROTECT\u2122 specializes in security fog solutions, protecting valuables in retail, banks, warehouses any many other industries across more than 50 countries. With over 175,000 fog cannons installed, our systems fill rooms with dense fog in seconds, deterring burglars and preventing theft. We focus on providing reliable, durable, and easy-to-install solutions for enhanced security and peace of mind.","email":"info@protectglobal.com","telephone":"+45 8672 1881","legalName":"PROTECT A\/S","foundingDate":"2000-09-28","vatID":"25687272","numberOfEmployees":{"@type":"QuantitativeValue","minValue":"11","maxValue":"50"}}]}},"_links":{"self":[{"href":"https:\/\/protectglobal.com\/da\/wp-json\/wp\/v2\/product\/4608","targetHints":{"allow":["GET"]}}],"collection":[{"href":"https:\/\/protectglobal.com\/da\/wp-json\/wp\/v2\/product"}],"about":[{"href":"https:\/\/protectglobal.com\/da\/wp-json\/wp\/v2\/types\/product"}],"wp:featuredmedia":[{"embeddable":true,"href":"https:\/\/protectglobal.com\/da\/wp-json\/wp\/v2\/media\/22882"}],"wp:attachment":[{"href":"https:\/\/protectglobal.com\/da\/wp-json\/wp\/v2\/media?parent=4608"}],"wp:term":[{"taxonomy":"product-category","embeddable":true,"href":"https:\/\/protectglobal.com\/da\/wp-json\/wp\/v2\/product-category?post=4608"}],"curies":[{"name":"wp","href":"https:\/\/api.w.org\/{rel}","templated":true}]}}