{"id":19366,"date":"2024-03-19T12:22:07","date_gmt":"2024-03-19T12:22:07","guid":{"rendered":"https:\/\/protectglobal.com\/product\/protect-multicard\/"},"modified":"2026-02-24T10:37:38","modified_gmt":"2026-02-24T10:37:38","slug":"protect-multicard","status":"publish","type":"product","link":"https:\/\/protectglobal.com\/da\/product\/protect-multicard\/","title":{"rendered":"PROTECT MultiCard\u2122"},"content":{"rendered":"\n\n<section class=\"content-toggle-block custom-block black py-5\" style=\"\">\n    <section class=\"py-xxl-5 py-5\">\n                <div class=\"switchable-content\">\n            <!-- Content option 1 -->\n                                                                <div class=\"content-option option-1 container\" aria-hidden=\"false\">\n                        <section class=\"row gap-lg-5\">\n                                                            <section class=\"column-1 col-12 col-lg mb-5 mb-lg-0\">\n                                    <blockquote class=\"mb-4 h2 font-white\"><h2>Tilf\u00f8j <span style=\"color: #3f75ff;\">forskellige funktioner<\/span> til PROTECT T\u00e5gekanonen<\/h2>\n<\/blockquote>\n                                    <blockquote class=\"mb-5 fs-6 body-text font-white\"><p>PROTECT MultiCard\u2122 forenkler installationsproceduren for alarminstallat\u00f8rer betydeligt, hvilket resulterer i betydelige tids- og omkostningsbesparelser. Det forenkler ops\u00e6tningen og konfigurationen af sikkerhedssystemer, reducerer kompleksiteten og forbedrer effektiviteten ved at kombinere flere funktioner p\u00e5 et enkelt kort.<\/p>\n<\/blockquote>\n                                    \n                                                                    <\/section>\n                                                                                            <section class=\"col-lg col-12 column-2 \">\n                                    <section class=\"accordion\">\n                                                                                    <div class=\"acc-item d-flex flex-column gap-3 pb-3 \">\n                                                <button class=\"acc-button w-100 text-start p-0 d-flex justify-content-between \">\n                                                    <h4 class=\"mb-0 fs-5\">Hurtig og ubesv\u00e6ret installation<\/h4>\n                                                    <svg class=\"acc-icon\" width=\"20\" height=\"20\" viewBox=\"0 0 20 20\" fill=\"none\" xmlns=\"http:\/\/www.w3.org\/2000\/svg\">\n                                                        <g clip-path=\"url(#clip0_2099_15870)\">\n                                                            <rect x=\"24.1421\" y=\"-2.28516\" width=\"5\" height=\"25\" transform=\"rotate(45 24.1421 -2.28516)\" fill=\"#DCDCDC\"\/>\n                                                            <rect x=\"-7.67773\" y=\"1.25\" width=\"5\" height=\"17.5\" transform=\"rotate(-45 -7.67773 1.25)\" fill=\"#DCDCDC\"\/>\n                                                        <\/g>\n                                                        <defs>\n                                                            <clipPath id=\"clip0_2099_15870\">\n                                                                <rect width=\"20\" height=\"20\" fill=\"white\" transform=\"translate(20) rotate(90)\"\/>\n                                                            <\/clipPath>\n                                                        <\/defs>\n                                                    <\/svg>\n                                                <\/button>\n                                                <div class=\"acc-content \" aria-hidden=\"true\">\n                                                    <blockquote class=\"body-text font-white\"><p>Installationen af MultiCard\u2122 er en enkel proces, der kr\u00e6ver minimal teknisk ekspertise og kun tager et par minutter. Med MulitCard\u2122 kan du tilf\u00f8je forskellige nyttige funktioner til t\u00e5gekanonen. F.eks. 9 ekstra udgangssignaler til pr\u00e6cis og separat identifikation af udgangssignalerne. Og indgang til p\u00e5lidelig og enkel panikknapl\u00f8sning.<\/p>\n<\/blockquote>\n                                                <\/div>\n                                            <\/div>\n                                                                                    <div class=\"acc-item d-flex flex-column gap-3 pb-3 \">\n                                                <button class=\"acc-button w-100 text-start p-0 d-flex justify-content-between \">\n                                                    <h4 class=\"mb-0 fs-5\">Omkostningseffektivitet<\/h4>\n                                                    <svg class=\"acc-icon\" width=\"20\" height=\"20\" viewBox=\"0 0 20 20\" fill=\"none\" xmlns=\"http:\/\/www.w3.org\/2000\/svg\">\n                                                        <g clip-path=\"url(#clip0_2099_15870)\">\n                                                            <rect x=\"24.1421\" y=\"-2.28516\" width=\"5\" height=\"25\" transform=\"rotate(45 24.1421 -2.28516)\" fill=\"#DCDCDC\"\/>\n                                                            <rect x=\"-7.67773\" y=\"1.25\" width=\"5\" height=\"17.5\" transform=\"rotate(-45 -7.67773 1.25)\" fill=\"#DCDCDC\"\/>\n                                                        <\/g>\n                                                        <defs>\n                                                            <clipPath id=\"clip0_2099_15870\">\n                                                                <rect width=\"20\" height=\"20\" fill=\"white\" transform=\"translate(20) rotate(90)\"\/>\n                                                            <\/clipPath>\n                                                        <\/defs>\n                                                    <\/svg>\n                                                <\/button>\n                                                <div class=\"acc-content \" aria-hidden=\"true\">\n                                                    <blockquote class=\"body-text font-white\"><p>MultiCard\u2122 reducerer den tid, der kr\u00e6ves til ops\u00e6tning, hvilket f\u00f8rer til reducerede arbejdsomkostninger for installat\u00f8rerne. Det resulterer i f\u00e6rre driftsafbrydelser og servicegebyrer for slutbrugerne samt f\u00e6rre afbrydelser og en hurtigere implementering af deres sikkerhedssystemer.<\/p>\n<\/blockquote>\n                                                <\/div>\n                                            <\/div>\n                                                                            <\/section>\n                                <\/section>\n                                                    <\/section>\n                    <\/div>\n                                        <!-- Content option 2 -->\n                    <\/div>\n    <\/section>\n<\/section>\n\n\n\n\n\n\n\n    <div class=\"two-column-list-block white-bg custom-block p-3 py-5 p-3\" style=\"\">\n        <section class=\"list-columns-wrapper container \" data-aos=\"fade-in\">\n\n\t\t\t\t\t\t\t<div class=\"font-dark mb-4\"><h2>Vigtige fakta om <span style=\"color: #3f75ff;\">PROTECT MultiCard\u2122:<\/span><\/h2>\n<\/div>\n\t\t\t\n\t\t\t<blockquote class=\"d-lg-flex flex-row-reverse justify-content-between\">\n\n                <div class=\"list-col-1\">\n                                                <ul class=\"m-0 p-0\">\n                                \n                                    <li class=\"font-dark check custom-list\"><p>Fjernbetjent kontakt til servicesituationer. Eliminerer risikoen for utilsigtet aktivering af t\u00e5ge <\/p>\n<\/li>\n\n                                \n                                    <li class=\"font-dark check custom-list\"><p>USB-stik, hvis der er behov for at skifte software<\/p>\n<\/li>\n\n                                \n                                    <li class=\"font-dark check custom-list\"><p>MultiCard\u2122 kan bruges i alle PROTECT\u2122 modeller, undtagen Xtratus\u00ae, p\u00e5 f\u00e5 sekunder<\/p>\n<\/li>\n\n                                                            <\/ul>\n                        \n\n                                    <\/div>\n                <div class=\"list-col-2\">\n                                                <ul class=\"m-0 p-0\">\n                                \n                                    <li class=\"font-dark check custom-list\"><p>Enkel, nem og p\u00e5lidelig r\u00f8verisikring (&#8220;panikknap&#8221;-indgang)<\/p>\n<\/li>\n\n                                \n                                    <li class=\"font-dark check custom-list\"><p>Pr\u00e6cis definition af forskellige fejltilstande og servicemeddelelser: Den kan adskille signaleringen af forskellige fejltilstande. Det sparer kontrolcentret for tid og penge til at identificere den n\u00f8jagtige fejl<\/p>\n<\/li>\n\n                                \n                                    <li class=\"font-dark check custom-list\"><p>Dedikeret trykknap til test og klarg\u00f8ring af pumpen<\/p>\n<\/li>\n\n                                \n                                    <li class=\"font-dark check custom-list\"><p>Dedikeret trykknap til nem eliminering af t\u00e5ge f\u00f8r service (&#8220;blokeringstilstand&#8221;)<\/p>\n<\/li>\n\n                                                            <\/ul>\n                        \n\n                                    <\/div>\n\n\n            <\/blockquote>\n\n        <\/section>\n    <\/div>\n\n\n","protected":false},"featured_media":8205,"template":"","meta":{"_acf_changed":true,"inline_featured_image":false},"product-category":[13],"class_list":["post-19366","product","type-product","status-publish","has-post-thumbnail","hentry","product-category-udvidelseskort"],"acf":[],"yoast_head":"<!-- This site is optimized with the Yoast SEO Premium plugin v27.3 (Yoast SEO v27.3) - https:\/\/yoast.com\/product\/yoast-seo-premium-wordpress\/ -->\n<title>PROTECT MultiCard\u2122 - Forbedrer t\u00e5gekanonens funktionalitet<\/title>\n<meta name=\"description\" content=\"PROTECT MultiCard\u2122 sparer slutbrugere og installat\u00f8rer tid og penge under installationen og i hele systemets levetid.\" \/>\n<meta name=\"robots\" content=\"index, follow, max-snippet:-1, max-image-preview:large, max-video-preview:-1\" \/>\n<link rel=\"canonical\" href=\"https:\/\/protectglobal.com\/da\/product\/protect-multicard\/\" \/>\n<meta property=\"og:locale\" content=\"da_DK\" \/>\n<meta property=\"og:type\" content=\"article\" \/>\n<meta property=\"og:title\" content=\"PROTECT MultiCard\u2122\" \/>\n<meta property=\"og:description\" content=\"PROTECT MultiCard\u2122 sparer slutbrugere og installat\u00f8rer tid og penge under installationen og i hele systemets levetid.\" \/>\n<meta property=\"og:url\" content=\"https:\/\/protectglobal.com\/da\/product\/protect-multicard\/\" \/>\n<meta property=\"og:site_name\" content=\"PROTECT Fog Cannons\u2122\" \/>\n<meta property=\"article:publisher\" content=\"https:\/\/www.facebook.com\/PROTECTFogCannon\/\" \/>\n<meta property=\"article:modified_time\" content=\"2026-02-24T10:37:38+00:00\" \/>\n<meta property=\"og:image\" content=\"https:\/\/protectglobal.com\/wp-content\/uploads\/2024\/03\/multicard.png\" \/>\n\t<meta property=\"og:image:width\" content=\"326\" \/>\n\t<meta property=\"og:image:height\" content=\"408\" \/>\n\t<meta property=\"og:image:type\" content=\"image\/png\" \/>\n<meta name=\"twitter:card\" content=\"summary_large_image\" \/>\n<meta name=\"twitter:site\" content=\"@PROTECTFOG\" \/>\n<meta name=\"twitter:label1\" content=\"Estimeret l\u00e6setid\" \/>\n\t<meta name=\"twitter:data1\" content=\"1 minut\" \/>\n<script type=\"application\/ld+json\" class=\"yoast-schema-graph\">{\"@context\":\"https:\\\/\\\/schema.org\",\"@graph\":[{\"@type\":\"WebPage\",\"@id\":\"https:\\\/\\\/protectglobal.com\\\/da\\\/product\\\/protect-multicard\\\/\",\"url\":\"https:\\\/\\\/protectglobal.com\\\/da\\\/product\\\/protect-multicard\\\/\",\"name\":\"PROTECT MultiCard\u2122 - Forbedrer t\u00e5gekanonens funktionalitet\",\"isPartOf\":{\"@id\":\"https:\\\/\\\/protectglobal.com\\\/da\\\/#website\"},\"primaryImageOfPage\":{\"@id\":\"https:\\\/\\\/protectglobal.com\\\/da\\\/product\\\/protect-multicard\\\/#primaryimage\"},\"image\":{\"@id\":\"https:\\\/\\\/protectglobal.com\\\/da\\\/product\\\/protect-multicard\\\/#primaryimage\"},\"thumbnailUrl\":\"https:\\\/\\\/protectglobal.com\\\/wp-content\\\/uploads\\\/2024\\\/03\\\/multicard.png\",\"datePublished\":\"2024-03-19T12:22:07+00:00\",\"dateModified\":\"2026-02-24T10:37:38+00:00\",\"description\":\"PROTECT MultiCard\u2122 sparer slutbrugere og installat\u00f8rer tid og penge under installationen og i hele systemets levetid.\",\"breadcrumb\":{\"@id\":\"https:\\\/\\\/protectglobal.com\\\/da\\\/product\\\/protect-multicard\\\/#breadcrumb\"},\"inLanguage\":\"da-DK\",\"potentialAction\":[{\"@type\":\"ReadAction\",\"target\":[\"https:\\\/\\\/protectglobal.com\\\/da\\\/product\\\/protect-multicard\\\/\"]}]},{\"@type\":\"ImageObject\",\"inLanguage\":\"da-DK\",\"@id\":\"https:\\\/\\\/protectglobal.com\\\/da\\\/product\\\/protect-multicard\\\/#primaryimage\",\"url\":\"https:\\\/\\\/protectglobal.com\\\/wp-content\\\/uploads\\\/2024\\\/03\\\/multicard.png\",\"contentUrl\":\"https:\\\/\\\/protectglobal.com\\\/wp-content\\\/uploads\\\/2024\\\/03\\\/multicard.png\",\"width\":326,\"height\":408,\"caption\":\"MultiCard\"},{\"@type\":\"BreadcrumbList\",\"@id\":\"https:\\\/\\\/protectglobal.com\\\/da\\\/product\\\/protect-multicard\\\/#breadcrumb\",\"itemListElement\":[{\"@type\":\"ListItem\",\"position\":1,\"name\":\"Hjem\",\"item\":\"https:\\\/\\\/protectglobal.com\\\/da\\\/\"},{\"@type\":\"ListItem\",\"position\":2,\"name\":\"PROTECT MultiCard\u2122\"}]},{\"@type\":\"WebSite\",\"@id\":\"https:\\\/\\\/protectglobal.com\\\/da\\\/#website\",\"url\":\"https:\\\/\\\/protectglobal.com\\\/da\\\/\",\"name\":\"PROTECT Fog Cannons\u2122\",\"description\":\"\",\"publisher\":{\"@id\":\"https:\\\/\\\/protectglobal.com\\\/da\\\/#organization\"},\"potentialAction\":[{\"@type\":\"SearchAction\",\"target\":{\"@type\":\"EntryPoint\",\"urlTemplate\":\"https:\\\/\\\/protectglobal.com\\\/da\\\/?s={search_term_string}\"},\"query-input\":{\"@type\":\"PropertyValueSpecification\",\"valueRequired\":true,\"valueName\":\"search_term_string\"}}],\"inLanguage\":\"da-DK\"},{\"@type\":\"Organization\",\"@id\":\"https:\\\/\\\/protectglobal.com\\\/da\\\/#organization\",\"name\":\"PROTECT Fog Cannons\u2122\",\"url\":\"https:\\\/\\\/protectglobal.com\\\/da\\\/\",\"logo\":{\"@type\":\"ImageObject\",\"inLanguage\":\"da-DK\",\"@id\":\"https:\\\/\\\/protectglobal.com\\\/da\\\/#\\\/schema\\\/logo\\\/image\\\/\",\"url\":\"https:\\\/\\\/protectglobal.com\\\/wp-content\\\/uploads\\\/2023\\\/10\\\/logo.svg\",\"contentUrl\":\"https:\\\/\\\/protectglobal.com\\\/wp-content\\\/uploads\\\/2023\\\/10\\\/logo.svg\",\"width\":90,\"height\":40,\"caption\":\"PROTECT Fog Cannons\u2122\"},\"image\":{\"@id\":\"https:\\\/\\\/protectglobal.com\\\/da\\\/#\\\/schema\\\/logo\\\/image\\\/\"},\"sameAs\":[\"https:\\\/\\\/www.facebook.com\\\/PROTECTFogCannon\\\/\",\"https:\\\/\\\/x.com\\\/PROTECTFOG\",\"https:\\\/\\\/www.linkedin.com\\\/company\\\/protect-a-s\\\/\",\"https:\\\/\\\/www.youtube.com\\\/user\\\/PROTECTFogCannon\"],\"description\":\"PROTECT\u2122 specializes in security fog solutions, protecting valuables in retail, banks, warehouses any many other industries across more than 50 countries. With over 175,000 fog cannons installed, our systems fill rooms with dense fog in seconds, deterring burglars and preventing theft. We focus on providing reliable, durable, and easy-to-install solutions for enhanced security and peace of mind.\",\"email\":\"info@protectglobal.com\",\"telephone\":\"+45 8672 1881\",\"legalName\":\"PROTECT A\\\/S\",\"foundingDate\":\"2000-09-28\",\"vatID\":\"25687272\",\"numberOfEmployees\":{\"@type\":\"QuantitativeValue\",\"minValue\":\"11\",\"maxValue\":\"50\"}}]}<\/script>\n<!-- \/ Yoast SEO Premium plugin. -->","yoast_head_json":{"title":"PROTECT MultiCard\u2122 - Forbedrer t\u00e5gekanonens funktionalitet","description":"PROTECT MultiCard\u2122 sparer slutbrugere og installat\u00f8rer tid og penge under installationen og i hele systemets levetid.","robots":{"index":"index","follow":"follow","max-snippet":"max-snippet:-1","max-image-preview":"max-image-preview:large","max-video-preview":"max-video-preview:-1"},"canonical":"https:\/\/protectglobal.com\/da\/product\/protect-multicard\/","og_locale":"da_DK","og_type":"article","og_title":"PROTECT MultiCard\u2122","og_description":"PROTECT MultiCard\u2122 sparer slutbrugere og installat\u00f8rer tid og penge under installationen og i hele systemets levetid.","og_url":"https:\/\/protectglobal.com\/da\/product\/protect-multicard\/","og_site_name":"PROTECT Fog Cannons\u2122","article_publisher":"https:\/\/www.facebook.com\/PROTECTFogCannon\/","article_modified_time":"2026-02-24T10:37:38+00:00","og_image":[{"width":326,"height":408,"url":"https:\/\/protectglobal.com\/wp-content\/uploads\/2024\/03\/multicard.png","type":"image\/png"}],"twitter_card":"summary_large_image","twitter_site":"@PROTECTFOG","twitter_misc":{"Estimeret l\u00e6setid":"1 minut"},"schema":{"@context":"https:\/\/schema.org","@graph":[{"@type":"WebPage","@id":"https:\/\/protectglobal.com\/da\/product\/protect-multicard\/","url":"https:\/\/protectglobal.com\/da\/product\/protect-multicard\/","name":"PROTECT MultiCard\u2122 - Forbedrer t\u00e5gekanonens funktionalitet","isPartOf":{"@id":"https:\/\/protectglobal.com\/da\/#website"},"primaryImageOfPage":{"@id":"https:\/\/protectglobal.com\/da\/product\/protect-multicard\/#primaryimage"},"image":{"@id":"https:\/\/protectglobal.com\/da\/product\/protect-multicard\/#primaryimage"},"thumbnailUrl":"https:\/\/protectglobal.com\/wp-content\/uploads\/2024\/03\/multicard.png","datePublished":"2024-03-19T12:22:07+00:00","dateModified":"2026-02-24T10:37:38+00:00","description":"PROTECT MultiCard\u2122 sparer slutbrugere og installat\u00f8rer tid og penge under installationen og i hele systemets levetid.","breadcrumb":{"@id":"https:\/\/protectglobal.com\/da\/product\/protect-multicard\/#breadcrumb"},"inLanguage":"da-DK","potentialAction":[{"@type":"ReadAction","target":["https:\/\/protectglobal.com\/da\/product\/protect-multicard\/"]}]},{"@type":"ImageObject","inLanguage":"da-DK","@id":"https:\/\/protectglobal.com\/da\/product\/protect-multicard\/#primaryimage","url":"https:\/\/protectglobal.com\/wp-content\/uploads\/2024\/03\/multicard.png","contentUrl":"https:\/\/protectglobal.com\/wp-content\/uploads\/2024\/03\/multicard.png","width":326,"height":408,"caption":"MultiCard"},{"@type":"BreadcrumbList","@id":"https:\/\/protectglobal.com\/da\/product\/protect-multicard\/#breadcrumb","itemListElement":[{"@type":"ListItem","position":1,"name":"Hjem","item":"https:\/\/protectglobal.com\/da\/"},{"@type":"ListItem","position":2,"name":"PROTECT MultiCard\u2122"}]},{"@type":"WebSite","@id":"https:\/\/protectglobal.com\/da\/#website","url":"https:\/\/protectglobal.com\/da\/","name":"PROTECT Fog Cannons\u2122","description":"","publisher":{"@id":"https:\/\/protectglobal.com\/da\/#organization"},"potentialAction":[{"@type":"SearchAction","target":{"@type":"EntryPoint","urlTemplate":"https:\/\/protectglobal.com\/da\/?s={search_term_string}"},"query-input":{"@type":"PropertyValueSpecification","valueRequired":true,"valueName":"search_term_string"}}],"inLanguage":"da-DK"},{"@type":"Organization","@id":"https:\/\/protectglobal.com\/da\/#organization","name":"PROTECT Fog Cannons\u2122","url":"https:\/\/protectglobal.com\/da\/","logo":{"@type":"ImageObject","inLanguage":"da-DK","@id":"https:\/\/protectglobal.com\/da\/#\/schema\/logo\/image\/","url":"https:\/\/protectglobal.com\/wp-content\/uploads\/2023\/10\/logo.svg","contentUrl":"https:\/\/protectglobal.com\/wp-content\/uploads\/2023\/10\/logo.svg","width":90,"height":40,"caption":"PROTECT Fog Cannons\u2122"},"image":{"@id":"https:\/\/protectglobal.com\/da\/#\/schema\/logo\/image\/"},"sameAs":["https:\/\/www.facebook.com\/PROTECTFogCannon\/","https:\/\/x.com\/PROTECTFOG","https:\/\/www.linkedin.com\/company\/protect-a-s\/","https:\/\/www.youtube.com\/user\/PROTECTFogCannon"],"description":"PROTECT\u2122 specializes in security fog solutions, protecting valuables in retail, banks, warehouses any many other industries across more than 50 countries. With over 175,000 fog cannons installed, our systems fill rooms with dense fog in seconds, deterring burglars and preventing theft. We focus on providing reliable, durable, and easy-to-install solutions for enhanced security and peace of mind.","email":"info@protectglobal.com","telephone":"+45 8672 1881","legalName":"PROTECT A\/S","foundingDate":"2000-09-28","vatID":"25687272","numberOfEmployees":{"@type":"QuantitativeValue","minValue":"11","maxValue":"50"}}]}},"_links":{"self":[{"href":"https:\/\/protectglobal.com\/da\/wp-json\/wp\/v2\/product\/19366","targetHints":{"allow":["GET"]}}],"collection":[{"href":"https:\/\/protectglobal.com\/da\/wp-json\/wp\/v2\/product"}],"about":[{"href":"https:\/\/protectglobal.com\/da\/wp-json\/wp\/v2\/types\/product"}],"wp:featuredmedia":[{"embeddable":true,"href":"https:\/\/protectglobal.com\/da\/wp-json\/wp\/v2\/media\/8205"}],"wp:attachment":[{"href":"https:\/\/protectglobal.com\/da\/wp-json\/wp\/v2\/media?parent=19366"}],"wp:term":[{"taxonomy":"product-category","embeddable":true,"href":"https:\/\/protectglobal.com\/da\/wp-json\/wp\/v2\/product-category?post=19366"}],"curies":[{"name":"wp","href":"https:\/\/api.w.org\/{rel}","templated":true}]}}