{"id":19359,"date":"2024-03-19T12:13:50","date_gmt":"2024-03-19T12:13:50","guid":{"rendered":"https:\/\/protectglobal.com\/product\/protect-intellibuscard\/"},"modified":"2025-02-25T10:09:36","modified_gmt":"2025-02-25T10:09:36","slug":"protect-intellibuscard","status":"publish","type":"product","link":"https:\/\/protectglobal.com\/da\/product\/protect-intellibuscard\/","title":{"rendered":"PROTECT IntelliBusCard\u2122"},"content":{"rendered":"\n\n<section class=\"content-toggle-block custom-block black py-5\" style=\"\">\n    <section class=\"py-xxl-5 py-5\">\n                <div class=\"switchable-content\">\n            <!-- Content option 1 -->\n                                                                <div class=\"content-option option-1 container\" aria-hidden=\"false\">\n                        <section class=\"row gap-lg-5\">\n                                                            <section class=\"column-1 col-12 col-lg mb-5 mb-lg-0\">\n                                    <blockquote class=\"mb-4 h2 font-white\"><h2>PROTECT IntelliBusCard\u2122 til <span style=\"color: #3f75ff;\">problemfri integration af t\u00e5gekanoner<\/span><\/h2>\n<\/blockquote>\n                                    <blockquote class=\"mb-5 fs-6 body-text font-white\"><p>IntelliBusCard\u2122 er et kommunikationsinterface mellem t\u00e5gekanonerne og IntelliBox\u2122. IntelliBox\u2122 giver mulighed for fuldst\u00e6ndig integration og styring af op til 16 t\u00e5gemaskiner. Du skal blot installere et IntelliBusCard\u2122 i hver t\u00e5gekanon for at etablere en forbindelse til kontrolenheden.  <\/p>\n<\/blockquote>\n                                    \n                                                                    <\/section>\n                                                                                            <section class=\"col-lg col-12 column-2 \">\n                                    <section class=\"accordion\">\n                                                                                    <div class=\"acc-item d-flex flex-column gap-3 pb-3 \">\n                                                <button class=\"acc-button w-100 text-start p-0 d-flex justify-content-between \">\n                                                    <h4 class=\"mb-0 fs-5\">Centraliseret monitorering og kontrol<\/h4>\n                                                    <svg class=\"acc-icon\" width=\"20\" height=\"20\" viewBox=\"0 0 20 20\" fill=\"none\" xmlns=\"http:\/\/www.w3.org\/2000\/svg\">\n                                                        <g clip-path=\"url(#clip0_2099_15870)\">\n                                                            <rect x=\"24.1421\" y=\"-2.28516\" width=\"5\" height=\"25\" transform=\"rotate(45 24.1421 -2.28516)\" fill=\"#DCDCDC\"\/>\n                                                            <rect x=\"-7.67773\" y=\"1.25\" width=\"5\" height=\"17.5\" transform=\"rotate(-45 -7.67773 1.25)\" fill=\"#DCDCDC\"\/>\n                                                        <\/g>\n                                                        <defs>\n                                                            <clipPath id=\"clip0_2099_15870\">\n                                                                <rect width=\"20\" height=\"20\" fill=\"white\" transform=\"translate(20) rotate(90)\"\/>\n                                                            <\/clipPath>\n                                                        <\/defs>\n                                                    <\/svg>\n                                                <\/button>\n                                                <div class=\"acc-content \" aria-hidden=\"true\">\n                                                    <blockquote class=\"body-text font-white\"><p>Denne centraliserede konfiguration forenkler overv\u00e5gningen og styringen af dit t\u00e5gesystem fra et enkelt, bekvemt sted. Desuden giver IntelliBox IP\u2122 versionen mulighed for fjernadgang og -styring af t\u00e5gekanonerne via internettet.<\/p>\n<\/blockquote>\n                                                <\/div>\n                                            <\/div>\n                                                                                    <div class=\"acc-item d-flex flex-column gap-3 pb-3 \">\n                                                <button class=\"acc-button w-100 text-start p-0 d-flex justify-content-between \">\n                                                    <h4 class=\"mb-0 fs-5\">Fleksible tilslutningsmuligheder<\/h4>\n                                                    <svg class=\"acc-icon\" width=\"20\" height=\"20\" viewBox=\"0 0 20 20\" fill=\"none\" xmlns=\"http:\/\/www.w3.org\/2000\/svg\">\n                                                        <g clip-path=\"url(#clip0_2099_15870)\">\n                                                            <rect x=\"24.1421\" y=\"-2.28516\" width=\"5\" height=\"25\" transform=\"rotate(45 24.1421 -2.28516)\" fill=\"#DCDCDC\"\/>\n                                                            <rect x=\"-7.67773\" y=\"1.25\" width=\"5\" height=\"17.5\" transform=\"rotate(-45 -7.67773 1.25)\" fill=\"#DCDCDC\"\/>\n                                                        <\/g>\n                                                        <defs>\n                                                            <clipPath id=\"clip0_2099_15870\">\n                                                                <rect width=\"20\" height=\"20\" fill=\"white\" transform=\"translate(20) rotate(90)\"\/>\n                                                            <\/clipPath>\n                                                        <\/defs>\n                                                    <\/svg>\n                                                <\/button>\n                                                <div class=\"acc-content \" aria-hidden=\"true\">\n                                                    <blockquote class=\"body-text font-white\"><p>Der er tre m\u00e5der at forbinde dine t\u00e5gekanoner med hinanden p\u00e5: med kabel i en daisy-chain, med fjernbetjent eller i en blandet ops\u00e6tning. Med IntelliWirelessCard\u2122 kan du opn\u00e5 en helt tr\u00e5dl\u00f8s eller blandet forbindelse. <\/p>\n<\/blockquote>\n                                                <\/div>\n                                            <\/div>\n                                                                            <\/section>\n                                <\/section>\n                                                    <\/section>\n                    <\/div>\n                                        <!-- Content option 2 -->\n                    <\/div>\n    <\/section>\n<\/section>\n\n\n\n\n\n\n\n    <div class=\"two-column-list-block white-bg custom-block p-3 py-5 p-3\" style=\"\">\n        <section class=\"list-columns-wrapper container \" data-aos=\"fade-in\">\n\n\t\t\t\t\t\t\t<div class=\"font-dark mb-4\"><h2>Vigtige fakta om <span style=\"color: #3f75ff;\">PROTECT IntelliBusCard\u2122<\/span>:<\/h2>\n<\/div>\n\t\t\t\n\t\t\t<blockquote class=\"d-lg-flex flex-row-reverse justify-content-between\">\n\n                <div class=\"list-col-1\">\n                                                <ul class=\"m-0 p-0\">\n                                \n                                    <li class=\"font-dark check custom-list\"><p>Kr\u00e6ver PROTECT IntelliBusCard\u2122 udvidelseskort<\/p>\n<\/li>\n\n                                                            <\/ul>\n                        \n\n                                    <\/div>\n                <div class=\"list-col-2\">\n                                                <ul class=\"m-0 p-0\">\n                                \n                                    <li class=\"font-dark check custom-list\"><p>Forbinder op til 16 t\u00e5gekanonenheder i \u00e9n ops\u00e6tning<\/p>\n<\/li>\n\n                                \n                                    <li class=\"font-dark check custom-list\"><p>Skr\u00e6ddersyet forbindelse efter dine behov: kablet, tr\u00e5dl\u00f8s eller blandet er muligt<\/p>\n<\/li>\n\n                                                            <\/ul>\n                        \n\n                                    <\/div>\n\n\n            <\/blockquote>\n\n        <\/section>\n    <\/div>\n\n\n\n\n    <section class=\"product-image-slider-block overflow-hidden custom-block py-5 grey\" style=\"\">\n\t\t<div class=\"container py-xxl-5\" data-aos=\"fade-in\">\n\t\t\t<p class=\"section-label\">PRODUKTGALLERI<\/p>\n\t\t\t<div class=\"d-md-flex justify-content-between mb-4\">\n\t\t\t\t<blockquote class=\"heading-wrapper w-100\">\n\t\t\t\t\t<h2 class=\"h2\"><h2>PROTECT IntelliBusCard\u2122<\/h2>\n<\/h2>\n\t\t\t\t<\/blockquote>\n\t\t\t\t<blockquote class=\"w-100\">\n\t\t\t\t\t<div class=\"body-text\"><p>Med PROTECT IntelliBusCard\u2122 kan du tilslutte dine PROTECT t\u00e5gekanoner helt tr\u00e5dl\u00f8st.<\/p>\n<\/div>\n\t\t\t\t<\/blockquote>\n\t\t\t<\/div>\n\t\t\t\t\t\t\t<div class=\"image-slider color-option\">\n\t\t\t\t\t\t\t\t\t\t\t<figure class=\"me-3\">\n\t\t\t\t\t\t\t<img decoding=\"async\" class=\"prod-img\" src=\"https:\/\/protectglobal.com\/wp-content\/uploads\/2024\/03\/intellibuscard-1-1.png\" alt=\"IntelliBox mixed\">\n\t\t\t\t\t\t\t<img decoding=\"async\" class=\"prod-img hidden\" src=\"\" alt=\"\">\n\t\t\t\t\t\t<\/figure>\n\t\t\t\t\t\t\t\t\t\t\t<figure class=\"me-3\">\n\t\t\t\t\t\t\t<img decoding=\"async\" class=\"prod-img\" src=\"https:\/\/protectglobal.com\/wp-content\/uploads\/2024\/03\/intellibuscard-2.png\" alt=\"IntelliBox wireless\">\n\t\t\t\t\t\t\t<img decoding=\"async\" class=\"prod-img hidden\" src=\"\" alt=\"\">\n\t\t\t\t\t\t<\/figure>\n\t\t\t\t\t\t\t\t\t\t\t<figure class=\"me-3\">\n\t\t\t\t\t\t\t<img decoding=\"async\" class=\"prod-img\" src=\"https:\/\/protectglobal.com\/wp-content\/uploads\/2024\/03\/intellibuscard-3.png\" alt=\"IntelliBox connection\">\n\t\t\t\t\t\t\t<img decoding=\"async\" class=\"prod-img hidden\" src=\"\" alt=\"\">\n\t\t\t\t\t\t<\/figure>\n\t\t\t\t\t\t\t\t\t<\/div>\n\t\t\t\n\t\t\t<div class=\"navigation-dots-image gap-3 d-lg-none justify-content-center d-flex\"><\/div>\n\t\t\t<div class=\"d-flex justify-content-between align-items-center mt-4\">\n\t\t\t\t<div class=\"toggle-container mb-5 d-none\">\n\t\t\t\t\t<input type=\"checkbox\" id=\"toggle-color\" class=\"checkbox-color\" \/>\n\t\t\t\t\t<label for=\"toggle-color\" class=\"switch-color\" data-on=\"on\" data-off=\"off\"><\/label>\n\t\t\t\t\t\t\t\t\t\t\t\t\t<span class=\"a-text color-mode\">White<\/span>\n\t\t\t\t\t\t\t<span class=\"b-text color-mode\">Black<\/span>\n\t\t\t\t\t\t\n\t\t\t\t<\/div>\n\t\t\t\t<div class=\"navigation-arrows-image gap-3 d-none d-md-flex w-100 justify-content-end\"><\/div>\n\t\t\t<\/div>\n        <\/div>\n    <\/section>\n","protected":false},"featured_media":22635,"template":"","meta":{"_acf_changed":true,"inline_featured_image":false},"product-category":[13],"class_list":["post-19359","product","type-product","status-publish","has-post-thumbnail","hentry","product-category-udvidelseskort"],"acf":[],"yoast_head":"<!-- This site is optimized with the Yoast SEO Premium plugin v27.3 (Yoast SEO v27.3) - https:\/\/yoast.com\/product\/yoast-seo-premium-wordpress\/ -->\n<title>PROTECT IntelliBusCard\u2122 - Forbinder t\u00e5gekanon og IntelliBox\u2122<\/title>\n<meta name=\"description\" content=\"Op til seksten PROTECT IntelliBusCard\u2122-aktiverede t\u00e5gekanonenheder kan tilsluttes og styres via internettet og IntelliBox\u2122.\" \/>\n<meta name=\"robots\" content=\"index, follow, max-snippet:-1, max-image-preview:large, max-video-preview:-1\" \/>\n<link rel=\"canonical\" href=\"https:\/\/protectglobal.com\/da\/product\/protect-intellibuscard\/\" \/>\n<meta property=\"og:locale\" content=\"da_DK\" \/>\n<meta property=\"og:type\" content=\"article\" \/>\n<meta property=\"og:title\" content=\"PROTECT IntelliBusCard\u2122\" \/>\n<meta property=\"og:description\" content=\"Op til seksten PROTECT IntelliBusCard\u2122-aktiverede t\u00e5gekanonenheder kan tilsluttes og styres via internettet og IntelliBox\u2122.\" \/>\n<meta property=\"og:url\" content=\"https:\/\/protectglobal.com\/da\/product\/protect-intellibuscard\/\" \/>\n<meta property=\"og:site_name\" content=\"PROTECT Fog Cannons\u2122\" \/>\n<meta property=\"article:publisher\" content=\"https:\/\/www.facebook.com\/PROTECTFogCannon\/\" \/>\n<meta property=\"article:modified_time\" content=\"2025-02-25T10:09:36+00:00\" \/>\n<meta property=\"og:image\" content=\"https:\/\/protectglobal.com\/wp-content\/uploads\/2024\/03\/intellibuscard-4.png\" \/>\n\t<meta property=\"og:image:width\" content=\"326\" \/>\n\t<meta property=\"og:image:height\" content=\"408\" \/>\n\t<meta property=\"og:image:type\" content=\"image\/png\" \/>\n<meta name=\"twitter:card\" content=\"summary_large_image\" \/>\n<meta name=\"twitter:site\" content=\"@PROTECTFOG\" \/>\n<meta name=\"twitter:label1\" content=\"Estimeret l\u00e6setid\" \/>\n\t<meta name=\"twitter:data1\" content=\"1 minut\" \/>\n<script type=\"application\/ld+json\" class=\"yoast-schema-graph\">{\"@context\":\"https:\\\/\\\/schema.org\",\"@graph\":[{\"@type\":\"WebPage\",\"@id\":\"https:\\\/\\\/protectglobal.com\\\/da\\\/product\\\/protect-intellibuscard\\\/\",\"url\":\"https:\\\/\\\/protectglobal.com\\\/da\\\/product\\\/protect-intellibuscard\\\/\",\"name\":\"PROTECT IntelliBusCard\u2122 - Forbinder t\u00e5gekanon og IntelliBox\u2122\",\"isPartOf\":{\"@id\":\"https:\\\/\\\/protectglobal.com\\\/da\\\/#website\"},\"primaryImageOfPage\":{\"@id\":\"https:\\\/\\\/protectglobal.com\\\/da\\\/product\\\/protect-intellibuscard\\\/#primaryimage\"},\"image\":{\"@id\":\"https:\\\/\\\/protectglobal.com\\\/da\\\/product\\\/protect-intellibuscard\\\/#primaryimage\"},\"thumbnailUrl\":\"https:\\\/\\\/protectglobal.com\\\/wp-content\\\/uploads\\\/2024\\\/03\\\/intellibuscard-4.png\",\"datePublished\":\"2024-03-19T12:13:50+00:00\",\"dateModified\":\"2025-02-25T10:09:36+00:00\",\"description\":\"Op til seksten PROTECT IntelliBusCard\u2122-aktiverede t\u00e5gekanonenheder kan tilsluttes og styres via internettet og IntelliBox\u2122.\",\"breadcrumb\":{\"@id\":\"https:\\\/\\\/protectglobal.com\\\/da\\\/product\\\/protect-intellibuscard\\\/#breadcrumb\"},\"inLanguage\":\"da-DK\",\"potentialAction\":[{\"@type\":\"ReadAction\",\"target\":[\"https:\\\/\\\/protectglobal.com\\\/da\\\/product\\\/protect-intellibuscard\\\/\"]}]},{\"@type\":\"ImageObject\",\"inLanguage\":\"da-DK\",\"@id\":\"https:\\\/\\\/protectglobal.com\\\/da\\\/product\\\/protect-intellibuscard\\\/#primaryimage\",\"url\":\"https:\\\/\\\/protectglobal.com\\\/wp-content\\\/uploads\\\/2024\\\/03\\\/intellibuscard-4.png\",\"contentUrl\":\"https:\\\/\\\/protectglobal.com\\\/wp-content\\\/uploads\\\/2024\\\/03\\\/intellibuscard-4.png\",\"width\":326,\"height\":408,\"caption\":\"intellibuscard\"},{\"@type\":\"BreadcrumbList\",\"@id\":\"https:\\\/\\\/protectglobal.com\\\/da\\\/product\\\/protect-intellibuscard\\\/#breadcrumb\",\"itemListElement\":[{\"@type\":\"ListItem\",\"position\":1,\"name\":\"Hjem\",\"item\":\"https:\\\/\\\/protectglobal.com\\\/da\\\/\"},{\"@type\":\"ListItem\",\"position\":2,\"name\":\"PROTECT IntelliBusCard\u2122\"}]},{\"@type\":\"WebSite\",\"@id\":\"https:\\\/\\\/protectglobal.com\\\/da\\\/#website\",\"url\":\"https:\\\/\\\/protectglobal.com\\\/da\\\/\",\"name\":\"PROTECT Fog Cannons\u2122\",\"description\":\"\",\"publisher\":{\"@id\":\"https:\\\/\\\/protectglobal.com\\\/da\\\/#organization\"},\"potentialAction\":[{\"@type\":\"SearchAction\",\"target\":{\"@type\":\"EntryPoint\",\"urlTemplate\":\"https:\\\/\\\/protectglobal.com\\\/da\\\/?s={search_term_string}\"},\"query-input\":{\"@type\":\"PropertyValueSpecification\",\"valueRequired\":true,\"valueName\":\"search_term_string\"}}],\"inLanguage\":\"da-DK\"},{\"@type\":\"Organization\",\"@id\":\"https:\\\/\\\/protectglobal.com\\\/da\\\/#organization\",\"name\":\"PROTECT Fog Cannons\u2122\",\"url\":\"https:\\\/\\\/protectglobal.com\\\/da\\\/\",\"logo\":{\"@type\":\"ImageObject\",\"inLanguage\":\"da-DK\",\"@id\":\"https:\\\/\\\/protectglobal.com\\\/da\\\/#\\\/schema\\\/logo\\\/image\\\/\",\"url\":\"https:\\\/\\\/protectglobal.com\\\/wp-content\\\/uploads\\\/2023\\\/10\\\/logo.svg\",\"contentUrl\":\"https:\\\/\\\/protectglobal.com\\\/wp-content\\\/uploads\\\/2023\\\/10\\\/logo.svg\",\"width\":90,\"height\":40,\"caption\":\"PROTECT Fog Cannons\u2122\"},\"image\":{\"@id\":\"https:\\\/\\\/protectglobal.com\\\/da\\\/#\\\/schema\\\/logo\\\/image\\\/\"},\"sameAs\":[\"https:\\\/\\\/www.facebook.com\\\/PROTECTFogCannon\\\/\",\"https:\\\/\\\/x.com\\\/PROTECTFOG\",\"https:\\\/\\\/www.linkedin.com\\\/company\\\/protect-a-s\\\/\",\"https:\\\/\\\/www.youtube.com\\\/user\\\/PROTECTFogCannon\"],\"description\":\"PROTECT\u2122 specializes in security fog solutions, protecting valuables in retail, banks, warehouses any many other industries across more than 50 countries. With over 175,000 fog cannons installed, our systems fill rooms with dense fog in seconds, deterring burglars and preventing theft. We focus on providing reliable, durable, and easy-to-install solutions for enhanced security and peace of mind.\",\"email\":\"info@protectglobal.com\",\"telephone\":\"+45 8672 1881\",\"legalName\":\"PROTECT A\\\/S\",\"foundingDate\":\"2000-09-28\",\"vatID\":\"25687272\",\"numberOfEmployees\":{\"@type\":\"QuantitativeValue\",\"minValue\":\"11\",\"maxValue\":\"50\"}}]}<\/script>\n<!-- \/ Yoast SEO Premium plugin. -->","yoast_head_json":{"title":"PROTECT IntelliBusCard\u2122 - Forbinder t\u00e5gekanon og IntelliBox\u2122","description":"Op til seksten PROTECT IntelliBusCard\u2122-aktiverede t\u00e5gekanonenheder kan tilsluttes og styres via internettet og IntelliBox\u2122.","robots":{"index":"index","follow":"follow","max-snippet":"max-snippet:-1","max-image-preview":"max-image-preview:large","max-video-preview":"max-video-preview:-1"},"canonical":"https:\/\/protectglobal.com\/da\/product\/protect-intellibuscard\/","og_locale":"da_DK","og_type":"article","og_title":"PROTECT IntelliBusCard\u2122","og_description":"Op til seksten PROTECT IntelliBusCard\u2122-aktiverede t\u00e5gekanonenheder kan tilsluttes og styres via internettet og IntelliBox\u2122.","og_url":"https:\/\/protectglobal.com\/da\/product\/protect-intellibuscard\/","og_site_name":"PROTECT Fog Cannons\u2122","article_publisher":"https:\/\/www.facebook.com\/PROTECTFogCannon\/","article_modified_time":"2025-02-25T10:09:36+00:00","og_image":[{"width":326,"height":408,"url":"https:\/\/protectglobal.com\/wp-content\/uploads\/2024\/03\/intellibuscard-4.png","type":"image\/png"}],"twitter_card":"summary_large_image","twitter_site":"@PROTECTFOG","twitter_misc":{"Estimeret l\u00e6setid":"1 minut"},"schema":{"@context":"https:\/\/schema.org","@graph":[{"@type":"WebPage","@id":"https:\/\/protectglobal.com\/da\/product\/protect-intellibuscard\/","url":"https:\/\/protectglobal.com\/da\/product\/protect-intellibuscard\/","name":"PROTECT IntelliBusCard\u2122 - Forbinder t\u00e5gekanon og IntelliBox\u2122","isPartOf":{"@id":"https:\/\/protectglobal.com\/da\/#website"},"primaryImageOfPage":{"@id":"https:\/\/protectglobal.com\/da\/product\/protect-intellibuscard\/#primaryimage"},"image":{"@id":"https:\/\/protectglobal.com\/da\/product\/protect-intellibuscard\/#primaryimage"},"thumbnailUrl":"https:\/\/protectglobal.com\/wp-content\/uploads\/2024\/03\/intellibuscard-4.png","datePublished":"2024-03-19T12:13:50+00:00","dateModified":"2025-02-25T10:09:36+00:00","description":"Op til seksten PROTECT IntelliBusCard\u2122-aktiverede t\u00e5gekanonenheder kan tilsluttes og styres via internettet og IntelliBox\u2122.","breadcrumb":{"@id":"https:\/\/protectglobal.com\/da\/product\/protect-intellibuscard\/#breadcrumb"},"inLanguage":"da-DK","potentialAction":[{"@type":"ReadAction","target":["https:\/\/protectglobal.com\/da\/product\/protect-intellibuscard\/"]}]},{"@type":"ImageObject","inLanguage":"da-DK","@id":"https:\/\/protectglobal.com\/da\/product\/protect-intellibuscard\/#primaryimage","url":"https:\/\/protectglobal.com\/wp-content\/uploads\/2024\/03\/intellibuscard-4.png","contentUrl":"https:\/\/protectglobal.com\/wp-content\/uploads\/2024\/03\/intellibuscard-4.png","width":326,"height":408,"caption":"intellibuscard"},{"@type":"BreadcrumbList","@id":"https:\/\/protectglobal.com\/da\/product\/protect-intellibuscard\/#breadcrumb","itemListElement":[{"@type":"ListItem","position":1,"name":"Hjem","item":"https:\/\/protectglobal.com\/da\/"},{"@type":"ListItem","position":2,"name":"PROTECT IntelliBusCard\u2122"}]},{"@type":"WebSite","@id":"https:\/\/protectglobal.com\/da\/#website","url":"https:\/\/protectglobal.com\/da\/","name":"PROTECT Fog Cannons\u2122","description":"","publisher":{"@id":"https:\/\/protectglobal.com\/da\/#organization"},"potentialAction":[{"@type":"SearchAction","target":{"@type":"EntryPoint","urlTemplate":"https:\/\/protectglobal.com\/da\/?s={search_term_string}"},"query-input":{"@type":"PropertyValueSpecification","valueRequired":true,"valueName":"search_term_string"}}],"inLanguage":"da-DK"},{"@type":"Organization","@id":"https:\/\/protectglobal.com\/da\/#organization","name":"PROTECT Fog Cannons\u2122","url":"https:\/\/protectglobal.com\/da\/","logo":{"@type":"ImageObject","inLanguage":"da-DK","@id":"https:\/\/protectglobal.com\/da\/#\/schema\/logo\/image\/","url":"https:\/\/protectglobal.com\/wp-content\/uploads\/2023\/10\/logo.svg","contentUrl":"https:\/\/protectglobal.com\/wp-content\/uploads\/2023\/10\/logo.svg","width":90,"height":40,"caption":"PROTECT Fog Cannons\u2122"},"image":{"@id":"https:\/\/protectglobal.com\/da\/#\/schema\/logo\/image\/"},"sameAs":["https:\/\/www.facebook.com\/PROTECTFogCannon\/","https:\/\/x.com\/PROTECTFOG","https:\/\/www.linkedin.com\/company\/protect-a-s\/","https:\/\/www.youtube.com\/user\/PROTECTFogCannon"],"description":"PROTECT\u2122 specializes in security fog solutions, protecting valuables in retail, banks, warehouses any many other industries across more than 50 countries. With over 175,000 fog cannons installed, our systems fill rooms with dense fog in seconds, deterring burglars and preventing theft. We focus on providing reliable, durable, and easy-to-install solutions for enhanced security and peace of mind.","email":"info@protectglobal.com","telephone":"+45 8672 1881","legalName":"PROTECT A\/S","foundingDate":"2000-09-28","vatID":"25687272","numberOfEmployees":{"@type":"QuantitativeValue","minValue":"11","maxValue":"50"}}]}},"_links":{"self":[{"href":"https:\/\/protectglobal.com\/da\/wp-json\/wp\/v2\/product\/19359","targetHints":{"allow":["GET"]}}],"collection":[{"href":"https:\/\/protectglobal.com\/da\/wp-json\/wp\/v2\/product"}],"about":[{"href":"https:\/\/protectglobal.com\/da\/wp-json\/wp\/v2\/types\/product"}],"wp:featuredmedia":[{"embeddable":true,"href":"https:\/\/protectglobal.com\/da\/wp-json\/wp\/v2\/media\/22635"}],"wp:attachment":[{"href":"https:\/\/protectglobal.com\/da\/wp-json\/wp\/v2\/media?parent=19359"}],"wp:term":[{"taxonomy":"product-category","embeddable":true,"href":"https:\/\/protectglobal.com\/da\/wp-json\/wp\/v2\/product-category?post=19359"}],"curies":[{"name":"wp","href":"https:\/\/api.w.org\/{rel}","templated":true}]}}