{"id":5236,"date":"2024-03-19T14:14:49","date_gmt":"2024-03-19T14:14:49","guid":{"rendered":"https:\/\/protectglobal.com\/?page_id=5236"},"modified":"2025-01-21T09:26:07","modified_gmt":"2025-01-21T09:26:07","slug":"teknisk-support-til-installatoerer","status":"publish","type":"page","link":"https:\/\/protectglobal.com\/da\/teknisk-support-til-installatoerer\/","title":{"rendered":"Teknisk support til installat\u00f8rer"},"content":{"rendered":"\n<p>Find hurtig vejledning til at l\u00f8se eventuelle problemer med din t\u00e5gekanon. De fleste problemer kan nemt l\u00f8ses ved at l\u00e6se vejledningerne nedenfor.  <\/p>\n\n\n\n<p>P\u00e5 listen nedenfor kan du finde specifikke l\u00f8sninger p\u00e5 de mest almindelige sp\u00f8rgsm\u00e5l.<\/p>\n\n\n\n                <section class=\"pb-5 two-column-cards\">\n            <div class=\"container py-xxl-5 py-5\" data-aos=\"fade-in\">\n                <div class=\"row pt-5 row-cols-1\">\n                    <h2>Find hj\u00e6lp her<\/h2>\n                <\/div>\n                <div class=\"row row-cols-1 row-cols-md-2 row-gap-4\">\n                                        <div class=\"\" data-aos=\"fade-in\">\n                        <a class=\"card d-flex flex-column justify-content-end p-4 position-relative lazyload\" target=\"_blank\" href=\"https:\/\/protectglobal.com\/da\/download-category\/manuals\/\" style=\"border: none; background:inherit;\" data-bg=\"linear-gradient(180deg, rgba(0, 0, 0, 0.00) 0%, #000 100%), url(https:\/\/protectglobal.com\/wp-content\/uploads\/2024\/03\/dc-thumbnail.jpg), lightgray 50% \/ cover no-repeat\">\n                            <blockquote>\n                                <div class=\"article-description\">\n                                    <div class=\"title\">\n                                        <h3 class=\"fs-5 font-white\">Manualer<\/h3>\n                                    <\/div>\n                                    <p class=\"fs-6 font-white\">Find manualer p\u00e5 vores Download Center og find hurtigt svar p\u00e5 tekniske udfordringer.<\/p>\n                                    \n                                    <div class=\"button-group font-white d-flex container-sm mt-3 h-auto p-0 gap-3 d-flex justify-content-between align-items-center justify-content-md-start button tertiary\">\n                                         \n                                        <div class=\"button tertiary\">\n                                            <i class=\"icon-chevron\"><\/i>\n                                        <\/div>\n                                    <\/div>\n                                <\/div>\n                            <\/blockquote>\n                        <\/a>\n                    <\/div>\n                                        <div class=\"\" data-aos=\"fade-in\">\n                        <a class=\"card d-flex flex-column justify-content-end p-4 position-relative lazyload\" target=\"_blank\" href=\"https:\/\/protectglobal.com\/da\/download-category\/software\/\" style=\"border: none; background:inherit;\" data-bg=\"linear-gradient(180deg, rgba(0, 0, 0, 0.00) 0%, #000 100%), url(https:\/\/protectglobal.com\/wp-content\/uploads\/2024\/11\/untitled-09019-e1730881874369-1024x772.jpg), lightgray 50% \/ cover no-repeat\">\n                            <blockquote>\n                                <div class=\"article-description\">\n                                    <div class=\"title\">\n                                        <h3 class=\"fs-5 font-white\">Software<\/h3>\n                                    <\/div>\n                                    <p class=\"fs-6 font-white\">Download software som eksempelvis IntelliSuite til at foretage fejlfinding p\u00e5 din t\u00e5gekanon.<\/p>\n                                    \n                                    <div class=\"button-group font-white d-flex container-sm mt-3 h-auto p-0 gap-3 d-flex justify-content-between align-items-center justify-content-md-start button tertiary\">\n                                         \n                                        <div class=\"button tertiary\">\n                                            <i class=\"icon-chevron\"><\/i>\n                                        <\/div>\n                                    <\/div>\n                                <\/div>\n                            <\/blockquote>\n                        <\/a>\n                    <\/div>\n                                    <\/div>\n            <\/div>\n        <\/section>\n    \n\n<div class=\"ctbEditorText\">\n<h4>Blinkende LED&#8217;er &#8211; front ikke fjernet?<\/h4>\n<\/div>\n<div class=\"ctbEditorText\">\n<p>En PROTECT t\u00e5gekanon giver lydsignaler (korte bip) og visuelle signaler (blinkende lysdioder p\u00e5 forsiden).<a id=\"1\"><\/a><\/p>\n<p><strong>Oversigt over lysdioder *:<\/strong><\/p>\n<ul>\n<li>En gr\u00f8n LED blinker, n\u00e5r der er sat str\u00f8m til t\u00e5gekanonen. Den gr\u00f8nne LED lyser konstant, n\u00e5r t\u00e5gekanonen har n\u00e5et den \u00f8nskede temperatur og er klar til affyring.<\/li>\n<li>En gul LED lyser, n\u00e5r v\u00e6skeniveauet er lavt.<\/li>\n<li>Alle lysdioder slukkes, n\u00e5r alarmen er tilsluttet<\/li>\n<li>R\u00f8d LED:<br \/>o Et blink pr. 10 sek. betyder str\u00f8msvigt **<br \/>o Tre blink pr. 10 sek. betyder signal fra et brandalarmsystem til t\u00e5gekanonen *\u0394<br \/>o Fire blink pr. 10 sek. betyder lav batterisp\u00e6nding **<br \/>o Konstant blink: Alvorlig fejl, der kr\u00e6ver indgriben fra en alarminstallat\u00f8r *.<\/li>\n<\/ul>\n<p>* Dioder p\u00e5 Xtratus\u00ae: Se manual side<br \/>** Kr\u00e6ver servicebes\u00f8g<br \/>\u0394 Kan indikere n\u00f8gleafbryder\/anden isolering<\/p>\n<\/div>\n<div class=\"ctbEditorText\">\n<h4>Front af og kan se display?<\/h4>\n<p><span data-contrast=\"auto\">Se her,hvad koderne betyder, og hvordan de nulstilles n\u00e5r de er rettet.<\/span><a id=\"2\"><\/a><\/p>\n<ul>\n<li><a href=\"https:\/\/protectglobal.com\/da\/download\/troubleshooter\/\" target=\"_blank\" rel=\"noopener\">Teknisk fejlfinding &#8211; Alle t\u00e5gekanoner &#8211; ikke Xtratus\u00ae<\/a><\/li>\n<li><a href=\"https:\/\/protectglobal.com\/da\/download\/troubleshooter-xtratus\/\" target=\"_blank\" rel=\"noopener\">Teknisk fejlfinding &#8211; kun Xtratus\u00ae<\/a><\/li>\n<\/ul>\n<p><b><span data-contrast=\"auto\">Har du brug for at nulstille efter \u00e6ndringer?<\/span><\/b><span data-contrast=\"auto\"> &#8211; Tryk p\u00e5 knappen, der ligger mellem displayet og dipswitchen, i 4 sekunder, indtil displayet skifter og\/eller der kommer et bip <\/span><\/p>\n<p><b><span data-contrast=\"auto\">Har du stadig en E3-kode?<\/span><\/b><span data-contrast=\"auto\"> &#8211; <\/span><span data-contrast=\"auto\">Generelt for\u00e5rsaget af en n\u00f8gleafbryder eller anden isolering<\/span><\/p>\n<p><b><span data-contrast=\"auto\">Har du stadig fejlkoder og brug for support?<\/span><\/b><span data-contrast=\"auto\"> &#8211; Ring til os med maskinens serienummer og type.<\/span><\/p>\n<\/div>\n<div class=\"ctbEditorText\">\n<h4>Har du brug for support til ledningsf\u00f8ring, konfiguration og integration? &#8211; Alle nuv\u00e6rende t\u00e5gekanoner<\/h4>\n<p><span data-contrast=\"auto\">Link til quick guides<\/span> <a id=\"3\"><\/a><\/p>\n<ul>\n<li><a href=\"https:\/\/protectglobal.com\/da\/download\/quick-guide-i-series\/\" target=\"_blank\" rel=\"noopener\"><span data-contrast=\"auto\">600i\u2122\/1100i\u2122\/2200i\u2122 plus IP-versioner<\/span><\/a><\/li>\n<li><a href=\"https:\/\/protectglobal.com\/da\/download\/quick-guide-c-series\/\" target=\"_blank\" rel=\"noopener\"><span data-contrast=\"auto\">800i C\u2122\/1500i C\u2122 plus IP-versioner<\/span><\/a><\/li>\n<li><a href=\"https:\/\/protectglobal.com\/da\/download\/quick-guide-qumulus\/\" target=\"_blank\" rel=\"noopener\"><span data-contrast=\"auto\">QUMULUS\u00ae plus IP-version<\/span><\/a><\/li>\n<li><a href=\"https:\/\/protectglobal.com\/da\/download\/quick-guide-xtratus-xtratus-flex\/\" target=\"_blank\" rel=\"noopener\"><span data-contrast=\"auto\">Xtratus\u00ae og Xtratus Flex\u00ae<\/span><\/a><\/li>\n<li><a href=\"https:\/\/protectglobal.com\/da\/download\/quick-guide-foqus\/\" target=\"_blank\" rel=\"noopener\"><span data-contrast=\"auto\">FOQUS\u2122 plus IP-version<\/span><\/a><\/li>\n<\/ul>\n<p><b><span data-contrast=\"auto\">Har du stadig brug for support?<\/span><\/b><span data-contrast=\"auto\"> &#8211; Ring til os med maskinens serienummer og type.<\/span><\/p>\n<\/div>\n<div class=\"ctbEditorText\">\n<h4>Brug for dybdeg\u00e5ende diagnostik?<\/h4>\n<p>Brug et af vores diagnosev\u00e6rkt\u00f8jer til at f\u00e5 et hurtigt overblik over din t\u00e5gekanons status. Du skal blot tilslutte din b\u00e6rbare computer til t\u00e5gekanonen og \u00e5bne softwaren. Her er den software, du skal bruge til vores t\u00e5gekanoner:<\/p>\n<ul>\n<li><a href=\"https:\/\/protectglobal.com\/da\/download\/intellisuite-software-2\/\" target=\"_blank\" rel=\"noopener\">IntelliSuite\u2122: 600i\u2122, 1100i\u2122, 2200i\u2122, QUMULUS<\/a><a href=\"https:\/\/protectglobal.com\/download\/xtratus-pc-tool-software\/\" target=\"_blank\" rel=\"noopener\"><span data-contrast=\"auto\">\u00ae<\/span><\/a><a href=\"https:\/\/protectglobal.com\/download\/intellisuite-software-2\/\">, FOQUS\u2122<\/a><\/li>\n<li><a href=\"https:\/\/protectglobal.com\/da\/download\/intellisuite-2-software\/\" target=\"_blank\" rel=\"noopener\">IntelliSuite 2\u2122: PROTECT M80\u2122, PROTECT M90\u2122<\/a><\/li>\n<li><a href=\"https:\/\/protectglobal.com\/da\/download\/xtratus-pc-tool-software\/\" target=\"_blank\" rel=\"noopener\"><span data-contrast=\"auto\">Xtratus PC Tool: Xtratus<\/span>\u00ae og Xtratus Flex\u00ae<\/a>\u00a0<\/li>\n<\/ul>\n<p><span data-contrast=\"auto\">F\u00e5 adgang til PROTECT Download Center ved at <a href=\"https:\/\/protectglobal.com\/da\/create-account\/\" target=\"_blank\" rel=\"noopener\">oprette en konto<\/a><br \/><\/span><\/p>\n<\/div>\n<div class=\"ctbEditorText\">\n<h4>Brug for en firmwareopgradering?<\/h4>\n<p>Find og download firmwareopgraderinger p\u00e5 <a href=\"https:\/\/protectglobal.com\/da\/download-category\/software\/\" target=\"_blank\" rel=\"noopener\">PROTECT Download Center<\/a><\/p>\n<p><span data-contrast=\"auto\">F\u00e5 adgang til PROTECT Download Center ved at <a href=\"https:\/\/protectglobal.com\/da\/create-account\/\" target=\"_blank\" rel=\"noopener\">oprette en konto<\/a><\/span><\/p>\n<\/div>\n<div class=\"ctbEditorText\">\n<h4>Har du brug for et log-in til IntelliCloud\u2122?<\/h4>\n<p>Send en e-mail til <a title=\"\" href=\"mailto:info@protectglobal.com\">info@protectglobal.com<\/a> med titlen &#8220;Anmodning om log-in til IntelliCloud\u2122&#8221;.<\/p>\n<\/div>\n<div class=\"ctbEditorText\">\n<h4>Udskiftning og inspektion af v\u00e6skebeholdere<\/h4>\n<ul>\n<li><a title=\"\" href=\"https:\/\/protectglobal.com\/da\/download\/qumulus-fluid-change\/\" target=\"_blank\" rel=\"noopener\"><span data-contrast=\"none\">Udskiftning af QUMULUS\u00ae-v\u00e6skepose guide<\/span><\/a><\/li>\n<\/ul>\n<p><span data-contrast=\"auto\">\u00c6ldre v\u00e6skeposer<\/span> <a id=\"7\"><\/a><\/p>\n<ul>\n<li><a href=\"https:\/\/protectglobal.com\/da\/download\/qumulus-fluid-change\/\" target=\"_blank\" rel=\"noopener\"><span data-contrast=\"none\">Udskiftning af QUMULUS\u00ae-v\u00e6skepose 3<\/span><\/a><\/li>\n<li><a title=\"\" href=\"https:\/\/protectglobal.com\/da\/download\/qumulus-fluid-change\/\" target=\"_blank\" rel=\"noopener\"><span data-contrast=\"none\">Udskiftning af QUMULUS\u00ae-v\u00e6skepose 2<\/span><\/a><\/li>\n<\/ul>\n<ul>\n<li><a href=\"https:\/\/protectglobal.com\/da\/download\/inspection-guide-for-fluid-containers\/\" target=\"_blank\" rel=\"noopener\"><span data-contrast=\"none\">Inspektionsguide til v\u00e6skebeholdere<\/span><\/a><\/li>\n<\/ul>\n<\/div>\n<div class=\"ctbEditorText\">\n<h4>Tjekliste til service<\/h4>\n<ul>\n<li><a href=\"https:\/\/protectglobal.com\/da\/download\/service-checklist\/\" target=\"_blank\" rel=\"noopener\"><span data-contrast=\"none\">Service-tjekliste<\/span><\/a><\/li>\n<\/ul>\n<\/div>\n<div class=\"ctbEditorText\">\n<h4>Support til andre produkter<\/h4>\n<ul>\n<li><a title=\"\" href=\"https:\/\/protectglobal.com\/da\/download\/changing-nozzle-instructions\/\" target=\"_blank\" rel=\"noopener\"><span data-contrast=\"auto\">Guide til udskiftning af dyse<\/span><\/a><\/li>\n<li><a href=\"https:\/\/protectglobal.com\/da\/download\/reverse-fog-discharge-instructions\/\" target=\"_blank\" rel=\"noopener\"><span data-contrast=\"auto\">Guide til bagudrettet t\u00e5ge<\/span><\/a><\/li>\n<li><a href=\"https:\/\/protectglobal.com\/da\/download\/demo-cable-kit-manual\/\" target=\"_blank\" rel=\"noopener\"><span data-contrast=\"auto\">Demo-kabelguide<\/span><\/a><\/li>\n<li><a href=\"https:\/\/protectglobal.com\/da\/download\/intellisuite-installation\/\" target=\"_blank\" rel=\"noopener\"><span data-contrast=\"auto\">Installation af IntelliSuite\u2122<\/span><\/a><\/li>\n<li><a href=\"https:\/\/protectglobal.com\/da\/download\/intellicloud-installation\/\" target=\"_blank\" rel=\"noopener\"><span data-contrast=\"auto\">Installation af IntelliCloud\u2122<\/span><\/a><\/li>\n<li><a href=\"https:\/\/protectglobal.com\/da\/download\/intellimon-installation\/\" target=\"_blank\" rel=\"noopener\"><span data-contrast=\"auto\">Installation af IntelliMon\u2122<\/span><\/a><\/li>\n<\/ul>\n<p><b><span data-contrast=\"auto\">Har du stadig brug for support?<\/span><\/b><span data-contrast=\"auto\"> &#8211; Ring til os med maskinens serienummer og type.<\/span> <a id=\"9\"><\/a><\/p>\n<\/div>\n<div class=\"ctbEditorText\">\n<h4>Dimensionering og servicesupport<\/h4>\n<ul>\n<li><a href=\"https:\/\/protectglobal.com\/da\/download\/dimensioning-service\/\" target=\"_blank\" rel=\"noopener\"><span data-contrast=\"none\">Dimensionering og service guide<\/span><\/a><\/li>\n<\/ul>\n<p><span data-contrast=\"auto\">Kontakt os for at f\u00e5 en snak om dit projekt &#8211; Ring +45 8672 1881.<\/span><\/p>\n<\/div>","protected":false},"excerpt":{"rendered":"<p>Find hurtig vejledning til at l\u00f8se eventuelle problemer med din t\u00e5gekanon. De fleste problemer kan nemt l\u00f8ses ved at l\u00e6se vejledningerne nedenfor. P\u00e5 listen nedenfor kan du finde specifikke l\u00f8sninger p\u00e5 de mest almindelige sp\u00f8rgsm\u00e5l. Blinkende LED&#8217;er &#8211; front ikke fjernet? En PROTECT t\u00e5gekanon giver lydsignaler (korte bip) og visuelle signaler (blinkende lysdioder p\u00e5 forsiden). [&hellip;]<\/p>\n","protected":false},"author":10,"featured_media":22345,"parent":0,"menu_order":0,"comment_status":"closed","ping_status":"closed","template":"text.php","meta":{"_acf_changed":false,"inline_featured_image":false,"footnotes":""},"class_list":["post-5236","page","type-page","status-publish","has-post-thumbnail","hentry"],"acf":[],"yoast_head":"<!-- This site is optimized with the Yoast SEO Premium plugin v27.3 (Yoast SEO v27.3) - https:\/\/yoast.com\/product\/yoast-seo-premium-wordpress\/ -->\n<title>PROTECT T\u00e5gekanon - Teknisk support til installat\u00f8rer<\/title>\n<meta name=\"description\" content=\"F\u00e5 hurtig hj\u00e6lp til PROTECT Fog Cannon\u00ae t\u00e5gekanoner. L\u00f8s almindelige problemer og sikr problemfri installation.\" \/>\n<meta name=\"robots\" content=\"index, follow, max-snippet:-1, max-image-preview:large, max-video-preview:-1\" \/>\n<link rel=\"canonical\" href=\"https:\/\/protectglobal.com\/da\/teknisk-support-til-installatoerer\/\" \/>\n<meta property=\"og:locale\" content=\"da_DK\" \/>\n<meta property=\"og:type\" content=\"article\" \/>\n<meta property=\"og:title\" content=\"Teknisk support til installat\u00f8rer\" \/>\n<meta property=\"og:description\" content=\"F\u00e5 hurtig hj\u00e6lp til PROTECT Fog Cannon\u00ae t\u00e5gekanoner. L\u00f8s almindelige problemer og sikr problemfri installation.\" \/>\n<meta property=\"og:url\" content=\"https:\/\/protectglobal.com\/da\/teknisk-support-til-installatoerer\/\" \/>\n<meta property=\"og:site_name\" content=\"PROTECT Fog Cannons\u2122\" \/>\n<meta property=\"article:publisher\" content=\"https:\/\/www.facebook.com\/PROTECTFogCannon\/\" \/>\n<meta property=\"article:modified_time\" content=\"2025-01-21T09:26:07+00:00\" \/>\n<meta property=\"og:image\" content=\"https:\/\/protectglobal.com\/wp-content\/uploads\/2024\/06\/montering-af-maskine-frame-at-0m26s.jpg\" \/>\n\t<meta property=\"og:image:width\" content=\"1920\" \/>\n\t<meta property=\"og:image:height\" content=\"1080\" \/>\n\t<meta property=\"og:image:type\" content=\"image\/jpeg\" \/>\n<meta name=\"twitter:card\" content=\"summary_large_image\" \/>\n<meta name=\"twitter:site\" content=\"@PROTECTFOG\" \/>\n<meta name=\"twitter:label1\" content=\"Estimeret l\u00e6setid\" \/>\n\t<meta name=\"twitter:data1\" content=\"3 minutter\" \/>\n<script type=\"application\/ld+json\" class=\"yoast-schema-graph\">{\"@context\":\"https:\\\/\\\/schema.org\",\"@graph\":[{\"@type\":\"WebPage\",\"@id\":\"https:\\\/\\\/protectglobal.com\\\/da\\\/teknisk-support-til-installatoerer\\\/\",\"url\":\"https:\\\/\\\/protectglobal.com\\\/da\\\/teknisk-support-til-installatoerer\\\/\",\"name\":\"PROTECT T\u00e5gekanon - Teknisk support til installat\u00f8rer\",\"isPartOf\":{\"@id\":\"https:\\\/\\\/protectglobal.com\\\/da\\\/#website\"},\"primaryImageOfPage\":{\"@id\":\"https:\\\/\\\/protectglobal.com\\\/da\\\/teknisk-support-til-installatoerer\\\/#primaryimage\"},\"image\":{\"@id\":\"https:\\\/\\\/protectglobal.com\\\/da\\\/teknisk-support-til-installatoerer\\\/#primaryimage\"},\"thumbnailUrl\":\"https:\\\/\\\/protectglobal.com\\\/wp-content\\\/uploads\\\/2024\\\/06\\\/montering-af-maskine-frame-at-0m26s.jpg\",\"datePublished\":\"2024-03-19T14:14:49+00:00\",\"dateModified\":\"2025-01-21T09:26:07+00:00\",\"description\":\"F\u00e5 hurtig hj\u00e6lp til PROTECT Fog Cannon\u00ae t\u00e5gekanoner. L\u00f8s almindelige problemer og sikr problemfri installation.\",\"breadcrumb\":{\"@id\":\"https:\\\/\\\/protectglobal.com\\\/da\\\/teknisk-support-til-installatoerer\\\/#breadcrumb\"},\"inLanguage\":\"da-DK\",\"potentialAction\":[{\"@type\":\"ReadAction\",\"target\":[\"https:\\\/\\\/protectglobal.com\\\/da\\\/teknisk-support-til-installatoerer\\\/\"]}]},{\"@type\":\"ImageObject\",\"inLanguage\":\"da-DK\",\"@id\":\"https:\\\/\\\/protectglobal.com\\\/da\\\/teknisk-support-til-installatoerer\\\/#primaryimage\",\"url\":\"https:\\\/\\\/protectglobal.com\\\/wp-content\\\/uploads\\\/2024\\\/06\\\/montering-af-maskine-frame-at-0m26s.jpg\",\"contentUrl\":\"https:\\\/\\\/protectglobal.com\\\/wp-content\\\/uploads\\\/2024\\\/06\\\/montering-af-maskine-frame-at-0m26s.jpg\",\"width\":1920,\"height\":1080,\"caption\":\"apex fog fluid\"},{\"@type\":\"BreadcrumbList\",\"@id\":\"https:\\\/\\\/protectglobal.com\\\/da\\\/teknisk-support-til-installatoerer\\\/#breadcrumb\",\"itemListElement\":[{\"@type\":\"ListItem\",\"position\":1,\"name\":\"Hjem\",\"item\":\"https:\\\/\\\/protectglobal.com\\\/da\\\/\"},{\"@type\":\"ListItem\",\"position\":2,\"name\":\"Teknisk support til installat\u00f8rer\"}]},{\"@type\":\"WebSite\",\"@id\":\"https:\\\/\\\/protectglobal.com\\\/da\\\/#website\",\"url\":\"https:\\\/\\\/protectglobal.com\\\/da\\\/\",\"name\":\"PROTECT Fog Cannons\u2122\",\"description\":\"\",\"publisher\":{\"@id\":\"https:\\\/\\\/protectglobal.com\\\/da\\\/#organization\"},\"potentialAction\":[{\"@type\":\"SearchAction\",\"target\":{\"@type\":\"EntryPoint\",\"urlTemplate\":\"https:\\\/\\\/protectglobal.com\\\/da\\\/?s={search_term_string}\"},\"query-input\":{\"@type\":\"PropertyValueSpecification\",\"valueRequired\":true,\"valueName\":\"search_term_string\"}}],\"inLanguage\":\"da-DK\"},{\"@type\":\"Organization\",\"@id\":\"https:\\\/\\\/protectglobal.com\\\/da\\\/#organization\",\"name\":\"PROTECT Fog Cannons\u2122\",\"url\":\"https:\\\/\\\/protectglobal.com\\\/da\\\/\",\"logo\":{\"@type\":\"ImageObject\",\"inLanguage\":\"da-DK\",\"@id\":\"https:\\\/\\\/protectglobal.com\\\/da\\\/#\\\/schema\\\/logo\\\/image\\\/\",\"url\":\"https:\\\/\\\/protectglobal.com\\\/wp-content\\\/uploads\\\/2023\\\/10\\\/logo.svg\",\"contentUrl\":\"https:\\\/\\\/protectglobal.com\\\/wp-content\\\/uploads\\\/2023\\\/10\\\/logo.svg\",\"width\":90,\"height\":40,\"caption\":\"PROTECT Fog Cannons\u2122\"},\"image\":{\"@id\":\"https:\\\/\\\/protectglobal.com\\\/da\\\/#\\\/schema\\\/logo\\\/image\\\/\"},\"sameAs\":[\"https:\\\/\\\/www.facebook.com\\\/PROTECTFogCannon\\\/\",\"https:\\\/\\\/x.com\\\/PROTECTFOG\",\"https:\\\/\\\/www.linkedin.com\\\/company\\\/protect-a-s\\\/\",\"https:\\\/\\\/www.youtube.com\\\/user\\\/PROTECTFogCannon\"],\"description\":\"PROTECT\u2122 specializes in security fog solutions, protecting valuables in retail, banks, warehouses any many other industries across more than 50 countries. With over 175,000 fog cannons installed, our systems fill rooms with dense fog in seconds, deterring burglars and preventing theft. We focus on providing reliable, durable, and easy-to-install solutions for enhanced security and peace of mind.\",\"email\":\"info@protectglobal.com\",\"telephone\":\"+45 8672 1881\",\"legalName\":\"PROTECT A\\\/S\",\"foundingDate\":\"2000-09-28\",\"vatID\":\"25687272\",\"numberOfEmployees\":{\"@type\":\"QuantitativeValue\",\"minValue\":\"11\",\"maxValue\":\"50\"}}]}<\/script>\n<!-- \/ Yoast SEO Premium plugin. -->","yoast_head_json":{"title":"PROTECT T\u00e5gekanon - Teknisk support til installat\u00f8rer","description":"F\u00e5 hurtig hj\u00e6lp til PROTECT Fog Cannon\u00ae t\u00e5gekanoner. L\u00f8s almindelige problemer og sikr problemfri installation.","robots":{"index":"index","follow":"follow","max-snippet":"max-snippet:-1","max-image-preview":"max-image-preview:large","max-video-preview":"max-video-preview:-1"},"canonical":"https:\/\/protectglobal.com\/da\/teknisk-support-til-installatoerer\/","og_locale":"da_DK","og_type":"article","og_title":"Teknisk support til installat\u00f8rer","og_description":"F\u00e5 hurtig hj\u00e6lp til PROTECT Fog Cannon\u00ae t\u00e5gekanoner. L\u00f8s almindelige problemer og sikr problemfri installation.","og_url":"https:\/\/protectglobal.com\/da\/teknisk-support-til-installatoerer\/","og_site_name":"PROTECT Fog Cannons\u2122","article_publisher":"https:\/\/www.facebook.com\/PROTECTFogCannon\/","article_modified_time":"2025-01-21T09:26:07+00:00","og_image":[{"width":1920,"height":1080,"url":"https:\/\/protectglobal.com\/wp-content\/uploads\/2024\/06\/montering-af-maskine-frame-at-0m26s.jpg","type":"image\/jpeg"}],"twitter_card":"summary_large_image","twitter_site":"@PROTECTFOG","twitter_misc":{"Estimeret l\u00e6setid":"3 minutter"},"schema":{"@context":"https:\/\/schema.org","@graph":[{"@type":"WebPage","@id":"https:\/\/protectglobal.com\/da\/teknisk-support-til-installatoerer\/","url":"https:\/\/protectglobal.com\/da\/teknisk-support-til-installatoerer\/","name":"PROTECT T\u00e5gekanon - Teknisk support til installat\u00f8rer","isPartOf":{"@id":"https:\/\/protectglobal.com\/da\/#website"},"primaryImageOfPage":{"@id":"https:\/\/protectglobal.com\/da\/teknisk-support-til-installatoerer\/#primaryimage"},"image":{"@id":"https:\/\/protectglobal.com\/da\/teknisk-support-til-installatoerer\/#primaryimage"},"thumbnailUrl":"https:\/\/protectglobal.com\/wp-content\/uploads\/2024\/06\/montering-af-maskine-frame-at-0m26s.jpg","datePublished":"2024-03-19T14:14:49+00:00","dateModified":"2025-01-21T09:26:07+00:00","description":"F\u00e5 hurtig hj\u00e6lp til PROTECT Fog Cannon\u00ae t\u00e5gekanoner. L\u00f8s almindelige problemer og sikr problemfri installation.","breadcrumb":{"@id":"https:\/\/protectglobal.com\/da\/teknisk-support-til-installatoerer\/#breadcrumb"},"inLanguage":"da-DK","potentialAction":[{"@type":"ReadAction","target":["https:\/\/protectglobal.com\/da\/teknisk-support-til-installatoerer\/"]}]},{"@type":"ImageObject","inLanguage":"da-DK","@id":"https:\/\/protectglobal.com\/da\/teknisk-support-til-installatoerer\/#primaryimage","url":"https:\/\/protectglobal.com\/wp-content\/uploads\/2024\/06\/montering-af-maskine-frame-at-0m26s.jpg","contentUrl":"https:\/\/protectglobal.com\/wp-content\/uploads\/2024\/06\/montering-af-maskine-frame-at-0m26s.jpg","width":1920,"height":1080,"caption":"apex fog fluid"},{"@type":"BreadcrumbList","@id":"https:\/\/protectglobal.com\/da\/teknisk-support-til-installatoerer\/#breadcrumb","itemListElement":[{"@type":"ListItem","position":1,"name":"Hjem","item":"https:\/\/protectglobal.com\/da\/"},{"@type":"ListItem","position":2,"name":"Teknisk support til installat\u00f8rer"}]},{"@type":"WebSite","@id":"https:\/\/protectglobal.com\/da\/#website","url":"https:\/\/protectglobal.com\/da\/","name":"PROTECT Fog Cannons\u2122","description":"","publisher":{"@id":"https:\/\/protectglobal.com\/da\/#organization"},"potentialAction":[{"@type":"SearchAction","target":{"@type":"EntryPoint","urlTemplate":"https:\/\/protectglobal.com\/da\/?s={search_term_string}"},"query-input":{"@type":"PropertyValueSpecification","valueRequired":true,"valueName":"search_term_string"}}],"inLanguage":"da-DK"},{"@type":"Organization","@id":"https:\/\/protectglobal.com\/da\/#organization","name":"PROTECT Fog Cannons\u2122","url":"https:\/\/protectglobal.com\/da\/","logo":{"@type":"ImageObject","inLanguage":"da-DK","@id":"https:\/\/protectglobal.com\/da\/#\/schema\/logo\/image\/","url":"https:\/\/protectglobal.com\/wp-content\/uploads\/2023\/10\/logo.svg","contentUrl":"https:\/\/protectglobal.com\/wp-content\/uploads\/2023\/10\/logo.svg","width":90,"height":40,"caption":"PROTECT Fog Cannons\u2122"},"image":{"@id":"https:\/\/protectglobal.com\/da\/#\/schema\/logo\/image\/"},"sameAs":["https:\/\/www.facebook.com\/PROTECTFogCannon\/","https:\/\/x.com\/PROTECTFOG","https:\/\/www.linkedin.com\/company\/protect-a-s\/","https:\/\/www.youtube.com\/user\/PROTECTFogCannon"],"description":"PROTECT\u2122 specializes in security fog solutions, protecting valuables in retail, banks, warehouses any many other industries across more than 50 countries. With over 175,000 fog cannons installed, our systems fill rooms with dense fog in seconds, deterring burglars and preventing theft. We focus on providing reliable, durable, and easy-to-install solutions for enhanced security and peace of mind.","email":"info@protectglobal.com","telephone":"+45 8672 1881","legalName":"PROTECT A\/S","foundingDate":"2000-09-28","vatID":"25687272","numberOfEmployees":{"@type":"QuantitativeValue","minValue":"11","maxValue":"50"}}]}},"_links":{"self":[{"href":"https:\/\/protectglobal.com\/da\/wp-json\/wp\/v2\/pages\/5236","targetHints":{"allow":["GET"]}}],"collection":[{"href":"https:\/\/protectglobal.com\/da\/wp-json\/wp\/v2\/pages"}],"about":[{"href":"https:\/\/protectglobal.com\/da\/wp-json\/wp\/v2\/types\/page"}],"author":[{"embeddable":true,"href":"https:\/\/protectglobal.com\/da\/wp-json\/wp\/v2\/users\/10"}],"replies":[{"embeddable":true,"href":"https:\/\/protectglobal.com\/da\/wp-json\/wp\/v2\/comments?post=5236"}],"version-history":[{"count":5,"href":"https:\/\/protectglobal.com\/da\/wp-json\/wp\/v2\/pages\/5236\/revisions"}],"predecessor-version":[{"id":25697,"href":"https:\/\/protectglobal.com\/da\/wp-json\/wp\/v2\/pages\/5236\/revisions\/25697"}],"wp:featuredmedia":[{"embeddable":true,"href":"https:\/\/protectglobal.com\/da\/wp-json\/wp\/v2\/media\/22345"}],"wp:attachment":[{"href":"https:\/\/protectglobal.com\/da\/wp-json\/wp\/v2\/media?parent=5236"}],"curies":[{"name":"wp","href":"https:\/\/api.w.org\/{rel}","templated":true}]}}