{"id":28384,"date":"2025-08-07T10:18:59","date_gmt":"2025-08-07T10:18:59","guid":{"rendered":"https:\/\/protectglobal.com\/?page_id=28384"},"modified":"2025-08-27T11:08:14","modified_gmt":"2025-08-27T11:08:14","slug":"protect-fejrer-25-aars-jubilaeum-kom-og-vaer-med","status":"publish","type":"page","link":"https:\/\/protectglobal.com\/da\/protect-fejrer-25-aars-jubilaeum-kom-og-vaer-med\/","title":{"rendered":"PROTECT fejrer 25-\u00e5rs jubil\u00e6um \u2013 Kom og v\u00e6r med!"},"content":{"rendered":"\n\n\n\n    <div class=\"two-col-layout-block custom-block white py-5\" style=\"\">\n        <div class=\"container py-xxl-5\" data-aos=\"fade-in\">\n            <div class=\"row gap-4 m-auto py-xxl-5 \">\n                <blockquote class=\"col-sm p-0 m-0 content white\">\n                    <div class=\"heading-section\"> \n                                                                            <blockquote class=\"heading h2 mb-4\"><h3><strong data-start=\"279\" data-end=\"372\">Deltag i vores \u00e5bent hus-arrangement og v\u00e6r med til at fejre 25 \u00e5r med sikkerhed i fokus.<\/strong><\/h3>\n<\/blockquote>\n                                            <\/div>\n                                            <div class=\"col-md mobile-image d-lg-none my-4\">\n                            <img decoding=\"async\" class=\"rounder lazyload\" data-src=\"https:\/\/protectglobal.com\/wp-content\/uploads\/2025\/08\/web_banner_v2.png\" alt=\"\" src=\"data:image\/svg+xml;base64,PHN2ZyB3aWR0aD0iMSIgaGVpZ2h0PSIxIiB4bWxucz0iaHR0cDovL3d3dy53My5vcmcvMjAwMC9zdmciPjwvc3ZnPg==\" style=\"--smush-placeholder-width: 750px; --smush-placeholder-aspect-ratio: 750\/500;\">       \n                        <\/div>\n                           \n                                            <div class=\"body-text\"><p data-start=\"279\" data-end=\"500\">Vi inviterer installat\u00f8rer, partnere og venner af huset til en hyggelig og faglig eftermiddag med demoer, tr\u00e6ning og fejring.<\/p>\n<p>&nbsp;<\/p>\n<p data-start=\"502\" data-end=\"686\">\ud83d\uddd3 <strong data-start=\"505\" data-end=\"514\">Dato:<\/strong> Torsdag den 25. september 2025<br data-start=\"545\" data-end=\"548\" \/>\ud83d\udd5b <strong data-start=\"551\" data-end=\"559\">Tid:<\/strong> Kig forbi n\u00e5r det passer dig mellem <strong data-start=\"596\" data-end=\"614\">12:00 og 15:00<\/strong><br data-start=\"614\" data-end=\"617\" \/>\ud83d\udccd <strong data-start=\"620\" data-end=\"629\">Sted:<\/strong> PROTECT Hovedkontor, Hasselager Centervej 5, 8260 Viby J<\/p>\n<\/div>\n                    \n                                            <div class=\"button-group container-sm d-sm-flex gap-3 h-auto my-4 p-0\">  \n                            <a href=\"https:\/\/calendarlink.com\/event\/bwG5u\" class=\"d-flex gap-3 justify-content-center justify-content-md-start button align-items-center primary\" target=\"_blank\">\n       Tilmeld dig her       <i class=\"icon-chevron\"><\/i>\n    <\/a>\n                        <\/div>\n                                                        <\/blockquote>\n                                    <div  class=\"col-lg-7 d-none d-lg-block desktop-image p-0 m-0 \">\n                        <img decoding=\"async\" class=\"rounder lazyload\" data-src=\"https:\/\/protectglobal.com\/wp-content\/uploads\/2025\/08\/web_banner_v2.png\" alt=\"\" src=\"data:image\/svg+xml;base64,PHN2ZyB3aWR0aD0iMSIgaGVpZ2h0PSIxIiB4bWxucz0iaHR0cDovL3d3dy53My5vcmcvMjAwMC9zdmciPjwvc3ZnPg==\" style=\"--smush-placeholder-width: 750px; --smush-placeholder-aspect-ratio: 750\/500;\">\n                        <i class=\"image-graphic d-block white\"><\/i>       \n                    <\/div>\n                       \n            <\/div>\n        <\/div>\n    <\/div>\n\n\n\n\n\n\n\n    <div class=\"two-col-layout-block custom-block darkGrey py-5\" style=\"\">\n        <div class=\"container py-xxl-5\" data-aos=\"fade-in\">\n            <div class=\"row gap-4 m-auto py-xxl-5 flipped\">\n                <blockquote class=\"col-sm p-0 m-0 content darkGrey\">\n                    <div class=\"heading-section\"> \n                                                                            <blockquote class=\"heading h2 mb-4\"><h3>Hvad kan du opleve?<\/h3>\n<\/blockquote>\n                                            <\/div>\n                                            <div class=\"col-md mobile-image d-lg-none my-4\">\n                            <img decoding=\"async\" class=\"rounder lazyload\" data-src=\"https:\/\/protectglobal.com\/wp-content\/uploads\/2025\/08\/design-uden-navn-1.gif\" alt=\"\" src=\"data:image\/svg+xml;base64,PHN2ZyB3aWR0aD0iMSIgaGVpZ2h0PSIxIiB4bWxucz0iaHR0cDovL3d3dy53My5vcmcvMjAwMC9zdmciPjwvc3ZnPg==\" style=\"--smush-placeholder-width: 750px; --smush-placeholder-aspect-ratio: 750\/500;\">       \n                        <\/div>\n                           \n                                            <div class=\"body-text\"><p>Gl\u00e6d dig til en eftermiddag med live demonstrationer af den nye PROTECT M90 t\u00e5gekanon og se, hvordan den integreres med Ajax alarmsystemer. Deltag i teknisk tr\u00e6ning med fokus p\u00e5 funktioner og installation \u2013 og modtag et personligt certifikat. F\u00e5 et kig bag kulisserne med en rundvisning i montageafdelingen. Der vil ogs\u00e5 v\u00e6re velkomstgaver, pr\u00e6mielodtr\u00e6kning samt kaffe, snacks og jubil\u00e6umskage.<\/p>\n<\/div>\n                    \n                                            <div class=\"button-group container-sm d-sm-flex gap-3 h-auto my-4 p-0\">  \n                                                <\/div>\n                                                                <div class=\"check-list mt-4\">\n                                                        \n                                <ul class=\"p-0 m-0 mb-2\">\n                                    <li class=\"p-0 m-0\">L\u00e6kker mad fra Gourmetvognen<\/li>\n                                <\/ul>\n                            \n                                                        \n                                <ul class=\"p-0 m-0 mb-2\">\n                                    <li class=\"p-0 m-0\">Live t\u00e5gekanon-demoer<\/li>\n                                <\/ul>\n                            \n                                                        \n                                <ul class=\"p-0 m-0 mb-2\">\n                                    <li class=\"p-0 m-0\">Ajax-integrationer<\/li>\n                                <\/ul>\n                            \n                                                        \n                                <ul class=\"p-0 m-0 mb-2\">\n                                    <li class=\"p-0 m-0\">Workshops<\/li>\n                                <\/ul>\n                            \n                                                        \n                                <ul class=\"p-0 m-0 mb-2\">\n                                    <li class=\"p-0 m-0\">Rundvisning i montageafdelingen<\/li>\n                                <\/ul>\n                            \n                                                        \n                                <ul class=\"p-0 m-0 mb-2\">\n                                    <li class=\"p-0 m-0\">Konkurrence og giveways<\/li>\n                                <\/ul>\n                            \n                                                    <\/div>\n                                    <\/blockquote>\n                                    <div  class=\"col-lg-7 d-none d-lg-block desktop-image p-0 m-0 flipped\">\n                        <img decoding=\"async\" class=\"rounder lazyload\" data-src=\"https:\/\/protectglobal.com\/wp-content\/uploads\/2025\/08\/design-uden-navn-1.gif\" alt=\"\" src=\"data:image\/svg+xml;base64,PHN2ZyB3aWR0aD0iMSIgaGVpZ2h0PSIxIiB4bWxucz0iaHR0cDovL3d3dy53My5vcmcvMjAwMC9zdmciPjwvc3ZnPg==\" style=\"--smush-placeholder-width: 750px; --smush-placeholder-aspect-ratio: 750\/500;\">\n                        <i class=\"image-graphic d-block darkGrey\"><\/i>       \n                    <\/div>\n                       \n            <\/div>\n        <\/div>\n    <\/div>\n\n\n\n    <section class=\"product-image-slider-block overflow-hidden custom-block py-5 grey\" style=\"\">\n\t\t<div class=\"container py-xxl-5\" data-aos=\"fade-in\">\n\t\t\t<p class=\"section-label\"><\/p>\n\t\t\t<div class=\"d-md-flex justify-content-between mb-4\">\n\t\t\t\t<blockquote class=\"heading-wrapper w-100\">\n\t\t\t\t\t<h2 class=\"h2\"><h2>Kom til 25-\u00e5rs jubil\u00e6um hos PROTECT<\/h2>\n<\/h2>\n\t\t\t\t<\/blockquote>\n\t\t\t\t<blockquote class=\"w-100\">\n\t\t\t\t\t<div class=\"body-text\"><p>V\u00e6r med til at fejre PROTECT\u2019s 25-\u00e5rs jubil\u00e6um med faglige indslag, demoer og hygge. Tilmeld dig og f\u00e5 indsigt i vores nyeste l\u00f8sninger. Vi gl\u00e6der os til at se dig den 25. september!<\/p>\n<\/div>\n\t\t\t\t<\/blockquote>\n\t\t\t<\/div>\n\t\t\t\t\t\t\t<div class=\"image-slider color-option\">\n\t\t\t\t\t\t\t\t\t\t\t<figure class=\"me-3\">\n\t\t\t\t\t\t\t<img decoding=\"async\" class=\"prod-img\" src=\"https:\/\/protectglobal.com\/wp-content\/uploads\/2025\/08\/design-uden-navn.png\" alt=\"\">\n\t\t\t\t\t\t\t<img decoding=\"async\" class=\"prod-img hidden\" src=\"\" alt=\"\">\n\t\t\t\t\t\t<\/figure>\n\t\t\t\t\t\t\t\t\t\t\t<figure class=\"me-3\">\n\t\t\t\t\t\t\t<img decoding=\"async\" class=\"prod-img\" src=\"https:\/\/protectglobal.com\/wp-content\/uploads\/2025\/08\/1.jpg\" alt=\"\">\n\t\t\t\t\t\t\t<img decoding=\"async\" class=\"prod-img hidden\" src=\"\" alt=\"\">\n\t\t\t\t\t\t<\/figure>\n\t\t\t\t\t\t\t\t\t\t\t<figure class=\"me-3\">\n\t\t\t\t\t\t\t<img decoding=\"async\" class=\"prod-img\" src=\"https:\/\/protectglobal.com\/wp-content\/uploads\/2025\/08\/4.jpg\" alt=\"\">\n\t\t\t\t\t\t\t<img decoding=\"async\" class=\"prod-img hidden\" src=\"\" alt=\"\">\n\t\t\t\t\t\t<\/figure>\n\t\t\t\t\t\t\t\t\t\t\t<figure class=\"me-3\">\n\t\t\t\t\t\t\t<img decoding=\"async\" class=\"prod-img\" src=\"https:\/\/protectglobal.com\/wp-content\/uploads\/2025\/08\/2.jpg\" alt=\"\">\n\t\t\t\t\t\t\t<img decoding=\"async\" class=\"prod-img hidden\" src=\"\" alt=\"\">\n\t\t\t\t\t\t<\/figure>\n\t\t\t\t\t\t\t\t\t\t\t<figure class=\"me-3\">\n\t\t\t\t\t\t\t<img decoding=\"async\" class=\"prod-img\" src=\"https:\/\/protectglobal.com\/wp-content\/uploads\/2025\/08\/3.jpg\" alt=\"\">\n\t\t\t\t\t\t\t<img decoding=\"async\" class=\"prod-img hidden\" src=\"\" alt=\"\">\n\t\t\t\t\t\t<\/figure>\n\t\t\t\t\t\t\t\t\t\t\t<figure class=\"me-3\">\n\t\t\t\t\t\t\t<img decoding=\"async\" class=\"prod-img\" src=\"https:\/\/protectglobal.com\/wp-content\/uploads\/2025\/08\/5.jpg\" alt=\"\">\n\t\t\t\t\t\t\t<img decoding=\"async\" class=\"prod-img hidden\" src=\"\" alt=\"\">\n\t\t\t\t\t\t<\/figure>\n\t\t\t\t\t\t\t\t\t<\/div>\n\t\t\t\n\t\t\t<div class=\"navigation-dots-image gap-3 d-lg-none justify-content-center d-flex\"><\/div>\n\t\t\t<div class=\"d-flex justify-content-between align-items-center mt-4\">\n\t\t\t\t<div class=\"toggle-container mb-5 d-none\">\n\t\t\t\t\t<input type=\"checkbox\" id=\"toggle-color\" class=\"checkbox-color\" \/>\n\t\t\t\t\t<label for=\"toggle-color\" class=\"switch-color\" data-on=\"on\" data-off=\"off\"><\/label>\n\t\t\t\t\t\t\t\t\t\t\t\t\t<span class=\"a-text color-mode\">White<\/span>\n\t\t\t\t\t\t\t<span class=\"b-text color-mode\">Black<\/span>\n\t\t\t\t\t\t\n\t\t\t\t<\/div>\n\t\t\t\t<div class=\"navigation-arrows-image gap-3 d-none d-md-flex w-100 justify-content-end\"><\/div>\n\t\t\t<\/div>\n        <\/div>\n    <\/section>\n\n\n\n\n    <section class=\"call-to-action-block custom-block py-5\" style=\"\"> \n        <div class=\"container py-xxl-5\" data-aos=\"fade-in\">\n            <blockquote class=\"position-relative col-sm content text-center cta-wrapper p-lg-5 px-4 py-5 rounder d-flex flex-column justify-content-center align-items-center \">\n                    <div class=\"heading-section pt-5\"> \n                                                    <p class=\"mb-4 small section-label font-white\">Kom med til jubil\u00e6um<\/p>\n                                                                            <h2 class=\"heading mb-4 font-white\">Tilmeld dig her<\/h2>\n                                            <\/div>\n                                            <div class=\"body-text font-white\">Tilmeld dig via formularen og f\u00e5 en invitation direkte i din kalender.<\/div>\n                                                                <div class=\"button-group mb-3 d-flex flex-column flex-md-row justify-content-center container-sm my-4 h-auto p-0 gap-3\">  \n                            <a href=\"https:\/\/calendarlink.com\/event\/bwG5u\" class=\"d-flex gap-3 justify-content-center justify-content-md-start button align-items-center primary\" target=\"_blank\">\n       Tilmeld dig       <i class=\"icon-chevron\"><\/i>\n    <\/a>\n                        <\/div>\n                                        <video  autoplay loop muted class=\"position-absolute w-100 h-100 top-0 left-0 object-fit-cover\" poster=\"https:\/\/protectglobal.com\/wp-content\/uploads\/2024\/09\/protectbreakin349-1024x683.jpg\">\n                        <source src=\"\" type=\"video\/mp4\">\n                    <\/video>                  \n            <\/blockquote>    \n        <\/div>  \n    <\/section>\n","protected":false},"excerpt":{"rendered":"","protected":false},"author":10,"featured_media":0,"parent":0,"menu_order":0,"comment_status":"closed","ping_status":"closed","template":"","meta":{"_acf_changed":false,"inline_featured_image":false,"footnotes":""},"class_list":["post-28384","page","type-page","status-publish","hentry"],"acf":[],"yoast_head":"<!-- This site is optimized with the Yoast SEO Premium plugin v27.3 (Yoast SEO v27.3) - https:\/\/yoast.com\/product\/yoast-seo-premium-wordpress\/ -->\n<title>PROTECT fejrer 25-\u00e5rs jubil\u00e6um \u2013 Kom og v\u00e6r med! - PROTECT Fog Cannons\u2122<\/title>\n<meta name=\"robots\" content=\"index, follow, max-snippet:-1, max-image-preview:large, max-video-preview:-1\" \/>\n<link rel=\"canonical\" href=\"https:\/\/protectglobal.com\/da\/protect-fejrer-25-aars-jubilaeum-kom-og-vaer-med\/\" \/>\n<meta property=\"og:locale\" content=\"da_DK\" \/>\n<meta property=\"og:type\" content=\"article\" \/>\n<meta property=\"og:title\" content=\"PROTECT fejrer 25-\u00e5rs jubil\u00e6um \u2013 Kom og v\u00e6r med!\" \/>\n<meta property=\"og:url\" content=\"https:\/\/protectglobal.com\/da\/protect-fejrer-25-aars-jubilaeum-kom-og-vaer-med\/\" \/>\n<meta property=\"og:site_name\" content=\"PROTECT Fog Cannons\u2122\" \/>\n<meta property=\"article:publisher\" content=\"https:\/\/www.facebook.com\/PROTECTFogCannon\/\" \/>\n<meta property=\"article:modified_time\" content=\"2025-08-27T11:08:14+00:00\" \/>\n<meta property=\"og:image\" content=\"https:\/\/protectglobal.com\/wp-content\/uploads\/2024\/11\/untitled-09038-scaled.jpg\" \/>\n\t<meta property=\"og:image:width\" content=\"2560\" \/>\n\t<meta property=\"og:image:height\" content=\"1440\" \/>\n\t<meta property=\"og:image:type\" content=\"image\/jpeg\" \/>\n<meta name=\"twitter:card\" content=\"summary_large_image\" \/>\n<meta name=\"twitter:site\" content=\"@PROTECTFOG\" \/>\n<script type=\"application\/ld+json\" class=\"yoast-schema-graph\">{\"@context\":\"https:\\\/\\\/schema.org\",\"@graph\":[{\"@type\":\"WebPage\",\"@id\":\"https:\\\/\\\/protectglobal.com\\\/da\\\/protect-fejrer-25-aars-jubilaeum-kom-og-vaer-med\\\/\",\"url\":\"https:\\\/\\\/protectglobal.com\\\/da\\\/protect-fejrer-25-aars-jubilaeum-kom-og-vaer-med\\\/\",\"name\":\"PROTECT fejrer 25-\u00e5rs jubil\u00e6um \u2013 Kom og v\u00e6r med! - PROTECT Fog Cannons\u2122\",\"isPartOf\":{\"@id\":\"https:\\\/\\\/protectglobal.com\\\/da\\\/#website\"},\"datePublished\":\"2025-08-07T10:18:59+00:00\",\"dateModified\":\"2025-08-27T11:08:14+00:00\",\"breadcrumb\":{\"@id\":\"https:\\\/\\\/protectglobal.com\\\/da\\\/protect-fejrer-25-aars-jubilaeum-kom-og-vaer-med\\\/#breadcrumb\"},\"inLanguage\":\"da-DK\",\"potentialAction\":[{\"@type\":\"ReadAction\",\"target\":[\"https:\\\/\\\/protectglobal.com\\\/da\\\/protect-fejrer-25-aars-jubilaeum-kom-og-vaer-med\\\/\"]}]},{\"@type\":\"BreadcrumbList\",\"@id\":\"https:\\\/\\\/protectglobal.com\\\/da\\\/protect-fejrer-25-aars-jubilaeum-kom-og-vaer-med\\\/#breadcrumb\",\"itemListElement\":[{\"@type\":\"ListItem\",\"position\":1,\"name\":\"Hjem\",\"item\":\"https:\\\/\\\/protectglobal.com\\\/da\\\/\"},{\"@type\":\"ListItem\",\"position\":2,\"name\":\"PROTECT fejrer 25-\u00e5rs jubil\u00e6um \u2013 Kom og v\u00e6r med!\"}]},{\"@type\":\"WebSite\",\"@id\":\"https:\\\/\\\/protectglobal.com\\\/da\\\/#website\",\"url\":\"https:\\\/\\\/protectglobal.com\\\/da\\\/\",\"name\":\"PROTECT Fog Cannons\u2122\",\"description\":\"\",\"publisher\":{\"@id\":\"https:\\\/\\\/protectglobal.com\\\/da\\\/#organization\"},\"potentialAction\":[{\"@type\":\"SearchAction\",\"target\":{\"@type\":\"EntryPoint\",\"urlTemplate\":\"https:\\\/\\\/protectglobal.com\\\/da\\\/?s={search_term_string}\"},\"query-input\":{\"@type\":\"PropertyValueSpecification\",\"valueRequired\":true,\"valueName\":\"search_term_string\"}}],\"inLanguage\":\"da-DK\"},{\"@type\":\"Organization\",\"@id\":\"https:\\\/\\\/protectglobal.com\\\/da\\\/#organization\",\"name\":\"PROTECT Fog Cannons\u2122\",\"url\":\"https:\\\/\\\/protectglobal.com\\\/da\\\/\",\"logo\":{\"@type\":\"ImageObject\",\"inLanguage\":\"da-DK\",\"@id\":\"https:\\\/\\\/protectglobal.com\\\/da\\\/#\\\/schema\\\/logo\\\/image\\\/\",\"url\":\"https:\\\/\\\/protectglobal.com\\\/wp-content\\\/uploads\\\/2023\\\/10\\\/logo.svg\",\"contentUrl\":\"https:\\\/\\\/protectglobal.com\\\/wp-content\\\/uploads\\\/2023\\\/10\\\/logo.svg\",\"width\":90,\"height\":40,\"caption\":\"PROTECT Fog Cannons\u2122\"},\"image\":{\"@id\":\"https:\\\/\\\/protectglobal.com\\\/da\\\/#\\\/schema\\\/logo\\\/image\\\/\"},\"sameAs\":[\"https:\\\/\\\/www.facebook.com\\\/PROTECTFogCannon\\\/\",\"https:\\\/\\\/x.com\\\/PROTECTFOG\",\"https:\\\/\\\/www.linkedin.com\\\/company\\\/protect-a-s\\\/\",\"https:\\\/\\\/www.youtube.com\\\/user\\\/PROTECTFogCannon\"],\"description\":\"PROTECT\u2122 specializes in security fog solutions, protecting valuables in retail, banks, warehouses any many other industries across more than 50 countries. With over 175,000 fog cannons installed, our systems fill rooms with dense fog in seconds, deterring burglars and preventing theft. We focus on providing reliable, durable, and easy-to-install solutions for enhanced security and peace of mind.\",\"email\":\"info@protectglobal.com\",\"telephone\":\"+45 8672 1881\",\"legalName\":\"PROTECT A\\\/S\",\"foundingDate\":\"2000-09-28\",\"vatID\":\"25687272\",\"numberOfEmployees\":{\"@type\":\"QuantitativeValue\",\"minValue\":\"11\",\"maxValue\":\"50\"}}]}<\/script>\n<!-- \/ Yoast SEO Premium plugin. -->","yoast_head_json":{"title":"PROTECT fejrer 25-\u00e5rs jubil\u00e6um \u2013 Kom og v\u00e6r med! - PROTECT Fog Cannons\u2122","robots":{"index":"index","follow":"follow","max-snippet":"max-snippet:-1","max-image-preview":"max-image-preview:large","max-video-preview":"max-video-preview:-1"},"canonical":"https:\/\/protectglobal.com\/da\/protect-fejrer-25-aars-jubilaeum-kom-og-vaer-med\/","og_locale":"da_DK","og_type":"article","og_title":"PROTECT fejrer 25-\u00e5rs jubil\u00e6um \u2013 Kom og v\u00e6r med!","og_url":"https:\/\/protectglobal.com\/da\/protect-fejrer-25-aars-jubilaeum-kom-og-vaer-med\/","og_site_name":"PROTECT Fog Cannons\u2122","article_publisher":"https:\/\/www.facebook.com\/PROTECTFogCannon\/","article_modified_time":"2025-08-27T11:08:14+00:00","og_image":[{"width":2560,"height":1440,"url":"https:\/\/protectglobal.com\/wp-content\/uploads\/2024\/11\/untitled-09038-scaled.jpg","type":"image\/jpeg"}],"twitter_card":"summary_large_image","twitter_site":"@PROTECTFOG","schema":{"@context":"https:\/\/schema.org","@graph":[{"@type":"WebPage","@id":"https:\/\/protectglobal.com\/da\/protect-fejrer-25-aars-jubilaeum-kom-og-vaer-med\/","url":"https:\/\/protectglobal.com\/da\/protect-fejrer-25-aars-jubilaeum-kom-og-vaer-med\/","name":"PROTECT fejrer 25-\u00e5rs jubil\u00e6um \u2013 Kom og v\u00e6r med! - PROTECT Fog Cannons\u2122","isPartOf":{"@id":"https:\/\/protectglobal.com\/da\/#website"},"datePublished":"2025-08-07T10:18:59+00:00","dateModified":"2025-08-27T11:08:14+00:00","breadcrumb":{"@id":"https:\/\/protectglobal.com\/da\/protect-fejrer-25-aars-jubilaeum-kom-og-vaer-med\/#breadcrumb"},"inLanguage":"da-DK","potentialAction":[{"@type":"ReadAction","target":["https:\/\/protectglobal.com\/da\/protect-fejrer-25-aars-jubilaeum-kom-og-vaer-med\/"]}]},{"@type":"BreadcrumbList","@id":"https:\/\/protectglobal.com\/da\/protect-fejrer-25-aars-jubilaeum-kom-og-vaer-med\/#breadcrumb","itemListElement":[{"@type":"ListItem","position":1,"name":"Hjem","item":"https:\/\/protectglobal.com\/da\/"},{"@type":"ListItem","position":2,"name":"PROTECT fejrer 25-\u00e5rs jubil\u00e6um \u2013 Kom og v\u00e6r med!"}]},{"@type":"WebSite","@id":"https:\/\/protectglobal.com\/da\/#website","url":"https:\/\/protectglobal.com\/da\/","name":"PROTECT Fog Cannons\u2122","description":"","publisher":{"@id":"https:\/\/protectglobal.com\/da\/#organization"},"potentialAction":[{"@type":"SearchAction","target":{"@type":"EntryPoint","urlTemplate":"https:\/\/protectglobal.com\/da\/?s={search_term_string}"},"query-input":{"@type":"PropertyValueSpecification","valueRequired":true,"valueName":"search_term_string"}}],"inLanguage":"da-DK"},{"@type":"Organization","@id":"https:\/\/protectglobal.com\/da\/#organization","name":"PROTECT Fog Cannons\u2122","url":"https:\/\/protectglobal.com\/da\/","logo":{"@type":"ImageObject","inLanguage":"da-DK","@id":"https:\/\/protectglobal.com\/da\/#\/schema\/logo\/image\/","url":"https:\/\/protectglobal.com\/wp-content\/uploads\/2023\/10\/logo.svg","contentUrl":"https:\/\/protectglobal.com\/wp-content\/uploads\/2023\/10\/logo.svg","width":90,"height":40,"caption":"PROTECT Fog Cannons\u2122"},"image":{"@id":"https:\/\/protectglobal.com\/da\/#\/schema\/logo\/image\/"},"sameAs":["https:\/\/www.facebook.com\/PROTECTFogCannon\/","https:\/\/x.com\/PROTECTFOG","https:\/\/www.linkedin.com\/company\/protect-a-s\/","https:\/\/www.youtube.com\/user\/PROTECTFogCannon"],"description":"PROTECT\u2122 specializes in security fog solutions, protecting valuables in retail, banks, warehouses any many other industries across more than 50 countries. With over 175,000 fog cannons installed, our systems fill rooms with dense fog in seconds, deterring burglars and preventing theft. We focus on providing reliable, durable, and easy-to-install solutions for enhanced security and peace of mind.","email":"info@protectglobal.com","telephone":"+45 8672 1881","legalName":"PROTECT A\/S","foundingDate":"2000-09-28","vatID":"25687272","numberOfEmployees":{"@type":"QuantitativeValue","minValue":"11","maxValue":"50"}}]}},"_links":{"self":[{"href":"https:\/\/protectglobal.com\/da\/wp-json\/wp\/v2\/pages\/28384","targetHints":{"allow":["GET"]}}],"collection":[{"href":"https:\/\/protectglobal.com\/da\/wp-json\/wp\/v2\/pages"}],"about":[{"href":"https:\/\/protectglobal.com\/da\/wp-json\/wp\/v2\/types\/page"}],"author":[{"embeddable":true,"href":"https:\/\/protectglobal.com\/da\/wp-json\/wp\/v2\/users\/10"}],"replies":[{"embeddable":true,"href":"https:\/\/protectglobal.com\/da\/wp-json\/wp\/v2\/comments?post=28384"}],"version-history":[{"count":5,"href":"https:\/\/protectglobal.com\/da\/wp-json\/wp\/v2\/pages\/28384\/revisions"}],"predecessor-version":[{"id":28728,"href":"https:\/\/protectglobal.com\/da\/wp-json\/wp\/v2\/pages\/28384\/revisions\/28728"}],"wp:attachment":[{"href":"https:\/\/protectglobal.com\/da\/wp-json\/wp\/v2\/media?parent=28384"}],"curies":[{"name":"wp","href":"https:\/\/api.w.org\/{rel}","templated":true}]}}