{"id":27392,"date":"2025-04-14T09:52:30","date_gmt":"2025-04-14T09:52:30","guid":{"rendered":"https:\/\/protectglobal.com\/velkommen-til-protect-webshop\/"},"modified":"2025-04-25T09:01:04","modified_gmt":"2025-04-25T09:01:04","slug":"velkommen-til-protect-webshop","status":"publish","type":"page","link":"https:\/\/protectglobal.com\/da\/velkommen-til-protect-webshop\/","title":{"rendered":"Velkommen til PROTECT Webshop"},"content":{"rendered":"\n<p>Hvis du er alarminstallat\u00f8r i Skandinavien, byder PROTECT dig velkommen til vores skandinaviske webshop! Vores online platform er udviklet udelukkende til installat\u00f8rer i hele regionen og tilbyder en p\u00e5lidelig og brugervenlig service, der er tilg\u00e6ngelig 24\/7. <\/p>\n\n\n\n<p>Vi ved, at sikring af ejendomme er kernen i dit arbejde. Derfor er vores webshop designet til at hj\u00e6lpe dig med hurtigt at finde de produkter, du har brug for, se konkurrencedygtige priser og pakketilbud og afgive ordrer, selv uden for normal arbejdstid. <\/p>\n\n\n\n<p>I vores webshop kan du nemt bestille:<\/p>\n\n\n\n<ul class=\"wp-block-list\">\n<li><strong>T\u00e5gekanoner:<\/strong> Avancerede systemer, der hurtigt s\u00e6ttes ind for at sikre enhver ejendom.<\/li>\n\n\n\n<li><strong>T\u00e5gev\u00e6ske:<\/strong> V\u00e6ske af h\u00f8j kvalitet, der er udviklet til optimal spredning af t\u00e5gen.<\/li>\n\n\n\n<li><strong>Till\u00e6gsprodukter:<\/strong> Herunder Security Strobe, Security Sounder og mere.<\/li>\n\n\n\n<li><strong>Intelli-produkter:<\/strong> Smarte l\u00f8sninger til forbedret sikkerhedsstyring.<\/li>\n\n\n\n<li><strong>Dyser:<\/strong> Pr\u00e6cisionskonstrueret til effektiv t\u00e5gefordeling.<\/li>\n\n\n\n<li><strong>Tilbeh\u00f8r til t\u00e5gekanoner:<\/strong> Vigtige tilf\u00f8jelser til at underst\u00f8tte og forbedre dine t\u00e5gekanonsystemer, f.eks. batterier, metalplader, hejsev\u00e6rkt\u00f8j og meget mere.<\/li>\n\n\n\n<li><strong>Demomaskiner:<\/strong> Enheder, der er designet til, at installat\u00f8rer kan udf\u00f8re produktdemonstrationer direkte hos kunden.<\/li>\n<\/ul>\n\n\n\n<p>Bes\u00f8g vores webshop for at udforske hele vores produktsortiment, tjekke vores priser og s\u00e6rlige pakketilbud, og bestil, n\u00e5r du har brug for det.  <\/p>\n\n\n\n<p>PROTECT-webshoppen er tilg\u00e6ngelig i Danmark og Norge.<\/p>\n\n\n\n\n    <section class=\"call-to-action-block custom-block py-5\" style=\"\"> \n        <div class=\"container py-xxl-5\" data-aos=\"fade-in\">\n            <blockquote class=\"position-relative col-sm content text-center cta-wrapper p-lg-5 px-4 py-5 rounder d-flex flex-column justify-content-center align-items-center \">\n                    <div class=\"heading-section pt-5\"> \n                                                    <p class=\"mb-4 small section-label font-white\">V\u00c6LG DIT LAND:<\/p>\n                                                                    <\/div>\n                                                                <div class=\"button-group mb-3 d-flex flex-column flex-md-row justify-content-center container-sm my-4 h-auto p-0 gap-3\">  \n                            <a href=\"https:\/\/protect-webshop.dk\/\" class=\"d-flex gap-3 justify-content-center justify-content-md-start button align-items-center primary\" target=\"_blank\">\n       DANSK WEBSHOP       <i class=\"icon-chevron\"><\/i>\n    <\/a>\n    <a href=\"https:\/\/protect-webshop.no\/\" class=\"d-flex gap-3 justify-content-center justify-content-md-start button align-items-center primary\" target=\"_blank\">\n       NORSK WEBSHOP       <i class=\"icon-chevron\"><\/i>\n    <\/a>\n                        <\/div>\n                                        <video  autoplay loop muted class=\"position-absolute w-100 h-100 top-0 left-0 object-fit-cover\" poster=\"https:\/\/protectglobal.com\/wp-content\/uploads\/2025\/04\/chatgpt-image-apr-14_-2025_-10_00_04-am-1024x683.png\">\n                        <source src=\"\" type=\"video\/mp4\">\n                    <\/video>                  \n            <\/blockquote>    \n        <\/div>  \n    <\/section>\n","protected":false},"excerpt":{"rendered":"<p>Hvis du er alarminstallat\u00f8r i Skandinavien, byder PROTECT dig velkommen til vores skandinaviske webshop! Vores online platform er udviklet udelukkende til installat\u00f8rer i hele regionen og tilbyder en p\u00e5lidelig og brugervenlig service, der er tilg\u00e6ngelig 24\/7. Vi ved, at sikring af ejendomme er kernen i dit arbejde. Derfor er vores webshop designet til at hj\u00e6lpe [&hellip;]<\/p>\n","protected":false},"author":11,"featured_media":0,"parent":0,"menu_order":0,"comment_status":"closed","ping_status":"closed","template":"text.php","meta":{"_acf_changed":false,"inline_featured_image":false,"footnotes":""},"class_list":["post-27392","page","type-page","status-publish","hentry"],"acf":[],"yoast_head":"<!-- This site is optimized with the Yoast SEO Premium plugin v27.5 (Yoast SEO v27.5) - https:\/\/yoast.com\/product\/yoast-seo-premium-wordpress\/ -->\n<title>Velkommen til PROTECT Webshop - PROTECT Fog Cannons\u2122<\/title>\n<meta name=\"description\" content=\"Vores onlineplatform er skabt specielt til skandinaviske installat\u00f8rer, som har brug for en p\u00e5lidelig og brugervenlig service, der er tilg\u00e6ngelig 24\/7.\" \/>\n<meta name=\"robots\" content=\"index, follow, max-snippet:-1, max-image-preview:large, max-video-preview:-1\" \/>\n<link rel=\"canonical\" href=\"https:\/\/protectglobal.com\/da\/velkommen-til-protect-webshop\/\" \/>\n<meta property=\"og:locale\" content=\"da_DK\" \/>\n<meta property=\"og:type\" content=\"article\" \/>\n<meta property=\"og:title\" content=\"Velkommen til PROTECT Webshop\" \/>\n<meta property=\"og:description\" content=\"Vores onlineplatform er skabt specielt til skandinaviske installat\u00f8rer, som har brug for en p\u00e5lidelig og brugervenlig service, der er tilg\u00e6ngelig 24\/7.\" \/>\n<meta property=\"og:url\" content=\"https:\/\/protectglobal.com\/da\/velkommen-til-protect-webshop\/\" \/>\n<meta property=\"og:site_name\" content=\"PROTECT Fog Cannons\u2122\" \/>\n<meta property=\"article:publisher\" content=\"https:\/\/www.facebook.com\/PROTECTFogCannon\/\" \/>\n<meta property=\"article:modified_time\" content=\"2025-04-25T09:01:04+00:00\" \/>\n<meta property=\"og:image\" content=\"https:\/\/protectglobal.com\/wp-content\/uploads\/2024\/11\/untitled-09038-scaled.jpg\" \/>\n\t<meta property=\"og:image:width\" content=\"2560\" \/>\n\t<meta property=\"og:image:height\" content=\"1440\" \/>\n\t<meta property=\"og:image:type\" content=\"image\/jpeg\" \/>\n<meta name=\"twitter:card\" content=\"summary_large_image\" \/>\n<meta name=\"twitter:site\" content=\"@PROTECTFOG\" \/>\n<meta name=\"twitter:label1\" content=\"Estimeret l\u00e6setid\" \/>\n\t<meta name=\"twitter:data1\" content=\"1 minut\" \/>\n<script type=\"application\/ld+json\" class=\"yoast-schema-graph\">{\"@context\":\"https:\\\/\\\/schema.org\",\"@graph\":[{\"@type\":\"WebPage\",\"@id\":\"https:\\\/\\\/protectglobal.com\\\/da\\\/velkommen-til-protect-webshop\\\/\",\"url\":\"https:\\\/\\\/protectglobal.com\\\/da\\\/velkommen-til-protect-webshop\\\/\",\"name\":\"Velkommen til PROTECT Webshop - PROTECT Fog Cannons\u2122\",\"isPartOf\":{\"@id\":\"https:\\\/\\\/protectglobal.com\\\/da\\\/#website\"},\"datePublished\":\"2025-04-14T09:52:30+00:00\",\"dateModified\":\"2025-04-25T09:01:04+00:00\",\"description\":\"Vores onlineplatform er skabt specielt til skandinaviske installat\u00f8rer, som har brug for en p\u00e5lidelig og brugervenlig service, der er tilg\u00e6ngelig 24\\\/7.\",\"breadcrumb\":{\"@id\":\"https:\\\/\\\/protectglobal.com\\\/da\\\/velkommen-til-protect-webshop\\\/#breadcrumb\"},\"inLanguage\":\"da-DK\",\"potentialAction\":[{\"@type\":\"ReadAction\",\"target\":[\"https:\\\/\\\/protectglobal.com\\\/da\\\/velkommen-til-protect-webshop\\\/\"]}]},{\"@type\":\"BreadcrumbList\",\"@id\":\"https:\\\/\\\/protectglobal.com\\\/da\\\/velkommen-til-protect-webshop\\\/#breadcrumb\",\"itemListElement\":[{\"@type\":\"ListItem\",\"position\":1,\"name\":\"Hjem\",\"item\":\"https:\\\/\\\/protectglobal.com\\\/da\\\/\"},{\"@type\":\"ListItem\",\"position\":2,\"name\":\"Velkommen til PROTECT Webshop\"}]},{\"@type\":\"WebSite\",\"@id\":\"https:\\\/\\\/protectglobal.com\\\/da\\\/#website\",\"url\":\"https:\\\/\\\/protectglobal.com\\\/da\\\/\",\"name\":\"PROTECT Fog Cannons\u2122\",\"description\":\"\",\"publisher\":{\"@id\":\"https:\\\/\\\/protectglobal.com\\\/da\\\/#organization\"},\"potentialAction\":[{\"@type\":\"SearchAction\",\"target\":{\"@type\":\"EntryPoint\",\"urlTemplate\":\"https:\\\/\\\/protectglobal.com\\\/da\\\/?s={search_term_string}\"},\"query-input\":{\"@type\":\"PropertyValueSpecification\",\"valueRequired\":true,\"valueName\":\"search_term_string\"}}],\"inLanguage\":\"da-DK\"},{\"@type\":\"Organization\",\"@id\":\"https:\\\/\\\/protectglobal.com\\\/da\\\/#organization\",\"name\":\"PROTECT Fog Cannons\u2122\",\"url\":\"https:\\\/\\\/protectglobal.com\\\/da\\\/\",\"logo\":{\"@type\":\"ImageObject\",\"inLanguage\":\"da-DK\",\"@id\":\"https:\\\/\\\/protectglobal.com\\\/da\\\/#\\\/schema\\\/logo\\\/image\\\/\",\"url\":\"https:\\\/\\\/protectglobal.com\\\/wp-content\\\/uploads\\\/2023\\\/10\\\/logo.svg\",\"contentUrl\":\"https:\\\/\\\/protectglobal.com\\\/wp-content\\\/uploads\\\/2023\\\/10\\\/logo.svg\",\"width\":90,\"height\":40,\"caption\":\"PROTECT Fog Cannons\u2122\"},\"image\":{\"@id\":\"https:\\\/\\\/protectglobal.com\\\/da\\\/#\\\/schema\\\/logo\\\/image\\\/\"},\"sameAs\":[\"https:\\\/\\\/www.facebook.com\\\/PROTECTFogCannon\\\/\",\"https:\\\/\\\/x.com\\\/PROTECTFOG\",\"https:\\\/\\\/www.linkedin.com\\\/company\\\/protect-a-s\\\/\",\"https:\\\/\\\/www.youtube.com\\\/user\\\/PROTECTFogCannon\"],\"description\":\"PROTECT\u2122 specializes in security fog solutions, protecting valuables in retail, banks, warehouses any many other industries across more than 50 countries. With over 175,000 fog cannons installed, our systems fill rooms with dense fog in seconds, deterring burglars and preventing theft. We focus on providing reliable, durable, and easy-to-install solutions for enhanced security and peace of mind.\",\"email\":\"info@protectglobal.com\",\"telephone\":\"+45 8672 1881\",\"legalName\":\"PROTECT A\\\/S\",\"foundingDate\":\"2000-09-28\",\"vatID\":\"25687272\",\"numberOfEmployees\":{\"@type\":\"QuantitativeValue\",\"minValue\":\"11\",\"maxValue\":\"50\"}}]}<\/script>\n<!-- \/ Yoast SEO Premium plugin. -->","yoast_head_json":{"title":"Velkommen til PROTECT Webshop - PROTECT Fog Cannons\u2122","description":"Vores onlineplatform er skabt specielt til skandinaviske installat\u00f8rer, som har brug for en p\u00e5lidelig og brugervenlig service, der er tilg\u00e6ngelig 24\/7.","robots":{"index":"index","follow":"follow","max-snippet":"max-snippet:-1","max-image-preview":"max-image-preview:large","max-video-preview":"max-video-preview:-1"},"canonical":"https:\/\/protectglobal.com\/da\/velkommen-til-protect-webshop\/","og_locale":"da_DK","og_type":"article","og_title":"Velkommen til PROTECT Webshop","og_description":"Vores onlineplatform er skabt specielt til skandinaviske installat\u00f8rer, som har brug for en p\u00e5lidelig og brugervenlig service, der er tilg\u00e6ngelig 24\/7.","og_url":"https:\/\/protectglobal.com\/da\/velkommen-til-protect-webshop\/","og_site_name":"PROTECT Fog Cannons\u2122","article_publisher":"https:\/\/www.facebook.com\/PROTECTFogCannon\/","article_modified_time":"2025-04-25T09:01:04+00:00","og_image":[{"width":2560,"height":1440,"url":"https:\/\/protectglobal.com\/wp-content\/uploads\/2024\/11\/untitled-09038-scaled.jpg","type":"image\/jpeg"}],"twitter_card":"summary_large_image","twitter_site":"@PROTECTFOG","twitter_misc":{"Estimeret l\u00e6setid":"1 minut"},"schema":{"@context":"https:\/\/schema.org","@graph":[{"@type":"WebPage","@id":"https:\/\/protectglobal.com\/da\/velkommen-til-protect-webshop\/","url":"https:\/\/protectglobal.com\/da\/velkommen-til-protect-webshop\/","name":"Velkommen til PROTECT Webshop - PROTECT Fog Cannons\u2122","isPartOf":{"@id":"https:\/\/protectglobal.com\/da\/#website"},"datePublished":"2025-04-14T09:52:30+00:00","dateModified":"2025-04-25T09:01:04+00:00","description":"Vores onlineplatform er skabt specielt til skandinaviske installat\u00f8rer, som har brug for en p\u00e5lidelig og brugervenlig service, der er tilg\u00e6ngelig 24\/7.","breadcrumb":{"@id":"https:\/\/protectglobal.com\/da\/velkommen-til-protect-webshop\/#breadcrumb"},"inLanguage":"da-DK","potentialAction":[{"@type":"ReadAction","target":["https:\/\/protectglobal.com\/da\/velkommen-til-protect-webshop\/"]}]},{"@type":"BreadcrumbList","@id":"https:\/\/protectglobal.com\/da\/velkommen-til-protect-webshop\/#breadcrumb","itemListElement":[{"@type":"ListItem","position":1,"name":"Hjem","item":"https:\/\/protectglobal.com\/da\/"},{"@type":"ListItem","position":2,"name":"Velkommen til PROTECT Webshop"}]},{"@type":"WebSite","@id":"https:\/\/protectglobal.com\/da\/#website","url":"https:\/\/protectglobal.com\/da\/","name":"PROTECT Fog Cannons\u2122","description":"","publisher":{"@id":"https:\/\/protectglobal.com\/da\/#organization"},"potentialAction":[{"@type":"SearchAction","target":{"@type":"EntryPoint","urlTemplate":"https:\/\/protectglobal.com\/da\/?s={search_term_string}"},"query-input":{"@type":"PropertyValueSpecification","valueRequired":true,"valueName":"search_term_string"}}],"inLanguage":"da-DK"},{"@type":"Organization","@id":"https:\/\/protectglobal.com\/da\/#organization","name":"PROTECT Fog Cannons\u2122","url":"https:\/\/protectglobal.com\/da\/","logo":{"@type":"ImageObject","inLanguage":"da-DK","@id":"https:\/\/protectglobal.com\/da\/#\/schema\/logo\/image\/","url":"https:\/\/protectglobal.com\/wp-content\/uploads\/2023\/10\/logo.svg","contentUrl":"https:\/\/protectglobal.com\/wp-content\/uploads\/2023\/10\/logo.svg","width":90,"height":40,"caption":"PROTECT Fog Cannons\u2122"},"image":{"@id":"https:\/\/protectglobal.com\/da\/#\/schema\/logo\/image\/"},"sameAs":["https:\/\/www.facebook.com\/PROTECTFogCannon\/","https:\/\/x.com\/PROTECTFOG","https:\/\/www.linkedin.com\/company\/protect-a-s\/","https:\/\/www.youtube.com\/user\/PROTECTFogCannon"],"description":"PROTECT\u2122 specializes in security fog solutions, protecting valuables in retail, banks, warehouses any many other industries across more than 50 countries. With over 175,000 fog cannons installed, our systems fill rooms with dense fog in seconds, deterring burglars and preventing theft. We focus on providing reliable, durable, and easy-to-install solutions for enhanced security and peace of mind.","email":"info@protectglobal.com","telephone":"+45 8672 1881","legalName":"PROTECT A\/S","foundingDate":"2000-09-28","vatID":"25687272","numberOfEmployees":{"@type":"QuantitativeValue","minValue":"11","maxValue":"50"}}]}},"_links":{"self":[{"href":"https:\/\/protectglobal.com\/da\/wp-json\/wp\/v2\/pages\/27392","targetHints":{"allow":["GET"]}}],"collection":[{"href":"https:\/\/protectglobal.com\/da\/wp-json\/wp\/v2\/pages"}],"about":[{"href":"https:\/\/protectglobal.com\/da\/wp-json\/wp\/v2\/types\/page"}],"author":[{"embeddable":true,"href":"https:\/\/protectglobal.com\/da\/wp-json\/wp\/v2\/users\/11"}],"replies":[{"embeddable":true,"href":"https:\/\/protectglobal.com\/da\/wp-json\/wp\/v2\/comments?post=27392"}],"version-history":[{"count":4,"href":"https:\/\/protectglobal.com\/da\/wp-json\/wp\/v2\/pages\/27392\/revisions"}],"predecessor-version":[{"id":27542,"href":"https:\/\/protectglobal.com\/da\/wp-json\/wp\/v2\/pages\/27392\/revisions\/27542"}],"wp:attachment":[{"href":"https:\/\/protectglobal.com\/da\/wp-json\/wp\/v2\/media?parent=27392"}],"curies":[{"name":"wp","href":"https:\/\/api.w.org\/{rel}","templated":true}]}}