{"id":26570,"date":"2024-11-22T09:48:08","date_gmt":"2024-11-22T09:48:08","guid":{"rendered":"https:\/\/protectglobal.com\/protect-sales-app\/"},"modified":"2025-02-14T13:41:04","modified_gmt":"2025-02-14T13:41:04","slug":"protect-sales-app","status":"publish","type":"page","link":"https:\/\/protectglobal.com\/da\/protect-sales-app\/","title":{"rendered":"PROTECT Sales App"},"content":{"rendered":"\n<p>Velkommen til <strong>PROTECT\u2122 Sales App<\/strong> \u2013 din ultimative guide til at beskytte dine v\u00e6rdier mod indbrud, h\u00e6rv\u00e6rk og r\u00f8veri. Med blot \u00e9n innovativ l\u00f8sning kan du forvandle dit rum til en sikker zone. <\/p>\n\n\n\n<h3 class=\"wp-block-heading\" id=\"h-hvad-gor-protect-app-uundvaerlig\"><strong>Hvad g\u00f8r PROTECT App uundv\u00e6rlig?<\/strong><\/h3>\n\n\n\n<ul class=\"wp-block-list\">\n<li>L\u00e6r hvordan det virker: Udforsk korte videoer, billeder og \u00e6gte kundeudtalelser, der viser effektiviteten af vores revolutionerende sikkerhedst\u00e5geteknologi.<\/li>\n\n\n\n<li>Uovertruffen beskyttelse: Oplev hvordan sikkerhedst\u00e5ge sikrer rum og v\u00e6rdier p\u00e5 f\u00e5 sekunder, s\u00e5 kriminelle \u201cikke kan stj\u00e6le det, de ikke kan se!\u201d.<\/li>\n\n\n\n<li>Skr\u00e6ddersyede l\u00f8sninger: Uanset om det er et lille kontor eller et stort lager, kan PROTECT\u2122 T\u00e5gekanoner installeres i n\u00e6sten ethvert milj\u00f8 og levere enest\u00e5ende beskyttelse mod tyveri og tab.<\/li>\n<\/ul>\n\n\n\n<h3 class=\"wp-block-heading\"><strong>App-funktioner:<\/strong><\/h3>\n\n\n\n<ul class=\"wp-block-list\">\n<li>Informative ressourcer om fordelene og anvendelsesmulighederne for sikkerhedst\u00e5ge.<\/li>\n\n\n\n<li>Succeshistorier fra tilfredse kunder over hele verden.<\/li>\n\n\n\n<li>Brugervenligt interface med indhold p\u00e5 <strong>12 sprog<\/strong>, herunder engelsk, spansk, fransk, tysk og kinesisk.<\/li>\n<\/ul>\n\n\n\n\n    <section data-aos=\"fade-in\" class=\"media custom-block my-4\" style=\"\"> \n    <figure>\n                           <img decoding=\"async\" class=\"media-img rounder w-100 object-fit-cover lazyload\" data-src=\"https:\/\/protectglobal.com\/wp-content\/uploads\/2024\/11\/billede1-1024x681.jpg\" alt=\"protect sales app\" src=\"data:image\/svg+xml;base64,PHN2ZyB3aWR0aD0iMSIgaGVpZ2h0PSIxIiB4bWxucz0iaHR0cDovL3d3dy53My5vcmcvMjAwMC9zdmciPjwvc3ZnPg==\" style=\"--smush-placeholder-width: 1024px; --smush-placeholder-aspect-ratio: 1024\/681;\"> \n\n                        <\/figure>\n    <\/section>\n\n\n\n<h3 class=\"wp-block-heading\"><strong>Tilg\u00e6ngelige sprog:<\/strong><\/h3>\n\n\n\n<p>Appen er tilg\u00e6ngelig p\u00e5 engelsk, spansk, fransk, italiensk, tysk, portugisisk, gr\u00e6sk, svensk, norsk, hollandsk, dansk og kinesisk \u2013 hvilket sikrer global anvendelighed.<\/p>\n\n\n\n<h3 class=\"wp-block-heading\"><strong>Beskyt det, der betyder mest<\/strong><\/h3>\n\n\n\n<p>Med PROTECT Fog Cannon\u2122 Sales App er tryghed kun et tryk v\u00e6k. Deltag i tusindvis af brugere, der har sikret deres hjem, virksomheder og v\u00e6rdier med kraften fra sikkerhedst\u00e5ge. <\/p>\n\n\n\n<p><strong>Download nu og tag det f\u00f8rste skridt mod uovertruffen sikkerhed!<\/strong><\/p>\n\n\n\n\n    <section class=\"call-to-action-block custom-block py-5\" style=\"\"> \n        <div class=\"container py-xxl-5\" data-aos=\"fade-in\">\n            <blockquote class=\"position-relative col-sm content text-center cta-wrapper p-lg-5 px-4 py-5 rounder d-flex flex-column justify-content-center align-items-center \">\n                    <div class=\"heading-section pt-5\"> \n                                                    <p class=\"mb-4 small section-label font-white\">DOWNLOAD PROTECT APP HER<\/p>\n                                                                    <\/div>\n                                                                <div class=\"button-group mb-3 d-flex flex-column flex-md-row justify-content-center container-sm my-4 h-auto p-0 gap-3\">  \n                            <a href=\"https:\/\/apps.apple.com\/dk\/app\/protect-secured-in-seconds\/id658823495?platform=iphone\" class=\"d-flex gap-3 justify-content-center justify-content-md-start button align-items-center primary\" target=\"_blank\">\n       Download iOS App       <i class=\"icon-chevron\"><\/i>\n    <\/a>\n                        <\/div>\n                                        <video  autoplay loop muted class=\"position-absolute w-100 h-100 top-0 left-0 object-fit-cover\" poster=\"https:\/\/protectglobal.com\/wp-content\/uploads\/2024\/09\/protectbreakin349-1024x683.jpg\">\n                        <source src=\"\" type=\"video\/mp4\">\n                    <\/video>                  \n            <\/blockquote>    \n        <\/div>  \n    <\/section>\n","protected":false},"excerpt":{"rendered":"<p>Velkommen til PROTECT\u2122 Sales App \u2013 din ultimative guide til at beskytte dine v\u00e6rdier mod indbrud, h\u00e6rv\u00e6rk og r\u00f8veri. Med blot \u00e9n innovativ l\u00f8sning kan du forvandle dit rum til en sikker zone. Hvad g\u00f8r PROTECT App uundv\u00e6rlig? App-funktioner: Tilg\u00e6ngelige sprog: Appen er tilg\u00e6ngelig p\u00e5 engelsk, spansk, fransk, italiensk, tysk, portugisisk, gr\u00e6sk, svensk, norsk, hollandsk, [&hellip;]<\/p>\n","protected":false},"author":11,"featured_media":0,"parent":0,"menu_order":0,"comment_status":"closed","ping_status":"closed","template":"text.php","meta":{"_acf_changed":false,"inline_featured_image":false,"footnotes":""},"class_list":["post-26570","page","type-page","status-publish","hentry"],"acf":[],"yoast_head":"<!-- This site is optimized with the Yoast SEO Premium plugin v27.3 (Yoast SEO v27.3) - https:\/\/yoast.com\/product\/yoast-seo-premium-wordpress\/ -->\n<title>PROTECT Sales App - PROTECT Fog Cannons\u2122<\/title>\n<meta name=\"description\" content=\"Velkommen til PROTECT\u2122 Sales App - din ultimative guide til at beskytte dine v\u00e6rdigenstande mod indbrud, h\u00e6rv\u00e6rk og r\u00f8veri.\" \/>\n<meta name=\"robots\" content=\"index, follow, max-snippet:-1, max-image-preview:large, max-video-preview:-1\" \/>\n<link rel=\"canonical\" href=\"https:\/\/protectglobal.com\/da\/protect-sales-app\/\" \/>\n<meta property=\"og:locale\" content=\"da_DK\" \/>\n<meta property=\"og:type\" content=\"article\" \/>\n<meta property=\"og:title\" content=\"PROTECT Sales App\" \/>\n<meta property=\"og:description\" content=\"Velkommen til PROTECT\u2122 Sales App - din ultimative guide til at beskytte dine v\u00e6rdigenstande mod indbrud, h\u00e6rv\u00e6rk og r\u00f8veri.\" \/>\n<meta property=\"og:url\" content=\"https:\/\/protectglobal.com\/da\/protect-sales-app\/\" \/>\n<meta property=\"og:site_name\" content=\"PROTECT Fog Cannons\u2122\" \/>\n<meta property=\"article:publisher\" content=\"https:\/\/www.facebook.com\/PROTECTFogCannon\/\" \/>\n<meta property=\"article:modified_time\" content=\"2025-02-14T13:41:04+00:00\" \/>\n<meta property=\"og:image\" content=\"https:\/\/protectglobal.com\/wp-content\/uploads\/2024\/11\/untitled-09038-scaled.jpg\" \/>\n\t<meta property=\"og:image:width\" content=\"2560\" \/>\n\t<meta property=\"og:image:height\" content=\"1440\" \/>\n\t<meta property=\"og:image:type\" content=\"image\/jpeg\" \/>\n<meta name=\"twitter:card\" content=\"summary_large_image\" \/>\n<meta name=\"twitter:site\" content=\"@PROTECTFOG\" \/>\n<meta name=\"twitter:label1\" content=\"Estimeret l\u00e6setid\" \/>\n\t<meta name=\"twitter:data1\" content=\"1 minut\" \/>\n<script type=\"application\/ld+json\" class=\"yoast-schema-graph\">{\"@context\":\"https:\\\/\\\/schema.org\",\"@graph\":[{\"@type\":\"WebPage\",\"@id\":\"https:\\\/\\\/protectglobal.com\\\/da\\\/protect-sales-app\\\/\",\"url\":\"https:\\\/\\\/protectglobal.com\\\/da\\\/protect-sales-app\\\/\",\"name\":\"PROTECT Sales App - PROTECT Fog Cannons\u2122\",\"isPartOf\":{\"@id\":\"https:\\\/\\\/protectglobal.com\\\/da\\\/#website\"},\"datePublished\":\"2024-11-22T09:48:08+00:00\",\"dateModified\":\"2025-02-14T13:41:04+00:00\",\"description\":\"Velkommen til PROTECT\u2122 Sales App - din ultimative guide til at beskytte dine v\u00e6rdigenstande mod indbrud, h\u00e6rv\u00e6rk og r\u00f8veri.\",\"breadcrumb\":{\"@id\":\"https:\\\/\\\/protectglobal.com\\\/da\\\/protect-sales-app\\\/#breadcrumb\"},\"inLanguage\":\"da-DK\",\"potentialAction\":[{\"@type\":\"ReadAction\",\"target\":[\"https:\\\/\\\/protectglobal.com\\\/da\\\/protect-sales-app\\\/\"]}]},{\"@type\":\"BreadcrumbList\",\"@id\":\"https:\\\/\\\/protectglobal.com\\\/da\\\/protect-sales-app\\\/#breadcrumb\",\"itemListElement\":[{\"@type\":\"ListItem\",\"position\":1,\"name\":\"Hjem\",\"item\":\"https:\\\/\\\/protectglobal.com\\\/da\\\/\"},{\"@type\":\"ListItem\",\"position\":2,\"name\":\"PROTECT Sales App\"}]},{\"@type\":\"WebSite\",\"@id\":\"https:\\\/\\\/protectglobal.com\\\/da\\\/#website\",\"url\":\"https:\\\/\\\/protectglobal.com\\\/da\\\/\",\"name\":\"PROTECT Fog Cannons\u2122\",\"description\":\"\",\"publisher\":{\"@id\":\"https:\\\/\\\/protectglobal.com\\\/da\\\/#organization\"},\"potentialAction\":[{\"@type\":\"SearchAction\",\"target\":{\"@type\":\"EntryPoint\",\"urlTemplate\":\"https:\\\/\\\/protectglobal.com\\\/da\\\/?s={search_term_string}\"},\"query-input\":{\"@type\":\"PropertyValueSpecification\",\"valueRequired\":true,\"valueName\":\"search_term_string\"}}],\"inLanguage\":\"da-DK\"},{\"@type\":\"Organization\",\"@id\":\"https:\\\/\\\/protectglobal.com\\\/da\\\/#organization\",\"name\":\"PROTECT Fog Cannons\u2122\",\"url\":\"https:\\\/\\\/protectglobal.com\\\/da\\\/\",\"logo\":{\"@type\":\"ImageObject\",\"inLanguage\":\"da-DK\",\"@id\":\"https:\\\/\\\/protectglobal.com\\\/da\\\/#\\\/schema\\\/logo\\\/image\\\/\",\"url\":\"https:\\\/\\\/protectglobal.com\\\/wp-content\\\/uploads\\\/2023\\\/10\\\/logo.svg\",\"contentUrl\":\"https:\\\/\\\/protectglobal.com\\\/wp-content\\\/uploads\\\/2023\\\/10\\\/logo.svg\",\"width\":90,\"height\":40,\"caption\":\"PROTECT Fog Cannons\u2122\"},\"image\":{\"@id\":\"https:\\\/\\\/protectglobal.com\\\/da\\\/#\\\/schema\\\/logo\\\/image\\\/\"},\"sameAs\":[\"https:\\\/\\\/www.facebook.com\\\/PROTECTFogCannon\\\/\",\"https:\\\/\\\/x.com\\\/PROTECTFOG\",\"https:\\\/\\\/www.linkedin.com\\\/company\\\/protect-a-s\\\/\",\"https:\\\/\\\/www.youtube.com\\\/user\\\/PROTECTFogCannon\"],\"description\":\"PROTECT\u2122 specializes in security fog solutions, protecting valuables in retail, banks, warehouses any many other industries across more than 50 countries. With over 175,000 fog cannons installed, our systems fill rooms with dense fog in seconds, deterring burglars and preventing theft. We focus on providing reliable, durable, and easy-to-install solutions for enhanced security and peace of mind.\",\"email\":\"info@protectglobal.com\",\"telephone\":\"+45 8672 1881\",\"legalName\":\"PROTECT A\\\/S\",\"foundingDate\":\"2000-09-28\",\"vatID\":\"25687272\",\"numberOfEmployees\":{\"@type\":\"QuantitativeValue\",\"minValue\":\"11\",\"maxValue\":\"50\"}}]}<\/script>\n<!-- \/ Yoast SEO Premium plugin. -->","yoast_head_json":{"title":"PROTECT Sales App - PROTECT Fog Cannons\u2122","description":"Velkommen til PROTECT\u2122 Sales App - din ultimative guide til at beskytte dine v\u00e6rdigenstande mod indbrud, h\u00e6rv\u00e6rk og r\u00f8veri.","robots":{"index":"index","follow":"follow","max-snippet":"max-snippet:-1","max-image-preview":"max-image-preview:large","max-video-preview":"max-video-preview:-1"},"canonical":"https:\/\/protectglobal.com\/da\/protect-sales-app\/","og_locale":"da_DK","og_type":"article","og_title":"PROTECT Sales App","og_description":"Velkommen til PROTECT\u2122 Sales App - din ultimative guide til at beskytte dine v\u00e6rdigenstande mod indbrud, h\u00e6rv\u00e6rk og r\u00f8veri.","og_url":"https:\/\/protectglobal.com\/da\/protect-sales-app\/","og_site_name":"PROTECT Fog Cannons\u2122","article_publisher":"https:\/\/www.facebook.com\/PROTECTFogCannon\/","article_modified_time":"2025-02-14T13:41:04+00:00","og_image":[{"width":2560,"height":1440,"url":"https:\/\/protectglobal.com\/wp-content\/uploads\/2024\/11\/untitled-09038-scaled.jpg","type":"image\/jpeg"}],"twitter_card":"summary_large_image","twitter_site":"@PROTECTFOG","twitter_misc":{"Estimeret l\u00e6setid":"1 minut"},"schema":{"@context":"https:\/\/schema.org","@graph":[{"@type":"WebPage","@id":"https:\/\/protectglobal.com\/da\/protect-sales-app\/","url":"https:\/\/protectglobal.com\/da\/protect-sales-app\/","name":"PROTECT Sales App - PROTECT Fog Cannons\u2122","isPartOf":{"@id":"https:\/\/protectglobal.com\/da\/#website"},"datePublished":"2024-11-22T09:48:08+00:00","dateModified":"2025-02-14T13:41:04+00:00","description":"Velkommen til PROTECT\u2122 Sales App - din ultimative guide til at beskytte dine v\u00e6rdigenstande mod indbrud, h\u00e6rv\u00e6rk og r\u00f8veri.","breadcrumb":{"@id":"https:\/\/protectglobal.com\/da\/protect-sales-app\/#breadcrumb"},"inLanguage":"da-DK","potentialAction":[{"@type":"ReadAction","target":["https:\/\/protectglobal.com\/da\/protect-sales-app\/"]}]},{"@type":"BreadcrumbList","@id":"https:\/\/protectglobal.com\/da\/protect-sales-app\/#breadcrumb","itemListElement":[{"@type":"ListItem","position":1,"name":"Hjem","item":"https:\/\/protectglobal.com\/da\/"},{"@type":"ListItem","position":2,"name":"PROTECT Sales App"}]},{"@type":"WebSite","@id":"https:\/\/protectglobal.com\/da\/#website","url":"https:\/\/protectglobal.com\/da\/","name":"PROTECT Fog Cannons\u2122","description":"","publisher":{"@id":"https:\/\/protectglobal.com\/da\/#organization"},"potentialAction":[{"@type":"SearchAction","target":{"@type":"EntryPoint","urlTemplate":"https:\/\/protectglobal.com\/da\/?s={search_term_string}"},"query-input":{"@type":"PropertyValueSpecification","valueRequired":true,"valueName":"search_term_string"}}],"inLanguage":"da-DK"},{"@type":"Organization","@id":"https:\/\/protectglobal.com\/da\/#organization","name":"PROTECT Fog Cannons\u2122","url":"https:\/\/protectglobal.com\/da\/","logo":{"@type":"ImageObject","inLanguage":"da-DK","@id":"https:\/\/protectglobal.com\/da\/#\/schema\/logo\/image\/","url":"https:\/\/protectglobal.com\/wp-content\/uploads\/2023\/10\/logo.svg","contentUrl":"https:\/\/protectglobal.com\/wp-content\/uploads\/2023\/10\/logo.svg","width":90,"height":40,"caption":"PROTECT Fog Cannons\u2122"},"image":{"@id":"https:\/\/protectglobal.com\/da\/#\/schema\/logo\/image\/"},"sameAs":["https:\/\/www.facebook.com\/PROTECTFogCannon\/","https:\/\/x.com\/PROTECTFOG","https:\/\/www.linkedin.com\/company\/protect-a-s\/","https:\/\/www.youtube.com\/user\/PROTECTFogCannon"],"description":"PROTECT\u2122 specializes in security fog solutions, protecting valuables in retail, banks, warehouses any many other industries across more than 50 countries. With over 175,000 fog cannons installed, our systems fill rooms with dense fog in seconds, deterring burglars and preventing theft. We focus on providing reliable, durable, and easy-to-install solutions for enhanced security and peace of mind.","email":"info@protectglobal.com","telephone":"+45 8672 1881","legalName":"PROTECT A\/S","foundingDate":"2000-09-28","vatID":"25687272","numberOfEmployees":{"@type":"QuantitativeValue","minValue":"11","maxValue":"50"}}]}},"_links":{"self":[{"href":"https:\/\/protectglobal.com\/da\/wp-json\/wp\/v2\/pages\/26570","targetHints":{"allow":["GET"]}}],"collection":[{"href":"https:\/\/protectglobal.com\/da\/wp-json\/wp\/v2\/pages"}],"about":[{"href":"https:\/\/protectglobal.com\/da\/wp-json\/wp\/v2\/types\/page"}],"author":[{"embeddable":true,"href":"https:\/\/protectglobal.com\/da\/wp-json\/wp\/v2\/users\/11"}],"replies":[{"embeddable":true,"href":"https:\/\/protectglobal.com\/da\/wp-json\/wp\/v2\/comments?post=26570"}],"version-history":[{"count":2,"href":"https:\/\/protectglobal.com\/da\/wp-json\/wp\/v2\/pages\/26570\/revisions"}],"predecessor-version":[{"id":26572,"href":"https:\/\/protectglobal.com\/da\/wp-json\/wp\/v2\/pages\/26570\/revisions\/26572"}],"wp:attachment":[{"href":"https:\/\/protectglobal.com\/da\/wp-json\/wp\/v2\/media?parent=26570"}],"curies":[{"name":"wp","href":"https:\/\/api.w.org\/{rel}","templated":true}]}}