{"id":26567,"date":"2024-11-21T09:33:39","date_gmt":"2024-11-21T09:33:39","guid":{"rendered":"https:\/\/protectglobal.com\/protect-e-learning\/"},"modified":"2025-02-14T13:36:55","modified_gmt":"2025-02-14T13:36:55","slug":"protect-e-learning","status":"publish","type":"page","link":"https:\/\/protectglobal.com\/da\/protect-e-learning\/","title":{"rendered":"PROTECT E-learning"},"content":{"rendered":"\n    \n    <section id=\"contact-form\" class=\"py-5 contact-form-block\">\n        <div class=\"container mt-5\" data-aos=\"fade-in\">\n            <div class=\"row d-flex justify-content-center overflow-section \">\n                <div class=\"col-12 col-lg-11 col-xl-11 col-xl-9\">\n                    <div class=\"row\">\n                        <div class=\"col-lg-12 col-sm-12 col-sm-7 col-xxl-12 mb-5\">\n                            <div class=\"background box-shadow-form dark-grey h-100 p-4 p-xl-5 position-relative rounded-4 text-white\">\n                                <div class=\"action-icon\"><\/div>\n                                <h1>Ans\u00f8g om <span style=\"color: #3f75ff;\">PROTECT E-learning<\/span><\/h1>\n<p>Ans\u00f8g om PROTECT E-learning PROTECT\u2122 tilbyder et gratis, professionelt uddannelsesprogram for alle registrerede alarminstallat\u00f8rer af vores t\u00e5gekanoner verden over.<\/p>\n<p>&nbsp;<\/p>\n<p>Vores e-learning-platform kombinerer engagerende videotutorials uden tale og interaktive multiple-choice sp\u00f8rgsm\u00e5l. Yderligere l\u00e6ringsressourcer, s\u00e5som manualer og m\u00e5leguider, er let tilg\u00e6ngelige p\u00e5 platformen for at underst\u00f8tte din l\u00e6ringsrejse.<\/p>\n<p>&nbsp;<\/p>\n<p>I \u00f8jeblikket tilbyder vi tre forskellige kurser, der hver afsluttes med en multiple-choice test:<\/p>\n<p>&nbsp;<\/p>\n<ul>\n<li>Kursus 1: Simpel installation<\/li>\n<li>Kursus 2: Intelli-produkter<\/li>\n<li>Kursus 3: PROTECT\u2122 API &amp; PROTECT IntelliCloud\u2122<\/li>\n<\/ul>\n<p>&nbsp;<\/p>\n<div class=\"ctbEditorText\">\n<h2>Hvorfor e-learning?<\/h2>\n<p>E-learning tilbyder enest\u00e5ende fleksibilitet \u2013 l\u00e6r i dit eget tempo, n\u00e5r som helst og hvor som helst. Der er ingen tidsbegr\u00e6nsning for at gennemf\u00f8re kurserne, s\u00e5 du kan tage dem i dit eget tempo.<\/p>\n<p>&nbsp;<\/p>\n<p>Ved at gennemf\u00f8re disse kurser vil du forbedre din ekspertise inden for installation og brug af t\u00e5gekanoner, hvilket sikrer \u00f8get sikkerhed, kvalitet og trov\u00e6rdighed over for dine kunder. Du vil ogs\u00e5 f\u00e5 en dybere forst\u00e5else af sikkerhedst\u00e5gesystemer, s\u00e5 du kan dele v\u00e6rdifuld viden med kollegaer og kunder.<\/p>\n<p>&nbsp;<\/p>\n<p>N\u00e5r du har gennemf\u00f8rt PROTECT\u2122 E-learning-kurserne, vil du v\u00e6re fuldt rustet til at installere enhver model i vores t\u00e5gekanon-sortiment. Denne tr\u00e6ning f\u00f8lger Cenelec internationale standarder, som kr\u00e6ver, at alarminstallat\u00f8rer modtager instruktion og best\u00e5r en test, f\u00f8r de monterer t\u00e5gemaskiner.<\/p>\n<p>&nbsp;<\/p>\n<h2>Praktiske oplysninger<\/h2>\n<p><span class=\"TextRun SCXW252189242 BCX0\" lang=\"EN-US\" xml:lang=\"EN-US\" data-contrast=\"auto\"><span class=\"NormalTextRun SCXW252189242 BCX0\">Hver kursusdeltager skal registrere sig ved at udfylde formularen nedenfor. <\/span><\/span><span class=\"TextRun SCXW252189242 BCX0\" lang=\"EN-US\" xml:lang=\"EN-US\" data-contrast=\"auto\"><span class=\"NormalTextRun SCXW252189242 BCX0\">Vi sender derefter et unikt login samt et link til kurserne.<\/span><\/span><\/p>\n<p>&nbsp;<\/p>\n<\/div>\n<div class=\"ctbWhiteSpace\"><\/div>\n<div class=\"ctbEditorText\">\n<div id=\"nf-form-13-cont\" class=\"nf-form-cont\" role=\"form\" aria-live=\"polite\" aria-labelledby=\"nf-form-title-13\" aria-describedby=\"nf-form-errors-13\">\n<div class=\"nf-form-wrap ninja-forms-form-wrap\">\n<div class=\"nf-before-form\"><em>Felter markeret med <span class=\"ninja-forms-req-symbol\">*<\/span> er obligatoriske<\/em><\/div>\n<div><\/div>\n<\/div>\n<\/div>\n<\/div>\n\n<div class=\"wpcf7 no-js\" id=\"wpcf7-f26566-o1\" lang=\"da-DK\" dir=\"ltr\" data-wpcf7-id=\"26566\">\n<div class=\"screen-reader-response\"><p role=\"status\" aria-live=\"polite\" aria-atomic=\"true\"><\/p> <ul><\/ul><\/div>\n<form action=\"\/da\/wp-json\/wp\/v2\/pages\/26567#wpcf7-f26566-o1\" method=\"post\" class=\"wpcf7-form init\" aria-label=\"Kontaktformular\" novalidate=\"novalidate\" data-status=\"init\">\n<fieldset class=\"hidden-fields-container\"><input type=\"hidden\" name=\"_wpcf7\" value=\"26566\" \/><input type=\"hidden\" name=\"_wpcf7_version\" value=\"6.1.5\" \/><input type=\"hidden\" name=\"_wpcf7_locale\" value=\"da_DK\" \/><input type=\"hidden\" name=\"_wpcf7_unit_tag\" value=\"wpcf7-f26566-o1\" \/><input type=\"hidden\" name=\"_wpcf7_container_post\" value=\"0\" \/><input type=\"hidden\" name=\"_wpcf7_posted_data_hash\" value=\"\" \/><input type=\"hidden\" name=\"ac-tag\" value=\"\" \/><input type=\"hidden\" name=\"_wpcf7_recaptcha_response\" value=\"\" \/>\n<\/fieldset>\n<p><label> Fornavn*:<br \/>\n<span class=\"wpcf7-form-control-wrap\" data-name=\"first-name\"><input size=\"40\" maxlength=\"400\" class=\"wpcf7-form-control wpcf7-text wpcf7-validates-as-required\" autocomplete=\"name\" aria-required=\"true\" aria-invalid=\"false\" value=\"\" type=\"text\" name=\"first-name\" \/><\/span> <\/label>\n<\/p>\n<p><label> Efternavn*:<br \/>\n<span class=\"wpcf7-form-control-wrap\" data-name=\"last-name\"><input size=\"40\" maxlength=\"400\" class=\"wpcf7-form-control wpcf7-text wpcf7-validates-as-required\" autocomplete=\"name\" aria-required=\"true\" aria-invalid=\"false\" value=\"\" type=\"text\" name=\"last-name\" \/><\/span> <\/label>\n<\/p>\n<p><label> Firma*:<br \/>\n<span class=\"wpcf7-form-control-wrap\" data-name=\"company-name\"><input size=\"40\" maxlength=\"400\" class=\"wpcf7-form-control wpcf7-text wpcf7-validates-as-required\" autocomplete=\"name\" aria-required=\"true\" aria-invalid=\"false\" value=\"\" type=\"text\" name=\"company-name\" \/><\/span> <\/label>\n<\/p>\n<p><label> E-mail*:<br \/>\n<span class=\"wpcf7-form-control-wrap\" data-name=\"your-email\"><input size=\"40\" maxlength=\"400\" class=\"wpcf7-form-control wpcf7-email wpcf7-validates-as-required wpcf7-text wpcf7-validates-as-email\" autocomplete=\"email\" aria-required=\"true\" aria-invalid=\"false\" value=\"\" type=\"email\" name=\"your-email\" \/><\/span> <\/label>\n<\/p>\n<p><label> Telefonnummer*:<br \/>\n<span class=\"wpcf7-form-control-wrap\" data-name=\"your-tel\"><input size=\"40\" maxlength=\"400\" class=\"wpcf7-form-control wpcf7-tel wpcf7-validates-as-required wpcf7-text wpcf7-validates-as-tel\" autocomplete=\"yourtelephone\" aria-required=\"true\" aria-invalid=\"false\" value=\"\" type=\"tel\" name=\"your-tel\" \/><\/span> <\/label>\n<\/p>\n<p><label> V\u00e6lg land*:<br \/>\n<span class=\"wpcf7-form-control-wrap\" data-name=\"country\"><select class=\"wpcf7-form-control wpcf7-select\" id=\"countries_select\" aria-invalid=\"false\" name=\"country\"><option value=\"\">&#8212;V\u00e6lg venligst en mulighed&#8212;<\/option><\/select><\/span> <\/label>\n<\/p>\n<p><button class=\"button primary\" type=\"submit\">Indsend formular<\/button>\n<\/p><div class=\"wpcf7-response-output\" aria-hidden=\"true\"><\/div>\n<\/form>\n<\/div>\n\n                            <\/div>\n                        <\/div>\n                                            <\/div>\n                <\/div>\n            <\/div>\n        <\/div>\n    <\/section>\n","protected":false},"excerpt":{"rendered":"","protected":false},"author":11,"featured_media":0,"parent":0,"menu_order":0,"comment_status":"closed","ping_status":"closed","template":"","meta":{"_acf_changed":false,"inline_featured_image":false,"footnotes":""},"class_list":["post-26567","page","type-page","status-publish","hentry"],"acf":[],"yoast_head":"<!-- This site is optimized with the Yoast SEO Premium plugin v27.3 (Yoast SEO v27.3) - https:\/\/yoast.com\/product\/yoast-seo-premium-wordpress\/ -->\n<title>PROTECT E-learning - Ans\u00f8g om tekniske kurser her<\/title>\n<meta name=\"description\" content=\"L\u00e6r at installere t\u00e5gekanoner, PROTECT Intelli-produkter og PROTECT API-integration med vores e-l\u00e6ringsplatform.\" \/>\n<meta name=\"robots\" content=\"index, follow, max-snippet:-1, max-image-preview:large, max-video-preview:-1\" \/>\n<link rel=\"canonical\" href=\"https:\/\/protectglobal.com\/da\/protect-e-learning\/\" \/>\n<meta property=\"og:locale\" content=\"da_DK\" \/>\n<meta property=\"og:type\" content=\"article\" \/>\n<meta property=\"og:title\" content=\"PROTECT E-learning\" \/>\n<meta property=\"og:description\" content=\"L\u00e6r at installere t\u00e5gekanoner, PROTECT Intelli-produkter og PROTECT API-integration med vores e-l\u00e6ringsplatform.\" \/>\n<meta property=\"og:url\" content=\"https:\/\/protectglobal.com\/da\/protect-e-learning\/\" \/>\n<meta property=\"og:site_name\" content=\"PROTECT Fog Cannons\u2122\" \/>\n<meta property=\"article:publisher\" content=\"https:\/\/www.facebook.com\/PROTECTFogCannon\/\" \/>\n<meta property=\"article:modified_time\" content=\"2025-02-14T13:36:55+00:00\" \/>\n<meta property=\"og:image\" content=\"https:\/\/protectglobal.com\/wp-content\/uploads\/2024\/11\/untitled-09038-scaled.jpg\" \/>\n\t<meta property=\"og:image:width\" content=\"2560\" \/>\n\t<meta property=\"og:image:height\" content=\"1440\" \/>\n\t<meta property=\"og:image:type\" content=\"image\/jpeg\" \/>\n<meta name=\"twitter:card\" content=\"summary_large_image\" \/>\n<meta name=\"twitter:site\" content=\"@PROTECTFOG\" \/>\n<script type=\"application\/ld+json\" class=\"yoast-schema-graph\">{\"@context\":\"https:\\\/\\\/schema.org\",\"@graph\":[{\"@type\":\"WebPage\",\"@id\":\"https:\\\/\\\/protectglobal.com\\\/da\\\/protect-e-learning\\\/\",\"url\":\"https:\\\/\\\/protectglobal.com\\\/da\\\/protect-e-learning\\\/\",\"name\":\"PROTECT E-learning - Ans\u00f8g om tekniske kurser her\",\"isPartOf\":{\"@id\":\"https:\\\/\\\/protectglobal.com\\\/da\\\/#website\"},\"datePublished\":\"2024-11-21T09:33:39+00:00\",\"dateModified\":\"2025-02-14T13:36:55+00:00\",\"description\":\"L\u00e6r at installere t\u00e5gekanoner, PROTECT Intelli-produkter og PROTECT API-integration med vores e-l\u00e6ringsplatform.\",\"breadcrumb\":{\"@id\":\"https:\\\/\\\/protectglobal.com\\\/da\\\/protect-e-learning\\\/#breadcrumb\"},\"inLanguage\":\"da-DK\",\"potentialAction\":[{\"@type\":\"ReadAction\",\"target\":[\"https:\\\/\\\/protectglobal.com\\\/da\\\/protect-e-learning\\\/\"]}]},{\"@type\":\"BreadcrumbList\",\"@id\":\"https:\\\/\\\/protectglobal.com\\\/da\\\/protect-e-learning\\\/#breadcrumb\",\"itemListElement\":[{\"@type\":\"ListItem\",\"position\":1,\"name\":\"Hjem\",\"item\":\"https:\\\/\\\/protectglobal.com\\\/da\\\/\"},{\"@type\":\"ListItem\",\"position\":2,\"name\":\"PROTECT E-learning\"}]},{\"@type\":\"WebSite\",\"@id\":\"https:\\\/\\\/protectglobal.com\\\/da\\\/#website\",\"url\":\"https:\\\/\\\/protectglobal.com\\\/da\\\/\",\"name\":\"PROTECT Fog Cannons\u2122\",\"description\":\"\",\"publisher\":{\"@id\":\"https:\\\/\\\/protectglobal.com\\\/da\\\/#organization\"},\"potentialAction\":[{\"@type\":\"SearchAction\",\"target\":{\"@type\":\"EntryPoint\",\"urlTemplate\":\"https:\\\/\\\/protectglobal.com\\\/da\\\/?s={search_term_string}\"},\"query-input\":{\"@type\":\"PropertyValueSpecification\",\"valueRequired\":true,\"valueName\":\"search_term_string\"}}],\"inLanguage\":\"da-DK\"},{\"@type\":\"Organization\",\"@id\":\"https:\\\/\\\/protectglobal.com\\\/da\\\/#organization\",\"name\":\"PROTECT Fog Cannons\u2122\",\"url\":\"https:\\\/\\\/protectglobal.com\\\/da\\\/\",\"logo\":{\"@type\":\"ImageObject\",\"inLanguage\":\"da-DK\",\"@id\":\"https:\\\/\\\/protectglobal.com\\\/da\\\/#\\\/schema\\\/logo\\\/image\\\/\",\"url\":\"https:\\\/\\\/protectglobal.com\\\/wp-content\\\/uploads\\\/2023\\\/10\\\/logo.svg\",\"contentUrl\":\"https:\\\/\\\/protectglobal.com\\\/wp-content\\\/uploads\\\/2023\\\/10\\\/logo.svg\",\"width\":90,\"height\":40,\"caption\":\"PROTECT Fog Cannons\u2122\"},\"image\":{\"@id\":\"https:\\\/\\\/protectglobal.com\\\/da\\\/#\\\/schema\\\/logo\\\/image\\\/\"},\"sameAs\":[\"https:\\\/\\\/www.facebook.com\\\/PROTECTFogCannon\\\/\",\"https:\\\/\\\/x.com\\\/PROTECTFOG\",\"https:\\\/\\\/www.linkedin.com\\\/company\\\/protect-a-s\\\/\",\"https:\\\/\\\/www.youtube.com\\\/user\\\/PROTECTFogCannon\"],\"description\":\"PROTECT\u2122 specializes in security fog solutions, protecting valuables in retail, banks, warehouses any many other industries across more than 50 countries. With over 175,000 fog cannons installed, our systems fill rooms with dense fog in seconds, deterring burglars and preventing theft. We focus on providing reliable, durable, and easy-to-install solutions for enhanced security and peace of mind.\",\"email\":\"info@protectglobal.com\",\"telephone\":\"+45 8672 1881\",\"legalName\":\"PROTECT A\\\/S\",\"foundingDate\":\"2000-09-28\",\"vatID\":\"25687272\",\"numberOfEmployees\":{\"@type\":\"QuantitativeValue\",\"minValue\":\"11\",\"maxValue\":\"50\"}}]}<\/script>\n<!-- \/ Yoast SEO Premium plugin. -->","yoast_head_json":{"title":"PROTECT E-learning - Ans\u00f8g om tekniske kurser her","description":"L\u00e6r at installere t\u00e5gekanoner, PROTECT Intelli-produkter og PROTECT API-integration med vores e-l\u00e6ringsplatform.","robots":{"index":"index","follow":"follow","max-snippet":"max-snippet:-1","max-image-preview":"max-image-preview:large","max-video-preview":"max-video-preview:-1"},"canonical":"https:\/\/protectglobal.com\/da\/protect-e-learning\/","og_locale":"da_DK","og_type":"article","og_title":"PROTECT E-learning","og_description":"L\u00e6r at installere t\u00e5gekanoner, PROTECT Intelli-produkter og PROTECT API-integration med vores e-l\u00e6ringsplatform.","og_url":"https:\/\/protectglobal.com\/da\/protect-e-learning\/","og_site_name":"PROTECT Fog Cannons\u2122","article_publisher":"https:\/\/www.facebook.com\/PROTECTFogCannon\/","article_modified_time":"2025-02-14T13:36:55+00:00","og_image":[{"width":2560,"height":1440,"url":"https:\/\/protectglobal.com\/wp-content\/uploads\/2024\/11\/untitled-09038-scaled.jpg","type":"image\/jpeg"}],"twitter_card":"summary_large_image","twitter_site":"@PROTECTFOG","schema":{"@context":"https:\/\/schema.org","@graph":[{"@type":"WebPage","@id":"https:\/\/protectglobal.com\/da\/protect-e-learning\/","url":"https:\/\/protectglobal.com\/da\/protect-e-learning\/","name":"PROTECT E-learning - Ans\u00f8g om tekniske kurser her","isPartOf":{"@id":"https:\/\/protectglobal.com\/da\/#website"},"datePublished":"2024-11-21T09:33:39+00:00","dateModified":"2025-02-14T13:36:55+00:00","description":"L\u00e6r at installere t\u00e5gekanoner, PROTECT Intelli-produkter og PROTECT API-integration med vores e-l\u00e6ringsplatform.","breadcrumb":{"@id":"https:\/\/protectglobal.com\/da\/protect-e-learning\/#breadcrumb"},"inLanguage":"da-DK","potentialAction":[{"@type":"ReadAction","target":["https:\/\/protectglobal.com\/da\/protect-e-learning\/"]}]},{"@type":"BreadcrumbList","@id":"https:\/\/protectglobal.com\/da\/protect-e-learning\/#breadcrumb","itemListElement":[{"@type":"ListItem","position":1,"name":"Hjem","item":"https:\/\/protectglobal.com\/da\/"},{"@type":"ListItem","position":2,"name":"PROTECT E-learning"}]},{"@type":"WebSite","@id":"https:\/\/protectglobal.com\/da\/#website","url":"https:\/\/protectglobal.com\/da\/","name":"PROTECT Fog Cannons\u2122","description":"","publisher":{"@id":"https:\/\/protectglobal.com\/da\/#organization"},"potentialAction":[{"@type":"SearchAction","target":{"@type":"EntryPoint","urlTemplate":"https:\/\/protectglobal.com\/da\/?s={search_term_string}"},"query-input":{"@type":"PropertyValueSpecification","valueRequired":true,"valueName":"search_term_string"}}],"inLanguage":"da-DK"},{"@type":"Organization","@id":"https:\/\/protectglobal.com\/da\/#organization","name":"PROTECT Fog Cannons\u2122","url":"https:\/\/protectglobal.com\/da\/","logo":{"@type":"ImageObject","inLanguage":"da-DK","@id":"https:\/\/protectglobal.com\/da\/#\/schema\/logo\/image\/","url":"https:\/\/protectglobal.com\/wp-content\/uploads\/2023\/10\/logo.svg","contentUrl":"https:\/\/protectglobal.com\/wp-content\/uploads\/2023\/10\/logo.svg","width":90,"height":40,"caption":"PROTECT Fog Cannons\u2122"},"image":{"@id":"https:\/\/protectglobal.com\/da\/#\/schema\/logo\/image\/"},"sameAs":["https:\/\/www.facebook.com\/PROTECTFogCannon\/","https:\/\/x.com\/PROTECTFOG","https:\/\/www.linkedin.com\/company\/protect-a-s\/","https:\/\/www.youtube.com\/user\/PROTECTFogCannon"],"description":"PROTECT\u2122 specializes in security fog solutions, protecting valuables in retail, banks, warehouses any many other industries across more than 50 countries. With over 175,000 fog cannons installed, our systems fill rooms with dense fog in seconds, deterring burglars and preventing theft. We focus on providing reliable, durable, and easy-to-install solutions for enhanced security and peace of mind.","email":"info@protectglobal.com","telephone":"+45 8672 1881","legalName":"PROTECT A\/S","foundingDate":"2000-09-28","vatID":"25687272","numberOfEmployees":{"@type":"QuantitativeValue","minValue":"11","maxValue":"50"}}]}},"_links":{"self":[{"href":"https:\/\/protectglobal.com\/da\/wp-json\/wp\/v2\/pages\/26567","targetHints":{"allow":["GET"]}}],"collection":[{"href":"https:\/\/protectglobal.com\/da\/wp-json\/wp\/v2\/pages"}],"about":[{"href":"https:\/\/protectglobal.com\/da\/wp-json\/wp\/v2\/types\/page"}],"author":[{"embeddable":true,"href":"https:\/\/protectglobal.com\/da\/wp-json\/wp\/v2\/users\/11"}],"replies":[{"embeddable":true,"href":"https:\/\/protectglobal.com\/da\/wp-json\/wp\/v2\/comments?post=26567"}],"version-history":[{"count":2,"href":"https:\/\/protectglobal.com\/da\/wp-json\/wp\/v2\/pages\/26567\/revisions"}],"predecessor-version":[{"id":26569,"href":"https:\/\/protectglobal.com\/da\/wp-json\/wp\/v2\/pages\/26567\/revisions\/26569"}],"wp:attachment":[{"href":"https:\/\/protectglobal.com\/da\/wp-json\/wp\/v2\/media?parent=26567"}],"curies":[{"name":"wp","href":"https:\/\/api.w.org\/{rel}","templated":true}]}}