{"id":2215,"date":"2023-12-05T09:27:46","date_gmt":"2023-12-05T09:27:46","guid":{"rendered":"https:\/\/protectglobal.com\/?page_id=2215"},"modified":"2025-01-21T09:27:08","modified_gmt":"2025-01-21T09:27:08","slug":"download-center","status":"publish","type":"page","link":"https:\/\/protectglobal.com\/da\/download-center\/","title":{"rendered":"Download Center"},"content":{"rendered":"\n<p><\/p>\n\n\n<div class=\"logged-out wp-block-loginout\"><a rel=\"nofollow\" href=\"https:\/\/protectglobal.com\/wp-login.php?itsec-hb-token=protect-login&#038;redirect_to=https%3A%2F%2Fprotectglobal.com%2Fda%2Fwp-json%2Fwp%2Fv2%2Fpages%2F2215\">Log ind<\/a><\/div>","protected":false},"excerpt":{"rendered":"","protected":false},"author":2,"featured_media":0,"parent":0,"menu_order":0,"comment_status":"closed","ping_status":"closed","template":"download-center.php","meta":{"_acf_changed":false,"inline_featured_image":false,"footnotes":""},"class_list":["post-2215","page","type-page","status-publish","hentry"],"acf":[],"yoast_head":"<!-- This site is optimized with the Yoast SEO Premium plugin v27.3 (Yoast SEO v27.3) - https:\/\/yoast.com\/product\/yoast-seo-premium-wordpress\/ -->\n<title>PROTECT Download Center - Dokumentdatabase for t\u00e5gekanoner<\/title>\n<meta name=\"description\" content=\"Bes\u00f8g PROTECT T\u00e5gekanon Download Center for nem adgang til manualer, datablad og software til forhandlere og installat\u00f8rer.\" \/>\n<meta name=\"robots\" content=\"index, follow, max-snippet:-1, max-image-preview:large, max-video-preview:-1\" \/>\n<link rel=\"canonical\" href=\"https:\/\/protectglobal.com\/da\/download-center\/\" \/>\n<meta property=\"og:locale\" content=\"da_DK\" \/>\n<meta property=\"og:type\" content=\"article\" \/>\n<meta property=\"og:title\" content=\"Download Center\" \/>\n<meta property=\"og:description\" content=\"Bes\u00f8g PROTECT T\u00e5gekanon Download Center for nem adgang til manualer, datablad og software til forhandlere og installat\u00f8rer.\" \/>\n<meta property=\"og:url\" content=\"https:\/\/protectglobal.com\/da\/download-center\/\" \/>\n<meta property=\"og:site_name\" content=\"PROTECT Fog Cannons\u2122\" \/>\n<meta property=\"article:publisher\" content=\"https:\/\/www.facebook.com\/PROTECTFogCannon\/\" \/>\n<meta property=\"article:modified_time\" content=\"2025-01-21T09:27:08+00:00\" \/>\n<meta property=\"og:image\" content=\"https:\/\/protectglobal.com\/wp-content\/uploads\/2024\/11\/untitled-09038-scaled.jpg\" \/>\n\t<meta property=\"og:image:width\" content=\"2560\" \/>\n\t<meta property=\"og:image:height\" content=\"1440\" \/>\n\t<meta property=\"og:image:type\" content=\"image\/jpeg\" \/>\n<meta name=\"twitter:card\" content=\"summary_large_image\" \/>\n<meta name=\"twitter:site\" content=\"@PROTECTFOG\" \/>\n<script type=\"application\/ld+json\" class=\"yoast-schema-graph\">{\"@context\":\"https:\\\/\\\/schema.org\",\"@graph\":[{\"@type\":\"WebPage\",\"@id\":\"https:\\\/\\\/protectglobal.com\\\/da\\\/download-center\\\/\",\"url\":\"https:\\\/\\\/protectglobal.com\\\/da\\\/download-center\\\/\",\"name\":\"PROTECT Download Center - Dokumentdatabase for t\u00e5gekanoner\",\"isPartOf\":{\"@id\":\"https:\\\/\\\/protectglobal.com\\\/da\\\/#website\"},\"datePublished\":\"2023-12-05T09:27:46+00:00\",\"dateModified\":\"2025-01-21T09:27:08+00:00\",\"description\":\"Bes\u00f8g PROTECT T\u00e5gekanon Download Center for nem adgang til manualer, datablad og software til forhandlere og installat\u00f8rer.\",\"breadcrumb\":{\"@id\":\"https:\\\/\\\/protectglobal.com\\\/da\\\/download-center\\\/#breadcrumb\"},\"inLanguage\":\"da-DK\",\"potentialAction\":[{\"@type\":\"ReadAction\",\"target\":[\"https:\\\/\\\/protectglobal.com\\\/da\\\/download-center\\\/\"]}]},{\"@type\":\"BreadcrumbList\",\"@id\":\"https:\\\/\\\/protectglobal.com\\\/da\\\/download-center\\\/#breadcrumb\",\"itemListElement\":[{\"@type\":\"ListItem\",\"position\":1,\"name\":\"Hjem\",\"item\":\"https:\\\/\\\/protectglobal.com\\\/da\\\/\"},{\"@type\":\"ListItem\",\"position\":2,\"name\":\"Download Center\"}]},{\"@type\":\"WebSite\",\"@id\":\"https:\\\/\\\/protectglobal.com\\\/da\\\/#website\",\"url\":\"https:\\\/\\\/protectglobal.com\\\/da\\\/\",\"name\":\"PROTECT Fog Cannons\u2122\",\"description\":\"\",\"publisher\":{\"@id\":\"https:\\\/\\\/protectglobal.com\\\/da\\\/#organization\"},\"potentialAction\":[{\"@type\":\"SearchAction\",\"target\":{\"@type\":\"EntryPoint\",\"urlTemplate\":\"https:\\\/\\\/protectglobal.com\\\/da\\\/?s={search_term_string}\"},\"query-input\":{\"@type\":\"PropertyValueSpecification\",\"valueRequired\":true,\"valueName\":\"search_term_string\"}}],\"inLanguage\":\"da-DK\"},{\"@type\":\"Organization\",\"@id\":\"https:\\\/\\\/protectglobal.com\\\/da\\\/#organization\",\"name\":\"PROTECT Fog Cannons\u2122\",\"url\":\"https:\\\/\\\/protectglobal.com\\\/da\\\/\",\"logo\":{\"@type\":\"ImageObject\",\"inLanguage\":\"da-DK\",\"@id\":\"https:\\\/\\\/protectglobal.com\\\/da\\\/#\\\/schema\\\/logo\\\/image\\\/\",\"url\":\"https:\\\/\\\/protectglobal.com\\\/wp-content\\\/uploads\\\/2023\\\/10\\\/logo.svg\",\"contentUrl\":\"https:\\\/\\\/protectglobal.com\\\/wp-content\\\/uploads\\\/2023\\\/10\\\/logo.svg\",\"width\":90,\"height\":40,\"caption\":\"PROTECT Fog Cannons\u2122\"},\"image\":{\"@id\":\"https:\\\/\\\/protectglobal.com\\\/da\\\/#\\\/schema\\\/logo\\\/image\\\/\"},\"sameAs\":[\"https:\\\/\\\/www.facebook.com\\\/PROTECTFogCannon\\\/\",\"https:\\\/\\\/x.com\\\/PROTECTFOG\",\"https:\\\/\\\/www.linkedin.com\\\/company\\\/protect-a-s\\\/\",\"https:\\\/\\\/www.youtube.com\\\/user\\\/PROTECTFogCannon\"],\"description\":\"PROTECT\u2122 specializes in security fog solutions, protecting valuables in retail, banks, warehouses any many other industries across more than 50 countries. With over 175,000 fog cannons installed, our systems fill rooms with dense fog in seconds, deterring burglars and preventing theft. We focus on providing reliable, durable, and easy-to-install solutions for enhanced security and peace of mind.\",\"email\":\"info@protectglobal.com\",\"telephone\":\"+45 8672 1881\",\"legalName\":\"PROTECT A\\\/S\",\"foundingDate\":\"2000-09-28\",\"vatID\":\"25687272\",\"numberOfEmployees\":{\"@type\":\"QuantitativeValue\",\"minValue\":\"11\",\"maxValue\":\"50\"}}]}<\/script>\n<!-- \/ Yoast SEO Premium plugin. -->","yoast_head_json":{"title":"PROTECT Download Center - Dokumentdatabase for t\u00e5gekanoner","description":"Bes\u00f8g PROTECT T\u00e5gekanon Download Center for nem adgang til manualer, datablad og software til forhandlere og installat\u00f8rer.","robots":{"index":"index","follow":"follow","max-snippet":"max-snippet:-1","max-image-preview":"max-image-preview:large","max-video-preview":"max-video-preview:-1"},"canonical":"https:\/\/protectglobal.com\/da\/download-center\/","og_locale":"da_DK","og_type":"article","og_title":"Download Center","og_description":"Bes\u00f8g PROTECT T\u00e5gekanon Download Center for nem adgang til manualer, datablad og software til forhandlere og installat\u00f8rer.","og_url":"https:\/\/protectglobal.com\/da\/download-center\/","og_site_name":"PROTECT Fog Cannons\u2122","article_publisher":"https:\/\/www.facebook.com\/PROTECTFogCannon\/","article_modified_time":"2025-01-21T09:27:08+00:00","og_image":[{"width":2560,"height":1440,"url":"https:\/\/protectglobal.com\/wp-content\/uploads\/2024\/11\/untitled-09038-scaled.jpg","type":"image\/jpeg"}],"twitter_card":"summary_large_image","twitter_site":"@PROTECTFOG","schema":{"@context":"https:\/\/schema.org","@graph":[{"@type":"WebPage","@id":"https:\/\/protectglobal.com\/da\/download-center\/","url":"https:\/\/protectglobal.com\/da\/download-center\/","name":"PROTECT Download Center - Dokumentdatabase for t\u00e5gekanoner","isPartOf":{"@id":"https:\/\/protectglobal.com\/da\/#website"},"datePublished":"2023-12-05T09:27:46+00:00","dateModified":"2025-01-21T09:27:08+00:00","description":"Bes\u00f8g PROTECT T\u00e5gekanon Download Center for nem adgang til manualer, datablad og software til forhandlere og installat\u00f8rer.","breadcrumb":{"@id":"https:\/\/protectglobal.com\/da\/download-center\/#breadcrumb"},"inLanguage":"da-DK","potentialAction":[{"@type":"ReadAction","target":["https:\/\/protectglobal.com\/da\/download-center\/"]}]},{"@type":"BreadcrumbList","@id":"https:\/\/protectglobal.com\/da\/download-center\/#breadcrumb","itemListElement":[{"@type":"ListItem","position":1,"name":"Hjem","item":"https:\/\/protectglobal.com\/da\/"},{"@type":"ListItem","position":2,"name":"Download Center"}]},{"@type":"WebSite","@id":"https:\/\/protectglobal.com\/da\/#website","url":"https:\/\/protectglobal.com\/da\/","name":"PROTECT Fog Cannons\u2122","description":"","publisher":{"@id":"https:\/\/protectglobal.com\/da\/#organization"},"potentialAction":[{"@type":"SearchAction","target":{"@type":"EntryPoint","urlTemplate":"https:\/\/protectglobal.com\/da\/?s={search_term_string}"},"query-input":{"@type":"PropertyValueSpecification","valueRequired":true,"valueName":"search_term_string"}}],"inLanguage":"da-DK"},{"@type":"Organization","@id":"https:\/\/protectglobal.com\/da\/#organization","name":"PROTECT Fog Cannons\u2122","url":"https:\/\/protectglobal.com\/da\/","logo":{"@type":"ImageObject","inLanguage":"da-DK","@id":"https:\/\/protectglobal.com\/da\/#\/schema\/logo\/image\/","url":"https:\/\/protectglobal.com\/wp-content\/uploads\/2023\/10\/logo.svg","contentUrl":"https:\/\/protectglobal.com\/wp-content\/uploads\/2023\/10\/logo.svg","width":90,"height":40,"caption":"PROTECT Fog Cannons\u2122"},"image":{"@id":"https:\/\/protectglobal.com\/da\/#\/schema\/logo\/image\/"},"sameAs":["https:\/\/www.facebook.com\/PROTECTFogCannon\/","https:\/\/x.com\/PROTECTFOG","https:\/\/www.linkedin.com\/company\/protect-a-s\/","https:\/\/www.youtube.com\/user\/PROTECTFogCannon"],"description":"PROTECT\u2122 specializes in security fog solutions, protecting valuables in retail, banks, warehouses any many other industries across more than 50 countries. With over 175,000 fog cannons installed, our systems fill rooms with dense fog in seconds, deterring burglars and preventing theft. We focus on providing reliable, durable, and easy-to-install solutions for enhanced security and peace of mind.","email":"info@protectglobal.com","telephone":"+45 8672 1881","legalName":"PROTECT A\/S","foundingDate":"2000-09-28","vatID":"25687272","numberOfEmployees":{"@type":"QuantitativeValue","minValue":"11","maxValue":"50"}}]}},"_links":{"self":[{"href":"https:\/\/protectglobal.com\/da\/wp-json\/wp\/v2\/pages\/2215","targetHints":{"allow":["GET"]}}],"collection":[{"href":"https:\/\/protectglobal.com\/da\/wp-json\/wp\/v2\/pages"}],"about":[{"href":"https:\/\/protectglobal.com\/da\/wp-json\/wp\/v2\/types\/page"}],"author":[{"embeddable":true,"href":"https:\/\/protectglobal.com\/da\/wp-json\/wp\/v2\/users\/2"}],"replies":[{"embeddable":true,"href":"https:\/\/protectglobal.com\/da\/wp-json\/wp\/v2\/comments?post=2215"}],"version-history":[{"count":11,"href":"https:\/\/protectglobal.com\/da\/wp-json\/wp\/v2\/pages\/2215\/revisions"}],"predecessor-version":[{"id":21268,"href":"https:\/\/protectglobal.com\/da\/wp-json\/wp\/v2\/pages\/2215\/revisions\/21268"}],"wp:attachment":[{"href":"https:\/\/protectglobal.com\/da\/wp-json\/wp\/v2\/media?parent=2215"}],"curies":[{"name":"wp","href":"https:\/\/api.w.org\/{rel}","templated":true}]}}