{"id":16372,"date":"2024-06-11T08:12:37","date_gmt":"2024-06-11T08:12:37","guid":{"rendered":"https:\/\/protectglobal.com\/service\/"},"modified":"2025-01-21T09:22:13","modified_gmt":"2025-01-21T09:22:13","slug":"service","status":"publish","type":"page","link":"https:\/\/protectglobal.com\/da\/service\/","title":{"rendered":"Service"},"content":{"rendered":"\n\n\n\n    <div class=\"two-col-layout-block custom-block white py-5\" style=\"\">\n        <div class=\"container py-xxl-5\" data-aos=\"fade-in\">\n            <div class=\"row gap-4 m-auto py-xxl-5 \">\n                <blockquote class=\"col-sm p-0 m-0 content white\">\n                    <div class=\"heading-section\"> \n                                                                            <blockquote class=\"heading h2 mb-4\"><h2>\u00c5rlig service<\/h2>\n<\/blockquote>\n                                            <\/div>\n                                            <div class=\"col-md mobile-image d-lg-none my-4\">\n                            <img decoding=\"async\" class=\"rounder lazyload\" data-src=\"https:\/\/protectglobal.com\/wp-content\/uploads\/2024\/04\/montering-af-maskine-frame-at-0m7s-1024x576.jpg\" alt=\"fog cannon installation\" src=\"data:image\/svg+xml;base64,PHN2ZyB3aWR0aD0iMSIgaGVpZ2h0PSIxIiB4bWxucz0iaHR0cDovL3d3dy53My5vcmcvMjAwMC9zdmciPjwvc3ZnPg==\" style=\"--smush-placeholder-width: 1024px; --smush-placeholder-aspect-ratio: 1024\/576;\">       \n                        <\/div>\n                           \n                                            <div class=\"body-text\"><p>P\u00e5lidelighed er afg\u00f8rende for effektiviteten af dit sikkerhedssystem, din f\u00f8lelse af tryghed og de \u00f8konomiske konsekvenser i tilf\u00e6lde af indbrud. Derfor er det vigtigt at lave en service- og supportaftale p\u00e5 t\u00e5gekanoninstallationen med en autoriseret alarminstallat\u00f8r.<\/p>\n<p>&nbsp;<\/p>\n<p>Hvis der pludselig opst\u00e5r en fejl, eller hvis v\u00e6skebeholderen skal udskiftes, skal du kontakte en autoriseret alarminstallat\u00f8r (typisk der hvor du har k\u00f8bt t\u00e5gekanonen). PROTECT\u2122 anbefaler et servicetjek af t\u00e5gekanoninstallationen en gang om \u00e5ret.<\/p>\n<\/div>\n                    \n                                            <div class=\"button-group container-sm d-sm-flex gap-3 h-auto my-4 p-0\">  \n                            <a href=\"https:\/\/protectglobal.com\/da\/download\/service-checklist\/\" class=\"d-flex gap-3 justify-content-center justify-content-md-start button align-items-center primary\" target=\"_blank\">\n       L\u00e6s servicetjeklisten       <i class=\"icon-chevron\"><\/i>\n    <\/a>\n                        <\/div>\n                                                        <\/blockquote>\n                                    <div  class=\"col-lg-7 d-none d-lg-block desktop-image p-0 m-0 \">\n                        <img decoding=\"async\" class=\"rounder lazyload\" data-src=\"https:\/\/protectglobal.com\/wp-content\/uploads\/2024\/04\/montering-af-maskine-frame-at-0m7s-1024x576.jpg\" alt=\"fog cannon installation\" src=\"data:image\/svg+xml;base64,PHN2ZyB3aWR0aD0iMSIgaGVpZ2h0PSIxIiB4bWxucz0iaHR0cDovL3d3dy53My5vcmcvMjAwMC9zdmciPjwvc3ZnPg==\" style=\"--smush-placeholder-width: 1024px; --smush-placeholder-aspect-ratio: 1024\/576;\">\n                        <i class=\"image-graphic d-none white\"><\/i>       \n                    <\/div>\n                       \n            <\/div>\n        <\/div>\n    <\/div>\n\n\n\n\n\n\n\n    <div class=\"two-column-list-block black-bg custom-block p-3 py-5 p-3\" style=\"\">\n        <section class=\"list-columns-wrapper container \" data-aos=\"fade-in\">\n\n\t\t\t\t\t\t\t<div class=\"font-white mb-4\"><h4>Et servicetjek best\u00e5r typisk af<\/h4>\n<\/div>\n\t\t\t\n\t\t\t<blockquote class=\"d-lg-flex flex-row-reverse justify-content-between\">\n\n                <div class=\"list-col-1\">\n                                                <ul class=\"m-0 p-0\">\n                                \n                                    <li class=\"font-white check custom-list\"><p>Fuldskalatest, hvor samspillet med alle systemer testes (ogs\u00e5 et eventuelt brandalarmsystem)<\/p>\n<\/li>\n\n                                \n                                    <li class=\"font-white check custom-list\"><p>Visuel inspektion af dysen (er den intakt og fri for fremmedlegemer?)<\/p>\n<\/li>\n\n                                \n                                    <li class=\"font-white check custom-list\"><p>Kontrol af tamper switch<\/p>\n<\/li>\n\n                                                            <\/ul>\n                        \n\n                                    <\/div>\n                <div class=\"list-col-2\">\n                                                <ul class=\"m-0 p-0\">\n                                \n                                    <li class=\"font-white check custom-list\"><p>Unders\u00f8gelse af batteriets belastningsevne og alder (batterier p\u00e5 2 \u00e5r eller mere b\u00f8r altid udskiftes)<\/p>\n<\/li>\n\n                                \n                                    <li class=\"font-white check custom-list\"><p>Unders\u00f8gelse af eventuelle fejlmeddelelser p\u00e5 t\u00e5gekanonen<\/p>\n<\/li>\n\n                                \n                                    <li class=\"font-white check custom-list\"><p>Verificering af den verificerende sensor<\/p>\n<\/li>\n\n                                \n                                    <li class=\"font-white check custom-list\"><p>Visuel inspektion af t\u00e5gev\u00e6sken. Hvis den er misfarvet, skal t\u00e5gev\u00e6sken kasseres<\/p>\n<\/li>\n\n                                                            <\/ul>\n                        \n\n                                    <\/div>\n\n\n            <\/blockquote>\n\n        <\/section>\n    <\/div>\n\n\n\n\n\n                <section class=\"pb-5 two-column-cards\">\n            <div class=\"container py-xxl-5 py-5\" data-aos=\"fade-in\">\n                <div class=\"row pt-5 row-cols-1\">\n                    <h2>Nem service og vedligeholdelse<\/h2>\n                <\/div>\n                <div class=\"row row-cols-1 row-cols-md-2 row-gap-4\">\n                                        <div class=\"\" data-aos=\"fade-in\">\n                        <a class=\"card d-flex flex-column justify-content-end p-4 position-relative lazyload\" target=\"_blank\" href=\"https:\/\/protectglobal.com\/da\/teknisk-support-til-installatoerer\/\" style=\"border: none; background:inherit;\" data-bg=\"linear-gradient(180deg, rgba(0, 0, 0, 0.00) 0%, #000 100%), url(https:\/\/protectglobal.com\/wp-content\/uploads\/2024\/03\/montering-af-maskine-frame-at-0m17s-1024x576.jpg), lightgray 50% \/ cover no-repeat\">\n                            <blockquote>\n                                <div class=\"article-description\">\n                                    <div class=\"title\">\n                                        <h3 class=\"fs-5 font-white\">Teknisk support til installat\u00f8rer<\/h3>\n                                    <\/div>\n                                    <p class=\"fs-6 font-white\">P\u00e5lidelighed er afg\u00f8rende for effektiviteten af dit sikkerhedssystem, din f\u00f8lelse af sikkerhed og de \u00f8konomiske konsekvenser i tilf\u00e6lde af indbrud.<\/p>\n                                    \n                                    <div class=\"button-group font-white d-flex container-sm mt-3 h-auto p-0 gap-3 d-flex justify-content-between align-items-center justify-content-md-start button tertiary\">\n                                        Teknisk support til installat\u00f8rer \n                                        <div class=\"button tertiary\">\n                                            <i class=\"icon-chevron\"><\/i>\n                                        <\/div>\n                                    <\/div>\n                                <\/div>\n                            <\/blockquote>\n                        <\/a>\n                    <\/div>\n                                        <div class=\"\" data-aos=\"fade-in\">\n                        <a class=\"card d-flex flex-column justify-content-end p-4 position-relative lazyload\" target=\"_blank\" href=\"https:\/\/protectglobal.com\/da\/product\/protect-intellicloud\/\" style=\"border: none; background:inherit;\" data-bg=\"linear-gradient(180deg, rgba(0, 0, 0, 0.00) 0%, #000 100%), url(https:\/\/protectglobal.com\/wp-content\/uploads\/2024\/03\/intellicloud-pc-1.png), lightgray 50% \/ cover no-repeat\">\n                            <blockquote>\n                                <div class=\"article-description\">\n                                    <div class=\"title\">\n                                        <h3 class=\"fs-5 font-white\">Et nyt servicerapporteringsv\u00e6rkt\u00f8j<\/h3>\n                                    <\/div>\n                                    <p class=\"fs-6 font-white\">Med IntelliCloud\u2122 kan du fjernoverv\u00e5ge dine t\u00e5gekanoner fra enhver enhed, hvor som helst.<\/p>\n                                    \n                                    <div class=\"button-group font-white d-flex container-sm mt-3 h-auto p-0 gap-3 d-flex justify-content-between align-items-center justify-content-md-start button tertiary\">\n                                        PROTECT IntelliCloud\u2122 \n                                        <div class=\"button tertiary\">\n                                            <i class=\"icon-chevron\"><\/i>\n                                        <\/div>\n                                    <\/div>\n                                <\/div>\n                            <\/blockquote>\n                        <\/a>\n                    <\/div>\n                                        <div class=\"\" data-aos=\"fade-in\">\n                        <a class=\"card d-flex flex-column justify-content-end p-4 position-relative lazyload\" target=\"_blank\" href=\"https:\/\/protectglobal.com\/da\/maintenance\/\" style=\"border: none; background:inherit;\" data-bg=\"linear-gradient(180deg, rgba(0, 0, 0, 0.00) 0%, #000 100%), url(https:\/\/protectglobal.com\/wp-content\/uploads\/2024\/07\/montering-af-maskine-frame-at-0m39s-1024x576.jpg), lightgray 50% \/ cover no-repeat\">\n                            <blockquote>\n                                <div class=\"article-description\">\n                                    <div class=\"title\">\n                                        <h3 class=\"fs-5 font-white\">Vedligeholdelse<\/h3>\n                                    <\/div>\n                                    <p class=\"fs-6 font-white\">En PROTECT t\u00e5gekanon kr\u00e6ver minimal vedligeholdelse.<\/p>\n                                    \n                                    <div class=\"button-group font-white d-flex container-sm mt-3 h-auto p-0 gap-3 d-flex justify-content-between align-items-center justify-content-md-start button tertiary\">\n                                        Vedligeholdelse \n                                        <div class=\"button tertiary\">\n                                            <i class=\"icon-chevron\"><\/i>\n                                        <\/div>\n                                    <\/div>\n                                <\/div>\n                            <\/blockquote>\n                        <\/a>\n                    <\/div>\n                                        <div class=\"\" data-aos=\"fade-in\">\n                        <a class=\"card d-flex flex-column justify-content-end p-4 position-relative lazyload\" target=\"_blank\" href=\"https:\/\/protectglobal.com\/da\/warranty-garanti\/\" style=\"border: none; background:inherit;\" data-bg=\"linear-gradient(180deg, rgba(0, 0, 0, 0.00) 0%, #000 100%), url(https:\/\/protectglobal.com\/wp-content\/uploads\/2023\/10\/c4c5e388a3bfe162c2eab822bc3abf81.png), lightgray 50% \/ cover no-repeat\">\n                            <blockquote>\n                                <div class=\"article-description\">\n                                    <div class=\"title\">\n                                        <h3 class=\"fs-5 font-white\">Garanti<\/h3>\n                                    <\/div>\n                                    <p class=\"fs-6 font-white\">Udvidet producentgaranti p\u00e5 grund af h\u00f8j kvalitet og klagefrie t\u00e5gekanoner.<\/p>\n                                    \n                                    <div class=\"button-group font-white d-flex container-sm mt-3 h-auto p-0 gap-3 d-flex justify-content-between align-items-center justify-content-md-start button tertiary\">\n                                        Garanti \n                                        <div class=\"button tertiary\">\n                                            <i class=\"icon-chevron\"><\/i>\n                                        <\/div>\n                                    <\/div>\n                                <\/div>\n                            <\/blockquote>\n                        <\/a>\n                    <\/div>\n                                    <\/div>\n            <\/div>\n        <\/section>\n    ","protected":false},"excerpt":{"rendered":"","protected":false},"author":11,"featured_media":20397,"parent":0,"menu_order":0,"comment_status":"closed","ping_status":"closed","template":"","meta":{"_acf_changed":false,"inline_featured_image":false,"footnotes":""},"class_list":["post-16372","page","type-page","status-publish","has-post-thumbnail","hentry"],"acf":[],"yoast_head":"<!-- This site is optimized with the Yoast SEO Premium plugin v27.3 (Yoast SEO v27.3) - https:\/\/yoast.com\/product\/yoast-seo-premium-wordpress\/ -->\n<title>Service - Velholdte t\u00e5gekanoner giver tryghed<\/title>\n<meta name=\"description\" content=\"S\u00f8rg for, at din t\u00e5gekanon er driftsikker med \u00e5rlige serviceeftersyn. Kontakt installat\u00f8rer for vedligeholdelse og 5-\u00e5rs garanti.\" \/>\n<meta name=\"robots\" content=\"index, follow, max-snippet:-1, max-image-preview:large, max-video-preview:-1\" \/>\n<link rel=\"canonical\" href=\"https:\/\/protectglobal.com\/da\/service\/\" \/>\n<meta property=\"og:locale\" content=\"da_DK\" \/>\n<meta property=\"og:type\" content=\"article\" \/>\n<meta property=\"og:title\" content=\"Service\" \/>\n<meta property=\"og:description\" content=\"S\u00f8rg for, at din t\u00e5gekanon er driftsikker med \u00e5rlige serviceeftersyn. Kontakt installat\u00f8rer for vedligeholdelse og 5-\u00e5rs garanti.\" \/>\n<meta property=\"og:url\" content=\"https:\/\/protectglobal.com\/da\/service\/\" \/>\n<meta property=\"og:site_name\" content=\"PROTECT Fog Cannons\u2122\" \/>\n<meta property=\"article:publisher\" content=\"https:\/\/www.facebook.com\/PROTECTFogCannon\/\" \/>\n<meta property=\"article:modified_time\" content=\"2025-01-21T09:22:13+00:00\" \/>\n<meta property=\"og:image\" content=\"https:\/\/protectglobal.com\/wp-content\/uploads\/2024\/09\/a4a4805_2_-1024x683.jpg\" \/>\n\t<meta property=\"og:image:width\" content=\"1024\" \/>\n\t<meta property=\"og:image:height\" content=\"683\" \/>\n\t<meta property=\"og:image:type\" content=\"image\/jpeg\" \/>\n<meta name=\"twitter:card\" content=\"summary_large_image\" \/>\n<meta name=\"twitter:site\" content=\"@PROTECTFOG\" \/>\n<meta name=\"twitter:label1\" content=\"Estimeret l\u00e6setid\" \/>\n\t<meta name=\"twitter:data1\" content=\"1 minut\" \/>\n<script type=\"application\/ld+json\" class=\"yoast-schema-graph\">{\"@context\":\"https:\\\/\\\/schema.org\",\"@graph\":[{\"@type\":\"WebPage\",\"@id\":\"https:\\\/\\\/protectglobal.com\\\/da\\\/service\\\/\",\"url\":\"https:\\\/\\\/protectglobal.com\\\/da\\\/service\\\/\",\"name\":\"Service - Velholdte t\u00e5gekanoner giver tryghed\",\"isPartOf\":{\"@id\":\"https:\\\/\\\/protectglobal.com\\\/da\\\/#website\"},\"primaryImageOfPage\":{\"@id\":\"https:\\\/\\\/protectglobal.com\\\/da\\\/service\\\/#primaryimage\"},\"image\":{\"@id\":\"https:\\\/\\\/protectglobal.com\\\/da\\\/service\\\/#primaryimage\"},\"thumbnailUrl\":\"https:\\\/\\\/protectglobal.com\\\/wp-content\\\/uploads\\\/2024\\\/09\\\/a4a4805_2_-scaled.jpg\",\"datePublished\":\"2024-06-11T08:12:37+00:00\",\"dateModified\":\"2025-01-21T09:22:13+00:00\",\"description\":\"S\u00f8rg for, at din t\u00e5gekanon er driftsikker med \u00e5rlige serviceeftersyn. Kontakt installat\u00f8rer for vedligeholdelse og 5-\u00e5rs garanti.\",\"breadcrumb\":{\"@id\":\"https:\\\/\\\/protectglobal.com\\\/da\\\/service\\\/#breadcrumb\"},\"inLanguage\":\"da-DK\",\"potentialAction\":[{\"@type\":\"ReadAction\",\"target\":[\"https:\\\/\\\/protectglobal.com\\\/da\\\/service\\\/\"]}]},{\"@type\":\"ImageObject\",\"inLanguage\":\"da-DK\",\"@id\":\"https:\\\/\\\/protectglobal.com\\\/da\\\/service\\\/#primaryimage\",\"url\":\"https:\\\/\\\/protectglobal.com\\\/wp-content\\\/uploads\\\/2024\\\/09\\\/a4a4805_2_-scaled.jpg\",\"contentUrl\":\"https:\\\/\\\/protectglobal.com\\\/wp-content\\\/uploads\\\/2024\\\/09\\\/a4a4805_2_-scaled.jpg\",\"width\":5472,\"height\":3648,\"caption\":\"fog cannon service\"},{\"@type\":\"BreadcrumbList\",\"@id\":\"https:\\\/\\\/protectglobal.com\\\/da\\\/service\\\/#breadcrumb\",\"itemListElement\":[{\"@type\":\"ListItem\",\"position\":1,\"name\":\"Hjem\",\"item\":\"https:\\\/\\\/protectglobal.com\\\/da\\\/\"},{\"@type\":\"ListItem\",\"position\":2,\"name\":\"Service\"}]},{\"@type\":\"WebSite\",\"@id\":\"https:\\\/\\\/protectglobal.com\\\/da\\\/#website\",\"url\":\"https:\\\/\\\/protectglobal.com\\\/da\\\/\",\"name\":\"PROTECT Fog Cannons\u2122\",\"description\":\"\",\"publisher\":{\"@id\":\"https:\\\/\\\/protectglobal.com\\\/da\\\/#organization\"},\"potentialAction\":[{\"@type\":\"SearchAction\",\"target\":{\"@type\":\"EntryPoint\",\"urlTemplate\":\"https:\\\/\\\/protectglobal.com\\\/da\\\/?s={search_term_string}\"},\"query-input\":{\"@type\":\"PropertyValueSpecification\",\"valueRequired\":true,\"valueName\":\"search_term_string\"}}],\"inLanguage\":\"da-DK\"},{\"@type\":\"Organization\",\"@id\":\"https:\\\/\\\/protectglobal.com\\\/da\\\/#organization\",\"name\":\"PROTECT Fog Cannons\u2122\",\"url\":\"https:\\\/\\\/protectglobal.com\\\/da\\\/\",\"logo\":{\"@type\":\"ImageObject\",\"inLanguage\":\"da-DK\",\"@id\":\"https:\\\/\\\/protectglobal.com\\\/da\\\/#\\\/schema\\\/logo\\\/image\\\/\",\"url\":\"https:\\\/\\\/protectglobal.com\\\/wp-content\\\/uploads\\\/2023\\\/10\\\/logo.svg\",\"contentUrl\":\"https:\\\/\\\/protectglobal.com\\\/wp-content\\\/uploads\\\/2023\\\/10\\\/logo.svg\",\"width\":90,\"height\":40,\"caption\":\"PROTECT Fog Cannons\u2122\"},\"image\":{\"@id\":\"https:\\\/\\\/protectglobal.com\\\/da\\\/#\\\/schema\\\/logo\\\/image\\\/\"},\"sameAs\":[\"https:\\\/\\\/www.facebook.com\\\/PROTECTFogCannon\\\/\",\"https:\\\/\\\/x.com\\\/PROTECTFOG\",\"https:\\\/\\\/www.linkedin.com\\\/company\\\/protect-a-s\\\/\",\"https:\\\/\\\/www.youtube.com\\\/user\\\/PROTECTFogCannon\"],\"description\":\"PROTECT\u2122 specializes in security fog solutions, protecting valuables in retail, banks, warehouses any many other industries across more than 50 countries. With over 175,000 fog cannons installed, our systems fill rooms with dense fog in seconds, deterring burglars and preventing theft. We focus on providing reliable, durable, and easy-to-install solutions for enhanced security and peace of mind.\",\"email\":\"info@protectglobal.com\",\"telephone\":\"+45 8672 1881\",\"legalName\":\"PROTECT A\\\/S\",\"foundingDate\":\"2000-09-28\",\"vatID\":\"25687272\",\"numberOfEmployees\":{\"@type\":\"QuantitativeValue\",\"minValue\":\"11\",\"maxValue\":\"50\"}}]}<\/script>\n<!-- \/ Yoast SEO Premium plugin. -->","yoast_head_json":{"title":"Service - Velholdte t\u00e5gekanoner giver tryghed","description":"S\u00f8rg for, at din t\u00e5gekanon er driftsikker med \u00e5rlige serviceeftersyn. Kontakt installat\u00f8rer for vedligeholdelse og 5-\u00e5rs garanti.","robots":{"index":"index","follow":"follow","max-snippet":"max-snippet:-1","max-image-preview":"max-image-preview:large","max-video-preview":"max-video-preview:-1"},"canonical":"https:\/\/protectglobal.com\/da\/service\/","og_locale":"da_DK","og_type":"article","og_title":"Service","og_description":"S\u00f8rg for, at din t\u00e5gekanon er driftsikker med \u00e5rlige serviceeftersyn. Kontakt installat\u00f8rer for vedligeholdelse og 5-\u00e5rs garanti.","og_url":"https:\/\/protectglobal.com\/da\/service\/","og_site_name":"PROTECT Fog Cannons\u2122","article_publisher":"https:\/\/www.facebook.com\/PROTECTFogCannon\/","article_modified_time":"2025-01-21T09:22:13+00:00","og_image":[{"width":1024,"height":683,"url":"https:\/\/protectglobal.com\/wp-content\/uploads\/2024\/09\/a4a4805_2_-1024x683.jpg","type":"image\/jpeg"}],"twitter_card":"summary_large_image","twitter_site":"@PROTECTFOG","twitter_misc":{"Estimeret l\u00e6setid":"1 minut"},"schema":{"@context":"https:\/\/schema.org","@graph":[{"@type":"WebPage","@id":"https:\/\/protectglobal.com\/da\/service\/","url":"https:\/\/protectglobal.com\/da\/service\/","name":"Service - Velholdte t\u00e5gekanoner giver tryghed","isPartOf":{"@id":"https:\/\/protectglobal.com\/da\/#website"},"primaryImageOfPage":{"@id":"https:\/\/protectglobal.com\/da\/service\/#primaryimage"},"image":{"@id":"https:\/\/protectglobal.com\/da\/service\/#primaryimage"},"thumbnailUrl":"https:\/\/protectglobal.com\/wp-content\/uploads\/2024\/09\/a4a4805_2_-scaled.jpg","datePublished":"2024-06-11T08:12:37+00:00","dateModified":"2025-01-21T09:22:13+00:00","description":"S\u00f8rg for, at din t\u00e5gekanon er driftsikker med \u00e5rlige serviceeftersyn. Kontakt installat\u00f8rer for vedligeholdelse og 5-\u00e5rs garanti.","breadcrumb":{"@id":"https:\/\/protectglobal.com\/da\/service\/#breadcrumb"},"inLanguage":"da-DK","potentialAction":[{"@type":"ReadAction","target":["https:\/\/protectglobal.com\/da\/service\/"]}]},{"@type":"ImageObject","inLanguage":"da-DK","@id":"https:\/\/protectglobal.com\/da\/service\/#primaryimage","url":"https:\/\/protectglobal.com\/wp-content\/uploads\/2024\/09\/a4a4805_2_-scaled.jpg","contentUrl":"https:\/\/protectglobal.com\/wp-content\/uploads\/2024\/09\/a4a4805_2_-scaled.jpg","width":5472,"height":3648,"caption":"fog cannon service"},{"@type":"BreadcrumbList","@id":"https:\/\/protectglobal.com\/da\/service\/#breadcrumb","itemListElement":[{"@type":"ListItem","position":1,"name":"Hjem","item":"https:\/\/protectglobal.com\/da\/"},{"@type":"ListItem","position":2,"name":"Service"}]},{"@type":"WebSite","@id":"https:\/\/protectglobal.com\/da\/#website","url":"https:\/\/protectglobal.com\/da\/","name":"PROTECT Fog Cannons\u2122","description":"","publisher":{"@id":"https:\/\/protectglobal.com\/da\/#organization"},"potentialAction":[{"@type":"SearchAction","target":{"@type":"EntryPoint","urlTemplate":"https:\/\/protectglobal.com\/da\/?s={search_term_string}"},"query-input":{"@type":"PropertyValueSpecification","valueRequired":true,"valueName":"search_term_string"}}],"inLanguage":"da-DK"},{"@type":"Organization","@id":"https:\/\/protectglobal.com\/da\/#organization","name":"PROTECT Fog Cannons\u2122","url":"https:\/\/protectglobal.com\/da\/","logo":{"@type":"ImageObject","inLanguage":"da-DK","@id":"https:\/\/protectglobal.com\/da\/#\/schema\/logo\/image\/","url":"https:\/\/protectglobal.com\/wp-content\/uploads\/2023\/10\/logo.svg","contentUrl":"https:\/\/protectglobal.com\/wp-content\/uploads\/2023\/10\/logo.svg","width":90,"height":40,"caption":"PROTECT Fog Cannons\u2122"},"image":{"@id":"https:\/\/protectglobal.com\/da\/#\/schema\/logo\/image\/"},"sameAs":["https:\/\/www.facebook.com\/PROTECTFogCannon\/","https:\/\/x.com\/PROTECTFOG","https:\/\/www.linkedin.com\/company\/protect-a-s\/","https:\/\/www.youtube.com\/user\/PROTECTFogCannon"],"description":"PROTECT\u2122 specializes in security fog solutions, protecting valuables in retail, banks, warehouses any many other industries across more than 50 countries. With over 175,000 fog cannons installed, our systems fill rooms with dense fog in seconds, deterring burglars and preventing theft. We focus on providing reliable, durable, and easy-to-install solutions for enhanced security and peace of mind.","email":"info@protectglobal.com","telephone":"+45 8672 1881","legalName":"PROTECT A\/S","foundingDate":"2000-09-28","vatID":"25687272","numberOfEmployees":{"@type":"QuantitativeValue","minValue":"11","maxValue":"50"}}]}},"_links":{"self":[{"href":"https:\/\/protectglobal.com\/da\/wp-json\/wp\/v2\/pages\/16372","targetHints":{"allow":["GET"]}}],"collection":[{"href":"https:\/\/protectglobal.com\/da\/wp-json\/wp\/v2\/pages"}],"about":[{"href":"https:\/\/protectglobal.com\/da\/wp-json\/wp\/v2\/types\/page"}],"author":[{"embeddable":true,"href":"https:\/\/protectglobal.com\/da\/wp-json\/wp\/v2\/users\/11"}],"replies":[{"embeddable":true,"href":"https:\/\/protectglobal.com\/da\/wp-json\/wp\/v2\/comments?post=16372"}],"version-history":[{"count":5,"href":"https:\/\/protectglobal.com\/da\/wp-json\/wp\/v2\/pages\/16372\/revisions"}],"predecessor-version":[{"id":25701,"href":"https:\/\/protectglobal.com\/da\/wp-json\/wp\/v2\/pages\/16372\/revisions\/25701"}],"wp:featuredmedia":[{"embeddable":true,"href":"https:\/\/protectglobal.com\/da\/wp-json\/wp\/v2\/media\/20397"}],"wp:attachment":[{"href":"https:\/\/protectglobal.com\/da\/wp-json\/wp\/v2\/media?parent=16372"}],"curies":[{"name":"wp","href":"https:\/\/api.w.org\/{rel}","templated":true}]}}