{"id":16230,"date":"2024-07-14T10:28:31","date_gmt":"2024-07-14T10:28:31","guid":{"rendered":"https:\/\/protectglobal.com\/maintenance\/"},"modified":"2025-01-21T09:18:51","modified_gmt":"2025-01-21T09:18:51","slug":"vedligeholdelse","status":"publish","type":"page","link":"https:\/\/protectglobal.com\/da\/vedligeholdelse\/","title":{"rendered":"Vedligeholdelse"},"content":{"rendered":"\n<p><\/p>\n\n\n\n\n\n\n    <div class=\"two-col-layout-block custom-block white py-5\" style=\"\">\n        <div class=\"container py-xxl-5\" data-aos=\"fade-in\">\n            <div class=\"row gap-4 m-auto py-xxl-5 \">\n                <blockquote class=\"col-sm p-0 m-0 content white\">\n                    <div class=\"heading-section\"> \n                                                                            <blockquote class=\"heading h2 mb-4\"><h2>Vedligeholdelse og <span style=\"color: #3f75ff;\">reng\u00f8ring<\/span><\/h2>\n<\/blockquote>\n                                            <\/div>\n                                            <div class=\"col-md mobile-image d-lg-none my-4\">\n                            <img decoding=\"async\" class=\"rounder lazyload\" data-src=\"https:\/\/protectglobal.com\/wp-content\/uploads\/2024\/07\/montering-af-maskine-frame-at-0m26s-1024x576.jpg\" alt=\"\" src=\"data:image\/svg+xml;base64,PHN2ZyB3aWR0aD0iMSIgaGVpZ2h0PSIxIiB4bWxucz0iaHR0cDovL3d3dy53My5vcmcvMjAwMC9zdmciPjwvc3ZnPg==\" style=\"--smush-placeholder-width: 1024px; --smush-placeholder-aspect-ratio: 1024\/576;\">       \n                        <\/div>\n                           \n                                            <div class=\"body-text\"><p>Mens vedligeholdelse og reng\u00f8ring kan udf\u00f8res af brugeren, skal service og eventuel fejlfinding altid udf\u00f8res af en autoriseret alarminstallat\u00f8r. For mere information, se <a href=\"https:\/\/protectglobal.com\/da\/teknisk-support-til-installatoerer\/\" target=\"_blank\" rel=\"noopener\" data-type=\"page\" data-id=\"10342\">Service Support.<\/a> En PROTECT T\u00e5gekanon kr\u00e6ver minimal vedligeholdelse. Den reng\u00f8res med en t\u00f8r eller let fugtig klud uden reng\u00f8ringsmidler, kemikalier eller opl\u00f8sningsmidler.<\/p>\n<p>&nbsp;<\/p>\n<p>I tilf\u00e6lde af aktivering af t\u00e5gekanonen anbefaler vi effektiv ventilation i 20 minutter inden for den f\u00f8rste time. Hvis lokalet ikke udluftes i tide, er der risiko for kondensering af t\u00e5gepartiklerne. Kondensen er uskadelig og kan fjernes ved at t\u00f8rre alle vandrette overflader i rummet af med en let fugtet klud uden reng\u00f8ringsmidler, kemikalier eller opl\u00f8sningsmidler.<\/p>\n<section class=\"media custom-block my-4\" data-aos=\"fade-in\"><\/section>\n<\/div>\n                    \n                                            <div class=\"button-group container-sm d-sm-flex gap-3 h-auto my-4 p-0\">  \n                                                <\/div>\n                                                        <\/blockquote>\n                                    <div  class=\"col-lg-7 d-none d-lg-block desktop-image p-0 m-0 \">\n                        <img decoding=\"async\" class=\"rounder lazyload\" data-src=\"https:\/\/protectglobal.com\/wp-content\/uploads\/2024\/07\/montering-af-maskine-frame-at-0m26s-1024x576.jpg\" alt=\"\" src=\"data:image\/svg+xml;base64,PHN2ZyB3aWR0aD0iMSIgaGVpZ2h0PSIxIiB4bWxucz0iaHR0cDovL3d3dy53My5vcmcvMjAwMC9zdmciPjwvc3ZnPg==\" style=\"--smush-placeholder-width: 1024px; --smush-placeholder-aspect-ratio: 1024\/576;\">\n                        <i class=\"image-graphic d-block white\"><\/i>       \n                    <\/div>\n                       \n            <\/div>\n        <\/div>\n    <\/div>\n\n\n\n\n\n\n\n    <div class=\"two-column-list-block black-bg custom-block p-3 py-5 p-3\" style=\"\">\n        <section class=\"list-columns-wrapper container \" data-aos=\"fade-in\">\n\n\t\t\t\t\t\t\t<div class=\"font-white mb-4\"><h2 class=\"list-title mb-3\">Advarsler<\/h2>\n<\/div>\n\t\t\t\n\t\t\t<blockquote class=\"d-lg-flex flex-row-reverse justify-content-between\">\n\n                <div class=\"list-col-1\">\n                                                <ul class=\"m-0 p-0\">\n                                \n                                    <li class=\"font-white exclaim custom-list\"><p>T\u00e5gev\u00e6ske, der har dryppet p\u00e5 gulvet under maskinen i forbindelse med aktivering af systemet eller h\u00e5ndtering af t\u00e5gev\u00e6ske, skal fjernes straks p\u00e5 grund af risiko for at glide og falde<\/p>\n<\/li>\n\n                                \n                                    <li class=\"font-white exclaim custom-list\"><p>Systemet er fremstillet til brug i t\u00f8rt indeklima og m\u00e5 derfor ikke placeres udend\u00f8rs eller i fugtige rum<\/p>\n<\/li>\n\n                                \n                                    <li class=\"font-white exclaim custom-list\"><p>T\u00e5gev\u00e6sken m\u00e5 ikke indtages, og skal holdes v\u00e6k fra b\u00f8rn og dyr. I tilf\u00e6lde af indtagelse: Kontakt straks en l\u00e6ge<\/p>\n<\/li>\n\n                                                            <\/ul>\n                        \n\n                                    <\/div>\n                <div class=\"list-col-2\">\n                                                <ul class=\"m-0 p-0\">\n                                \n                                    <li class=\"font-white exclaim custom-list\"><p>R\u00f8r aldrig ved dysen eller gitteret foran dysen. Den kan v\u00e6re varm, og ber\u00f8ring kan medf\u00f8re forbr\u00e6ndinger. Kig ikke direkte ind i dysen  <\/p>\n<\/li>\n\n                                \n                                    <li class=\"font-white exclaim custom-list\"><p>Brandfarlige eller varmef\u00f8lsomme genstande skal placeres mindst 35 cm fra dysen<\/p>\n<\/li>\n\n                                \n                                    <li class=\"font-white exclaim custom-list\"><p>Undg\u00e5 kontakt med \u00f8jnene. I tilf\u00e6lde af kontakt med \u00f8jnene, skyl straks med rent vand i mindst 15 minutter. Kontakt en l\u00e6ge, hvis irritationen forts\u00e6tter. I tilf\u00e6lde af direkte kontakt med huden, skyl grundigt med vand og s\u00e6be<\/p>\n<\/li>\n\n                                                            <\/ul>\n                        \n\n                                    <\/div>\n\n\n            <\/blockquote>\n\n        <\/section>\n    <\/div>\n\n\n\n\n\n\n\n\n    <div class=\"two-col-layout-block custom-block white py-5\" style=\"\">\n        <div class=\"container py-xxl-5\" data-aos=\"fade-in\">\n            <div class=\"row gap-4 m-auto py-xxl-5 flipped\">\n                <blockquote class=\"col-sm p-0 m-0 content white\">\n                    <div class=\"heading-section\"> \n                                                    <p class=\"mb-4 small section-label\">PROTECT T\u00e5gev\u00e6ske<\/p>\n                                                                            <blockquote class=\"heading h2 mb-4\"><h2>Udskiftning af t\u00e5gev\u00e6skebeholderen<\/h2>\n<\/blockquote>\n                                            <\/div>\n                                            <div class=\"col-md mobile-image d-lg-none my-4\">\n                            <img decoding=\"async\" class=\"rounder lazyload\" data-src=\"https:\/\/protectglobal.com\/wp-content\/uploads\/2024\/07\/a4a4680-1024x683.jpg\" alt=\"fluid change\" src=\"data:image\/svg+xml;base64,PHN2ZyB3aWR0aD0iMSIgaGVpZ2h0PSIxIiB4bWxucz0iaHR0cDovL3d3dy53My5vcmcvMjAwMC9zdmciPjwvc3ZnPg==\" style=\"--smush-placeholder-width: 1024px; --smush-placeholder-aspect-ratio: 1024\/683;\">       \n                        <\/div>\n                           \n                                            <div class=\"body-text\"><p>En PROTECT QUMULUS\u00ae (produceret efter 1. september 2014) og PROTECT Xtratus\u00ae er designet, s\u00e5 du som bruger selv kan udskifte t\u00e5gev\u00e6skebeholderen. \u00a0 V\u00e6skebeholdere til andre modeller skal udskiftes af en autoriseret alarminstallat\u00f8r.<\/p>\n<p>&nbsp;<\/p>\n<p>Holdbarheden for en u\u00e5bnet beholder er 5 \u00e5r, og 2 \u00e5r fra installationsdatoen. Hvis t\u00e5gev\u00e6sken er misfarvet, skal den kasseres.<\/p>\n<\/div>\n                    \n                                            <div class=\"button-group container-sm d-sm-flex gap-3 h-auto my-4 p-0\">  \n                            <a href=\"https:\/\/protectglobal.com\/da\/product-category\/taagevaeskebeholdere\/\" class=\"d-flex gap-3 justify-content-center justify-content-md-start button align-items-center primary\" target=\"_blank\">\n       L\u00e6s om t\u00e5gev\u00e6ske       <i class=\"icon-chevron\"><\/i>\n    <\/a>\n                        <\/div>\n                                                        <\/blockquote>\n                                    <div  class=\"col-lg-7 d-none d-lg-block desktop-image p-0 m-0 flipped\">\n                        <img decoding=\"async\" class=\"rounder lazyload\" data-src=\"https:\/\/protectglobal.com\/wp-content\/uploads\/2024\/07\/a4a4680-1024x683.jpg\" alt=\"fluid change\" src=\"data:image\/svg+xml;base64,PHN2ZyB3aWR0aD0iMSIgaGVpZ2h0PSIxIiB4bWxucz0iaHR0cDovL3d3dy53My5vcmcvMjAwMC9zdmciPjwvc3ZnPg==\" style=\"--smush-placeholder-width: 1024px; --smush-placeholder-aspect-ratio: 1024\/683;\">\n                        <i class=\"image-graphic d-none white\"><\/i>       \n                    <\/div>\n                       \n            <\/div>\n        <\/div>\n    <\/div>\n\n","protected":false},"excerpt":{"rendered":"","protected":false},"author":10,"featured_media":6292,"parent":0,"menu_order":0,"comment_status":"closed","ping_status":"closed","template":"","meta":{"_acf_changed":false,"inline_featured_image":false,"footnotes":""},"class_list":["post-16230","page","type-page","status-publish","has-post-thumbnail","hentry"],"acf":[],"yoast_head":"<!-- This site is optimized with the Yoast SEO Premium plugin v27.3 (Yoast SEO v27.3) - https:\/\/yoast.com\/product\/yoast-seo-premium-wordpress\/ -->\n<title>Vedligeholdelse - Minimalt behov for vedligeholdelse<\/title>\n<meta name=\"description\" content=\"Sikre optimal ydeevne og sikkerhed for PROTECT T\u00e5gekanoner. L\u00e6s om reng\u00f8ring, udskiftning af t\u00e5gev\u00e6ske og sikkerhedsadvarsler.\" \/>\n<meta name=\"robots\" content=\"index, follow, max-snippet:-1, max-image-preview:large, max-video-preview:-1\" \/>\n<link rel=\"canonical\" href=\"https:\/\/protectglobal.com\/da\/vedligeholdelse\/\" \/>\n<meta property=\"og:locale\" content=\"da_DK\" \/>\n<meta property=\"og:type\" content=\"article\" \/>\n<meta property=\"og:title\" content=\"Vedligeholdelse\" \/>\n<meta property=\"og:description\" content=\"Sikre optimal ydeevne og sikkerhed for PROTECT T\u00e5gekanoner. L\u00e6s om reng\u00f8ring, udskiftning af t\u00e5gev\u00e6ske og sikkerhedsadvarsler.\" \/>\n<meta property=\"og:url\" content=\"https:\/\/protectglobal.com\/da\/vedligeholdelse\/\" \/>\n<meta property=\"og:site_name\" content=\"PROTECT Fog Cannons\u2122\" \/>\n<meta property=\"article:publisher\" content=\"https:\/\/www.facebook.com\/PROTECTFogCannon\/\" \/>\n<meta property=\"article:modified_time\" content=\"2025-01-21T09:18:51+00:00\" \/>\n<meta property=\"og:image\" content=\"https:\/\/protectglobal.com\/wp-content\/uploads\/2024\/03\/montering-af-maskine-frame-at-0m13s.jpg\" \/>\n\t<meta property=\"og:image:width\" content=\"1920\" \/>\n\t<meta property=\"og:image:height\" content=\"1080\" \/>\n\t<meta property=\"og:image:type\" content=\"image\/jpeg\" \/>\n<meta name=\"twitter:card\" content=\"summary_large_image\" \/>\n<meta name=\"twitter:site\" content=\"@PROTECTFOG\" \/>\n<meta name=\"twitter:label1\" content=\"Estimeret l\u00e6setid\" \/>\n\t<meta name=\"twitter:data1\" content=\"1 minut\" \/>\n<script type=\"application\/ld+json\" class=\"yoast-schema-graph\">{\"@context\":\"https:\\\/\\\/schema.org\",\"@graph\":[{\"@type\":\"WebPage\",\"@id\":\"https:\\\/\\\/protectglobal.com\\\/da\\\/vedligeholdelse\\\/\",\"url\":\"https:\\\/\\\/protectglobal.com\\\/da\\\/vedligeholdelse\\\/\",\"name\":\"Vedligeholdelse - Minimalt behov for vedligeholdelse\",\"isPartOf\":{\"@id\":\"https:\\\/\\\/protectglobal.com\\\/da\\\/#website\"},\"primaryImageOfPage\":{\"@id\":\"https:\\\/\\\/protectglobal.com\\\/da\\\/vedligeholdelse\\\/#primaryimage\"},\"image\":{\"@id\":\"https:\\\/\\\/protectglobal.com\\\/da\\\/vedligeholdelse\\\/#primaryimage\"},\"thumbnailUrl\":\"https:\\\/\\\/protectglobal.com\\\/wp-content\\\/uploads\\\/2024\\\/03\\\/montering-af-maskine-frame-at-0m13s.jpg\",\"datePublished\":\"2024-07-14T10:28:31+00:00\",\"dateModified\":\"2025-01-21T09:18:51+00:00\",\"description\":\"Sikre optimal ydeevne og sikkerhed for PROTECT T\u00e5gekanoner. L\u00e6s om reng\u00f8ring, udskiftning af t\u00e5gev\u00e6ske og sikkerhedsadvarsler.\",\"breadcrumb\":{\"@id\":\"https:\\\/\\\/protectglobal.com\\\/da\\\/vedligeholdelse\\\/#breadcrumb\"},\"inLanguage\":\"da-DK\",\"potentialAction\":[{\"@type\":\"ReadAction\",\"target\":[\"https:\\\/\\\/protectglobal.com\\\/da\\\/vedligeholdelse\\\/\"]}]},{\"@type\":\"ImageObject\",\"inLanguage\":\"da-DK\",\"@id\":\"https:\\\/\\\/protectglobal.com\\\/da\\\/vedligeholdelse\\\/#primaryimage\",\"url\":\"https:\\\/\\\/protectglobal.com\\\/wp-content\\\/uploads\\\/2024\\\/03\\\/montering-af-maskine-frame-at-0m13s.jpg\",\"contentUrl\":\"https:\\\/\\\/protectglobal.com\\\/wp-content\\\/uploads\\\/2024\\\/03\\\/montering-af-maskine-frame-at-0m13s.jpg\",\"width\":1920,\"height\":1080,\"caption\":\"fog cannon connection\"},{\"@type\":\"BreadcrumbList\",\"@id\":\"https:\\\/\\\/protectglobal.com\\\/da\\\/vedligeholdelse\\\/#breadcrumb\",\"itemListElement\":[{\"@type\":\"ListItem\",\"position\":1,\"name\":\"Hjem\",\"item\":\"https:\\\/\\\/protectglobal.com\\\/da\\\/\"},{\"@type\":\"ListItem\",\"position\":2,\"name\":\"Vedligeholdelse\"}]},{\"@type\":\"WebSite\",\"@id\":\"https:\\\/\\\/protectglobal.com\\\/da\\\/#website\",\"url\":\"https:\\\/\\\/protectglobal.com\\\/da\\\/\",\"name\":\"PROTECT Fog Cannons\u2122\",\"description\":\"\",\"publisher\":{\"@id\":\"https:\\\/\\\/protectglobal.com\\\/da\\\/#organization\"},\"potentialAction\":[{\"@type\":\"SearchAction\",\"target\":{\"@type\":\"EntryPoint\",\"urlTemplate\":\"https:\\\/\\\/protectglobal.com\\\/da\\\/?s={search_term_string}\"},\"query-input\":{\"@type\":\"PropertyValueSpecification\",\"valueRequired\":true,\"valueName\":\"search_term_string\"}}],\"inLanguage\":\"da-DK\"},{\"@type\":\"Organization\",\"@id\":\"https:\\\/\\\/protectglobal.com\\\/da\\\/#organization\",\"name\":\"PROTECT Fog Cannons\u2122\",\"url\":\"https:\\\/\\\/protectglobal.com\\\/da\\\/\",\"logo\":{\"@type\":\"ImageObject\",\"inLanguage\":\"da-DK\",\"@id\":\"https:\\\/\\\/protectglobal.com\\\/da\\\/#\\\/schema\\\/logo\\\/image\\\/\",\"url\":\"https:\\\/\\\/protectglobal.com\\\/wp-content\\\/uploads\\\/2023\\\/10\\\/logo.svg\",\"contentUrl\":\"https:\\\/\\\/protectglobal.com\\\/wp-content\\\/uploads\\\/2023\\\/10\\\/logo.svg\",\"width\":90,\"height\":40,\"caption\":\"PROTECT Fog Cannons\u2122\"},\"image\":{\"@id\":\"https:\\\/\\\/protectglobal.com\\\/da\\\/#\\\/schema\\\/logo\\\/image\\\/\"},\"sameAs\":[\"https:\\\/\\\/www.facebook.com\\\/PROTECTFogCannon\\\/\",\"https:\\\/\\\/x.com\\\/PROTECTFOG\",\"https:\\\/\\\/www.linkedin.com\\\/company\\\/protect-a-s\\\/\",\"https:\\\/\\\/www.youtube.com\\\/user\\\/PROTECTFogCannon\"],\"description\":\"PROTECT\u2122 specializes in security fog solutions, protecting valuables in retail, banks, warehouses any many other industries across more than 50 countries. With over 175,000 fog cannons installed, our systems fill rooms with dense fog in seconds, deterring burglars and preventing theft. We focus on providing reliable, durable, and easy-to-install solutions for enhanced security and peace of mind.\",\"email\":\"info@protectglobal.com\",\"telephone\":\"+45 8672 1881\",\"legalName\":\"PROTECT A\\\/S\",\"foundingDate\":\"2000-09-28\",\"vatID\":\"25687272\",\"numberOfEmployees\":{\"@type\":\"QuantitativeValue\",\"minValue\":\"11\",\"maxValue\":\"50\"}}]}<\/script>\n<!-- \/ Yoast SEO Premium plugin. -->","yoast_head_json":{"title":"Vedligeholdelse - Minimalt behov for vedligeholdelse","description":"Sikre optimal ydeevne og sikkerhed for PROTECT T\u00e5gekanoner. L\u00e6s om reng\u00f8ring, udskiftning af t\u00e5gev\u00e6ske og sikkerhedsadvarsler.","robots":{"index":"index","follow":"follow","max-snippet":"max-snippet:-1","max-image-preview":"max-image-preview:large","max-video-preview":"max-video-preview:-1"},"canonical":"https:\/\/protectglobal.com\/da\/vedligeholdelse\/","og_locale":"da_DK","og_type":"article","og_title":"Vedligeholdelse","og_description":"Sikre optimal ydeevne og sikkerhed for PROTECT T\u00e5gekanoner. L\u00e6s om reng\u00f8ring, udskiftning af t\u00e5gev\u00e6ske og sikkerhedsadvarsler.","og_url":"https:\/\/protectglobal.com\/da\/vedligeholdelse\/","og_site_name":"PROTECT Fog Cannons\u2122","article_publisher":"https:\/\/www.facebook.com\/PROTECTFogCannon\/","article_modified_time":"2025-01-21T09:18:51+00:00","og_image":[{"width":1920,"height":1080,"url":"https:\/\/protectglobal.com\/wp-content\/uploads\/2024\/03\/montering-af-maskine-frame-at-0m13s.jpg","type":"image\/jpeg"}],"twitter_card":"summary_large_image","twitter_site":"@PROTECTFOG","twitter_misc":{"Estimeret l\u00e6setid":"1 minut"},"schema":{"@context":"https:\/\/schema.org","@graph":[{"@type":"WebPage","@id":"https:\/\/protectglobal.com\/da\/vedligeholdelse\/","url":"https:\/\/protectglobal.com\/da\/vedligeholdelse\/","name":"Vedligeholdelse - Minimalt behov for vedligeholdelse","isPartOf":{"@id":"https:\/\/protectglobal.com\/da\/#website"},"primaryImageOfPage":{"@id":"https:\/\/protectglobal.com\/da\/vedligeholdelse\/#primaryimage"},"image":{"@id":"https:\/\/protectglobal.com\/da\/vedligeholdelse\/#primaryimage"},"thumbnailUrl":"https:\/\/protectglobal.com\/wp-content\/uploads\/2024\/03\/montering-af-maskine-frame-at-0m13s.jpg","datePublished":"2024-07-14T10:28:31+00:00","dateModified":"2025-01-21T09:18:51+00:00","description":"Sikre optimal ydeevne og sikkerhed for PROTECT T\u00e5gekanoner. L\u00e6s om reng\u00f8ring, udskiftning af t\u00e5gev\u00e6ske og sikkerhedsadvarsler.","breadcrumb":{"@id":"https:\/\/protectglobal.com\/da\/vedligeholdelse\/#breadcrumb"},"inLanguage":"da-DK","potentialAction":[{"@type":"ReadAction","target":["https:\/\/protectglobal.com\/da\/vedligeholdelse\/"]}]},{"@type":"ImageObject","inLanguage":"da-DK","@id":"https:\/\/protectglobal.com\/da\/vedligeholdelse\/#primaryimage","url":"https:\/\/protectglobal.com\/wp-content\/uploads\/2024\/03\/montering-af-maskine-frame-at-0m13s.jpg","contentUrl":"https:\/\/protectglobal.com\/wp-content\/uploads\/2024\/03\/montering-af-maskine-frame-at-0m13s.jpg","width":1920,"height":1080,"caption":"fog cannon connection"},{"@type":"BreadcrumbList","@id":"https:\/\/protectglobal.com\/da\/vedligeholdelse\/#breadcrumb","itemListElement":[{"@type":"ListItem","position":1,"name":"Hjem","item":"https:\/\/protectglobal.com\/da\/"},{"@type":"ListItem","position":2,"name":"Vedligeholdelse"}]},{"@type":"WebSite","@id":"https:\/\/protectglobal.com\/da\/#website","url":"https:\/\/protectglobal.com\/da\/","name":"PROTECT Fog Cannons\u2122","description":"","publisher":{"@id":"https:\/\/protectglobal.com\/da\/#organization"},"potentialAction":[{"@type":"SearchAction","target":{"@type":"EntryPoint","urlTemplate":"https:\/\/protectglobal.com\/da\/?s={search_term_string}"},"query-input":{"@type":"PropertyValueSpecification","valueRequired":true,"valueName":"search_term_string"}}],"inLanguage":"da-DK"},{"@type":"Organization","@id":"https:\/\/protectglobal.com\/da\/#organization","name":"PROTECT Fog Cannons\u2122","url":"https:\/\/protectglobal.com\/da\/","logo":{"@type":"ImageObject","inLanguage":"da-DK","@id":"https:\/\/protectglobal.com\/da\/#\/schema\/logo\/image\/","url":"https:\/\/protectglobal.com\/wp-content\/uploads\/2023\/10\/logo.svg","contentUrl":"https:\/\/protectglobal.com\/wp-content\/uploads\/2023\/10\/logo.svg","width":90,"height":40,"caption":"PROTECT Fog Cannons\u2122"},"image":{"@id":"https:\/\/protectglobal.com\/da\/#\/schema\/logo\/image\/"},"sameAs":["https:\/\/www.facebook.com\/PROTECTFogCannon\/","https:\/\/x.com\/PROTECTFOG","https:\/\/www.linkedin.com\/company\/protect-a-s\/","https:\/\/www.youtube.com\/user\/PROTECTFogCannon"],"description":"PROTECT\u2122 specializes in security fog solutions, protecting valuables in retail, banks, warehouses any many other industries across more than 50 countries. With over 175,000 fog cannons installed, our systems fill rooms with dense fog in seconds, deterring burglars and preventing theft. We focus on providing reliable, durable, and easy-to-install solutions for enhanced security and peace of mind.","email":"info@protectglobal.com","telephone":"+45 8672 1881","legalName":"PROTECT A\/S","foundingDate":"2000-09-28","vatID":"25687272","numberOfEmployees":{"@type":"QuantitativeValue","minValue":"11","maxValue":"50"}}]}},"_links":{"self":[{"href":"https:\/\/protectglobal.com\/da\/wp-json\/wp\/v2\/pages\/16230","targetHints":{"allow":["GET"]}}],"collection":[{"href":"https:\/\/protectglobal.com\/da\/wp-json\/wp\/v2\/pages"}],"about":[{"href":"https:\/\/protectglobal.com\/da\/wp-json\/wp\/v2\/types\/page"}],"author":[{"embeddable":true,"href":"https:\/\/protectglobal.com\/da\/wp-json\/wp\/v2\/users\/10"}],"replies":[{"embeddable":true,"href":"https:\/\/protectglobal.com\/da\/wp-json\/wp\/v2\/comments?post=16230"}],"version-history":[{"count":5,"href":"https:\/\/protectglobal.com\/da\/wp-json\/wp\/v2\/pages\/16230\/revisions"}],"predecessor-version":[{"id":25702,"href":"https:\/\/protectglobal.com\/da\/wp-json\/wp\/v2\/pages\/16230\/revisions\/25702"}],"wp:featuredmedia":[{"embeddable":true,"href":"https:\/\/protectglobal.com\/da\/wp-json\/wp\/v2\/media\/6292"}],"wp:attachment":[{"href":"https:\/\/protectglobal.com\/da\/wp-json\/wp\/v2\/media?parent=16230"}],"curies":[{"name":"wp","href":"https:\/\/api.w.org\/{rel}","templated":true}]}}